{"id":4734,"date":"2020-01-14T17:09:22","date_gmt":"2020-01-14T16:09:22","guid":{"rendered":"https:\/\/ilcrogiuolo.it\/p\/collezione-minilibro-le-sette-potenze-versione-ebook\/"},"modified":"2024-09-25T10:39:55","modified_gmt":"2024-09-25T08:39:55","slug":"collezione-minilibro-le-sette-potenze-versione-ebook","status":"publish","type":"product","link":"https:\/\/ilcrogiuolo.it\/it\/p\/collezione-minilibro-le-sette-potenze-versione-ebook\/","title":{"rendered":"COLLEZIONE MINILIBRO LE SETTE POTENZE    ***VERSIONE EBOOK***"},"content":{"rendered":"<p>Se mi chiedessero quando mi rivolsi per la prima volta a Dio saprei rispondervi. Avevo quattro anni, ero all\u2019asilo e non dimenticher\u00f2 mai quella statuina di Sant\u2019<!--?xml:namespace prefix = st1 ns = \"urn:schemas-microsoft-com:office:smarttags\" \/-->Antonio col Bambino nel giardino della scuola materna. Era in una sorta di grotta al centro di una fontanella. Ricordo che mia madre mi aveva dato dei confetti di liquerizia, uno era per il mio amico Paolo, uno per Nicola e uno per me. Il mio lo avevo gettato nella fontanella chiedendo a quel bambino Ges\u00f9 che la maestra quel giorno ci facesse uscire a giocare in cortile. Dopo un\u2019ora ero nuovamente in quel cortile, sull\u2019altalena. Ero stato ascoltato. Sant\u2019Antonio ha decisamente segnato la mia vita, succesivamente mi sono rivolto a Lui per motivi decisamente pi\u00f9 gravi e sempre, sempre, se anche non sono stato esaudito mi sono sentito accompagnato. Perch\u00e8 ci si rivolge ai Santi? Perch\u00e8 sono stati uomini e possono comprenderci. I Santi in fondo sintetizzano le Virt\u00f9 della Divina Grazia ma ce le mostrano con un linguaggio semplice, immediato, chiaro. Nella cultura popolare si mescolano ad antiche divinit\u00e0 pagane, spesso dimenticate. Qualcuno dice che questo fenomeno, chiamato sincretismo, nacque puramente per nascondere, non \u00e8 esattamente cos\u00ec: le divinit\u00e0 pagane erano semplicemente dei modi per rappresentare il divino, manifestazioni del Dio Unico e i Santi, cos\u00ec \u201cpi\u00f9 vicini\u201d a noi in fondo riportano gli stessi valori e gli stessi insegnamenti.<\/p>\n<p><strong>VERSIONE EBOOK DIGITALE FORMATO .PDF<\/strong><\/p>\n","protected":false},"excerpt":{"rendered":"<p>Se mi chiedessero quando mi rivolsi per la prima volta a Dio saprei rispondervi. Avevo quattro anni, ero all\u2019asilo e&#8230;<\/p>\n","protected":false},"featured_media":4735,"template":"","meta":{"_acf_changed":false},"product_brand":[],"product_cat":[1091,1398,1060],"product_tag":[],"class_list":{"0":"post-4734","1":"product","2":"type-product","3":"status-publish","4":"has-post-thumbnail","6":"product_cat-libreria-esoterica-ebook","7":"product_cat-collezione-minilibri-ebook","8":"product_cat-libreria-esoterica","10":"first","11":"instock","12":"downloadable","13":"virtual","14":"taxable","15":"purchasable","16":"product-type-simple","17":"add-to-wishlist-before_image"},"acf":[],"yoast_head":"<!-- This site is optimized with the Yoast SEO plugin v26.9 - https:\/\/yoast.com\/product\/yoast-seo-wordpress\/ -->\n<title>COLLEZIONE MINILIBRO LE SETTE POTENZE  ***VERSIONE EBOOK*** - Il Crogiuolo<\/title>\n<meta name=\"description\" content=\"COLLEZIONE MINILIBRO LE SETTE POTENZE  ***VERSIONE EBOOK*** Se mi chiedessero quando mi rivolsi per la prima volta a Dio saprei rispondervi. Avevo quattro anni, ero all\u2019asilo e non dimenticher\u00f2 mai quella statuina\" \/>\n<meta name=\"robots\" content=\"index, follow, max-snippet:-1, max-image-preview:large, max-video-preview:-1\" \/>\n<link rel=\"canonical\" href=\"https:\/\/ilcrogiuolo.it\/it\/p\/collezione-minilibro-le-sette-potenze-versione-ebook\/\" \/>\n<meta property=\"og:locale\" content=\"it_IT\" \/>\n<meta property=\"og:type\" content=\"article\" \/>\n<meta property=\"og:title\" content=\"COLLEZIONE MINILIBRO LE SETTE POTENZE  ***VERSIONE EBOOK*** - Il Crogiuolo\" \/>\n<meta property=\"og:description\" content=\"COLLEZIONE MINILIBRO LE SETTE POTENZE  ***VERSIONE EBOOK*** Se mi chiedessero quando mi rivolsi per la prima volta a Dio saprei rispondervi. Avevo quattro anni, ero all\u2019asilo e non dimenticher\u00f2 mai quella statuina\" \/>\n<meta property=\"og:url\" content=\"https:\/\/ilcrogiuolo.it\/it\/p\/collezione-minilibro-le-sette-potenze-versione-ebook\/\" \/>\n<meta property=\"og:site_name\" content=\"Il Crogiuolo\" \/>\n<meta property=\"article:publisher\" content=\"https:\/\/www.facebook.com\/Il-Crogiuolo-681876418491758\" \/>\n<meta property=\"article:modified_time\" content=\"2024-09-25T08:39:55+00:00\" \/>\n<meta property=\"og:image\" content=\"https:\/\/ilcrogiuolo.it\/wp-content\/uploads\/2020\/01\/settepotenze_5951203.jpg\" \/>\n\t<meta property=\"og:image:width\" content=\"627\" \/>\n\t<meta property=\"og:image:height\" content=\"600\" \/>\n\t<meta property=\"og:image:type\" content=\"image\/jpeg\" \/>\n<meta name=\"twitter:card\" content=\"summary_large_image\" \/>\n<meta name=\"twitter:label1\" content=\"Tempo di lettura stimato\" \/>\n\t<meta name=\"twitter:data1\" content=\"1 minuto\" \/>\n<script type=\"application\/ld+json\" class=\"yoast-schema-graph\">{\"@context\":\"https:\/\/schema.org\",\"@graph\":[{\"@type\":\"WebPage\",\"@id\":\"https:\/\/ilcrogiuolo.it\/it\/p\/collezione-minilibro-le-sette-potenze-versione-ebook\/\",\"url\":\"https:\/\/ilcrogiuolo.it\/it\/p\/collezione-minilibro-le-sette-potenze-versione-ebook\/\",\"name\":\"COLLEZIONE MINILIBRO LE SETTE POTENZE ***VERSIONE EBOOK*** - Il Crogiuolo\",\"isPartOf\":{\"@id\":\"https:\/\/ilcrogiuolo.it\/it\/#website\"},\"primaryImageOfPage\":{\"@id\":\"https:\/\/ilcrogiuolo.it\/it\/p\/collezione-minilibro-le-sette-potenze-versione-ebook\/#primaryimage\"},\"image\":{\"@id\":\"https:\/\/ilcrogiuolo.it\/it\/p\/collezione-minilibro-le-sette-potenze-versione-ebook\/#primaryimage\"},\"thumbnailUrl\":\"https:\/\/ilcrogiuolo.it\/wp-content\/uploads\/2020\/01\/settepotenze_5951203.jpg\",\"datePublished\":\"2020-01-14T16:09:22+00:00\",\"dateModified\":\"2024-09-25T08:39:55+00:00\",\"description\":\"COLLEZIONE MINILIBRO LE SETTE POTENZE ***VERSIONE EBOOK*** Se mi chiedessero quando mi rivolsi per la prima volta a Dio saprei rispondervi. Avevo quattro anni, ero all\u2019asilo e non dimenticher\u00f2 mai quella statuina\",\"breadcrumb\":{\"@id\":\"https:\/\/ilcrogiuolo.it\/it\/p\/collezione-minilibro-le-sette-potenze-versione-ebook\/#breadcrumb\"},\"inLanguage\":\"it-IT\",\"potentialAction\":[{\"@type\":\"ReadAction\",\"target\":[\"https:\/\/ilcrogiuolo.it\/it\/p\/collezione-minilibro-le-sette-potenze-versione-ebook\/\"]}]},{\"@type\":\"ImageObject\",\"inLanguage\":\"it-IT\",\"@id\":\"https:\/\/ilcrogiuolo.it\/it\/p\/collezione-minilibro-le-sette-potenze-versione-ebook\/#primaryimage\",\"url\":\"https:\/\/ilcrogiuolo.it\/wp-content\/uploads\/2020\/01\/settepotenze_5951203.jpg\",\"contentUrl\":\"https:\/\/ilcrogiuolo.it\/wp-content\/uploads\/2020\/01\/settepotenze_5951203.jpg\",\"width\":627,\"height\":600},{\"@type\":\"BreadcrumbList\",\"@id\":\"https:\/\/ilcrogiuolo.it\/it\/p\/collezione-minilibro-le-sette-potenze-versione-ebook\/#breadcrumb\",\"itemListElement\":[{\"@type\":\"ListItem\",\"position\":1,\"name\":\"Home\",\"item\":\"https:\/\/ilcrogiuolo.it\/it\/\"},{\"@type\":\"ListItem\",\"position\":2,\"name\":\"Shop\",\"item\":\"https:\/\/ilcrogiuolo.it\/it\/negozio\/\"},{\"@type\":\"ListItem\",\"position\":3,\"name\":\"COLLEZIONE MINILIBRO LE SETTE POTENZE ***VERSIONE EBOOK***\"}]},{\"@type\":\"WebSite\",\"@id\":\"https:\/\/ilcrogiuolo.it\/it\/#website\",\"url\":\"https:\/\/ilcrogiuolo.it\/it\/\",\"name\":\"Il Crogiuolo\",\"description\":\"\",\"publisher\":{\"@id\":\"https:\/\/ilcrogiuolo.it\/it\/#organization\"},\"potentialAction\":[{\"@type\":\"SearchAction\",\"target\":{\"@type\":\"EntryPoint\",\"urlTemplate\":\"https:\/\/ilcrogiuolo.it\/it\/?s={search_term_string}\"},\"query-input\":{\"@type\":\"PropertyValueSpecification\",\"valueRequired\":true,\"valueName\":\"search_term_string\"}}],\"inLanguage\":\"it-IT\"},{\"@type\":\"Organization\",\"@id\":\"https:\/\/ilcrogiuolo.it\/it\/#organization\",\"name\":\"Il Crogiuolo\",\"url\":\"https:\/\/ilcrogiuolo.it\/it\/\",\"logo\":{\"@type\":\"ImageObject\",\"inLanguage\":\"it-IT\",\"@id\":\"https:\/\/ilcrogiuolo.it\/it\/#\/schema\/logo\/image\/\",\"url\":\"https:\/\/ilcrogiuolo.it\/wp-content\/uploads\/2020\/04\/logo.png\",\"contentUrl\":\"https:\/\/ilcrogiuolo.it\/wp-content\/uploads\/2020\/04\/logo.png\",\"width\":200,\"height\":49,\"caption\":\"Il Crogiuolo\"},\"image\":{\"@id\":\"https:\/\/ilcrogiuolo.it\/it\/#\/schema\/logo\/image\/\"},\"sameAs\":[\"https:\/\/www.facebook.com\/Il-Crogiuolo-681876418491758\"]}]}<\/script>\n<!-- \/ Yoast SEO plugin. -->","yoast_head_json":{"title":"COLLEZIONE MINILIBRO LE SETTE POTENZE  ***VERSIONE EBOOK*** - Il Crogiuolo","description":"COLLEZIONE MINILIBRO LE SETTE POTENZE  ***VERSIONE EBOOK*** Se mi chiedessero quando mi rivolsi per la prima volta a Dio saprei rispondervi. Avevo quattro anni, ero all\u2019asilo e non dimenticher\u00f2 mai quella statuina","robots":{"index":"index","follow":"follow","max-snippet":"max-snippet:-1","max-image-preview":"max-image-preview:large","max-video-preview":"max-video-preview:-1"},"canonical":"https:\/\/ilcrogiuolo.it\/it\/p\/collezione-minilibro-le-sette-potenze-versione-ebook\/","og_locale":"it_IT","og_type":"article","og_title":"COLLEZIONE MINILIBRO LE SETTE POTENZE  ***VERSIONE EBOOK*** - Il Crogiuolo","og_description":"COLLEZIONE MINILIBRO LE SETTE POTENZE  ***VERSIONE EBOOK*** Se mi chiedessero quando mi rivolsi per la prima volta a Dio saprei rispondervi. Avevo quattro anni, ero all\u2019asilo e non dimenticher\u00f2 mai quella statuina","og_url":"https:\/\/ilcrogiuolo.it\/it\/p\/collezione-minilibro-le-sette-potenze-versione-ebook\/","og_site_name":"Il Crogiuolo","article_publisher":"https:\/\/www.facebook.com\/Il-Crogiuolo-681876418491758","article_modified_time":"2024-09-25T08:39:55+00:00","og_image":[{"width":627,"height":600,"url":"https:\/\/ilcrogiuolo.it\/wp-content\/uploads\/2020\/01\/settepotenze_5951203.jpg","type":"image\/jpeg"}],"twitter_card":"summary_large_image","twitter_misc":{"Tempo di lettura stimato":"1 minuto"},"schema":{"@context":"https:\/\/schema.org","@graph":[{"@type":"WebPage","@id":"https:\/\/ilcrogiuolo.it\/it\/p\/collezione-minilibro-le-sette-potenze-versione-ebook\/","url":"https:\/\/ilcrogiuolo.it\/it\/p\/collezione-minilibro-le-sette-potenze-versione-ebook\/","name":"COLLEZIONE MINILIBRO LE SETTE POTENZE ***VERSIONE EBOOK*** - Il Crogiuolo","isPartOf":{"@id":"https:\/\/ilcrogiuolo.it\/it\/#website"},"primaryImageOfPage":{"@id":"https:\/\/ilcrogiuolo.it\/it\/p\/collezione-minilibro-le-sette-potenze-versione-ebook\/#primaryimage"},"image":{"@id":"https:\/\/ilcrogiuolo.it\/it\/p\/collezione-minilibro-le-sette-potenze-versione-ebook\/#primaryimage"},"thumbnailUrl":"https:\/\/ilcrogiuolo.it\/wp-content\/uploads\/2020\/01\/settepotenze_5951203.jpg","datePublished":"2020-01-14T16:09:22+00:00","dateModified":"2024-09-25T08:39:55+00:00","description":"COLLEZIONE MINILIBRO LE SETTE POTENZE ***VERSIONE EBOOK*** Se mi chiedessero quando mi rivolsi per la prima volta a Dio saprei rispondervi. Avevo quattro anni, ero all\u2019asilo e non dimenticher\u00f2 mai quella statuina","breadcrumb":{"@id":"https:\/\/ilcrogiuolo.it\/it\/p\/collezione-minilibro-le-sette-potenze-versione-ebook\/#breadcrumb"},"inLanguage":"it-IT","potentialAction":[{"@type":"ReadAction","target":["https:\/\/ilcrogiuolo.it\/it\/p\/collezione-minilibro-le-sette-potenze-versione-ebook\/"]}]},{"@type":"ImageObject","inLanguage":"it-IT","@id":"https:\/\/ilcrogiuolo.it\/it\/p\/collezione-minilibro-le-sette-potenze-versione-ebook\/#primaryimage","url":"https:\/\/ilcrogiuolo.it\/wp-content\/uploads\/2020\/01\/settepotenze_5951203.jpg","contentUrl":"https:\/\/ilcrogiuolo.it\/wp-content\/uploads\/2020\/01\/settepotenze_5951203.jpg","width":627,"height":600},{"@type":"BreadcrumbList","@id":"https:\/\/ilcrogiuolo.it\/it\/p\/collezione-minilibro-le-sette-potenze-versione-ebook\/#breadcrumb","itemListElement":[{"@type":"ListItem","position":1,"name":"Home","item":"https:\/\/ilcrogiuolo.it\/it\/"},{"@type":"ListItem","position":2,"name":"Shop","item":"https:\/\/ilcrogiuolo.it\/it\/negozio\/"},{"@type":"ListItem","position":3,"name":"COLLEZIONE MINILIBRO LE SETTE POTENZE ***VERSIONE EBOOK***"}]},{"@type":"WebSite","@id":"https:\/\/ilcrogiuolo.it\/it\/#website","url":"https:\/\/ilcrogiuolo.it\/it\/","name":"Il Crogiuolo","description":"","publisher":{"@id":"https:\/\/ilcrogiuolo.it\/it\/#organization"},"potentialAction":[{"@type":"SearchAction","target":{"@type":"EntryPoint","urlTemplate":"https:\/\/ilcrogiuolo.it\/it\/?s={search_term_string}"},"query-input":{"@type":"PropertyValueSpecification","valueRequired":true,"valueName":"search_term_string"}}],"inLanguage":"it-IT"},{"@type":"Organization","@id":"https:\/\/ilcrogiuolo.it\/it\/#organization","name":"Il Crogiuolo","url":"https:\/\/ilcrogiuolo.it\/it\/","logo":{"@type":"ImageObject","inLanguage":"it-IT","@id":"https:\/\/ilcrogiuolo.it\/it\/#\/schema\/logo\/image\/","url":"https:\/\/ilcrogiuolo.it\/wp-content\/uploads\/2020\/04\/logo.png","contentUrl":"https:\/\/ilcrogiuolo.it\/wp-content\/uploads\/2020\/04\/logo.png","width":200,"height":49,"caption":"Il Crogiuolo"},"image":{"@id":"https:\/\/ilcrogiuolo.it\/it\/#\/schema\/logo\/image\/"},"sameAs":["https:\/\/www.facebook.com\/Il-Crogiuolo-681876418491758"]}]}},"_links":{"self":[{"href":"https:\/\/ilcrogiuolo.it\/it\/wp-json\/wp\/v2\/product\/4734","targetHints":{"allow":["GET"]}}],"collection":[{"href":"https:\/\/ilcrogiuolo.it\/it\/wp-json\/wp\/v2\/product"}],"about":[{"href":"https:\/\/ilcrogiuolo.it\/it\/wp-json\/wp\/v2\/types\/product"}],"wp:featuredmedia":[{"embeddable":true,"href":"https:\/\/ilcrogiuolo.it\/it\/wp-json\/wp\/v2\/media\/4735"}],"wp:attachment":[{"href":"https:\/\/ilcrogiuolo.it\/it\/wp-json\/wp\/v2\/media?parent=4734"}],"wp:term":[{"taxonomy":"product_brand","embeddable":true,"href":"https:\/\/ilcrogiuolo.it\/it\/wp-json\/wp\/v2\/product_brand?post=4734"},{"taxonomy":"product_cat","embeddable":true,"href":"https:\/\/ilcrogiuolo.it\/it\/wp-json\/wp\/v2\/product_cat?post=4734"},{"taxonomy":"product_tag","embeddable":true,"href":"https:\/\/ilcrogiuolo.it\/it\/wp-json\/wp\/v2\/product_tag?post=4734"}],"curies":[{"name":"wp","href":"https:\/\/api.w.org\/{rel}","templated":true}]}}