{"id":4710,"date":"2020-01-14T17:09:16","date_gmt":"2020-01-14T16:09:16","guid":{"rendered":"https:\/\/ilcrogiuolo.it\/p\/collezione-minilibro-pomba-gira-maria-padilha\/"},"modified":"2024-09-25T10:41:24","modified_gmt":"2024-09-25T08:41:24","slug":"collezione-minilibro-pomba-gira-maria-padilha","status":"publish","type":"product","link":"https:\/\/ilcrogiuolo.it\/it\/p\/collezione-minilibro-pomba-gira-maria-padilha\/","title":{"rendered":"COLLEZIONE MINILIBRO POMBA GIRA MARIA PADILHA"},"content":{"rendered":"<p dir=\"ltr\">Provate ad immaginare il sole senza la luna, il sale senza lo zucchero, il giorno senza la notte, il bene senza il male&#8230;tutto ci\u00f2 che esiste ha un suo opposto, un suo doppio al di l\u00e0 di uno specchio cosmico in cui si riflette nel mondo dell\u2019essere.<!--?xml:namespace prefix = o ns = \"urn:schemas-microsoft-com:office:office\" \/--><\/p>\n<p>Opposto non significa necessariamente malefico, semplicemente contrassegna una diversit\u00e0. Dio cre\u00f2 l\u2019uomo a sua immagine e somiglianza, sta scritto nel Genesi, e lo cre\u00f2 maschio e femmina. Da ci\u00f2 si evince che Dio \u00e8 contemporaneamente Padre e Madre. Ogni cosa che esiste su questo piano ha dunque un sesso. Pomba Gira \u00e8 la controparte femminile di Ex\u00f9, l\u2019Ex\u00f9 Mulher (Ex\u00f9 Femmina) come si dice in Brasile.<\/p>\n<p>Col nome di Pomba Gira, in Brasile, intendiamo una vera e propria falange di Ex\u00f9 di sesso femminile.<\/p>\n<p>Ciascuno di noi, maschio o femmina che sia, ha un Ex\u00f9 e una Pomba Gira, perch\u00e8 il femminile \u00e8 presente nel maschile e viceversa. Questo concetto non ha a a che vedere con l\u2019omosessualit\u00e0. E\u2019 nella natura dell\u2019uomo avere una parte femminile e una maschile, indipendentemente dal proprio sesso di nascita. Se ogni Orix\u00e0 maschio ha uno o pi\u00f9 Ex\u00f9 che attuano nella sua vibrazione (Linea), ogni Orix\u00e0 femmina ha una o pi\u00f9 Pomba Giras che attuano nella sua. Possiamo perci\u00f2 dire che ogni uomo, maschio o femmina che sia, oltre ad avere un Orix\u00e0 maschile che lo protegge ha pure un Orix\u00e0 femminile che ne armonizza il campo vibrazionale e non potrebbe essere altrimenti. Alla stessa maniera ciascuno di noi ha un Ex\u00f9 maschio e un\u2019Ex\u00f9 femmina, una Pomba Gira.<\/p>\n<p>VERSIONE CARTACEA STAMPATA A LIBRETTO<\/p>\n<p dir=\"ltr\">\n","protected":false},"excerpt":{"rendered":"<p>Provate ad immaginare il sole senza la luna, il sale senza lo zucchero, il giorno senza la notte, il bene&#8230;<\/p>\n","protected":false},"featured_media":4711,"template":"","meta":{"_acf_changed":false},"product_brand":[],"product_cat":[1077,1397,1060],"product_tag":[],"class_list":{"0":"post-4710","1":"product","2":"type-product","3":"status-publish","4":"has-post-thumbnail","6":"product_cat-libreria-esoterica-libreria-esoterica","7":"product_cat-edizioni-il-crogiuolo-minilibri","8":"product_cat-libreria-esoterica","10":"first","11":"instock","12":"taxable","13":"shipping-taxable","14":"purchasable","15":"product-type-simple","16":"add-to-wishlist-before_image"},"acf":[],"yoast_head":"<!-- This site is optimized with the Yoast SEO plugin v26.9 - https:\/\/yoast.com\/product\/yoast-seo-wordpress\/ -->\n<title>COLLEZIONE MINILIBRO POMBA GIRA MARIA PADILHA - Il Crogiuolo<\/title>\n<meta name=\"description\" content=\"COLLEZIONE MINILIBRO POMBA GIRA MARIA PADILHA Provate ad immaginare il sole senza la luna, il sale senza lo zucchero, il giorno senza la notte, il bene senza il male...tutto ci\u00f2 che esiste ha un suo\" \/>\n<meta name=\"robots\" content=\"index, follow, max-snippet:-1, max-image-preview:large, max-video-preview:-1\" \/>\n<link rel=\"canonical\" href=\"https:\/\/ilcrogiuolo.it\/it\/p\/collezione-minilibro-pomba-gira-maria-padilha\/\" \/>\n<meta property=\"og:locale\" content=\"it_IT\" \/>\n<meta property=\"og:type\" content=\"article\" \/>\n<meta property=\"og:title\" content=\"COLLEZIONE MINILIBRO POMBA GIRA MARIA PADILHA - Il Crogiuolo\" \/>\n<meta property=\"og:description\" content=\"COLLEZIONE MINILIBRO POMBA GIRA MARIA PADILHA Provate ad immaginare il sole senza la luna, il sale senza lo zucchero, il giorno senza la notte, il bene senza il male...tutto ci\u00f2 che esiste ha un suo\" \/>\n<meta property=\"og:url\" content=\"https:\/\/ilcrogiuolo.it\/it\/p\/collezione-minilibro-pomba-gira-maria-padilha\/\" \/>\n<meta property=\"og:site_name\" content=\"Il Crogiuolo\" \/>\n<meta property=\"article:publisher\" content=\"https:\/\/www.facebook.com\/Il-Crogiuolo-681876418491758\" \/>\n<meta property=\"article:modified_time\" content=\"2024-09-25T08:41:24+00:00\" \/>\n<meta property=\"og:image\" content=\"https:\/\/ilcrogiuolo.it\/wp-content\/uploads\/2020\/01\/mariapadilha_4589549.jpg\" \/>\n\t<meta property=\"og:image:width\" content=\"627\" \/>\n\t<meta property=\"og:image:height\" content=\"600\" \/>\n\t<meta property=\"og:image:type\" content=\"image\/jpeg\" \/>\n<meta name=\"twitter:card\" content=\"summary_large_image\" \/>\n<meta name=\"twitter:label1\" content=\"Tempo di lettura stimato\" \/>\n\t<meta name=\"twitter:data1\" content=\"1 minuto\" \/>\n<script type=\"application\/ld+json\" class=\"yoast-schema-graph\">{\"@context\":\"https:\/\/schema.org\",\"@graph\":[{\"@type\":\"WebPage\",\"@id\":\"https:\/\/ilcrogiuolo.it\/it\/p\/collezione-minilibro-pomba-gira-maria-padilha\/\",\"url\":\"https:\/\/ilcrogiuolo.it\/it\/p\/collezione-minilibro-pomba-gira-maria-padilha\/\",\"name\":\"COLLEZIONE MINILIBRO POMBA GIRA MARIA PADILHA - Il Crogiuolo\",\"isPartOf\":{\"@id\":\"https:\/\/ilcrogiuolo.it\/it\/#website\"},\"primaryImageOfPage\":{\"@id\":\"https:\/\/ilcrogiuolo.it\/it\/p\/collezione-minilibro-pomba-gira-maria-padilha\/#primaryimage\"},\"image\":{\"@id\":\"https:\/\/ilcrogiuolo.it\/it\/p\/collezione-minilibro-pomba-gira-maria-padilha\/#primaryimage\"},\"thumbnailUrl\":\"https:\/\/ilcrogiuolo.it\/wp-content\/uploads\/2020\/01\/mariapadilha_4589549.jpg\",\"datePublished\":\"2020-01-14T16:09:16+00:00\",\"dateModified\":\"2024-09-25T08:41:24+00:00\",\"description\":\"COLLEZIONE MINILIBRO POMBA GIRA MARIA PADILHA Provate ad immaginare il sole senza la luna, il sale senza lo zucchero, il giorno senza la notte, il bene senza il male...tutto ci\u00f2 che esiste ha un suo\",\"breadcrumb\":{\"@id\":\"https:\/\/ilcrogiuolo.it\/it\/p\/collezione-minilibro-pomba-gira-maria-padilha\/#breadcrumb\"},\"inLanguage\":\"it-IT\",\"potentialAction\":[{\"@type\":\"ReadAction\",\"target\":[\"https:\/\/ilcrogiuolo.it\/it\/p\/collezione-minilibro-pomba-gira-maria-padilha\/\"]}]},{\"@type\":\"ImageObject\",\"inLanguage\":\"it-IT\",\"@id\":\"https:\/\/ilcrogiuolo.it\/it\/p\/collezione-minilibro-pomba-gira-maria-padilha\/#primaryimage\",\"url\":\"https:\/\/ilcrogiuolo.it\/wp-content\/uploads\/2020\/01\/mariapadilha_4589549.jpg\",\"contentUrl\":\"https:\/\/ilcrogiuolo.it\/wp-content\/uploads\/2020\/01\/mariapadilha_4589549.jpg\",\"width\":627,\"height\":600},{\"@type\":\"BreadcrumbList\",\"@id\":\"https:\/\/ilcrogiuolo.it\/it\/p\/collezione-minilibro-pomba-gira-maria-padilha\/#breadcrumb\",\"itemListElement\":[{\"@type\":\"ListItem\",\"position\":1,\"name\":\"Home\",\"item\":\"https:\/\/ilcrogiuolo.it\/it\/\"},{\"@type\":\"ListItem\",\"position\":2,\"name\":\"Shop\",\"item\":\"https:\/\/ilcrogiuolo.it\/it\/negozio\/\"},{\"@type\":\"ListItem\",\"position\":3,\"name\":\"COLLEZIONE MINILIBRO POMBA GIRA MARIA PADILHA\"}]},{\"@type\":\"WebSite\",\"@id\":\"https:\/\/ilcrogiuolo.it\/it\/#website\",\"url\":\"https:\/\/ilcrogiuolo.it\/it\/\",\"name\":\"Il Crogiuolo\",\"description\":\"\",\"publisher\":{\"@id\":\"https:\/\/ilcrogiuolo.it\/it\/#organization\"},\"potentialAction\":[{\"@type\":\"SearchAction\",\"target\":{\"@type\":\"EntryPoint\",\"urlTemplate\":\"https:\/\/ilcrogiuolo.it\/it\/?s={search_term_string}\"},\"query-input\":{\"@type\":\"PropertyValueSpecification\",\"valueRequired\":true,\"valueName\":\"search_term_string\"}}],\"inLanguage\":\"it-IT\"},{\"@type\":\"Organization\",\"@id\":\"https:\/\/ilcrogiuolo.it\/it\/#organization\",\"name\":\"Il Crogiuolo\",\"url\":\"https:\/\/ilcrogiuolo.it\/it\/\",\"logo\":{\"@type\":\"ImageObject\",\"inLanguage\":\"it-IT\",\"@id\":\"https:\/\/ilcrogiuolo.it\/it\/#\/schema\/logo\/image\/\",\"url\":\"https:\/\/ilcrogiuolo.it\/wp-content\/uploads\/2020\/04\/logo.png\",\"contentUrl\":\"https:\/\/ilcrogiuolo.it\/wp-content\/uploads\/2020\/04\/logo.png\",\"width\":200,\"height\":49,\"caption\":\"Il Crogiuolo\"},\"image\":{\"@id\":\"https:\/\/ilcrogiuolo.it\/it\/#\/schema\/logo\/image\/\"},\"sameAs\":[\"https:\/\/www.facebook.com\/Il-Crogiuolo-681876418491758\"]}]}<\/script>\n<!-- \/ Yoast SEO plugin. -->","yoast_head_json":{"title":"COLLEZIONE MINILIBRO POMBA GIRA MARIA PADILHA - Il Crogiuolo","description":"COLLEZIONE MINILIBRO POMBA GIRA MARIA PADILHA Provate ad immaginare il sole senza la luna, il sale senza lo zucchero, il giorno senza la notte, il bene senza il male...tutto ci\u00f2 che esiste ha un suo","robots":{"index":"index","follow":"follow","max-snippet":"max-snippet:-1","max-image-preview":"max-image-preview:large","max-video-preview":"max-video-preview:-1"},"canonical":"https:\/\/ilcrogiuolo.it\/it\/p\/collezione-minilibro-pomba-gira-maria-padilha\/","og_locale":"it_IT","og_type":"article","og_title":"COLLEZIONE MINILIBRO POMBA GIRA MARIA PADILHA - Il Crogiuolo","og_description":"COLLEZIONE MINILIBRO POMBA GIRA MARIA PADILHA Provate ad immaginare il sole senza la luna, il sale senza lo zucchero, il giorno senza la notte, il bene senza il male...tutto ci\u00f2 che esiste ha un suo","og_url":"https:\/\/ilcrogiuolo.it\/it\/p\/collezione-minilibro-pomba-gira-maria-padilha\/","og_site_name":"Il Crogiuolo","article_publisher":"https:\/\/www.facebook.com\/Il-Crogiuolo-681876418491758","article_modified_time":"2024-09-25T08:41:24+00:00","og_image":[{"width":627,"height":600,"url":"https:\/\/ilcrogiuolo.it\/wp-content\/uploads\/2020\/01\/mariapadilha_4589549.jpg","type":"image\/jpeg"}],"twitter_card":"summary_large_image","twitter_misc":{"Tempo di lettura stimato":"1 minuto"},"schema":{"@context":"https:\/\/schema.org","@graph":[{"@type":"WebPage","@id":"https:\/\/ilcrogiuolo.it\/it\/p\/collezione-minilibro-pomba-gira-maria-padilha\/","url":"https:\/\/ilcrogiuolo.it\/it\/p\/collezione-minilibro-pomba-gira-maria-padilha\/","name":"COLLEZIONE MINILIBRO POMBA GIRA MARIA PADILHA - Il Crogiuolo","isPartOf":{"@id":"https:\/\/ilcrogiuolo.it\/it\/#website"},"primaryImageOfPage":{"@id":"https:\/\/ilcrogiuolo.it\/it\/p\/collezione-minilibro-pomba-gira-maria-padilha\/#primaryimage"},"image":{"@id":"https:\/\/ilcrogiuolo.it\/it\/p\/collezione-minilibro-pomba-gira-maria-padilha\/#primaryimage"},"thumbnailUrl":"https:\/\/ilcrogiuolo.it\/wp-content\/uploads\/2020\/01\/mariapadilha_4589549.jpg","datePublished":"2020-01-14T16:09:16+00:00","dateModified":"2024-09-25T08:41:24+00:00","description":"COLLEZIONE MINILIBRO POMBA GIRA MARIA PADILHA Provate ad immaginare il sole senza la luna, il sale senza lo zucchero, il giorno senza la notte, il bene senza il male...tutto ci\u00f2 che esiste ha un suo","breadcrumb":{"@id":"https:\/\/ilcrogiuolo.it\/it\/p\/collezione-minilibro-pomba-gira-maria-padilha\/#breadcrumb"},"inLanguage":"it-IT","potentialAction":[{"@type":"ReadAction","target":["https:\/\/ilcrogiuolo.it\/it\/p\/collezione-minilibro-pomba-gira-maria-padilha\/"]}]},{"@type":"ImageObject","inLanguage":"it-IT","@id":"https:\/\/ilcrogiuolo.it\/it\/p\/collezione-minilibro-pomba-gira-maria-padilha\/#primaryimage","url":"https:\/\/ilcrogiuolo.it\/wp-content\/uploads\/2020\/01\/mariapadilha_4589549.jpg","contentUrl":"https:\/\/ilcrogiuolo.it\/wp-content\/uploads\/2020\/01\/mariapadilha_4589549.jpg","width":627,"height":600},{"@type":"BreadcrumbList","@id":"https:\/\/ilcrogiuolo.it\/it\/p\/collezione-minilibro-pomba-gira-maria-padilha\/#breadcrumb","itemListElement":[{"@type":"ListItem","position":1,"name":"Home","item":"https:\/\/ilcrogiuolo.it\/it\/"},{"@type":"ListItem","position":2,"name":"Shop","item":"https:\/\/ilcrogiuolo.it\/it\/negozio\/"},{"@type":"ListItem","position":3,"name":"COLLEZIONE MINILIBRO POMBA GIRA MARIA PADILHA"}]},{"@type":"WebSite","@id":"https:\/\/ilcrogiuolo.it\/it\/#website","url":"https:\/\/ilcrogiuolo.it\/it\/","name":"Il Crogiuolo","description":"","publisher":{"@id":"https:\/\/ilcrogiuolo.it\/it\/#organization"},"potentialAction":[{"@type":"SearchAction","target":{"@type":"EntryPoint","urlTemplate":"https:\/\/ilcrogiuolo.it\/it\/?s={search_term_string}"},"query-input":{"@type":"PropertyValueSpecification","valueRequired":true,"valueName":"search_term_string"}}],"inLanguage":"it-IT"},{"@type":"Organization","@id":"https:\/\/ilcrogiuolo.it\/it\/#organization","name":"Il Crogiuolo","url":"https:\/\/ilcrogiuolo.it\/it\/","logo":{"@type":"ImageObject","inLanguage":"it-IT","@id":"https:\/\/ilcrogiuolo.it\/it\/#\/schema\/logo\/image\/","url":"https:\/\/ilcrogiuolo.it\/wp-content\/uploads\/2020\/04\/logo.png","contentUrl":"https:\/\/ilcrogiuolo.it\/wp-content\/uploads\/2020\/04\/logo.png","width":200,"height":49,"caption":"Il Crogiuolo"},"image":{"@id":"https:\/\/ilcrogiuolo.it\/it\/#\/schema\/logo\/image\/"},"sameAs":["https:\/\/www.facebook.com\/Il-Crogiuolo-681876418491758"]}]}},"_links":{"self":[{"href":"https:\/\/ilcrogiuolo.it\/it\/wp-json\/wp\/v2\/product\/4710","targetHints":{"allow":["GET"]}}],"collection":[{"href":"https:\/\/ilcrogiuolo.it\/it\/wp-json\/wp\/v2\/product"}],"about":[{"href":"https:\/\/ilcrogiuolo.it\/it\/wp-json\/wp\/v2\/types\/product"}],"wp:featuredmedia":[{"embeddable":true,"href":"https:\/\/ilcrogiuolo.it\/it\/wp-json\/wp\/v2\/media\/4711"}],"wp:attachment":[{"href":"https:\/\/ilcrogiuolo.it\/it\/wp-json\/wp\/v2\/media?parent=4710"}],"wp:term":[{"taxonomy":"product_brand","embeddable":true,"href":"https:\/\/ilcrogiuolo.it\/it\/wp-json\/wp\/v2\/product_brand?post=4710"},{"taxonomy":"product_cat","embeddable":true,"href":"https:\/\/ilcrogiuolo.it\/it\/wp-json\/wp\/v2\/product_cat?post=4710"},{"taxonomy":"product_tag","embeddable":true,"href":"https:\/\/ilcrogiuolo.it\/it\/wp-json\/wp\/v2\/product_tag?post=4710"}],"curies":[{"name":"wp","href":"https:\/\/api.w.org\/{rel}","templated":true}]}}