{"id":4689,"date":"2020-01-14T17:09:16","date_gmt":"2020-01-14T16:09:16","guid":{"rendered":"https:\/\/ilcrogiuolo.it\/p\/om-ciondolo-in-argento-925-gr-1-50-circa\/"},"modified":"2022-11-02T15:09:00","modified_gmt":"2022-11-02T14:09:00","slug":"om-ciondolo-in-argento-925-gr-1-50-circa","status":"publish","type":"product","link":"https:\/\/ilcrogiuolo.it\/it\/p\/om-ciondolo-in-argento-925-gr-1-50-circa\/","title":{"rendered":"OM &#8211; CIONDOLO IN ARGENTO 925 GR. 1.50 CIRCA"},"content":{"rendered":"<p>L&#8217;<b>Aum<\/b> (\u0950), spesso traslitterato come <b>Ohm<\/b> o <b>Om<\/b>, \u00e8 il mantra pi\u00f9 sacro e rappresentativo della religione induista; \u00e8 considerato il suono primordiale che ha dato origine alla creazione, la quale viene interpretata come manifestazione stessa di questo suono. Secondo le scritture induiste, il mantra Aum rappresenta la sintesi e l&#8217;essenza di ogni mantra, preghiera, rituale, testo sacro, essere celeste o aspetto del Divino. In virt\u00f9 di questo, la sillaba Aum viene recitata in apertura di molti mantra, puja e yajna.<\/p>\n<p>Essendo venerata dagli induisti come il suono originario, viene a volte denominata <i>Udgitha<\/i> o <i>pranava mantra<\/i> (&#8220;mantra primordiale&#8221;).<\/p>\n<p>La prima apparizione documentata di questa sillaba si ha nei testi vedici; alcune sue varianti appaiono inoltre nel Buddhismo Vajrayana. H. 21 mm, L. 16 mm.<\/p>\n","protected":false},"excerpt":{"rendered":"<p>L&#8217;Aum (\u0950), spesso traslitterato come Ohm o Om, \u00e8 il mantra pi\u00f9 sacro e rappresentativo della religione induista; \u00e8 considerato&#8230;<\/p>\n","protected":false},"featured_media":4690,"template":"","meta":{"_acf_changed":false},"product_brand":[],"product_cat":[1124,1066,1385],"product_tag":[],"class_list":{"0":"post-4689","1":"product","2":"type-product","3":"status-publish","4":"has-post-thumbnail","6":"product_cat-ciondoli-wicca-pagani-celtici-orientali","7":"product_cat-talismani-amuleti","8":"product_cat-talismani-wicca-celtici-pagani-orientali","10":"first","11":"instock","12":"taxable","13":"shipping-taxable","14":"purchasable","15":"product-type-simple","16":"add-to-wishlist-before_image"},"acf":[],"yoast_head":"<!-- This site is optimized with the Yoast SEO plugin v26.9 - https:\/\/yoast.com\/product\/yoast-seo-wordpress\/ -->\n<title>OM - CIONDOLO IN ARGENTO 925 GR. 1.50 CIRCA - Il Crogiuolo<\/title>\n<meta name=\"description\" content=\"OM - CIONDOLO IN ARGENTO 925 GR. 1.50 CIRCA L&#039;Aum (\u0950), spesso traslitterato come Ohm o Om, \u00e8 il mantra pi\u00f9 sacro e rappresentativo della religione induista; \u00e8 considerato il suono primordiale che ha\" \/>\n<meta name=\"robots\" content=\"index, follow, max-snippet:-1, max-image-preview:large, max-video-preview:-1\" \/>\n<link rel=\"canonical\" href=\"https:\/\/ilcrogiuolo.it\/it\/p\/om-ciondolo-in-argento-925-gr-1-50-circa\/\" \/>\n<meta property=\"og:locale\" content=\"it_IT\" \/>\n<meta property=\"og:type\" content=\"article\" \/>\n<meta property=\"og:title\" content=\"OM - CIONDOLO IN ARGENTO 925 GR. 1.50 CIRCA - Il Crogiuolo\" \/>\n<meta property=\"og:description\" content=\"OM - CIONDOLO IN ARGENTO 925 GR. 1.50 CIRCA L&#039;Aum (\u0950), spesso traslitterato come Ohm o Om, \u00e8 il mantra pi\u00f9 sacro e rappresentativo della religione induista; \u00e8 considerato il suono primordiale che ha\" \/>\n<meta property=\"og:url\" content=\"https:\/\/ilcrogiuolo.it\/it\/p\/om-ciondolo-in-argento-925-gr-1-50-circa\/\" \/>\n<meta property=\"og:site_name\" content=\"Il Crogiuolo\" \/>\n<meta property=\"article:publisher\" content=\"https:\/\/www.facebook.com\/Il-Crogiuolo-681876418491758\" \/>\n<meta property=\"article:modified_time\" content=\"2022-11-02T14:09:00+00:00\" \/>\n<meta property=\"og:image\" content=\"https:\/\/ilcrogiuolo.it\/wp-content\/uploads\/2020\/01\/ciondoloom_1468296.jpg\" \/>\n\t<meta property=\"og:image:width\" content=\"627\" \/>\n\t<meta property=\"og:image:height\" content=\"600\" \/>\n\t<meta property=\"og:image:type\" content=\"image\/jpeg\" \/>\n<meta name=\"twitter:card\" content=\"summary_large_image\" \/>\n<meta name=\"twitter:label1\" content=\"Tempo di lettura stimato\" \/>\n\t<meta name=\"twitter:data1\" content=\"1 minuto\" \/>\n<script type=\"application\/ld+json\" class=\"yoast-schema-graph\">{\"@context\":\"https:\/\/schema.org\",\"@graph\":[{\"@type\":\"WebPage\",\"@id\":\"https:\/\/ilcrogiuolo.it\/it\/p\/om-ciondolo-in-argento-925-gr-1-50-circa\/\",\"url\":\"https:\/\/ilcrogiuolo.it\/it\/p\/om-ciondolo-in-argento-925-gr-1-50-circa\/\",\"name\":\"OM - CIONDOLO IN ARGENTO 925 GR. 1.50 CIRCA - Il Crogiuolo\",\"isPartOf\":{\"@id\":\"https:\/\/ilcrogiuolo.it\/it\/#website\"},\"primaryImageOfPage\":{\"@id\":\"https:\/\/ilcrogiuolo.it\/it\/p\/om-ciondolo-in-argento-925-gr-1-50-circa\/#primaryimage\"},\"image\":{\"@id\":\"https:\/\/ilcrogiuolo.it\/it\/p\/om-ciondolo-in-argento-925-gr-1-50-circa\/#primaryimage\"},\"thumbnailUrl\":\"https:\/\/ilcrogiuolo.it\/wp-content\/uploads\/2020\/01\/ciondoloom_1468296.jpg\",\"datePublished\":\"2020-01-14T16:09:16+00:00\",\"dateModified\":\"2022-11-02T14:09:00+00:00\",\"description\":\"OM - CIONDOLO IN ARGENTO 925 GR. 1.50 CIRCA L'Aum (\u0950), spesso traslitterato come Ohm o Om, \u00e8 il mantra pi\u00f9 sacro e rappresentativo della religione induista; \u00e8 considerato il suono primordiale che ha\",\"breadcrumb\":{\"@id\":\"https:\/\/ilcrogiuolo.it\/it\/p\/om-ciondolo-in-argento-925-gr-1-50-circa\/#breadcrumb\"},\"inLanguage\":\"it-IT\",\"potentialAction\":[{\"@type\":\"ReadAction\",\"target\":[\"https:\/\/ilcrogiuolo.it\/it\/p\/om-ciondolo-in-argento-925-gr-1-50-circa\/\"]}]},{\"@type\":\"ImageObject\",\"inLanguage\":\"it-IT\",\"@id\":\"https:\/\/ilcrogiuolo.it\/it\/p\/om-ciondolo-in-argento-925-gr-1-50-circa\/#primaryimage\",\"url\":\"https:\/\/ilcrogiuolo.it\/wp-content\/uploads\/2020\/01\/ciondoloom_1468296.jpg\",\"contentUrl\":\"https:\/\/ilcrogiuolo.it\/wp-content\/uploads\/2020\/01\/ciondoloom_1468296.jpg\",\"width\":627,\"height\":600},{\"@type\":\"BreadcrumbList\",\"@id\":\"https:\/\/ilcrogiuolo.it\/it\/p\/om-ciondolo-in-argento-925-gr-1-50-circa\/#breadcrumb\",\"itemListElement\":[{\"@type\":\"ListItem\",\"position\":1,\"name\":\"Home\",\"item\":\"https:\/\/ilcrogiuolo.it\/it\/\"},{\"@type\":\"ListItem\",\"position\":2,\"name\":\"Shop\",\"item\":\"https:\/\/ilcrogiuolo.it\/it\/negozio\/\"},{\"@type\":\"ListItem\",\"position\":3,\"name\":\"OM &#8211; CIONDOLO IN ARGENTO 925 GR. 1.50 CIRCA\"}]},{\"@type\":\"WebSite\",\"@id\":\"https:\/\/ilcrogiuolo.it\/it\/#website\",\"url\":\"https:\/\/ilcrogiuolo.it\/it\/\",\"name\":\"Il Crogiuolo\",\"description\":\"\",\"publisher\":{\"@id\":\"https:\/\/ilcrogiuolo.it\/it\/#organization\"},\"potentialAction\":[{\"@type\":\"SearchAction\",\"target\":{\"@type\":\"EntryPoint\",\"urlTemplate\":\"https:\/\/ilcrogiuolo.it\/it\/?s={search_term_string}\"},\"query-input\":{\"@type\":\"PropertyValueSpecification\",\"valueRequired\":true,\"valueName\":\"search_term_string\"}}],\"inLanguage\":\"it-IT\"},{\"@type\":\"Organization\",\"@id\":\"https:\/\/ilcrogiuolo.it\/it\/#organization\",\"name\":\"Il Crogiuolo\",\"url\":\"https:\/\/ilcrogiuolo.it\/it\/\",\"logo\":{\"@type\":\"ImageObject\",\"inLanguage\":\"it-IT\",\"@id\":\"https:\/\/ilcrogiuolo.it\/it\/#\/schema\/logo\/image\/\",\"url\":\"https:\/\/ilcrogiuolo.it\/wp-content\/uploads\/2020\/04\/logo.png\",\"contentUrl\":\"https:\/\/ilcrogiuolo.it\/wp-content\/uploads\/2020\/04\/logo.png\",\"width\":200,\"height\":49,\"caption\":\"Il Crogiuolo\"},\"image\":{\"@id\":\"https:\/\/ilcrogiuolo.it\/it\/#\/schema\/logo\/image\/\"},\"sameAs\":[\"https:\/\/www.facebook.com\/Il-Crogiuolo-681876418491758\"]}]}<\/script>\n<!-- \/ Yoast SEO plugin. -->","yoast_head_json":{"title":"OM - CIONDOLO IN ARGENTO 925 GR. 1.50 CIRCA - Il Crogiuolo","description":"OM - CIONDOLO IN ARGENTO 925 GR. 1.50 CIRCA L'Aum (\u0950), spesso traslitterato come Ohm o Om, \u00e8 il mantra pi\u00f9 sacro e rappresentativo della religione induista; \u00e8 considerato il suono primordiale che ha","robots":{"index":"index","follow":"follow","max-snippet":"max-snippet:-1","max-image-preview":"max-image-preview:large","max-video-preview":"max-video-preview:-1"},"canonical":"https:\/\/ilcrogiuolo.it\/it\/p\/om-ciondolo-in-argento-925-gr-1-50-circa\/","og_locale":"it_IT","og_type":"article","og_title":"OM - CIONDOLO IN ARGENTO 925 GR. 1.50 CIRCA - Il Crogiuolo","og_description":"OM - CIONDOLO IN ARGENTO 925 GR. 1.50 CIRCA L'Aum (\u0950), spesso traslitterato come Ohm o Om, \u00e8 il mantra pi\u00f9 sacro e rappresentativo della religione induista; \u00e8 considerato il suono primordiale che ha","og_url":"https:\/\/ilcrogiuolo.it\/it\/p\/om-ciondolo-in-argento-925-gr-1-50-circa\/","og_site_name":"Il Crogiuolo","article_publisher":"https:\/\/www.facebook.com\/Il-Crogiuolo-681876418491758","article_modified_time":"2022-11-02T14:09:00+00:00","og_image":[{"width":627,"height":600,"url":"https:\/\/ilcrogiuolo.it\/wp-content\/uploads\/2020\/01\/ciondoloom_1468296.jpg","type":"image\/jpeg"}],"twitter_card":"summary_large_image","twitter_misc":{"Tempo di lettura stimato":"1 minuto"},"schema":{"@context":"https:\/\/schema.org","@graph":[{"@type":"WebPage","@id":"https:\/\/ilcrogiuolo.it\/it\/p\/om-ciondolo-in-argento-925-gr-1-50-circa\/","url":"https:\/\/ilcrogiuolo.it\/it\/p\/om-ciondolo-in-argento-925-gr-1-50-circa\/","name":"OM - CIONDOLO IN ARGENTO 925 GR. 1.50 CIRCA - Il Crogiuolo","isPartOf":{"@id":"https:\/\/ilcrogiuolo.it\/it\/#website"},"primaryImageOfPage":{"@id":"https:\/\/ilcrogiuolo.it\/it\/p\/om-ciondolo-in-argento-925-gr-1-50-circa\/#primaryimage"},"image":{"@id":"https:\/\/ilcrogiuolo.it\/it\/p\/om-ciondolo-in-argento-925-gr-1-50-circa\/#primaryimage"},"thumbnailUrl":"https:\/\/ilcrogiuolo.it\/wp-content\/uploads\/2020\/01\/ciondoloom_1468296.jpg","datePublished":"2020-01-14T16:09:16+00:00","dateModified":"2022-11-02T14:09:00+00:00","description":"OM - CIONDOLO IN ARGENTO 925 GR. 1.50 CIRCA L'Aum (\u0950), spesso traslitterato come Ohm o Om, \u00e8 il mantra pi\u00f9 sacro e rappresentativo della religione induista; \u00e8 considerato il suono primordiale che ha","breadcrumb":{"@id":"https:\/\/ilcrogiuolo.it\/it\/p\/om-ciondolo-in-argento-925-gr-1-50-circa\/#breadcrumb"},"inLanguage":"it-IT","potentialAction":[{"@type":"ReadAction","target":["https:\/\/ilcrogiuolo.it\/it\/p\/om-ciondolo-in-argento-925-gr-1-50-circa\/"]}]},{"@type":"ImageObject","inLanguage":"it-IT","@id":"https:\/\/ilcrogiuolo.it\/it\/p\/om-ciondolo-in-argento-925-gr-1-50-circa\/#primaryimage","url":"https:\/\/ilcrogiuolo.it\/wp-content\/uploads\/2020\/01\/ciondoloom_1468296.jpg","contentUrl":"https:\/\/ilcrogiuolo.it\/wp-content\/uploads\/2020\/01\/ciondoloom_1468296.jpg","width":627,"height":600},{"@type":"BreadcrumbList","@id":"https:\/\/ilcrogiuolo.it\/it\/p\/om-ciondolo-in-argento-925-gr-1-50-circa\/#breadcrumb","itemListElement":[{"@type":"ListItem","position":1,"name":"Home","item":"https:\/\/ilcrogiuolo.it\/it\/"},{"@type":"ListItem","position":2,"name":"Shop","item":"https:\/\/ilcrogiuolo.it\/it\/negozio\/"},{"@type":"ListItem","position":3,"name":"OM &#8211; CIONDOLO IN ARGENTO 925 GR. 1.50 CIRCA"}]},{"@type":"WebSite","@id":"https:\/\/ilcrogiuolo.it\/it\/#website","url":"https:\/\/ilcrogiuolo.it\/it\/","name":"Il Crogiuolo","description":"","publisher":{"@id":"https:\/\/ilcrogiuolo.it\/it\/#organization"},"potentialAction":[{"@type":"SearchAction","target":{"@type":"EntryPoint","urlTemplate":"https:\/\/ilcrogiuolo.it\/it\/?s={search_term_string}"},"query-input":{"@type":"PropertyValueSpecification","valueRequired":true,"valueName":"search_term_string"}}],"inLanguage":"it-IT"},{"@type":"Organization","@id":"https:\/\/ilcrogiuolo.it\/it\/#organization","name":"Il Crogiuolo","url":"https:\/\/ilcrogiuolo.it\/it\/","logo":{"@type":"ImageObject","inLanguage":"it-IT","@id":"https:\/\/ilcrogiuolo.it\/it\/#\/schema\/logo\/image\/","url":"https:\/\/ilcrogiuolo.it\/wp-content\/uploads\/2020\/04\/logo.png","contentUrl":"https:\/\/ilcrogiuolo.it\/wp-content\/uploads\/2020\/04\/logo.png","width":200,"height":49,"caption":"Il Crogiuolo"},"image":{"@id":"https:\/\/ilcrogiuolo.it\/it\/#\/schema\/logo\/image\/"},"sameAs":["https:\/\/www.facebook.com\/Il-Crogiuolo-681876418491758"]}]}},"_links":{"self":[{"href":"https:\/\/ilcrogiuolo.it\/it\/wp-json\/wp\/v2\/product\/4689","targetHints":{"allow":["GET"]}}],"collection":[{"href":"https:\/\/ilcrogiuolo.it\/it\/wp-json\/wp\/v2\/product"}],"about":[{"href":"https:\/\/ilcrogiuolo.it\/it\/wp-json\/wp\/v2\/types\/product"}],"wp:featuredmedia":[{"embeddable":true,"href":"https:\/\/ilcrogiuolo.it\/it\/wp-json\/wp\/v2\/media\/4690"}],"wp:attachment":[{"href":"https:\/\/ilcrogiuolo.it\/it\/wp-json\/wp\/v2\/media?parent=4689"}],"wp:term":[{"taxonomy":"product_brand","embeddable":true,"href":"https:\/\/ilcrogiuolo.it\/it\/wp-json\/wp\/v2\/product_brand?post=4689"},{"taxonomy":"product_cat","embeddable":true,"href":"https:\/\/ilcrogiuolo.it\/it\/wp-json\/wp\/v2\/product_cat?post=4689"},{"taxonomy":"product_tag","embeddable":true,"href":"https:\/\/ilcrogiuolo.it\/it\/wp-json\/wp\/v2\/product_tag?post=4689"}],"curies":[{"name":"wp","href":"https:\/\/api.w.org\/{rel}","templated":true}]}}