{"id":4623,"date":"2020-01-14T17:09:09","date_gmt":"2020-01-14T16:09:09","guid":{"rendered":"https:\/\/ilcrogiuolo.it\/p\/tarocchi-evolve-re-22-arcani-maggiori\/"},"modified":"2025-09-08T10:39:20","modified_gmt":"2025-09-08T08:39:20","slug":"tarocchi-evolve-re-22-arcani-maggiori","status":"publish","type":"product","link":"https:\/\/ilcrogiuolo.it\/it\/p\/tarocchi-evolve-re-22-arcani-maggiori\/","title":{"rendered":"Tarocchi Evolve-re &#8211; 22 Arcani Maggiori"},"content":{"rendered":"<p>Gli Arcani Maggiori dei Tarocchi rappresentano archetipi universalmente riconosciuti, che ci appartengono da sempre. Sono figure emblematiche che ci aiutano ad entrare in contatto con la nostra parte pi\u00f9 intuitiva, aumentando la consapevolezza di noi stessi. Possiamo considerarli come \u201cantichi saggi\u201d che ci parlano e che ci donano spunti per la nostra evoluzione. Sono da considerarsi come base di partenza alla scoperta di s\u00e9, in un processo evolutivo a spirale ascendente. Gli Arcani Maggiori dei Tarocchi sono Archetipi che descrivono noi stessi e attraverso i quali ci esprimiamo, rappresentano validi strumenti per accedere a stati di coscienza superiore, che contemplano corpo, anima e spirito. Jung descrive gli Archetipi come \u201cmodelli di comportamento istintuale\u201d, che esprimono in modo universale gli esseri umani. L\u2019archetipo consente la comunicazione tra la coscienza e l\u2019inconscio attraverso simboli ed immagini riconosciuti a livello collettivo.<br \/>\nIncontrare gli Arcani Maggiori dei Tarocchi significa conoscere intimamente noi stessi in un modo inedito e \u201cgiocoso\u201d, affidandoci alla loro sapienza, che \u00e8 capace di arrivare al cuore della nostra esistenza. Le loro energie archetipiche ci offrono la possibilit\u00e0 di far emergere ed esprimere il nostro essere pi\u00f9 profondo, sostenendoci nelle fasi di cambiamento.<\/p>\n","protected":false},"excerpt":{"rendered":"<p>Gli Arcani Maggiori dei Tarocchi rappresentano archetipi universalmente riconosciuti, che ci appartengono da sempre. Sono figure emblematiche che ci aiutano&#8230;<\/p>\n","protected":false},"featured_media":4624,"template":"","meta":{"_acf_changed":false},"product_brand":[],"product_cat":[1088,1337,1062],"product_tag":[],"class_list":{"0":"post-4623","1":"product","2":"type-product","3":"status-publish","4":"has-post-thumbnail","6":"product_cat-tarocchi-sibille-oracoli","7":"product_cat-altri-tarocchi","8":"product_cat-divinazione","10":"first","11":"outofstock","12":"taxable","13":"shipping-taxable","14":"purchasable","15":"product-type-simple","16":"add-to-wishlist-before_image"},"acf":[],"yoast_head":"<!-- This site is optimized with the Yoast SEO plugin v26.9 - https:\/\/yoast.com\/product\/yoast-seo-wordpress\/ -->\n<title>Tarocchi Evolve-re - 22 Arcani Maggiori - Il Crogiuolo<\/title>\n<meta name=\"description\" content=\"Tarocchi Evolve-re - 22 Arcani Maggiori Gli Arcani Maggiori dei Tarocchi rappresentano archetipi universalmente riconosciuti, che ci appartengono da sempre. Sono figure emblematiche che ci\" \/>\n<meta name=\"robots\" content=\"index, follow, max-snippet:-1, max-image-preview:large, max-video-preview:-1\" \/>\n<link rel=\"canonical\" href=\"https:\/\/ilcrogiuolo.it\/it\/p\/tarocchi-evolve-re-22-arcani-maggiori\/\" \/>\n<meta property=\"og:locale\" content=\"it_IT\" \/>\n<meta property=\"og:type\" content=\"article\" \/>\n<meta property=\"og:title\" content=\"Tarocchi Evolve-re - 22 Arcani Maggiori - Il Crogiuolo\" \/>\n<meta property=\"og:description\" content=\"Tarocchi Evolve-re - 22 Arcani Maggiori Gli Arcani Maggiori dei Tarocchi rappresentano archetipi universalmente riconosciuti, che ci appartengono da sempre. Sono figure emblematiche che ci\" \/>\n<meta property=\"og:url\" content=\"https:\/\/ilcrogiuolo.it\/it\/p\/tarocchi-evolve-re-22-arcani-maggiori\/\" \/>\n<meta property=\"og:site_name\" content=\"Il Crogiuolo\" \/>\n<meta property=\"article:publisher\" content=\"https:\/\/www.facebook.com\/Il-Crogiuolo-681876418491758\" \/>\n<meta property=\"article:modified_time\" content=\"2025-09-08T08:39:20+00:00\" \/>\n<meta property=\"og:image\" content=\"https:\/\/ilcrogiuolo.it\/wp-content\/uploads\/2020\/01\/tarocchievolvereevolveremeditazione_5184025.jpg\" \/>\n\t<meta property=\"og:image:width\" content=\"627\" \/>\n\t<meta property=\"og:image:height\" content=\"600\" \/>\n\t<meta property=\"og:image:type\" content=\"image\/jpeg\" \/>\n<meta name=\"twitter:card\" content=\"summary_large_image\" \/>\n<meta name=\"twitter:label1\" content=\"Tempo di lettura stimato\" \/>\n\t<meta name=\"twitter:data1\" content=\"2 minuti\" \/>\n<script type=\"application\/ld+json\" class=\"yoast-schema-graph\">{\"@context\":\"https:\/\/schema.org\",\"@graph\":[{\"@type\":\"WebPage\",\"@id\":\"https:\/\/ilcrogiuolo.it\/it\/p\/tarocchi-evolve-re-22-arcani-maggiori\/\",\"url\":\"https:\/\/ilcrogiuolo.it\/it\/p\/tarocchi-evolve-re-22-arcani-maggiori\/\",\"name\":\"Tarocchi Evolve-re - 22 Arcani Maggiori - Il Crogiuolo\",\"isPartOf\":{\"@id\":\"https:\/\/ilcrogiuolo.it\/it\/#website\"},\"primaryImageOfPage\":{\"@id\":\"https:\/\/ilcrogiuolo.it\/it\/p\/tarocchi-evolve-re-22-arcani-maggiori\/#primaryimage\"},\"image\":{\"@id\":\"https:\/\/ilcrogiuolo.it\/it\/p\/tarocchi-evolve-re-22-arcani-maggiori\/#primaryimage\"},\"thumbnailUrl\":\"https:\/\/ilcrogiuolo.it\/wp-content\/uploads\/2020\/01\/tarocchievolvereevolveremeditazione_5184025.jpg\",\"datePublished\":\"2020-01-14T16:09:09+00:00\",\"dateModified\":\"2025-09-08T08:39:20+00:00\",\"description\":\"Tarocchi Evolve-re - 22 Arcani Maggiori Gli Arcani Maggiori dei Tarocchi rappresentano archetipi universalmente riconosciuti, che ci appartengono da sempre. Sono figure emblematiche che ci\",\"breadcrumb\":{\"@id\":\"https:\/\/ilcrogiuolo.it\/it\/p\/tarocchi-evolve-re-22-arcani-maggiori\/#breadcrumb\"},\"inLanguage\":\"it-IT\",\"potentialAction\":[{\"@type\":\"ReadAction\",\"target\":[\"https:\/\/ilcrogiuolo.it\/it\/p\/tarocchi-evolve-re-22-arcani-maggiori\/\"]}]},{\"@type\":\"ImageObject\",\"inLanguage\":\"it-IT\",\"@id\":\"https:\/\/ilcrogiuolo.it\/it\/p\/tarocchi-evolve-re-22-arcani-maggiori\/#primaryimage\",\"url\":\"https:\/\/ilcrogiuolo.it\/wp-content\/uploads\/2020\/01\/tarocchievolvereevolveremeditazione_5184025.jpg\",\"contentUrl\":\"https:\/\/ilcrogiuolo.it\/wp-content\/uploads\/2020\/01\/tarocchievolvereevolveremeditazione_5184025.jpg\",\"width\":627,\"height\":600},{\"@type\":\"BreadcrumbList\",\"@id\":\"https:\/\/ilcrogiuolo.it\/it\/p\/tarocchi-evolve-re-22-arcani-maggiori\/#breadcrumb\",\"itemListElement\":[{\"@type\":\"ListItem\",\"position\":1,\"name\":\"Home\",\"item\":\"https:\/\/ilcrogiuolo.it\/it\/\"},{\"@type\":\"ListItem\",\"position\":2,\"name\":\"Shop\",\"item\":\"https:\/\/ilcrogiuolo.it\/it\/negozio\/\"},{\"@type\":\"ListItem\",\"position\":3,\"name\":\"Tarocchi Evolve-re &#8211; 22 Arcani Maggiori\"}]},{\"@type\":\"WebSite\",\"@id\":\"https:\/\/ilcrogiuolo.it\/it\/#website\",\"url\":\"https:\/\/ilcrogiuolo.it\/it\/\",\"name\":\"Il Crogiuolo\",\"description\":\"\",\"publisher\":{\"@id\":\"https:\/\/ilcrogiuolo.it\/it\/#organization\"},\"potentialAction\":[{\"@type\":\"SearchAction\",\"target\":{\"@type\":\"EntryPoint\",\"urlTemplate\":\"https:\/\/ilcrogiuolo.it\/it\/?s={search_term_string}\"},\"query-input\":{\"@type\":\"PropertyValueSpecification\",\"valueRequired\":true,\"valueName\":\"search_term_string\"}}],\"inLanguage\":\"it-IT\"},{\"@type\":\"Organization\",\"@id\":\"https:\/\/ilcrogiuolo.it\/it\/#organization\",\"name\":\"Il Crogiuolo\",\"url\":\"https:\/\/ilcrogiuolo.it\/it\/\",\"logo\":{\"@type\":\"ImageObject\",\"inLanguage\":\"it-IT\",\"@id\":\"https:\/\/ilcrogiuolo.it\/it\/#\/schema\/logo\/image\/\",\"url\":\"https:\/\/ilcrogiuolo.it\/wp-content\/uploads\/2020\/04\/logo.png\",\"contentUrl\":\"https:\/\/ilcrogiuolo.it\/wp-content\/uploads\/2020\/04\/logo.png\",\"width\":200,\"height\":49,\"caption\":\"Il Crogiuolo\"},\"image\":{\"@id\":\"https:\/\/ilcrogiuolo.it\/it\/#\/schema\/logo\/image\/\"},\"sameAs\":[\"https:\/\/www.facebook.com\/Il-Crogiuolo-681876418491758\"]}]}<\/script>\n<!-- \/ Yoast SEO plugin. -->","yoast_head_json":{"title":"Tarocchi Evolve-re - 22 Arcani Maggiori - Il Crogiuolo","description":"Tarocchi Evolve-re - 22 Arcani Maggiori Gli Arcani Maggiori dei Tarocchi rappresentano archetipi universalmente riconosciuti, che ci appartengono da sempre. Sono figure emblematiche che ci","robots":{"index":"index","follow":"follow","max-snippet":"max-snippet:-1","max-image-preview":"max-image-preview:large","max-video-preview":"max-video-preview:-1"},"canonical":"https:\/\/ilcrogiuolo.it\/it\/p\/tarocchi-evolve-re-22-arcani-maggiori\/","og_locale":"it_IT","og_type":"article","og_title":"Tarocchi Evolve-re - 22 Arcani Maggiori - Il Crogiuolo","og_description":"Tarocchi Evolve-re - 22 Arcani Maggiori Gli Arcani Maggiori dei Tarocchi rappresentano archetipi universalmente riconosciuti, che ci appartengono da sempre. Sono figure emblematiche che ci","og_url":"https:\/\/ilcrogiuolo.it\/it\/p\/tarocchi-evolve-re-22-arcani-maggiori\/","og_site_name":"Il Crogiuolo","article_publisher":"https:\/\/www.facebook.com\/Il-Crogiuolo-681876418491758","article_modified_time":"2025-09-08T08:39:20+00:00","og_image":[{"width":627,"height":600,"url":"https:\/\/ilcrogiuolo.it\/wp-content\/uploads\/2020\/01\/tarocchievolvereevolveremeditazione_5184025.jpg","type":"image\/jpeg"}],"twitter_card":"summary_large_image","twitter_misc":{"Tempo di lettura stimato":"2 minuti"},"schema":{"@context":"https:\/\/schema.org","@graph":[{"@type":"WebPage","@id":"https:\/\/ilcrogiuolo.it\/it\/p\/tarocchi-evolve-re-22-arcani-maggiori\/","url":"https:\/\/ilcrogiuolo.it\/it\/p\/tarocchi-evolve-re-22-arcani-maggiori\/","name":"Tarocchi Evolve-re - 22 Arcani Maggiori - Il Crogiuolo","isPartOf":{"@id":"https:\/\/ilcrogiuolo.it\/it\/#website"},"primaryImageOfPage":{"@id":"https:\/\/ilcrogiuolo.it\/it\/p\/tarocchi-evolve-re-22-arcani-maggiori\/#primaryimage"},"image":{"@id":"https:\/\/ilcrogiuolo.it\/it\/p\/tarocchi-evolve-re-22-arcani-maggiori\/#primaryimage"},"thumbnailUrl":"https:\/\/ilcrogiuolo.it\/wp-content\/uploads\/2020\/01\/tarocchievolvereevolveremeditazione_5184025.jpg","datePublished":"2020-01-14T16:09:09+00:00","dateModified":"2025-09-08T08:39:20+00:00","description":"Tarocchi Evolve-re - 22 Arcani Maggiori Gli Arcani Maggiori dei Tarocchi rappresentano archetipi universalmente riconosciuti, che ci appartengono da sempre. Sono figure emblematiche che ci","breadcrumb":{"@id":"https:\/\/ilcrogiuolo.it\/it\/p\/tarocchi-evolve-re-22-arcani-maggiori\/#breadcrumb"},"inLanguage":"it-IT","potentialAction":[{"@type":"ReadAction","target":["https:\/\/ilcrogiuolo.it\/it\/p\/tarocchi-evolve-re-22-arcani-maggiori\/"]}]},{"@type":"ImageObject","inLanguage":"it-IT","@id":"https:\/\/ilcrogiuolo.it\/it\/p\/tarocchi-evolve-re-22-arcani-maggiori\/#primaryimage","url":"https:\/\/ilcrogiuolo.it\/wp-content\/uploads\/2020\/01\/tarocchievolvereevolveremeditazione_5184025.jpg","contentUrl":"https:\/\/ilcrogiuolo.it\/wp-content\/uploads\/2020\/01\/tarocchievolvereevolveremeditazione_5184025.jpg","width":627,"height":600},{"@type":"BreadcrumbList","@id":"https:\/\/ilcrogiuolo.it\/it\/p\/tarocchi-evolve-re-22-arcani-maggiori\/#breadcrumb","itemListElement":[{"@type":"ListItem","position":1,"name":"Home","item":"https:\/\/ilcrogiuolo.it\/it\/"},{"@type":"ListItem","position":2,"name":"Shop","item":"https:\/\/ilcrogiuolo.it\/it\/negozio\/"},{"@type":"ListItem","position":3,"name":"Tarocchi Evolve-re &#8211; 22 Arcani Maggiori"}]},{"@type":"WebSite","@id":"https:\/\/ilcrogiuolo.it\/it\/#website","url":"https:\/\/ilcrogiuolo.it\/it\/","name":"Il Crogiuolo","description":"","publisher":{"@id":"https:\/\/ilcrogiuolo.it\/it\/#organization"},"potentialAction":[{"@type":"SearchAction","target":{"@type":"EntryPoint","urlTemplate":"https:\/\/ilcrogiuolo.it\/it\/?s={search_term_string}"},"query-input":{"@type":"PropertyValueSpecification","valueRequired":true,"valueName":"search_term_string"}}],"inLanguage":"it-IT"},{"@type":"Organization","@id":"https:\/\/ilcrogiuolo.it\/it\/#organization","name":"Il Crogiuolo","url":"https:\/\/ilcrogiuolo.it\/it\/","logo":{"@type":"ImageObject","inLanguage":"it-IT","@id":"https:\/\/ilcrogiuolo.it\/it\/#\/schema\/logo\/image\/","url":"https:\/\/ilcrogiuolo.it\/wp-content\/uploads\/2020\/04\/logo.png","contentUrl":"https:\/\/ilcrogiuolo.it\/wp-content\/uploads\/2020\/04\/logo.png","width":200,"height":49,"caption":"Il Crogiuolo"},"image":{"@id":"https:\/\/ilcrogiuolo.it\/it\/#\/schema\/logo\/image\/"},"sameAs":["https:\/\/www.facebook.com\/Il-Crogiuolo-681876418491758"]}]}},"_links":{"self":[{"href":"https:\/\/ilcrogiuolo.it\/it\/wp-json\/wp\/v2\/product\/4623","targetHints":{"allow":["GET"]}}],"collection":[{"href":"https:\/\/ilcrogiuolo.it\/it\/wp-json\/wp\/v2\/product"}],"about":[{"href":"https:\/\/ilcrogiuolo.it\/it\/wp-json\/wp\/v2\/types\/product"}],"wp:featuredmedia":[{"embeddable":true,"href":"https:\/\/ilcrogiuolo.it\/it\/wp-json\/wp\/v2\/media\/4624"}],"wp:attachment":[{"href":"https:\/\/ilcrogiuolo.it\/it\/wp-json\/wp\/v2\/media?parent=4623"}],"wp:term":[{"taxonomy":"product_brand","embeddable":true,"href":"https:\/\/ilcrogiuolo.it\/it\/wp-json\/wp\/v2\/product_brand?post=4623"},{"taxonomy":"product_cat","embeddable":true,"href":"https:\/\/ilcrogiuolo.it\/it\/wp-json\/wp\/v2\/product_cat?post=4623"},{"taxonomy":"product_tag","embeddable":true,"href":"https:\/\/ilcrogiuolo.it\/it\/wp-json\/wp\/v2\/product_tag?post=4623"}],"curies":[{"name":"wp","href":"https:\/\/api.w.org\/{rel}","templated":true}]}}