{"id":45857,"date":"2024-03-26T12:43:22","date_gmt":"2024-03-26T11:43:22","guid":{"rendered":"https:\/\/ilcrogiuolo.it\/?post_type=product&#038;p=45857"},"modified":"2025-06-05T17:52:47","modified_gmt":"2025-06-05T15:52:47","slug":"manuale-di-cartomanzia-i-tarocchi","status":"publish","type":"product","link":"https:\/\/ilcrogiuolo.it\/it\/p\/manuale-di-cartomanzia-i-tarocchi\/","title":{"rendered":"MANUALE DI CARTOMANZIA &#8211; I TAROCCHI"},"content":{"rendered":"<p>IN OFFERTA FINO AL 1\u00b0 MAGGIO!<\/p>\n<p>Ecco un manuale chiaro, diretto, di cartomanzia con i tarocchi.<\/p>\n<div class=\"catDescription\">\n<p>Tecniche ed esercizi per ampliare le percezioni extrasensoriali da applicare nella vita di tutti i giorni, e per<strong> imparare ad interpretare i tarocchi.<\/strong><\/p>\n<p>Nel libro troverete in omaggio una pergamena con quattro simboli di protezione del Tetragrammaton gi\u00e0 purificata e pronta all\u2019uso.<\/p>\n<p>Il mondo non ci appartiene ma noi siamo parte di esso. Con la coscienza e la conoscenza possiamo renderlo migliore, ognuno di noi nel nostro piccolo perch\u00e9 le piccole cose messe insieme formano la grande opera.<\/p>\n<p><em>\u00ab&#8221;Manuale di Cartomanzia &#8211; I Tarocchi&#8221;<\/em> \u00e8 uno dei pochi libri completi in cui non si parla solo dei significati delle carte ma anche di <strong>come prepararsi e come sviluppare al meglio le vostre capacit\u00e0 extrasensoriali<\/strong>; poi per quanto riguarda l\u2019interpretazione delle singole carte, posso affermare la sua unicit\u00e0 in quanto i significati sono frutto delle mie percezioni ed esperienza anche se ci possono essere dei punti comuni con altre interpretazioni generali.<\/p>\n<p>I miei Angeli vorrebbero che attraverso questo libro, chi decide di praticare la cartomanzia possa imparare ad applicarla solo per il bene del prossimo, e d\u2019altra parte vorrebbero che le persone che si rivolgono ai cartomanti possono capire se qualcuno cerca di manipolarli e ingannarli a scopo di lucro in modo che possano proteggersi dai truffatori e dai ciarlatani.<\/p>\n<p>Consiglio a tutti di non amare il potere, ma di <strong>usare il potere dell\u2019amore che \u00e8 la pi\u00f9 potente formula della felicit\u00e0<\/strong>.\u00bb<\/p>\n<p><em><strong>Elena Eugenia Nutu<\/strong><\/em><\/p>\n<\/div>\n","protected":false},"excerpt":{"rendered":"<p>IN OFFERTA FINO AL 1\u00b0 MAGGIO! Ecco un manuale chiaro, diretto, di cartomanzia con i tarocchi. Tecniche ed esercizi per&#8230;<\/p>\n","protected":false},"featured_media":45858,"template":"","meta":{"_acf_changed":false},"product_brand":[],"product_cat":[1077,1536,1060],"product_tag":[],"class_list":{"0":"post-45857","1":"product","2":"type-product","3":"status-publish","4":"has-post-thumbnail","6":"product_cat-libreria-esoterica-libreria-esoterica","7":"product_cat-altre-edizioni","8":"product_cat-libreria-esoterica","10":"first","11":"outofstock","12":"sale","13":"taxable","14":"shipping-taxable","15":"purchasable","16":"product-type-simple","17":"add-to-wishlist-before_image"},"acf":[],"yoast_head":"<!-- This site is optimized with the Yoast SEO plugin v26.9 - https:\/\/yoast.com\/product\/yoast-seo-wordpress\/ -->\n<title>MANUALE DI CARTOMANZIA - I TAROCCHI - Il Crogiuolo<\/title>\n<meta name=\"description\" content=\"MANUALE DI CARTOMANZIA - I TAROCCHI IN OFFERTA FINO AL 1\u00b0 MAGGIO! Ecco un manuale chiaro, diretto, di cartomanzia con i tarocchi. Tecniche ed esercizi per ampliare le percezioni\" \/>\n<meta name=\"robots\" content=\"index, follow, max-snippet:-1, max-image-preview:large, max-video-preview:-1\" \/>\n<link rel=\"canonical\" href=\"https:\/\/ilcrogiuolo.it\/it\/p\/manuale-di-cartomanzia-i-tarocchi\/\" \/>\n<meta property=\"og:locale\" content=\"it_IT\" \/>\n<meta property=\"og:type\" content=\"article\" \/>\n<meta property=\"og:title\" content=\"MANUALE DI CARTOMANZIA - I TAROCCHI - Il Crogiuolo\" \/>\n<meta property=\"og:description\" content=\"MANUALE DI CARTOMANZIA - I TAROCCHI IN OFFERTA FINO AL 1\u00b0 MAGGIO! Ecco un manuale chiaro, diretto, di cartomanzia con i tarocchi. Tecniche ed esercizi per ampliare le percezioni\" \/>\n<meta property=\"og:url\" content=\"https:\/\/ilcrogiuolo.it\/it\/p\/manuale-di-cartomanzia-i-tarocchi\/\" \/>\n<meta property=\"og:site_name\" content=\"Il Crogiuolo\" \/>\n<meta property=\"article:publisher\" content=\"https:\/\/www.facebook.com\/Il-Crogiuolo-681876418491758\" \/>\n<meta property=\"article:modified_time\" content=\"2025-06-05T15:52:47+00:00\" \/>\n<meta property=\"og:image\" content=\"https:\/\/ilcrogiuolo.it\/wp-content\/uploads\/2024\/03\/TAROCCHI-MANUALE-ELENA-NUTU.png\" \/>\n\t<meta property=\"og:image:width\" content=\"768\" \/>\n\t<meta property=\"og:image:height\" content=\"766\" \/>\n\t<meta property=\"og:image:type\" content=\"image\/png\" \/>\n<meta name=\"twitter:card\" content=\"summary_large_image\" \/>\n<meta name=\"twitter:label1\" content=\"Tempo di lettura stimato\" \/>\n\t<meta name=\"twitter:data1\" content=\"2 minuti\" \/>\n<script type=\"application\/ld+json\" class=\"yoast-schema-graph\">{\"@context\":\"https:\/\/schema.org\",\"@graph\":[{\"@type\":\"WebPage\",\"@id\":\"https:\/\/ilcrogiuolo.it\/it\/p\/manuale-di-cartomanzia-i-tarocchi\/\",\"url\":\"https:\/\/ilcrogiuolo.it\/it\/p\/manuale-di-cartomanzia-i-tarocchi\/\",\"name\":\"MANUALE DI CARTOMANZIA - I TAROCCHI - Il Crogiuolo\",\"isPartOf\":{\"@id\":\"https:\/\/ilcrogiuolo.it\/it\/#website\"},\"primaryImageOfPage\":{\"@id\":\"https:\/\/ilcrogiuolo.it\/it\/p\/manuale-di-cartomanzia-i-tarocchi\/#primaryimage\"},\"image\":{\"@id\":\"https:\/\/ilcrogiuolo.it\/it\/p\/manuale-di-cartomanzia-i-tarocchi\/#primaryimage\"},\"thumbnailUrl\":\"https:\/\/ilcrogiuolo.it\/wp-content\/uploads\/2024\/03\/TAROCCHI-MANUALE-ELENA-NUTU.png\",\"datePublished\":\"2024-03-26T11:43:22+00:00\",\"dateModified\":\"2025-06-05T15:52:47+00:00\",\"description\":\"MANUALE DI CARTOMANZIA - I TAROCCHI IN OFFERTA FINO AL 1\u00b0 MAGGIO! Ecco un manuale chiaro, diretto, di cartomanzia con i tarocchi. Tecniche ed esercizi per ampliare le percezioni\",\"breadcrumb\":{\"@id\":\"https:\/\/ilcrogiuolo.it\/it\/p\/manuale-di-cartomanzia-i-tarocchi\/#breadcrumb\"},\"inLanguage\":\"it-IT\",\"potentialAction\":[{\"@type\":\"ReadAction\",\"target\":[\"https:\/\/ilcrogiuolo.it\/it\/p\/manuale-di-cartomanzia-i-tarocchi\/\"]}]},{\"@type\":\"ImageObject\",\"inLanguage\":\"it-IT\",\"@id\":\"https:\/\/ilcrogiuolo.it\/it\/p\/manuale-di-cartomanzia-i-tarocchi\/#primaryimage\",\"url\":\"https:\/\/ilcrogiuolo.it\/wp-content\/uploads\/2024\/03\/TAROCCHI-MANUALE-ELENA-NUTU.png\",\"contentUrl\":\"https:\/\/ilcrogiuolo.it\/wp-content\/uploads\/2024\/03\/TAROCCHI-MANUALE-ELENA-NUTU.png\",\"width\":768,\"height\":766},{\"@type\":\"BreadcrumbList\",\"@id\":\"https:\/\/ilcrogiuolo.it\/it\/p\/manuale-di-cartomanzia-i-tarocchi\/#breadcrumb\",\"itemListElement\":[{\"@type\":\"ListItem\",\"position\":1,\"name\":\"Home\",\"item\":\"https:\/\/ilcrogiuolo.it\/it\/\"},{\"@type\":\"ListItem\",\"position\":2,\"name\":\"Shop\",\"item\":\"https:\/\/ilcrogiuolo.it\/it\/negozio\/\"},{\"@type\":\"ListItem\",\"position\":3,\"name\":\"MANUALE DI CARTOMANZIA &#8211; I TAROCCHI\"}]},{\"@type\":\"WebSite\",\"@id\":\"https:\/\/ilcrogiuolo.it\/it\/#website\",\"url\":\"https:\/\/ilcrogiuolo.it\/it\/\",\"name\":\"Il Crogiuolo\",\"description\":\"\",\"publisher\":{\"@id\":\"https:\/\/ilcrogiuolo.it\/it\/#organization\"},\"potentialAction\":[{\"@type\":\"SearchAction\",\"target\":{\"@type\":\"EntryPoint\",\"urlTemplate\":\"https:\/\/ilcrogiuolo.it\/it\/?s={search_term_string}\"},\"query-input\":{\"@type\":\"PropertyValueSpecification\",\"valueRequired\":true,\"valueName\":\"search_term_string\"}}],\"inLanguage\":\"it-IT\"},{\"@type\":\"Organization\",\"@id\":\"https:\/\/ilcrogiuolo.it\/it\/#organization\",\"name\":\"Il Crogiuolo\",\"url\":\"https:\/\/ilcrogiuolo.it\/it\/\",\"logo\":{\"@type\":\"ImageObject\",\"inLanguage\":\"it-IT\",\"@id\":\"https:\/\/ilcrogiuolo.it\/it\/#\/schema\/logo\/image\/\",\"url\":\"https:\/\/ilcrogiuolo.it\/wp-content\/uploads\/2020\/04\/logo.png\",\"contentUrl\":\"https:\/\/ilcrogiuolo.it\/wp-content\/uploads\/2020\/04\/logo.png\",\"width\":200,\"height\":49,\"caption\":\"Il Crogiuolo\"},\"image\":{\"@id\":\"https:\/\/ilcrogiuolo.it\/it\/#\/schema\/logo\/image\/\"},\"sameAs\":[\"https:\/\/www.facebook.com\/Il-Crogiuolo-681876418491758\"]}]}<\/script>\n<!-- \/ Yoast SEO plugin. -->","yoast_head_json":{"title":"MANUALE DI CARTOMANZIA - I TAROCCHI - Il Crogiuolo","description":"MANUALE DI CARTOMANZIA - I TAROCCHI IN OFFERTA FINO AL 1\u00b0 MAGGIO! Ecco un manuale chiaro, diretto, di cartomanzia con i tarocchi. Tecniche ed esercizi per ampliare le percezioni","robots":{"index":"index","follow":"follow","max-snippet":"max-snippet:-1","max-image-preview":"max-image-preview:large","max-video-preview":"max-video-preview:-1"},"canonical":"https:\/\/ilcrogiuolo.it\/it\/p\/manuale-di-cartomanzia-i-tarocchi\/","og_locale":"it_IT","og_type":"article","og_title":"MANUALE DI CARTOMANZIA - I TAROCCHI - Il Crogiuolo","og_description":"MANUALE DI CARTOMANZIA - I TAROCCHI IN OFFERTA FINO AL 1\u00b0 MAGGIO! Ecco un manuale chiaro, diretto, di cartomanzia con i tarocchi. Tecniche ed esercizi per ampliare le percezioni","og_url":"https:\/\/ilcrogiuolo.it\/it\/p\/manuale-di-cartomanzia-i-tarocchi\/","og_site_name":"Il Crogiuolo","article_publisher":"https:\/\/www.facebook.com\/Il-Crogiuolo-681876418491758","article_modified_time":"2025-06-05T15:52:47+00:00","og_image":[{"width":768,"height":766,"url":"https:\/\/ilcrogiuolo.it\/wp-content\/uploads\/2024\/03\/TAROCCHI-MANUALE-ELENA-NUTU.png","type":"image\/png"}],"twitter_card":"summary_large_image","twitter_misc":{"Tempo di lettura stimato":"2 minuti"},"schema":{"@context":"https:\/\/schema.org","@graph":[{"@type":"WebPage","@id":"https:\/\/ilcrogiuolo.it\/it\/p\/manuale-di-cartomanzia-i-tarocchi\/","url":"https:\/\/ilcrogiuolo.it\/it\/p\/manuale-di-cartomanzia-i-tarocchi\/","name":"MANUALE DI CARTOMANZIA - I TAROCCHI - Il Crogiuolo","isPartOf":{"@id":"https:\/\/ilcrogiuolo.it\/it\/#website"},"primaryImageOfPage":{"@id":"https:\/\/ilcrogiuolo.it\/it\/p\/manuale-di-cartomanzia-i-tarocchi\/#primaryimage"},"image":{"@id":"https:\/\/ilcrogiuolo.it\/it\/p\/manuale-di-cartomanzia-i-tarocchi\/#primaryimage"},"thumbnailUrl":"https:\/\/ilcrogiuolo.it\/wp-content\/uploads\/2024\/03\/TAROCCHI-MANUALE-ELENA-NUTU.png","datePublished":"2024-03-26T11:43:22+00:00","dateModified":"2025-06-05T15:52:47+00:00","description":"MANUALE DI CARTOMANZIA - I TAROCCHI IN OFFERTA FINO AL 1\u00b0 MAGGIO! Ecco un manuale chiaro, diretto, di cartomanzia con i tarocchi. Tecniche ed esercizi per ampliare le percezioni","breadcrumb":{"@id":"https:\/\/ilcrogiuolo.it\/it\/p\/manuale-di-cartomanzia-i-tarocchi\/#breadcrumb"},"inLanguage":"it-IT","potentialAction":[{"@type":"ReadAction","target":["https:\/\/ilcrogiuolo.it\/it\/p\/manuale-di-cartomanzia-i-tarocchi\/"]}]},{"@type":"ImageObject","inLanguage":"it-IT","@id":"https:\/\/ilcrogiuolo.it\/it\/p\/manuale-di-cartomanzia-i-tarocchi\/#primaryimage","url":"https:\/\/ilcrogiuolo.it\/wp-content\/uploads\/2024\/03\/TAROCCHI-MANUALE-ELENA-NUTU.png","contentUrl":"https:\/\/ilcrogiuolo.it\/wp-content\/uploads\/2024\/03\/TAROCCHI-MANUALE-ELENA-NUTU.png","width":768,"height":766},{"@type":"BreadcrumbList","@id":"https:\/\/ilcrogiuolo.it\/it\/p\/manuale-di-cartomanzia-i-tarocchi\/#breadcrumb","itemListElement":[{"@type":"ListItem","position":1,"name":"Home","item":"https:\/\/ilcrogiuolo.it\/it\/"},{"@type":"ListItem","position":2,"name":"Shop","item":"https:\/\/ilcrogiuolo.it\/it\/negozio\/"},{"@type":"ListItem","position":3,"name":"MANUALE DI CARTOMANZIA &#8211; I TAROCCHI"}]},{"@type":"WebSite","@id":"https:\/\/ilcrogiuolo.it\/it\/#website","url":"https:\/\/ilcrogiuolo.it\/it\/","name":"Il Crogiuolo","description":"","publisher":{"@id":"https:\/\/ilcrogiuolo.it\/it\/#organization"},"potentialAction":[{"@type":"SearchAction","target":{"@type":"EntryPoint","urlTemplate":"https:\/\/ilcrogiuolo.it\/it\/?s={search_term_string}"},"query-input":{"@type":"PropertyValueSpecification","valueRequired":true,"valueName":"search_term_string"}}],"inLanguage":"it-IT"},{"@type":"Organization","@id":"https:\/\/ilcrogiuolo.it\/it\/#organization","name":"Il Crogiuolo","url":"https:\/\/ilcrogiuolo.it\/it\/","logo":{"@type":"ImageObject","inLanguage":"it-IT","@id":"https:\/\/ilcrogiuolo.it\/it\/#\/schema\/logo\/image\/","url":"https:\/\/ilcrogiuolo.it\/wp-content\/uploads\/2020\/04\/logo.png","contentUrl":"https:\/\/ilcrogiuolo.it\/wp-content\/uploads\/2020\/04\/logo.png","width":200,"height":49,"caption":"Il Crogiuolo"},"image":{"@id":"https:\/\/ilcrogiuolo.it\/it\/#\/schema\/logo\/image\/"},"sameAs":["https:\/\/www.facebook.com\/Il-Crogiuolo-681876418491758"]}]}},"_links":{"self":[{"href":"https:\/\/ilcrogiuolo.it\/it\/wp-json\/wp\/v2\/product\/45857","targetHints":{"allow":["GET"]}}],"collection":[{"href":"https:\/\/ilcrogiuolo.it\/it\/wp-json\/wp\/v2\/product"}],"about":[{"href":"https:\/\/ilcrogiuolo.it\/it\/wp-json\/wp\/v2\/types\/product"}],"wp:featuredmedia":[{"embeddable":true,"href":"https:\/\/ilcrogiuolo.it\/it\/wp-json\/wp\/v2\/media\/45858"}],"wp:attachment":[{"href":"https:\/\/ilcrogiuolo.it\/it\/wp-json\/wp\/v2\/media?parent=45857"}],"wp:term":[{"taxonomy":"product_brand","embeddable":true,"href":"https:\/\/ilcrogiuolo.it\/it\/wp-json\/wp\/v2\/product_brand?post=45857"},{"taxonomy":"product_cat","embeddable":true,"href":"https:\/\/ilcrogiuolo.it\/it\/wp-json\/wp\/v2\/product_cat?post=45857"},{"taxonomy":"product_tag","embeddable":true,"href":"https:\/\/ilcrogiuolo.it\/it\/wp-json\/wp\/v2\/product_tag?post=45857"}],"curies":[{"name":"wp","href":"https:\/\/api.w.org\/{rel}","templated":true}]}}