{"id":45764,"date":"2024-03-15T14:48:52","date_gmt":"2024-03-15T13:48:52","guid":{"rendered":"https:\/\/ilcrogiuolo.it\/?post_type=product&#038;p=45764"},"modified":"2024-03-19T16:49:28","modified_gmt":"2024-03-19T15:49:28","slug":"ciondolo-abracadabra","status":"publish","type":"product","link":"https:\/\/ilcrogiuolo.it\/it\/p\/ciondolo-abracadabra\/","title":{"rendered":"CIONDOLO ABRACADABRA"},"content":{"rendered":"<p>Abracadabra \u00e8 un vocabolo in uso nella magia mistica antica ed \u00e8 considerata universalmente la parola senza traduzione pi\u00f9 adottata nelle singole lingue. Nell\u2019antichit\u00e0 era utilizzata come protezione dalle malattie e come portafortuna. La prima testimonianza conosciuta si trova nel liber medicinalis di Quintus Serenus Sammonicus (III sec. D.C.), medico presso l\u2019imperatore Caracalla, che prescrisse che il paziente malato lo indossasse. In esoterismo si impiega in due versioni: con la punta rivolta versso il basso, versione MASCHILE, per proteggere dalle malattie e col la punta verso l\u2019alto, versione FEMMINILE, come rafforzamento del potere personale. Specificare in fase di acquisto se si desidera la versione maschile o quella femminile nel campo note.<\/p>\n<p>&nbsp;<\/p>\n<p>&nbsp;<\/p>\n<p>&nbsp;<\/p>\n","protected":false},"excerpt":{"rendered":"<p>Abracadabra \u00e8 un vocabolo in uso nella magia mistica antica ed \u00e8 considerata universalmente la parola senza traduzione pi\u00f9 adottata&#8230;<\/p>\n","protected":false},"featured_media":45765,"template":"","meta":{"_acf_changed":false},"product_brand":[],"product_cat":[1132,1066,1477],"product_tag":[],"class_list":{"0":"post-45764","1":"product","2":"type-product","3":"status-publish","4":"has-post-thumbnail","6":"product_cat-talismani-cabalistici-angelici-egizi","7":"product_cat-talismani-amuleti","8":"product_cat-talismani-egizi","10":"first","11":"instock","12":"taxable","13":"shipping-taxable","14":"purchasable","15":"product-type-simple","16":"add-to-wishlist-before_image"},"acf":[],"yoast_head":"<!-- This site is optimized with the Yoast SEO plugin v26.9 - https:\/\/yoast.com\/product\/yoast-seo-wordpress\/ -->\n<title>CIONDOLO ABRACADABRA - Il Crogiuolo<\/title>\n<meta name=\"description\" content=\"CIONDOLO ABRACADABRA Abracadabra \u00e8 un vocabolo in uso nella magia mistica antica ed \u00e8 considerata universalmente la parola senza traduzione pi\u00f9 adottata nelle singole lingue.\" \/>\n<meta name=\"robots\" content=\"index, follow, max-snippet:-1, max-image-preview:large, max-video-preview:-1\" \/>\n<link rel=\"canonical\" href=\"https:\/\/ilcrogiuolo.it\/it\/p\/ciondolo-abracadabra\/\" \/>\n<meta property=\"og:locale\" content=\"it_IT\" \/>\n<meta property=\"og:type\" content=\"article\" \/>\n<meta property=\"og:title\" content=\"CIONDOLO ABRACADABRA - Il Crogiuolo\" \/>\n<meta property=\"og:description\" content=\"CIONDOLO ABRACADABRA Abracadabra \u00e8 un vocabolo in uso nella magia mistica antica ed \u00e8 considerata universalmente la parola senza traduzione pi\u00f9 adottata nelle singole lingue.\" \/>\n<meta property=\"og:url\" content=\"https:\/\/ilcrogiuolo.it\/it\/p\/ciondolo-abracadabra\/\" \/>\n<meta property=\"og:site_name\" content=\"Il Crogiuolo\" \/>\n<meta property=\"article:publisher\" content=\"https:\/\/www.facebook.com\/Il-Crogiuolo-681876418491758\" \/>\n<meta property=\"article:modified_time\" content=\"2024-03-19T15:49:28+00:00\" \/>\n<meta property=\"og:image\" content=\"https:\/\/ilcrogiuolo.it\/wp-content\/uploads\/2024\/03\/ABRACADABRA.png\" \/>\n\t<meta property=\"og:image:width\" content=\"627\" \/>\n\t<meta property=\"og:image:height\" content=\"600\" \/>\n\t<meta property=\"og:image:type\" content=\"image\/png\" \/>\n<meta name=\"twitter:card\" content=\"summary_large_image\" \/>\n<meta name=\"twitter:label1\" content=\"Tempo di lettura stimato\" \/>\n\t<meta name=\"twitter:data1\" content=\"1 minuto\" \/>\n<script type=\"application\/ld+json\" class=\"yoast-schema-graph\">{\"@context\":\"https:\/\/schema.org\",\"@graph\":[{\"@type\":\"WebPage\",\"@id\":\"https:\/\/ilcrogiuolo.it\/it\/p\/ciondolo-abracadabra\/\",\"url\":\"https:\/\/ilcrogiuolo.it\/it\/p\/ciondolo-abracadabra\/\",\"name\":\"CIONDOLO ABRACADABRA - Il Crogiuolo\",\"isPartOf\":{\"@id\":\"https:\/\/ilcrogiuolo.it\/it\/#website\"},\"primaryImageOfPage\":{\"@id\":\"https:\/\/ilcrogiuolo.it\/it\/p\/ciondolo-abracadabra\/#primaryimage\"},\"image\":{\"@id\":\"https:\/\/ilcrogiuolo.it\/it\/p\/ciondolo-abracadabra\/#primaryimage\"},\"thumbnailUrl\":\"https:\/\/ilcrogiuolo.it\/wp-content\/uploads\/2024\/03\/ABRACADABRA.png\",\"datePublished\":\"2024-03-15T13:48:52+00:00\",\"dateModified\":\"2024-03-19T15:49:28+00:00\",\"description\":\"CIONDOLO ABRACADABRA Abracadabra \u00e8 un vocabolo in uso nella magia mistica antica ed \u00e8 considerata universalmente la parola senza traduzione pi\u00f9 adottata nelle singole lingue.\",\"breadcrumb\":{\"@id\":\"https:\/\/ilcrogiuolo.it\/it\/p\/ciondolo-abracadabra\/#breadcrumb\"},\"inLanguage\":\"it-IT\",\"potentialAction\":[{\"@type\":\"ReadAction\",\"target\":[\"https:\/\/ilcrogiuolo.it\/it\/p\/ciondolo-abracadabra\/\"]}]},{\"@type\":\"ImageObject\",\"inLanguage\":\"it-IT\",\"@id\":\"https:\/\/ilcrogiuolo.it\/it\/p\/ciondolo-abracadabra\/#primaryimage\",\"url\":\"https:\/\/ilcrogiuolo.it\/wp-content\/uploads\/2024\/03\/ABRACADABRA.png\",\"contentUrl\":\"https:\/\/ilcrogiuolo.it\/wp-content\/uploads\/2024\/03\/ABRACADABRA.png\",\"width\":627,\"height\":600},{\"@type\":\"BreadcrumbList\",\"@id\":\"https:\/\/ilcrogiuolo.it\/it\/p\/ciondolo-abracadabra\/#breadcrumb\",\"itemListElement\":[{\"@type\":\"ListItem\",\"position\":1,\"name\":\"Home\",\"item\":\"https:\/\/ilcrogiuolo.it\/it\/\"},{\"@type\":\"ListItem\",\"position\":2,\"name\":\"Shop\",\"item\":\"https:\/\/ilcrogiuolo.it\/it\/negozio\/\"},{\"@type\":\"ListItem\",\"position\":3,\"name\":\"CIONDOLO ABRACADABRA\"}]},{\"@type\":\"WebSite\",\"@id\":\"https:\/\/ilcrogiuolo.it\/it\/#website\",\"url\":\"https:\/\/ilcrogiuolo.it\/it\/\",\"name\":\"Il Crogiuolo\",\"description\":\"\",\"publisher\":{\"@id\":\"https:\/\/ilcrogiuolo.it\/it\/#organization\"},\"potentialAction\":[{\"@type\":\"SearchAction\",\"target\":{\"@type\":\"EntryPoint\",\"urlTemplate\":\"https:\/\/ilcrogiuolo.it\/it\/?s={search_term_string}\"},\"query-input\":{\"@type\":\"PropertyValueSpecification\",\"valueRequired\":true,\"valueName\":\"search_term_string\"}}],\"inLanguage\":\"it-IT\"},{\"@type\":\"Organization\",\"@id\":\"https:\/\/ilcrogiuolo.it\/it\/#organization\",\"name\":\"Il Crogiuolo\",\"url\":\"https:\/\/ilcrogiuolo.it\/it\/\",\"logo\":{\"@type\":\"ImageObject\",\"inLanguage\":\"it-IT\",\"@id\":\"https:\/\/ilcrogiuolo.it\/it\/#\/schema\/logo\/image\/\",\"url\":\"https:\/\/ilcrogiuolo.it\/wp-content\/uploads\/2020\/04\/logo.png\",\"contentUrl\":\"https:\/\/ilcrogiuolo.it\/wp-content\/uploads\/2020\/04\/logo.png\",\"width\":200,\"height\":49,\"caption\":\"Il Crogiuolo\"},\"image\":{\"@id\":\"https:\/\/ilcrogiuolo.it\/it\/#\/schema\/logo\/image\/\"},\"sameAs\":[\"https:\/\/www.facebook.com\/Il-Crogiuolo-681876418491758\"]}]}<\/script>\n<!-- \/ Yoast SEO plugin. -->","yoast_head_json":{"title":"CIONDOLO ABRACADABRA - Il Crogiuolo","description":"CIONDOLO ABRACADABRA Abracadabra \u00e8 un vocabolo in uso nella magia mistica antica ed \u00e8 considerata universalmente la parola senza traduzione pi\u00f9 adottata nelle singole lingue.","robots":{"index":"index","follow":"follow","max-snippet":"max-snippet:-1","max-image-preview":"max-image-preview:large","max-video-preview":"max-video-preview:-1"},"canonical":"https:\/\/ilcrogiuolo.it\/it\/p\/ciondolo-abracadabra\/","og_locale":"it_IT","og_type":"article","og_title":"CIONDOLO ABRACADABRA - Il Crogiuolo","og_description":"CIONDOLO ABRACADABRA Abracadabra \u00e8 un vocabolo in uso nella magia mistica antica ed \u00e8 considerata universalmente la parola senza traduzione pi\u00f9 adottata nelle singole lingue.","og_url":"https:\/\/ilcrogiuolo.it\/it\/p\/ciondolo-abracadabra\/","og_site_name":"Il Crogiuolo","article_publisher":"https:\/\/www.facebook.com\/Il-Crogiuolo-681876418491758","article_modified_time":"2024-03-19T15:49:28+00:00","og_image":[{"width":627,"height":600,"url":"https:\/\/ilcrogiuolo.it\/wp-content\/uploads\/2024\/03\/ABRACADABRA.png","type":"image\/png"}],"twitter_card":"summary_large_image","twitter_misc":{"Tempo di lettura stimato":"1 minuto"},"schema":{"@context":"https:\/\/schema.org","@graph":[{"@type":"WebPage","@id":"https:\/\/ilcrogiuolo.it\/it\/p\/ciondolo-abracadabra\/","url":"https:\/\/ilcrogiuolo.it\/it\/p\/ciondolo-abracadabra\/","name":"CIONDOLO ABRACADABRA - Il Crogiuolo","isPartOf":{"@id":"https:\/\/ilcrogiuolo.it\/it\/#website"},"primaryImageOfPage":{"@id":"https:\/\/ilcrogiuolo.it\/it\/p\/ciondolo-abracadabra\/#primaryimage"},"image":{"@id":"https:\/\/ilcrogiuolo.it\/it\/p\/ciondolo-abracadabra\/#primaryimage"},"thumbnailUrl":"https:\/\/ilcrogiuolo.it\/wp-content\/uploads\/2024\/03\/ABRACADABRA.png","datePublished":"2024-03-15T13:48:52+00:00","dateModified":"2024-03-19T15:49:28+00:00","description":"CIONDOLO ABRACADABRA Abracadabra \u00e8 un vocabolo in uso nella magia mistica antica ed \u00e8 considerata universalmente la parola senza traduzione pi\u00f9 adottata nelle singole lingue.","breadcrumb":{"@id":"https:\/\/ilcrogiuolo.it\/it\/p\/ciondolo-abracadabra\/#breadcrumb"},"inLanguage":"it-IT","potentialAction":[{"@type":"ReadAction","target":["https:\/\/ilcrogiuolo.it\/it\/p\/ciondolo-abracadabra\/"]}]},{"@type":"ImageObject","inLanguage":"it-IT","@id":"https:\/\/ilcrogiuolo.it\/it\/p\/ciondolo-abracadabra\/#primaryimage","url":"https:\/\/ilcrogiuolo.it\/wp-content\/uploads\/2024\/03\/ABRACADABRA.png","contentUrl":"https:\/\/ilcrogiuolo.it\/wp-content\/uploads\/2024\/03\/ABRACADABRA.png","width":627,"height":600},{"@type":"BreadcrumbList","@id":"https:\/\/ilcrogiuolo.it\/it\/p\/ciondolo-abracadabra\/#breadcrumb","itemListElement":[{"@type":"ListItem","position":1,"name":"Home","item":"https:\/\/ilcrogiuolo.it\/it\/"},{"@type":"ListItem","position":2,"name":"Shop","item":"https:\/\/ilcrogiuolo.it\/it\/negozio\/"},{"@type":"ListItem","position":3,"name":"CIONDOLO ABRACADABRA"}]},{"@type":"WebSite","@id":"https:\/\/ilcrogiuolo.it\/it\/#website","url":"https:\/\/ilcrogiuolo.it\/it\/","name":"Il Crogiuolo","description":"","publisher":{"@id":"https:\/\/ilcrogiuolo.it\/it\/#organization"},"potentialAction":[{"@type":"SearchAction","target":{"@type":"EntryPoint","urlTemplate":"https:\/\/ilcrogiuolo.it\/it\/?s={search_term_string}"},"query-input":{"@type":"PropertyValueSpecification","valueRequired":true,"valueName":"search_term_string"}}],"inLanguage":"it-IT"},{"@type":"Organization","@id":"https:\/\/ilcrogiuolo.it\/it\/#organization","name":"Il Crogiuolo","url":"https:\/\/ilcrogiuolo.it\/it\/","logo":{"@type":"ImageObject","inLanguage":"it-IT","@id":"https:\/\/ilcrogiuolo.it\/it\/#\/schema\/logo\/image\/","url":"https:\/\/ilcrogiuolo.it\/wp-content\/uploads\/2020\/04\/logo.png","contentUrl":"https:\/\/ilcrogiuolo.it\/wp-content\/uploads\/2020\/04\/logo.png","width":200,"height":49,"caption":"Il Crogiuolo"},"image":{"@id":"https:\/\/ilcrogiuolo.it\/it\/#\/schema\/logo\/image\/"},"sameAs":["https:\/\/www.facebook.com\/Il-Crogiuolo-681876418491758"]}]}},"_links":{"self":[{"href":"https:\/\/ilcrogiuolo.it\/it\/wp-json\/wp\/v2\/product\/45764","targetHints":{"allow":["GET"]}}],"collection":[{"href":"https:\/\/ilcrogiuolo.it\/it\/wp-json\/wp\/v2\/product"}],"about":[{"href":"https:\/\/ilcrogiuolo.it\/it\/wp-json\/wp\/v2\/types\/product"}],"wp:featuredmedia":[{"embeddable":true,"href":"https:\/\/ilcrogiuolo.it\/it\/wp-json\/wp\/v2\/media\/45765"}],"wp:attachment":[{"href":"https:\/\/ilcrogiuolo.it\/it\/wp-json\/wp\/v2\/media?parent=45764"}],"wp:term":[{"taxonomy":"product_brand","embeddable":true,"href":"https:\/\/ilcrogiuolo.it\/it\/wp-json\/wp\/v2\/product_brand?post=45764"},{"taxonomy":"product_cat","embeddable":true,"href":"https:\/\/ilcrogiuolo.it\/it\/wp-json\/wp\/v2\/product_cat?post=45764"},{"taxonomy":"product_tag","embeddable":true,"href":"https:\/\/ilcrogiuolo.it\/it\/wp-json\/wp\/v2\/product_tag?post=45764"}],"curies":[{"name":"wp","href":"https:\/\/api.w.org\/{rel}","templated":true}]}}