{"id":4551,"date":"2020-01-14T17:09:03","date_gmt":"2020-01-14T16:09:03","guid":{"rendered":"https:\/\/ilcrogiuolo.it\/p\/anello-karnak-argento-925-gr-3-9\/"},"modified":"2025-09-11T16:21:07","modified_gmt":"2025-09-11T14:21:07","slug":"anello-karnak-argento-925-gr-3-9","status":"publish","type":"product","link":"https:\/\/ilcrogiuolo.it\/it\/p\/anello-karnak-argento-925-gr-3-9\/","title":{"rendered":"ANELLO KARNAK PLACCATO IN ARGENTO GR 3.0"},"content":{"rendered":"<p>Il simbolo riportato su questo bellissimo anello, realizzato in ottone, acciaio e placcato argento, \u00e8 stato rinvenuto nel tempio di Karnak ed \u00e8 un simbolo di collegamento tra l&#8217;Alto ed il Basso Egitto. E&#8217; considerato un ottimo simbolo di schermatura radiestesica.Non bisogna mai far toccare ad altri il proprio anello, neppure al partner o ad una persona cara. Quando lo si mette dito la prima volta si deve seguire questa procedura: far bollire per due minuti l&#8217;anello con del sale in una pentolina d&#8217;acqua di bottiglia (acqua di fonte e poi farlo asciugare in pieno sole per 1 ora. Questa operazione andrebbe ripetuta ogni volta che qualcuno tocchi il vostro anello contaminando la vostra energia con la propria&#8230;<\/p>\n<p>L\u2019anello Karnak \u00e8 uno degli strumenti cari alla radiestesia, dove spesso viene chiamato Anello di Atlantide o Anello del Re.<\/p>\n<p>I simboli riprodotti infatti, secondo la tradizione, rispondono alle esigenze di una precisa formula esoterica a lungo provata e confermata da ricercatori del calibro di un Andr\u00e9 de Belizal e Roger de Lafforest. Non \u00e8 un talismano o una specie di feticcio ma \u00e8 considerato piuttosto un piccolo miracolo di fisica microvibratoria che manifesta il proprio potere in tre campi specifici: protezione, cura e potenziamento dell&#8217;intuizione.<\/p>\n<p><strong>PROTEZIONE:<\/strong> L&#8217;Anello Re o di ATLANTIDE \u00e8 considerato un naturale raccoglitore, secondo i principi della radionica, di energia cosmica e mette in grado il radiestesista di proteggersi dalle rimanenze e dalle contaminazioni energetiche con le quali viene a contatto durante la ricerca e il lavoro di analisi. Analizzare qualcuno o qualcosa significa &#8220;mettersi in risonanza&#8221; con quella particolare frequenza&#8230; \u00e8 necessario dunque proteggersi da eventuali energie non perfettamente in sintonia con le proprie. Un altro testato impiego dell&#8217;anello sarebbe quello di permettere al radiestesista di prolungare il tempo della ricerca che altrimenti non potrebbe protrarsi per pi\u00f9 di un&#8217;ora. L&#8217;anello Re limita, secondo quanto si tramanda la stanchezza. Molti lo consigliano infatti anche alle persone che per lavoro o percorso si trovano a dover affaticare molto la mente ed agli studenti, specialmente quando si trovassero a preparare esami o concorsi. si dice che i simboli riportati possano risolvere disfunzioni energetiche semplicemente portando l\u2019anello in un determinato dito della mano seguendo queste istruzioni:<\/p>\n","protected":false},"excerpt":{"rendered":"<p>Il simbolo riportato su questo bellissimo anello, realizzato in ottone, acciaio e placcato argento, \u00e8 stato rinvenuto nel tempio di&#8230;<\/p>\n","protected":false},"featured_media":4552,"template":"","meta":{"_acf_changed":false},"product_brand":[],"product_cat":[1109,1066,1393],"product_tag":[],"class_list":{"0":"post-4551","1":"product","2":"type-product","3":"status-publish","4":"has-post-thumbnail","6":"product_cat-anelli-in-argento-925-e-oro-18-kt","7":"product_cat-talismani-amuleti","8":"product_cat-talismani-anelli-angelici-salomonici-egizi","10":"first","11":"instock","12":"taxable","13":"shipping-taxable","14":"purchasable","15":"product-type-simple","16":"add-to-wishlist-before_image"},"acf":[],"yoast_head":"<!-- This site is optimized with the Yoast SEO plugin v26.9 - https:\/\/yoast.com\/product\/yoast-seo-wordpress\/ -->\n<title>ANELLO KARNAK PLACCATO IN ARGENTO GR 3.0 - Il Crogiuolo<\/title>\n<meta name=\"description\" content=\"ANELLO KARNAK PLACCATO IN ARGENTO GR 3.0 Il simbolo riportato su questo bellissimo anello, realizzato in ottone, acciaio e placcato argento, \u00e8 stato rinvenuto nel tempio di Karnak ed \u00e8 un simbolo\" \/>\n<meta name=\"robots\" content=\"index, follow, max-snippet:-1, max-image-preview:large, max-video-preview:-1\" \/>\n<link rel=\"canonical\" href=\"https:\/\/ilcrogiuolo.it\/it\/p\/anello-karnak-argento-925-gr-3-9\/\" \/>\n<meta property=\"og:locale\" content=\"it_IT\" \/>\n<meta property=\"og:type\" content=\"article\" \/>\n<meta property=\"og:title\" content=\"ANELLO KARNAK PLACCATO IN ARGENTO GR 3.0 - Il Crogiuolo\" \/>\n<meta property=\"og:description\" content=\"ANELLO KARNAK PLACCATO IN ARGENTO GR 3.0 Il simbolo riportato su questo bellissimo anello, realizzato in ottone, acciaio e placcato argento, \u00e8 stato rinvenuto nel tempio di Karnak ed \u00e8 un simbolo\" \/>\n<meta property=\"og:url\" content=\"https:\/\/ilcrogiuolo.it\/it\/p\/anello-karnak-argento-925-gr-3-9\/\" \/>\n<meta property=\"og:site_name\" content=\"Il Crogiuolo\" \/>\n<meta property=\"article:publisher\" content=\"https:\/\/www.facebook.com\/Il-Crogiuolo-681876418491758\" \/>\n<meta property=\"article:modified_time\" content=\"2025-09-11T14:21:07+00:00\" \/>\n<meta property=\"og:image\" content=\"https:\/\/ilcrogiuolo.it\/wp-content\/uploads\/2020\/01\/anellokarnakaperto_0860624.jpg\" \/>\n\t<meta property=\"og:image:width\" content=\"627\" \/>\n\t<meta property=\"og:image:height\" content=\"600\" \/>\n\t<meta property=\"og:image:type\" content=\"image\/jpeg\" \/>\n<meta name=\"twitter:card\" content=\"summary_large_image\" \/>\n<meta name=\"twitter:label1\" content=\"Tempo di lettura stimato\" \/>\n\t<meta name=\"twitter:data1\" content=\"3 minuti\" \/>\n<script type=\"application\/ld+json\" class=\"yoast-schema-graph\">{\"@context\":\"https:\/\/schema.org\",\"@graph\":[{\"@type\":\"WebPage\",\"@id\":\"https:\/\/ilcrogiuolo.it\/it\/p\/anello-karnak-argento-925-gr-3-9\/\",\"url\":\"https:\/\/ilcrogiuolo.it\/it\/p\/anello-karnak-argento-925-gr-3-9\/\",\"name\":\"ANELLO KARNAK PLACCATO IN ARGENTO GR 3.0 - Il Crogiuolo\",\"isPartOf\":{\"@id\":\"https:\/\/ilcrogiuolo.it\/it\/#website\"},\"primaryImageOfPage\":{\"@id\":\"https:\/\/ilcrogiuolo.it\/it\/p\/anello-karnak-argento-925-gr-3-9\/#primaryimage\"},\"image\":{\"@id\":\"https:\/\/ilcrogiuolo.it\/it\/p\/anello-karnak-argento-925-gr-3-9\/#primaryimage\"},\"thumbnailUrl\":\"https:\/\/ilcrogiuolo.it\/wp-content\/uploads\/2020\/01\/anellokarnakaperto_0860624.jpg\",\"datePublished\":\"2020-01-14T16:09:03+00:00\",\"dateModified\":\"2025-09-11T14:21:07+00:00\",\"description\":\"ANELLO KARNAK PLACCATO IN ARGENTO GR 3.0 Il simbolo riportato su questo bellissimo anello, realizzato in ottone, acciaio e placcato argento, \u00e8 stato rinvenuto nel tempio di Karnak ed \u00e8 un simbolo\",\"breadcrumb\":{\"@id\":\"https:\/\/ilcrogiuolo.it\/it\/p\/anello-karnak-argento-925-gr-3-9\/#breadcrumb\"},\"inLanguage\":\"it-IT\",\"potentialAction\":[{\"@type\":\"ReadAction\",\"target\":[\"https:\/\/ilcrogiuolo.it\/it\/p\/anello-karnak-argento-925-gr-3-9\/\"]}]},{\"@type\":\"ImageObject\",\"inLanguage\":\"it-IT\",\"@id\":\"https:\/\/ilcrogiuolo.it\/it\/p\/anello-karnak-argento-925-gr-3-9\/#primaryimage\",\"url\":\"https:\/\/ilcrogiuolo.it\/wp-content\/uploads\/2020\/01\/anellokarnakaperto_0860624.jpg\",\"contentUrl\":\"https:\/\/ilcrogiuolo.it\/wp-content\/uploads\/2020\/01\/anellokarnakaperto_0860624.jpg\",\"width\":627,\"height\":600},{\"@type\":\"BreadcrumbList\",\"@id\":\"https:\/\/ilcrogiuolo.it\/it\/p\/anello-karnak-argento-925-gr-3-9\/#breadcrumb\",\"itemListElement\":[{\"@type\":\"ListItem\",\"position\":1,\"name\":\"Home\",\"item\":\"https:\/\/ilcrogiuolo.it\/it\/\"},{\"@type\":\"ListItem\",\"position\":2,\"name\":\"Shop\",\"item\":\"https:\/\/ilcrogiuolo.it\/it\/negozio\/\"},{\"@type\":\"ListItem\",\"position\":3,\"name\":\"ANELLO KARNAK PLACCATO IN ARGENTO GR 3.0\"}]},{\"@type\":\"WebSite\",\"@id\":\"https:\/\/ilcrogiuolo.it\/it\/#website\",\"url\":\"https:\/\/ilcrogiuolo.it\/it\/\",\"name\":\"Il Crogiuolo\",\"description\":\"\",\"publisher\":{\"@id\":\"https:\/\/ilcrogiuolo.it\/it\/#organization\"},\"potentialAction\":[{\"@type\":\"SearchAction\",\"target\":{\"@type\":\"EntryPoint\",\"urlTemplate\":\"https:\/\/ilcrogiuolo.it\/it\/?s={search_term_string}\"},\"query-input\":{\"@type\":\"PropertyValueSpecification\",\"valueRequired\":true,\"valueName\":\"search_term_string\"}}],\"inLanguage\":\"it-IT\"},{\"@type\":\"Organization\",\"@id\":\"https:\/\/ilcrogiuolo.it\/it\/#organization\",\"name\":\"Il Crogiuolo\",\"url\":\"https:\/\/ilcrogiuolo.it\/it\/\",\"logo\":{\"@type\":\"ImageObject\",\"inLanguage\":\"it-IT\",\"@id\":\"https:\/\/ilcrogiuolo.it\/it\/#\/schema\/logo\/image\/\",\"url\":\"https:\/\/ilcrogiuolo.it\/wp-content\/uploads\/2020\/04\/logo.png\",\"contentUrl\":\"https:\/\/ilcrogiuolo.it\/wp-content\/uploads\/2020\/04\/logo.png\",\"width\":200,\"height\":49,\"caption\":\"Il Crogiuolo\"},\"image\":{\"@id\":\"https:\/\/ilcrogiuolo.it\/it\/#\/schema\/logo\/image\/\"},\"sameAs\":[\"https:\/\/www.facebook.com\/Il-Crogiuolo-681876418491758\"]}]}<\/script>\n<!-- \/ Yoast SEO plugin. -->","yoast_head_json":{"title":"ANELLO KARNAK PLACCATO IN ARGENTO GR 3.0 - Il Crogiuolo","description":"ANELLO KARNAK PLACCATO IN ARGENTO GR 3.0 Il simbolo riportato su questo bellissimo anello, realizzato in ottone, acciaio e placcato argento, \u00e8 stato rinvenuto nel tempio di Karnak ed \u00e8 un simbolo","robots":{"index":"index","follow":"follow","max-snippet":"max-snippet:-1","max-image-preview":"max-image-preview:large","max-video-preview":"max-video-preview:-1"},"canonical":"https:\/\/ilcrogiuolo.it\/it\/p\/anello-karnak-argento-925-gr-3-9\/","og_locale":"it_IT","og_type":"article","og_title":"ANELLO KARNAK PLACCATO IN ARGENTO GR 3.0 - Il Crogiuolo","og_description":"ANELLO KARNAK PLACCATO IN ARGENTO GR 3.0 Il simbolo riportato su questo bellissimo anello, realizzato in ottone, acciaio e placcato argento, \u00e8 stato rinvenuto nel tempio di Karnak ed \u00e8 un simbolo","og_url":"https:\/\/ilcrogiuolo.it\/it\/p\/anello-karnak-argento-925-gr-3-9\/","og_site_name":"Il Crogiuolo","article_publisher":"https:\/\/www.facebook.com\/Il-Crogiuolo-681876418491758","article_modified_time":"2025-09-11T14:21:07+00:00","og_image":[{"width":627,"height":600,"url":"https:\/\/ilcrogiuolo.it\/wp-content\/uploads\/2020\/01\/anellokarnakaperto_0860624.jpg","type":"image\/jpeg"}],"twitter_card":"summary_large_image","twitter_misc":{"Tempo di lettura stimato":"3 minuti"},"schema":{"@context":"https:\/\/schema.org","@graph":[{"@type":"WebPage","@id":"https:\/\/ilcrogiuolo.it\/it\/p\/anello-karnak-argento-925-gr-3-9\/","url":"https:\/\/ilcrogiuolo.it\/it\/p\/anello-karnak-argento-925-gr-3-9\/","name":"ANELLO KARNAK PLACCATO IN ARGENTO GR 3.0 - Il Crogiuolo","isPartOf":{"@id":"https:\/\/ilcrogiuolo.it\/it\/#website"},"primaryImageOfPage":{"@id":"https:\/\/ilcrogiuolo.it\/it\/p\/anello-karnak-argento-925-gr-3-9\/#primaryimage"},"image":{"@id":"https:\/\/ilcrogiuolo.it\/it\/p\/anello-karnak-argento-925-gr-3-9\/#primaryimage"},"thumbnailUrl":"https:\/\/ilcrogiuolo.it\/wp-content\/uploads\/2020\/01\/anellokarnakaperto_0860624.jpg","datePublished":"2020-01-14T16:09:03+00:00","dateModified":"2025-09-11T14:21:07+00:00","description":"ANELLO KARNAK PLACCATO IN ARGENTO GR 3.0 Il simbolo riportato su questo bellissimo anello, realizzato in ottone, acciaio e placcato argento, \u00e8 stato rinvenuto nel tempio di Karnak ed \u00e8 un simbolo","breadcrumb":{"@id":"https:\/\/ilcrogiuolo.it\/it\/p\/anello-karnak-argento-925-gr-3-9\/#breadcrumb"},"inLanguage":"it-IT","potentialAction":[{"@type":"ReadAction","target":["https:\/\/ilcrogiuolo.it\/it\/p\/anello-karnak-argento-925-gr-3-9\/"]}]},{"@type":"ImageObject","inLanguage":"it-IT","@id":"https:\/\/ilcrogiuolo.it\/it\/p\/anello-karnak-argento-925-gr-3-9\/#primaryimage","url":"https:\/\/ilcrogiuolo.it\/wp-content\/uploads\/2020\/01\/anellokarnakaperto_0860624.jpg","contentUrl":"https:\/\/ilcrogiuolo.it\/wp-content\/uploads\/2020\/01\/anellokarnakaperto_0860624.jpg","width":627,"height":600},{"@type":"BreadcrumbList","@id":"https:\/\/ilcrogiuolo.it\/it\/p\/anello-karnak-argento-925-gr-3-9\/#breadcrumb","itemListElement":[{"@type":"ListItem","position":1,"name":"Home","item":"https:\/\/ilcrogiuolo.it\/it\/"},{"@type":"ListItem","position":2,"name":"Shop","item":"https:\/\/ilcrogiuolo.it\/it\/negozio\/"},{"@type":"ListItem","position":3,"name":"ANELLO KARNAK PLACCATO IN ARGENTO GR 3.0"}]},{"@type":"WebSite","@id":"https:\/\/ilcrogiuolo.it\/it\/#website","url":"https:\/\/ilcrogiuolo.it\/it\/","name":"Il Crogiuolo","description":"","publisher":{"@id":"https:\/\/ilcrogiuolo.it\/it\/#organization"},"potentialAction":[{"@type":"SearchAction","target":{"@type":"EntryPoint","urlTemplate":"https:\/\/ilcrogiuolo.it\/it\/?s={search_term_string}"},"query-input":{"@type":"PropertyValueSpecification","valueRequired":true,"valueName":"search_term_string"}}],"inLanguage":"it-IT"},{"@type":"Organization","@id":"https:\/\/ilcrogiuolo.it\/it\/#organization","name":"Il Crogiuolo","url":"https:\/\/ilcrogiuolo.it\/it\/","logo":{"@type":"ImageObject","inLanguage":"it-IT","@id":"https:\/\/ilcrogiuolo.it\/it\/#\/schema\/logo\/image\/","url":"https:\/\/ilcrogiuolo.it\/wp-content\/uploads\/2020\/04\/logo.png","contentUrl":"https:\/\/ilcrogiuolo.it\/wp-content\/uploads\/2020\/04\/logo.png","width":200,"height":49,"caption":"Il Crogiuolo"},"image":{"@id":"https:\/\/ilcrogiuolo.it\/it\/#\/schema\/logo\/image\/"},"sameAs":["https:\/\/www.facebook.com\/Il-Crogiuolo-681876418491758"]}]}},"_links":{"self":[{"href":"https:\/\/ilcrogiuolo.it\/it\/wp-json\/wp\/v2\/product\/4551","targetHints":{"allow":["GET"]}}],"collection":[{"href":"https:\/\/ilcrogiuolo.it\/it\/wp-json\/wp\/v2\/product"}],"about":[{"href":"https:\/\/ilcrogiuolo.it\/it\/wp-json\/wp\/v2\/types\/product"}],"wp:featuredmedia":[{"embeddable":true,"href":"https:\/\/ilcrogiuolo.it\/it\/wp-json\/wp\/v2\/media\/4552"}],"wp:attachment":[{"href":"https:\/\/ilcrogiuolo.it\/it\/wp-json\/wp\/v2\/media?parent=4551"}],"wp:term":[{"taxonomy":"product_brand","embeddable":true,"href":"https:\/\/ilcrogiuolo.it\/it\/wp-json\/wp\/v2\/product_brand?post=4551"},{"taxonomy":"product_cat","embeddable":true,"href":"https:\/\/ilcrogiuolo.it\/it\/wp-json\/wp\/v2\/product_cat?post=4551"},{"taxonomy":"product_tag","embeddable":true,"href":"https:\/\/ilcrogiuolo.it\/it\/wp-json\/wp\/v2\/product_tag?post=4551"}],"curies":[{"name":"wp","href":"https:\/\/api.w.org\/{rel}","templated":true}]}}