{"id":4502,"date":"2020-01-14T17:08:56","date_gmt":"2020-01-14T16:08:56","guid":{"rendered":"https:\/\/ilcrogiuolo.it\/p\/i-tarocchi-del-maestro\/"},"modified":"2023-03-14T10:48:03","modified_gmt":"2023-03-14T09:48:03","slug":"i-tarocchi-del-maestro","status":"publish","type":"product","link":"https:\/\/ilcrogiuolo.it\/it\/p\/i-tarocchi-del-maestro\/","title":{"rendered":"I Tarocchi del Maestro"},"content":{"rendered":"<p><span id=\"ProductDescription-P153\"><span id=\"ProductDescription-P150\"><span id=\"ProductDescription-P154\"><span id=\"ProductDescription-P44\"><span id=\"ProductDescription-P146\"><strong>I Tarocchi del Maestro<\/strong><br \/>\nArte di Giovanni Vacchetta<br \/>\nTorino, 1893<br \/>\nColori di Michela Gaudenzi<br \/>\n78 carte \u2013 66&#215;120 mm \u2013 Istruzioni<br \/>\nDisponibile in: I, Uk, F, D, Es.<br \/>\nCodice: EX 42<\/span><\/span><\/span><\/span><\/span><\/p>\n<p><span id=\"ProductDescription-P153\">A Giovanni Vacchetta, docente universitario e mecenate vissuto alla fine dell\u2019Ottocento, si devono questi Tarocchi, che uniscono all\u2019eleganza del segno l\u2019originalit\u00e0 delle immagini. Raffinato artista, il Maestro si ciment\u00f2 in questa sua creazione come se lavorasse un blocco di marmo, scolpendo le figure per donare loro un senso di solidit\u00e0 materiale.<\/span><\/p>\n","protected":false},"excerpt":{"rendered":"<p>I Tarocchi del Maestro Arte di Giovanni Vacchetta Torino, 1893 Colori di Michela Gaudenzi 78 carte \u2013 66&#215;120 mm \u2013&#8230;<\/p>\n","protected":false},"featured_media":4503,"template":"","meta":{"_acf_changed":false},"product_brand":[],"product_cat":[1088,1062,1401],"product_tag":[],"class_list":{"0":"post-4502","1":"product","2":"type-product","3":"status-publish","4":"has-post-thumbnail","6":"product_cat-tarocchi-sibille-oracoli","7":"product_cat-divinazione","8":"product_cat-tarocchi-storici-lo-scarabeo","10":"first","11":"instock","12":"taxable","13":"shipping-taxable","14":"purchasable","15":"product-type-simple","16":"add-to-wishlist-before_image"},"acf":[],"yoast_head":"<!-- This site is optimized with the Yoast SEO plugin v26.9 - https:\/\/yoast.com\/product\/yoast-seo-wordpress\/ -->\n<title>I Tarocchi del Maestro - Il Crogiuolo<\/title>\n<meta name=\"description\" content=\"I Tarocchi del Maestro I Tarocchi del Maestro Arte di Giovanni Vacchetta Torino, 1893 Colori di Michela Gaudenzi 78 carte \u2013 66x120 mm \u2013 Istruzioni Disponibile in: I, Uk, F, D,\" \/>\n<meta name=\"robots\" content=\"index, follow, max-snippet:-1, max-image-preview:large, max-video-preview:-1\" \/>\n<link rel=\"canonical\" href=\"https:\/\/ilcrogiuolo.it\/it\/p\/i-tarocchi-del-maestro\/\" \/>\n<meta property=\"og:locale\" content=\"it_IT\" \/>\n<meta property=\"og:type\" content=\"article\" \/>\n<meta property=\"og:title\" content=\"I Tarocchi del Maestro - Il Crogiuolo\" \/>\n<meta property=\"og:description\" content=\"I Tarocchi del Maestro I Tarocchi del Maestro Arte di Giovanni Vacchetta Torino, 1893 Colori di Michela Gaudenzi 78 carte \u2013 66x120 mm \u2013 Istruzioni Disponibile in: I, Uk, F, D,\" \/>\n<meta property=\"og:url\" content=\"https:\/\/ilcrogiuolo.it\/it\/p\/i-tarocchi-del-maestro\/\" \/>\n<meta property=\"og:site_name\" content=\"Il Crogiuolo\" \/>\n<meta property=\"article:publisher\" content=\"https:\/\/www.facebook.com\/Il-Crogiuolo-681876418491758\" \/>\n<meta property=\"article:modified_time\" content=\"2023-03-14T09:48:03+00:00\" \/>\n<meta property=\"og:image\" content=\"https:\/\/ilcrogiuolo.it\/wp-content\/uploads\/2020\/01\/tarocchimaestro_9743270.jpg\" \/>\n\t<meta property=\"og:image:width\" content=\"627\" \/>\n\t<meta property=\"og:image:height\" content=\"600\" \/>\n\t<meta property=\"og:image:type\" content=\"image\/jpeg\" \/>\n<meta name=\"twitter:card\" content=\"summary_large_image\" \/>\n<meta name=\"twitter:label1\" content=\"Tempo di lettura stimato\" \/>\n\t<meta name=\"twitter:data1\" content=\"1 minuto\" \/>\n<script type=\"application\/ld+json\" class=\"yoast-schema-graph\">{\"@context\":\"https:\/\/schema.org\",\"@graph\":[{\"@type\":\"WebPage\",\"@id\":\"https:\/\/ilcrogiuolo.it\/it\/p\/i-tarocchi-del-maestro\/\",\"url\":\"https:\/\/ilcrogiuolo.it\/it\/p\/i-tarocchi-del-maestro\/\",\"name\":\"I Tarocchi del Maestro - Il Crogiuolo\",\"isPartOf\":{\"@id\":\"https:\/\/ilcrogiuolo.it\/it\/#website\"},\"primaryImageOfPage\":{\"@id\":\"https:\/\/ilcrogiuolo.it\/it\/p\/i-tarocchi-del-maestro\/#primaryimage\"},\"image\":{\"@id\":\"https:\/\/ilcrogiuolo.it\/it\/p\/i-tarocchi-del-maestro\/#primaryimage\"},\"thumbnailUrl\":\"https:\/\/ilcrogiuolo.it\/wp-content\/uploads\/2020\/01\/tarocchimaestro_9743270.jpg\",\"datePublished\":\"2020-01-14T16:08:56+00:00\",\"dateModified\":\"2023-03-14T09:48:03+00:00\",\"description\":\"I Tarocchi del Maestro I Tarocchi del Maestro Arte di Giovanni Vacchetta Torino, 1893 Colori di Michela Gaudenzi 78 carte \u2013 66x120 mm \u2013 Istruzioni Disponibile in: I, Uk, F, D,\",\"breadcrumb\":{\"@id\":\"https:\/\/ilcrogiuolo.it\/it\/p\/i-tarocchi-del-maestro\/#breadcrumb\"},\"inLanguage\":\"it-IT\",\"potentialAction\":[{\"@type\":\"ReadAction\",\"target\":[\"https:\/\/ilcrogiuolo.it\/it\/p\/i-tarocchi-del-maestro\/\"]}]},{\"@type\":\"ImageObject\",\"inLanguage\":\"it-IT\",\"@id\":\"https:\/\/ilcrogiuolo.it\/it\/p\/i-tarocchi-del-maestro\/#primaryimage\",\"url\":\"https:\/\/ilcrogiuolo.it\/wp-content\/uploads\/2020\/01\/tarocchimaestro_9743270.jpg\",\"contentUrl\":\"https:\/\/ilcrogiuolo.it\/wp-content\/uploads\/2020\/01\/tarocchimaestro_9743270.jpg\",\"width\":627,\"height\":600},{\"@type\":\"BreadcrumbList\",\"@id\":\"https:\/\/ilcrogiuolo.it\/it\/p\/i-tarocchi-del-maestro\/#breadcrumb\",\"itemListElement\":[{\"@type\":\"ListItem\",\"position\":1,\"name\":\"Home\",\"item\":\"https:\/\/ilcrogiuolo.it\/it\/\"},{\"@type\":\"ListItem\",\"position\":2,\"name\":\"Shop\",\"item\":\"https:\/\/ilcrogiuolo.it\/it\/negozio\/\"},{\"@type\":\"ListItem\",\"position\":3,\"name\":\"I Tarocchi del Maestro\"}]},{\"@type\":\"WebSite\",\"@id\":\"https:\/\/ilcrogiuolo.it\/it\/#website\",\"url\":\"https:\/\/ilcrogiuolo.it\/it\/\",\"name\":\"Il Crogiuolo\",\"description\":\"\",\"publisher\":{\"@id\":\"https:\/\/ilcrogiuolo.it\/it\/#organization\"},\"potentialAction\":[{\"@type\":\"SearchAction\",\"target\":{\"@type\":\"EntryPoint\",\"urlTemplate\":\"https:\/\/ilcrogiuolo.it\/it\/?s={search_term_string}\"},\"query-input\":{\"@type\":\"PropertyValueSpecification\",\"valueRequired\":true,\"valueName\":\"search_term_string\"}}],\"inLanguage\":\"it-IT\"},{\"@type\":\"Organization\",\"@id\":\"https:\/\/ilcrogiuolo.it\/it\/#organization\",\"name\":\"Il Crogiuolo\",\"url\":\"https:\/\/ilcrogiuolo.it\/it\/\",\"logo\":{\"@type\":\"ImageObject\",\"inLanguage\":\"it-IT\",\"@id\":\"https:\/\/ilcrogiuolo.it\/it\/#\/schema\/logo\/image\/\",\"url\":\"https:\/\/ilcrogiuolo.it\/wp-content\/uploads\/2020\/04\/logo.png\",\"contentUrl\":\"https:\/\/ilcrogiuolo.it\/wp-content\/uploads\/2020\/04\/logo.png\",\"width\":200,\"height\":49,\"caption\":\"Il Crogiuolo\"},\"image\":{\"@id\":\"https:\/\/ilcrogiuolo.it\/it\/#\/schema\/logo\/image\/\"},\"sameAs\":[\"https:\/\/www.facebook.com\/Il-Crogiuolo-681876418491758\"]}]}<\/script>\n<!-- \/ Yoast SEO plugin. -->","yoast_head_json":{"title":"I Tarocchi del Maestro - Il Crogiuolo","description":"I Tarocchi del Maestro I Tarocchi del Maestro Arte di Giovanni Vacchetta Torino, 1893 Colori di Michela Gaudenzi 78 carte \u2013 66x120 mm \u2013 Istruzioni Disponibile in: I, Uk, F, D,","robots":{"index":"index","follow":"follow","max-snippet":"max-snippet:-1","max-image-preview":"max-image-preview:large","max-video-preview":"max-video-preview:-1"},"canonical":"https:\/\/ilcrogiuolo.it\/it\/p\/i-tarocchi-del-maestro\/","og_locale":"it_IT","og_type":"article","og_title":"I Tarocchi del Maestro - Il Crogiuolo","og_description":"I Tarocchi del Maestro I Tarocchi del Maestro Arte di Giovanni Vacchetta Torino, 1893 Colori di Michela Gaudenzi 78 carte \u2013 66x120 mm \u2013 Istruzioni Disponibile in: I, Uk, F, D,","og_url":"https:\/\/ilcrogiuolo.it\/it\/p\/i-tarocchi-del-maestro\/","og_site_name":"Il Crogiuolo","article_publisher":"https:\/\/www.facebook.com\/Il-Crogiuolo-681876418491758","article_modified_time":"2023-03-14T09:48:03+00:00","og_image":[{"width":627,"height":600,"url":"https:\/\/ilcrogiuolo.it\/wp-content\/uploads\/2020\/01\/tarocchimaestro_9743270.jpg","type":"image\/jpeg"}],"twitter_card":"summary_large_image","twitter_misc":{"Tempo di lettura stimato":"1 minuto"},"schema":{"@context":"https:\/\/schema.org","@graph":[{"@type":"WebPage","@id":"https:\/\/ilcrogiuolo.it\/it\/p\/i-tarocchi-del-maestro\/","url":"https:\/\/ilcrogiuolo.it\/it\/p\/i-tarocchi-del-maestro\/","name":"I Tarocchi del Maestro - Il Crogiuolo","isPartOf":{"@id":"https:\/\/ilcrogiuolo.it\/it\/#website"},"primaryImageOfPage":{"@id":"https:\/\/ilcrogiuolo.it\/it\/p\/i-tarocchi-del-maestro\/#primaryimage"},"image":{"@id":"https:\/\/ilcrogiuolo.it\/it\/p\/i-tarocchi-del-maestro\/#primaryimage"},"thumbnailUrl":"https:\/\/ilcrogiuolo.it\/wp-content\/uploads\/2020\/01\/tarocchimaestro_9743270.jpg","datePublished":"2020-01-14T16:08:56+00:00","dateModified":"2023-03-14T09:48:03+00:00","description":"I Tarocchi del Maestro I Tarocchi del Maestro Arte di Giovanni Vacchetta Torino, 1893 Colori di Michela Gaudenzi 78 carte \u2013 66x120 mm \u2013 Istruzioni Disponibile in: I, Uk, F, D,","breadcrumb":{"@id":"https:\/\/ilcrogiuolo.it\/it\/p\/i-tarocchi-del-maestro\/#breadcrumb"},"inLanguage":"it-IT","potentialAction":[{"@type":"ReadAction","target":["https:\/\/ilcrogiuolo.it\/it\/p\/i-tarocchi-del-maestro\/"]}]},{"@type":"ImageObject","inLanguage":"it-IT","@id":"https:\/\/ilcrogiuolo.it\/it\/p\/i-tarocchi-del-maestro\/#primaryimage","url":"https:\/\/ilcrogiuolo.it\/wp-content\/uploads\/2020\/01\/tarocchimaestro_9743270.jpg","contentUrl":"https:\/\/ilcrogiuolo.it\/wp-content\/uploads\/2020\/01\/tarocchimaestro_9743270.jpg","width":627,"height":600},{"@type":"BreadcrumbList","@id":"https:\/\/ilcrogiuolo.it\/it\/p\/i-tarocchi-del-maestro\/#breadcrumb","itemListElement":[{"@type":"ListItem","position":1,"name":"Home","item":"https:\/\/ilcrogiuolo.it\/it\/"},{"@type":"ListItem","position":2,"name":"Shop","item":"https:\/\/ilcrogiuolo.it\/it\/negozio\/"},{"@type":"ListItem","position":3,"name":"I Tarocchi del Maestro"}]},{"@type":"WebSite","@id":"https:\/\/ilcrogiuolo.it\/it\/#website","url":"https:\/\/ilcrogiuolo.it\/it\/","name":"Il Crogiuolo","description":"","publisher":{"@id":"https:\/\/ilcrogiuolo.it\/it\/#organization"},"potentialAction":[{"@type":"SearchAction","target":{"@type":"EntryPoint","urlTemplate":"https:\/\/ilcrogiuolo.it\/it\/?s={search_term_string}"},"query-input":{"@type":"PropertyValueSpecification","valueRequired":true,"valueName":"search_term_string"}}],"inLanguage":"it-IT"},{"@type":"Organization","@id":"https:\/\/ilcrogiuolo.it\/it\/#organization","name":"Il Crogiuolo","url":"https:\/\/ilcrogiuolo.it\/it\/","logo":{"@type":"ImageObject","inLanguage":"it-IT","@id":"https:\/\/ilcrogiuolo.it\/it\/#\/schema\/logo\/image\/","url":"https:\/\/ilcrogiuolo.it\/wp-content\/uploads\/2020\/04\/logo.png","contentUrl":"https:\/\/ilcrogiuolo.it\/wp-content\/uploads\/2020\/04\/logo.png","width":200,"height":49,"caption":"Il Crogiuolo"},"image":{"@id":"https:\/\/ilcrogiuolo.it\/it\/#\/schema\/logo\/image\/"},"sameAs":["https:\/\/www.facebook.com\/Il-Crogiuolo-681876418491758"]}]}},"_links":{"self":[{"href":"https:\/\/ilcrogiuolo.it\/it\/wp-json\/wp\/v2\/product\/4502","targetHints":{"allow":["GET"]}}],"collection":[{"href":"https:\/\/ilcrogiuolo.it\/it\/wp-json\/wp\/v2\/product"}],"about":[{"href":"https:\/\/ilcrogiuolo.it\/it\/wp-json\/wp\/v2\/types\/product"}],"wp:featuredmedia":[{"embeddable":true,"href":"https:\/\/ilcrogiuolo.it\/it\/wp-json\/wp\/v2\/media\/4503"}],"wp:attachment":[{"href":"https:\/\/ilcrogiuolo.it\/it\/wp-json\/wp\/v2\/media?parent=4502"}],"wp:term":[{"taxonomy":"product_brand","embeddable":true,"href":"https:\/\/ilcrogiuolo.it\/it\/wp-json\/wp\/v2\/product_brand?post=4502"},{"taxonomy":"product_cat","embeddable":true,"href":"https:\/\/ilcrogiuolo.it\/it\/wp-json\/wp\/v2\/product_cat?post=4502"},{"taxonomy":"product_tag","embeddable":true,"href":"https:\/\/ilcrogiuolo.it\/it\/wp-json\/wp\/v2\/product_tag?post=4502"}],"curies":[{"name":"wp","href":"https:\/\/api.w.org\/{rel}","templated":true}]}}