{"id":4427,"date":"2020-01-14T17:08:40","date_gmt":"2020-01-14T16:08:40","guid":{"rendered":"https:\/\/ilcrogiuolo.it\/p\/i-tarocchi-di-durer\/"},"modified":"2022-02-01T13:23:20","modified_gmt":"2022-02-01T12:23:20","slug":"i-tarocchi-di-durer","status":"publish","type":"product","link":"https:\/\/ilcrogiuolo.it\/it\/p\/i-tarocchi-di-durer\/","title":{"rendered":"I Tarocchi di D\u00fcrer"},"content":{"rendered":"<p><strong>I Tarocchi di D\u00fcrer<\/strong><br \/>\nManfredi Toraldo<br \/>\nArte di Giacinto Gaudenzi<br \/>\n78 carte \u2013 66&#215;120 mm \u2013 Istruzioni<br \/>\nDisponibile in: I, Uk, F, D, Es.<\/p>\n<p>Per dare vita a questi Tarocchi, l\u2019arte incisoria dell\u2019artista tedesco Albrecht D\u00fcrer \u00e8 stata\u00a0 interpretata in chiave simbolica dando cos\u00ec vita ad un mazzo straordinario che propone la lettura divinatoria attraverso l\u2019iconografia classica, in omaggio al segno di D\u00fcrer.<\/p>\n","protected":false},"excerpt":{"rendered":"<p>I Tarocchi di D\u00fcrer Manfredi Toraldo Arte di Giacinto Gaudenzi 78 carte \u2013 66&#215;120 mm \u2013 Istruzioni Disponibile in: I,&#8230;<\/p>\n","protected":false},"featured_media":4428,"template":"","meta":{"_acf_changed":false},"product_brand":[],"product_cat":[1088,1062,1402],"product_tag":[],"class_list":{"0":"post-4427","1":"product","2":"type-product","3":"status-publish","4":"has-post-thumbnail","6":"product_cat-tarocchi-sibille-oracoli","7":"product_cat-divinazione","8":"product_cat-tarocchi-classici-lo-scarabeo","10":"first","11":"outofstock","12":"taxable","13":"shipping-taxable","14":"purchasable","15":"product-type-simple","16":"add-to-wishlist-before_image"},"acf":[],"yoast_head":"<!-- This site is optimized with the Yoast SEO plugin v26.9 - https:\/\/yoast.com\/product\/yoast-seo-wordpress\/ -->\n<title>I Tarocchi di D\u00fcrer - Il Crogiuolo<\/title>\n<meta name=\"description\" content=\"I Tarocchi di D\u00fcrer I Tarocchi di D\u00fcrer Manfredi Toraldo Arte di Giacinto Gaudenzi 78 carte \u2013 66x120 mm \u2013 Istruzioni Disponibile in: I, Uk, F, D, Es. Per dare vita a questi\" \/>\n<meta name=\"robots\" content=\"index, follow, max-snippet:-1, max-image-preview:large, max-video-preview:-1\" \/>\n<link rel=\"canonical\" href=\"https:\/\/ilcrogiuolo.it\/it\/p\/i-tarocchi-di-durer\/\" \/>\n<meta property=\"og:locale\" content=\"it_IT\" \/>\n<meta property=\"og:type\" content=\"article\" \/>\n<meta property=\"og:title\" content=\"I Tarocchi di D\u00fcrer - Il Crogiuolo\" \/>\n<meta property=\"og:description\" content=\"I Tarocchi di D\u00fcrer I Tarocchi di D\u00fcrer Manfredi Toraldo Arte di Giacinto Gaudenzi 78 carte \u2013 66x120 mm \u2013 Istruzioni Disponibile in: I, Uk, F, D, Es. Per dare vita a questi\" \/>\n<meta property=\"og:url\" content=\"https:\/\/ilcrogiuolo.it\/it\/p\/i-tarocchi-di-durer\/\" \/>\n<meta property=\"og:site_name\" content=\"Il Crogiuolo\" \/>\n<meta property=\"article:publisher\" content=\"https:\/\/www.facebook.com\/Il-Crogiuolo-681876418491758\" \/>\n<meta property=\"article:modified_time\" content=\"2022-02-01T12:23:20+00:00\" \/>\n<meta property=\"og:image\" content=\"https:\/\/ilcrogiuolo.it\/wp-content\/uploads\/2020\/01\/tarocchidurer_0528101.jpg\" \/>\n\t<meta property=\"og:image:width\" content=\"627\" \/>\n\t<meta property=\"og:image:height\" content=\"600\" \/>\n\t<meta property=\"og:image:type\" content=\"image\/jpeg\" \/>\n<meta name=\"twitter:card\" content=\"summary_large_image\" \/>\n<script type=\"application\/ld+json\" class=\"yoast-schema-graph\">{\"@context\":\"https:\/\/schema.org\",\"@graph\":[{\"@type\":\"WebPage\",\"@id\":\"https:\/\/ilcrogiuolo.it\/it\/p\/i-tarocchi-di-durer\/\",\"url\":\"https:\/\/ilcrogiuolo.it\/it\/p\/i-tarocchi-di-durer\/\",\"name\":\"I Tarocchi di D\u00fcrer - Il Crogiuolo\",\"isPartOf\":{\"@id\":\"https:\/\/ilcrogiuolo.it\/it\/#website\"},\"primaryImageOfPage\":{\"@id\":\"https:\/\/ilcrogiuolo.it\/it\/p\/i-tarocchi-di-durer\/#primaryimage\"},\"image\":{\"@id\":\"https:\/\/ilcrogiuolo.it\/it\/p\/i-tarocchi-di-durer\/#primaryimage\"},\"thumbnailUrl\":\"https:\/\/ilcrogiuolo.it\/wp-content\/uploads\/2020\/01\/tarocchidurer_0528101.jpg\",\"datePublished\":\"2020-01-14T16:08:40+00:00\",\"dateModified\":\"2022-02-01T12:23:20+00:00\",\"description\":\"I Tarocchi di D\u00fcrer I Tarocchi di D\u00fcrer Manfredi Toraldo Arte di Giacinto Gaudenzi 78 carte \u2013 66x120 mm \u2013 Istruzioni Disponibile in: I, Uk, F, D, Es. Per dare vita a questi\",\"breadcrumb\":{\"@id\":\"https:\/\/ilcrogiuolo.it\/it\/p\/i-tarocchi-di-durer\/#breadcrumb\"},\"inLanguage\":\"it-IT\",\"potentialAction\":[{\"@type\":\"ReadAction\",\"target\":[\"https:\/\/ilcrogiuolo.it\/it\/p\/i-tarocchi-di-durer\/\"]}]},{\"@type\":\"ImageObject\",\"inLanguage\":\"it-IT\",\"@id\":\"https:\/\/ilcrogiuolo.it\/it\/p\/i-tarocchi-di-durer\/#primaryimage\",\"url\":\"https:\/\/ilcrogiuolo.it\/wp-content\/uploads\/2020\/01\/tarocchidurer_0528101.jpg\",\"contentUrl\":\"https:\/\/ilcrogiuolo.it\/wp-content\/uploads\/2020\/01\/tarocchidurer_0528101.jpg\",\"width\":627,\"height\":600},{\"@type\":\"BreadcrumbList\",\"@id\":\"https:\/\/ilcrogiuolo.it\/it\/p\/i-tarocchi-di-durer\/#breadcrumb\",\"itemListElement\":[{\"@type\":\"ListItem\",\"position\":1,\"name\":\"Home\",\"item\":\"https:\/\/ilcrogiuolo.it\/it\/\"},{\"@type\":\"ListItem\",\"position\":2,\"name\":\"Shop\",\"item\":\"https:\/\/ilcrogiuolo.it\/it\/negozio\/\"},{\"@type\":\"ListItem\",\"position\":3,\"name\":\"I Tarocchi di D\u00fcrer\"}]},{\"@type\":\"WebSite\",\"@id\":\"https:\/\/ilcrogiuolo.it\/it\/#website\",\"url\":\"https:\/\/ilcrogiuolo.it\/it\/\",\"name\":\"Il Crogiuolo\",\"description\":\"\",\"publisher\":{\"@id\":\"https:\/\/ilcrogiuolo.it\/it\/#organization\"},\"potentialAction\":[{\"@type\":\"SearchAction\",\"target\":{\"@type\":\"EntryPoint\",\"urlTemplate\":\"https:\/\/ilcrogiuolo.it\/it\/?s={search_term_string}\"},\"query-input\":{\"@type\":\"PropertyValueSpecification\",\"valueRequired\":true,\"valueName\":\"search_term_string\"}}],\"inLanguage\":\"it-IT\"},{\"@type\":\"Organization\",\"@id\":\"https:\/\/ilcrogiuolo.it\/it\/#organization\",\"name\":\"Il Crogiuolo\",\"url\":\"https:\/\/ilcrogiuolo.it\/it\/\",\"logo\":{\"@type\":\"ImageObject\",\"inLanguage\":\"it-IT\",\"@id\":\"https:\/\/ilcrogiuolo.it\/it\/#\/schema\/logo\/image\/\",\"url\":\"https:\/\/ilcrogiuolo.it\/wp-content\/uploads\/2020\/04\/logo.png\",\"contentUrl\":\"https:\/\/ilcrogiuolo.it\/wp-content\/uploads\/2020\/04\/logo.png\",\"width\":200,\"height\":49,\"caption\":\"Il Crogiuolo\"},\"image\":{\"@id\":\"https:\/\/ilcrogiuolo.it\/it\/#\/schema\/logo\/image\/\"},\"sameAs\":[\"https:\/\/www.facebook.com\/Il-Crogiuolo-681876418491758\"]}]}<\/script>\n<!-- \/ Yoast SEO plugin. -->","yoast_head_json":{"title":"I Tarocchi di D\u00fcrer - Il Crogiuolo","description":"I Tarocchi di D\u00fcrer I Tarocchi di D\u00fcrer Manfredi Toraldo Arte di Giacinto Gaudenzi 78 carte \u2013 66x120 mm \u2013 Istruzioni Disponibile in: I, Uk, F, D, Es. Per dare vita a questi","robots":{"index":"index","follow":"follow","max-snippet":"max-snippet:-1","max-image-preview":"max-image-preview:large","max-video-preview":"max-video-preview:-1"},"canonical":"https:\/\/ilcrogiuolo.it\/it\/p\/i-tarocchi-di-durer\/","og_locale":"it_IT","og_type":"article","og_title":"I Tarocchi di D\u00fcrer - Il Crogiuolo","og_description":"I Tarocchi di D\u00fcrer I Tarocchi di D\u00fcrer Manfredi Toraldo Arte di Giacinto Gaudenzi 78 carte \u2013 66x120 mm \u2013 Istruzioni Disponibile in: I, Uk, F, D, Es. Per dare vita a questi","og_url":"https:\/\/ilcrogiuolo.it\/it\/p\/i-tarocchi-di-durer\/","og_site_name":"Il Crogiuolo","article_publisher":"https:\/\/www.facebook.com\/Il-Crogiuolo-681876418491758","article_modified_time":"2022-02-01T12:23:20+00:00","og_image":[{"width":627,"height":600,"url":"https:\/\/ilcrogiuolo.it\/wp-content\/uploads\/2020\/01\/tarocchidurer_0528101.jpg","type":"image\/jpeg"}],"twitter_card":"summary_large_image","schema":{"@context":"https:\/\/schema.org","@graph":[{"@type":"WebPage","@id":"https:\/\/ilcrogiuolo.it\/it\/p\/i-tarocchi-di-durer\/","url":"https:\/\/ilcrogiuolo.it\/it\/p\/i-tarocchi-di-durer\/","name":"I Tarocchi di D\u00fcrer - Il Crogiuolo","isPartOf":{"@id":"https:\/\/ilcrogiuolo.it\/it\/#website"},"primaryImageOfPage":{"@id":"https:\/\/ilcrogiuolo.it\/it\/p\/i-tarocchi-di-durer\/#primaryimage"},"image":{"@id":"https:\/\/ilcrogiuolo.it\/it\/p\/i-tarocchi-di-durer\/#primaryimage"},"thumbnailUrl":"https:\/\/ilcrogiuolo.it\/wp-content\/uploads\/2020\/01\/tarocchidurer_0528101.jpg","datePublished":"2020-01-14T16:08:40+00:00","dateModified":"2022-02-01T12:23:20+00:00","description":"I Tarocchi di D\u00fcrer I Tarocchi di D\u00fcrer Manfredi Toraldo Arte di Giacinto Gaudenzi 78 carte \u2013 66x120 mm \u2013 Istruzioni Disponibile in: I, Uk, F, D, Es. Per dare vita a questi","breadcrumb":{"@id":"https:\/\/ilcrogiuolo.it\/it\/p\/i-tarocchi-di-durer\/#breadcrumb"},"inLanguage":"it-IT","potentialAction":[{"@type":"ReadAction","target":["https:\/\/ilcrogiuolo.it\/it\/p\/i-tarocchi-di-durer\/"]}]},{"@type":"ImageObject","inLanguage":"it-IT","@id":"https:\/\/ilcrogiuolo.it\/it\/p\/i-tarocchi-di-durer\/#primaryimage","url":"https:\/\/ilcrogiuolo.it\/wp-content\/uploads\/2020\/01\/tarocchidurer_0528101.jpg","contentUrl":"https:\/\/ilcrogiuolo.it\/wp-content\/uploads\/2020\/01\/tarocchidurer_0528101.jpg","width":627,"height":600},{"@type":"BreadcrumbList","@id":"https:\/\/ilcrogiuolo.it\/it\/p\/i-tarocchi-di-durer\/#breadcrumb","itemListElement":[{"@type":"ListItem","position":1,"name":"Home","item":"https:\/\/ilcrogiuolo.it\/it\/"},{"@type":"ListItem","position":2,"name":"Shop","item":"https:\/\/ilcrogiuolo.it\/it\/negozio\/"},{"@type":"ListItem","position":3,"name":"I Tarocchi di D\u00fcrer"}]},{"@type":"WebSite","@id":"https:\/\/ilcrogiuolo.it\/it\/#website","url":"https:\/\/ilcrogiuolo.it\/it\/","name":"Il Crogiuolo","description":"","publisher":{"@id":"https:\/\/ilcrogiuolo.it\/it\/#organization"},"potentialAction":[{"@type":"SearchAction","target":{"@type":"EntryPoint","urlTemplate":"https:\/\/ilcrogiuolo.it\/it\/?s={search_term_string}"},"query-input":{"@type":"PropertyValueSpecification","valueRequired":true,"valueName":"search_term_string"}}],"inLanguage":"it-IT"},{"@type":"Organization","@id":"https:\/\/ilcrogiuolo.it\/it\/#organization","name":"Il Crogiuolo","url":"https:\/\/ilcrogiuolo.it\/it\/","logo":{"@type":"ImageObject","inLanguage":"it-IT","@id":"https:\/\/ilcrogiuolo.it\/it\/#\/schema\/logo\/image\/","url":"https:\/\/ilcrogiuolo.it\/wp-content\/uploads\/2020\/04\/logo.png","contentUrl":"https:\/\/ilcrogiuolo.it\/wp-content\/uploads\/2020\/04\/logo.png","width":200,"height":49,"caption":"Il Crogiuolo"},"image":{"@id":"https:\/\/ilcrogiuolo.it\/it\/#\/schema\/logo\/image\/"},"sameAs":["https:\/\/www.facebook.com\/Il-Crogiuolo-681876418491758"]}]}},"_links":{"self":[{"href":"https:\/\/ilcrogiuolo.it\/it\/wp-json\/wp\/v2\/product\/4427","targetHints":{"allow":["GET"]}}],"collection":[{"href":"https:\/\/ilcrogiuolo.it\/it\/wp-json\/wp\/v2\/product"}],"about":[{"href":"https:\/\/ilcrogiuolo.it\/it\/wp-json\/wp\/v2\/types\/product"}],"wp:featuredmedia":[{"embeddable":true,"href":"https:\/\/ilcrogiuolo.it\/it\/wp-json\/wp\/v2\/media\/4428"}],"wp:attachment":[{"href":"https:\/\/ilcrogiuolo.it\/it\/wp-json\/wp\/v2\/media?parent=4427"}],"wp:term":[{"taxonomy":"product_brand","embeddable":true,"href":"https:\/\/ilcrogiuolo.it\/it\/wp-json\/wp\/v2\/product_brand?post=4427"},{"taxonomy":"product_cat","embeddable":true,"href":"https:\/\/ilcrogiuolo.it\/it\/wp-json\/wp\/v2\/product_cat?post=4427"},{"taxonomy":"product_tag","embeddable":true,"href":"https:\/\/ilcrogiuolo.it\/it\/wp-json\/wp\/v2\/product_tag?post=4427"}],"curies":[{"name":"wp","href":"https:\/\/api.w.org\/{rel}","templated":true}]}}