{"id":44139,"date":"2023-10-25T13:05:47","date_gmt":"2023-10-25T11:05:47","guid":{"rendered":"https:\/\/ilcrogiuolo.it\/?post_type=product&#038;p=44139"},"modified":"2026-02-25T16:20:09","modified_gmt":"2026-02-25T15:20:09","slug":"lotion-reve-dor-di-piver-97-ml-copia","status":"publish","type":"product","link":"https:\/\/ilcrogiuolo.it\/it\/p\/lotion-reve-dor-di-piver-97-ml-copia\/","title":{"rendered":"LOTION REVE D&#8217;OR di Piver- 97 ML"},"content":{"rendered":"<p>Elegante, esotica, lussuosa, inebriante&#8230; questa fragranza creata da Piver alla fine dell&#8217;ottocento \u00e8 una delle maggiormente impiegate a livello religioso, magico ed esoterico nel Vud\u00f9. Se \u00e8 vero che viene offerta a Erzulie Dantor e ad moltissimi altri lw\u00e0 per il suo profumo delicato e conturbante, \u00e8 altrettanto vero che l&#8217;impiego della Reve D&#8217;Or rientra nella preparazione di bagni per l&#8217;amore ed il successo, e viene spruzzata durante le cerimonie per ingraziarsi gli spiriti ed ottenere da loro benedizioni e aiuti. Fatevi conquistare da quest&#8217;aroma orientale, che vi trasporter\u00e0 in atmosfere da sogno aumentando il vostro carisma ed il vostro appeal personale.<\/p>\n","protected":false},"excerpt":{"rendered":"<p>Elegante, esotica, lussuosa, inebriante&#8230; questa fragranza creata da Piver alla fine dell&#8217;ottocento \u00e8 una delle maggiormente impiegate a livello religioso,&#8230;<\/p>\n","protected":false},"featured_media":44140,"template":"","meta":{"_acf_changed":false},"product_brand":[],"product_cat":[1078,1059,1315],"product_tag":[],"class_list":{"0":"post-44139","1":"product","2":"type-product","3":"status-publish","4":"has-post-thumbnail","6":"product_cat-prodotti-esoterici-voodoo-vodun-vudu-santeria","7":"product_cat-articoli-esoterici","8":"product_cat-fluidi-colonie-lozioni-voodoo-santeria","10":"first","11":"outofstock","12":"taxable","13":"shipping-taxable","14":"purchasable","15":"product-type-simple","16":"add-to-wishlist-before_image"},"acf":[],"yoast_head":"<!-- This site is optimized with the Yoast SEO plugin v26.9 - https:\/\/yoast.com\/product\/yoast-seo-wordpress\/ -->\n<title>LOTION REVE D&#039;OR di Piver- 97 ML - Il Crogiuolo<\/title>\n<meta name=\"description\" content=\"LOTION REVE D&#039;OR di Piver- 97 ML Elegante, esotica, lussuosa, inebriante... questa fragranza creata da Piver alla fine dell&#039;ottocento \u00e8 una delle maggiormente impiegate a livello\" \/>\n<meta name=\"robots\" content=\"index, follow, max-snippet:-1, max-image-preview:large, max-video-preview:-1\" \/>\n<link rel=\"canonical\" href=\"https:\/\/ilcrogiuolo.it\/it\/p\/lotion-reve-dor-di-piver-97-ml-copia\/\" \/>\n<meta property=\"og:locale\" content=\"it_IT\" \/>\n<meta property=\"og:type\" content=\"article\" \/>\n<meta property=\"og:title\" content=\"LOTION REVE D&#039;OR di Piver- 97 ML - Il Crogiuolo\" \/>\n<meta property=\"og:description\" content=\"LOTION REVE D&#039;OR di Piver- 97 ML Elegante, esotica, lussuosa, inebriante... questa fragranza creata da Piver alla fine dell&#039;ottocento \u00e8 una delle maggiormente impiegate a livello\" \/>\n<meta property=\"og:url\" content=\"https:\/\/ilcrogiuolo.it\/it\/p\/lotion-reve-dor-di-piver-97-ml-copia\/\" \/>\n<meta property=\"og:site_name\" content=\"Il Crogiuolo\" \/>\n<meta property=\"article:publisher\" content=\"https:\/\/www.facebook.com\/Il-Crogiuolo-681876418491758\" \/>\n<meta property=\"article:modified_time\" content=\"2026-02-25T15:20:09+00:00\" \/>\n<meta property=\"og:image\" content=\"https:\/\/ilcrogiuolo.it\/wp-content\/uploads\/2023\/10\/REV-DOR-VOODOO-VODOU-DANTOR.jpg\" \/>\n\t<meta property=\"og:image:width\" content=\"1446\" \/>\n\t<meta property=\"og:image:height\" content=\"1443\" \/>\n\t<meta property=\"og:image:type\" content=\"image\/jpeg\" \/>\n<meta name=\"twitter:card\" content=\"summary_large_image\" \/>\n<meta name=\"twitter:label1\" content=\"Tempo di lettura stimato\" \/>\n\t<meta name=\"twitter:data1\" content=\"1 minuto\" \/>\n<script type=\"application\/ld+json\" class=\"yoast-schema-graph\">{\"@context\":\"https:\/\/schema.org\",\"@graph\":[{\"@type\":\"WebPage\",\"@id\":\"https:\/\/ilcrogiuolo.it\/it\/p\/lotion-reve-dor-di-piver-97-ml-copia\/\",\"url\":\"https:\/\/ilcrogiuolo.it\/it\/p\/lotion-reve-dor-di-piver-97-ml-copia\/\",\"name\":\"LOTION REVE D'OR di Piver- 97 ML - Il Crogiuolo\",\"isPartOf\":{\"@id\":\"https:\/\/ilcrogiuolo.it\/it\/#website\"},\"primaryImageOfPage\":{\"@id\":\"https:\/\/ilcrogiuolo.it\/it\/p\/lotion-reve-dor-di-piver-97-ml-copia\/#primaryimage\"},\"image\":{\"@id\":\"https:\/\/ilcrogiuolo.it\/it\/p\/lotion-reve-dor-di-piver-97-ml-copia\/#primaryimage\"},\"thumbnailUrl\":\"https:\/\/ilcrogiuolo.it\/wp-content\/uploads\/2023\/10\/REV-DOR-VOODOO-VODOU-DANTOR.jpg\",\"datePublished\":\"2023-10-25T11:05:47+00:00\",\"dateModified\":\"2026-02-25T15:20:09+00:00\",\"description\":\"LOTION REVE D'OR di Piver- 97 ML Elegante, esotica, lussuosa, inebriante... questa fragranza creata da Piver alla fine dell'ottocento \u00e8 una delle maggiormente impiegate a livello\",\"breadcrumb\":{\"@id\":\"https:\/\/ilcrogiuolo.it\/it\/p\/lotion-reve-dor-di-piver-97-ml-copia\/#breadcrumb\"},\"inLanguage\":\"it-IT\",\"potentialAction\":[{\"@type\":\"ReadAction\",\"target\":[\"https:\/\/ilcrogiuolo.it\/it\/p\/lotion-reve-dor-di-piver-97-ml-copia\/\"]}]},{\"@type\":\"ImageObject\",\"inLanguage\":\"it-IT\",\"@id\":\"https:\/\/ilcrogiuolo.it\/it\/p\/lotion-reve-dor-di-piver-97-ml-copia\/#primaryimage\",\"url\":\"https:\/\/ilcrogiuolo.it\/wp-content\/uploads\/2023\/10\/REV-DOR-VOODOO-VODOU-DANTOR.jpg\",\"contentUrl\":\"https:\/\/ilcrogiuolo.it\/wp-content\/uploads\/2023\/10\/REV-DOR-VOODOO-VODOU-DANTOR.jpg\",\"width\":1446,\"height\":1443},{\"@type\":\"BreadcrumbList\",\"@id\":\"https:\/\/ilcrogiuolo.it\/it\/p\/lotion-reve-dor-di-piver-97-ml-copia\/#breadcrumb\",\"itemListElement\":[{\"@type\":\"ListItem\",\"position\":1,\"name\":\"Home\",\"item\":\"https:\/\/ilcrogiuolo.it\/it\/\"},{\"@type\":\"ListItem\",\"position\":2,\"name\":\"Shop\",\"item\":\"https:\/\/ilcrogiuolo.it\/it\/negozio\/\"},{\"@type\":\"ListItem\",\"position\":3,\"name\":\"LOTION REVE D&#8217;OR di Piver- 97 ML\"}]},{\"@type\":\"WebSite\",\"@id\":\"https:\/\/ilcrogiuolo.it\/it\/#website\",\"url\":\"https:\/\/ilcrogiuolo.it\/it\/\",\"name\":\"Il Crogiuolo\",\"description\":\"\",\"publisher\":{\"@id\":\"https:\/\/ilcrogiuolo.it\/it\/#organization\"},\"potentialAction\":[{\"@type\":\"SearchAction\",\"target\":{\"@type\":\"EntryPoint\",\"urlTemplate\":\"https:\/\/ilcrogiuolo.it\/it\/?s={search_term_string}\"},\"query-input\":{\"@type\":\"PropertyValueSpecification\",\"valueRequired\":true,\"valueName\":\"search_term_string\"}}],\"inLanguage\":\"it-IT\"},{\"@type\":\"Organization\",\"@id\":\"https:\/\/ilcrogiuolo.it\/it\/#organization\",\"name\":\"Il Crogiuolo\",\"url\":\"https:\/\/ilcrogiuolo.it\/it\/\",\"logo\":{\"@type\":\"ImageObject\",\"inLanguage\":\"it-IT\",\"@id\":\"https:\/\/ilcrogiuolo.it\/it\/#\/schema\/logo\/image\/\",\"url\":\"https:\/\/ilcrogiuolo.it\/wp-content\/uploads\/2020\/04\/logo.png\",\"contentUrl\":\"https:\/\/ilcrogiuolo.it\/wp-content\/uploads\/2020\/04\/logo.png\",\"width\":200,\"height\":49,\"caption\":\"Il Crogiuolo\"},\"image\":{\"@id\":\"https:\/\/ilcrogiuolo.it\/it\/#\/schema\/logo\/image\/\"},\"sameAs\":[\"https:\/\/www.facebook.com\/Il-Crogiuolo-681876418491758\"]}]}<\/script>\n<!-- \/ Yoast SEO plugin. -->","yoast_head_json":{"title":"LOTION REVE D'OR di Piver- 97 ML - Il Crogiuolo","description":"LOTION REVE D'OR di Piver- 97 ML Elegante, esotica, lussuosa, inebriante... questa fragranza creata da Piver alla fine dell'ottocento \u00e8 una delle maggiormente impiegate a livello","robots":{"index":"index","follow":"follow","max-snippet":"max-snippet:-1","max-image-preview":"max-image-preview:large","max-video-preview":"max-video-preview:-1"},"canonical":"https:\/\/ilcrogiuolo.it\/it\/p\/lotion-reve-dor-di-piver-97-ml-copia\/","og_locale":"it_IT","og_type":"article","og_title":"LOTION REVE D'OR di Piver- 97 ML - Il Crogiuolo","og_description":"LOTION REVE D'OR di Piver- 97 ML Elegante, esotica, lussuosa, inebriante... questa fragranza creata da Piver alla fine dell'ottocento \u00e8 una delle maggiormente impiegate a livello","og_url":"https:\/\/ilcrogiuolo.it\/it\/p\/lotion-reve-dor-di-piver-97-ml-copia\/","og_site_name":"Il Crogiuolo","article_publisher":"https:\/\/www.facebook.com\/Il-Crogiuolo-681876418491758","article_modified_time":"2026-02-25T15:20:09+00:00","og_image":[{"width":1446,"height":1443,"url":"https:\/\/ilcrogiuolo.it\/wp-content\/uploads\/2023\/10\/REV-DOR-VOODOO-VODOU-DANTOR.jpg","type":"image\/jpeg"}],"twitter_card":"summary_large_image","twitter_misc":{"Tempo di lettura stimato":"1 minuto"},"schema":{"@context":"https:\/\/schema.org","@graph":[{"@type":"WebPage","@id":"https:\/\/ilcrogiuolo.it\/it\/p\/lotion-reve-dor-di-piver-97-ml-copia\/","url":"https:\/\/ilcrogiuolo.it\/it\/p\/lotion-reve-dor-di-piver-97-ml-copia\/","name":"LOTION REVE D'OR di Piver- 97 ML - Il Crogiuolo","isPartOf":{"@id":"https:\/\/ilcrogiuolo.it\/it\/#website"},"primaryImageOfPage":{"@id":"https:\/\/ilcrogiuolo.it\/it\/p\/lotion-reve-dor-di-piver-97-ml-copia\/#primaryimage"},"image":{"@id":"https:\/\/ilcrogiuolo.it\/it\/p\/lotion-reve-dor-di-piver-97-ml-copia\/#primaryimage"},"thumbnailUrl":"https:\/\/ilcrogiuolo.it\/wp-content\/uploads\/2023\/10\/REV-DOR-VOODOO-VODOU-DANTOR.jpg","datePublished":"2023-10-25T11:05:47+00:00","dateModified":"2026-02-25T15:20:09+00:00","description":"LOTION REVE D'OR di Piver- 97 ML Elegante, esotica, lussuosa, inebriante... questa fragranza creata da Piver alla fine dell'ottocento \u00e8 una delle maggiormente impiegate a livello","breadcrumb":{"@id":"https:\/\/ilcrogiuolo.it\/it\/p\/lotion-reve-dor-di-piver-97-ml-copia\/#breadcrumb"},"inLanguage":"it-IT","potentialAction":[{"@type":"ReadAction","target":["https:\/\/ilcrogiuolo.it\/it\/p\/lotion-reve-dor-di-piver-97-ml-copia\/"]}]},{"@type":"ImageObject","inLanguage":"it-IT","@id":"https:\/\/ilcrogiuolo.it\/it\/p\/lotion-reve-dor-di-piver-97-ml-copia\/#primaryimage","url":"https:\/\/ilcrogiuolo.it\/wp-content\/uploads\/2023\/10\/REV-DOR-VOODOO-VODOU-DANTOR.jpg","contentUrl":"https:\/\/ilcrogiuolo.it\/wp-content\/uploads\/2023\/10\/REV-DOR-VOODOO-VODOU-DANTOR.jpg","width":1446,"height":1443},{"@type":"BreadcrumbList","@id":"https:\/\/ilcrogiuolo.it\/it\/p\/lotion-reve-dor-di-piver-97-ml-copia\/#breadcrumb","itemListElement":[{"@type":"ListItem","position":1,"name":"Home","item":"https:\/\/ilcrogiuolo.it\/it\/"},{"@type":"ListItem","position":2,"name":"Shop","item":"https:\/\/ilcrogiuolo.it\/it\/negozio\/"},{"@type":"ListItem","position":3,"name":"LOTION REVE D&#8217;OR di Piver- 97 ML"}]},{"@type":"WebSite","@id":"https:\/\/ilcrogiuolo.it\/it\/#website","url":"https:\/\/ilcrogiuolo.it\/it\/","name":"Il Crogiuolo","description":"","publisher":{"@id":"https:\/\/ilcrogiuolo.it\/it\/#organization"},"potentialAction":[{"@type":"SearchAction","target":{"@type":"EntryPoint","urlTemplate":"https:\/\/ilcrogiuolo.it\/it\/?s={search_term_string}"},"query-input":{"@type":"PropertyValueSpecification","valueRequired":true,"valueName":"search_term_string"}}],"inLanguage":"it-IT"},{"@type":"Organization","@id":"https:\/\/ilcrogiuolo.it\/it\/#organization","name":"Il Crogiuolo","url":"https:\/\/ilcrogiuolo.it\/it\/","logo":{"@type":"ImageObject","inLanguage":"it-IT","@id":"https:\/\/ilcrogiuolo.it\/it\/#\/schema\/logo\/image\/","url":"https:\/\/ilcrogiuolo.it\/wp-content\/uploads\/2020\/04\/logo.png","contentUrl":"https:\/\/ilcrogiuolo.it\/wp-content\/uploads\/2020\/04\/logo.png","width":200,"height":49,"caption":"Il Crogiuolo"},"image":{"@id":"https:\/\/ilcrogiuolo.it\/it\/#\/schema\/logo\/image\/"},"sameAs":["https:\/\/www.facebook.com\/Il-Crogiuolo-681876418491758"]}]}},"_links":{"self":[{"href":"https:\/\/ilcrogiuolo.it\/it\/wp-json\/wp\/v2\/product\/44139","targetHints":{"allow":["GET"]}}],"collection":[{"href":"https:\/\/ilcrogiuolo.it\/it\/wp-json\/wp\/v2\/product"}],"about":[{"href":"https:\/\/ilcrogiuolo.it\/it\/wp-json\/wp\/v2\/types\/product"}],"wp:featuredmedia":[{"embeddable":true,"href":"https:\/\/ilcrogiuolo.it\/it\/wp-json\/wp\/v2\/media\/44140"}],"wp:attachment":[{"href":"https:\/\/ilcrogiuolo.it\/it\/wp-json\/wp\/v2\/media?parent=44139"}],"wp:term":[{"taxonomy":"product_brand","embeddable":true,"href":"https:\/\/ilcrogiuolo.it\/it\/wp-json\/wp\/v2\/product_brand?post=44139"},{"taxonomy":"product_cat","embeddable":true,"href":"https:\/\/ilcrogiuolo.it\/it\/wp-json\/wp\/v2\/product_cat?post=44139"},{"taxonomy":"product_tag","embeddable":true,"href":"https:\/\/ilcrogiuolo.it\/it\/wp-json\/wp\/v2\/product_tag?post=44139"}],"curies":[{"name":"wp","href":"https:\/\/api.w.org\/{rel}","templated":true}]}}