{"id":4379,"date":"2020-01-14T17:08:40","date_gmt":"2020-01-14T16:08:40","guid":{"rendered":"https:\/\/ilcrogiuolo.it\/p\/i-tarocchi-di-atlantide\/"},"modified":"2020-02-05T17:29:52","modified_gmt":"2020-02-05T16:29:52","slug":"i-tarocchi-di-atlantide","status":"publish","type":"product","link":"https:\/\/ilcrogiuolo.it\/it\/p\/i-tarocchi-di-atlantide\/","title":{"rendered":"I Tarocchi di Atlantide"},"content":{"rendered":"<p><strong>I Tarocchi di Atlantide<\/strong><br \/>\nBepi Vigna<br \/>\nArte di Massimo Rotundo<br \/>\n78 carte \u2013 66&#215;120 mm \u2013 Istruzioni<br \/>\nDisponibile in: I, Uk, F, D, Es.<\/p>\n<p>\u00c8 nel mare che, come in un grande crogiuolo, si \u00e8 formata la vita. Ed \u00e8 l\u00ec che troveremo Atlantide, simbolo di una civilt\u00e0 perfetta. Quel luogo mitico, nascosto nel profondo di ogni individuo, pu\u00f2 essere riscoperto tramite le \u201cChiavi dei Tarocchi\u201d, qui reinterpretate sulla base di un\u2019iconografia che si lega agli antichi miti mediterranei.<\/p>\n","protected":false},"excerpt":{"rendered":"<p>I Tarocchi di Atlantide Bepi Vigna Arte di Massimo Rotundo 78 carte \u2013 66&#215;120 mm \u2013 Istruzioni Disponibile in: I,&#8230;<\/p>\n","protected":false},"featured_media":4380,"template":"","meta":{"_acf_changed":false},"product_brand":[],"product_cat":[1088,1062,1403],"product_tag":[],"class_list":{"0":"post-4379","1":"product","2":"type-product","3":"status-publish","4":"has-post-thumbnail","6":"product_cat-tarocchi-sibille-oracoli","7":"product_cat-divinazione","8":"product_cat-tarocchi-moderni-lo-scarabeo","10":"first","11":"outofstock","12":"taxable","13":"shipping-taxable","14":"purchasable","15":"product-type-simple","16":"add-to-wishlist-before_image"},"acf":[],"yoast_head":"<!-- This site is optimized with the Yoast SEO plugin v26.9 - https:\/\/yoast.com\/product\/yoast-seo-wordpress\/ -->\n<title>I Tarocchi di Atlantide - Il Crogiuolo<\/title>\n<meta name=\"description\" content=\"I Tarocchi di Atlantide I Tarocchi di Atlantide Bepi Vigna Arte di Massimo Rotundo 78 carte \u2013 66x120 mm \u2013 Istruzioni Disponibile in: I, Uk, F, D, Es. \u00c8 nel mare che, come in un\" \/>\n<meta name=\"robots\" content=\"index, follow, max-snippet:-1, max-image-preview:large, max-video-preview:-1\" \/>\n<link rel=\"canonical\" href=\"https:\/\/ilcrogiuolo.it\/it\/p\/i-tarocchi-di-atlantide\/\" \/>\n<meta property=\"og:locale\" content=\"it_IT\" \/>\n<meta property=\"og:type\" content=\"article\" \/>\n<meta property=\"og:title\" content=\"I Tarocchi di Atlantide - Il Crogiuolo\" \/>\n<meta property=\"og:description\" content=\"I Tarocchi di Atlantide I Tarocchi di Atlantide Bepi Vigna Arte di Massimo Rotundo 78 carte \u2013 66x120 mm \u2013 Istruzioni Disponibile in: I, Uk, F, D, Es. \u00c8 nel mare che, come in un\" \/>\n<meta property=\"og:url\" content=\"https:\/\/ilcrogiuolo.it\/it\/p\/i-tarocchi-di-atlantide\/\" \/>\n<meta property=\"og:site_name\" content=\"Il Crogiuolo\" \/>\n<meta property=\"article:publisher\" content=\"https:\/\/www.facebook.com\/Il-Crogiuolo-681876418491758\" \/>\n<meta property=\"article:modified_time\" content=\"2020-02-05T16:29:52+00:00\" \/>\n<meta property=\"og:image\" content=\"https:\/\/ilcrogiuolo.it\/wp-content\/uploads\/2020\/01\/tarocchiatlantide_2097857.jpg\" \/>\n\t<meta property=\"og:image:width\" content=\"627\" \/>\n\t<meta property=\"og:image:height\" content=\"600\" \/>\n\t<meta property=\"og:image:type\" content=\"image\/jpeg\" \/>\n<meta name=\"twitter:card\" content=\"summary_large_image\" \/>\n<script type=\"application\/ld+json\" class=\"yoast-schema-graph\">{\"@context\":\"https:\/\/schema.org\",\"@graph\":[{\"@type\":\"WebPage\",\"@id\":\"https:\/\/ilcrogiuolo.it\/it\/p\/i-tarocchi-di-atlantide\/\",\"url\":\"https:\/\/ilcrogiuolo.it\/it\/p\/i-tarocchi-di-atlantide\/\",\"name\":\"I Tarocchi di Atlantide - Il Crogiuolo\",\"isPartOf\":{\"@id\":\"https:\/\/ilcrogiuolo.it\/it\/#website\"},\"primaryImageOfPage\":{\"@id\":\"https:\/\/ilcrogiuolo.it\/it\/p\/i-tarocchi-di-atlantide\/#primaryimage\"},\"image\":{\"@id\":\"https:\/\/ilcrogiuolo.it\/it\/p\/i-tarocchi-di-atlantide\/#primaryimage\"},\"thumbnailUrl\":\"https:\/\/ilcrogiuolo.it\/wp-content\/uploads\/2020\/01\/tarocchiatlantide_2097857.jpg\",\"datePublished\":\"2020-01-14T16:08:40+00:00\",\"dateModified\":\"2020-02-05T16:29:52+00:00\",\"description\":\"I Tarocchi di Atlantide I Tarocchi di Atlantide Bepi Vigna Arte di Massimo Rotundo 78 carte \u2013 66x120 mm \u2013 Istruzioni Disponibile in: I, Uk, F, D, Es. \u00c8 nel mare che, come in un\",\"breadcrumb\":{\"@id\":\"https:\/\/ilcrogiuolo.it\/it\/p\/i-tarocchi-di-atlantide\/#breadcrumb\"},\"inLanguage\":\"it-IT\",\"potentialAction\":[{\"@type\":\"ReadAction\",\"target\":[\"https:\/\/ilcrogiuolo.it\/it\/p\/i-tarocchi-di-atlantide\/\"]}]},{\"@type\":\"ImageObject\",\"inLanguage\":\"it-IT\",\"@id\":\"https:\/\/ilcrogiuolo.it\/it\/p\/i-tarocchi-di-atlantide\/#primaryimage\",\"url\":\"https:\/\/ilcrogiuolo.it\/wp-content\/uploads\/2020\/01\/tarocchiatlantide_2097857.jpg\",\"contentUrl\":\"https:\/\/ilcrogiuolo.it\/wp-content\/uploads\/2020\/01\/tarocchiatlantide_2097857.jpg\",\"width\":627,\"height\":600},{\"@type\":\"BreadcrumbList\",\"@id\":\"https:\/\/ilcrogiuolo.it\/it\/p\/i-tarocchi-di-atlantide\/#breadcrumb\",\"itemListElement\":[{\"@type\":\"ListItem\",\"position\":1,\"name\":\"Home\",\"item\":\"https:\/\/ilcrogiuolo.it\/it\/\"},{\"@type\":\"ListItem\",\"position\":2,\"name\":\"Shop\",\"item\":\"https:\/\/ilcrogiuolo.it\/it\/negozio\/\"},{\"@type\":\"ListItem\",\"position\":3,\"name\":\"I Tarocchi di Atlantide\"}]},{\"@type\":\"WebSite\",\"@id\":\"https:\/\/ilcrogiuolo.it\/it\/#website\",\"url\":\"https:\/\/ilcrogiuolo.it\/it\/\",\"name\":\"Il Crogiuolo\",\"description\":\"\",\"publisher\":{\"@id\":\"https:\/\/ilcrogiuolo.it\/it\/#organization\"},\"potentialAction\":[{\"@type\":\"SearchAction\",\"target\":{\"@type\":\"EntryPoint\",\"urlTemplate\":\"https:\/\/ilcrogiuolo.it\/it\/?s={search_term_string}\"},\"query-input\":{\"@type\":\"PropertyValueSpecification\",\"valueRequired\":true,\"valueName\":\"search_term_string\"}}],\"inLanguage\":\"it-IT\"},{\"@type\":\"Organization\",\"@id\":\"https:\/\/ilcrogiuolo.it\/it\/#organization\",\"name\":\"Il Crogiuolo\",\"url\":\"https:\/\/ilcrogiuolo.it\/it\/\",\"logo\":{\"@type\":\"ImageObject\",\"inLanguage\":\"it-IT\",\"@id\":\"https:\/\/ilcrogiuolo.it\/it\/#\/schema\/logo\/image\/\",\"url\":\"https:\/\/ilcrogiuolo.it\/wp-content\/uploads\/2020\/04\/logo.png\",\"contentUrl\":\"https:\/\/ilcrogiuolo.it\/wp-content\/uploads\/2020\/04\/logo.png\",\"width\":200,\"height\":49,\"caption\":\"Il Crogiuolo\"},\"image\":{\"@id\":\"https:\/\/ilcrogiuolo.it\/it\/#\/schema\/logo\/image\/\"},\"sameAs\":[\"https:\/\/www.facebook.com\/Il-Crogiuolo-681876418491758\"]}]}<\/script>\n<!-- \/ Yoast SEO plugin. -->","yoast_head_json":{"title":"I Tarocchi di Atlantide - Il Crogiuolo","description":"I Tarocchi di Atlantide I Tarocchi di Atlantide Bepi Vigna Arte di Massimo Rotundo 78 carte \u2013 66x120 mm \u2013 Istruzioni Disponibile in: I, Uk, F, D, Es. \u00c8 nel mare che, come in un","robots":{"index":"index","follow":"follow","max-snippet":"max-snippet:-1","max-image-preview":"max-image-preview:large","max-video-preview":"max-video-preview:-1"},"canonical":"https:\/\/ilcrogiuolo.it\/it\/p\/i-tarocchi-di-atlantide\/","og_locale":"it_IT","og_type":"article","og_title":"I Tarocchi di Atlantide - Il Crogiuolo","og_description":"I Tarocchi di Atlantide I Tarocchi di Atlantide Bepi Vigna Arte di Massimo Rotundo 78 carte \u2013 66x120 mm \u2013 Istruzioni Disponibile in: I, Uk, F, D, Es. \u00c8 nel mare che, come in un","og_url":"https:\/\/ilcrogiuolo.it\/it\/p\/i-tarocchi-di-atlantide\/","og_site_name":"Il Crogiuolo","article_publisher":"https:\/\/www.facebook.com\/Il-Crogiuolo-681876418491758","article_modified_time":"2020-02-05T16:29:52+00:00","og_image":[{"width":627,"height":600,"url":"https:\/\/ilcrogiuolo.it\/wp-content\/uploads\/2020\/01\/tarocchiatlantide_2097857.jpg","type":"image\/jpeg"}],"twitter_card":"summary_large_image","schema":{"@context":"https:\/\/schema.org","@graph":[{"@type":"WebPage","@id":"https:\/\/ilcrogiuolo.it\/it\/p\/i-tarocchi-di-atlantide\/","url":"https:\/\/ilcrogiuolo.it\/it\/p\/i-tarocchi-di-atlantide\/","name":"I Tarocchi di Atlantide - Il Crogiuolo","isPartOf":{"@id":"https:\/\/ilcrogiuolo.it\/it\/#website"},"primaryImageOfPage":{"@id":"https:\/\/ilcrogiuolo.it\/it\/p\/i-tarocchi-di-atlantide\/#primaryimage"},"image":{"@id":"https:\/\/ilcrogiuolo.it\/it\/p\/i-tarocchi-di-atlantide\/#primaryimage"},"thumbnailUrl":"https:\/\/ilcrogiuolo.it\/wp-content\/uploads\/2020\/01\/tarocchiatlantide_2097857.jpg","datePublished":"2020-01-14T16:08:40+00:00","dateModified":"2020-02-05T16:29:52+00:00","description":"I Tarocchi di Atlantide I Tarocchi di Atlantide Bepi Vigna Arte di Massimo Rotundo 78 carte \u2013 66x120 mm \u2013 Istruzioni Disponibile in: I, Uk, F, D, Es. \u00c8 nel mare che, come in un","breadcrumb":{"@id":"https:\/\/ilcrogiuolo.it\/it\/p\/i-tarocchi-di-atlantide\/#breadcrumb"},"inLanguage":"it-IT","potentialAction":[{"@type":"ReadAction","target":["https:\/\/ilcrogiuolo.it\/it\/p\/i-tarocchi-di-atlantide\/"]}]},{"@type":"ImageObject","inLanguage":"it-IT","@id":"https:\/\/ilcrogiuolo.it\/it\/p\/i-tarocchi-di-atlantide\/#primaryimage","url":"https:\/\/ilcrogiuolo.it\/wp-content\/uploads\/2020\/01\/tarocchiatlantide_2097857.jpg","contentUrl":"https:\/\/ilcrogiuolo.it\/wp-content\/uploads\/2020\/01\/tarocchiatlantide_2097857.jpg","width":627,"height":600},{"@type":"BreadcrumbList","@id":"https:\/\/ilcrogiuolo.it\/it\/p\/i-tarocchi-di-atlantide\/#breadcrumb","itemListElement":[{"@type":"ListItem","position":1,"name":"Home","item":"https:\/\/ilcrogiuolo.it\/it\/"},{"@type":"ListItem","position":2,"name":"Shop","item":"https:\/\/ilcrogiuolo.it\/it\/negozio\/"},{"@type":"ListItem","position":3,"name":"I Tarocchi di Atlantide"}]},{"@type":"WebSite","@id":"https:\/\/ilcrogiuolo.it\/it\/#website","url":"https:\/\/ilcrogiuolo.it\/it\/","name":"Il Crogiuolo","description":"","publisher":{"@id":"https:\/\/ilcrogiuolo.it\/it\/#organization"},"potentialAction":[{"@type":"SearchAction","target":{"@type":"EntryPoint","urlTemplate":"https:\/\/ilcrogiuolo.it\/it\/?s={search_term_string}"},"query-input":{"@type":"PropertyValueSpecification","valueRequired":true,"valueName":"search_term_string"}}],"inLanguage":"it-IT"},{"@type":"Organization","@id":"https:\/\/ilcrogiuolo.it\/it\/#organization","name":"Il Crogiuolo","url":"https:\/\/ilcrogiuolo.it\/it\/","logo":{"@type":"ImageObject","inLanguage":"it-IT","@id":"https:\/\/ilcrogiuolo.it\/it\/#\/schema\/logo\/image\/","url":"https:\/\/ilcrogiuolo.it\/wp-content\/uploads\/2020\/04\/logo.png","contentUrl":"https:\/\/ilcrogiuolo.it\/wp-content\/uploads\/2020\/04\/logo.png","width":200,"height":49,"caption":"Il Crogiuolo"},"image":{"@id":"https:\/\/ilcrogiuolo.it\/it\/#\/schema\/logo\/image\/"},"sameAs":["https:\/\/www.facebook.com\/Il-Crogiuolo-681876418491758"]}]}},"_links":{"self":[{"href":"https:\/\/ilcrogiuolo.it\/it\/wp-json\/wp\/v2\/product\/4379","targetHints":{"allow":["GET"]}}],"collection":[{"href":"https:\/\/ilcrogiuolo.it\/it\/wp-json\/wp\/v2\/product"}],"about":[{"href":"https:\/\/ilcrogiuolo.it\/it\/wp-json\/wp\/v2\/types\/product"}],"wp:featuredmedia":[{"embeddable":true,"href":"https:\/\/ilcrogiuolo.it\/it\/wp-json\/wp\/v2\/media\/4380"}],"wp:attachment":[{"href":"https:\/\/ilcrogiuolo.it\/it\/wp-json\/wp\/v2\/media?parent=4379"}],"wp:term":[{"taxonomy":"product_brand","embeddable":true,"href":"https:\/\/ilcrogiuolo.it\/it\/wp-json\/wp\/v2\/product_brand?post=4379"},{"taxonomy":"product_cat","embeddable":true,"href":"https:\/\/ilcrogiuolo.it\/it\/wp-json\/wp\/v2\/product_cat?post=4379"},{"taxonomy":"product_tag","embeddable":true,"href":"https:\/\/ilcrogiuolo.it\/it\/wp-json\/wp\/v2\/product_tag?post=4379"}],"curies":[{"name":"wp","href":"https:\/\/api.w.org\/{rel}","templated":true}]}}