{"id":42850,"date":"2023-06-23T11:52:16","date_gmt":"2023-06-23T09:52:16","guid":{"rendered":"https:\/\/ilcrogiuolo.it\/?post_type=product&#038;p=42850"},"modified":"2024-03-12T10:56:23","modified_gmt":"2024-03-12T09:56:23","slug":"busto-in-resina-santa-muerte-con-carica-tradizionale-alla-base","status":"publish","type":"product","link":"https:\/\/ilcrogiuolo.it\/it\/p\/busto-in-resina-santa-muerte-con-carica-tradizionale-alla-base\/","title":{"rendered":"BUSTO IN RESINA SANTA MUERTE  &#8211; con carica tradizionale alla base"},"content":{"rendered":"<p>Il culto della Santisima Muerte affonda le sue origini nel magico mondo della tradizione esoterica Messicana, retaggio dell\u2019antica religione Atzeca. Signora della Morte, certamente, ma anche e soprattutto Signora della Vita, dal momento che l\u2019ausilio a questa poderosa entit\u00e0, che troviamo presente in tutte le religioni del mondo, \u00e8 richiesto per impetrare il benessere, l\u2019amore, la salute, il denaro\u2026Non \u00e8 certamente una divinit\u00e0 negativa, ma difende con forza ineguagliabile dai nemici a da chiunque cerchi di danneggiarci. Invocare la Santa Morte, che nel mito \u00e8 la prima creatura creata da Dio, significa ottenere immensi benefici da questa divinit\u00e0. Il Crogiuolo\u00ae vi propone in esclusiva questo meraviglioso busto in resina della Santa Muerte, rifinito in ogni minimo particolare, un articolo che aldil\u00e0 del significato spirituale coniuga design ed eleganza. Non \u00e8 una semplice statua ma un vero e proprio ricettacolo spirituale dell&#8217;entit\u00e0. Alla base infatti \u00e8 presente la carica spirituale che richiama il potere della Santisima Muerte.<\/p>\n<p>Il kit contiene busto, candela sete dias, incenso e orazione per impetrare grazie a questa meravigliosa entit\u00e0.<\/p>\n<p>Disponibile nei colori e nelle legittime valenze: bianco, rosso e nero. Inserire la preferenza nel campo note al momento dell&#8217;ordine.<\/p>\n","protected":false},"excerpt":{"rendered":"<p>Il culto della Santisima Muerte affonda le sue origini nel magico mondo della tradizione esoterica Messicana, retaggio dell\u2019antica religione Atzeca&#8230;.<\/p>\n","protected":false},"featured_media":42867,"template":"","meta":{"_acf_changed":false},"product_brand":[],"product_cat":[1079,1059,1271],"product_tag":[],"class_list":{"0":"post-42850","1":"product","2":"type-product","3":"status-publish","4":"has-post-thumbnail","6":"product_cat-rituali-afrobrasiliani-santeria","7":"product_cat-articoli-esoterici","8":"product_cat-rituali-propiziatori-per-il-denarosuccesso","10":"first","11":"outofstock","12":"taxable","13":"shipping-taxable","14":"purchasable","15":"product-type-simple","16":"add-to-wishlist-before_image"},"acf":[],"yoast_head":"<!-- This site is optimized with the Yoast SEO plugin v26.9 - https:\/\/yoast.com\/product\/yoast-seo-wordpress\/ -->\n<title>BUSTO IN RESINA SANTA MUERTE - con carica tradizionale alla base - Il Crogiuolo<\/title>\n<meta name=\"description\" content=\"BUSTO IN RESINA SANTA MUERTE - con carica tradizionale alla base Il culto della Santisima Muerte affonda le sue origini nel magico mondo della tradizione esoterica Messicana, retaggio dell\u2019antica religione Atzeca.\" \/>\n<meta name=\"robots\" content=\"index, follow, max-snippet:-1, max-image-preview:large, max-video-preview:-1\" \/>\n<link rel=\"canonical\" href=\"https:\/\/ilcrogiuolo.it\/it\/p\/busto-in-resina-santa-muerte-con-carica-tradizionale-alla-base\/\" \/>\n<meta property=\"og:locale\" content=\"it_IT\" \/>\n<meta property=\"og:type\" content=\"article\" \/>\n<meta property=\"og:title\" content=\"BUSTO IN RESINA SANTA MUERTE - con carica tradizionale alla base - Il Crogiuolo\" \/>\n<meta property=\"og:description\" content=\"BUSTO IN RESINA SANTA MUERTE - con carica tradizionale alla base Il culto della Santisima Muerte affonda le sue origini nel magico mondo della tradizione esoterica Messicana, retaggio dell\u2019antica religione Atzeca.\" \/>\n<meta property=\"og:url\" content=\"https:\/\/ilcrogiuolo.it\/it\/p\/busto-in-resina-santa-muerte-con-carica-tradizionale-alla-base\/\" \/>\n<meta property=\"og:site_name\" content=\"Il Crogiuolo\" \/>\n<meta property=\"article:publisher\" content=\"https:\/\/www.facebook.com\/Il-Crogiuolo-681876418491758\" \/>\n<meta property=\"article:modified_time\" content=\"2024-03-12T09:56:23+00:00\" \/>\n<meta property=\"og:image\" content=\"https:\/\/ilcrogiuolo.it\/wp-content\/uploads\/2023\/06\/SANTA-MORTE-ESCLUSIVA.png\" \/>\n\t<meta property=\"og:image:width\" content=\"924\" \/>\n\t<meta property=\"og:image:height\" content=\"898\" \/>\n\t<meta property=\"og:image:type\" content=\"image\/png\" \/>\n<meta name=\"twitter:card\" content=\"summary_large_image\" \/>\n<meta name=\"twitter:label1\" content=\"Tempo di lettura stimato\" \/>\n\t<meta name=\"twitter:data1\" content=\"2 minuti\" \/>\n<script type=\"application\/ld+json\" class=\"yoast-schema-graph\">{\"@context\":\"https:\/\/schema.org\",\"@graph\":[{\"@type\":\"WebPage\",\"@id\":\"https:\/\/ilcrogiuolo.it\/it\/p\/busto-in-resina-santa-muerte-con-carica-tradizionale-alla-base\/\",\"url\":\"https:\/\/ilcrogiuolo.it\/it\/p\/busto-in-resina-santa-muerte-con-carica-tradizionale-alla-base\/\",\"name\":\"BUSTO IN RESINA SANTA MUERTE - con carica tradizionale alla base - Il Crogiuolo\",\"isPartOf\":{\"@id\":\"https:\/\/ilcrogiuolo.it\/it\/#website\"},\"primaryImageOfPage\":{\"@id\":\"https:\/\/ilcrogiuolo.it\/it\/p\/busto-in-resina-santa-muerte-con-carica-tradizionale-alla-base\/#primaryimage\"},\"image\":{\"@id\":\"https:\/\/ilcrogiuolo.it\/it\/p\/busto-in-resina-santa-muerte-con-carica-tradizionale-alla-base\/#primaryimage\"},\"thumbnailUrl\":\"https:\/\/ilcrogiuolo.it\/wp-content\/uploads\/2023\/06\/SANTA-MORTE-ESCLUSIVA.png\",\"datePublished\":\"2023-06-23T09:52:16+00:00\",\"dateModified\":\"2024-03-12T09:56:23+00:00\",\"description\":\"BUSTO IN RESINA SANTA MUERTE - con carica tradizionale alla base Il culto della Santisima Muerte affonda le sue origini nel magico mondo della tradizione esoterica Messicana, retaggio dell\u2019antica religione Atzeca.\",\"breadcrumb\":{\"@id\":\"https:\/\/ilcrogiuolo.it\/it\/p\/busto-in-resina-santa-muerte-con-carica-tradizionale-alla-base\/#breadcrumb\"},\"inLanguage\":\"it-IT\",\"potentialAction\":[{\"@type\":\"ReadAction\",\"target\":[\"https:\/\/ilcrogiuolo.it\/it\/p\/busto-in-resina-santa-muerte-con-carica-tradizionale-alla-base\/\"]}]},{\"@type\":\"ImageObject\",\"inLanguage\":\"it-IT\",\"@id\":\"https:\/\/ilcrogiuolo.it\/it\/p\/busto-in-resina-santa-muerte-con-carica-tradizionale-alla-base\/#primaryimage\",\"url\":\"https:\/\/ilcrogiuolo.it\/wp-content\/uploads\/2023\/06\/SANTA-MORTE-ESCLUSIVA.png\",\"contentUrl\":\"https:\/\/ilcrogiuolo.it\/wp-content\/uploads\/2023\/06\/SANTA-MORTE-ESCLUSIVA.png\",\"width\":924,\"height\":898},{\"@type\":\"BreadcrumbList\",\"@id\":\"https:\/\/ilcrogiuolo.it\/it\/p\/busto-in-resina-santa-muerte-con-carica-tradizionale-alla-base\/#breadcrumb\",\"itemListElement\":[{\"@type\":\"ListItem\",\"position\":1,\"name\":\"Home\",\"item\":\"https:\/\/ilcrogiuolo.it\/it\/\"},{\"@type\":\"ListItem\",\"position\":2,\"name\":\"Shop\",\"item\":\"https:\/\/ilcrogiuolo.it\/it\/negozio\/\"},{\"@type\":\"ListItem\",\"position\":3,\"name\":\"BUSTO IN RESINA SANTA MUERTE &#8211; con carica tradizionale alla base\"}]},{\"@type\":\"WebSite\",\"@id\":\"https:\/\/ilcrogiuolo.it\/it\/#website\",\"url\":\"https:\/\/ilcrogiuolo.it\/it\/\",\"name\":\"Il Crogiuolo\",\"description\":\"\",\"publisher\":{\"@id\":\"https:\/\/ilcrogiuolo.it\/it\/#organization\"},\"potentialAction\":[{\"@type\":\"SearchAction\",\"target\":{\"@type\":\"EntryPoint\",\"urlTemplate\":\"https:\/\/ilcrogiuolo.it\/it\/?s={search_term_string}\"},\"query-input\":{\"@type\":\"PropertyValueSpecification\",\"valueRequired\":true,\"valueName\":\"search_term_string\"}}],\"inLanguage\":\"it-IT\"},{\"@type\":\"Organization\",\"@id\":\"https:\/\/ilcrogiuolo.it\/it\/#organization\",\"name\":\"Il Crogiuolo\",\"url\":\"https:\/\/ilcrogiuolo.it\/it\/\",\"logo\":{\"@type\":\"ImageObject\",\"inLanguage\":\"it-IT\",\"@id\":\"https:\/\/ilcrogiuolo.it\/it\/#\/schema\/logo\/image\/\",\"url\":\"https:\/\/ilcrogiuolo.it\/wp-content\/uploads\/2020\/04\/logo.png\",\"contentUrl\":\"https:\/\/ilcrogiuolo.it\/wp-content\/uploads\/2020\/04\/logo.png\",\"width\":200,\"height\":49,\"caption\":\"Il Crogiuolo\"},\"image\":{\"@id\":\"https:\/\/ilcrogiuolo.it\/it\/#\/schema\/logo\/image\/\"},\"sameAs\":[\"https:\/\/www.facebook.com\/Il-Crogiuolo-681876418491758\"]}]}<\/script>\n<!-- \/ Yoast SEO plugin. -->","yoast_head_json":{"title":"BUSTO IN RESINA SANTA MUERTE - con carica tradizionale alla base - Il Crogiuolo","description":"BUSTO IN RESINA SANTA MUERTE - con carica tradizionale alla base Il culto della Santisima Muerte affonda le sue origini nel magico mondo della tradizione esoterica Messicana, retaggio dell\u2019antica religione Atzeca.","robots":{"index":"index","follow":"follow","max-snippet":"max-snippet:-1","max-image-preview":"max-image-preview:large","max-video-preview":"max-video-preview:-1"},"canonical":"https:\/\/ilcrogiuolo.it\/it\/p\/busto-in-resina-santa-muerte-con-carica-tradizionale-alla-base\/","og_locale":"it_IT","og_type":"article","og_title":"BUSTO IN RESINA SANTA MUERTE - con carica tradizionale alla base - Il Crogiuolo","og_description":"BUSTO IN RESINA SANTA MUERTE - con carica tradizionale alla base Il culto della Santisima Muerte affonda le sue origini nel magico mondo della tradizione esoterica Messicana, retaggio dell\u2019antica religione Atzeca.","og_url":"https:\/\/ilcrogiuolo.it\/it\/p\/busto-in-resina-santa-muerte-con-carica-tradizionale-alla-base\/","og_site_name":"Il Crogiuolo","article_publisher":"https:\/\/www.facebook.com\/Il-Crogiuolo-681876418491758","article_modified_time":"2024-03-12T09:56:23+00:00","og_image":[{"width":924,"height":898,"url":"https:\/\/ilcrogiuolo.it\/wp-content\/uploads\/2023\/06\/SANTA-MORTE-ESCLUSIVA.png","type":"image\/png"}],"twitter_card":"summary_large_image","twitter_misc":{"Tempo di lettura stimato":"2 minuti"},"schema":{"@context":"https:\/\/schema.org","@graph":[{"@type":"WebPage","@id":"https:\/\/ilcrogiuolo.it\/it\/p\/busto-in-resina-santa-muerte-con-carica-tradizionale-alla-base\/","url":"https:\/\/ilcrogiuolo.it\/it\/p\/busto-in-resina-santa-muerte-con-carica-tradizionale-alla-base\/","name":"BUSTO IN RESINA SANTA MUERTE - con carica tradizionale alla base - Il Crogiuolo","isPartOf":{"@id":"https:\/\/ilcrogiuolo.it\/it\/#website"},"primaryImageOfPage":{"@id":"https:\/\/ilcrogiuolo.it\/it\/p\/busto-in-resina-santa-muerte-con-carica-tradizionale-alla-base\/#primaryimage"},"image":{"@id":"https:\/\/ilcrogiuolo.it\/it\/p\/busto-in-resina-santa-muerte-con-carica-tradizionale-alla-base\/#primaryimage"},"thumbnailUrl":"https:\/\/ilcrogiuolo.it\/wp-content\/uploads\/2023\/06\/SANTA-MORTE-ESCLUSIVA.png","datePublished":"2023-06-23T09:52:16+00:00","dateModified":"2024-03-12T09:56:23+00:00","description":"BUSTO IN RESINA SANTA MUERTE - con carica tradizionale alla base Il culto della Santisima Muerte affonda le sue origini nel magico mondo della tradizione esoterica Messicana, retaggio dell\u2019antica religione Atzeca.","breadcrumb":{"@id":"https:\/\/ilcrogiuolo.it\/it\/p\/busto-in-resina-santa-muerte-con-carica-tradizionale-alla-base\/#breadcrumb"},"inLanguage":"it-IT","potentialAction":[{"@type":"ReadAction","target":["https:\/\/ilcrogiuolo.it\/it\/p\/busto-in-resina-santa-muerte-con-carica-tradizionale-alla-base\/"]}]},{"@type":"ImageObject","inLanguage":"it-IT","@id":"https:\/\/ilcrogiuolo.it\/it\/p\/busto-in-resina-santa-muerte-con-carica-tradizionale-alla-base\/#primaryimage","url":"https:\/\/ilcrogiuolo.it\/wp-content\/uploads\/2023\/06\/SANTA-MORTE-ESCLUSIVA.png","contentUrl":"https:\/\/ilcrogiuolo.it\/wp-content\/uploads\/2023\/06\/SANTA-MORTE-ESCLUSIVA.png","width":924,"height":898},{"@type":"BreadcrumbList","@id":"https:\/\/ilcrogiuolo.it\/it\/p\/busto-in-resina-santa-muerte-con-carica-tradizionale-alla-base\/#breadcrumb","itemListElement":[{"@type":"ListItem","position":1,"name":"Home","item":"https:\/\/ilcrogiuolo.it\/it\/"},{"@type":"ListItem","position":2,"name":"Shop","item":"https:\/\/ilcrogiuolo.it\/it\/negozio\/"},{"@type":"ListItem","position":3,"name":"BUSTO IN RESINA SANTA MUERTE &#8211; con carica tradizionale alla base"}]},{"@type":"WebSite","@id":"https:\/\/ilcrogiuolo.it\/it\/#website","url":"https:\/\/ilcrogiuolo.it\/it\/","name":"Il Crogiuolo","description":"","publisher":{"@id":"https:\/\/ilcrogiuolo.it\/it\/#organization"},"potentialAction":[{"@type":"SearchAction","target":{"@type":"EntryPoint","urlTemplate":"https:\/\/ilcrogiuolo.it\/it\/?s={search_term_string}"},"query-input":{"@type":"PropertyValueSpecification","valueRequired":true,"valueName":"search_term_string"}}],"inLanguage":"it-IT"},{"@type":"Organization","@id":"https:\/\/ilcrogiuolo.it\/it\/#organization","name":"Il Crogiuolo","url":"https:\/\/ilcrogiuolo.it\/it\/","logo":{"@type":"ImageObject","inLanguage":"it-IT","@id":"https:\/\/ilcrogiuolo.it\/it\/#\/schema\/logo\/image\/","url":"https:\/\/ilcrogiuolo.it\/wp-content\/uploads\/2020\/04\/logo.png","contentUrl":"https:\/\/ilcrogiuolo.it\/wp-content\/uploads\/2020\/04\/logo.png","width":200,"height":49,"caption":"Il Crogiuolo"},"image":{"@id":"https:\/\/ilcrogiuolo.it\/it\/#\/schema\/logo\/image\/"},"sameAs":["https:\/\/www.facebook.com\/Il-Crogiuolo-681876418491758"]}]}},"_links":{"self":[{"href":"https:\/\/ilcrogiuolo.it\/it\/wp-json\/wp\/v2\/product\/42850","targetHints":{"allow":["GET"]}}],"collection":[{"href":"https:\/\/ilcrogiuolo.it\/it\/wp-json\/wp\/v2\/product"}],"about":[{"href":"https:\/\/ilcrogiuolo.it\/it\/wp-json\/wp\/v2\/types\/product"}],"wp:featuredmedia":[{"embeddable":true,"href":"https:\/\/ilcrogiuolo.it\/it\/wp-json\/wp\/v2\/media\/42867"}],"wp:attachment":[{"href":"https:\/\/ilcrogiuolo.it\/it\/wp-json\/wp\/v2\/media?parent=42850"}],"wp:term":[{"taxonomy":"product_brand","embeddable":true,"href":"https:\/\/ilcrogiuolo.it\/it\/wp-json\/wp\/v2\/product_brand?post=42850"},{"taxonomy":"product_cat","embeddable":true,"href":"https:\/\/ilcrogiuolo.it\/it\/wp-json\/wp\/v2\/product_cat?post=42850"},{"taxonomy":"product_tag","embeddable":true,"href":"https:\/\/ilcrogiuolo.it\/it\/wp-json\/wp\/v2\/product_tag?post=42850"}],"curies":[{"name":"wp","href":"https:\/\/api.w.org\/{rel}","templated":true}]}}