{"id":42751,"date":"2023-06-15T16:51:33","date_gmt":"2023-06-15T14:51:33","guid":{"rendered":"https:\/\/ilcrogiuolo.it\/?post_type=product&#038;p=42751"},"modified":"2024-11-19T16:17:58","modified_gmt":"2024-11-19T15:17:58","slug":"cartas-da-maria-padilha","status":"publish","type":"product","link":"https:\/\/ilcrogiuolo.it\/it\/p\/cartas-da-maria-padilha\/","title":{"rendered":"CARTAS DA MARIA PADILHA"},"content":{"rendered":"<p>La storia di Maria Padilha affonda nella leggenda, da cortigiana alla corte di Pedro il Crudele a Pomba Gira, ha cavalcato i secoli per diventare una delle entit\u00e0 pi\u00f9 amate della Quimbanda. Questo oracolo \u00e8 dedicato a lei, alla sua magia ed ai suoi misteri. 36 carte di facile interpretazione, accompagnate da istruzioni in lingua portoghese, vi permetteranno non solo di contattare questa meravigliosa entit\u00e0, ma anche di scoprire i segreti del passato, del presente e del futuro. Il mazzo \u00e8 accompagnato da istruzioni in lingua portoghese.<\/p>\n","protected":false},"excerpt":{"rendered":"<p>La storia di Maria Padilha affonda nella leggenda, da cortigiana alla corte di Pedro il Crudele a Pomba Gira, ha&#8230;<\/p>\n","protected":false},"featured_media":42753,"template":"","meta":{"_acf_changed":false},"product_brand":[],"product_cat":[1088,1062,1428],"product_tag":[],"class_list":{"0":"post-42751","1":"product","2":"type-product","3":"status-publish","4":"has-post-thumbnail","6":"product_cat-tarocchi-sibille-oracoli","7":"product_cat-divinazione","8":"product_cat-sibille-gitane-novita-dal-brasile","10":"first","11":"instock","12":"taxable","13":"shipping-taxable","14":"purchasable","15":"product-type-simple","16":"add-to-wishlist-before_image"},"acf":[],"yoast_head":"<!-- This site is optimized with the Yoast SEO plugin v26.9 - https:\/\/yoast.com\/product\/yoast-seo-wordpress\/ -->\n<title>CARTAS DA MARIA PADILHA - Il Crogiuolo<\/title>\n<meta name=\"description\" content=\"CARTAS DA MARIA PADILHA La storia di Maria Padilha affonda nella leggenda, da cortigiana alla corte di Pedro il Crudele a Pomba Gira, ha cavalcato i secoli per diventare una\" \/>\n<meta name=\"robots\" content=\"index, follow, max-snippet:-1, max-image-preview:large, max-video-preview:-1\" \/>\n<link rel=\"canonical\" href=\"https:\/\/ilcrogiuolo.it\/it\/p\/cartas-da-maria-padilha\/\" \/>\n<meta property=\"og:locale\" content=\"it_IT\" \/>\n<meta property=\"og:type\" content=\"article\" \/>\n<meta property=\"og:title\" content=\"CARTAS DA MARIA PADILHA - Il Crogiuolo\" \/>\n<meta property=\"og:description\" content=\"CARTAS DA MARIA PADILHA La storia di Maria Padilha affonda nella leggenda, da cortigiana alla corte di Pedro il Crudele a Pomba Gira, ha cavalcato i secoli per diventare una\" \/>\n<meta property=\"og:url\" content=\"https:\/\/ilcrogiuolo.it\/it\/p\/cartas-da-maria-padilha\/\" \/>\n<meta property=\"og:site_name\" content=\"Il Crogiuolo\" \/>\n<meta property=\"article:publisher\" content=\"https:\/\/www.facebook.com\/Il-Crogiuolo-681876418491758\" \/>\n<meta property=\"article:modified_time\" content=\"2024-11-19T15:17:58+00:00\" \/>\n<meta property=\"og:image\" content=\"https:\/\/ilcrogiuolo.it\/wp-content\/uploads\/2023\/06\/cartas-padilha-oracolo.png\" \/>\n\t<meta property=\"og:image:width\" content=\"924\" \/>\n\t<meta property=\"og:image:height\" content=\"898\" \/>\n\t<meta property=\"og:image:type\" content=\"image\/png\" \/>\n<meta name=\"twitter:card\" content=\"summary_large_image\" \/>\n<meta name=\"twitter:label1\" content=\"Tempo di lettura stimato\" \/>\n\t<meta name=\"twitter:data1\" content=\"1 minuto\" \/>\n<script type=\"application\/ld+json\" class=\"yoast-schema-graph\">{\"@context\":\"https:\/\/schema.org\",\"@graph\":[{\"@type\":\"WebPage\",\"@id\":\"https:\/\/ilcrogiuolo.it\/it\/p\/cartas-da-maria-padilha\/\",\"url\":\"https:\/\/ilcrogiuolo.it\/it\/p\/cartas-da-maria-padilha\/\",\"name\":\"CARTAS DA MARIA PADILHA - Il Crogiuolo\",\"isPartOf\":{\"@id\":\"https:\/\/ilcrogiuolo.it\/it\/#website\"},\"primaryImageOfPage\":{\"@id\":\"https:\/\/ilcrogiuolo.it\/it\/p\/cartas-da-maria-padilha\/#primaryimage\"},\"image\":{\"@id\":\"https:\/\/ilcrogiuolo.it\/it\/p\/cartas-da-maria-padilha\/#primaryimage\"},\"thumbnailUrl\":\"https:\/\/ilcrogiuolo.it\/wp-content\/uploads\/2023\/06\/cartas-padilha-oracolo.png\",\"datePublished\":\"2023-06-15T14:51:33+00:00\",\"dateModified\":\"2024-11-19T15:17:58+00:00\",\"description\":\"CARTAS DA MARIA PADILHA La storia di Maria Padilha affonda nella leggenda, da cortigiana alla corte di Pedro il Crudele a Pomba Gira, ha cavalcato i secoli per diventare una\",\"breadcrumb\":{\"@id\":\"https:\/\/ilcrogiuolo.it\/it\/p\/cartas-da-maria-padilha\/#breadcrumb\"},\"inLanguage\":\"it-IT\",\"potentialAction\":[{\"@type\":\"ReadAction\",\"target\":[\"https:\/\/ilcrogiuolo.it\/it\/p\/cartas-da-maria-padilha\/\"]}]},{\"@type\":\"ImageObject\",\"inLanguage\":\"it-IT\",\"@id\":\"https:\/\/ilcrogiuolo.it\/it\/p\/cartas-da-maria-padilha\/#primaryimage\",\"url\":\"https:\/\/ilcrogiuolo.it\/wp-content\/uploads\/2023\/06\/cartas-padilha-oracolo.png\",\"contentUrl\":\"https:\/\/ilcrogiuolo.it\/wp-content\/uploads\/2023\/06\/cartas-padilha-oracolo.png\",\"width\":924,\"height\":898},{\"@type\":\"BreadcrumbList\",\"@id\":\"https:\/\/ilcrogiuolo.it\/it\/p\/cartas-da-maria-padilha\/#breadcrumb\",\"itemListElement\":[{\"@type\":\"ListItem\",\"position\":1,\"name\":\"Home\",\"item\":\"https:\/\/ilcrogiuolo.it\/it\/\"},{\"@type\":\"ListItem\",\"position\":2,\"name\":\"Shop\",\"item\":\"https:\/\/ilcrogiuolo.it\/it\/negozio\/\"},{\"@type\":\"ListItem\",\"position\":3,\"name\":\"CARTAS DA MARIA PADILHA\"}]},{\"@type\":\"WebSite\",\"@id\":\"https:\/\/ilcrogiuolo.it\/it\/#website\",\"url\":\"https:\/\/ilcrogiuolo.it\/it\/\",\"name\":\"Il Crogiuolo\",\"description\":\"\",\"publisher\":{\"@id\":\"https:\/\/ilcrogiuolo.it\/it\/#organization\"},\"potentialAction\":[{\"@type\":\"SearchAction\",\"target\":{\"@type\":\"EntryPoint\",\"urlTemplate\":\"https:\/\/ilcrogiuolo.it\/it\/?s={search_term_string}\"},\"query-input\":{\"@type\":\"PropertyValueSpecification\",\"valueRequired\":true,\"valueName\":\"search_term_string\"}}],\"inLanguage\":\"it-IT\"},{\"@type\":\"Organization\",\"@id\":\"https:\/\/ilcrogiuolo.it\/it\/#organization\",\"name\":\"Il Crogiuolo\",\"url\":\"https:\/\/ilcrogiuolo.it\/it\/\",\"logo\":{\"@type\":\"ImageObject\",\"inLanguage\":\"it-IT\",\"@id\":\"https:\/\/ilcrogiuolo.it\/it\/#\/schema\/logo\/image\/\",\"url\":\"https:\/\/ilcrogiuolo.it\/wp-content\/uploads\/2020\/04\/logo.png\",\"contentUrl\":\"https:\/\/ilcrogiuolo.it\/wp-content\/uploads\/2020\/04\/logo.png\",\"width\":200,\"height\":49,\"caption\":\"Il Crogiuolo\"},\"image\":{\"@id\":\"https:\/\/ilcrogiuolo.it\/it\/#\/schema\/logo\/image\/\"},\"sameAs\":[\"https:\/\/www.facebook.com\/Il-Crogiuolo-681876418491758\"]}]}<\/script>\n<!-- \/ Yoast SEO plugin. -->","yoast_head_json":{"title":"CARTAS DA MARIA PADILHA - Il Crogiuolo","description":"CARTAS DA MARIA PADILHA La storia di Maria Padilha affonda nella leggenda, da cortigiana alla corte di Pedro il Crudele a Pomba Gira, ha cavalcato i secoli per diventare una","robots":{"index":"index","follow":"follow","max-snippet":"max-snippet:-1","max-image-preview":"max-image-preview:large","max-video-preview":"max-video-preview:-1"},"canonical":"https:\/\/ilcrogiuolo.it\/it\/p\/cartas-da-maria-padilha\/","og_locale":"it_IT","og_type":"article","og_title":"CARTAS DA MARIA PADILHA - Il Crogiuolo","og_description":"CARTAS DA MARIA PADILHA La storia di Maria Padilha affonda nella leggenda, da cortigiana alla corte di Pedro il Crudele a Pomba Gira, ha cavalcato i secoli per diventare una","og_url":"https:\/\/ilcrogiuolo.it\/it\/p\/cartas-da-maria-padilha\/","og_site_name":"Il Crogiuolo","article_publisher":"https:\/\/www.facebook.com\/Il-Crogiuolo-681876418491758","article_modified_time":"2024-11-19T15:17:58+00:00","og_image":[{"width":924,"height":898,"url":"https:\/\/ilcrogiuolo.it\/wp-content\/uploads\/2023\/06\/cartas-padilha-oracolo.png","type":"image\/png"}],"twitter_card":"summary_large_image","twitter_misc":{"Tempo di lettura stimato":"1 minuto"},"schema":{"@context":"https:\/\/schema.org","@graph":[{"@type":"WebPage","@id":"https:\/\/ilcrogiuolo.it\/it\/p\/cartas-da-maria-padilha\/","url":"https:\/\/ilcrogiuolo.it\/it\/p\/cartas-da-maria-padilha\/","name":"CARTAS DA MARIA PADILHA - Il Crogiuolo","isPartOf":{"@id":"https:\/\/ilcrogiuolo.it\/it\/#website"},"primaryImageOfPage":{"@id":"https:\/\/ilcrogiuolo.it\/it\/p\/cartas-da-maria-padilha\/#primaryimage"},"image":{"@id":"https:\/\/ilcrogiuolo.it\/it\/p\/cartas-da-maria-padilha\/#primaryimage"},"thumbnailUrl":"https:\/\/ilcrogiuolo.it\/wp-content\/uploads\/2023\/06\/cartas-padilha-oracolo.png","datePublished":"2023-06-15T14:51:33+00:00","dateModified":"2024-11-19T15:17:58+00:00","description":"CARTAS DA MARIA PADILHA La storia di Maria Padilha affonda nella leggenda, da cortigiana alla corte di Pedro il Crudele a Pomba Gira, ha cavalcato i secoli per diventare una","breadcrumb":{"@id":"https:\/\/ilcrogiuolo.it\/it\/p\/cartas-da-maria-padilha\/#breadcrumb"},"inLanguage":"it-IT","potentialAction":[{"@type":"ReadAction","target":["https:\/\/ilcrogiuolo.it\/it\/p\/cartas-da-maria-padilha\/"]}]},{"@type":"ImageObject","inLanguage":"it-IT","@id":"https:\/\/ilcrogiuolo.it\/it\/p\/cartas-da-maria-padilha\/#primaryimage","url":"https:\/\/ilcrogiuolo.it\/wp-content\/uploads\/2023\/06\/cartas-padilha-oracolo.png","contentUrl":"https:\/\/ilcrogiuolo.it\/wp-content\/uploads\/2023\/06\/cartas-padilha-oracolo.png","width":924,"height":898},{"@type":"BreadcrumbList","@id":"https:\/\/ilcrogiuolo.it\/it\/p\/cartas-da-maria-padilha\/#breadcrumb","itemListElement":[{"@type":"ListItem","position":1,"name":"Home","item":"https:\/\/ilcrogiuolo.it\/it\/"},{"@type":"ListItem","position":2,"name":"Shop","item":"https:\/\/ilcrogiuolo.it\/it\/negozio\/"},{"@type":"ListItem","position":3,"name":"CARTAS DA MARIA PADILHA"}]},{"@type":"WebSite","@id":"https:\/\/ilcrogiuolo.it\/it\/#website","url":"https:\/\/ilcrogiuolo.it\/it\/","name":"Il Crogiuolo","description":"","publisher":{"@id":"https:\/\/ilcrogiuolo.it\/it\/#organization"},"potentialAction":[{"@type":"SearchAction","target":{"@type":"EntryPoint","urlTemplate":"https:\/\/ilcrogiuolo.it\/it\/?s={search_term_string}"},"query-input":{"@type":"PropertyValueSpecification","valueRequired":true,"valueName":"search_term_string"}}],"inLanguage":"it-IT"},{"@type":"Organization","@id":"https:\/\/ilcrogiuolo.it\/it\/#organization","name":"Il Crogiuolo","url":"https:\/\/ilcrogiuolo.it\/it\/","logo":{"@type":"ImageObject","inLanguage":"it-IT","@id":"https:\/\/ilcrogiuolo.it\/it\/#\/schema\/logo\/image\/","url":"https:\/\/ilcrogiuolo.it\/wp-content\/uploads\/2020\/04\/logo.png","contentUrl":"https:\/\/ilcrogiuolo.it\/wp-content\/uploads\/2020\/04\/logo.png","width":200,"height":49,"caption":"Il Crogiuolo"},"image":{"@id":"https:\/\/ilcrogiuolo.it\/it\/#\/schema\/logo\/image\/"},"sameAs":["https:\/\/www.facebook.com\/Il-Crogiuolo-681876418491758"]}]}},"_links":{"self":[{"href":"https:\/\/ilcrogiuolo.it\/it\/wp-json\/wp\/v2\/product\/42751","targetHints":{"allow":["GET"]}}],"collection":[{"href":"https:\/\/ilcrogiuolo.it\/it\/wp-json\/wp\/v2\/product"}],"about":[{"href":"https:\/\/ilcrogiuolo.it\/it\/wp-json\/wp\/v2\/types\/product"}],"wp:featuredmedia":[{"embeddable":true,"href":"https:\/\/ilcrogiuolo.it\/it\/wp-json\/wp\/v2\/media\/42753"}],"wp:attachment":[{"href":"https:\/\/ilcrogiuolo.it\/it\/wp-json\/wp\/v2\/media?parent=42751"}],"wp:term":[{"taxonomy":"product_brand","embeddable":true,"href":"https:\/\/ilcrogiuolo.it\/it\/wp-json\/wp\/v2\/product_brand?post=42751"},{"taxonomy":"product_cat","embeddable":true,"href":"https:\/\/ilcrogiuolo.it\/it\/wp-json\/wp\/v2\/product_cat?post=42751"},{"taxonomy":"product_tag","embeddable":true,"href":"https:\/\/ilcrogiuolo.it\/it\/wp-json\/wp\/v2\/product_tag?post=42751"}],"curies":[{"name":"wp","href":"https:\/\/api.w.org\/{rel}","templated":true}]}}