{"id":42328,"date":"2023-05-15T12:31:09","date_gmt":"2023-05-15T10:31:09","guid":{"rendered":"https:\/\/ilcrogiuolo.it\/?post_type=product&#038;p=42328"},"modified":"2023-05-15T15:00:20","modified_gmt":"2023-05-15T13:00:20","slug":"collezione-minilibro-exu-sete-encruzilhadas-versione-ebook","status":"publish","type":"product","link":"https:\/\/ilcrogiuolo.it\/it\/p\/collezione-minilibro-exu-sete-encruzilhadas-versione-ebook\/","title":{"rendered":"COLLEZIONE MINILIBRO EXU SETE ENCRUZILHADAS &#8211; VERSIONE EBOOK"},"content":{"rendered":"<p>La Collezione Laroy\u00e9 comprende una raccolta di testi dedicati alle entit\u00e0 della Quimbanda descritte in maniera semplie ma al contempo completa. Ogni Volume \u00e8 legato ad un Ex\u00f9 o ad una Pomba Gira.<\/p>\n<p>Nel libro Laroy\u00e9 Sete Encruzilhadas troverete la storia completa di questo Ex\u00f9, leggende, pontos riscados e cantados, formule, mirongas e naturalmente diverse pratiche per lavorare con questo grandioso Ex\u00f9 della Quimbanda invocato soprattutto per aprire i cammini, attirare il denaro, il successo e trionfare in amore.<\/p>\n<p><strong>VERSIONE EBOOK DIGITALE FORMATO .PDF<\/strong><\/p>\n<p dir=\"ltr\" style=\"margin-right: 0px;\">\n","protected":false},"excerpt":{"rendered":"<p>La Collezione Laroy\u00e9 comprende una raccolta di testi dedicati alle entit\u00e0 della Quimbanda descritte in maniera semplie ma al contempo&#8230;<\/p>\n","protected":false},"featured_media":42331,"template":"","meta":{"_acf_changed":false},"product_brand":[],"product_cat":[1091,1398,1060],"product_tag":[],"class_list":{"0":"post-42328","1":"product","2":"type-product","3":"status-publish","4":"has-post-thumbnail","6":"product_cat-libreria-esoterica-ebook","7":"product_cat-collezione-minilibri-ebook","8":"product_cat-libreria-esoterica","10":"first","11":"instock","12":"downloadable","13":"virtual","14":"taxable","15":"purchasable","16":"product-type-simple","17":"add-to-wishlist-before_image"},"acf":[],"yoast_head":"<!-- This site is optimized with the Yoast SEO plugin v26.9 - https:\/\/yoast.com\/product\/yoast-seo-wordpress\/ -->\n<title>COLLEZIONE MINILIBRO EXU SETE ENCRUZILHADAS - VERSIONE EBOOK - Il Crogiuolo<\/title>\n<meta name=\"description\" content=\"COLLEZIONE MINILIBRO EXU SETE ENCRUZILHADAS - VERSIONE EBOOK La Collezione Laroy\u00e9 comprende una raccolta di testi dedicati alle entit\u00e0 della Quimbanda descritte in maniera semplie ma al contempo completa. Ogni\" \/>\n<meta name=\"robots\" content=\"index, follow, max-snippet:-1, max-image-preview:large, max-video-preview:-1\" \/>\n<link rel=\"canonical\" href=\"https:\/\/ilcrogiuolo.it\/it\/p\/collezione-minilibro-exu-sete-encruzilhadas-versione-ebook\/\" \/>\n<meta property=\"og:locale\" content=\"it_IT\" \/>\n<meta property=\"og:type\" content=\"article\" \/>\n<meta property=\"og:title\" content=\"COLLEZIONE MINILIBRO EXU SETE ENCRUZILHADAS - VERSIONE EBOOK - Il Crogiuolo\" \/>\n<meta property=\"og:description\" content=\"COLLEZIONE MINILIBRO EXU SETE ENCRUZILHADAS - VERSIONE EBOOK La Collezione Laroy\u00e9 comprende una raccolta di testi dedicati alle entit\u00e0 della Quimbanda descritte in maniera semplie ma al contempo completa. Ogni\" \/>\n<meta property=\"og:url\" content=\"https:\/\/ilcrogiuolo.it\/it\/p\/collezione-minilibro-exu-sete-encruzilhadas-versione-ebook\/\" \/>\n<meta property=\"og:site_name\" content=\"Il Crogiuolo\" \/>\n<meta property=\"article:publisher\" content=\"https:\/\/www.facebook.com\/Il-Crogiuolo-681876418491758\" \/>\n<meta property=\"article:modified_time\" content=\"2023-05-15T13:00:20+00:00\" \/>\n<meta property=\"og:image\" content=\"https:\/\/ilcrogiuolo.it\/wp-content\/uploads\/2023\/05\/EXU-7-ENCRUZILHADAS-LIBRO.png\" \/>\n\t<meta property=\"og:image:width\" content=\"924\" \/>\n\t<meta property=\"og:image:height\" content=\"898\" \/>\n\t<meta property=\"og:image:type\" content=\"image\/png\" \/>\n<meta name=\"twitter:card\" content=\"summary_large_image\" \/>\n<meta name=\"twitter:label1\" content=\"Tempo di lettura stimato\" \/>\n\t<meta name=\"twitter:data1\" content=\"1 minuto\" \/>\n<script type=\"application\/ld+json\" class=\"yoast-schema-graph\">{\"@context\":\"https:\/\/schema.org\",\"@graph\":[{\"@type\":\"WebPage\",\"@id\":\"https:\/\/ilcrogiuolo.it\/it\/p\/collezione-minilibro-exu-sete-encruzilhadas-versione-ebook\/\",\"url\":\"https:\/\/ilcrogiuolo.it\/it\/p\/collezione-minilibro-exu-sete-encruzilhadas-versione-ebook\/\",\"name\":\"COLLEZIONE MINILIBRO EXU SETE ENCRUZILHADAS - VERSIONE EBOOK - Il Crogiuolo\",\"isPartOf\":{\"@id\":\"https:\/\/ilcrogiuolo.it\/it\/#website\"},\"primaryImageOfPage\":{\"@id\":\"https:\/\/ilcrogiuolo.it\/it\/p\/collezione-minilibro-exu-sete-encruzilhadas-versione-ebook\/#primaryimage\"},\"image\":{\"@id\":\"https:\/\/ilcrogiuolo.it\/it\/p\/collezione-minilibro-exu-sete-encruzilhadas-versione-ebook\/#primaryimage\"},\"thumbnailUrl\":\"https:\/\/ilcrogiuolo.it\/wp-content\/uploads\/2023\/05\/EXU-7-ENCRUZILHADAS-LIBRO.png\",\"datePublished\":\"2023-05-15T10:31:09+00:00\",\"dateModified\":\"2023-05-15T13:00:20+00:00\",\"description\":\"COLLEZIONE MINILIBRO EXU SETE ENCRUZILHADAS - VERSIONE EBOOK La Collezione Laroy\u00e9 comprende una raccolta di testi dedicati alle entit\u00e0 della Quimbanda descritte in maniera semplie ma al contempo completa. Ogni\",\"breadcrumb\":{\"@id\":\"https:\/\/ilcrogiuolo.it\/it\/p\/collezione-minilibro-exu-sete-encruzilhadas-versione-ebook\/#breadcrumb\"},\"inLanguage\":\"it-IT\",\"potentialAction\":[{\"@type\":\"ReadAction\",\"target\":[\"https:\/\/ilcrogiuolo.it\/it\/p\/collezione-minilibro-exu-sete-encruzilhadas-versione-ebook\/\"]}]},{\"@type\":\"ImageObject\",\"inLanguage\":\"it-IT\",\"@id\":\"https:\/\/ilcrogiuolo.it\/it\/p\/collezione-minilibro-exu-sete-encruzilhadas-versione-ebook\/#primaryimage\",\"url\":\"https:\/\/ilcrogiuolo.it\/wp-content\/uploads\/2023\/05\/EXU-7-ENCRUZILHADAS-LIBRO.png\",\"contentUrl\":\"https:\/\/ilcrogiuolo.it\/wp-content\/uploads\/2023\/05\/EXU-7-ENCRUZILHADAS-LIBRO.png\",\"width\":924,\"height\":898},{\"@type\":\"BreadcrumbList\",\"@id\":\"https:\/\/ilcrogiuolo.it\/it\/p\/collezione-minilibro-exu-sete-encruzilhadas-versione-ebook\/#breadcrumb\",\"itemListElement\":[{\"@type\":\"ListItem\",\"position\":1,\"name\":\"Home\",\"item\":\"https:\/\/ilcrogiuolo.it\/it\/\"},{\"@type\":\"ListItem\",\"position\":2,\"name\":\"Shop\",\"item\":\"https:\/\/ilcrogiuolo.it\/it\/negozio\/\"},{\"@type\":\"ListItem\",\"position\":3,\"name\":\"COLLEZIONE MINILIBRO EXU SETE ENCRUZILHADAS &#8211; VERSIONE EBOOK\"}]},{\"@type\":\"WebSite\",\"@id\":\"https:\/\/ilcrogiuolo.it\/it\/#website\",\"url\":\"https:\/\/ilcrogiuolo.it\/it\/\",\"name\":\"Il Crogiuolo\",\"description\":\"\",\"publisher\":{\"@id\":\"https:\/\/ilcrogiuolo.it\/it\/#organization\"},\"potentialAction\":[{\"@type\":\"SearchAction\",\"target\":{\"@type\":\"EntryPoint\",\"urlTemplate\":\"https:\/\/ilcrogiuolo.it\/it\/?s={search_term_string}\"},\"query-input\":{\"@type\":\"PropertyValueSpecification\",\"valueRequired\":true,\"valueName\":\"search_term_string\"}}],\"inLanguage\":\"it-IT\"},{\"@type\":\"Organization\",\"@id\":\"https:\/\/ilcrogiuolo.it\/it\/#organization\",\"name\":\"Il Crogiuolo\",\"url\":\"https:\/\/ilcrogiuolo.it\/it\/\",\"logo\":{\"@type\":\"ImageObject\",\"inLanguage\":\"it-IT\",\"@id\":\"https:\/\/ilcrogiuolo.it\/it\/#\/schema\/logo\/image\/\",\"url\":\"https:\/\/ilcrogiuolo.it\/wp-content\/uploads\/2020\/04\/logo.png\",\"contentUrl\":\"https:\/\/ilcrogiuolo.it\/wp-content\/uploads\/2020\/04\/logo.png\",\"width\":200,\"height\":49,\"caption\":\"Il Crogiuolo\"},\"image\":{\"@id\":\"https:\/\/ilcrogiuolo.it\/it\/#\/schema\/logo\/image\/\"},\"sameAs\":[\"https:\/\/www.facebook.com\/Il-Crogiuolo-681876418491758\"]}]}<\/script>\n<!-- \/ Yoast SEO plugin. -->","yoast_head_json":{"title":"COLLEZIONE MINILIBRO EXU SETE ENCRUZILHADAS - VERSIONE EBOOK - Il Crogiuolo","description":"COLLEZIONE MINILIBRO EXU SETE ENCRUZILHADAS - VERSIONE EBOOK La Collezione Laroy\u00e9 comprende una raccolta di testi dedicati alle entit\u00e0 della Quimbanda descritte in maniera semplie ma al contempo completa. Ogni","robots":{"index":"index","follow":"follow","max-snippet":"max-snippet:-1","max-image-preview":"max-image-preview:large","max-video-preview":"max-video-preview:-1"},"canonical":"https:\/\/ilcrogiuolo.it\/it\/p\/collezione-minilibro-exu-sete-encruzilhadas-versione-ebook\/","og_locale":"it_IT","og_type":"article","og_title":"COLLEZIONE MINILIBRO EXU SETE ENCRUZILHADAS - VERSIONE EBOOK - Il Crogiuolo","og_description":"COLLEZIONE MINILIBRO EXU SETE ENCRUZILHADAS - VERSIONE EBOOK La Collezione Laroy\u00e9 comprende una raccolta di testi dedicati alle entit\u00e0 della Quimbanda descritte in maniera semplie ma al contempo completa. Ogni","og_url":"https:\/\/ilcrogiuolo.it\/it\/p\/collezione-minilibro-exu-sete-encruzilhadas-versione-ebook\/","og_site_name":"Il Crogiuolo","article_publisher":"https:\/\/www.facebook.com\/Il-Crogiuolo-681876418491758","article_modified_time":"2023-05-15T13:00:20+00:00","og_image":[{"width":924,"height":898,"url":"https:\/\/ilcrogiuolo.it\/wp-content\/uploads\/2023\/05\/EXU-7-ENCRUZILHADAS-LIBRO.png","type":"image\/png"}],"twitter_card":"summary_large_image","twitter_misc":{"Tempo di lettura stimato":"1 minuto"},"schema":{"@context":"https:\/\/schema.org","@graph":[{"@type":"WebPage","@id":"https:\/\/ilcrogiuolo.it\/it\/p\/collezione-minilibro-exu-sete-encruzilhadas-versione-ebook\/","url":"https:\/\/ilcrogiuolo.it\/it\/p\/collezione-minilibro-exu-sete-encruzilhadas-versione-ebook\/","name":"COLLEZIONE MINILIBRO EXU SETE ENCRUZILHADAS - VERSIONE EBOOK - Il Crogiuolo","isPartOf":{"@id":"https:\/\/ilcrogiuolo.it\/it\/#website"},"primaryImageOfPage":{"@id":"https:\/\/ilcrogiuolo.it\/it\/p\/collezione-minilibro-exu-sete-encruzilhadas-versione-ebook\/#primaryimage"},"image":{"@id":"https:\/\/ilcrogiuolo.it\/it\/p\/collezione-minilibro-exu-sete-encruzilhadas-versione-ebook\/#primaryimage"},"thumbnailUrl":"https:\/\/ilcrogiuolo.it\/wp-content\/uploads\/2023\/05\/EXU-7-ENCRUZILHADAS-LIBRO.png","datePublished":"2023-05-15T10:31:09+00:00","dateModified":"2023-05-15T13:00:20+00:00","description":"COLLEZIONE MINILIBRO EXU SETE ENCRUZILHADAS - VERSIONE EBOOK La Collezione Laroy\u00e9 comprende una raccolta di testi dedicati alle entit\u00e0 della Quimbanda descritte in maniera semplie ma al contempo completa. Ogni","breadcrumb":{"@id":"https:\/\/ilcrogiuolo.it\/it\/p\/collezione-minilibro-exu-sete-encruzilhadas-versione-ebook\/#breadcrumb"},"inLanguage":"it-IT","potentialAction":[{"@type":"ReadAction","target":["https:\/\/ilcrogiuolo.it\/it\/p\/collezione-minilibro-exu-sete-encruzilhadas-versione-ebook\/"]}]},{"@type":"ImageObject","inLanguage":"it-IT","@id":"https:\/\/ilcrogiuolo.it\/it\/p\/collezione-minilibro-exu-sete-encruzilhadas-versione-ebook\/#primaryimage","url":"https:\/\/ilcrogiuolo.it\/wp-content\/uploads\/2023\/05\/EXU-7-ENCRUZILHADAS-LIBRO.png","contentUrl":"https:\/\/ilcrogiuolo.it\/wp-content\/uploads\/2023\/05\/EXU-7-ENCRUZILHADAS-LIBRO.png","width":924,"height":898},{"@type":"BreadcrumbList","@id":"https:\/\/ilcrogiuolo.it\/it\/p\/collezione-minilibro-exu-sete-encruzilhadas-versione-ebook\/#breadcrumb","itemListElement":[{"@type":"ListItem","position":1,"name":"Home","item":"https:\/\/ilcrogiuolo.it\/it\/"},{"@type":"ListItem","position":2,"name":"Shop","item":"https:\/\/ilcrogiuolo.it\/it\/negozio\/"},{"@type":"ListItem","position":3,"name":"COLLEZIONE MINILIBRO EXU SETE ENCRUZILHADAS &#8211; VERSIONE EBOOK"}]},{"@type":"WebSite","@id":"https:\/\/ilcrogiuolo.it\/it\/#website","url":"https:\/\/ilcrogiuolo.it\/it\/","name":"Il Crogiuolo","description":"","publisher":{"@id":"https:\/\/ilcrogiuolo.it\/it\/#organization"},"potentialAction":[{"@type":"SearchAction","target":{"@type":"EntryPoint","urlTemplate":"https:\/\/ilcrogiuolo.it\/it\/?s={search_term_string}"},"query-input":{"@type":"PropertyValueSpecification","valueRequired":true,"valueName":"search_term_string"}}],"inLanguage":"it-IT"},{"@type":"Organization","@id":"https:\/\/ilcrogiuolo.it\/it\/#organization","name":"Il Crogiuolo","url":"https:\/\/ilcrogiuolo.it\/it\/","logo":{"@type":"ImageObject","inLanguage":"it-IT","@id":"https:\/\/ilcrogiuolo.it\/it\/#\/schema\/logo\/image\/","url":"https:\/\/ilcrogiuolo.it\/wp-content\/uploads\/2020\/04\/logo.png","contentUrl":"https:\/\/ilcrogiuolo.it\/wp-content\/uploads\/2020\/04\/logo.png","width":200,"height":49,"caption":"Il Crogiuolo"},"image":{"@id":"https:\/\/ilcrogiuolo.it\/it\/#\/schema\/logo\/image\/"},"sameAs":["https:\/\/www.facebook.com\/Il-Crogiuolo-681876418491758"]}]}},"_links":{"self":[{"href":"https:\/\/ilcrogiuolo.it\/it\/wp-json\/wp\/v2\/product\/42328","targetHints":{"allow":["GET"]}}],"collection":[{"href":"https:\/\/ilcrogiuolo.it\/it\/wp-json\/wp\/v2\/product"}],"about":[{"href":"https:\/\/ilcrogiuolo.it\/it\/wp-json\/wp\/v2\/types\/product"}],"wp:featuredmedia":[{"embeddable":true,"href":"https:\/\/ilcrogiuolo.it\/it\/wp-json\/wp\/v2\/media\/42331"}],"wp:attachment":[{"href":"https:\/\/ilcrogiuolo.it\/it\/wp-json\/wp\/v2\/media?parent=42328"}],"wp:term":[{"taxonomy":"product_brand","embeddable":true,"href":"https:\/\/ilcrogiuolo.it\/it\/wp-json\/wp\/v2\/product_brand?post=42328"},{"taxonomy":"product_cat","embeddable":true,"href":"https:\/\/ilcrogiuolo.it\/it\/wp-json\/wp\/v2\/product_cat?post=42328"},{"taxonomy":"product_tag","embeddable":true,"href":"https:\/\/ilcrogiuolo.it\/it\/wp-json\/wp\/v2\/product_tag?post=42328"}],"curies":[{"name":"wp","href":"https:\/\/api.w.org\/{rel}","templated":true}]}}