{"id":4201,"date":"2020-01-14T17:08:18","date_gmt":"2020-01-14T16:08:18","guid":{"rendered":"https:\/\/ilcrogiuolo.it\/p\/rituale-del-nodo-di-amore-di-santa-sara\/"},"modified":"2022-04-07T09:50:47","modified_gmt":"2022-04-07T07:50:47","slug":"grande-rituale-del-nodo-di-amore-di-santa-sara","status":"publish","type":"product","link":"https:\/\/ilcrogiuolo.it\/it\/p\/grande-rituale-del-nodo-di-amore-di-santa-sara\/","title":{"rendered":"GRANDE RITUALE DEL NODO DI AMORE DI SANTA SARA"},"content":{"rendered":"<p>Da sempre le corde sono state impiegate dalla magia nella realizzazione di incanti e sortilegi per ottenere i pi\u00f9 variati scopi. Il Rituale del Nodo d\u2019Amore di Santa Sara appartiene alla cultura gitana, una tradizione forte ed antica le cui origini misteriose si perdono nella notte dei tempi. La santa venerata da zingari e gitani \u00e8 Santa Sara, la nera, chiamata anche Santa Sara Kali. Una leggenda narra che arrivasse in Europa con una piccola imbarcazione dalla Giudea nell\u2019anno 40 d.C. Si dice fosse la serva di Maria Salom\u00e8 e Maria Giacobbe. Tuttavia, esistono molte altre storie e tradizioni sulla sua origine. Una versione, accreditata dalla tradizione rom, narra che Sara fosse una gitana residente in Provenza, che salv\u00f2 le due Marie da una tempesta. Si dice anche che fosse un\u2019abbadessa egiziana che arriv\u00f2 in Camargue dalla Libia. Quello che \u00e8 sicuro, \u00e8 che Santa Sara \u00e8 un enigma storico difficile da risolvere, ma i suoi devoti non sembrano preoccuparsi troppo di quest\u2019incertezza. Quello che sanno \u00e8 che le petizioni a Santa Sara difficilmente vengono inascoltate. Questo sortilegio si esegue per legare a se una persona, indipendentemente dal fatto che la si conosca o meno. Pu\u00f2 essere uno sconosciuto (o una sconosciuta) di cui ci si sia incapricciati, un compagno\/a che \u201cballa troppo nel manico\u201d, o una persona che non vuole cedere ai propri sentimenti. Il rituale ruota attorno ad una candela dalla forma di nodo al cui interno vengono sciolte in fase di colatura essenze misteriose. Il Crogiuolo\u00ae vi propone la pratica completa di tutti gli elementi mistici e la fedele traduzione dell\u2019intero rituale.<\/p>\n","protected":false},"excerpt":{"rendered":"<p>Da sempre le corde sono state impiegate dalla magia nella realizzazione di incanti e sortilegi per ottenere i pi\u00f9 variati&#8230;<\/p>\n","protected":false},"featured_media":36532,"template":"","meta":{"_acf_changed":false},"product_brand":[],"product_cat":[1106,1059,1378],"product_tag":[],"class_list":{"0":"post-4201","1":"product","2":"type-product","3":"status-publish","4":"has-post-thumbnail","6":"product_cat-rituali-planetari-stregoneria-angelici","7":"product_cat-articoli-esoterici","8":"product_cat-magia-popolare-stregoneria","10":"first","11":"instock","12":"taxable","13":"shipping-taxable","14":"purchasable","15":"product-type-simple","16":"add-to-wishlist-before_image"},"acf":[],"yoast_head":"<!-- This site is optimized with the Yoast SEO plugin v26.9 - https:\/\/yoast.com\/product\/yoast-seo-wordpress\/ -->\n<title>GRANDE RITUALE DEL NODO DI AMORE DI SANTA SARA - Il Crogiuolo<\/title>\n<meta name=\"description\" content=\"GRANDE RITUALE DEL NODO DI AMORE DI SANTA SARA Da sempre le corde sono state impiegate dalla magia nella realizzazione di incanti e sortilegi per ottenere i pi\u00f9 variati scopi. Il Rituale del Nodo\" \/>\n<meta name=\"robots\" content=\"index, follow, max-snippet:-1, max-image-preview:large, max-video-preview:-1\" \/>\n<link rel=\"canonical\" href=\"https:\/\/ilcrogiuolo.it\/it\/p\/grande-rituale-del-nodo-di-amore-di-santa-sara\/\" \/>\n<meta property=\"og:locale\" content=\"it_IT\" \/>\n<meta property=\"og:type\" content=\"article\" \/>\n<meta property=\"og:title\" content=\"GRANDE RITUALE DEL NODO DI AMORE DI SANTA SARA - Il Crogiuolo\" \/>\n<meta property=\"og:description\" content=\"GRANDE RITUALE DEL NODO DI AMORE DI SANTA SARA Da sempre le corde sono state impiegate dalla magia nella realizzazione di incanti e sortilegi per ottenere i pi\u00f9 variati scopi. Il Rituale del Nodo\" \/>\n<meta property=\"og:url\" content=\"https:\/\/ilcrogiuolo.it\/it\/p\/grande-rituale-del-nodo-di-amore-di-santa-sara\/\" \/>\n<meta property=\"og:site_name\" content=\"Il Crogiuolo\" \/>\n<meta property=\"article:publisher\" content=\"https:\/\/www.facebook.com\/Il-Crogiuolo-681876418491758\" \/>\n<meta property=\"article:modified_time\" content=\"2022-04-07T07:50:47+00:00\" \/>\n<meta property=\"og:image\" content=\"https:\/\/ilcrogiuolo.it\/wp-content\/uploads\/2020\/01\/SANTA-SARA-LEGAMENTO.jpg\" \/>\n\t<meta property=\"og:image:width\" content=\"1000\" \/>\n\t<meta property=\"og:image:height\" content=\"1000\" \/>\n\t<meta property=\"og:image:type\" content=\"image\/jpeg\" \/>\n<meta name=\"twitter:card\" content=\"summary_large_image\" \/>\n<meta name=\"twitter:label1\" content=\"Tempo di lettura stimato\" \/>\n\t<meta name=\"twitter:data1\" content=\"1 minuto\" \/>\n<script type=\"application\/ld+json\" class=\"yoast-schema-graph\">{\"@context\":\"https:\/\/schema.org\",\"@graph\":[{\"@type\":\"WebPage\",\"@id\":\"https:\/\/ilcrogiuolo.it\/it\/p\/grande-rituale-del-nodo-di-amore-di-santa-sara\/\",\"url\":\"https:\/\/ilcrogiuolo.it\/it\/p\/grande-rituale-del-nodo-di-amore-di-santa-sara\/\",\"name\":\"GRANDE RITUALE DEL NODO DI AMORE DI SANTA SARA - Il Crogiuolo\",\"isPartOf\":{\"@id\":\"https:\/\/ilcrogiuolo.it\/it\/#website\"},\"primaryImageOfPage\":{\"@id\":\"https:\/\/ilcrogiuolo.it\/it\/p\/grande-rituale-del-nodo-di-amore-di-santa-sara\/#primaryimage\"},\"image\":{\"@id\":\"https:\/\/ilcrogiuolo.it\/it\/p\/grande-rituale-del-nodo-di-amore-di-santa-sara\/#primaryimage\"},\"thumbnailUrl\":\"https:\/\/ilcrogiuolo.it\/wp-content\/uploads\/2020\/01\/SANTA-SARA-LEGAMENTO.jpg\",\"datePublished\":\"2020-01-14T16:08:18+00:00\",\"dateModified\":\"2022-04-07T07:50:47+00:00\",\"description\":\"GRANDE RITUALE DEL NODO DI AMORE DI SANTA SARA Da sempre le corde sono state impiegate dalla magia nella realizzazione di incanti e sortilegi per ottenere i pi\u00f9 variati scopi. Il Rituale del Nodo\",\"breadcrumb\":{\"@id\":\"https:\/\/ilcrogiuolo.it\/it\/p\/grande-rituale-del-nodo-di-amore-di-santa-sara\/#breadcrumb\"},\"inLanguage\":\"it-IT\",\"potentialAction\":[{\"@type\":\"ReadAction\",\"target\":[\"https:\/\/ilcrogiuolo.it\/it\/p\/grande-rituale-del-nodo-di-amore-di-santa-sara\/\"]}]},{\"@type\":\"ImageObject\",\"inLanguage\":\"it-IT\",\"@id\":\"https:\/\/ilcrogiuolo.it\/it\/p\/grande-rituale-del-nodo-di-amore-di-santa-sara\/#primaryimage\",\"url\":\"https:\/\/ilcrogiuolo.it\/wp-content\/uploads\/2020\/01\/SANTA-SARA-LEGAMENTO.jpg\",\"contentUrl\":\"https:\/\/ilcrogiuolo.it\/wp-content\/uploads\/2020\/01\/SANTA-SARA-LEGAMENTO.jpg\",\"width\":1000,\"height\":1000},{\"@type\":\"BreadcrumbList\",\"@id\":\"https:\/\/ilcrogiuolo.it\/it\/p\/grande-rituale-del-nodo-di-amore-di-santa-sara\/#breadcrumb\",\"itemListElement\":[{\"@type\":\"ListItem\",\"position\":1,\"name\":\"Home\",\"item\":\"https:\/\/ilcrogiuolo.it\/it\/\"},{\"@type\":\"ListItem\",\"position\":2,\"name\":\"Shop\",\"item\":\"https:\/\/ilcrogiuolo.it\/it\/negozio\/\"},{\"@type\":\"ListItem\",\"position\":3,\"name\":\"GRANDE RITUALE DEL NODO DI AMORE DI SANTA SARA\"}]},{\"@type\":\"WebSite\",\"@id\":\"https:\/\/ilcrogiuolo.it\/it\/#website\",\"url\":\"https:\/\/ilcrogiuolo.it\/it\/\",\"name\":\"Il Crogiuolo\",\"description\":\"\",\"publisher\":{\"@id\":\"https:\/\/ilcrogiuolo.it\/it\/#organization\"},\"potentialAction\":[{\"@type\":\"SearchAction\",\"target\":{\"@type\":\"EntryPoint\",\"urlTemplate\":\"https:\/\/ilcrogiuolo.it\/it\/?s={search_term_string}\"},\"query-input\":{\"@type\":\"PropertyValueSpecification\",\"valueRequired\":true,\"valueName\":\"search_term_string\"}}],\"inLanguage\":\"it-IT\"},{\"@type\":\"Organization\",\"@id\":\"https:\/\/ilcrogiuolo.it\/it\/#organization\",\"name\":\"Il Crogiuolo\",\"url\":\"https:\/\/ilcrogiuolo.it\/it\/\",\"logo\":{\"@type\":\"ImageObject\",\"inLanguage\":\"it-IT\",\"@id\":\"https:\/\/ilcrogiuolo.it\/it\/#\/schema\/logo\/image\/\",\"url\":\"https:\/\/ilcrogiuolo.it\/wp-content\/uploads\/2020\/04\/logo.png\",\"contentUrl\":\"https:\/\/ilcrogiuolo.it\/wp-content\/uploads\/2020\/04\/logo.png\",\"width\":200,\"height\":49,\"caption\":\"Il Crogiuolo\"},\"image\":{\"@id\":\"https:\/\/ilcrogiuolo.it\/it\/#\/schema\/logo\/image\/\"},\"sameAs\":[\"https:\/\/www.facebook.com\/Il-Crogiuolo-681876418491758\"]}]}<\/script>\n<!-- \/ Yoast SEO plugin. -->","yoast_head_json":{"title":"GRANDE RITUALE DEL NODO DI AMORE DI SANTA SARA - Il Crogiuolo","description":"GRANDE RITUALE DEL NODO DI AMORE DI SANTA SARA Da sempre le corde sono state impiegate dalla magia nella realizzazione di incanti e sortilegi per ottenere i pi\u00f9 variati scopi. Il Rituale del Nodo","robots":{"index":"index","follow":"follow","max-snippet":"max-snippet:-1","max-image-preview":"max-image-preview:large","max-video-preview":"max-video-preview:-1"},"canonical":"https:\/\/ilcrogiuolo.it\/it\/p\/grande-rituale-del-nodo-di-amore-di-santa-sara\/","og_locale":"it_IT","og_type":"article","og_title":"GRANDE RITUALE DEL NODO DI AMORE DI SANTA SARA - Il Crogiuolo","og_description":"GRANDE RITUALE DEL NODO DI AMORE DI SANTA SARA Da sempre le corde sono state impiegate dalla magia nella realizzazione di incanti e sortilegi per ottenere i pi\u00f9 variati scopi. Il Rituale del Nodo","og_url":"https:\/\/ilcrogiuolo.it\/it\/p\/grande-rituale-del-nodo-di-amore-di-santa-sara\/","og_site_name":"Il Crogiuolo","article_publisher":"https:\/\/www.facebook.com\/Il-Crogiuolo-681876418491758","article_modified_time":"2022-04-07T07:50:47+00:00","og_image":[{"width":1000,"height":1000,"url":"https:\/\/ilcrogiuolo.it\/wp-content\/uploads\/2020\/01\/SANTA-SARA-LEGAMENTO.jpg","type":"image\/jpeg"}],"twitter_card":"summary_large_image","twitter_misc":{"Tempo di lettura stimato":"1 minuto"},"schema":{"@context":"https:\/\/schema.org","@graph":[{"@type":"WebPage","@id":"https:\/\/ilcrogiuolo.it\/it\/p\/grande-rituale-del-nodo-di-amore-di-santa-sara\/","url":"https:\/\/ilcrogiuolo.it\/it\/p\/grande-rituale-del-nodo-di-amore-di-santa-sara\/","name":"GRANDE RITUALE DEL NODO DI AMORE DI SANTA SARA - Il Crogiuolo","isPartOf":{"@id":"https:\/\/ilcrogiuolo.it\/it\/#website"},"primaryImageOfPage":{"@id":"https:\/\/ilcrogiuolo.it\/it\/p\/grande-rituale-del-nodo-di-amore-di-santa-sara\/#primaryimage"},"image":{"@id":"https:\/\/ilcrogiuolo.it\/it\/p\/grande-rituale-del-nodo-di-amore-di-santa-sara\/#primaryimage"},"thumbnailUrl":"https:\/\/ilcrogiuolo.it\/wp-content\/uploads\/2020\/01\/SANTA-SARA-LEGAMENTO.jpg","datePublished":"2020-01-14T16:08:18+00:00","dateModified":"2022-04-07T07:50:47+00:00","description":"GRANDE RITUALE DEL NODO DI AMORE DI SANTA SARA Da sempre le corde sono state impiegate dalla magia nella realizzazione di incanti e sortilegi per ottenere i pi\u00f9 variati scopi. Il Rituale del Nodo","breadcrumb":{"@id":"https:\/\/ilcrogiuolo.it\/it\/p\/grande-rituale-del-nodo-di-amore-di-santa-sara\/#breadcrumb"},"inLanguage":"it-IT","potentialAction":[{"@type":"ReadAction","target":["https:\/\/ilcrogiuolo.it\/it\/p\/grande-rituale-del-nodo-di-amore-di-santa-sara\/"]}]},{"@type":"ImageObject","inLanguage":"it-IT","@id":"https:\/\/ilcrogiuolo.it\/it\/p\/grande-rituale-del-nodo-di-amore-di-santa-sara\/#primaryimage","url":"https:\/\/ilcrogiuolo.it\/wp-content\/uploads\/2020\/01\/SANTA-SARA-LEGAMENTO.jpg","contentUrl":"https:\/\/ilcrogiuolo.it\/wp-content\/uploads\/2020\/01\/SANTA-SARA-LEGAMENTO.jpg","width":1000,"height":1000},{"@type":"BreadcrumbList","@id":"https:\/\/ilcrogiuolo.it\/it\/p\/grande-rituale-del-nodo-di-amore-di-santa-sara\/#breadcrumb","itemListElement":[{"@type":"ListItem","position":1,"name":"Home","item":"https:\/\/ilcrogiuolo.it\/it\/"},{"@type":"ListItem","position":2,"name":"Shop","item":"https:\/\/ilcrogiuolo.it\/it\/negozio\/"},{"@type":"ListItem","position":3,"name":"GRANDE RITUALE DEL NODO DI AMORE DI SANTA SARA"}]},{"@type":"WebSite","@id":"https:\/\/ilcrogiuolo.it\/it\/#website","url":"https:\/\/ilcrogiuolo.it\/it\/","name":"Il Crogiuolo","description":"","publisher":{"@id":"https:\/\/ilcrogiuolo.it\/it\/#organization"},"potentialAction":[{"@type":"SearchAction","target":{"@type":"EntryPoint","urlTemplate":"https:\/\/ilcrogiuolo.it\/it\/?s={search_term_string}"},"query-input":{"@type":"PropertyValueSpecification","valueRequired":true,"valueName":"search_term_string"}}],"inLanguage":"it-IT"},{"@type":"Organization","@id":"https:\/\/ilcrogiuolo.it\/it\/#organization","name":"Il Crogiuolo","url":"https:\/\/ilcrogiuolo.it\/it\/","logo":{"@type":"ImageObject","inLanguage":"it-IT","@id":"https:\/\/ilcrogiuolo.it\/it\/#\/schema\/logo\/image\/","url":"https:\/\/ilcrogiuolo.it\/wp-content\/uploads\/2020\/04\/logo.png","contentUrl":"https:\/\/ilcrogiuolo.it\/wp-content\/uploads\/2020\/04\/logo.png","width":200,"height":49,"caption":"Il Crogiuolo"},"image":{"@id":"https:\/\/ilcrogiuolo.it\/it\/#\/schema\/logo\/image\/"},"sameAs":["https:\/\/www.facebook.com\/Il-Crogiuolo-681876418491758"]}]}},"_links":{"self":[{"href":"https:\/\/ilcrogiuolo.it\/it\/wp-json\/wp\/v2\/product\/4201","targetHints":{"allow":["GET"]}}],"collection":[{"href":"https:\/\/ilcrogiuolo.it\/it\/wp-json\/wp\/v2\/product"}],"about":[{"href":"https:\/\/ilcrogiuolo.it\/it\/wp-json\/wp\/v2\/types\/product"}],"wp:featuredmedia":[{"embeddable":true,"href":"https:\/\/ilcrogiuolo.it\/it\/wp-json\/wp\/v2\/media\/36532"}],"wp:attachment":[{"href":"https:\/\/ilcrogiuolo.it\/it\/wp-json\/wp\/v2\/media?parent=4201"}],"wp:term":[{"taxonomy":"product_brand","embeddable":true,"href":"https:\/\/ilcrogiuolo.it\/it\/wp-json\/wp\/v2\/product_brand?post=4201"},{"taxonomy":"product_cat","embeddable":true,"href":"https:\/\/ilcrogiuolo.it\/it\/wp-json\/wp\/v2\/product_cat?post=4201"},{"taxonomy":"product_tag","embeddable":true,"href":"https:\/\/ilcrogiuolo.it\/it\/wp-json\/wp\/v2\/product_tag?post=4201"}],"curies":[{"name":"wp","href":"https:\/\/api.w.org\/{rel}","templated":true}]}}