{"id":41821,"date":"2023-04-05T15:13:14","date_gmt":"2023-04-05T13:13:14","guid":{"rendered":"https:\/\/ilcrogiuolo.it\/?post_type=product&#038;p=41821"},"modified":"2026-02-04T15:38:02","modified_gmt":"2026-02-04T14:38:02","slug":"yi-cing-cristiana-grosso","status":"publish","type":"product","link":"https:\/\/ilcrogiuolo.it\/it\/p\/yi-cing-cristiana-grosso\/","title":{"rendered":"YI CING &#8211; Cristiana Grosso"},"content":{"rendered":"<p>Come \u00e8 possibile ottenere, mediante il lancio di tre monete, delle risposte cos\u00ec pertinenti? Yi Cing \u00e8 un antico oracolo cinese, ora reso pi\u00f9 comprensibile dalla curatrice della sua riscrittura, che lo ha integrato con conoscenze esoteriche provenienti dall\u2019area Himalayana e dal mondo occidentale. Il modello cosmologico che sottende Yi Cing \u00e8 modernissimo: l\u2019energia \u00e8 una ma la sua manifestazione passa per diversi gradi, verso una progressiva condensazione, per poi dissolversi nuovamente. Tutto muta in continuazione, come afferma Eraclito nel famoso detto : \u201cPanta rei\u201d.<\/p>\n<p>Per Yi Cing questa energia universale \u00e8 sempre \u2018psicofisica\u2019; non esiste nulla senza \u201cun\u2019anima\u201d. Il consultante si rivolge appunto a questa Anima, chiede di avere un segno e lo pu\u00f2 ottenere grazie alla propria specificit\u00e0 animica, in un percorso che passa dal cuore alla mente, che permette di focalizzare meglio la domanda , al fisico, rappresentato dalle mani che lanciano le monete. Nelle risposte del manuale vivono gli echi di due- tremila anni di saggezza cinese e confuciana.<\/p>\n<p>Questo testo si presenta come manuale pratico ed al contempo compendio permettendo a chiunque di sperimentare l\u2019antica saggezza orientale e di ricavare risposte e responsi chiari per affrontare con successo la vita di tutti i giorni.<\/p>\n","protected":false},"excerpt":{"rendered":"<p>Come \u00e8 possibile ottenere, mediante il lancio di tre monete, delle risposte cos\u00ec pertinenti? Yi Cing \u00e8 un antico oracolo&#8230;<\/p>\n","protected":false},"featured_media":41822,"template":"","meta":{"_acf_changed":false},"product_brand":[],"product_cat":[1077,1536,1060],"product_tag":[],"class_list":{"0":"post-41821","1":"product","2":"type-product","3":"status-publish","4":"has-post-thumbnail","6":"product_cat-libreria-esoterica-libreria-esoterica","7":"product_cat-altre-edizioni","8":"product_cat-libreria-esoterica","10":"first","11":"outofstock","12":"taxable","13":"shipping-taxable","14":"purchasable","15":"product-type-simple","16":"add-to-wishlist-before_image"},"acf":[],"yoast_head":"<!-- This site is optimized with the Yoast SEO plugin v26.9 - https:\/\/yoast.com\/product\/yoast-seo-wordpress\/ -->\n<title>YI CING - Cristiana Grosso - Il Crogiuolo<\/title>\n<meta name=\"description\" content=\"YI CING - Cristiana Grosso Come \u00e8 possibile ottenere, mediante il lancio di tre monete, delle risposte cos\u00ec pertinenti? Yi Cing \u00e8 un antico oracolo cinese, ora reso pi\u00f9\" \/>\n<meta name=\"robots\" content=\"index, follow, max-snippet:-1, max-image-preview:large, max-video-preview:-1\" \/>\n<link rel=\"canonical\" href=\"https:\/\/ilcrogiuolo.it\/it\/p\/yi-cing-cristiana-grosso\/\" \/>\n<meta property=\"og:locale\" content=\"it_IT\" \/>\n<meta property=\"og:type\" content=\"article\" \/>\n<meta property=\"og:title\" content=\"YI CING - Cristiana Grosso - Il Crogiuolo\" \/>\n<meta property=\"og:description\" content=\"YI CING - Cristiana Grosso Come \u00e8 possibile ottenere, mediante il lancio di tre monete, delle risposte cos\u00ec pertinenti? Yi Cing \u00e8 un antico oracolo cinese, ora reso pi\u00f9\" \/>\n<meta property=\"og:url\" content=\"https:\/\/ilcrogiuolo.it\/it\/p\/yi-cing-cristiana-grosso\/\" \/>\n<meta property=\"og:site_name\" content=\"Il Crogiuolo\" \/>\n<meta property=\"article:publisher\" content=\"https:\/\/www.facebook.com\/Il-Crogiuolo-681876418491758\" \/>\n<meta property=\"article:modified_time\" content=\"2026-02-04T14:38:02+00:00\" \/>\n<meta property=\"og:image\" content=\"https:\/\/ilcrogiuolo.it\/wp-content\/uploads\/2023\/04\/YI-CHING-I-CHING.png\" \/>\n\t<meta property=\"og:image:width\" content=\"924\" \/>\n\t<meta property=\"og:image:height\" content=\"898\" \/>\n\t<meta property=\"og:image:type\" content=\"image\/png\" \/>\n<meta name=\"twitter:card\" content=\"summary_large_image\" \/>\n<meta name=\"twitter:label1\" content=\"Tempo di lettura stimato\" \/>\n\t<meta name=\"twitter:data1\" content=\"2 minuti\" \/>\n<script type=\"application\/ld+json\" class=\"yoast-schema-graph\">{\"@context\":\"https:\/\/schema.org\",\"@graph\":[{\"@type\":\"WebPage\",\"@id\":\"https:\/\/ilcrogiuolo.it\/it\/p\/yi-cing-cristiana-grosso\/\",\"url\":\"https:\/\/ilcrogiuolo.it\/it\/p\/yi-cing-cristiana-grosso\/\",\"name\":\"YI CING - Cristiana Grosso - Il Crogiuolo\",\"isPartOf\":{\"@id\":\"https:\/\/ilcrogiuolo.it\/it\/#website\"},\"primaryImageOfPage\":{\"@id\":\"https:\/\/ilcrogiuolo.it\/it\/p\/yi-cing-cristiana-grosso\/#primaryimage\"},\"image\":{\"@id\":\"https:\/\/ilcrogiuolo.it\/it\/p\/yi-cing-cristiana-grosso\/#primaryimage\"},\"thumbnailUrl\":\"https:\/\/ilcrogiuolo.it\/wp-content\/uploads\/2023\/04\/YI-CHING-I-CHING.png\",\"datePublished\":\"2023-04-05T13:13:14+00:00\",\"dateModified\":\"2026-02-04T14:38:02+00:00\",\"description\":\"YI CING - Cristiana Grosso Come \u00e8 possibile ottenere, mediante il lancio di tre monete, delle risposte cos\u00ec pertinenti? Yi Cing \u00e8 un antico oracolo cinese, ora reso pi\u00f9\",\"breadcrumb\":{\"@id\":\"https:\/\/ilcrogiuolo.it\/it\/p\/yi-cing-cristiana-grosso\/#breadcrumb\"},\"inLanguage\":\"it-IT\",\"potentialAction\":[{\"@type\":\"ReadAction\",\"target\":[\"https:\/\/ilcrogiuolo.it\/it\/p\/yi-cing-cristiana-grosso\/\"]}]},{\"@type\":\"ImageObject\",\"inLanguage\":\"it-IT\",\"@id\":\"https:\/\/ilcrogiuolo.it\/it\/p\/yi-cing-cristiana-grosso\/#primaryimage\",\"url\":\"https:\/\/ilcrogiuolo.it\/wp-content\/uploads\/2023\/04\/YI-CHING-I-CHING.png\",\"contentUrl\":\"https:\/\/ilcrogiuolo.it\/wp-content\/uploads\/2023\/04\/YI-CHING-I-CHING.png\",\"width\":924,\"height\":898},{\"@type\":\"BreadcrumbList\",\"@id\":\"https:\/\/ilcrogiuolo.it\/it\/p\/yi-cing-cristiana-grosso\/#breadcrumb\",\"itemListElement\":[{\"@type\":\"ListItem\",\"position\":1,\"name\":\"Home\",\"item\":\"https:\/\/ilcrogiuolo.it\/it\/\"},{\"@type\":\"ListItem\",\"position\":2,\"name\":\"Shop\",\"item\":\"https:\/\/ilcrogiuolo.it\/it\/negozio\/\"},{\"@type\":\"ListItem\",\"position\":3,\"name\":\"YI CING &#8211; Cristiana Grosso\"}]},{\"@type\":\"WebSite\",\"@id\":\"https:\/\/ilcrogiuolo.it\/it\/#website\",\"url\":\"https:\/\/ilcrogiuolo.it\/it\/\",\"name\":\"Il Crogiuolo\",\"description\":\"\",\"publisher\":{\"@id\":\"https:\/\/ilcrogiuolo.it\/it\/#organization\"},\"potentialAction\":[{\"@type\":\"SearchAction\",\"target\":{\"@type\":\"EntryPoint\",\"urlTemplate\":\"https:\/\/ilcrogiuolo.it\/it\/?s={search_term_string}\"},\"query-input\":{\"@type\":\"PropertyValueSpecification\",\"valueRequired\":true,\"valueName\":\"search_term_string\"}}],\"inLanguage\":\"it-IT\"},{\"@type\":\"Organization\",\"@id\":\"https:\/\/ilcrogiuolo.it\/it\/#organization\",\"name\":\"Il Crogiuolo\",\"url\":\"https:\/\/ilcrogiuolo.it\/it\/\",\"logo\":{\"@type\":\"ImageObject\",\"inLanguage\":\"it-IT\",\"@id\":\"https:\/\/ilcrogiuolo.it\/it\/#\/schema\/logo\/image\/\",\"url\":\"https:\/\/ilcrogiuolo.it\/wp-content\/uploads\/2020\/04\/logo.png\",\"contentUrl\":\"https:\/\/ilcrogiuolo.it\/wp-content\/uploads\/2020\/04\/logo.png\",\"width\":200,\"height\":49,\"caption\":\"Il Crogiuolo\"},\"image\":{\"@id\":\"https:\/\/ilcrogiuolo.it\/it\/#\/schema\/logo\/image\/\"},\"sameAs\":[\"https:\/\/www.facebook.com\/Il-Crogiuolo-681876418491758\"]}]}<\/script>\n<!-- \/ Yoast SEO plugin. -->","yoast_head_json":{"title":"YI CING - Cristiana Grosso - Il Crogiuolo","description":"YI CING - Cristiana Grosso Come \u00e8 possibile ottenere, mediante il lancio di tre monete, delle risposte cos\u00ec pertinenti? Yi Cing \u00e8 un antico oracolo cinese, ora reso pi\u00f9","robots":{"index":"index","follow":"follow","max-snippet":"max-snippet:-1","max-image-preview":"max-image-preview:large","max-video-preview":"max-video-preview:-1"},"canonical":"https:\/\/ilcrogiuolo.it\/it\/p\/yi-cing-cristiana-grosso\/","og_locale":"it_IT","og_type":"article","og_title":"YI CING - Cristiana Grosso - Il Crogiuolo","og_description":"YI CING - Cristiana Grosso Come \u00e8 possibile ottenere, mediante il lancio di tre monete, delle risposte cos\u00ec pertinenti? Yi Cing \u00e8 un antico oracolo cinese, ora reso pi\u00f9","og_url":"https:\/\/ilcrogiuolo.it\/it\/p\/yi-cing-cristiana-grosso\/","og_site_name":"Il Crogiuolo","article_publisher":"https:\/\/www.facebook.com\/Il-Crogiuolo-681876418491758","article_modified_time":"2026-02-04T14:38:02+00:00","og_image":[{"width":924,"height":898,"url":"https:\/\/ilcrogiuolo.it\/wp-content\/uploads\/2023\/04\/YI-CHING-I-CHING.png","type":"image\/png"}],"twitter_card":"summary_large_image","twitter_misc":{"Tempo di lettura stimato":"2 minuti"},"schema":{"@context":"https:\/\/schema.org","@graph":[{"@type":"WebPage","@id":"https:\/\/ilcrogiuolo.it\/it\/p\/yi-cing-cristiana-grosso\/","url":"https:\/\/ilcrogiuolo.it\/it\/p\/yi-cing-cristiana-grosso\/","name":"YI CING - Cristiana Grosso - Il Crogiuolo","isPartOf":{"@id":"https:\/\/ilcrogiuolo.it\/it\/#website"},"primaryImageOfPage":{"@id":"https:\/\/ilcrogiuolo.it\/it\/p\/yi-cing-cristiana-grosso\/#primaryimage"},"image":{"@id":"https:\/\/ilcrogiuolo.it\/it\/p\/yi-cing-cristiana-grosso\/#primaryimage"},"thumbnailUrl":"https:\/\/ilcrogiuolo.it\/wp-content\/uploads\/2023\/04\/YI-CHING-I-CHING.png","datePublished":"2023-04-05T13:13:14+00:00","dateModified":"2026-02-04T14:38:02+00:00","description":"YI CING - Cristiana Grosso Come \u00e8 possibile ottenere, mediante il lancio di tre monete, delle risposte cos\u00ec pertinenti? Yi Cing \u00e8 un antico oracolo cinese, ora reso pi\u00f9","breadcrumb":{"@id":"https:\/\/ilcrogiuolo.it\/it\/p\/yi-cing-cristiana-grosso\/#breadcrumb"},"inLanguage":"it-IT","potentialAction":[{"@type":"ReadAction","target":["https:\/\/ilcrogiuolo.it\/it\/p\/yi-cing-cristiana-grosso\/"]}]},{"@type":"ImageObject","inLanguage":"it-IT","@id":"https:\/\/ilcrogiuolo.it\/it\/p\/yi-cing-cristiana-grosso\/#primaryimage","url":"https:\/\/ilcrogiuolo.it\/wp-content\/uploads\/2023\/04\/YI-CHING-I-CHING.png","contentUrl":"https:\/\/ilcrogiuolo.it\/wp-content\/uploads\/2023\/04\/YI-CHING-I-CHING.png","width":924,"height":898},{"@type":"BreadcrumbList","@id":"https:\/\/ilcrogiuolo.it\/it\/p\/yi-cing-cristiana-grosso\/#breadcrumb","itemListElement":[{"@type":"ListItem","position":1,"name":"Home","item":"https:\/\/ilcrogiuolo.it\/it\/"},{"@type":"ListItem","position":2,"name":"Shop","item":"https:\/\/ilcrogiuolo.it\/it\/negozio\/"},{"@type":"ListItem","position":3,"name":"YI CING &#8211; Cristiana Grosso"}]},{"@type":"WebSite","@id":"https:\/\/ilcrogiuolo.it\/it\/#website","url":"https:\/\/ilcrogiuolo.it\/it\/","name":"Il Crogiuolo","description":"","publisher":{"@id":"https:\/\/ilcrogiuolo.it\/it\/#organization"},"potentialAction":[{"@type":"SearchAction","target":{"@type":"EntryPoint","urlTemplate":"https:\/\/ilcrogiuolo.it\/it\/?s={search_term_string}"},"query-input":{"@type":"PropertyValueSpecification","valueRequired":true,"valueName":"search_term_string"}}],"inLanguage":"it-IT"},{"@type":"Organization","@id":"https:\/\/ilcrogiuolo.it\/it\/#organization","name":"Il Crogiuolo","url":"https:\/\/ilcrogiuolo.it\/it\/","logo":{"@type":"ImageObject","inLanguage":"it-IT","@id":"https:\/\/ilcrogiuolo.it\/it\/#\/schema\/logo\/image\/","url":"https:\/\/ilcrogiuolo.it\/wp-content\/uploads\/2020\/04\/logo.png","contentUrl":"https:\/\/ilcrogiuolo.it\/wp-content\/uploads\/2020\/04\/logo.png","width":200,"height":49,"caption":"Il Crogiuolo"},"image":{"@id":"https:\/\/ilcrogiuolo.it\/it\/#\/schema\/logo\/image\/"},"sameAs":["https:\/\/www.facebook.com\/Il-Crogiuolo-681876418491758"]}]}},"_links":{"self":[{"href":"https:\/\/ilcrogiuolo.it\/it\/wp-json\/wp\/v2\/product\/41821","targetHints":{"allow":["GET"]}}],"collection":[{"href":"https:\/\/ilcrogiuolo.it\/it\/wp-json\/wp\/v2\/product"}],"about":[{"href":"https:\/\/ilcrogiuolo.it\/it\/wp-json\/wp\/v2\/types\/product"}],"wp:featuredmedia":[{"embeddable":true,"href":"https:\/\/ilcrogiuolo.it\/it\/wp-json\/wp\/v2\/media\/41822"}],"wp:attachment":[{"href":"https:\/\/ilcrogiuolo.it\/it\/wp-json\/wp\/v2\/media?parent=41821"}],"wp:term":[{"taxonomy":"product_brand","embeddable":true,"href":"https:\/\/ilcrogiuolo.it\/it\/wp-json\/wp\/v2\/product_brand?post=41821"},{"taxonomy":"product_cat","embeddable":true,"href":"https:\/\/ilcrogiuolo.it\/it\/wp-json\/wp\/v2\/product_cat?post=41821"},{"taxonomy":"product_tag","embeddable":true,"href":"https:\/\/ilcrogiuolo.it\/it\/wp-json\/wp\/v2\/product_tag?post=41821"}],"curies":[{"name":"wp","href":"https:\/\/api.w.org\/{rel}","templated":true}]}}