{"id":41457,"date":"2023-03-13T16:35:36","date_gmt":"2023-03-13T15:35:36","guid":{"rendered":"https:\/\/ilcrogiuolo.it\/?post_type=product&#038;p=41457"},"modified":"2025-12-11T11:45:58","modified_gmt":"2025-12-11T10:45:58","slug":"gran-rituale-di-san-michele-arcangelo-con-statua-35-cm","status":"publish","type":"product","link":"https:\/\/ilcrogiuolo.it\/it\/p\/gran-rituale-di-san-michele-arcangelo-con-statua-35-cm\/","title":{"rendered":"GRAN RITUALE DI SAN MICHELE ARCANGELO CON STATUA 35 CM"},"content":{"rendered":"<p>La predilezione degli umani nei confronti di Michael, divenuto per tutti San Michele Arcangelo, \u00e8 dovuta al fatto che gli viene attribuito uno dei compiti pi\u00f9 importanti: quello della lotta contro le Forze del Male. Per questo, \u00e8 raffigurato con la corazza e la spada di un guerriero nell\u2019atto di calpestare e dunque sconfiggere Satana, rappresentato sotto forma di serpe o drago. La sua spada fiammeggiante, naturalmente, ha valore simbolico: con essa, non solo trafigge il drago ma squarcia il buio, sconfigge le tenebre e riporta ai suoi protetti il conforto della Luce. Egli \u00e8 dunque il protettore dalle insidie che provengono dalle forze oscure, \u00e8 la roccaforte della Luce, il baluardo nei confronti delle tenebre. Il suo \u00e8 il ruolo centrale di capo delle armate Celesti, il vincitore della Bestia, il vincitore per eccellenza di tutte le battaglie. \u00c8 l&#8217;Arcangelo della luce e del fuoco, il suo nome, Michael, significa &#8220;chi \u00e8 come Dio?&#8221;. Questo suo aspetto di guerriero vittorioso ed invulnerabile gli assicurer\u00e0 il grande favore da parte di tutti gli eserciti, i soldati ed i regnanti di tutte le epoche. \u00c8 invocato in centinaia di formule per la protezione dai sortilegi e dalle opere di magia nera. Questo particolare rituale viene eseguito per spezzare fatture, difendere dal male e per liberare da ogni tipo di magia nera. Nella sua esecuzione comprende una bellissima statua dell\u2019Arcangelo che va posta in casa, in un luogo alto, per poter proteggere tutti gli abitanti della famiglia e difenderli da ogni male e da ogni attacco malefico. La confezione comprende Rituale di Esorcismo di San Michele Statua cm 35 San Michele, medaglia a rilievo di San Michele Arcangelo.<\/p>\n","protected":false},"excerpt":{"rendered":"<p>La predilezione degli umani nei confronti di Michael, divenuto per tutti San Michele Arcangelo, \u00e8 dovuta al fatto che gli&#8230;<\/p>\n","protected":false},"featured_media":2198,"template":"","meta":{"_acf_changed":false},"product_brand":[],"product_cat":[1079,1059,1307],"product_tag":[],"class_list":{"0":"post-41457","1":"product","2":"type-product","3":"status-publish","4":"has-post-thumbnail","6":"product_cat-rituali-afrobrasiliani-santeria","7":"product_cat-articoli-esoterici","8":"product_cat-rituali-propiziatori-di-purificazione","10":"first","11":"outofstock","12":"taxable","13":"shipping-taxable","14":"purchasable","15":"product-type-simple","16":"add-to-wishlist-before_image"},"acf":[],"yoast_head":"<!-- This site is optimized with the Yoast SEO plugin v26.9 - https:\/\/yoast.com\/product\/yoast-seo-wordpress\/ -->\n<title>GRAN RITUALE DI SAN MICHELE ARCANGELO CON STATUA 35 CM - Il Crogiuolo<\/title>\n<meta name=\"description\" content=\"GRAN RITUALE DI SAN MICHELE ARCANGELO CON STATUA 35 CM La predilezione degli umani nei confronti di Michael, divenuto per tutti San Michele Arcangelo, \u00e8 dovuta al fatto che gli viene attribuito uno dei compiti\" \/>\n<meta name=\"robots\" content=\"index, follow, max-snippet:-1, max-image-preview:large, max-video-preview:-1\" \/>\n<link rel=\"canonical\" href=\"https:\/\/ilcrogiuolo.it\/it\/p\/gran-rituale-di-san-michele-arcangelo-con-statua-35-cm\/\" \/>\n<meta property=\"og:locale\" content=\"it_IT\" \/>\n<meta property=\"og:type\" content=\"article\" \/>\n<meta property=\"og:title\" content=\"GRAN RITUALE DI SAN MICHELE ARCANGELO CON STATUA 35 CM - Il Crogiuolo\" \/>\n<meta property=\"og:description\" content=\"GRAN RITUALE DI SAN MICHELE ARCANGELO CON STATUA 35 CM La predilezione degli umani nei confronti di Michael, divenuto per tutti San Michele Arcangelo, \u00e8 dovuta al fatto che gli viene attribuito uno dei compiti\" \/>\n<meta property=\"og:url\" content=\"https:\/\/ilcrogiuolo.it\/it\/p\/gran-rituale-di-san-michele-arcangelo-con-statua-35-cm\/\" \/>\n<meta property=\"og:site_name\" content=\"Il Crogiuolo\" \/>\n<meta property=\"article:publisher\" content=\"https:\/\/www.facebook.com\/Il-Crogiuolo-681876418491758\" \/>\n<meta property=\"article:modified_time\" content=\"2025-12-11T10:45:58+00:00\" \/>\n<meta property=\"og:image\" content=\"https:\/\/ilcrogiuolo.it\/wp-content\/uploads\/2020\/01\/sanmichele_1745416.jpg\" \/>\n\t<meta property=\"og:image:width\" content=\"627\" \/>\n\t<meta property=\"og:image:height\" content=\"600\" \/>\n\t<meta property=\"og:image:type\" content=\"image\/jpeg\" \/>\n<meta name=\"twitter:card\" content=\"summary_large_image\" \/>\n<meta name=\"twitter:label1\" content=\"Tempo di lettura stimato\" \/>\n\t<meta name=\"twitter:data1\" content=\"2 minuti\" \/>\n<script type=\"application\/ld+json\" class=\"yoast-schema-graph\">{\"@context\":\"https:\/\/schema.org\",\"@graph\":[{\"@type\":\"WebPage\",\"@id\":\"https:\/\/ilcrogiuolo.it\/it\/p\/gran-rituale-di-san-michele-arcangelo-con-statua-35-cm\/\",\"url\":\"https:\/\/ilcrogiuolo.it\/it\/p\/gran-rituale-di-san-michele-arcangelo-con-statua-35-cm\/\",\"name\":\"GRAN RITUALE DI SAN MICHELE ARCANGELO CON STATUA 35 CM - Il Crogiuolo\",\"isPartOf\":{\"@id\":\"https:\/\/ilcrogiuolo.it\/it\/#website\"},\"primaryImageOfPage\":{\"@id\":\"https:\/\/ilcrogiuolo.it\/it\/p\/gran-rituale-di-san-michele-arcangelo-con-statua-35-cm\/#primaryimage\"},\"image\":{\"@id\":\"https:\/\/ilcrogiuolo.it\/it\/p\/gran-rituale-di-san-michele-arcangelo-con-statua-35-cm\/#primaryimage\"},\"thumbnailUrl\":\"https:\/\/ilcrogiuolo.it\/wp-content\/uploads\/2020\/01\/sanmichele_1745416.jpg\",\"datePublished\":\"2023-03-13T15:35:36+00:00\",\"dateModified\":\"2025-12-11T10:45:58+00:00\",\"description\":\"GRAN RITUALE DI SAN MICHELE ARCANGELO CON STATUA 35 CM La predilezione degli umani nei confronti di Michael, divenuto per tutti San Michele Arcangelo, \u00e8 dovuta al fatto che gli viene attribuito uno dei compiti\",\"breadcrumb\":{\"@id\":\"https:\/\/ilcrogiuolo.it\/it\/p\/gran-rituale-di-san-michele-arcangelo-con-statua-35-cm\/#breadcrumb\"},\"inLanguage\":\"it-IT\",\"potentialAction\":[{\"@type\":\"ReadAction\",\"target\":[\"https:\/\/ilcrogiuolo.it\/it\/p\/gran-rituale-di-san-michele-arcangelo-con-statua-35-cm\/\"]}]},{\"@type\":\"ImageObject\",\"inLanguage\":\"it-IT\",\"@id\":\"https:\/\/ilcrogiuolo.it\/it\/p\/gran-rituale-di-san-michele-arcangelo-con-statua-35-cm\/#primaryimage\",\"url\":\"https:\/\/ilcrogiuolo.it\/wp-content\/uploads\/2020\/01\/sanmichele_1745416.jpg\",\"contentUrl\":\"https:\/\/ilcrogiuolo.it\/wp-content\/uploads\/2020\/01\/sanmichele_1745416.jpg\",\"width\":627,\"height\":600},{\"@type\":\"BreadcrumbList\",\"@id\":\"https:\/\/ilcrogiuolo.it\/it\/p\/gran-rituale-di-san-michele-arcangelo-con-statua-35-cm\/#breadcrumb\",\"itemListElement\":[{\"@type\":\"ListItem\",\"position\":1,\"name\":\"Home\",\"item\":\"https:\/\/ilcrogiuolo.it\/it\/\"},{\"@type\":\"ListItem\",\"position\":2,\"name\":\"Shop\",\"item\":\"https:\/\/ilcrogiuolo.it\/it\/negozio\/\"},{\"@type\":\"ListItem\",\"position\":3,\"name\":\"GRAN RITUALE DI SAN MICHELE ARCANGELO CON STATUA 35 CM\"}]},{\"@type\":\"WebSite\",\"@id\":\"https:\/\/ilcrogiuolo.it\/it\/#website\",\"url\":\"https:\/\/ilcrogiuolo.it\/it\/\",\"name\":\"Il Crogiuolo\",\"description\":\"\",\"publisher\":{\"@id\":\"https:\/\/ilcrogiuolo.it\/it\/#organization\"},\"potentialAction\":[{\"@type\":\"SearchAction\",\"target\":{\"@type\":\"EntryPoint\",\"urlTemplate\":\"https:\/\/ilcrogiuolo.it\/it\/?s={search_term_string}\"},\"query-input\":{\"@type\":\"PropertyValueSpecification\",\"valueRequired\":true,\"valueName\":\"search_term_string\"}}],\"inLanguage\":\"it-IT\"},{\"@type\":\"Organization\",\"@id\":\"https:\/\/ilcrogiuolo.it\/it\/#organization\",\"name\":\"Il Crogiuolo\",\"url\":\"https:\/\/ilcrogiuolo.it\/it\/\",\"logo\":{\"@type\":\"ImageObject\",\"inLanguage\":\"it-IT\",\"@id\":\"https:\/\/ilcrogiuolo.it\/it\/#\/schema\/logo\/image\/\",\"url\":\"https:\/\/ilcrogiuolo.it\/wp-content\/uploads\/2020\/04\/logo.png\",\"contentUrl\":\"https:\/\/ilcrogiuolo.it\/wp-content\/uploads\/2020\/04\/logo.png\",\"width\":200,\"height\":49,\"caption\":\"Il Crogiuolo\"},\"image\":{\"@id\":\"https:\/\/ilcrogiuolo.it\/it\/#\/schema\/logo\/image\/\"},\"sameAs\":[\"https:\/\/www.facebook.com\/Il-Crogiuolo-681876418491758\"]}]}<\/script>\n<!-- \/ Yoast SEO plugin. -->","yoast_head_json":{"title":"GRAN RITUALE DI SAN MICHELE ARCANGELO CON STATUA 35 CM - Il Crogiuolo","description":"GRAN RITUALE DI SAN MICHELE ARCANGELO CON STATUA 35 CM La predilezione degli umani nei confronti di Michael, divenuto per tutti San Michele Arcangelo, \u00e8 dovuta al fatto che gli viene attribuito uno dei compiti","robots":{"index":"index","follow":"follow","max-snippet":"max-snippet:-1","max-image-preview":"max-image-preview:large","max-video-preview":"max-video-preview:-1"},"canonical":"https:\/\/ilcrogiuolo.it\/it\/p\/gran-rituale-di-san-michele-arcangelo-con-statua-35-cm\/","og_locale":"it_IT","og_type":"article","og_title":"GRAN RITUALE DI SAN MICHELE ARCANGELO CON STATUA 35 CM - Il Crogiuolo","og_description":"GRAN RITUALE DI SAN MICHELE ARCANGELO CON STATUA 35 CM La predilezione degli umani nei confronti di Michael, divenuto per tutti San Michele Arcangelo, \u00e8 dovuta al fatto che gli viene attribuito uno dei compiti","og_url":"https:\/\/ilcrogiuolo.it\/it\/p\/gran-rituale-di-san-michele-arcangelo-con-statua-35-cm\/","og_site_name":"Il Crogiuolo","article_publisher":"https:\/\/www.facebook.com\/Il-Crogiuolo-681876418491758","article_modified_time":"2025-12-11T10:45:58+00:00","og_image":[{"width":627,"height":600,"url":"https:\/\/ilcrogiuolo.it\/wp-content\/uploads\/2020\/01\/sanmichele_1745416.jpg","type":"image\/jpeg"}],"twitter_card":"summary_large_image","twitter_misc":{"Tempo di lettura stimato":"2 minuti"},"schema":{"@context":"https:\/\/schema.org","@graph":[{"@type":"WebPage","@id":"https:\/\/ilcrogiuolo.it\/it\/p\/gran-rituale-di-san-michele-arcangelo-con-statua-35-cm\/","url":"https:\/\/ilcrogiuolo.it\/it\/p\/gran-rituale-di-san-michele-arcangelo-con-statua-35-cm\/","name":"GRAN RITUALE DI SAN MICHELE ARCANGELO CON STATUA 35 CM - Il Crogiuolo","isPartOf":{"@id":"https:\/\/ilcrogiuolo.it\/it\/#website"},"primaryImageOfPage":{"@id":"https:\/\/ilcrogiuolo.it\/it\/p\/gran-rituale-di-san-michele-arcangelo-con-statua-35-cm\/#primaryimage"},"image":{"@id":"https:\/\/ilcrogiuolo.it\/it\/p\/gran-rituale-di-san-michele-arcangelo-con-statua-35-cm\/#primaryimage"},"thumbnailUrl":"https:\/\/ilcrogiuolo.it\/wp-content\/uploads\/2020\/01\/sanmichele_1745416.jpg","datePublished":"2023-03-13T15:35:36+00:00","dateModified":"2025-12-11T10:45:58+00:00","description":"GRAN RITUALE DI SAN MICHELE ARCANGELO CON STATUA 35 CM La predilezione degli umani nei confronti di Michael, divenuto per tutti San Michele Arcangelo, \u00e8 dovuta al fatto che gli viene attribuito uno dei compiti","breadcrumb":{"@id":"https:\/\/ilcrogiuolo.it\/it\/p\/gran-rituale-di-san-michele-arcangelo-con-statua-35-cm\/#breadcrumb"},"inLanguage":"it-IT","potentialAction":[{"@type":"ReadAction","target":["https:\/\/ilcrogiuolo.it\/it\/p\/gran-rituale-di-san-michele-arcangelo-con-statua-35-cm\/"]}]},{"@type":"ImageObject","inLanguage":"it-IT","@id":"https:\/\/ilcrogiuolo.it\/it\/p\/gran-rituale-di-san-michele-arcangelo-con-statua-35-cm\/#primaryimage","url":"https:\/\/ilcrogiuolo.it\/wp-content\/uploads\/2020\/01\/sanmichele_1745416.jpg","contentUrl":"https:\/\/ilcrogiuolo.it\/wp-content\/uploads\/2020\/01\/sanmichele_1745416.jpg","width":627,"height":600},{"@type":"BreadcrumbList","@id":"https:\/\/ilcrogiuolo.it\/it\/p\/gran-rituale-di-san-michele-arcangelo-con-statua-35-cm\/#breadcrumb","itemListElement":[{"@type":"ListItem","position":1,"name":"Home","item":"https:\/\/ilcrogiuolo.it\/it\/"},{"@type":"ListItem","position":2,"name":"Shop","item":"https:\/\/ilcrogiuolo.it\/it\/negozio\/"},{"@type":"ListItem","position":3,"name":"GRAN RITUALE DI SAN MICHELE ARCANGELO CON STATUA 35 CM"}]},{"@type":"WebSite","@id":"https:\/\/ilcrogiuolo.it\/it\/#website","url":"https:\/\/ilcrogiuolo.it\/it\/","name":"Il Crogiuolo","description":"","publisher":{"@id":"https:\/\/ilcrogiuolo.it\/it\/#organization"},"potentialAction":[{"@type":"SearchAction","target":{"@type":"EntryPoint","urlTemplate":"https:\/\/ilcrogiuolo.it\/it\/?s={search_term_string}"},"query-input":{"@type":"PropertyValueSpecification","valueRequired":true,"valueName":"search_term_string"}}],"inLanguage":"it-IT"},{"@type":"Organization","@id":"https:\/\/ilcrogiuolo.it\/it\/#organization","name":"Il Crogiuolo","url":"https:\/\/ilcrogiuolo.it\/it\/","logo":{"@type":"ImageObject","inLanguage":"it-IT","@id":"https:\/\/ilcrogiuolo.it\/it\/#\/schema\/logo\/image\/","url":"https:\/\/ilcrogiuolo.it\/wp-content\/uploads\/2020\/04\/logo.png","contentUrl":"https:\/\/ilcrogiuolo.it\/wp-content\/uploads\/2020\/04\/logo.png","width":200,"height":49,"caption":"Il Crogiuolo"},"image":{"@id":"https:\/\/ilcrogiuolo.it\/it\/#\/schema\/logo\/image\/"},"sameAs":["https:\/\/www.facebook.com\/Il-Crogiuolo-681876418491758"]}]}},"_links":{"self":[{"href":"https:\/\/ilcrogiuolo.it\/it\/wp-json\/wp\/v2\/product\/41457","targetHints":{"allow":["GET"]}}],"collection":[{"href":"https:\/\/ilcrogiuolo.it\/it\/wp-json\/wp\/v2\/product"}],"about":[{"href":"https:\/\/ilcrogiuolo.it\/it\/wp-json\/wp\/v2\/types\/product"}],"wp:featuredmedia":[{"embeddable":true,"href":"https:\/\/ilcrogiuolo.it\/it\/wp-json\/wp\/v2\/media\/2198"}],"wp:attachment":[{"href":"https:\/\/ilcrogiuolo.it\/it\/wp-json\/wp\/v2\/media?parent=41457"}],"wp:term":[{"taxonomy":"product_brand","embeddable":true,"href":"https:\/\/ilcrogiuolo.it\/it\/wp-json\/wp\/v2\/product_brand?post=41457"},{"taxonomy":"product_cat","embeddable":true,"href":"https:\/\/ilcrogiuolo.it\/it\/wp-json\/wp\/v2\/product_cat?post=41457"},{"taxonomy":"product_tag","embeddable":true,"href":"https:\/\/ilcrogiuolo.it\/it\/wp-json\/wp\/v2\/product_tag?post=41457"}],"curies":[{"name":"wp","href":"https:\/\/api.w.org\/{rel}","templated":true}]}}