{"id":40986,"date":"2023-02-09T10:28:14","date_gmt":"2023-02-09T09:28:14","guid":{"rendered":"https:\/\/ilcrogiuolo.it\/?post_type=product&#038;p=40986"},"modified":"2023-02-09T10:52:46","modified_gmt":"2023-02-09T09:52:46","slug":"orazione-justo-juez-la-magnifica-blanca","status":"publish","type":"product","link":"https:\/\/ilcrogiuolo.it\/it\/p\/orazione-justo-juez-la-magnifica-blanca\/","title":{"rendered":"Orazione Justo Juez &#8211; La Magnifica Blanca"},"content":{"rendered":"<p>Le vicende che, nel corso dei secoli, hanno coinvolto il luogo della sepoltura di Ges\u00f9 sono davvero numerosissime. Le prime fonti che parlano del Sepolcro sono ovviamente i Vangeli sinottici, che collocano unanimemente la tomba vicino al luogo della crocifissione, fuori dalle mura cittadine. La tomba, scavata nella pietra e chiusa da una grossa pietra, era di propriet\u00e0 del ricco Giuseppe d\u2019Arimatea, che probabilmente l\u2019aveva fatta costruire per s\u00e9. I suoi progetti cambiarono dopo la tragica morte di Ges\u00f9, che lo colp\u00ec al punto di recarsi da Pilato a richiedere il corpo del maestro per provvedere alla sua sepoltura. Il corpo di Ges\u00f9 fu quindi collocato nella tomba di Giuseppe d\u2019Arimatea, dove rimase fino alla scoperta della sua scomparsa nella domenica di Pasqua. Secondo un&#8217;antica leggenda fu il celebre San Cipriano, nel terzo secolo dopo Cristo a scoprire nel Santo Sepolcro una particolare orazione conosciuta nei paesi di lingua ispanica come Magnifica Blanca o preghiera al Giusto Giudice (Justo Juez). Recitare questa orazione secondo certe istruzioni segrete avrebbe garantito al fedele potere su uomini e donne, abbondanza materiale e stabilit\u00e0 affettiva. Avrebbe tenuto lontano nemici e favorito la riuscita in ogni campo, garantendo trionfo, protezione durante i viaggi e fortuna al gioco. Tenuta in casa propria avrebbe difeso il focolare da ladri e tragedie e portata con se avrebbe assicurato al possessore protezione da assalti, atti criminali e furti di qualsiasi genere. Il Crogiuolo vi propone il testo originale dell&#8217;orazione, stampato su carta pergamena accompagnato dalla sua meravigliosa storia e da istruzioni di impiego per poter approfittare di questo antico testo le cui origini leggendarie lo trasformarono in una sorta di talismano orale da poter recitare nei momenti difficili della vita per uscirne vincitori. Scoprirete cos\u00ec altri impieghi che nei secoli accompagnarono questa meravigliosa preghiera, in lingua spagnola, per poter sperimentare la sua forza mistica. Il testo \u00e8 accompagnato da una candela consacrata, incenso Reale e carboncini.<\/p>\n<p><strong>\u00a0<\/strong><\/p>\n","protected":false},"excerpt":{"rendered":"<p>Le vicende che, nel corso dei secoli, hanno coinvolto il luogo della sepoltura di Ges\u00f9 sono davvero numerosissime. Le prime&#8230;<\/p>\n","protected":false},"featured_media":40987,"template":"","meta":{"_acf_changed":false},"product_brand":[],"product_cat":[1094,1059,1371],"product_tag":[],"class_list":{"0":"post-40986","1":"product","2":"type-product","3":"status-publish","4":"has-post-thumbnail","6":"product_cat-poster-stampe-orazioni","7":"product_cat-articoli-esoterici","8":"product_cat-orazioni-su-pergamena-vegetale","10":"first","11":"instock","12":"taxable","13":"shipping-taxable","14":"purchasable","15":"product-type-simple","16":"add-to-wishlist-before_image"},"acf":[],"yoast_head":"<!-- This site is optimized with the Yoast SEO plugin v26.9 - https:\/\/yoast.com\/product\/yoast-seo-wordpress\/ -->\n<title>Orazione Justo Juez - La Magnifica Blanca - Il Crogiuolo<\/title>\n<meta name=\"description\" content=\"Orazione Justo Juez - La Magnifica Blanca Le vicende che, nel corso dei secoli, hanno coinvolto il luogo della sepoltura di Ges\u00f9 sono davvero numerosissime. Le prime fonti che parlano del Sepolcro\" \/>\n<meta name=\"robots\" content=\"index, follow, max-snippet:-1, max-image-preview:large, max-video-preview:-1\" \/>\n<link rel=\"canonical\" href=\"https:\/\/ilcrogiuolo.it\/it\/p\/orazione-justo-juez-la-magnifica-blanca\/\" \/>\n<meta property=\"og:locale\" content=\"it_IT\" \/>\n<meta property=\"og:type\" content=\"article\" \/>\n<meta property=\"og:title\" content=\"Orazione Justo Juez - La Magnifica Blanca - Il Crogiuolo\" \/>\n<meta property=\"og:description\" content=\"Orazione Justo Juez - La Magnifica Blanca Le vicende che, nel corso dei secoli, hanno coinvolto il luogo della sepoltura di Ges\u00f9 sono davvero numerosissime. Le prime fonti che parlano del Sepolcro\" \/>\n<meta property=\"og:url\" content=\"https:\/\/ilcrogiuolo.it\/it\/p\/orazione-justo-juez-la-magnifica-blanca\/\" \/>\n<meta property=\"og:site_name\" content=\"Il Crogiuolo\" \/>\n<meta property=\"article:publisher\" content=\"https:\/\/www.facebook.com\/Il-Crogiuolo-681876418491758\" \/>\n<meta property=\"article:modified_time\" content=\"2023-02-09T09:52:46+00:00\" \/>\n<meta property=\"og:image\" content=\"https:\/\/ilcrogiuolo.it\/wp-content\/uploads\/2023\/02\/orazione-justo-juez-oracion.png\" \/>\n\t<meta property=\"og:image:width\" content=\"627\" \/>\n\t<meta property=\"og:image:height\" content=\"600\" \/>\n\t<meta property=\"og:image:type\" content=\"image\/png\" \/>\n<meta name=\"twitter:card\" content=\"summary_large_image\" \/>\n<meta name=\"twitter:label1\" content=\"Tempo di lettura stimato\" \/>\n\t<meta name=\"twitter:data1\" content=\"2 minuti\" \/>\n<script type=\"application\/ld+json\" class=\"yoast-schema-graph\">{\"@context\":\"https:\/\/schema.org\",\"@graph\":[{\"@type\":\"WebPage\",\"@id\":\"https:\/\/ilcrogiuolo.it\/it\/p\/orazione-justo-juez-la-magnifica-blanca\/\",\"url\":\"https:\/\/ilcrogiuolo.it\/it\/p\/orazione-justo-juez-la-magnifica-blanca\/\",\"name\":\"Orazione Justo Juez - La Magnifica Blanca - Il Crogiuolo\",\"isPartOf\":{\"@id\":\"https:\/\/ilcrogiuolo.it\/it\/#website\"},\"primaryImageOfPage\":{\"@id\":\"https:\/\/ilcrogiuolo.it\/it\/p\/orazione-justo-juez-la-magnifica-blanca\/#primaryimage\"},\"image\":{\"@id\":\"https:\/\/ilcrogiuolo.it\/it\/p\/orazione-justo-juez-la-magnifica-blanca\/#primaryimage\"},\"thumbnailUrl\":\"https:\/\/ilcrogiuolo.it\/wp-content\/uploads\/2023\/02\/orazione-justo-juez-oracion.png\",\"datePublished\":\"2023-02-09T09:28:14+00:00\",\"dateModified\":\"2023-02-09T09:52:46+00:00\",\"description\":\"Orazione Justo Juez - La Magnifica Blanca Le vicende che, nel corso dei secoli, hanno coinvolto il luogo della sepoltura di Ges\u00f9 sono davvero numerosissime. Le prime fonti che parlano del Sepolcro\",\"breadcrumb\":{\"@id\":\"https:\/\/ilcrogiuolo.it\/it\/p\/orazione-justo-juez-la-magnifica-blanca\/#breadcrumb\"},\"inLanguage\":\"it-IT\",\"potentialAction\":[{\"@type\":\"ReadAction\",\"target\":[\"https:\/\/ilcrogiuolo.it\/it\/p\/orazione-justo-juez-la-magnifica-blanca\/\"]}]},{\"@type\":\"ImageObject\",\"inLanguage\":\"it-IT\",\"@id\":\"https:\/\/ilcrogiuolo.it\/it\/p\/orazione-justo-juez-la-magnifica-blanca\/#primaryimage\",\"url\":\"https:\/\/ilcrogiuolo.it\/wp-content\/uploads\/2023\/02\/orazione-justo-juez-oracion.png\",\"contentUrl\":\"https:\/\/ilcrogiuolo.it\/wp-content\/uploads\/2023\/02\/orazione-justo-juez-oracion.png\",\"width\":627,\"height\":600},{\"@type\":\"BreadcrumbList\",\"@id\":\"https:\/\/ilcrogiuolo.it\/it\/p\/orazione-justo-juez-la-magnifica-blanca\/#breadcrumb\",\"itemListElement\":[{\"@type\":\"ListItem\",\"position\":1,\"name\":\"Home\",\"item\":\"https:\/\/ilcrogiuolo.it\/it\/\"},{\"@type\":\"ListItem\",\"position\":2,\"name\":\"Shop\",\"item\":\"https:\/\/ilcrogiuolo.it\/it\/negozio\/\"},{\"@type\":\"ListItem\",\"position\":3,\"name\":\"Orazione Justo Juez &#8211; La Magnifica Blanca\"}]},{\"@type\":\"WebSite\",\"@id\":\"https:\/\/ilcrogiuolo.it\/it\/#website\",\"url\":\"https:\/\/ilcrogiuolo.it\/it\/\",\"name\":\"Il Crogiuolo\",\"description\":\"\",\"publisher\":{\"@id\":\"https:\/\/ilcrogiuolo.it\/it\/#organization\"},\"potentialAction\":[{\"@type\":\"SearchAction\",\"target\":{\"@type\":\"EntryPoint\",\"urlTemplate\":\"https:\/\/ilcrogiuolo.it\/it\/?s={search_term_string}\"},\"query-input\":{\"@type\":\"PropertyValueSpecification\",\"valueRequired\":true,\"valueName\":\"search_term_string\"}}],\"inLanguage\":\"it-IT\"},{\"@type\":\"Organization\",\"@id\":\"https:\/\/ilcrogiuolo.it\/it\/#organization\",\"name\":\"Il Crogiuolo\",\"url\":\"https:\/\/ilcrogiuolo.it\/it\/\",\"logo\":{\"@type\":\"ImageObject\",\"inLanguage\":\"it-IT\",\"@id\":\"https:\/\/ilcrogiuolo.it\/it\/#\/schema\/logo\/image\/\",\"url\":\"https:\/\/ilcrogiuolo.it\/wp-content\/uploads\/2020\/04\/logo.png\",\"contentUrl\":\"https:\/\/ilcrogiuolo.it\/wp-content\/uploads\/2020\/04\/logo.png\",\"width\":200,\"height\":49,\"caption\":\"Il Crogiuolo\"},\"image\":{\"@id\":\"https:\/\/ilcrogiuolo.it\/it\/#\/schema\/logo\/image\/\"},\"sameAs\":[\"https:\/\/www.facebook.com\/Il-Crogiuolo-681876418491758\"]}]}<\/script>\n<!-- \/ Yoast SEO plugin. -->","yoast_head_json":{"title":"Orazione Justo Juez - La Magnifica Blanca - Il Crogiuolo","description":"Orazione Justo Juez - La Magnifica Blanca Le vicende che, nel corso dei secoli, hanno coinvolto il luogo della sepoltura di Ges\u00f9 sono davvero numerosissime. Le prime fonti che parlano del Sepolcro","robots":{"index":"index","follow":"follow","max-snippet":"max-snippet:-1","max-image-preview":"max-image-preview:large","max-video-preview":"max-video-preview:-1"},"canonical":"https:\/\/ilcrogiuolo.it\/it\/p\/orazione-justo-juez-la-magnifica-blanca\/","og_locale":"it_IT","og_type":"article","og_title":"Orazione Justo Juez - La Magnifica Blanca - Il Crogiuolo","og_description":"Orazione Justo Juez - La Magnifica Blanca Le vicende che, nel corso dei secoli, hanno coinvolto il luogo della sepoltura di Ges\u00f9 sono davvero numerosissime. Le prime fonti che parlano del Sepolcro","og_url":"https:\/\/ilcrogiuolo.it\/it\/p\/orazione-justo-juez-la-magnifica-blanca\/","og_site_name":"Il Crogiuolo","article_publisher":"https:\/\/www.facebook.com\/Il-Crogiuolo-681876418491758","article_modified_time":"2023-02-09T09:52:46+00:00","og_image":[{"width":627,"height":600,"url":"https:\/\/ilcrogiuolo.it\/wp-content\/uploads\/2023\/02\/orazione-justo-juez-oracion.png","type":"image\/png"}],"twitter_card":"summary_large_image","twitter_misc":{"Tempo di lettura stimato":"2 minuti"},"schema":{"@context":"https:\/\/schema.org","@graph":[{"@type":"WebPage","@id":"https:\/\/ilcrogiuolo.it\/it\/p\/orazione-justo-juez-la-magnifica-blanca\/","url":"https:\/\/ilcrogiuolo.it\/it\/p\/orazione-justo-juez-la-magnifica-blanca\/","name":"Orazione Justo Juez - La Magnifica Blanca - Il Crogiuolo","isPartOf":{"@id":"https:\/\/ilcrogiuolo.it\/it\/#website"},"primaryImageOfPage":{"@id":"https:\/\/ilcrogiuolo.it\/it\/p\/orazione-justo-juez-la-magnifica-blanca\/#primaryimage"},"image":{"@id":"https:\/\/ilcrogiuolo.it\/it\/p\/orazione-justo-juez-la-magnifica-blanca\/#primaryimage"},"thumbnailUrl":"https:\/\/ilcrogiuolo.it\/wp-content\/uploads\/2023\/02\/orazione-justo-juez-oracion.png","datePublished":"2023-02-09T09:28:14+00:00","dateModified":"2023-02-09T09:52:46+00:00","description":"Orazione Justo Juez - La Magnifica Blanca Le vicende che, nel corso dei secoli, hanno coinvolto il luogo della sepoltura di Ges\u00f9 sono davvero numerosissime. Le prime fonti che parlano del Sepolcro","breadcrumb":{"@id":"https:\/\/ilcrogiuolo.it\/it\/p\/orazione-justo-juez-la-magnifica-blanca\/#breadcrumb"},"inLanguage":"it-IT","potentialAction":[{"@type":"ReadAction","target":["https:\/\/ilcrogiuolo.it\/it\/p\/orazione-justo-juez-la-magnifica-blanca\/"]}]},{"@type":"ImageObject","inLanguage":"it-IT","@id":"https:\/\/ilcrogiuolo.it\/it\/p\/orazione-justo-juez-la-magnifica-blanca\/#primaryimage","url":"https:\/\/ilcrogiuolo.it\/wp-content\/uploads\/2023\/02\/orazione-justo-juez-oracion.png","contentUrl":"https:\/\/ilcrogiuolo.it\/wp-content\/uploads\/2023\/02\/orazione-justo-juez-oracion.png","width":627,"height":600},{"@type":"BreadcrumbList","@id":"https:\/\/ilcrogiuolo.it\/it\/p\/orazione-justo-juez-la-magnifica-blanca\/#breadcrumb","itemListElement":[{"@type":"ListItem","position":1,"name":"Home","item":"https:\/\/ilcrogiuolo.it\/it\/"},{"@type":"ListItem","position":2,"name":"Shop","item":"https:\/\/ilcrogiuolo.it\/it\/negozio\/"},{"@type":"ListItem","position":3,"name":"Orazione Justo Juez &#8211; La Magnifica Blanca"}]},{"@type":"WebSite","@id":"https:\/\/ilcrogiuolo.it\/it\/#website","url":"https:\/\/ilcrogiuolo.it\/it\/","name":"Il Crogiuolo","description":"","publisher":{"@id":"https:\/\/ilcrogiuolo.it\/it\/#organization"},"potentialAction":[{"@type":"SearchAction","target":{"@type":"EntryPoint","urlTemplate":"https:\/\/ilcrogiuolo.it\/it\/?s={search_term_string}"},"query-input":{"@type":"PropertyValueSpecification","valueRequired":true,"valueName":"search_term_string"}}],"inLanguage":"it-IT"},{"@type":"Organization","@id":"https:\/\/ilcrogiuolo.it\/it\/#organization","name":"Il Crogiuolo","url":"https:\/\/ilcrogiuolo.it\/it\/","logo":{"@type":"ImageObject","inLanguage":"it-IT","@id":"https:\/\/ilcrogiuolo.it\/it\/#\/schema\/logo\/image\/","url":"https:\/\/ilcrogiuolo.it\/wp-content\/uploads\/2020\/04\/logo.png","contentUrl":"https:\/\/ilcrogiuolo.it\/wp-content\/uploads\/2020\/04\/logo.png","width":200,"height":49,"caption":"Il Crogiuolo"},"image":{"@id":"https:\/\/ilcrogiuolo.it\/it\/#\/schema\/logo\/image\/"},"sameAs":["https:\/\/www.facebook.com\/Il-Crogiuolo-681876418491758"]}]}},"_links":{"self":[{"href":"https:\/\/ilcrogiuolo.it\/it\/wp-json\/wp\/v2\/product\/40986","targetHints":{"allow":["GET"]}}],"collection":[{"href":"https:\/\/ilcrogiuolo.it\/it\/wp-json\/wp\/v2\/product"}],"about":[{"href":"https:\/\/ilcrogiuolo.it\/it\/wp-json\/wp\/v2\/types\/product"}],"wp:featuredmedia":[{"embeddable":true,"href":"https:\/\/ilcrogiuolo.it\/it\/wp-json\/wp\/v2\/media\/40987"}],"wp:attachment":[{"href":"https:\/\/ilcrogiuolo.it\/it\/wp-json\/wp\/v2\/media?parent=40986"}],"wp:term":[{"taxonomy":"product_brand","embeddable":true,"href":"https:\/\/ilcrogiuolo.it\/it\/wp-json\/wp\/v2\/product_brand?post=40986"},{"taxonomy":"product_cat","embeddable":true,"href":"https:\/\/ilcrogiuolo.it\/it\/wp-json\/wp\/v2\/product_cat?post=40986"},{"taxonomy":"product_tag","embeddable":true,"href":"https:\/\/ilcrogiuolo.it\/it\/wp-json\/wp\/v2\/product_tag?post=40986"}],"curies":[{"name":"wp","href":"https:\/\/api.w.org\/{rel}","templated":true}]}}