{"id":39980,"date":"2022-12-02T15:02:10","date_gmt":"2022-12-02T14:02:10","guid":{"rendered":"https:\/\/ilcrogiuolo.it\/?post_type=product&#038;p=39980"},"modified":"2022-12-02T15:25:43","modified_gmt":"2022-12-02T14:25:43","slug":"il-sole-nei-segni","status":"publish","type":"product","link":"https:\/\/ilcrogiuolo.it\/it\/p\/il-sole-nei-segni\/","title":{"rendered":"IL SOLE NEI SEGNI"},"content":{"rendered":"<p>Il sole nei segni \u00e8 il vademecum ideale per chiunque voglia avvicinarsi all&#8217;affascinante mondo dell&#8217;astrologia. Illustra le principali caratteristiche di ciascuno dei dodici segni zodiacali e raccoglie informazioni e curiosit\u00e0 relative alla loro origine mitologica e alla ricca simbologia. Delle persone nate sotto ognuno di essi descrive il temperamento tipico, i tratti caratteriali pi\u00f9 comuni, le abilit\u00e0 e i talenti specifici, le idiosincrasie e le criticit\u00e0 pi\u00f9 diffuse. Indica le professioni e i lavori pi\u00f9 adatti ai differenti profili, analizza le diverse inclinazioni per l&#8217;arte, la creativit\u00e0 e la manualit\u00e0. Racconta il rapporto con le stagioni e con il passato, con i legami familiari, i sentimenti e la sessualit\u00e0. Offre utili chiarimenti sulla possibile predisposizione di ciascun segno per le diverse malattie. Rivela il colore, la pietra e il metallo peculiari, oltre al giorno della settimana di riferimento. Il lettore trover\u00e0 inoltre un elenco dei personaggi pi\u00f9 importanti nati sotto i diversi segni, con un focus particolare su quegli artisti, scrittori, scienziati e militari che pi\u00f9 hanno segnato la storia dell&#8217;umanit\u00e0: da Michelangelo a Van Gogh, da Toulouse-Lautrec a Modigliani, da Mozart a Schumann e Beethoven, da Rimbaud a Oscar Wilde, da Greta Garbo a Ingrid Bergman, da Louis Pasteur a Sigmund Freud, da Napoleone a Goebbels.<\/p>\n","protected":false},"excerpt":{"rendered":"<p>Il sole nei segni \u00e8 il vademecum ideale per chiunque voglia avvicinarsi all&#8217;affascinante mondo dell&#8217;astrologia. Illustra le principali caratteristiche di&#8230;<\/p>\n","protected":false},"featured_media":39982,"template":"","meta":{"_acf_changed":false},"product_brand":[],"product_cat":[1077,1317,1060],"product_tag":[],"class_list":{"0":"post-39980","1":"product","2":"type-product","3":"status-publish","4":"has-post-thumbnail","6":"product_cat-libreria-esoterica-libreria-esoterica","7":"product_cat-edizioni-leta-dellacquario-melchisedek","8":"product_cat-libreria-esoterica","10":"first","11":"instock","12":"taxable","13":"shipping-taxable","14":"purchasable","15":"product-type-simple","16":"add-to-wishlist-before_image"},"acf":[],"yoast_head":"<!-- This site is optimized with the Yoast SEO plugin v26.9 - https:\/\/yoast.com\/product\/yoast-seo-wordpress\/ -->\n<title>IL SOLE NEI SEGNI - Il Crogiuolo<\/title>\n<meta name=\"description\" content=\"IL SOLE NEI SEGNI Il sole nei segni \u00e8 il vademecum ideale per chiunque voglia avvicinarsi all&#039;affascinante mondo dell&#039;astrologia. Illustra le principali caratteristiche di\" \/>\n<meta name=\"robots\" content=\"index, follow, max-snippet:-1, max-image-preview:large, max-video-preview:-1\" \/>\n<link rel=\"canonical\" href=\"https:\/\/ilcrogiuolo.it\/it\/p\/il-sole-nei-segni\/\" \/>\n<meta property=\"og:locale\" content=\"it_IT\" \/>\n<meta property=\"og:type\" content=\"article\" \/>\n<meta property=\"og:title\" content=\"IL SOLE NEI SEGNI - Il Crogiuolo\" \/>\n<meta property=\"og:description\" content=\"IL SOLE NEI SEGNI Il sole nei segni \u00e8 il vademecum ideale per chiunque voglia avvicinarsi all&#039;affascinante mondo dell&#039;astrologia. Illustra le principali caratteristiche di\" \/>\n<meta property=\"og:url\" content=\"https:\/\/ilcrogiuolo.it\/it\/p\/il-sole-nei-segni\/\" \/>\n<meta property=\"og:site_name\" content=\"Il Crogiuolo\" \/>\n<meta property=\"article:publisher\" content=\"https:\/\/www.facebook.com\/Il-Crogiuolo-681876418491758\" \/>\n<meta property=\"article:modified_time\" content=\"2022-12-02T14:25:43+00:00\" \/>\n<meta property=\"og:image\" content=\"https:\/\/ilcrogiuolo.it\/wp-content\/uploads\/2022\/12\/SOLE-NEI-SEGNI-ANTONIO-SAVOIA.png\" \/>\n\t<meta property=\"og:image:width\" content=\"695\" \/>\n\t<meta property=\"og:image:height\" content=\"726\" \/>\n\t<meta property=\"og:image:type\" content=\"image\/png\" \/>\n<meta name=\"twitter:card\" content=\"summary_large_image\" \/>\n<meta name=\"twitter:label1\" content=\"Tempo di lettura stimato\" \/>\n\t<meta name=\"twitter:data1\" content=\"2 minuti\" \/>\n<script type=\"application\/ld+json\" class=\"yoast-schema-graph\">{\"@context\":\"https:\/\/schema.org\",\"@graph\":[{\"@type\":\"WebPage\",\"@id\":\"https:\/\/ilcrogiuolo.it\/it\/p\/il-sole-nei-segni\/\",\"url\":\"https:\/\/ilcrogiuolo.it\/it\/p\/il-sole-nei-segni\/\",\"name\":\"IL SOLE NEI SEGNI - Il Crogiuolo\",\"isPartOf\":{\"@id\":\"https:\/\/ilcrogiuolo.it\/it\/#website\"},\"primaryImageOfPage\":{\"@id\":\"https:\/\/ilcrogiuolo.it\/it\/p\/il-sole-nei-segni\/#primaryimage\"},\"image\":{\"@id\":\"https:\/\/ilcrogiuolo.it\/it\/p\/il-sole-nei-segni\/#primaryimage\"},\"thumbnailUrl\":\"https:\/\/ilcrogiuolo.it\/wp-content\/uploads\/2022\/12\/SOLE-NEI-SEGNI-ANTONIO-SAVOIA.png\",\"datePublished\":\"2022-12-02T14:02:10+00:00\",\"dateModified\":\"2022-12-02T14:25:43+00:00\",\"description\":\"IL SOLE NEI SEGNI Il sole nei segni \u00e8 il vademecum ideale per chiunque voglia avvicinarsi all'affascinante mondo dell'astrologia. Illustra le principali caratteristiche di\",\"breadcrumb\":{\"@id\":\"https:\/\/ilcrogiuolo.it\/it\/p\/il-sole-nei-segni\/#breadcrumb\"},\"inLanguage\":\"it-IT\",\"potentialAction\":[{\"@type\":\"ReadAction\",\"target\":[\"https:\/\/ilcrogiuolo.it\/it\/p\/il-sole-nei-segni\/\"]}]},{\"@type\":\"ImageObject\",\"inLanguage\":\"it-IT\",\"@id\":\"https:\/\/ilcrogiuolo.it\/it\/p\/il-sole-nei-segni\/#primaryimage\",\"url\":\"https:\/\/ilcrogiuolo.it\/wp-content\/uploads\/2022\/12\/SOLE-NEI-SEGNI-ANTONIO-SAVOIA.png\",\"contentUrl\":\"https:\/\/ilcrogiuolo.it\/wp-content\/uploads\/2022\/12\/SOLE-NEI-SEGNI-ANTONIO-SAVOIA.png\",\"width\":695,\"height\":726},{\"@type\":\"BreadcrumbList\",\"@id\":\"https:\/\/ilcrogiuolo.it\/it\/p\/il-sole-nei-segni\/#breadcrumb\",\"itemListElement\":[{\"@type\":\"ListItem\",\"position\":1,\"name\":\"Home\",\"item\":\"https:\/\/ilcrogiuolo.it\/it\/\"},{\"@type\":\"ListItem\",\"position\":2,\"name\":\"Shop\",\"item\":\"https:\/\/ilcrogiuolo.it\/it\/negozio\/\"},{\"@type\":\"ListItem\",\"position\":3,\"name\":\"IL SOLE NEI SEGNI\"}]},{\"@type\":\"WebSite\",\"@id\":\"https:\/\/ilcrogiuolo.it\/it\/#website\",\"url\":\"https:\/\/ilcrogiuolo.it\/it\/\",\"name\":\"Il Crogiuolo\",\"description\":\"\",\"publisher\":{\"@id\":\"https:\/\/ilcrogiuolo.it\/it\/#organization\"},\"potentialAction\":[{\"@type\":\"SearchAction\",\"target\":{\"@type\":\"EntryPoint\",\"urlTemplate\":\"https:\/\/ilcrogiuolo.it\/it\/?s={search_term_string}\"},\"query-input\":{\"@type\":\"PropertyValueSpecification\",\"valueRequired\":true,\"valueName\":\"search_term_string\"}}],\"inLanguage\":\"it-IT\"},{\"@type\":\"Organization\",\"@id\":\"https:\/\/ilcrogiuolo.it\/it\/#organization\",\"name\":\"Il Crogiuolo\",\"url\":\"https:\/\/ilcrogiuolo.it\/it\/\",\"logo\":{\"@type\":\"ImageObject\",\"inLanguage\":\"it-IT\",\"@id\":\"https:\/\/ilcrogiuolo.it\/it\/#\/schema\/logo\/image\/\",\"url\":\"https:\/\/ilcrogiuolo.it\/wp-content\/uploads\/2020\/04\/logo.png\",\"contentUrl\":\"https:\/\/ilcrogiuolo.it\/wp-content\/uploads\/2020\/04\/logo.png\",\"width\":200,\"height\":49,\"caption\":\"Il Crogiuolo\"},\"image\":{\"@id\":\"https:\/\/ilcrogiuolo.it\/it\/#\/schema\/logo\/image\/\"},\"sameAs\":[\"https:\/\/www.facebook.com\/Il-Crogiuolo-681876418491758\"]}]}<\/script>\n<!-- \/ Yoast SEO plugin. -->","yoast_head_json":{"title":"IL SOLE NEI SEGNI - Il Crogiuolo","description":"IL SOLE NEI SEGNI Il sole nei segni \u00e8 il vademecum ideale per chiunque voglia avvicinarsi all'affascinante mondo dell'astrologia. Illustra le principali caratteristiche di","robots":{"index":"index","follow":"follow","max-snippet":"max-snippet:-1","max-image-preview":"max-image-preview:large","max-video-preview":"max-video-preview:-1"},"canonical":"https:\/\/ilcrogiuolo.it\/it\/p\/il-sole-nei-segni\/","og_locale":"it_IT","og_type":"article","og_title":"IL SOLE NEI SEGNI - Il Crogiuolo","og_description":"IL SOLE NEI SEGNI Il sole nei segni \u00e8 il vademecum ideale per chiunque voglia avvicinarsi all'affascinante mondo dell'astrologia. Illustra le principali caratteristiche di","og_url":"https:\/\/ilcrogiuolo.it\/it\/p\/il-sole-nei-segni\/","og_site_name":"Il Crogiuolo","article_publisher":"https:\/\/www.facebook.com\/Il-Crogiuolo-681876418491758","article_modified_time":"2022-12-02T14:25:43+00:00","og_image":[{"width":695,"height":726,"url":"https:\/\/ilcrogiuolo.it\/wp-content\/uploads\/2022\/12\/SOLE-NEI-SEGNI-ANTONIO-SAVOIA.png","type":"image\/png"}],"twitter_card":"summary_large_image","twitter_misc":{"Tempo di lettura stimato":"2 minuti"},"schema":{"@context":"https:\/\/schema.org","@graph":[{"@type":"WebPage","@id":"https:\/\/ilcrogiuolo.it\/it\/p\/il-sole-nei-segni\/","url":"https:\/\/ilcrogiuolo.it\/it\/p\/il-sole-nei-segni\/","name":"IL SOLE NEI SEGNI - Il Crogiuolo","isPartOf":{"@id":"https:\/\/ilcrogiuolo.it\/it\/#website"},"primaryImageOfPage":{"@id":"https:\/\/ilcrogiuolo.it\/it\/p\/il-sole-nei-segni\/#primaryimage"},"image":{"@id":"https:\/\/ilcrogiuolo.it\/it\/p\/il-sole-nei-segni\/#primaryimage"},"thumbnailUrl":"https:\/\/ilcrogiuolo.it\/wp-content\/uploads\/2022\/12\/SOLE-NEI-SEGNI-ANTONIO-SAVOIA.png","datePublished":"2022-12-02T14:02:10+00:00","dateModified":"2022-12-02T14:25:43+00:00","description":"IL SOLE NEI SEGNI Il sole nei segni \u00e8 il vademecum ideale per chiunque voglia avvicinarsi all'affascinante mondo dell'astrologia. Illustra le principali caratteristiche di","breadcrumb":{"@id":"https:\/\/ilcrogiuolo.it\/it\/p\/il-sole-nei-segni\/#breadcrumb"},"inLanguage":"it-IT","potentialAction":[{"@type":"ReadAction","target":["https:\/\/ilcrogiuolo.it\/it\/p\/il-sole-nei-segni\/"]}]},{"@type":"ImageObject","inLanguage":"it-IT","@id":"https:\/\/ilcrogiuolo.it\/it\/p\/il-sole-nei-segni\/#primaryimage","url":"https:\/\/ilcrogiuolo.it\/wp-content\/uploads\/2022\/12\/SOLE-NEI-SEGNI-ANTONIO-SAVOIA.png","contentUrl":"https:\/\/ilcrogiuolo.it\/wp-content\/uploads\/2022\/12\/SOLE-NEI-SEGNI-ANTONIO-SAVOIA.png","width":695,"height":726},{"@type":"BreadcrumbList","@id":"https:\/\/ilcrogiuolo.it\/it\/p\/il-sole-nei-segni\/#breadcrumb","itemListElement":[{"@type":"ListItem","position":1,"name":"Home","item":"https:\/\/ilcrogiuolo.it\/it\/"},{"@type":"ListItem","position":2,"name":"Shop","item":"https:\/\/ilcrogiuolo.it\/it\/negozio\/"},{"@type":"ListItem","position":3,"name":"IL SOLE NEI SEGNI"}]},{"@type":"WebSite","@id":"https:\/\/ilcrogiuolo.it\/it\/#website","url":"https:\/\/ilcrogiuolo.it\/it\/","name":"Il Crogiuolo","description":"","publisher":{"@id":"https:\/\/ilcrogiuolo.it\/it\/#organization"},"potentialAction":[{"@type":"SearchAction","target":{"@type":"EntryPoint","urlTemplate":"https:\/\/ilcrogiuolo.it\/it\/?s={search_term_string}"},"query-input":{"@type":"PropertyValueSpecification","valueRequired":true,"valueName":"search_term_string"}}],"inLanguage":"it-IT"},{"@type":"Organization","@id":"https:\/\/ilcrogiuolo.it\/it\/#organization","name":"Il Crogiuolo","url":"https:\/\/ilcrogiuolo.it\/it\/","logo":{"@type":"ImageObject","inLanguage":"it-IT","@id":"https:\/\/ilcrogiuolo.it\/it\/#\/schema\/logo\/image\/","url":"https:\/\/ilcrogiuolo.it\/wp-content\/uploads\/2020\/04\/logo.png","contentUrl":"https:\/\/ilcrogiuolo.it\/wp-content\/uploads\/2020\/04\/logo.png","width":200,"height":49,"caption":"Il Crogiuolo"},"image":{"@id":"https:\/\/ilcrogiuolo.it\/it\/#\/schema\/logo\/image\/"},"sameAs":["https:\/\/www.facebook.com\/Il-Crogiuolo-681876418491758"]}]}},"_links":{"self":[{"href":"https:\/\/ilcrogiuolo.it\/it\/wp-json\/wp\/v2\/product\/39980","targetHints":{"allow":["GET"]}}],"collection":[{"href":"https:\/\/ilcrogiuolo.it\/it\/wp-json\/wp\/v2\/product"}],"about":[{"href":"https:\/\/ilcrogiuolo.it\/it\/wp-json\/wp\/v2\/types\/product"}],"wp:featuredmedia":[{"embeddable":true,"href":"https:\/\/ilcrogiuolo.it\/it\/wp-json\/wp\/v2\/media\/39982"}],"wp:attachment":[{"href":"https:\/\/ilcrogiuolo.it\/it\/wp-json\/wp\/v2\/media?parent=39980"}],"wp:term":[{"taxonomy":"product_brand","embeddable":true,"href":"https:\/\/ilcrogiuolo.it\/it\/wp-json\/wp\/v2\/product_brand?post=39980"},{"taxonomy":"product_cat","embeddable":true,"href":"https:\/\/ilcrogiuolo.it\/it\/wp-json\/wp\/v2\/product_cat?post=39980"},{"taxonomy":"product_tag","embeddable":true,"href":"https:\/\/ilcrogiuolo.it\/it\/wp-json\/wp\/v2\/product_tag?post=39980"}],"curies":[{"name":"wp","href":"https:\/\/api.w.org\/{rel}","templated":true}]}}