{"id":39954,"date":"2022-12-01T17:27:15","date_gmt":"2022-12-01T16:27:15","guid":{"rendered":"https:\/\/ilcrogiuolo.it\/?post_type=product&#038;p=39954"},"modified":"2026-02-02T12:00:44","modified_gmt":"2026-02-02T11:00:44","slug":"statua-dio-egizio-ra","status":"publish","type":"product","link":"https:\/\/ilcrogiuolo.it\/it\/p\/statua-dio-egizio-ra\/","title":{"rendered":"STATUA DIO EGIZIO RA"},"content":{"rendered":"<p>Stupenda statua raffigurante la divinit\u00e0 egizia Ra. Amon-Ra \u00e8 una divinit\u00e0 egizia appartenente alla religione dell&#8217;antico Egitto, nata dalla fusione del dio Ra di Eliopoli con la principale divinit\u00e0 tebana, Amon. Si tratta della divinit\u00e0 pi\u00f9 potente nella mitologia egizia, essendo il re di tutti gli dei del pantheon egizio.<\/p>\n","protected":false},"excerpt":{"rendered":"<p>Stupenda statua raffigurante la divinit\u00e0 egizia Ra. Amon-Ra \u00e8 una divinit\u00e0 egizia appartenente alla religione dell&#8217;antico Egitto, nata dalla fusione&#8230;<\/p>\n","protected":false},"featured_media":39957,"template":"","meta":{"_acf_changed":false},"product_brand":[],"product_cat":[1085,1452,1064],"product_tag":[],"class_list":{"0":"post-39954","1":"product","2":"type-product","3":"status-publish","4":"has-post-thumbnail","6":"product_cat-statue-degli-orixas-exus-pomba-giras-feticci","7":"product_cat-statue-divinita-egizie","8":"product_cat-statue-in-gesso-e-resina","10":"first","11":"outofstock","12":"taxable","13":"shipping-taxable","14":"purchasable","15":"product-type-simple","16":"add-to-wishlist-before_image"},"acf":[],"yoast_head":"<!-- This site is optimized with the Yoast SEO plugin v26.9 - https:\/\/yoast.com\/product\/yoast-seo-wordpress\/ -->\n<title>STATUA DIO EGIZIO RA - Il Crogiuolo<\/title>\n<meta name=\"description\" content=\"STATUA DIO EGIZIO RA Stupenda statua raffigurante la divinit\u00e0 egizia Ra. Amon-Ra \u00e8 una divinit\u00e0 egizia appartenente alla religione dell&#039;antico Egitto, nata dalla fusione del\" \/>\n<meta name=\"robots\" content=\"index, follow, max-snippet:-1, max-image-preview:large, max-video-preview:-1\" \/>\n<link rel=\"canonical\" href=\"https:\/\/ilcrogiuolo.it\/it\/p\/statua-dio-egizio-ra\/\" \/>\n<meta property=\"og:locale\" content=\"it_IT\" \/>\n<meta property=\"og:type\" content=\"article\" \/>\n<meta property=\"og:title\" content=\"STATUA DIO EGIZIO RA - Il Crogiuolo\" \/>\n<meta property=\"og:description\" content=\"STATUA DIO EGIZIO RA Stupenda statua raffigurante la divinit\u00e0 egizia Ra. Amon-Ra \u00e8 una divinit\u00e0 egizia appartenente alla religione dell&#039;antico Egitto, nata dalla fusione del\" \/>\n<meta property=\"og:url\" content=\"https:\/\/ilcrogiuolo.it\/it\/p\/statua-dio-egizio-ra\/\" \/>\n<meta property=\"og:site_name\" content=\"Il Crogiuolo\" \/>\n<meta property=\"article:publisher\" content=\"https:\/\/www.facebook.com\/Il-Crogiuolo-681876418491758\" \/>\n<meta property=\"article:modified_time\" content=\"2026-02-02T11:00:44+00:00\" \/>\n<meta property=\"og:image\" content=\"https:\/\/ilcrogiuolo.it\/wp-content\/uploads\/2022\/12\/STATUA-RA-RAME-1.png\" \/>\n\t<meta property=\"og:image:width\" content=\"1932\" \/>\n\t<meta property=\"og:image:height\" content=\"2016\" \/>\n\t<meta property=\"og:image:type\" content=\"image\/png\" \/>\n<meta name=\"twitter:card\" content=\"summary_large_image\" \/>\n<meta name=\"twitter:label1\" content=\"Tempo di lettura stimato\" \/>\n\t<meta name=\"twitter:data1\" content=\"1 minuto\" \/>\n<script type=\"application\/ld+json\" class=\"yoast-schema-graph\">{\"@context\":\"https:\/\/schema.org\",\"@graph\":[{\"@type\":\"WebPage\",\"@id\":\"https:\/\/ilcrogiuolo.it\/it\/p\/statua-dio-egizio-ra\/\",\"url\":\"https:\/\/ilcrogiuolo.it\/it\/p\/statua-dio-egizio-ra\/\",\"name\":\"STATUA DIO EGIZIO RA - Il Crogiuolo\",\"isPartOf\":{\"@id\":\"https:\/\/ilcrogiuolo.it\/it\/#website\"},\"primaryImageOfPage\":{\"@id\":\"https:\/\/ilcrogiuolo.it\/it\/p\/statua-dio-egizio-ra\/#primaryimage\"},\"image\":{\"@id\":\"https:\/\/ilcrogiuolo.it\/it\/p\/statua-dio-egizio-ra\/#primaryimage\"},\"thumbnailUrl\":\"https:\/\/ilcrogiuolo.it\/wp-content\/uploads\/2022\/12\/STATUA-RA-RAME-1.png\",\"datePublished\":\"2022-12-01T16:27:15+00:00\",\"dateModified\":\"2026-02-02T11:00:44+00:00\",\"description\":\"STATUA DIO EGIZIO RA Stupenda statua raffigurante la divinit\u00e0 egizia Ra. Amon-Ra \u00e8 una divinit\u00e0 egizia appartenente alla religione dell'antico Egitto, nata dalla fusione del\",\"breadcrumb\":{\"@id\":\"https:\/\/ilcrogiuolo.it\/it\/p\/statua-dio-egizio-ra\/#breadcrumb\"},\"inLanguage\":\"it-IT\",\"potentialAction\":[{\"@type\":\"ReadAction\",\"target\":[\"https:\/\/ilcrogiuolo.it\/it\/p\/statua-dio-egizio-ra\/\"]}]},{\"@type\":\"ImageObject\",\"inLanguage\":\"it-IT\",\"@id\":\"https:\/\/ilcrogiuolo.it\/it\/p\/statua-dio-egizio-ra\/#primaryimage\",\"url\":\"https:\/\/ilcrogiuolo.it\/wp-content\/uploads\/2022\/12\/STATUA-RA-RAME-1.png\",\"contentUrl\":\"https:\/\/ilcrogiuolo.it\/wp-content\/uploads\/2022\/12\/STATUA-RA-RAME-1.png\",\"width\":1932,\"height\":2016},{\"@type\":\"BreadcrumbList\",\"@id\":\"https:\/\/ilcrogiuolo.it\/it\/p\/statua-dio-egizio-ra\/#breadcrumb\",\"itemListElement\":[{\"@type\":\"ListItem\",\"position\":1,\"name\":\"Home\",\"item\":\"https:\/\/ilcrogiuolo.it\/it\/\"},{\"@type\":\"ListItem\",\"position\":2,\"name\":\"Shop\",\"item\":\"https:\/\/ilcrogiuolo.it\/it\/negozio\/\"},{\"@type\":\"ListItem\",\"position\":3,\"name\":\"STATUA DIO EGIZIO RA\"}]},{\"@type\":\"WebSite\",\"@id\":\"https:\/\/ilcrogiuolo.it\/it\/#website\",\"url\":\"https:\/\/ilcrogiuolo.it\/it\/\",\"name\":\"Il Crogiuolo\",\"description\":\"\",\"publisher\":{\"@id\":\"https:\/\/ilcrogiuolo.it\/it\/#organization\"},\"potentialAction\":[{\"@type\":\"SearchAction\",\"target\":{\"@type\":\"EntryPoint\",\"urlTemplate\":\"https:\/\/ilcrogiuolo.it\/it\/?s={search_term_string}\"},\"query-input\":{\"@type\":\"PropertyValueSpecification\",\"valueRequired\":true,\"valueName\":\"search_term_string\"}}],\"inLanguage\":\"it-IT\"},{\"@type\":\"Organization\",\"@id\":\"https:\/\/ilcrogiuolo.it\/it\/#organization\",\"name\":\"Il Crogiuolo\",\"url\":\"https:\/\/ilcrogiuolo.it\/it\/\",\"logo\":{\"@type\":\"ImageObject\",\"inLanguage\":\"it-IT\",\"@id\":\"https:\/\/ilcrogiuolo.it\/it\/#\/schema\/logo\/image\/\",\"url\":\"https:\/\/ilcrogiuolo.it\/wp-content\/uploads\/2020\/04\/logo.png\",\"contentUrl\":\"https:\/\/ilcrogiuolo.it\/wp-content\/uploads\/2020\/04\/logo.png\",\"width\":200,\"height\":49,\"caption\":\"Il Crogiuolo\"},\"image\":{\"@id\":\"https:\/\/ilcrogiuolo.it\/it\/#\/schema\/logo\/image\/\"},\"sameAs\":[\"https:\/\/www.facebook.com\/Il-Crogiuolo-681876418491758\"]}]}<\/script>\n<!-- \/ Yoast SEO plugin. -->","yoast_head_json":{"title":"STATUA DIO EGIZIO RA - Il Crogiuolo","description":"STATUA DIO EGIZIO RA Stupenda statua raffigurante la divinit\u00e0 egizia Ra. Amon-Ra \u00e8 una divinit\u00e0 egizia appartenente alla religione dell'antico Egitto, nata dalla fusione del","robots":{"index":"index","follow":"follow","max-snippet":"max-snippet:-1","max-image-preview":"max-image-preview:large","max-video-preview":"max-video-preview:-1"},"canonical":"https:\/\/ilcrogiuolo.it\/it\/p\/statua-dio-egizio-ra\/","og_locale":"it_IT","og_type":"article","og_title":"STATUA DIO EGIZIO RA - Il Crogiuolo","og_description":"STATUA DIO EGIZIO RA Stupenda statua raffigurante la divinit\u00e0 egizia Ra. Amon-Ra \u00e8 una divinit\u00e0 egizia appartenente alla religione dell'antico Egitto, nata dalla fusione del","og_url":"https:\/\/ilcrogiuolo.it\/it\/p\/statua-dio-egizio-ra\/","og_site_name":"Il Crogiuolo","article_publisher":"https:\/\/www.facebook.com\/Il-Crogiuolo-681876418491758","article_modified_time":"2026-02-02T11:00:44+00:00","og_image":[{"width":1932,"height":2016,"url":"https:\/\/ilcrogiuolo.it\/wp-content\/uploads\/2022\/12\/STATUA-RA-RAME-1.png","type":"image\/png"}],"twitter_card":"summary_large_image","twitter_misc":{"Tempo di lettura stimato":"1 minuto"},"schema":{"@context":"https:\/\/schema.org","@graph":[{"@type":"WebPage","@id":"https:\/\/ilcrogiuolo.it\/it\/p\/statua-dio-egizio-ra\/","url":"https:\/\/ilcrogiuolo.it\/it\/p\/statua-dio-egizio-ra\/","name":"STATUA DIO EGIZIO RA - Il Crogiuolo","isPartOf":{"@id":"https:\/\/ilcrogiuolo.it\/it\/#website"},"primaryImageOfPage":{"@id":"https:\/\/ilcrogiuolo.it\/it\/p\/statua-dio-egizio-ra\/#primaryimage"},"image":{"@id":"https:\/\/ilcrogiuolo.it\/it\/p\/statua-dio-egizio-ra\/#primaryimage"},"thumbnailUrl":"https:\/\/ilcrogiuolo.it\/wp-content\/uploads\/2022\/12\/STATUA-RA-RAME-1.png","datePublished":"2022-12-01T16:27:15+00:00","dateModified":"2026-02-02T11:00:44+00:00","description":"STATUA DIO EGIZIO RA Stupenda statua raffigurante la divinit\u00e0 egizia Ra. Amon-Ra \u00e8 una divinit\u00e0 egizia appartenente alla religione dell'antico Egitto, nata dalla fusione del","breadcrumb":{"@id":"https:\/\/ilcrogiuolo.it\/it\/p\/statua-dio-egizio-ra\/#breadcrumb"},"inLanguage":"it-IT","potentialAction":[{"@type":"ReadAction","target":["https:\/\/ilcrogiuolo.it\/it\/p\/statua-dio-egizio-ra\/"]}]},{"@type":"ImageObject","inLanguage":"it-IT","@id":"https:\/\/ilcrogiuolo.it\/it\/p\/statua-dio-egizio-ra\/#primaryimage","url":"https:\/\/ilcrogiuolo.it\/wp-content\/uploads\/2022\/12\/STATUA-RA-RAME-1.png","contentUrl":"https:\/\/ilcrogiuolo.it\/wp-content\/uploads\/2022\/12\/STATUA-RA-RAME-1.png","width":1932,"height":2016},{"@type":"BreadcrumbList","@id":"https:\/\/ilcrogiuolo.it\/it\/p\/statua-dio-egizio-ra\/#breadcrumb","itemListElement":[{"@type":"ListItem","position":1,"name":"Home","item":"https:\/\/ilcrogiuolo.it\/it\/"},{"@type":"ListItem","position":2,"name":"Shop","item":"https:\/\/ilcrogiuolo.it\/it\/negozio\/"},{"@type":"ListItem","position":3,"name":"STATUA DIO EGIZIO RA"}]},{"@type":"WebSite","@id":"https:\/\/ilcrogiuolo.it\/it\/#website","url":"https:\/\/ilcrogiuolo.it\/it\/","name":"Il Crogiuolo","description":"","publisher":{"@id":"https:\/\/ilcrogiuolo.it\/it\/#organization"},"potentialAction":[{"@type":"SearchAction","target":{"@type":"EntryPoint","urlTemplate":"https:\/\/ilcrogiuolo.it\/it\/?s={search_term_string}"},"query-input":{"@type":"PropertyValueSpecification","valueRequired":true,"valueName":"search_term_string"}}],"inLanguage":"it-IT"},{"@type":"Organization","@id":"https:\/\/ilcrogiuolo.it\/it\/#organization","name":"Il Crogiuolo","url":"https:\/\/ilcrogiuolo.it\/it\/","logo":{"@type":"ImageObject","inLanguage":"it-IT","@id":"https:\/\/ilcrogiuolo.it\/it\/#\/schema\/logo\/image\/","url":"https:\/\/ilcrogiuolo.it\/wp-content\/uploads\/2020\/04\/logo.png","contentUrl":"https:\/\/ilcrogiuolo.it\/wp-content\/uploads\/2020\/04\/logo.png","width":200,"height":49,"caption":"Il Crogiuolo"},"image":{"@id":"https:\/\/ilcrogiuolo.it\/it\/#\/schema\/logo\/image\/"},"sameAs":["https:\/\/www.facebook.com\/Il-Crogiuolo-681876418491758"]}]}},"_links":{"self":[{"href":"https:\/\/ilcrogiuolo.it\/it\/wp-json\/wp\/v2\/product\/39954","targetHints":{"allow":["GET"]}}],"collection":[{"href":"https:\/\/ilcrogiuolo.it\/it\/wp-json\/wp\/v2\/product"}],"about":[{"href":"https:\/\/ilcrogiuolo.it\/it\/wp-json\/wp\/v2\/types\/product"}],"wp:featuredmedia":[{"embeddable":true,"href":"https:\/\/ilcrogiuolo.it\/it\/wp-json\/wp\/v2\/media\/39957"}],"wp:attachment":[{"href":"https:\/\/ilcrogiuolo.it\/it\/wp-json\/wp\/v2\/media?parent=39954"}],"wp:term":[{"taxonomy":"product_brand","embeddable":true,"href":"https:\/\/ilcrogiuolo.it\/it\/wp-json\/wp\/v2\/product_brand?post=39954"},{"taxonomy":"product_cat","embeddable":true,"href":"https:\/\/ilcrogiuolo.it\/it\/wp-json\/wp\/v2\/product_cat?post=39954"},{"taxonomy":"product_tag","embeddable":true,"href":"https:\/\/ilcrogiuolo.it\/it\/wp-json\/wp\/v2\/product_tag?post=39954"}],"curies":[{"name":"wp","href":"https:\/\/api.w.org\/{rel}","templated":true}]}}