{"id":3918,"date":"2020-01-14T17:07:35","date_gmt":"2020-01-14T16:07:35","guid":{"rendered":"https:\/\/ilcrogiuolo.it\/p\/vivere-la-vecchia-religione-autore-dragon-rouge-pagine-152\/"},"modified":"2023-07-19T11:02:46","modified_gmt":"2023-07-19T09:02:46","slug":"vivere-la-vecchia-religione-autore-dragon-rouge-pagine-152","status":"publish","type":"product","link":"https:\/\/ilcrogiuolo.it\/it\/p\/vivere-la-vecchia-religione-autore-dragon-rouge-pagine-152\/","title":{"rendered":"VIVERE LA VECCHIA RELIGIONE &#8211; Autore: Dragon Rouge &#8211; Pagine 152"},"content":{"rendered":"<p>Questo libro conclude la trilogia dedicata alla Vecchia Religione, che in queste pagine si rivela completamente al lettore, mostrandogli il suo nuovo volto. L\u2019opera svela inoltre il segreto per varcare la soglia che separa i nostri mondi, entrando cos\u00ec in contatto con la realt\u00e0 spirituale, dove potrai sperimentare di persona l\u2019esistenza degli Antichi Dei e stringere con Essi un\u2019alleanza, che dar\u00e0 luogo a dei benefici intesi nel senso pi\u00f9 ampio del termine. Sarai dunque anche tu, un giorno, parte dell\u2019Antica Stirpe? Citazione: &#8220;Ci\u00f2 che, a mio avviso, rende questo libro estremamente diverso da molti altri e particolarmente speciale, \u00e8 che esso spiega, con dovizia di particolari, come varcare la Soglia ed entrare in contatto con gli Antichi Dei, aprendo cos\u00ec un canale privilegiato di comunicazione con la realt\u00e0 spirituale&#8221;. Tra gli argomenti pi\u00f9 importanti contenuti in quest&#8217;opera monumentale si segnalano in particolare: &#8211; Che cos&#8217;\u00e8 la &#8220;realt\u00e0 non ordinaria&#8221; &#8211; Come realizzare un &#8220;ritratto degli Dei&#8221; e scegliere la tua Divinit\u00e0 Patrono (all&#8217;interno il &#8220;ritratto&#8221; completo di 2 Entit\u00e0) &#8211; Come trovare un luogo di Potere &#8211; Come offrire offerte rituali e cominciare ad instaurare un dialogo con una Divinit\u00e0 &#8211; Tre nuove meditazioni &#8211; Come tracciare il confine di uno Spazio Sacro &#8211; Rituale di evocazione di una Divinit\u00e0 (completo ed estremamente dettagliato) &#8211; Le vere origini ed il significato della &#8220;Ruota dell&#8217;anno&#8221; (le otto Feste del Fuoco) &#8211; Rituale per la celebrazione della Festa delle Ombre &#8211; Rituale per la celebrazione del Solstizio d&#8217;inverno &#8211; Rituale per la celebrazione di Lupercalia &#8211; Rituale per la celebrazione dell&#8217;Equinozio di primavera &#8211; Rituale per la celebrazione del Calendimaggio &#8211; Rituale per la celebrazione del Solstizio d&#8217;estate &#8211; Rituale per la celebrazione della Festa del Raccolto &#8211; Rituale per la celebrazione dell&#8217;Equinozio d&#8217;autunno &#8211; Cerimonia dell&#8217;Investitura per la consacrazione di un Sacerdote o di una Sacerdotessa della Vecchia Religione &#8211; Come si crea una Tradizione L&#8217;opera contiene le pratiche di Culto della Vecchia Religione, che possono cominciare ad essere svolte dopo aver terminato la Lezione IV di Autoiniziazione alla Vecchia Religione.<\/p>\n<p><a href=\"https:\/\/www.youtube.com\/watch?v=QVyqV7821RM&amp;feature=emb_logo\" target=\"_blank\" rel=\"noopener noreferrer\">Guarda il video su youtube<\/a><\/p>\n","protected":false},"excerpt":{"rendered":"<p>Questo libro conclude la trilogia dedicata alla Vecchia Religione, che in queste pagine si rivela completamente al lettore, mostrandogli il&#8230;<\/p>\n","protected":false},"featured_media":19842,"template":"","meta":{"_acf_changed":false},"product_brand":[],"product_cat":[1077,1060,1413],"product_tag":[],"class_list":{"0":"post-3918","1":"product","2":"type-product","3":"status-publish","4":"has-post-thumbnail","6":"product_cat-libreria-esoterica-libreria-esoterica","7":"product_cat-libreria-esoterica","8":"product_cat-stregoneria-aradia-edizioni","10":"first","11":"instock","12":"taxable","13":"shipping-taxable","14":"purchasable","15":"product-type-simple","16":"add-to-wishlist-before_image"},"acf":[],"yoast_head":"<!-- This site is optimized with the Yoast SEO plugin v26.9 - https:\/\/yoast.com\/product\/yoast-seo-wordpress\/ -->\n<title>VIVERE LA VECCHIA RELIGIONE - Autore: Dragon Rouge - Pagine 152 - Il Crogiuolo<\/title>\n<meta name=\"description\" content=\"VIVERE LA VECCHIA RELIGIONE - Autore: Dragon Rouge - Pagine 152 Questo libro conclude la trilogia dedicata alla Vecchia Religione, che in queste pagine si rivela completamente al lettore, mostrandogli il suo nuovo\" \/>\n<meta name=\"robots\" content=\"index, follow, max-snippet:-1, max-image-preview:large, max-video-preview:-1\" \/>\n<link rel=\"canonical\" href=\"https:\/\/ilcrogiuolo.it\/it\/p\/vivere-la-vecchia-religione-autore-dragon-rouge-pagine-152\/\" \/>\n<meta property=\"og:locale\" content=\"it_IT\" \/>\n<meta property=\"og:type\" content=\"article\" \/>\n<meta property=\"og:title\" content=\"VIVERE LA VECCHIA RELIGIONE - Autore: Dragon Rouge - Pagine 152 - Il Crogiuolo\" \/>\n<meta property=\"og:description\" content=\"VIVERE LA VECCHIA RELIGIONE - Autore: Dragon Rouge - Pagine 152 Questo libro conclude la trilogia dedicata alla Vecchia Religione, che in queste pagine si rivela completamente al lettore, mostrandogli il suo nuovo\" \/>\n<meta property=\"og:url\" content=\"https:\/\/ilcrogiuolo.it\/it\/p\/vivere-la-vecchia-religione-autore-dragon-rouge-pagine-152\/\" \/>\n<meta property=\"og:site_name\" content=\"Il Crogiuolo\" \/>\n<meta property=\"article:publisher\" content=\"https:\/\/www.facebook.com\/Il-Crogiuolo-681876418491758\" \/>\n<meta property=\"article:modified_time\" content=\"2023-07-19T09:02:46+00:00\" \/>\n<meta property=\"og:image\" content=\"https:\/\/ilcrogiuolo.it\/wp-content\/uploads\/2020\/01\/Vivere_la_VR_50doccol-1.jpg\" \/>\n\t<meta property=\"og:image:width\" content=\"627\" \/>\n\t<meta property=\"og:image:height\" content=\"600\" \/>\n\t<meta property=\"og:image:type\" content=\"image\/jpeg\" \/>\n<meta name=\"twitter:card\" content=\"summary_large_image\" \/>\n<meta name=\"twitter:label1\" content=\"Tempo di lettura stimato\" \/>\n\t<meta name=\"twitter:data1\" content=\"2 minuti\" \/>\n<script type=\"application\/ld+json\" class=\"yoast-schema-graph\">{\"@context\":\"https:\/\/schema.org\",\"@graph\":[{\"@type\":\"WebPage\",\"@id\":\"https:\/\/ilcrogiuolo.it\/it\/p\/vivere-la-vecchia-religione-autore-dragon-rouge-pagine-152\/\",\"url\":\"https:\/\/ilcrogiuolo.it\/it\/p\/vivere-la-vecchia-religione-autore-dragon-rouge-pagine-152\/\",\"name\":\"VIVERE LA VECCHIA RELIGIONE - Autore: Dragon Rouge - Pagine 152 - Il Crogiuolo\",\"isPartOf\":{\"@id\":\"https:\/\/ilcrogiuolo.it\/it\/#website\"},\"primaryImageOfPage\":{\"@id\":\"https:\/\/ilcrogiuolo.it\/it\/p\/vivere-la-vecchia-religione-autore-dragon-rouge-pagine-152\/#primaryimage\"},\"image\":{\"@id\":\"https:\/\/ilcrogiuolo.it\/it\/p\/vivere-la-vecchia-religione-autore-dragon-rouge-pagine-152\/#primaryimage\"},\"thumbnailUrl\":\"https:\/\/ilcrogiuolo.it\/wp-content\/uploads\/2020\/01\/Vivere_la_VR_50doccol-1.jpg\",\"datePublished\":\"2020-01-14T16:07:35+00:00\",\"dateModified\":\"2023-07-19T09:02:46+00:00\",\"description\":\"VIVERE LA VECCHIA RELIGIONE - Autore: Dragon Rouge - Pagine 152 Questo libro conclude la trilogia dedicata alla Vecchia Religione, che in queste pagine si rivela completamente al lettore, mostrandogli il suo nuovo\",\"breadcrumb\":{\"@id\":\"https:\/\/ilcrogiuolo.it\/it\/p\/vivere-la-vecchia-religione-autore-dragon-rouge-pagine-152\/#breadcrumb\"},\"inLanguage\":\"it-IT\",\"potentialAction\":[{\"@type\":\"ReadAction\",\"target\":[\"https:\/\/ilcrogiuolo.it\/it\/p\/vivere-la-vecchia-religione-autore-dragon-rouge-pagine-152\/\"]}]},{\"@type\":\"ImageObject\",\"inLanguage\":\"it-IT\",\"@id\":\"https:\/\/ilcrogiuolo.it\/it\/p\/vivere-la-vecchia-religione-autore-dragon-rouge-pagine-152\/#primaryimage\",\"url\":\"https:\/\/ilcrogiuolo.it\/wp-content\/uploads\/2020\/01\/Vivere_la_VR_50doccol-1.jpg\",\"contentUrl\":\"https:\/\/ilcrogiuolo.it\/wp-content\/uploads\/2020\/01\/Vivere_la_VR_50doccol-1.jpg\",\"width\":627,\"height\":600},{\"@type\":\"BreadcrumbList\",\"@id\":\"https:\/\/ilcrogiuolo.it\/it\/p\/vivere-la-vecchia-religione-autore-dragon-rouge-pagine-152\/#breadcrumb\",\"itemListElement\":[{\"@type\":\"ListItem\",\"position\":1,\"name\":\"Home\",\"item\":\"https:\/\/ilcrogiuolo.it\/it\/\"},{\"@type\":\"ListItem\",\"position\":2,\"name\":\"Shop\",\"item\":\"https:\/\/ilcrogiuolo.it\/it\/negozio\/\"},{\"@type\":\"ListItem\",\"position\":3,\"name\":\"VIVERE LA VECCHIA RELIGIONE &#8211; Autore: Dragon Rouge &#8211; Pagine 152\"}]},{\"@type\":\"WebSite\",\"@id\":\"https:\/\/ilcrogiuolo.it\/it\/#website\",\"url\":\"https:\/\/ilcrogiuolo.it\/it\/\",\"name\":\"Il Crogiuolo\",\"description\":\"\",\"publisher\":{\"@id\":\"https:\/\/ilcrogiuolo.it\/it\/#organization\"},\"potentialAction\":[{\"@type\":\"SearchAction\",\"target\":{\"@type\":\"EntryPoint\",\"urlTemplate\":\"https:\/\/ilcrogiuolo.it\/it\/?s={search_term_string}\"},\"query-input\":{\"@type\":\"PropertyValueSpecification\",\"valueRequired\":true,\"valueName\":\"search_term_string\"}}],\"inLanguage\":\"it-IT\"},{\"@type\":\"Organization\",\"@id\":\"https:\/\/ilcrogiuolo.it\/it\/#organization\",\"name\":\"Il Crogiuolo\",\"url\":\"https:\/\/ilcrogiuolo.it\/it\/\",\"logo\":{\"@type\":\"ImageObject\",\"inLanguage\":\"it-IT\",\"@id\":\"https:\/\/ilcrogiuolo.it\/it\/#\/schema\/logo\/image\/\",\"url\":\"https:\/\/ilcrogiuolo.it\/wp-content\/uploads\/2020\/04\/logo.png\",\"contentUrl\":\"https:\/\/ilcrogiuolo.it\/wp-content\/uploads\/2020\/04\/logo.png\",\"width\":200,\"height\":49,\"caption\":\"Il Crogiuolo\"},\"image\":{\"@id\":\"https:\/\/ilcrogiuolo.it\/it\/#\/schema\/logo\/image\/\"},\"sameAs\":[\"https:\/\/www.facebook.com\/Il-Crogiuolo-681876418491758\"]}]}<\/script>\n<!-- \/ Yoast SEO plugin. -->","yoast_head_json":{"title":"VIVERE LA VECCHIA RELIGIONE - Autore: Dragon Rouge - Pagine 152 - Il Crogiuolo","description":"VIVERE LA VECCHIA RELIGIONE - Autore: Dragon Rouge - Pagine 152 Questo libro conclude la trilogia dedicata alla Vecchia Religione, che in queste pagine si rivela completamente al lettore, mostrandogli il suo nuovo","robots":{"index":"index","follow":"follow","max-snippet":"max-snippet:-1","max-image-preview":"max-image-preview:large","max-video-preview":"max-video-preview:-1"},"canonical":"https:\/\/ilcrogiuolo.it\/it\/p\/vivere-la-vecchia-religione-autore-dragon-rouge-pagine-152\/","og_locale":"it_IT","og_type":"article","og_title":"VIVERE LA VECCHIA RELIGIONE - Autore: Dragon Rouge - Pagine 152 - Il Crogiuolo","og_description":"VIVERE LA VECCHIA RELIGIONE - Autore: Dragon Rouge - Pagine 152 Questo libro conclude la trilogia dedicata alla Vecchia Religione, che in queste pagine si rivela completamente al lettore, mostrandogli il suo nuovo","og_url":"https:\/\/ilcrogiuolo.it\/it\/p\/vivere-la-vecchia-religione-autore-dragon-rouge-pagine-152\/","og_site_name":"Il Crogiuolo","article_publisher":"https:\/\/www.facebook.com\/Il-Crogiuolo-681876418491758","article_modified_time":"2023-07-19T09:02:46+00:00","og_image":[{"width":627,"height":600,"url":"https:\/\/ilcrogiuolo.it\/wp-content\/uploads\/2020\/01\/Vivere_la_VR_50doccol-1.jpg","type":"image\/jpeg"}],"twitter_card":"summary_large_image","twitter_misc":{"Tempo di lettura stimato":"2 minuti"},"schema":{"@context":"https:\/\/schema.org","@graph":[{"@type":"WebPage","@id":"https:\/\/ilcrogiuolo.it\/it\/p\/vivere-la-vecchia-religione-autore-dragon-rouge-pagine-152\/","url":"https:\/\/ilcrogiuolo.it\/it\/p\/vivere-la-vecchia-religione-autore-dragon-rouge-pagine-152\/","name":"VIVERE LA VECCHIA RELIGIONE - Autore: Dragon Rouge - Pagine 152 - Il Crogiuolo","isPartOf":{"@id":"https:\/\/ilcrogiuolo.it\/it\/#website"},"primaryImageOfPage":{"@id":"https:\/\/ilcrogiuolo.it\/it\/p\/vivere-la-vecchia-religione-autore-dragon-rouge-pagine-152\/#primaryimage"},"image":{"@id":"https:\/\/ilcrogiuolo.it\/it\/p\/vivere-la-vecchia-religione-autore-dragon-rouge-pagine-152\/#primaryimage"},"thumbnailUrl":"https:\/\/ilcrogiuolo.it\/wp-content\/uploads\/2020\/01\/Vivere_la_VR_50doccol-1.jpg","datePublished":"2020-01-14T16:07:35+00:00","dateModified":"2023-07-19T09:02:46+00:00","description":"VIVERE LA VECCHIA RELIGIONE - Autore: Dragon Rouge - Pagine 152 Questo libro conclude la trilogia dedicata alla Vecchia Religione, che in queste pagine si rivela completamente al lettore, mostrandogli il suo nuovo","breadcrumb":{"@id":"https:\/\/ilcrogiuolo.it\/it\/p\/vivere-la-vecchia-religione-autore-dragon-rouge-pagine-152\/#breadcrumb"},"inLanguage":"it-IT","potentialAction":[{"@type":"ReadAction","target":["https:\/\/ilcrogiuolo.it\/it\/p\/vivere-la-vecchia-religione-autore-dragon-rouge-pagine-152\/"]}]},{"@type":"ImageObject","inLanguage":"it-IT","@id":"https:\/\/ilcrogiuolo.it\/it\/p\/vivere-la-vecchia-religione-autore-dragon-rouge-pagine-152\/#primaryimage","url":"https:\/\/ilcrogiuolo.it\/wp-content\/uploads\/2020\/01\/Vivere_la_VR_50doccol-1.jpg","contentUrl":"https:\/\/ilcrogiuolo.it\/wp-content\/uploads\/2020\/01\/Vivere_la_VR_50doccol-1.jpg","width":627,"height":600},{"@type":"BreadcrumbList","@id":"https:\/\/ilcrogiuolo.it\/it\/p\/vivere-la-vecchia-religione-autore-dragon-rouge-pagine-152\/#breadcrumb","itemListElement":[{"@type":"ListItem","position":1,"name":"Home","item":"https:\/\/ilcrogiuolo.it\/it\/"},{"@type":"ListItem","position":2,"name":"Shop","item":"https:\/\/ilcrogiuolo.it\/it\/negozio\/"},{"@type":"ListItem","position":3,"name":"VIVERE LA VECCHIA RELIGIONE &#8211; Autore: Dragon Rouge &#8211; Pagine 152"}]},{"@type":"WebSite","@id":"https:\/\/ilcrogiuolo.it\/it\/#website","url":"https:\/\/ilcrogiuolo.it\/it\/","name":"Il Crogiuolo","description":"","publisher":{"@id":"https:\/\/ilcrogiuolo.it\/it\/#organization"},"potentialAction":[{"@type":"SearchAction","target":{"@type":"EntryPoint","urlTemplate":"https:\/\/ilcrogiuolo.it\/it\/?s={search_term_string}"},"query-input":{"@type":"PropertyValueSpecification","valueRequired":true,"valueName":"search_term_string"}}],"inLanguage":"it-IT"},{"@type":"Organization","@id":"https:\/\/ilcrogiuolo.it\/it\/#organization","name":"Il Crogiuolo","url":"https:\/\/ilcrogiuolo.it\/it\/","logo":{"@type":"ImageObject","inLanguage":"it-IT","@id":"https:\/\/ilcrogiuolo.it\/it\/#\/schema\/logo\/image\/","url":"https:\/\/ilcrogiuolo.it\/wp-content\/uploads\/2020\/04\/logo.png","contentUrl":"https:\/\/ilcrogiuolo.it\/wp-content\/uploads\/2020\/04\/logo.png","width":200,"height":49,"caption":"Il Crogiuolo"},"image":{"@id":"https:\/\/ilcrogiuolo.it\/it\/#\/schema\/logo\/image\/"},"sameAs":["https:\/\/www.facebook.com\/Il-Crogiuolo-681876418491758"]}]}},"_links":{"self":[{"href":"https:\/\/ilcrogiuolo.it\/it\/wp-json\/wp\/v2\/product\/3918","targetHints":{"allow":["GET"]}}],"collection":[{"href":"https:\/\/ilcrogiuolo.it\/it\/wp-json\/wp\/v2\/product"}],"about":[{"href":"https:\/\/ilcrogiuolo.it\/it\/wp-json\/wp\/v2\/types\/product"}],"wp:featuredmedia":[{"embeddable":true,"href":"https:\/\/ilcrogiuolo.it\/it\/wp-json\/wp\/v2\/media\/19842"}],"wp:attachment":[{"href":"https:\/\/ilcrogiuolo.it\/it\/wp-json\/wp\/v2\/media?parent=3918"}],"wp:term":[{"taxonomy":"product_brand","embeddable":true,"href":"https:\/\/ilcrogiuolo.it\/it\/wp-json\/wp\/v2\/product_brand?post=3918"},{"taxonomy":"product_cat","embeddable":true,"href":"https:\/\/ilcrogiuolo.it\/it\/wp-json\/wp\/v2\/product_cat?post=3918"},{"taxonomy":"product_tag","embeddable":true,"href":"https:\/\/ilcrogiuolo.it\/it\/wp-json\/wp\/v2\/product_tag?post=3918"}],"curies":[{"name":"wp","href":"https:\/\/api.w.org\/{rel}","templated":true}]}}