{"id":38229,"date":"2022-07-29T11:19:51","date_gmt":"2022-07-29T09:19:51","guid":{"rendered":"https:\/\/ilcrogiuolo.it\/?post_type=product&#038;p=38229"},"modified":"2026-01-27T14:46:29","modified_gmt":"2026-01-27T13:46:29","slug":"merkaba-grande-8-cm-orgonite","status":"publish","type":"product","link":"https:\/\/ilcrogiuolo.it\/it\/p\/merkaba-grande-8-cm-orgonite\/","title":{"rendered":"MERKABA GRANDE 8 cm Orgonite"},"content":{"rendered":"<p>Questo oggetto racchiude le potenazialit\u00e0 della Merkaba con quelle dell&#8217;orgonite. Orgone \u00e8 un termine coniato dallo psichiatra e psicoanalista Wilhelm Reich (1897-1957) per definire una ipotetica forma di energia che descrisse in alcuni esperimenti pubblicati alla fine degli anni trenta. Egli afferm\u00f2 che l&#8217;energia dell&#8217;orgone (o energia orgonica) permeava tutto lo spazio, era di colore blu e che certe forme di malattia erano la conseguenza dell&#8217;impoverimento o del blocco dell&#8217;energia all&#8217;interno del corpo. Con il termine \u00abOrgonite\u00bb si fa riferimento invece ad un particolare materiale che fu il prodotto di molteplici osservazioni fatte da alcuni ricercatori indipendenti negli anni 80, l\u2019austriaco Karl Welz e l\u2019americano Don Croft.La parola \u00abOrgonite\u00bb tuttavia fu coniata dallo stesso Welz che solitamente ne \u00e8 anche considerato l\u2019inventore.Nello specifico questo ricercatore scopr\u00ec che piccoli frammenti di metallo sospesi in resina epossidica indurita producevano un materiale il cui effetto \u00e8 molto simile a quello sperimentato da Reich nei suoi accumulatori orgonici (ORAC) costituiti da una sovrapposizione di strati di materiali organici e fogli metallici.<\/p>\n<p>Il termine Merkaba ha origini bibliche: Mer (luce), Ka (Spirito o energia), Ba (l&#8217;organismo o io fisico). In ebraico significa \u201cil trono di Dio\u201d o il \u201cil carro\u201d che trasporta l\u2019essere umano in una nuova dimensione. La Merkaba aiuta le persone nella crescita spirituale e ci collega con il nostro s\u00e9 superiore (cio\u00e8 noi stessi ad un livello superiore di coscienza). La Merkaba permette di sentire l&#8217;amore incondizionato di guarigione olistica per noi stessi e per il prossimo. La Merkaba pu\u00f2 essere tradizionalmente &#8220;programmata&#8221; per ottenere qualsiasi scopo. \u00c8 considerata anche uno strumento che pu\u00f2 essere utilizzato per entrare in altre dimensioni. Perfetto per auto-guarigione, reiki e tecniche meditative. Merkaba \u00e8 un campo di energia altamente spirituale, presente in tutti ma in una fase latente o \u2018addormentata\u2019.<br \/>\nTramite la merkaba possiamo riconnetterci a Dio, al Tutto a ci\u00f2 cui apparteniamo ma di cui abbiamo perso il contatto, vivendo in questa realt\u00e0 dominata dall\u2019ego e dalla separazione. E\u2019 un metodo veloce per passare dalla terza alla quarta dimensione, per fare un \u201csalto quantico\u201d da un livello energetico ad uno pi\u00f9 elevato.<br \/>\nGrazie alla merkaba si pu\u00f2 quindi alzare il proprio livello di consapevolezza e ampliare le possibilit\u00e0 di creare cose e situazioni anche nella vita della terza dimensione, come anche ci si pu\u00f2 caricare di energia pranica utile per la nostra salute. Per fortuna c\u2019\u00e8 una sicurezza intrinseca nell\u2019attivazione della merkaba, e quindi nell\u2019impossibilit\u00e0 di usare la merkaba a fini negativi, che consiste nell\u2019amore: solo con l\u2019amore, e con l\u2019amore di tipo universale e disinteressato (quello che gli antiche chiamavano \u201cagape\u201d) si pu\u00f2 attivare e sviluppare la merkaba.<\/p>\n","protected":false},"excerpt":{"rendered":"<p>Questo oggetto racchiude le potenazialit\u00e0 della Merkaba con quelle dell&#8217;orgonite. Orgone \u00e8 un termine coniato dallo psichiatra e psicoanalista Wilhelm&#8230;<\/p>\n","protected":false},"featured_media":38231,"template":"","meta":{"_acf_changed":false},"product_brand":[],"product_cat":[1110,1516,1065],"product_tag":[],"class_list":{"0":"post-38229","1":"product","2":"type-product","3":"status-publish","4":"has-post-thumbnail","6":"product_cat-boji-stones-moqui-marble","7":"product_cat-boji-stones-moqui-marble-boji-stones-moqui-marble","8":"product_cat-botanica-pietre","10":"first","11":"outofstock","12":"taxable","13":"shipping-taxable","14":"purchasable","15":"product-type-simple","16":"add-to-wishlist-before_image"},"acf":[],"yoast_head":"<!-- This site is optimized with the Yoast SEO plugin v26.9 - https:\/\/yoast.com\/product\/yoast-seo-wordpress\/ -->\n<title>MERKABA GRANDE 8 cm Orgonite - Il Crogiuolo<\/title>\n<meta name=\"description\" content=\"MERKABA GRANDE 8 cm Orgonite Questo oggetto racchiude le potenazialit\u00e0 della Merkaba con quelle dell&#039;orgonite. Orgone \u00e8 un termine coniato dallo psichiatra e psicoanalista Wilhelm\" \/>\n<meta name=\"robots\" content=\"index, follow, max-snippet:-1, max-image-preview:large, max-video-preview:-1\" \/>\n<link rel=\"canonical\" href=\"https:\/\/ilcrogiuolo.it\/it\/p\/merkaba-grande-8-cm-orgonite\/\" \/>\n<meta property=\"og:locale\" content=\"it_IT\" \/>\n<meta property=\"og:type\" content=\"article\" \/>\n<meta property=\"og:title\" content=\"MERKABA GRANDE 8 cm Orgonite - Il Crogiuolo\" \/>\n<meta property=\"og:description\" content=\"MERKABA GRANDE 8 cm Orgonite Questo oggetto racchiude le potenazialit\u00e0 della Merkaba con quelle dell&#039;orgonite. Orgone \u00e8 un termine coniato dallo psichiatra e psicoanalista Wilhelm\" \/>\n<meta property=\"og:url\" content=\"https:\/\/ilcrogiuolo.it\/it\/p\/merkaba-grande-8-cm-orgonite\/\" \/>\n<meta property=\"og:site_name\" content=\"Il Crogiuolo\" \/>\n<meta property=\"article:publisher\" content=\"https:\/\/www.facebook.com\/Il-Crogiuolo-681876418491758\" \/>\n<meta property=\"article:modified_time\" content=\"2026-01-27T13:46:29+00:00\" \/>\n<meta property=\"og:image\" content=\"https:\/\/ilcrogiuolo.it\/wp-content\/uploads\/2022\/07\/MERKABA-1.png\" \/>\n\t<meta property=\"og:image:width\" content=\"1000\" \/>\n\t<meta property=\"og:image:height\" content=\"1000\" \/>\n\t<meta property=\"og:image:type\" content=\"image\/png\" \/>\n<meta name=\"twitter:card\" content=\"summary_large_image\" \/>\n<meta name=\"twitter:label1\" content=\"Tempo di lettura stimato\" \/>\n\t<meta name=\"twitter:data1\" content=\"3 minuti\" \/>\n<script type=\"application\/ld+json\" class=\"yoast-schema-graph\">{\"@context\":\"https:\/\/schema.org\",\"@graph\":[{\"@type\":\"WebPage\",\"@id\":\"https:\/\/ilcrogiuolo.it\/it\/p\/merkaba-grande-8-cm-orgonite\/\",\"url\":\"https:\/\/ilcrogiuolo.it\/it\/p\/merkaba-grande-8-cm-orgonite\/\",\"name\":\"MERKABA GRANDE 8 cm Orgonite - Il Crogiuolo\",\"isPartOf\":{\"@id\":\"https:\/\/ilcrogiuolo.it\/it\/#website\"},\"primaryImageOfPage\":{\"@id\":\"https:\/\/ilcrogiuolo.it\/it\/p\/merkaba-grande-8-cm-orgonite\/#primaryimage\"},\"image\":{\"@id\":\"https:\/\/ilcrogiuolo.it\/it\/p\/merkaba-grande-8-cm-orgonite\/#primaryimage\"},\"thumbnailUrl\":\"https:\/\/ilcrogiuolo.it\/wp-content\/uploads\/2022\/07\/MERKABA-1.png\",\"datePublished\":\"2022-07-29T09:19:51+00:00\",\"dateModified\":\"2026-01-27T13:46:29+00:00\",\"description\":\"MERKABA GRANDE 8 cm Orgonite Questo oggetto racchiude le potenazialit\u00e0 della Merkaba con quelle dell'orgonite. Orgone \u00e8 un termine coniato dallo psichiatra e psicoanalista Wilhelm\",\"breadcrumb\":{\"@id\":\"https:\/\/ilcrogiuolo.it\/it\/p\/merkaba-grande-8-cm-orgonite\/#breadcrumb\"},\"inLanguage\":\"it-IT\",\"potentialAction\":[{\"@type\":\"ReadAction\",\"target\":[\"https:\/\/ilcrogiuolo.it\/it\/p\/merkaba-grande-8-cm-orgonite\/\"]}]},{\"@type\":\"ImageObject\",\"inLanguage\":\"it-IT\",\"@id\":\"https:\/\/ilcrogiuolo.it\/it\/p\/merkaba-grande-8-cm-orgonite\/#primaryimage\",\"url\":\"https:\/\/ilcrogiuolo.it\/wp-content\/uploads\/2022\/07\/MERKABA-1.png\",\"contentUrl\":\"https:\/\/ilcrogiuolo.it\/wp-content\/uploads\/2022\/07\/MERKABA-1.png\",\"width\":1000,\"height\":1000},{\"@type\":\"BreadcrumbList\",\"@id\":\"https:\/\/ilcrogiuolo.it\/it\/p\/merkaba-grande-8-cm-orgonite\/#breadcrumb\",\"itemListElement\":[{\"@type\":\"ListItem\",\"position\":1,\"name\":\"Home\",\"item\":\"https:\/\/ilcrogiuolo.it\/it\/\"},{\"@type\":\"ListItem\",\"position\":2,\"name\":\"Shop\",\"item\":\"https:\/\/ilcrogiuolo.it\/it\/negozio\/\"},{\"@type\":\"ListItem\",\"position\":3,\"name\":\"MERKABA GRANDE 8 cm Orgonite\"}]},{\"@type\":\"WebSite\",\"@id\":\"https:\/\/ilcrogiuolo.it\/it\/#website\",\"url\":\"https:\/\/ilcrogiuolo.it\/it\/\",\"name\":\"Il Crogiuolo\",\"description\":\"\",\"publisher\":{\"@id\":\"https:\/\/ilcrogiuolo.it\/it\/#organization\"},\"potentialAction\":[{\"@type\":\"SearchAction\",\"target\":{\"@type\":\"EntryPoint\",\"urlTemplate\":\"https:\/\/ilcrogiuolo.it\/it\/?s={search_term_string}\"},\"query-input\":{\"@type\":\"PropertyValueSpecification\",\"valueRequired\":true,\"valueName\":\"search_term_string\"}}],\"inLanguage\":\"it-IT\"},{\"@type\":\"Organization\",\"@id\":\"https:\/\/ilcrogiuolo.it\/it\/#organization\",\"name\":\"Il Crogiuolo\",\"url\":\"https:\/\/ilcrogiuolo.it\/it\/\",\"logo\":{\"@type\":\"ImageObject\",\"inLanguage\":\"it-IT\",\"@id\":\"https:\/\/ilcrogiuolo.it\/it\/#\/schema\/logo\/image\/\",\"url\":\"https:\/\/ilcrogiuolo.it\/wp-content\/uploads\/2020\/04\/logo.png\",\"contentUrl\":\"https:\/\/ilcrogiuolo.it\/wp-content\/uploads\/2020\/04\/logo.png\",\"width\":200,\"height\":49,\"caption\":\"Il Crogiuolo\"},\"image\":{\"@id\":\"https:\/\/ilcrogiuolo.it\/it\/#\/schema\/logo\/image\/\"},\"sameAs\":[\"https:\/\/www.facebook.com\/Il-Crogiuolo-681876418491758\"]}]}<\/script>\n<!-- \/ Yoast SEO plugin. -->","yoast_head_json":{"title":"MERKABA GRANDE 8 cm Orgonite - Il Crogiuolo","description":"MERKABA GRANDE 8 cm Orgonite Questo oggetto racchiude le potenazialit\u00e0 della Merkaba con quelle dell'orgonite. Orgone \u00e8 un termine coniato dallo psichiatra e psicoanalista Wilhelm","robots":{"index":"index","follow":"follow","max-snippet":"max-snippet:-1","max-image-preview":"max-image-preview:large","max-video-preview":"max-video-preview:-1"},"canonical":"https:\/\/ilcrogiuolo.it\/it\/p\/merkaba-grande-8-cm-orgonite\/","og_locale":"it_IT","og_type":"article","og_title":"MERKABA GRANDE 8 cm Orgonite - Il Crogiuolo","og_description":"MERKABA GRANDE 8 cm Orgonite Questo oggetto racchiude le potenazialit\u00e0 della Merkaba con quelle dell'orgonite. Orgone \u00e8 un termine coniato dallo psichiatra e psicoanalista Wilhelm","og_url":"https:\/\/ilcrogiuolo.it\/it\/p\/merkaba-grande-8-cm-orgonite\/","og_site_name":"Il Crogiuolo","article_publisher":"https:\/\/www.facebook.com\/Il-Crogiuolo-681876418491758","article_modified_time":"2026-01-27T13:46:29+00:00","og_image":[{"width":1000,"height":1000,"url":"https:\/\/ilcrogiuolo.it\/wp-content\/uploads\/2022\/07\/MERKABA-1.png","type":"image\/png"}],"twitter_card":"summary_large_image","twitter_misc":{"Tempo di lettura stimato":"3 minuti"},"schema":{"@context":"https:\/\/schema.org","@graph":[{"@type":"WebPage","@id":"https:\/\/ilcrogiuolo.it\/it\/p\/merkaba-grande-8-cm-orgonite\/","url":"https:\/\/ilcrogiuolo.it\/it\/p\/merkaba-grande-8-cm-orgonite\/","name":"MERKABA GRANDE 8 cm Orgonite - Il Crogiuolo","isPartOf":{"@id":"https:\/\/ilcrogiuolo.it\/it\/#website"},"primaryImageOfPage":{"@id":"https:\/\/ilcrogiuolo.it\/it\/p\/merkaba-grande-8-cm-orgonite\/#primaryimage"},"image":{"@id":"https:\/\/ilcrogiuolo.it\/it\/p\/merkaba-grande-8-cm-orgonite\/#primaryimage"},"thumbnailUrl":"https:\/\/ilcrogiuolo.it\/wp-content\/uploads\/2022\/07\/MERKABA-1.png","datePublished":"2022-07-29T09:19:51+00:00","dateModified":"2026-01-27T13:46:29+00:00","description":"MERKABA GRANDE 8 cm Orgonite Questo oggetto racchiude le potenazialit\u00e0 della Merkaba con quelle dell'orgonite. Orgone \u00e8 un termine coniato dallo psichiatra e psicoanalista Wilhelm","breadcrumb":{"@id":"https:\/\/ilcrogiuolo.it\/it\/p\/merkaba-grande-8-cm-orgonite\/#breadcrumb"},"inLanguage":"it-IT","potentialAction":[{"@type":"ReadAction","target":["https:\/\/ilcrogiuolo.it\/it\/p\/merkaba-grande-8-cm-orgonite\/"]}]},{"@type":"ImageObject","inLanguage":"it-IT","@id":"https:\/\/ilcrogiuolo.it\/it\/p\/merkaba-grande-8-cm-orgonite\/#primaryimage","url":"https:\/\/ilcrogiuolo.it\/wp-content\/uploads\/2022\/07\/MERKABA-1.png","contentUrl":"https:\/\/ilcrogiuolo.it\/wp-content\/uploads\/2022\/07\/MERKABA-1.png","width":1000,"height":1000},{"@type":"BreadcrumbList","@id":"https:\/\/ilcrogiuolo.it\/it\/p\/merkaba-grande-8-cm-orgonite\/#breadcrumb","itemListElement":[{"@type":"ListItem","position":1,"name":"Home","item":"https:\/\/ilcrogiuolo.it\/it\/"},{"@type":"ListItem","position":2,"name":"Shop","item":"https:\/\/ilcrogiuolo.it\/it\/negozio\/"},{"@type":"ListItem","position":3,"name":"MERKABA GRANDE 8 cm Orgonite"}]},{"@type":"WebSite","@id":"https:\/\/ilcrogiuolo.it\/it\/#website","url":"https:\/\/ilcrogiuolo.it\/it\/","name":"Il Crogiuolo","description":"","publisher":{"@id":"https:\/\/ilcrogiuolo.it\/it\/#organization"},"potentialAction":[{"@type":"SearchAction","target":{"@type":"EntryPoint","urlTemplate":"https:\/\/ilcrogiuolo.it\/it\/?s={search_term_string}"},"query-input":{"@type":"PropertyValueSpecification","valueRequired":true,"valueName":"search_term_string"}}],"inLanguage":"it-IT"},{"@type":"Organization","@id":"https:\/\/ilcrogiuolo.it\/it\/#organization","name":"Il Crogiuolo","url":"https:\/\/ilcrogiuolo.it\/it\/","logo":{"@type":"ImageObject","inLanguage":"it-IT","@id":"https:\/\/ilcrogiuolo.it\/it\/#\/schema\/logo\/image\/","url":"https:\/\/ilcrogiuolo.it\/wp-content\/uploads\/2020\/04\/logo.png","contentUrl":"https:\/\/ilcrogiuolo.it\/wp-content\/uploads\/2020\/04\/logo.png","width":200,"height":49,"caption":"Il Crogiuolo"},"image":{"@id":"https:\/\/ilcrogiuolo.it\/it\/#\/schema\/logo\/image\/"},"sameAs":["https:\/\/www.facebook.com\/Il-Crogiuolo-681876418491758"]}]}},"_links":{"self":[{"href":"https:\/\/ilcrogiuolo.it\/it\/wp-json\/wp\/v2\/product\/38229","targetHints":{"allow":["GET"]}}],"collection":[{"href":"https:\/\/ilcrogiuolo.it\/it\/wp-json\/wp\/v2\/product"}],"about":[{"href":"https:\/\/ilcrogiuolo.it\/it\/wp-json\/wp\/v2\/types\/product"}],"wp:featuredmedia":[{"embeddable":true,"href":"https:\/\/ilcrogiuolo.it\/it\/wp-json\/wp\/v2\/media\/38231"}],"wp:attachment":[{"href":"https:\/\/ilcrogiuolo.it\/it\/wp-json\/wp\/v2\/media?parent=38229"}],"wp:term":[{"taxonomy":"product_brand","embeddable":true,"href":"https:\/\/ilcrogiuolo.it\/it\/wp-json\/wp\/v2\/product_brand?post=38229"},{"taxonomy":"product_cat","embeddable":true,"href":"https:\/\/ilcrogiuolo.it\/it\/wp-json\/wp\/v2\/product_cat?post=38229"},{"taxonomy":"product_tag","embeddable":true,"href":"https:\/\/ilcrogiuolo.it\/it\/wp-json\/wp\/v2\/product_tag?post=38229"}],"curies":[{"name":"wp","href":"https:\/\/api.w.org\/{rel}","templated":true}]}}