{"id":38200,"date":"2022-07-26T16:04:29","date_gmt":"2022-07-26T14:04:29","guid":{"rendered":"https:\/\/ilcrogiuolo.it\/?post_type=product&#038;p=38200"},"modified":"2022-07-26T16:09:15","modified_gmt":"2022-07-26T14:09:15","slug":"panno-cerimoniale-veve-papa-candelo","status":"publish","type":"product","link":"https:\/\/ilcrogiuolo.it\/it\/p\/panno-cerimoniale-veve-papa-candelo\/","title":{"rendered":"Panno cerimoniale Veve Papa Candelo"},"content":{"rendered":"<p>Meraviglioso panno cerimoniale in tessuto stampato, a colori, con motivi decorativi vudu e relativo vev\u00e8. Ottimi per decorare altari, come stendardo rituale o come supporto alla ritualistica vud\u00f9. Ogni panno riproduce al centro il vev\u00e8 per facilitare la tracciatura dei sigilli durante i rituali. I colori e le decorazioni sono a tema con le varie entit\u00e0 a cui sono dedicati. Ideali anche come offerta ai lw\u00e0 nelle cerimonie e nei servizi spirituali. Misura 38&#215;38 cm.<\/p>\n<p>Pap\u00e0 Candelo (Munsi\u00e9 Candel\u00f9 ad Haiti) \u00e8 lo spirito del fuoco nel Vodou Dominicano delle 21 Divisioni, ma il suo culto \u00e8 presente anche in quello Haitiano. Questo stendardo riproduce uno dei suoi sigilli (vev\u00e8).<\/p>\n","protected":false},"excerpt":{"rendered":"<p>Meraviglioso panno cerimoniale in tessuto stampato, a colori, con motivi decorativi vudu e relativo vev\u00e8. Ottimi per decorare altari, come&#8230;<\/p>\n","protected":false},"featured_media":38202,"template":"","meta":{"_acf_changed":false},"product_brand":[],"product_cat":[1101,1480,1063],"product_tag":[],"class_list":{"0":"post-38200","1":"product","2":"type-product","3":"status-publish","4":"has-post-thumbnail","6":"product_cat-panni-cerimoniali-panni-rituali-e-nastri","7":"product_cat-panno-cerimoniale-stendardo","8":"product_cat-strumenti-rituali","10":"first","11":"instock","12":"taxable","13":"shipping-taxable","14":"purchasable","15":"product-type-simple","16":"add-to-wishlist-before_image"},"acf":[],"yoast_head":"<!-- This site is optimized with the Yoast SEO plugin v26.9 - https:\/\/yoast.com\/product\/yoast-seo-wordpress\/ -->\n<title>Panno cerimoniale Veve Papa Candelo - Il Crogiuolo<\/title>\n<meta name=\"description\" content=\"Panno cerimoniale Veve Papa Candelo Meraviglioso panno cerimoniale in tessuto stampato, a colori, con motivi decorativi vudu e relativo vev\u00e8. Ottimi per decorare altari, come stendardo\" \/>\n<meta name=\"robots\" content=\"index, follow, max-snippet:-1, max-image-preview:large, max-video-preview:-1\" \/>\n<link rel=\"canonical\" href=\"https:\/\/ilcrogiuolo.it\/it\/p\/panno-cerimoniale-veve-papa-candelo\/\" \/>\n<meta property=\"og:locale\" content=\"it_IT\" \/>\n<meta property=\"og:type\" content=\"article\" \/>\n<meta property=\"og:title\" content=\"Panno cerimoniale Veve Papa Candelo - Il Crogiuolo\" \/>\n<meta property=\"og:description\" content=\"Panno cerimoniale Veve Papa Candelo Meraviglioso panno cerimoniale in tessuto stampato, a colori, con motivi decorativi vudu e relativo vev\u00e8. Ottimi per decorare altari, come stendardo\" \/>\n<meta property=\"og:url\" content=\"https:\/\/ilcrogiuolo.it\/it\/p\/panno-cerimoniale-veve-papa-candelo\/\" \/>\n<meta property=\"og:site_name\" content=\"Il Crogiuolo\" \/>\n<meta property=\"article:publisher\" content=\"https:\/\/www.facebook.com\/Il-Crogiuolo-681876418491758\" \/>\n<meta property=\"article:modified_time\" content=\"2022-07-26T14:09:15+00:00\" \/>\n<meta property=\"og:image\" content=\"https:\/\/ilcrogiuolo.it\/wp-content\/uploads\/2022\/07\/veve-candelo.png\" \/>\n\t<meta property=\"og:image:width\" content=\"627\" \/>\n\t<meta property=\"og:image:height\" content=\"600\" \/>\n\t<meta property=\"og:image:type\" content=\"image\/png\" \/>\n<meta name=\"twitter:card\" content=\"summary_large_image\" \/>\n<meta name=\"twitter:label1\" content=\"Tempo di lettura stimato\" \/>\n\t<meta name=\"twitter:data1\" content=\"1 minuto\" \/>\n<script type=\"application\/ld+json\" class=\"yoast-schema-graph\">{\"@context\":\"https:\/\/schema.org\",\"@graph\":[{\"@type\":\"WebPage\",\"@id\":\"https:\/\/ilcrogiuolo.it\/it\/p\/panno-cerimoniale-veve-papa-candelo\/\",\"url\":\"https:\/\/ilcrogiuolo.it\/it\/p\/panno-cerimoniale-veve-papa-candelo\/\",\"name\":\"Panno cerimoniale Veve Papa Candelo - Il Crogiuolo\",\"isPartOf\":{\"@id\":\"https:\/\/ilcrogiuolo.it\/it\/#website\"},\"primaryImageOfPage\":{\"@id\":\"https:\/\/ilcrogiuolo.it\/it\/p\/panno-cerimoniale-veve-papa-candelo\/#primaryimage\"},\"image\":{\"@id\":\"https:\/\/ilcrogiuolo.it\/it\/p\/panno-cerimoniale-veve-papa-candelo\/#primaryimage\"},\"thumbnailUrl\":\"https:\/\/ilcrogiuolo.it\/wp-content\/uploads\/2022\/07\/veve-candelo.png\",\"datePublished\":\"2022-07-26T14:04:29+00:00\",\"dateModified\":\"2022-07-26T14:09:15+00:00\",\"description\":\"Panno cerimoniale Veve Papa Candelo Meraviglioso panno cerimoniale in tessuto stampato, a colori, con motivi decorativi vudu e relativo vev\u00e8. Ottimi per decorare altari, come stendardo\",\"breadcrumb\":{\"@id\":\"https:\/\/ilcrogiuolo.it\/it\/p\/panno-cerimoniale-veve-papa-candelo\/#breadcrumb\"},\"inLanguage\":\"it-IT\",\"potentialAction\":[{\"@type\":\"ReadAction\",\"target\":[\"https:\/\/ilcrogiuolo.it\/it\/p\/panno-cerimoniale-veve-papa-candelo\/\"]}]},{\"@type\":\"ImageObject\",\"inLanguage\":\"it-IT\",\"@id\":\"https:\/\/ilcrogiuolo.it\/it\/p\/panno-cerimoniale-veve-papa-candelo\/#primaryimage\",\"url\":\"https:\/\/ilcrogiuolo.it\/wp-content\/uploads\/2022\/07\/veve-candelo.png\",\"contentUrl\":\"https:\/\/ilcrogiuolo.it\/wp-content\/uploads\/2022\/07\/veve-candelo.png\",\"width\":627,\"height\":600},{\"@type\":\"BreadcrumbList\",\"@id\":\"https:\/\/ilcrogiuolo.it\/it\/p\/panno-cerimoniale-veve-papa-candelo\/#breadcrumb\",\"itemListElement\":[{\"@type\":\"ListItem\",\"position\":1,\"name\":\"Home\",\"item\":\"https:\/\/ilcrogiuolo.it\/it\/\"},{\"@type\":\"ListItem\",\"position\":2,\"name\":\"Shop\",\"item\":\"https:\/\/ilcrogiuolo.it\/it\/negozio\/\"},{\"@type\":\"ListItem\",\"position\":3,\"name\":\"Panno cerimoniale Veve Papa Candelo\"}]},{\"@type\":\"WebSite\",\"@id\":\"https:\/\/ilcrogiuolo.it\/it\/#website\",\"url\":\"https:\/\/ilcrogiuolo.it\/it\/\",\"name\":\"Il Crogiuolo\",\"description\":\"\",\"publisher\":{\"@id\":\"https:\/\/ilcrogiuolo.it\/it\/#organization\"},\"potentialAction\":[{\"@type\":\"SearchAction\",\"target\":{\"@type\":\"EntryPoint\",\"urlTemplate\":\"https:\/\/ilcrogiuolo.it\/it\/?s={search_term_string}\"},\"query-input\":{\"@type\":\"PropertyValueSpecification\",\"valueRequired\":true,\"valueName\":\"search_term_string\"}}],\"inLanguage\":\"it-IT\"},{\"@type\":\"Organization\",\"@id\":\"https:\/\/ilcrogiuolo.it\/it\/#organization\",\"name\":\"Il Crogiuolo\",\"url\":\"https:\/\/ilcrogiuolo.it\/it\/\",\"logo\":{\"@type\":\"ImageObject\",\"inLanguage\":\"it-IT\",\"@id\":\"https:\/\/ilcrogiuolo.it\/it\/#\/schema\/logo\/image\/\",\"url\":\"https:\/\/ilcrogiuolo.it\/wp-content\/uploads\/2020\/04\/logo.png\",\"contentUrl\":\"https:\/\/ilcrogiuolo.it\/wp-content\/uploads\/2020\/04\/logo.png\",\"width\":200,\"height\":49,\"caption\":\"Il Crogiuolo\"},\"image\":{\"@id\":\"https:\/\/ilcrogiuolo.it\/it\/#\/schema\/logo\/image\/\"},\"sameAs\":[\"https:\/\/www.facebook.com\/Il-Crogiuolo-681876418491758\"]}]}<\/script>\n<!-- \/ Yoast SEO plugin. -->","yoast_head_json":{"title":"Panno cerimoniale Veve Papa Candelo - Il Crogiuolo","description":"Panno cerimoniale Veve Papa Candelo Meraviglioso panno cerimoniale in tessuto stampato, a colori, con motivi decorativi vudu e relativo vev\u00e8. Ottimi per decorare altari, come stendardo","robots":{"index":"index","follow":"follow","max-snippet":"max-snippet:-1","max-image-preview":"max-image-preview:large","max-video-preview":"max-video-preview:-1"},"canonical":"https:\/\/ilcrogiuolo.it\/it\/p\/panno-cerimoniale-veve-papa-candelo\/","og_locale":"it_IT","og_type":"article","og_title":"Panno cerimoniale Veve Papa Candelo - Il Crogiuolo","og_description":"Panno cerimoniale Veve Papa Candelo Meraviglioso panno cerimoniale in tessuto stampato, a colori, con motivi decorativi vudu e relativo vev\u00e8. Ottimi per decorare altari, come stendardo","og_url":"https:\/\/ilcrogiuolo.it\/it\/p\/panno-cerimoniale-veve-papa-candelo\/","og_site_name":"Il Crogiuolo","article_publisher":"https:\/\/www.facebook.com\/Il-Crogiuolo-681876418491758","article_modified_time":"2022-07-26T14:09:15+00:00","og_image":[{"width":627,"height":600,"url":"https:\/\/ilcrogiuolo.it\/wp-content\/uploads\/2022\/07\/veve-candelo.png","type":"image\/png"}],"twitter_card":"summary_large_image","twitter_misc":{"Tempo di lettura stimato":"1 minuto"},"schema":{"@context":"https:\/\/schema.org","@graph":[{"@type":"WebPage","@id":"https:\/\/ilcrogiuolo.it\/it\/p\/panno-cerimoniale-veve-papa-candelo\/","url":"https:\/\/ilcrogiuolo.it\/it\/p\/panno-cerimoniale-veve-papa-candelo\/","name":"Panno cerimoniale Veve Papa Candelo - Il Crogiuolo","isPartOf":{"@id":"https:\/\/ilcrogiuolo.it\/it\/#website"},"primaryImageOfPage":{"@id":"https:\/\/ilcrogiuolo.it\/it\/p\/panno-cerimoniale-veve-papa-candelo\/#primaryimage"},"image":{"@id":"https:\/\/ilcrogiuolo.it\/it\/p\/panno-cerimoniale-veve-papa-candelo\/#primaryimage"},"thumbnailUrl":"https:\/\/ilcrogiuolo.it\/wp-content\/uploads\/2022\/07\/veve-candelo.png","datePublished":"2022-07-26T14:04:29+00:00","dateModified":"2022-07-26T14:09:15+00:00","description":"Panno cerimoniale Veve Papa Candelo Meraviglioso panno cerimoniale in tessuto stampato, a colori, con motivi decorativi vudu e relativo vev\u00e8. Ottimi per decorare altari, come stendardo","breadcrumb":{"@id":"https:\/\/ilcrogiuolo.it\/it\/p\/panno-cerimoniale-veve-papa-candelo\/#breadcrumb"},"inLanguage":"it-IT","potentialAction":[{"@type":"ReadAction","target":["https:\/\/ilcrogiuolo.it\/it\/p\/panno-cerimoniale-veve-papa-candelo\/"]}]},{"@type":"ImageObject","inLanguage":"it-IT","@id":"https:\/\/ilcrogiuolo.it\/it\/p\/panno-cerimoniale-veve-papa-candelo\/#primaryimage","url":"https:\/\/ilcrogiuolo.it\/wp-content\/uploads\/2022\/07\/veve-candelo.png","contentUrl":"https:\/\/ilcrogiuolo.it\/wp-content\/uploads\/2022\/07\/veve-candelo.png","width":627,"height":600},{"@type":"BreadcrumbList","@id":"https:\/\/ilcrogiuolo.it\/it\/p\/panno-cerimoniale-veve-papa-candelo\/#breadcrumb","itemListElement":[{"@type":"ListItem","position":1,"name":"Home","item":"https:\/\/ilcrogiuolo.it\/it\/"},{"@type":"ListItem","position":2,"name":"Shop","item":"https:\/\/ilcrogiuolo.it\/it\/negozio\/"},{"@type":"ListItem","position":3,"name":"Panno cerimoniale Veve Papa Candelo"}]},{"@type":"WebSite","@id":"https:\/\/ilcrogiuolo.it\/it\/#website","url":"https:\/\/ilcrogiuolo.it\/it\/","name":"Il Crogiuolo","description":"","publisher":{"@id":"https:\/\/ilcrogiuolo.it\/it\/#organization"},"potentialAction":[{"@type":"SearchAction","target":{"@type":"EntryPoint","urlTemplate":"https:\/\/ilcrogiuolo.it\/it\/?s={search_term_string}"},"query-input":{"@type":"PropertyValueSpecification","valueRequired":true,"valueName":"search_term_string"}}],"inLanguage":"it-IT"},{"@type":"Organization","@id":"https:\/\/ilcrogiuolo.it\/it\/#organization","name":"Il Crogiuolo","url":"https:\/\/ilcrogiuolo.it\/it\/","logo":{"@type":"ImageObject","inLanguage":"it-IT","@id":"https:\/\/ilcrogiuolo.it\/it\/#\/schema\/logo\/image\/","url":"https:\/\/ilcrogiuolo.it\/wp-content\/uploads\/2020\/04\/logo.png","contentUrl":"https:\/\/ilcrogiuolo.it\/wp-content\/uploads\/2020\/04\/logo.png","width":200,"height":49,"caption":"Il Crogiuolo"},"image":{"@id":"https:\/\/ilcrogiuolo.it\/it\/#\/schema\/logo\/image\/"},"sameAs":["https:\/\/www.facebook.com\/Il-Crogiuolo-681876418491758"]}]}},"_links":{"self":[{"href":"https:\/\/ilcrogiuolo.it\/it\/wp-json\/wp\/v2\/product\/38200","targetHints":{"allow":["GET"]}}],"collection":[{"href":"https:\/\/ilcrogiuolo.it\/it\/wp-json\/wp\/v2\/product"}],"about":[{"href":"https:\/\/ilcrogiuolo.it\/it\/wp-json\/wp\/v2\/types\/product"}],"wp:featuredmedia":[{"embeddable":true,"href":"https:\/\/ilcrogiuolo.it\/it\/wp-json\/wp\/v2\/media\/38202"}],"wp:attachment":[{"href":"https:\/\/ilcrogiuolo.it\/it\/wp-json\/wp\/v2\/media?parent=38200"}],"wp:term":[{"taxonomy":"product_brand","embeddable":true,"href":"https:\/\/ilcrogiuolo.it\/it\/wp-json\/wp\/v2\/product_brand?post=38200"},{"taxonomy":"product_cat","embeddable":true,"href":"https:\/\/ilcrogiuolo.it\/it\/wp-json\/wp\/v2\/product_cat?post=38200"},{"taxonomy":"product_tag","embeddable":true,"href":"https:\/\/ilcrogiuolo.it\/it\/wp-json\/wp\/v2\/product_tag?post=38200"}],"curies":[{"name":"wp","href":"https:\/\/api.w.org\/{rel}","templated":true}]}}