{"id":38160,"date":"2022-07-25T14:14:40","date_gmt":"2022-07-25T12:14:40","guid":{"rendered":"https:\/\/ilcrogiuolo.it\/?post_type=product&#038;p=38160"},"modified":"2022-07-25T14:17:05","modified_gmt":"2022-07-25T12:17:05","slug":"divinazioni-divenire-cards-di-fabio-marchesi","status":"publish","type":"product","link":"https:\/\/ilcrogiuolo.it\/it\/p\/divinazioni-divenire-cards-di-fabio-marchesi\/","title":{"rendered":"DIVINAZIONI &#038; DIVENIRE CARDS di Fabio Marchesi"},"content":{"rendered":"<p>&nbsp;<\/p>\n<p>&#8220;Divinazioni &amp; Divenire Cards&#8221; \u00e8 il nuovo titolo di Fabio Marchesi, scienziato, inventore e ricercatore indipendente membro della New York Academy of Sciences.<br \/>\nGrazie a queste carte e al loro pratico manuale, scoprirai l\u2019importanza dei tuoi intenti, delle tue domande e dei tuoi perch\u00e9, e come la Natura risponde ad essi.<br \/>\nSe lo vorrai, imparerai soprattutto a utilizzare e interpretare utilmente i responsi di questo nuovo, moderno e straordinario strumento di divinazione &#8220;Divenire Cards&#8221;.<br \/>\nNel libro, troverai alcuni brevi cenni a scoperte della fisica quantistica che avvaloreranno:<\/p>\n<p>sia le dinamiche possibiliste che stanno alla base delle antiche, ma ancora oggi molto diffuse, pratiche divinatorie;<br \/>\nsia i fenomeni sincronici tanto cari a Jung, di cui si ha quotidiana esperienza, che tu ne sia consapevole o meno.<\/p>\n<p>In particolare ti permetter\u00e0 di liberarti dai pregiudizi, come ad esempio quello di poter predire il futuro, che avvolgono i sistemi di divinazione in genere, e scoprire nuove entusiasmante possibilit\u00e0.<br \/>\nNel cofanetto, sono compresi le carte, un corposo manuale, una piccola guida rapida e un dado a 8 facce! Attraverso questi strumenti e alle illuminate istruzioni di Fabio Marchesi potrai imparare a usare e leggere queste carte secondo tantissime tecniche diverse nonch\u00e9 otterrai suggerimenti per l&#8217;interpretazione dei loro responsi.<br \/>\n&#8220;Divinazioni &amp; Divenire Cards&#8221; \u00e8 una appassionante introduzione all&#8217;arte divinatoria attualizzata ai tempi moderni con suggerimenti alle interpretazioni dei responsi.<br \/>\nFra queste pagine potrai venire a conoscenza di tutte le varie tecniche divinatorie che si sono precedute nei secoli e le persone che le hanno praticate, come Pitagora, Socrate, Platone, Aristotele, Cicerone, Napoleone, Confucio, Lao-tse, pressoch\u00e9 tutti i Re e governanti medioevali, fino a Jung.<br \/>\nGli antropologi, cos\u00ec come molti altri specialisti, hanno studiato e continuano a studiare l&#8217;arte della Divinazione nelle sue molteplici forme di espressione presente in tutta la storia umana, in tutte le culture e paesi del mondo.<br \/>\nQuesto libro approfondir\u00e0 moltissimi argomenti come ad esempio l&#8217;entusiasmologia pratica, la sincronicit\u00e0, le coincidenze, la geometria della connessione divina e molto altro.<br \/>\n&#8220;Divinazioni &amp; Divenire Cards&#8221; ha molto sorpreso Fabio Marchesi, fin da quando ha iniziato a concepirlo, mentre lo scriveva e rileggeva. Molto probabilmente sorprender\u00e0 anche te, soprattutto la tua razionalit\u00e0, se ti permetter\u00e0 di leggerlo o almeno di prenderlo in considerazione.<br \/>\nRicordati infatti che il destino non \u00e8 scritto, perch\u00e9 il futuro \u00e8 nelle tue mani!<\/p>\n<p><span title=\"Ancien Tarot de Marseille\">\u00a0<\/span><\/p>\n","protected":false},"excerpt":{"rendered":"<p>&nbsp; &#8220;Divinazioni &amp; Divenire Cards&#8221; \u00e8 il nuovo titolo di Fabio Marchesi, scienziato, inventore e ricercatore indipendente membro della New&#8230;<\/p>\n","protected":false},"featured_media":38162,"template":"","meta":{"_acf_changed":false},"product_brand":[],"product_cat":[1128,1062],"product_tag":[],"class_list":{"0":"post-38160","1":"product","2":"type-product","3":"status-publish","4":"has-post-thumbnail","6":"product_cat-cofanetti-e-borse-porta-tarocchi-e-sibille","7":"product_cat-divinazione","9":"first","10":"instock","11":"purchasable","12":"product-type-simple","13":"add-to-wishlist-before_image"},"acf":[],"yoast_head":"<!-- This site is optimized with the Yoast SEO plugin v26.9 - https:\/\/yoast.com\/product\/yoast-seo-wordpress\/ -->\n<title>DIVINAZIONI &amp; DIVENIRE CARDS di Fabio Marchesi - Il Crogiuolo<\/title>\n<meta name=\"description\" content=\"DIVINAZIONI &amp; DIVENIRE CARDS di Fabio Marchesi &nbsp; &quot;Divinazioni &amp; Divenire Cards&quot; \u00e8 il nuovo titolo di Fabio Marchesi, scienziato, inventore e ricercatore indipendente membro della New York\" \/>\n<meta name=\"robots\" content=\"index, follow, max-snippet:-1, max-image-preview:large, max-video-preview:-1\" \/>\n<link rel=\"canonical\" href=\"https:\/\/ilcrogiuolo.it\/it\/p\/divinazioni-divenire-cards-di-fabio-marchesi\/\" \/>\n<meta property=\"og:locale\" content=\"it_IT\" \/>\n<meta property=\"og:type\" content=\"article\" \/>\n<meta property=\"og:title\" content=\"DIVINAZIONI &amp; DIVENIRE CARDS di Fabio Marchesi - Il Crogiuolo\" \/>\n<meta property=\"og:description\" content=\"DIVINAZIONI &amp; DIVENIRE CARDS di Fabio Marchesi &nbsp; &quot;Divinazioni &amp; Divenire Cards&quot; \u00e8 il nuovo titolo di Fabio Marchesi, scienziato, inventore e ricercatore indipendente membro della New York\" \/>\n<meta property=\"og:url\" content=\"https:\/\/ilcrogiuolo.it\/it\/p\/divinazioni-divenire-cards-di-fabio-marchesi\/\" \/>\n<meta property=\"og:site_name\" content=\"Il Crogiuolo\" \/>\n<meta property=\"article:publisher\" content=\"https:\/\/www.facebook.com\/Il-Crogiuolo-681876418491758\" \/>\n<meta property=\"article:modified_time\" content=\"2022-07-25T12:17:05+00:00\" \/>\n<meta property=\"og:image\" content=\"https:\/\/ilcrogiuolo.it\/wp-content\/uploads\/2022\/07\/DIVINAZIONI-MARCHESI.png\" \/>\n\t<meta property=\"og:image:width\" content=\"1000\" \/>\n\t<meta property=\"og:image:height\" content=\"1000\" \/>\n\t<meta property=\"og:image:type\" content=\"image\/png\" \/>\n<meta name=\"twitter:card\" content=\"summary_large_image\" \/>\n<meta name=\"twitter:label1\" content=\"Tempo di lettura stimato\" \/>\n\t<meta name=\"twitter:data1\" content=\"2 minuti\" \/>\n<script type=\"application\/ld+json\" class=\"yoast-schema-graph\">{\"@context\":\"https:\/\/schema.org\",\"@graph\":[{\"@type\":\"WebPage\",\"@id\":\"https:\/\/ilcrogiuolo.it\/it\/p\/divinazioni-divenire-cards-di-fabio-marchesi\/\",\"url\":\"https:\/\/ilcrogiuolo.it\/it\/p\/divinazioni-divenire-cards-di-fabio-marchesi\/\",\"name\":\"DIVINAZIONI & DIVENIRE CARDS di Fabio Marchesi - Il Crogiuolo\",\"isPartOf\":{\"@id\":\"https:\/\/ilcrogiuolo.it\/it\/#website\"},\"primaryImageOfPage\":{\"@id\":\"https:\/\/ilcrogiuolo.it\/it\/p\/divinazioni-divenire-cards-di-fabio-marchesi\/#primaryimage\"},\"image\":{\"@id\":\"https:\/\/ilcrogiuolo.it\/it\/p\/divinazioni-divenire-cards-di-fabio-marchesi\/#primaryimage\"},\"thumbnailUrl\":\"https:\/\/ilcrogiuolo.it\/wp-content\/uploads\/2022\/07\/DIVINAZIONI-MARCHESI.png\",\"datePublished\":\"2022-07-25T12:14:40+00:00\",\"dateModified\":\"2022-07-25T12:17:05+00:00\",\"description\":\"DIVINAZIONI & DIVENIRE CARDS di Fabio Marchesi &nbsp; \\\"Divinazioni &amp; Divenire Cards\\\" \u00e8 il nuovo titolo di Fabio Marchesi, scienziato, inventore e ricercatore indipendente membro della New York\",\"breadcrumb\":{\"@id\":\"https:\/\/ilcrogiuolo.it\/it\/p\/divinazioni-divenire-cards-di-fabio-marchesi\/#breadcrumb\"},\"inLanguage\":\"it-IT\",\"potentialAction\":[{\"@type\":\"ReadAction\",\"target\":[\"https:\/\/ilcrogiuolo.it\/it\/p\/divinazioni-divenire-cards-di-fabio-marchesi\/\"]}]},{\"@type\":\"ImageObject\",\"inLanguage\":\"it-IT\",\"@id\":\"https:\/\/ilcrogiuolo.it\/it\/p\/divinazioni-divenire-cards-di-fabio-marchesi\/#primaryimage\",\"url\":\"https:\/\/ilcrogiuolo.it\/wp-content\/uploads\/2022\/07\/DIVINAZIONI-MARCHESI.png\",\"contentUrl\":\"https:\/\/ilcrogiuolo.it\/wp-content\/uploads\/2022\/07\/DIVINAZIONI-MARCHESI.png\",\"width\":1000,\"height\":1000},{\"@type\":\"BreadcrumbList\",\"@id\":\"https:\/\/ilcrogiuolo.it\/it\/p\/divinazioni-divenire-cards-di-fabio-marchesi\/#breadcrumb\",\"itemListElement\":[{\"@type\":\"ListItem\",\"position\":1,\"name\":\"Home\",\"item\":\"https:\/\/ilcrogiuolo.it\/it\/\"},{\"@type\":\"ListItem\",\"position\":2,\"name\":\"Shop\",\"item\":\"https:\/\/ilcrogiuolo.it\/it\/negozio\/\"},{\"@type\":\"ListItem\",\"position\":3,\"name\":\"DIVINAZIONI &#038; DIVENIRE CARDS di Fabio Marchesi\"}]},{\"@type\":\"WebSite\",\"@id\":\"https:\/\/ilcrogiuolo.it\/it\/#website\",\"url\":\"https:\/\/ilcrogiuolo.it\/it\/\",\"name\":\"Il Crogiuolo\",\"description\":\"\",\"publisher\":{\"@id\":\"https:\/\/ilcrogiuolo.it\/it\/#organization\"},\"potentialAction\":[{\"@type\":\"SearchAction\",\"target\":{\"@type\":\"EntryPoint\",\"urlTemplate\":\"https:\/\/ilcrogiuolo.it\/it\/?s={search_term_string}\"},\"query-input\":{\"@type\":\"PropertyValueSpecification\",\"valueRequired\":true,\"valueName\":\"search_term_string\"}}],\"inLanguage\":\"it-IT\"},{\"@type\":\"Organization\",\"@id\":\"https:\/\/ilcrogiuolo.it\/it\/#organization\",\"name\":\"Il Crogiuolo\",\"url\":\"https:\/\/ilcrogiuolo.it\/it\/\",\"logo\":{\"@type\":\"ImageObject\",\"inLanguage\":\"it-IT\",\"@id\":\"https:\/\/ilcrogiuolo.it\/it\/#\/schema\/logo\/image\/\",\"url\":\"https:\/\/ilcrogiuolo.it\/wp-content\/uploads\/2020\/04\/logo.png\",\"contentUrl\":\"https:\/\/ilcrogiuolo.it\/wp-content\/uploads\/2020\/04\/logo.png\",\"width\":200,\"height\":49,\"caption\":\"Il Crogiuolo\"},\"image\":{\"@id\":\"https:\/\/ilcrogiuolo.it\/it\/#\/schema\/logo\/image\/\"},\"sameAs\":[\"https:\/\/www.facebook.com\/Il-Crogiuolo-681876418491758\"]}]}<\/script>\n<!-- \/ Yoast SEO plugin. -->","yoast_head_json":{"title":"DIVINAZIONI & DIVENIRE CARDS di Fabio Marchesi - Il Crogiuolo","description":"DIVINAZIONI & DIVENIRE CARDS di Fabio Marchesi &nbsp; \"Divinazioni &amp; Divenire Cards\" \u00e8 il nuovo titolo di Fabio Marchesi, scienziato, inventore e ricercatore indipendente membro della New York","robots":{"index":"index","follow":"follow","max-snippet":"max-snippet:-1","max-image-preview":"max-image-preview:large","max-video-preview":"max-video-preview:-1"},"canonical":"https:\/\/ilcrogiuolo.it\/it\/p\/divinazioni-divenire-cards-di-fabio-marchesi\/","og_locale":"it_IT","og_type":"article","og_title":"DIVINAZIONI & DIVENIRE CARDS di Fabio Marchesi - Il Crogiuolo","og_description":"DIVINAZIONI & DIVENIRE CARDS di Fabio Marchesi &nbsp; \"Divinazioni &amp; Divenire Cards\" \u00e8 il nuovo titolo di Fabio Marchesi, scienziato, inventore e ricercatore indipendente membro della New York","og_url":"https:\/\/ilcrogiuolo.it\/it\/p\/divinazioni-divenire-cards-di-fabio-marchesi\/","og_site_name":"Il Crogiuolo","article_publisher":"https:\/\/www.facebook.com\/Il-Crogiuolo-681876418491758","article_modified_time":"2022-07-25T12:17:05+00:00","og_image":[{"width":1000,"height":1000,"url":"https:\/\/ilcrogiuolo.it\/wp-content\/uploads\/2022\/07\/DIVINAZIONI-MARCHESI.png","type":"image\/png"}],"twitter_card":"summary_large_image","twitter_misc":{"Tempo di lettura stimato":"2 minuti"},"schema":{"@context":"https:\/\/schema.org","@graph":[{"@type":"WebPage","@id":"https:\/\/ilcrogiuolo.it\/it\/p\/divinazioni-divenire-cards-di-fabio-marchesi\/","url":"https:\/\/ilcrogiuolo.it\/it\/p\/divinazioni-divenire-cards-di-fabio-marchesi\/","name":"DIVINAZIONI & DIVENIRE CARDS di Fabio Marchesi - Il Crogiuolo","isPartOf":{"@id":"https:\/\/ilcrogiuolo.it\/it\/#website"},"primaryImageOfPage":{"@id":"https:\/\/ilcrogiuolo.it\/it\/p\/divinazioni-divenire-cards-di-fabio-marchesi\/#primaryimage"},"image":{"@id":"https:\/\/ilcrogiuolo.it\/it\/p\/divinazioni-divenire-cards-di-fabio-marchesi\/#primaryimage"},"thumbnailUrl":"https:\/\/ilcrogiuolo.it\/wp-content\/uploads\/2022\/07\/DIVINAZIONI-MARCHESI.png","datePublished":"2022-07-25T12:14:40+00:00","dateModified":"2022-07-25T12:17:05+00:00","description":"DIVINAZIONI & DIVENIRE CARDS di Fabio Marchesi &nbsp; \"Divinazioni &amp; Divenire Cards\" \u00e8 il nuovo titolo di Fabio Marchesi, scienziato, inventore e ricercatore indipendente membro della New York","breadcrumb":{"@id":"https:\/\/ilcrogiuolo.it\/it\/p\/divinazioni-divenire-cards-di-fabio-marchesi\/#breadcrumb"},"inLanguage":"it-IT","potentialAction":[{"@type":"ReadAction","target":["https:\/\/ilcrogiuolo.it\/it\/p\/divinazioni-divenire-cards-di-fabio-marchesi\/"]}]},{"@type":"ImageObject","inLanguage":"it-IT","@id":"https:\/\/ilcrogiuolo.it\/it\/p\/divinazioni-divenire-cards-di-fabio-marchesi\/#primaryimage","url":"https:\/\/ilcrogiuolo.it\/wp-content\/uploads\/2022\/07\/DIVINAZIONI-MARCHESI.png","contentUrl":"https:\/\/ilcrogiuolo.it\/wp-content\/uploads\/2022\/07\/DIVINAZIONI-MARCHESI.png","width":1000,"height":1000},{"@type":"BreadcrumbList","@id":"https:\/\/ilcrogiuolo.it\/it\/p\/divinazioni-divenire-cards-di-fabio-marchesi\/#breadcrumb","itemListElement":[{"@type":"ListItem","position":1,"name":"Home","item":"https:\/\/ilcrogiuolo.it\/it\/"},{"@type":"ListItem","position":2,"name":"Shop","item":"https:\/\/ilcrogiuolo.it\/it\/negozio\/"},{"@type":"ListItem","position":3,"name":"DIVINAZIONI &#038; DIVENIRE CARDS di Fabio Marchesi"}]},{"@type":"WebSite","@id":"https:\/\/ilcrogiuolo.it\/it\/#website","url":"https:\/\/ilcrogiuolo.it\/it\/","name":"Il Crogiuolo","description":"","publisher":{"@id":"https:\/\/ilcrogiuolo.it\/it\/#organization"},"potentialAction":[{"@type":"SearchAction","target":{"@type":"EntryPoint","urlTemplate":"https:\/\/ilcrogiuolo.it\/it\/?s={search_term_string}"},"query-input":{"@type":"PropertyValueSpecification","valueRequired":true,"valueName":"search_term_string"}}],"inLanguage":"it-IT"},{"@type":"Organization","@id":"https:\/\/ilcrogiuolo.it\/it\/#organization","name":"Il Crogiuolo","url":"https:\/\/ilcrogiuolo.it\/it\/","logo":{"@type":"ImageObject","inLanguage":"it-IT","@id":"https:\/\/ilcrogiuolo.it\/it\/#\/schema\/logo\/image\/","url":"https:\/\/ilcrogiuolo.it\/wp-content\/uploads\/2020\/04\/logo.png","contentUrl":"https:\/\/ilcrogiuolo.it\/wp-content\/uploads\/2020\/04\/logo.png","width":200,"height":49,"caption":"Il Crogiuolo"},"image":{"@id":"https:\/\/ilcrogiuolo.it\/it\/#\/schema\/logo\/image\/"},"sameAs":["https:\/\/www.facebook.com\/Il-Crogiuolo-681876418491758"]}]}},"_links":{"self":[{"href":"https:\/\/ilcrogiuolo.it\/it\/wp-json\/wp\/v2\/product\/38160","targetHints":{"allow":["GET"]}}],"collection":[{"href":"https:\/\/ilcrogiuolo.it\/it\/wp-json\/wp\/v2\/product"}],"about":[{"href":"https:\/\/ilcrogiuolo.it\/it\/wp-json\/wp\/v2\/types\/product"}],"wp:featuredmedia":[{"embeddable":true,"href":"https:\/\/ilcrogiuolo.it\/it\/wp-json\/wp\/v2\/media\/38162"}],"wp:attachment":[{"href":"https:\/\/ilcrogiuolo.it\/it\/wp-json\/wp\/v2\/media?parent=38160"}],"wp:term":[{"taxonomy":"product_brand","embeddable":true,"href":"https:\/\/ilcrogiuolo.it\/it\/wp-json\/wp\/v2\/product_brand?post=38160"},{"taxonomy":"product_cat","embeddable":true,"href":"https:\/\/ilcrogiuolo.it\/it\/wp-json\/wp\/v2\/product_cat?post=38160"},{"taxonomy":"product_tag","embeddable":true,"href":"https:\/\/ilcrogiuolo.it\/it\/wp-json\/wp\/v2\/product_tag?post=38160"}],"curies":[{"name":"wp","href":"https:\/\/api.w.org\/{rel}","templated":true}]}}