{"id":35645,"date":"2022-02-24T16:19:15","date_gmt":"2022-02-24T15:19:15","guid":{"rendered":"https:\/\/ilcrogiuolo.it\/?post_type=product&#038;p=35645"},"modified":"2022-02-24T16:32:20","modified_gmt":"2022-02-24T15:32:20","slug":"magia-contemporanea-di-doreen-valiente","status":"publish","type":"product","link":"https:\/\/ilcrogiuolo.it\/it\/p\/magia-contemporanea-di-doreen-valiente\/","title":{"rendered":"MAGIA CONTEMPORANEA di Doreen Valiente"},"content":{"rendered":"<p>&#8220;Magia Contemporanea&#8221; \u00e8 un libro che ha ancora la capacit\u00e0 straordinaria di rivolgersi al futuro, alla visione di una nuova era, e che non ha paura di apparire controverso, come non ne ebbe mai Doreen Valiente.<br \/>\nNon possiamo riportare indietro le lancette dell\u2019orologio ai tempi dell\u2019antico paganesimo, ma possiamo costruire un nuovo paganesimo, che tenga conto dell\u2019umanit\u00e0 come realmente \u00e8, con i suoi sogni, le sue fragilit\u00e0 e i suoi bisogni. Forse grazie a questi mezzi l\u2019umanit\u00e0 potr\u00e0 avanzare verso ci\u00f2 che potrebbe essere.<br \/>\nPubblicato in Gran Bretagna nel 1978 con il titolo di Witchcraft for Tomorrow e ancora oggi ristampato, questo libro di Doreen Valiente (considerata la madre della stregoneria moderna) illustra ci\u00f2 che la Vecchia Religione \u00e8 in grado di offrire al nuovo millennio.<br \/>\nL\u2019autrice in questo volume include un nuovo Libro delle Ombre di sua composizione, basato su tradizioni magiche antiche ma orientato verso il futuro. In esso sono compresi incantesimi, canzoni, magie delle streghe, metodi di divinazione e descrizioni di antiche tradizioni legate alla stregoneria.<br \/>\nDiversamente da Magia Naturale, che si concentrava di pi\u00f9 sull\u2019aspetto operativo della stregoneria e sull\u2019applicazione pratica della magia nella vita di tutti i giorni, in Magia Contemporanea, Doreen indaga i concetti che sottostanno agli aspetti pi\u00f9 mistici della magia e ricerca e suggerisce precedenti storici dai quali alcuni elementi della stregoneria potrebbero essersi originati.<br \/>\nL&#8217;autrice tenta di far luce anche sulla misteriosa costituzione della Golden Dawn, il famoso ordine magico del XIX secolo. Doreen descrive inoltre l\u2019interessante relazione tra la stregoneria britannica e le credenze magiche dell\u2019Estremo Oriente.<\/p>\n<table class=\"table table-bordered table-striped\">\n<tbody>\n<tr>\n<td>Editore<\/td>\n<td>Om Edizioni<\/td>\n<\/tr>\n<tr>\n<td>Anno Pubblicazione<\/td>\n<td>2022<\/td>\n<\/tr>\n<tr>\n<td>Formato<\/td>\n<td>Libro &#8211; Pagine: 207 &#8211; 17x24cm<\/td>\n<\/tr>\n<\/tbody>\n<\/table>\n","protected":false},"excerpt":{"rendered":"<p>&#8220;Magia Contemporanea&#8221; \u00e8 un libro che ha ancora la capacit\u00e0 straordinaria di rivolgersi al futuro, alla visione di una nuova&#8230;<\/p>\n","protected":false},"featured_media":35657,"template":"","meta":{"_acf_changed":false},"product_brand":[],"product_cat":[1077,1536,1060],"product_tag":[],"class_list":{"0":"post-35645","1":"product","2":"type-product","3":"status-publish","4":"has-post-thumbnail","6":"product_cat-libreria-esoterica-libreria-esoterica","7":"product_cat-altre-edizioni","8":"product_cat-libreria-esoterica","10":"first","11":"instock","12":"taxable","13":"shipping-taxable","14":"purchasable","15":"product-type-simple","16":"add-to-wishlist-before_image"},"acf":[],"yoast_head":"<!-- This site is optimized with the Yoast SEO plugin v26.9 - https:\/\/yoast.com\/product\/yoast-seo-wordpress\/ -->\n<title>MAGIA CONTEMPORANEA di Doreen Valiente - Il Crogiuolo<\/title>\n<meta name=\"description\" content=\"MAGIA CONTEMPORANEA di Doreen Valiente &quot;Magia Contemporanea&quot; \u00e8 un libro che ha ancora la capacit\u00e0 straordinaria di rivolgersi al futuro, alla visione di una nuova era, e che non ha paura di\" \/>\n<meta name=\"robots\" content=\"index, follow, max-snippet:-1, max-image-preview:large, max-video-preview:-1\" \/>\n<link rel=\"canonical\" href=\"https:\/\/ilcrogiuolo.it\/it\/p\/magia-contemporanea-di-doreen-valiente\/\" \/>\n<meta property=\"og:locale\" content=\"it_IT\" \/>\n<meta property=\"og:type\" content=\"article\" \/>\n<meta property=\"og:title\" content=\"MAGIA CONTEMPORANEA di Doreen Valiente - Il Crogiuolo\" \/>\n<meta property=\"og:description\" content=\"MAGIA CONTEMPORANEA di Doreen Valiente &quot;Magia Contemporanea&quot; \u00e8 un libro che ha ancora la capacit\u00e0 straordinaria di rivolgersi al futuro, alla visione di una nuova era, e che non ha paura di\" \/>\n<meta property=\"og:url\" content=\"https:\/\/ilcrogiuolo.it\/it\/p\/magia-contemporanea-di-doreen-valiente\/\" \/>\n<meta property=\"og:site_name\" content=\"Il Crogiuolo\" \/>\n<meta property=\"article:publisher\" content=\"https:\/\/www.facebook.com\/Il-Crogiuolo-681876418491758\" \/>\n<meta property=\"article:modified_time\" content=\"2022-02-24T15:32:20+00:00\" \/>\n<meta property=\"og:image\" content=\"https:\/\/ilcrogiuolo.it\/wp-content\/uploads\/2022\/02\/MAGIA-CONTEMPORANEA.jpg\" \/>\n\t<meta property=\"og:image:width\" content=\"627\" \/>\n\t<meta property=\"og:image:height\" content=\"600\" \/>\n\t<meta property=\"og:image:type\" content=\"image\/jpeg\" \/>\n<meta name=\"twitter:card\" content=\"summary_large_image\" \/>\n<meta name=\"twitter:label1\" content=\"Tempo di lettura stimato\" \/>\n\t<meta name=\"twitter:data1\" content=\"1 minuto\" \/>\n<script type=\"application\/ld+json\" class=\"yoast-schema-graph\">{\"@context\":\"https:\/\/schema.org\",\"@graph\":[{\"@type\":\"WebPage\",\"@id\":\"https:\/\/ilcrogiuolo.it\/it\/p\/magia-contemporanea-di-doreen-valiente\/\",\"url\":\"https:\/\/ilcrogiuolo.it\/it\/p\/magia-contemporanea-di-doreen-valiente\/\",\"name\":\"MAGIA CONTEMPORANEA di Doreen Valiente - Il Crogiuolo\",\"isPartOf\":{\"@id\":\"https:\/\/ilcrogiuolo.it\/it\/#website\"},\"primaryImageOfPage\":{\"@id\":\"https:\/\/ilcrogiuolo.it\/it\/p\/magia-contemporanea-di-doreen-valiente\/#primaryimage\"},\"image\":{\"@id\":\"https:\/\/ilcrogiuolo.it\/it\/p\/magia-contemporanea-di-doreen-valiente\/#primaryimage\"},\"thumbnailUrl\":\"https:\/\/ilcrogiuolo.it\/wp-content\/uploads\/2022\/02\/MAGIA-CONTEMPORANEA.jpg\",\"datePublished\":\"2022-02-24T15:19:15+00:00\",\"dateModified\":\"2022-02-24T15:32:20+00:00\",\"description\":\"MAGIA CONTEMPORANEA di Doreen Valiente \\\"Magia Contemporanea\\\" \u00e8 un libro che ha ancora la capacit\u00e0 straordinaria di rivolgersi al futuro, alla visione di una nuova era, e che non ha paura di\",\"breadcrumb\":{\"@id\":\"https:\/\/ilcrogiuolo.it\/it\/p\/magia-contemporanea-di-doreen-valiente\/#breadcrumb\"},\"inLanguage\":\"it-IT\",\"potentialAction\":[{\"@type\":\"ReadAction\",\"target\":[\"https:\/\/ilcrogiuolo.it\/it\/p\/magia-contemporanea-di-doreen-valiente\/\"]}]},{\"@type\":\"ImageObject\",\"inLanguage\":\"it-IT\",\"@id\":\"https:\/\/ilcrogiuolo.it\/it\/p\/magia-contemporanea-di-doreen-valiente\/#primaryimage\",\"url\":\"https:\/\/ilcrogiuolo.it\/wp-content\/uploads\/2022\/02\/MAGIA-CONTEMPORANEA.jpg\",\"contentUrl\":\"https:\/\/ilcrogiuolo.it\/wp-content\/uploads\/2022\/02\/MAGIA-CONTEMPORANEA.jpg\",\"width\":627,\"height\":600},{\"@type\":\"BreadcrumbList\",\"@id\":\"https:\/\/ilcrogiuolo.it\/it\/p\/magia-contemporanea-di-doreen-valiente\/#breadcrumb\",\"itemListElement\":[{\"@type\":\"ListItem\",\"position\":1,\"name\":\"Home\",\"item\":\"https:\/\/ilcrogiuolo.it\/it\/\"},{\"@type\":\"ListItem\",\"position\":2,\"name\":\"Shop\",\"item\":\"https:\/\/ilcrogiuolo.it\/it\/negozio\/\"},{\"@type\":\"ListItem\",\"position\":3,\"name\":\"MAGIA CONTEMPORANEA di Doreen Valiente\"}]},{\"@type\":\"WebSite\",\"@id\":\"https:\/\/ilcrogiuolo.it\/it\/#website\",\"url\":\"https:\/\/ilcrogiuolo.it\/it\/\",\"name\":\"Il Crogiuolo\",\"description\":\"\",\"publisher\":{\"@id\":\"https:\/\/ilcrogiuolo.it\/it\/#organization\"},\"potentialAction\":[{\"@type\":\"SearchAction\",\"target\":{\"@type\":\"EntryPoint\",\"urlTemplate\":\"https:\/\/ilcrogiuolo.it\/it\/?s={search_term_string}\"},\"query-input\":{\"@type\":\"PropertyValueSpecification\",\"valueRequired\":true,\"valueName\":\"search_term_string\"}}],\"inLanguage\":\"it-IT\"},{\"@type\":\"Organization\",\"@id\":\"https:\/\/ilcrogiuolo.it\/it\/#organization\",\"name\":\"Il Crogiuolo\",\"url\":\"https:\/\/ilcrogiuolo.it\/it\/\",\"logo\":{\"@type\":\"ImageObject\",\"inLanguage\":\"it-IT\",\"@id\":\"https:\/\/ilcrogiuolo.it\/it\/#\/schema\/logo\/image\/\",\"url\":\"https:\/\/ilcrogiuolo.it\/wp-content\/uploads\/2020\/04\/logo.png\",\"contentUrl\":\"https:\/\/ilcrogiuolo.it\/wp-content\/uploads\/2020\/04\/logo.png\",\"width\":200,\"height\":49,\"caption\":\"Il Crogiuolo\"},\"image\":{\"@id\":\"https:\/\/ilcrogiuolo.it\/it\/#\/schema\/logo\/image\/\"},\"sameAs\":[\"https:\/\/www.facebook.com\/Il-Crogiuolo-681876418491758\"]}]}<\/script>\n<!-- \/ Yoast SEO plugin. -->","yoast_head_json":{"title":"MAGIA CONTEMPORANEA di Doreen Valiente - Il Crogiuolo","description":"MAGIA CONTEMPORANEA di Doreen Valiente \"Magia Contemporanea\" \u00e8 un libro che ha ancora la capacit\u00e0 straordinaria di rivolgersi al futuro, alla visione di una nuova era, e che non ha paura di","robots":{"index":"index","follow":"follow","max-snippet":"max-snippet:-1","max-image-preview":"max-image-preview:large","max-video-preview":"max-video-preview:-1"},"canonical":"https:\/\/ilcrogiuolo.it\/it\/p\/magia-contemporanea-di-doreen-valiente\/","og_locale":"it_IT","og_type":"article","og_title":"MAGIA CONTEMPORANEA di Doreen Valiente - Il Crogiuolo","og_description":"MAGIA CONTEMPORANEA di Doreen Valiente \"Magia Contemporanea\" \u00e8 un libro che ha ancora la capacit\u00e0 straordinaria di rivolgersi al futuro, alla visione di una nuova era, e che non ha paura di","og_url":"https:\/\/ilcrogiuolo.it\/it\/p\/magia-contemporanea-di-doreen-valiente\/","og_site_name":"Il Crogiuolo","article_publisher":"https:\/\/www.facebook.com\/Il-Crogiuolo-681876418491758","article_modified_time":"2022-02-24T15:32:20+00:00","og_image":[{"width":627,"height":600,"url":"https:\/\/ilcrogiuolo.it\/wp-content\/uploads\/2022\/02\/MAGIA-CONTEMPORANEA.jpg","type":"image\/jpeg"}],"twitter_card":"summary_large_image","twitter_misc":{"Tempo di lettura stimato":"1 minuto"},"schema":{"@context":"https:\/\/schema.org","@graph":[{"@type":"WebPage","@id":"https:\/\/ilcrogiuolo.it\/it\/p\/magia-contemporanea-di-doreen-valiente\/","url":"https:\/\/ilcrogiuolo.it\/it\/p\/magia-contemporanea-di-doreen-valiente\/","name":"MAGIA CONTEMPORANEA di Doreen Valiente - Il Crogiuolo","isPartOf":{"@id":"https:\/\/ilcrogiuolo.it\/it\/#website"},"primaryImageOfPage":{"@id":"https:\/\/ilcrogiuolo.it\/it\/p\/magia-contemporanea-di-doreen-valiente\/#primaryimage"},"image":{"@id":"https:\/\/ilcrogiuolo.it\/it\/p\/magia-contemporanea-di-doreen-valiente\/#primaryimage"},"thumbnailUrl":"https:\/\/ilcrogiuolo.it\/wp-content\/uploads\/2022\/02\/MAGIA-CONTEMPORANEA.jpg","datePublished":"2022-02-24T15:19:15+00:00","dateModified":"2022-02-24T15:32:20+00:00","description":"MAGIA CONTEMPORANEA di Doreen Valiente \"Magia Contemporanea\" \u00e8 un libro che ha ancora la capacit\u00e0 straordinaria di rivolgersi al futuro, alla visione di una nuova era, e che non ha paura di","breadcrumb":{"@id":"https:\/\/ilcrogiuolo.it\/it\/p\/magia-contemporanea-di-doreen-valiente\/#breadcrumb"},"inLanguage":"it-IT","potentialAction":[{"@type":"ReadAction","target":["https:\/\/ilcrogiuolo.it\/it\/p\/magia-contemporanea-di-doreen-valiente\/"]}]},{"@type":"ImageObject","inLanguage":"it-IT","@id":"https:\/\/ilcrogiuolo.it\/it\/p\/magia-contemporanea-di-doreen-valiente\/#primaryimage","url":"https:\/\/ilcrogiuolo.it\/wp-content\/uploads\/2022\/02\/MAGIA-CONTEMPORANEA.jpg","contentUrl":"https:\/\/ilcrogiuolo.it\/wp-content\/uploads\/2022\/02\/MAGIA-CONTEMPORANEA.jpg","width":627,"height":600},{"@type":"BreadcrumbList","@id":"https:\/\/ilcrogiuolo.it\/it\/p\/magia-contemporanea-di-doreen-valiente\/#breadcrumb","itemListElement":[{"@type":"ListItem","position":1,"name":"Home","item":"https:\/\/ilcrogiuolo.it\/it\/"},{"@type":"ListItem","position":2,"name":"Shop","item":"https:\/\/ilcrogiuolo.it\/it\/negozio\/"},{"@type":"ListItem","position":3,"name":"MAGIA CONTEMPORANEA di Doreen Valiente"}]},{"@type":"WebSite","@id":"https:\/\/ilcrogiuolo.it\/it\/#website","url":"https:\/\/ilcrogiuolo.it\/it\/","name":"Il Crogiuolo","description":"","publisher":{"@id":"https:\/\/ilcrogiuolo.it\/it\/#organization"},"potentialAction":[{"@type":"SearchAction","target":{"@type":"EntryPoint","urlTemplate":"https:\/\/ilcrogiuolo.it\/it\/?s={search_term_string}"},"query-input":{"@type":"PropertyValueSpecification","valueRequired":true,"valueName":"search_term_string"}}],"inLanguage":"it-IT"},{"@type":"Organization","@id":"https:\/\/ilcrogiuolo.it\/it\/#organization","name":"Il Crogiuolo","url":"https:\/\/ilcrogiuolo.it\/it\/","logo":{"@type":"ImageObject","inLanguage":"it-IT","@id":"https:\/\/ilcrogiuolo.it\/it\/#\/schema\/logo\/image\/","url":"https:\/\/ilcrogiuolo.it\/wp-content\/uploads\/2020\/04\/logo.png","contentUrl":"https:\/\/ilcrogiuolo.it\/wp-content\/uploads\/2020\/04\/logo.png","width":200,"height":49,"caption":"Il Crogiuolo"},"image":{"@id":"https:\/\/ilcrogiuolo.it\/it\/#\/schema\/logo\/image\/"},"sameAs":["https:\/\/www.facebook.com\/Il-Crogiuolo-681876418491758"]}]}},"_links":{"self":[{"href":"https:\/\/ilcrogiuolo.it\/it\/wp-json\/wp\/v2\/product\/35645","targetHints":{"allow":["GET"]}}],"collection":[{"href":"https:\/\/ilcrogiuolo.it\/it\/wp-json\/wp\/v2\/product"}],"about":[{"href":"https:\/\/ilcrogiuolo.it\/it\/wp-json\/wp\/v2\/types\/product"}],"wp:featuredmedia":[{"embeddable":true,"href":"https:\/\/ilcrogiuolo.it\/it\/wp-json\/wp\/v2\/media\/35657"}],"wp:attachment":[{"href":"https:\/\/ilcrogiuolo.it\/it\/wp-json\/wp\/v2\/media?parent=35645"}],"wp:term":[{"taxonomy":"product_brand","embeddable":true,"href":"https:\/\/ilcrogiuolo.it\/it\/wp-json\/wp\/v2\/product_brand?post=35645"},{"taxonomy":"product_cat","embeddable":true,"href":"https:\/\/ilcrogiuolo.it\/it\/wp-json\/wp\/v2\/product_cat?post=35645"},{"taxonomy":"product_tag","embeddable":true,"href":"https:\/\/ilcrogiuolo.it\/it\/wp-json\/wp\/v2\/product_tag?post=35645"}],"curies":[{"name":"wp","href":"https:\/\/api.w.org\/{rel}","templated":true}]}}