{"id":34785,"date":"2022-01-20T15:19:18","date_gmt":"2022-01-20T14:19:18","guid":{"rendered":"https:\/\/ilcrogiuolo.it\/?post_type=product&#038;p=34785"},"modified":"2025-10-16T11:09:52","modified_gmt":"2025-10-16T09:09:52","slug":"terzo-pentacolo-maggiore-di-dom-bernardin-le-fils","status":"publish","type":"product","link":"https:\/\/ilcrogiuolo.it\/it\/p\/terzo-pentacolo-maggiore-di-dom-bernardin-le-fils\/","title":{"rendered":"Terzo Pentacolo Maggiore di Dom Bernardin &#8211; Le Fils"},"content":{"rendered":"<p>Nella seconda met\u00e0 del secolo scorso il mondo occidentale si trov\u00f2 dinnanzi ad una delle crisi umanitarie pi\u00f9 pesanti della storia. L\u2019Europa, aldil\u00e0 degli esiti bellici, aveva dovuto fare i conti con perdite umane ed economiche. In questo clima si erge in Francia la figura di Dom Bernardin, pseudonimo di un autore che rivoluzion\u00f2 l\u2019esoterismo d\u2019Oltralpe associando, come gi\u00e0 fece l\u2019Abate Julio nel secolo precedente, orazioni all\u2019impiego di pentacoli. I suoi testi di Magia Bianca portarono la speranza alle generazioni postbelliche aiutando moltissime persone a superare quel periodo di crisi alla luce del credo Cristiano e di una nuova speranza verso l\u2019avvenire.<br \/>\nIl Crogiuolo\u00ae vi propone i Pentacoli Maggiori di Dom Bernardin incise su medaglie in argento 925 ed accompagnati dall\u2019orazione appropriata per trarre da questo strumento teurgico benedizioni per superare ogni difficolt\u00e0 della vita.<br \/>\nIl terzo Pentacolo Maggiore di Dom Bernardin \u00e8 considerato una protezione potente contro i nemici, anche occulti, contro i pettegolezzi, le calunnie, le lingue velenose, gli attacchi perfidi e subdoli dei demoni e degli spiriti malvagi.<\/p>\n","protected":false},"excerpt":{"rendered":"<p>Nella seconda met\u00e0 del secolo scorso il mondo occidentale si trov\u00f2 dinnanzi ad una delle crisi umanitarie pi\u00f9 pesanti della&#8230;<\/p>\n","protected":false},"featured_media":34852,"template":"","meta":{"_acf_changed":false},"product_brand":[],"product_cat":[1981,2025],"product_tag":[],"class_list":{"0":"post-34785","1":"product","2":"type-product","3":"status-publish","4":"has-post-thumbnail","6":"product_cat-senza-categoria","7":"product_cat-pentacoli-esoterici-dom-bernardin","9":"first","10":"instock","11":"sale","12":"taxable","13":"shipping-taxable","14":"purchasable","15":"product-type-variable","16":"has-default-attributes","17":"add-to-wishlist-before_image"},"acf":[],"yoast_head":"<!-- This site is optimized with the Yoast SEO plugin v26.9 - https:\/\/yoast.com\/product\/yoast-seo-wordpress\/ -->\n<title>Terzo Pentacolo Maggiore di Dom Bernardin - Le Fils - Il Crogiuolo<\/title>\n<meta name=\"description\" content=\"Terzo Pentacolo Maggiore di Dom Bernardin - Le Fils Nella seconda met\u00e0 del secolo scorso il mondo occidentale si trov\u00f2 dinnanzi ad una delle crisi umanitarie pi\u00f9 pesanti della storia. L\u2019Europa, aldil\u00e0 degli\" \/>\n<meta name=\"robots\" content=\"index, follow, max-snippet:-1, max-image-preview:large, max-video-preview:-1\" \/>\n<link rel=\"canonical\" href=\"https:\/\/ilcrogiuolo.it\/it\/p\/terzo-pentacolo-maggiore-di-dom-bernardin-le-fils\/\" \/>\n<meta property=\"og:locale\" content=\"it_IT\" \/>\n<meta property=\"og:type\" content=\"article\" \/>\n<meta property=\"og:title\" content=\"Terzo Pentacolo Maggiore di Dom Bernardin - Le Fils - Il Crogiuolo\" \/>\n<meta property=\"og:description\" content=\"Terzo Pentacolo Maggiore di Dom Bernardin - Le Fils Nella seconda met\u00e0 del secolo scorso il mondo occidentale si trov\u00f2 dinnanzi ad una delle crisi umanitarie pi\u00f9 pesanti della storia. L\u2019Europa, aldil\u00e0 degli\" \/>\n<meta property=\"og:url\" content=\"https:\/\/ilcrogiuolo.it\/it\/p\/terzo-pentacolo-maggiore-di-dom-bernardin-le-fils\/\" \/>\n<meta property=\"og:site_name\" content=\"Il Crogiuolo\" \/>\n<meta property=\"article:publisher\" content=\"https:\/\/www.facebook.com\/Il-Crogiuolo-681876418491758\" \/>\n<meta property=\"article:modified_time\" content=\"2025-10-16T09:09:52+00:00\" \/>\n<meta property=\"og:image\" content=\"https:\/\/ilcrogiuolo.it\/wp-content\/uploads\/2022\/01\/pentacolo_le_fils_argento-2.jpg\" \/>\n\t<meta property=\"og:image:width\" content=\"2361\" \/>\n\t<meta property=\"og:image:height\" content=\"2361\" \/>\n\t<meta property=\"og:image:type\" content=\"image\/jpeg\" \/>\n<meta name=\"twitter:card\" content=\"summary_large_image\" \/>\n<meta name=\"twitter:label1\" content=\"Tempo di lettura stimato\" \/>\n\t<meta name=\"twitter:data1\" content=\"2 minuti\" \/>\n<script type=\"application\/ld+json\" class=\"yoast-schema-graph\">{\"@context\":\"https:\/\/schema.org\",\"@graph\":[{\"@type\":\"WebPage\",\"@id\":\"https:\/\/ilcrogiuolo.it\/it\/p\/terzo-pentacolo-maggiore-di-dom-bernardin-le-fils\/\",\"url\":\"https:\/\/ilcrogiuolo.it\/it\/p\/terzo-pentacolo-maggiore-di-dom-bernardin-le-fils\/\",\"name\":\"Terzo Pentacolo Maggiore di Dom Bernardin - Le Fils - Il Crogiuolo\",\"isPartOf\":{\"@id\":\"https:\/\/ilcrogiuolo.it\/it\/#website\"},\"primaryImageOfPage\":{\"@id\":\"https:\/\/ilcrogiuolo.it\/it\/p\/terzo-pentacolo-maggiore-di-dom-bernardin-le-fils\/#primaryimage\"},\"image\":{\"@id\":\"https:\/\/ilcrogiuolo.it\/it\/p\/terzo-pentacolo-maggiore-di-dom-bernardin-le-fils\/#primaryimage\"},\"thumbnailUrl\":\"https:\/\/ilcrogiuolo.it\/wp-content\/uploads\/2022\/01\/pentacolo_le_fils_argento-2.jpg\",\"datePublished\":\"2022-01-20T14:19:18+00:00\",\"dateModified\":\"2025-10-16T09:09:52+00:00\",\"description\":\"Terzo Pentacolo Maggiore di Dom Bernardin - Le Fils Nella seconda met\u00e0 del secolo scorso il mondo occidentale si trov\u00f2 dinnanzi ad una delle crisi umanitarie pi\u00f9 pesanti della storia. L\u2019Europa, aldil\u00e0 degli\",\"breadcrumb\":{\"@id\":\"https:\/\/ilcrogiuolo.it\/it\/p\/terzo-pentacolo-maggiore-di-dom-bernardin-le-fils\/#breadcrumb\"},\"inLanguage\":\"it-IT\",\"potentialAction\":[{\"@type\":\"ReadAction\",\"target\":[\"https:\/\/ilcrogiuolo.it\/it\/p\/terzo-pentacolo-maggiore-di-dom-bernardin-le-fils\/\"]}]},{\"@type\":\"ImageObject\",\"inLanguage\":\"it-IT\",\"@id\":\"https:\/\/ilcrogiuolo.it\/it\/p\/terzo-pentacolo-maggiore-di-dom-bernardin-le-fils\/#primaryimage\",\"url\":\"https:\/\/ilcrogiuolo.it\/wp-content\/uploads\/2022\/01\/pentacolo_le_fils_argento-2.jpg\",\"contentUrl\":\"https:\/\/ilcrogiuolo.it\/wp-content\/uploads\/2022\/01\/pentacolo_le_fils_argento-2.jpg\",\"width\":2361,\"height\":2361},{\"@type\":\"BreadcrumbList\",\"@id\":\"https:\/\/ilcrogiuolo.it\/it\/p\/terzo-pentacolo-maggiore-di-dom-bernardin-le-fils\/#breadcrumb\",\"itemListElement\":[{\"@type\":\"ListItem\",\"position\":1,\"name\":\"Home\",\"item\":\"https:\/\/ilcrogiuolo.it\/it\/\"},{\"@type\":\"ListItem\",\"position\":2,\"name\":\"Shop\",\"item\":\"https:\/\/ilcrogiuolo.it\/it\/negozio\/\"},{\"@type\":\"ListItem\",\"position\":3,\"name\":\"Terzo Pentacolo Maggiore di Dom Bernardin &#8211; Le Fils\"}]},{\"@type\":\"WebSite\",\"@id\":\"https:\/\/ilcrogiuolo.it\/it\/#website\",\"url\":\"https:\/\/ilcrogiuolo.it\/it\/\",\"name\":\"Il Crogiuolo\",\"description\":\"\",\"publisher\":{\"@id\":\"https:\/\/ilcrogiuolo.it\/it\/#organization\"},\"potentialAction\":[{\"@type\":\"SearchAction\",\"target\":{\"@type\":\"EntryPoint\",\"urlTemplate\":\"https:\/\/ilcrogiuolo.it\/it\/?s={search_term_string}\"},\"query-input\":{\"@type\":\"PropertyValueSpecification\",\"valueRequired\":true,\"valueName\":\"search_term_string\"}}],\"inLanguage\":\"it-IT\"},{\"@type\":\"Organization\",\"@id\":\"https:\/\/ilcrogiuolo.it\/it\/#organization\",\"name\":\"Il Crogiuolo\",\"url\":\"https:\/\/ilcrogiuolo.it\/it\/\",\"logo\":{\"@type\":\"ImageObject\",\"inLanguage\":\"it-IT\",\"@id\":\"https:\/\/ilcrogiuolo.it\/it\/#\/schema\/logo\/image\/\",\"url\":\"https:\/\/ilcrogiuolo.it\/wp-content\/uploads\/2020\/04\/logo.png\",\"contentUrl\":\"https:\/\/ilcrogiuolo.it\/wp-content\/uploads\/2020\/04\/logo.png\",\"width\":200,\"height\":49,\"caption\":\"Il Crogiuolo\"},\"image\":{\"@id\":\"https:\/\/ilcrogiuolo.it\/it\/#\/schema\/logo\/image\/\"},\"sameAs\":[\"https:\/\/www.facebook.com\/Il-Crogiuolo-681876418491758\"]}]}<\/script>\n<!-- \/ Yoast SEO plugin. -->","yoast_head_json":{"title":"Terzo Pentacolo Maggiore di Dom Bernardin - Le Fils - Il Crogiuolo","description":"Terzo Pentacolo Maggiore di Dom Bernardin - Le Fils Nella seconda met\u00e0 del secolo scorso il mondo occidentale si trov\u00f2 dinnanzi ad una delle crisi umanitarie pi\u00f9 pesanti della storia. L\u2019Europa, aldil\u00e0 degli","robots":{"index":"index","follow":"follow","max-snippet":"max-snippet:-1","max-image-preview":"max-image-preview:large","max-video-preview":"max-video-preview:-1"},"canonical":"https:\/\/ilcrogiuolo.it\/it\/p\/terzo-pentacolo-maggiore-di-dom-bernardin-le-fils\/","og_locale":"it_IT","og_type":"article","og_title":"Terzo Pentacolo Maggiore di Dom Bernardin - Le Fils - Il Crogiuolo","og_description":"Terzo Pentacolo Maggiore di Dom Bernardin - Le Fils Nella seconda met\u00e0 del secolo scorso il mondo occidentale si trov\u00f2 dinnanzi ad una delle crisi umanitarie pi\u00f9 pesanti della storia. L\u2019Europa, aldil\u00e0 degli","og_url":"https:\/\/ilcrogiuolo.it\/it\/p\/terzo-pentacolo-maggiore-di-dom-bernardin-le-fils\/","og_site_name":"Il Crogiuolo","article_publisher":"https:\/\/www.facebook.com\/Il-Crogiuolo-681876418491758","article_modified_time":"2025-10-16T09:09:52+00:00","og_image":[{"width":2361,"height":2361,"url":"https:\/\/ilcrogiuolo.it\/wp-content\/uploads\/2022\/01\/pentacolo_le_fils_argento-2.jpg","type":"image\/jpeg"}],"twitter_card":"summary_large_image","twitter_misc":{"Tempo di lettura stimato":"2 minuti"},"schema":{"@context":"https:\/\/schema.org","@graph":[{"@type":"WebPage","@id":"https:\/\/ilcrogiuolo.it\/it\/p\/terzo-pentacolo-maggiore-di-dom-bernardin-le-fils\/","url":"https:\/\/ilcrogiuolo.it\/it\/p\/terzo-pentacolo-maggiore-di-dom-bernardin-le-fils\/","name":"Terzo Pentacolo Maggiore di Dom Bernardin - Le Fils - Il Crogiuolo","isPartOf":{"@id":"https:\/\/ilcrogiuolo.it\/it\/#website"},"primaryImageOfPage":{"@id":"https:\/\/ilcrogiuolo.it\/it\/p\/terzo-pentacolo-maggiore-di-dom-bernardin-le-fils\/#primaryimage"},"image":{"@id":"https:\/\/ilcrogiuolo.it\/it\/p\/terzo-pentacolo-maggiore-di-dom-bernardin-le-fils\/#primaryimage"},"thumbnailUrl":"https:\/\/ilcrogiuolo.it\/wp-content\/uploads\/2022\/01\/pentacolo_le_fils_argento-2.jpg","datePublished":"2022-01-20T14:19:18+00:00","dateModified":"2025-10-16T09:09:52+00:00","description":"Terzo Pentacolo Maggiore di Dom Bernardin - Le Fils Nella seconda met\u00e0 del secolo scorso il mondo occidentale si trov\u00f2 dinnanzi ad una delle crisi umanitarie pi\u00f9 pesanti della storia. L\u2019Europa, aldil\u00e0 degli","breadcrumb":{"@id":"https:\/\/ilcrogiuolo.it\/it\/p\/terzo-pentacolo-maggiore-di-dom-bernardin-le-fils\/#breadcrumb"},"inLanguage":"it-IT","potentialAction":[{"@type":"ReadAction","target":["https:\/\/ilcrogiuolo.it\/it\/p\/terzo-pentacolo-maggiore-di-dom-bernardin-le-fils\/"]}]},{"@type":"ImageObject","inLanguage":"it-IT","@id":"https:\/\/ilcrogiuolo.it\/it\/p\/terzo-pentacolo-maggiore-di-dom-bernardin-le-fils\/#primaryimage","url":"https:\/\/ilcrogiuolo.it\/wp-content\/uploads\/2022\/01\/pentacolo_le_fils_argento-2.jpg","contentUrl":"https:\/\/ilcrogiuolo.it\/wp-content\/uploads\/2022\/01\/pentacolo_le_fils_argento-2.jpg","width":2361,"height":2361},{"@type":"BreadcrumbList","@id":"https:\/\/ilcrogiuolo.it\/it\/p\/terzo-pentacolo-maggiore-di-dom-bernardin-le-fils\/#breadcrumb","itemListElement":[{"@type":"ListItem","position":1,"name":"Home","item":"https:\/\/ilcrogiuolo.it\/it\/"},{"@type":"ListItem","position":2,"name":"Shop","item":"https:\/\/ilcrogiuolo.it\/it\/negozio\/"},{"@type":"ListItem","position":3,"name":"Terzo Pentacolo Maggiore di Dom Bernardin &#8211; Le Fils"}]},{"@type":"WebSite","@id":"https:\/\/ilcrogiuolo.it\/it\/#website","url":"https:\/\/ilcrogiuolo.it\/it\/","name":"Il Crogiuolo","description":"","publisher":{"@id":"https:\/\/ilcrogiuolo.it\/it\/#organization"},"potentialAction":[{"@type":"SearchAction","target":{"@type":"EntryPoint","urlTemplate":"https:\/\/ilcrogiuolo.it\/it\/?s={search_term_string}"},"query-input":{"@type":"PropertyValueSpecification","valueRequired":true,"valueName":"search_term_string"}}],"inLanguage":"it-IT"},{"@type":"Organization","@id":"https:\/\/ilcrogiuolo.it\/it\/#organization","name":"Il Crogiuolo","url":"https:\/\/ilcrogiuolo.it\/it\/","logo":{"@type":"ImageObject","inLanguage":"it-IT","@id":"https:\/\/ilcrogiuolo.it\/it\/#\/schema\/logo\/image\/","url":"https:\/\/ilcrogiuolo.it\/wp-content\/uploads\/2020\/04\/logo.png","contentUrl":"https:\/\/ilcrogiuolo.it\/wp-content\/uploads\/2020\/04\/logo.png","width":200,"height":49,"caption":"Il Crogiuolo"},"image":{"@id":"https:\/\/ilcrogiuolo.it\/it\/#\/schema\/logo\/image\/"},"sameAs":["https:\/\/www.facebook.com\/Il-Crogiuolo-681876418491758"]}]}},"_links":{"self":[{"href":"https:\/\/ilcrogiuolo.it\/it\/wp-json\/wp\/v2\/product\/34785","targetHints":{"allow":["GET"]}}],"collection":[{"href":"https:\/\/ilcrogiuolo.it\/it\/wp-json\/wp\/v2\/product"}],"about":[{"href":"https:\/\/ilcrogiuolo.it\/it\/wp-json\/wp\/v2\/types\/product"}],"wp:featuredmedia":[{"embeddable":true,"href":"https:\/\/ilcrogiuolo.it\/it\/wp-json\/wp\/v2\/media\/34852"}],"wp:attachment":[{"href":"https:\/\/ilcrogiuolo.it\/it\/wp-json\/wp\/v2\/media?parent=34785"}],"wp:term":[{"taxonomy":"product_brand","embeddable":true,"href":"https:\/\/ilcrogiuolo.it\/it\/wp-json\/wp\/v2\/product_brand?post=34785"},{"taxonomy":"product_cat","embeddable":true,"href":"https:\/\/ilcrogiuolo.it\/it\/wp-json\/wp\/v2\/product_cat?post=34785"},{"taxonomy":"product_tag","embeddable":true,"href":"https:\/\/ilcrogiuolo.it\/it\/wp-json\/wp\/v2\/product_tag?post=34785"}],"curies":[{"name":"wp","href":"https:\/\/api.w.org\/{rel}","templated":true}]}}