{"id":34626,"date":"2022-01-13T14:34:40","date_gmt":"2022-01-13T13:34:40","guid":{"rendered":"https:\/\/ilcrogiuolo.it\/?post_type=product&#038;p=34626"},"modified":"2023-11-14T13:53:55","modified_gmt":"2023-11-14T12:53:55","slug":"kit-rituale-tumba-trabajo-9-micce-viola","status":"publish","type":"product","link":"https:\/\/ilcrogiuolo.it\/it\/p\/kit-rituale-tumba-trabajo-9-micce-viola\/","title":{"rendered":"Kit Rituale &#8211; TUMBA TRABAJO 9 MICCE VIOLA"},"content":{"rendered":"<p>I kit TUMBA TRABAJO sono una linea di pratiche che impiegano un cero ritualizzato artigianale al cui interno sono contenute erbe che a livello esoterico sono associate alla pratica per cui il cero \u00e8 dedicato. I ceri TUMBA TRABAJO hanno nove stoppini che verranno accesi durante la pratica. Questo speciale cero a nove stoppini \u00e8 stato elaborato per esercitare dominio su un soggetto e costringerlo ai propri voleri. Si impiega per fare cambiare idea ad una persona o per esercitare un vero e proprio plagio mentale, ma anche per spingere qualcuno a mantenere una promessa o accettare una propria richiesta. La pratica si esegue in un marted\u00ec o in un gioved\u00ec. La fase lunare \u00e8 ininfluente. La particolarit\u00e0 di questo cero consiste non solo nei nove stoppini di cui \u00e8 dotato la cui simbologia fa riferimento alla novena magica, ma anche nelle erbe con cui viene caricato che da secoli vengono impiegate a livello esoterico nelle opere di sottomissione. Il vel\u00f2n 9 stoppini di dominio non \u00e8 un semplice cero ritualizzato, ma in ragione degli ingredienti che lo compongono \u00e8 un vero e proprio rituale pratico nell\u2019esecuzione e di grande efficacia esoterica. Ogni kit TUMBA TRABAJO contiene istruzioni dettagliate per lo svolgimento della pratica.<\/p>\n","protected":false},"excerpt":{"rendered":"<p>I kit TUMBA TRABAJO sono una linea di pratiche che impiegano un cero ritualizzato artigianale al cui interno sono contenute&#8230;<\/p>\n","protected":false},"featured_media":34628,"template":"","meta":{"_acf_changed":false},"product_brand":[],"product_cat":[1079,1059,1275],"product_tag":[],"class_list":{"0":"post-34626","1":"product","2":"type-product","3":"status-publish","4":"has-post-thumbnail","6":"product_cat-rituali-afrobrasiliani-santeria","7":"product_cat-articoli-esoterici","8":"product_cat-kit-conjuntos-con-le-candele-del-santo","10":"first","11":"instock","12":"taxable","13":"shipping-taxable","14":"purchasable","15":"product-type-simple","16":"add-to-wishlist-before_image"},"acf":[],"yoast_head":"<!-- This site is optimized with the Yoast SEO plugin v26.9 - https:\/\/yoast.com\/product\/yoast-seo-wordpress\/ -->\n<title>Kit Rituale - TUMBA TRABAJO 9 MICCE VIOLA - Il Crogiuolo<\/title>\n<meta name=\"description\" content=\"Kit Rituale - TUMBA TRABAJO 9 MICCE VIOLA I kit TUMBA TRABAJO sono una linea di pratiche che impiegano un cero ritualizzato artigianale al cui interno sono contenute erbe che a livello esoterico\" \/>\n<meta name=\"robots\" content=\"index, follow, max-snippet:-1, max-image-preview:large, max-video-preview:-1\" \/>\n<link rel=\"canonical\" href=\"https:\/\/ilcrogiuolo.it\/it\/p\/kit-rituale-tumba-trabajo-9-micce-viola\/\" \/>\n<meta property=\"og:locale\" content=\"it_IT\" \/>\n<meta property=\"og:type\" content=\"article\" \/>\n<meta property=\"og:title\" content=\"Kit Rituale - TUMBA TRABAJO 9 MICCE VIOLA - Il Crogiuolo\" \/>\n<meta property=\"og:description\" content=\"Kit Rituale - TUMBA TRABAJO 9 MICCE VIOLA I kit TUMBA TRABAJO sono una linea di pratiche che impiegano un cero ritualizzato artigianale al cui interno sono contenute erbe che a livello esoterico\" \/>\n<meta property=\"og:url\" content=\"https:\/\/ilcrogiuolo.it\/it\/p\/kit-rituale-tumba-trabajo-9-micce-viola\/\" \/>\n<meta property=\"og:site_name\" content=\"Il Crogiuolo\" \/>\n<meta property=\"article:publisher\" content=\"https:\/\/www.facebook.com\/Il-Crogiuolo-681876418491758\" \/>\n<meta property=\"article:modified_time\" content=\"2023-11-14T12:53:55+00:00\" \/>\n<meta property=\"og:image\" content=\"https:\/\/ilcrogiuolo.it\/wp-content\/uploads\/2022\/01\/TUMBA-TRABAJO-VIOLA.jpg\" \/>\n\t<meta property=\"og:image:width\" content=\"627\" \/>\n\t<meta property=\"og:image:height\" content=\"600\" \/>\n\t<meta property=\"og:image:type\" content=\"image\/jpeg\" \/>\n<meta name=\"twitter:card\" content=\"summary_large_image\" \/>\n<meta name=\"twitter:label1\" content=\"Tempo di lettura stimato\" \/>\n\t<meta name=\"twitter:data1\" content=\"2 minuti\" \/>\n<script type=\"application\/ld+json\" class=\"yoast-schema-graph\">{\"@context\":\"https:\/\/schema.org\",\"@graph\":[{\"@type\":\"WebPage\",\"@id\":\"https:\/\/ilcrogiuolo.it\/it\/p\/kit-rituale-tumba-trabajo-9-micce-viola\/\",\"url\":\"https:\/\/ilcrogiuolo.it\/it\/p\/kit-rituale-tumba-trabajo-9-micce-viola\/\",\"name\":\"Kit Rituale - TUMBA TRABAJO 9 MICCE VIOLA - Il Crogiuolo\",\"isPartOf\":{\"@id\":\"https:\/\/ilcrogiuolo.it\/it\/#website\"},\"primaryImageOfPage\":{\"@id\":\"https:\/\/ilcrogiuolo.it\/it\/p\/kit-rituale-tumba-trabajo-9-micce-viola\/#primaryimage\"},\"image\":{\"@id\":\"https:\/\/ilcrogiuolo.it\/it\/p\/kit-rituale-tumba-trabajo-9-micce-viola\/#primaryimage\"},\"thumbnailUrl\":\"https:\/\/ilcrogiuolo.it\/wp-content\/uploads\/2022\/01\/TUMBA-TRABAJO-VIOLA.jpg\",\"datePublished\":\"2022-01-13T13:34:40+00:00\",\"dateModified\":\"2023-11-14T12:53:55+00:00\",\"description\":\"Kit Rituale - TUMBA TRABAJO 9 MICCE VIOLA I kit TUMBA TRABAJO sono una linea di pratiche che impiegano un cero ritualizzato artigianale al cui interno sono contenute erbe che a livello esoterico\",\"breadcrumb\":{\"@id\":\"https:\/\/ilcrogiuolo.it\/it\/p\/kit-rituale-tumba-trabajo-9-micce-viola\/#breadcrumb\"},\"inLanguage\":\"it-IT\",\"potentialAction\":[{\"@type\":\"ReadAction\",\"target\":[\"https:\/\/ilcrogiuolo.it\/it\/p\/kit-rituale-tumba-trabajo-9-micce-viola\/\"]}]},{\"@type\":\"ImageObject\",\"inLanguage\":\"it-IT\",\"@id\":\"https:\/\/ilcrogiuolo.it\/it\/p\/kit-rituale-tumba-trabajo-9-micce-viola\/#primaryimage\",\"url\":\"https:\/\/ilcrogiuolo.it\/wp-content\/uploads\/2022\/01\/TUMBA-TRABAJO-VIOLA.jpg\",\"contentUrl\":\"https:\/\/ilcrogiuolo.it\/wp-content\/uploads\/2022\/01\/TUMBA-TRABAJO-VIOLA.jpg\",\"width\":627,\"height\":600},{\"@type\":\"BreadcrumbList\",\"@id\":\"https:\/\/ilcrogiuolo.it\/it\/p\/kit-rituale-tumba-trabajo-9-micce-viola\/#breadcrumb\",\"itemListElement\":[{\"@type\":\"ListItem\",\"position\":1,\"name\":\"Home\",\"item\":\"https:\/\/ilcrogiuolo.it\/it\/\"},{\"@type\":\"ListItem\",\"position\":2,\"name\":\"Shop\",\"item\":\"https:\/\/ilcrogiuolo.it\/it\/negozio\/\"},{\"@type\":\"ListItem\",\"position\":3,\"name\":\"Kit Rituale &#8211; TUMBA TRABAJO 9 MICCE VIOLA\"}]},{\"@type\":\"WebSite\",\"@id\":\"https:\/\/ilcrogiuolo.it\/it\/#website\",\"url\":\"https:\/\/ilcrogiuolo.it\/it\/\",\"name\":\"Il Crogiuolo\",\"description\":\"\",\"publisher\":{\"@id\":\"https:\/\/ilcrogiuolo.it\/it\/#organization\"},\"potentialAction\":[{\"@type\":\"SearchAction\",\"target\":{\"@type\":\"EntryPoint\",\"urlTemplate\":\"https:\/\/ilcrogiuolo.it\/it\/?s={search_term_string}\"},\"query-input\":{\"@type\":\"PropertyValueSpecification\",\"valueRequired\":true,\"valueName\":\"search_term_string\"}}],\"inLanguage\":\"it-IT\"},{\"@type\":\"Organization\",\"@id\":\"https:\/\/ilcrogiuolo.it\/it\/#organization\",\"name\":\"Il Crogiuolo\",\"url\":\"https:\/\/ilcrogiuolo.it\/it\/\",\"logo\":{\"@type\":\"ImageObject\",\"inLanguage\":\"it-IT\",\"@id\":\"https:\/\/ilcrogiuolo.it\/it\/#\/schema\/logo\/image\/\",\"url\":\"https:\/\/ilcrogiuolo.it\/wp-content\/uploads\/2020\/04\/logo.png\",\"contentUrl\":\"https:\/\/ilcrogiuolo.it\/wp-content\/uploads\/2020\/04\/logo.png\",\"width\":200,\"height\":49,\"caption\":\"Il Crogiuolo\"},\"image\":{\"@id\":\"https:\/\/ilcrogiuolo.it\/it\/#\/schema\/logo\/image\/\"},\"sameAs\":[\"https:\/\/www.facebook.com\/Il-Crogiuolo-681876418491758\"]}]}<\/script>\n<!-- \/ Yoast SEO plugin. -->","yoast_head_json":{"title":"Kit Rituale - TUMBA TRABAJO 9 MICCE VIOLA - Il Crogiuolo","description":"Kit Rituale - TUMBA TRABAJO 9 MICCE VIOLA I kit TUMBA TRABAJO sono una linea di pratiche che impiegano un cero ritualizzato artigianale al cui interno sono contenute erbe che a livello esoterico","robots":{"index":"index","follow":"follow","max-snippet":"max-snippet:-1","max-image-preview":"max-image-preview:large","max-video-preview":"max-video-preview:-1"},"canonical":"https:\/\/ilcrogiuolo.it\/it\/p\/kit-rituale-tumba-trabajo-9-micce-viola\/","og_locale":"it_IT","og_type":"article","og_title":"Kit Rituale - TUMBA TRABAJO 9 MICCE VIOLA - Il Crogiuolo","og_description":"Kit Rituale - TUMBA TRABAJO 9 MICCE VIOLA I kit TUMBA TRABAJO sono una linea di pratiche che impiegano un cero ritualizzato artigianale al cui interno sono contenute erbe che a livello esoterico","og_url":"https:\/\/ilcrogiuolo.it\/it\/p\/kit-rituale-tumba-trabajo-9-micce-viola\/","og_site_name":"Il Crogiuolo","article_publisher":"https:\/\/www.facebook.com\/Il-Crogiuolo-681876418491758","article_modified_time":"2023-11-14T12:53:55+00:00","og_image":[{"width":627,"height":600,"url":"https:\/\/ilcrogiuolo.it\/wp-content\/uploads\/2022\/01\/TUMBA-TRABAJO-VIOLA.jpg","type":"image\/jpeg"}],"twitter_card":"summary_large_image","twitter_misc":{"Tempo di lettura stimato":"2 minuti"},"schema":{"@context":"https:\/\/schema.org","@graph":[{"@type":"WebPage","@id":"https:\/\/ilcrogiuolo.it\/it\/p\/kit-rituale-tumba-trabajo-9-micce-viola\/","url":"https:\/\/ilcrogiuolo.it\/it\/p\/kit-rituale-tumba-trabajo-9-micce-viola\/","name":"Kit Rituale - TUMBA TRABAJO 9 MICCE VIOLA - Il Crogiuolo","isPartOf":{"@id":"https:\/\/ilcrogiuolo.it\/it\/#website"},"primaryImageOfPage":{"@id":"https:\/\/ilcrogiuolo.it\/it\/p\/kit-rituale-tumba-trabajo-9-micce-viola\/#primaryimage"},"image":{"@id":"https:\/\/ilcrogiuolo.it\/it\/p\/kit-rituale-tumba-trabajo-9-micce-viola\/#primaryimage"},"thumbnailUrl":"https:\/\/ilcrogiuolo.it\/wp-content\/uploads\/2022\/01\/TUMBA-TRABAJO-VIOLA.jpg","datePublished":"2022-01-13T13:34:40+00:00","dateModified":"2023-11-14T12:53:55+00:00","description":"Kit Rituale - TUMBA TRABAJO 9 MICCE VIOLA I kit TUMBA TRABAJO sono una linea di pratiche che impiegano un cero ritualizzato artigianale al cui interno sono contenute erbe che a livello esoterico","breadcrumb":{"@id":"https:\/\/ilcrogiuolo.it\/it\/p\/kit-rituale-tumba-trabajo-9-micce-viola\/#breadcrumb"},"inLanguage":"it-IT","potentialAction":[{"@type":"ReadAction","target":["https:\/\/ilcrogiuolo.it\/it\/p\/kit-rituale-tumba-trabajo-9-micce-viola\/"]}]},{"@type":"ImageObject","inLanguage":"it-IT","@id":"https:\/\/ilcrogiuolo.it\/it\/p\/kit-rituale-tumba-trabajo-9-micce-viola\/#primaryimage","url":"https:\/\/ilcrogiuolo.it\/wp-content\/uploads\/2022\/01\/TUMBA-TRABAJO-VIOLA.jpg","contentUrl":"https:\/\/ilcrogiuolo.it\/wp-content\/uploads\/2022\/01\/TUMBA-TRABAJO-VIOLA.jpg","width":627,"height":600},{"@type":"BreadcrumbList","@id":"https:\/\/ilcrogiuolo.it\/it\/p\/kit-rituale-tumba-trabajo-9-micce-viola\/#breadcrumb","itemListElement":[{"@type":"ListItem","position":1,"name":"Home","item":"https:\/\/ilcrogiuolo.it\/it\/"},{"@type":"ListItem","position":2,"name":"Shop","item":"https:\/\/ilcrogiuolo.it\/it\/negozio\/"},{"@type":"ListItem","position":3,"name":"Kit Rituale &#8211; TUMBA TRABAJO 9 MICCE VIOLA"}]},{"@type":"WebSite","@id":"https:\/\/ilcrogiuolo.it\/it\/#website","url":"https:\/\/ilcrogiuolo.it\/it\/","name":"Il Crogiuolo","description":"","publisher":{"@id":"https:\/\/ilcrogiuolo.it\/it\/#organization"},"potentialAction":[{"@type":"SearchAction","target":{"@type":"EntryPoint","urlTemplate":"https:\/\/ilcrogiuolo.it\/it\/?s={search_term_string}"},"query-input":{"@type":"PropertyValueSpecification","valueRequired":true,"valueName":"search_term_string"}}],"inLanguage":"it-IT"},{"@type":"Organization","@id":"https:\/\/ilcrogiuolo.it\/it\/#organization","name":"Il Crogiuolo","url":"https:\/\/ilcrogiuolo.it\/it\/","logo":{"@type":"ImageObject","inLanguage":"it-IT","@id":"https:\/\/ilcrogiuolo.it\/it\/#\/schema\/logo\/image\/","url":"https:\/\/ilcrogiuolo.it\/wp-content\/uploads\/2020\/04\/logo.png","contentUrl":"https:\/\/ilcrogiuolo.it\/wp-content\/uploads\/2020\/04\/logo.png","width":200,"height":49,"caption":"Il Crogiuolo"},"image":{"@id":"https:\/\/ilcrogiuolo.it\/it\/#\/schema\/logo\/image\/"},"sameAs":["https:\/\/www.facebook.com\/Il-Crogiuolo-681876418491758"]}]}},"_links":{"self":[{"href":"https:\/\/ilcrogiuolo.it\/it\/wp-json\/wp\/v2\/product\/34626","targetHints":{"allow":["GET"]}}],"collection":[{"href":"https:\/\/ilcrogiuolo.it\/it\/wp-json\/wp\/v2\/product"}],"about":[{"href":"https:\/\/ilcrogiuolo.it\/it\/wp-json\/wp\/v2\/types\/product"}],"wp:featuredmedia":[{"embeddable":true,"href":"https:\/\/ilcrogiuolo.it\/it\/wp-json\/wp\/v2\/media\/34628"}],"wp:attachment":[{"href":"https:\/\/ilcrogiuolo.it\/it\/wp-json\/wp\/v2\/media?parent=34626"}],"wp:term":[{"taxonomy":"product_brand","embeddable":true,"href":"https:\/\/ilcrogiuolo.it\/it\/wp-json\/wp\/v2\/product_brand?post=34626"},{"taxonomy":"product_cat","embeddable":true,"href":"https:\/\/ilcrogiuolo.it\/it\/wp-json\/wp\/v2\/product_cat?post=34626"},{"taxonomy":"product_tag","embeddable":true,"href":"https:\/\/ilcrogiuolo.it\/it\/wp-json\/wp\/v2\/product_tag?post=34626"}],"curies":[{"name":"wp","href":"https:\/\/api.w.org\/{rel}","templated":true}]}}