{"id":3440,"date":"2020-01-14T17:06:36","date_gmt":"2020-01-14T16:06:36","guid":{"rendered":"https:\/\/ilcrogiuolo.it\/p\/trabalho-di-exu-dominante\/"},"modified":"2020-12-09T15:13:15","modified_gmt":"2020-12-09T14:13:15","slug":"trabalho-di-exu-dominante","status":"publish","type":"product","link":"https:\/\/ilcrogiuolo.it\/it\/p\/trabalho-di-exu-dominante\/","title":{"rendered":"TRABALHO DI EXU DOMINANTE"},"content":{"rendered":"<p>Questa pratica di Quimbanda si rivolge alla poderosa energia di Ex\u00f9 per avere la meglio su uno o pi\u00f9 individui, influenzarli, dominarli e ridurli in proprio potere. Non \u00e8 un rituale che nasce come pratica di magia nera, tutto dipende dalla volont\u00e0 dell&#8217;operatore. La storia di questo rito merita di essere raccontata. Durante il periodo della tratta gli schiavi si trovavano in una situazione di grande disagio fisico, sottoposti giornalmente alle angherie dei loro padroni. Si rivolgevano allora a Ex\u00f9 per poter agire sulla mente dei loro padroni e dominarli in modo da avere la meglio sui loro soprusi e trasformarsi da vittime in carnefici per punire la loro cattiveria. Si esegue questa pratica per inculcare nella mente di una persona un comando e trionfare.<\/p>\n","protected":false},"excerpt":{"rendered":"<p>Questa pratica di Quimbanda si rivolge alla poderosa energia di Ex\u00f9 per avere la meglio su uno o pi\u00f9 individui,&#8230;<\/p>\n","protected":false},"featured_media":3441,"template":"","meta":{"_acf_changed":false},"product_brand":[],"product_cat":[1079,1059,1273],"product_tag":[],"class_list":{"0":"post-3440","1":"product","2":"type-product","3":"status-publish","4":"has-post-thumbnail","6":"product_cat-rituali-afrobrasiliani-santeria","7":"product_cat-articoli-esoterici","8":"product_cat-rituali-di-dominio-sottomissione","10":"first","11":"instock","12":"sale","13":"taxable","14":"shipping-taxable","15":"purchasable","16":"product-type-simple","17":"add-to-wishlist-before_image"},"acf":[],"yoast_head":"<!-- This site is optimized with the Yoast SEO plugin v26.9 - https:\/\/yoast.com\/product\/yoast-seo-wordpress\/ -->\n<title>TRABALHO DI EXU DOMINANTE - Il Crogiuolo<\/title>\n<meta name=\"description\" content=\"TRABALHO DI EXU DOMINANTE Questa pratica di Quimbanda si rivolge alla poderosa energia di Ex\u00f9 per avere la meglio su uno o pi\u00f9 individui, influenzarli, dominarli e ridurli in\" \/>\n<meta name=\"robots\" content=\"index, follow, max-snippet:-1, max-image-preview:large, max-video-preview:-1\" \/>\n<link rel=\"canonical\" href=\"https:\/\/ilcrogiuolo.it\/it\/p\/trabalho-di-exu-dominante\/\" \/>\n<meta property=\"og:locale\" content=\"it_IT\" \/>\n<meta property=\"og:type\" content=\"article\" \/>\n<meta property=\"og:title\" content=\"TRABALHO DI EXU DOMINANTE - Il Crogiuolo\" \/>\n<meta property=\"og:description\" content=\"TRABALHO DI EXU DOMINANTE Questa pratica di Quimbanda si rivolge alla poderosa energia di Ex\u00f9 per avere la meglio su uno o pi\u00f9 individui, influenzarli, dominarli e ridurli in\" \/>\n<meta property=\"og:url\" content=\"https:\/\/ilcrogiuolo.it\/it\/p\/trabalho-di-exu-dominante\/\" \/>\n<meta property=\"og:site_name\" content=\"Il Crogiuolo\" \/>\n<meta property=\"article:publisher\" content=\"https:\/\/www.facebook.com\/Il-Crogiuolo-681876418491758\" \/>\n<meta property=\"article:modified_time\" content=\"2020-12-09T14:13:15+00:00\" \/>\n<meta property=\"og:image\" content=\"https:\/\/ilcrogiuolo.it\/wp-content\/uploads\/2020\/01\/exudominiorituale_8281712.jpg\" \/>\n\t<meta property=\"og:image:width\" content=\"627\" \/>\n\t<meta property=\"og:image:height\" content=\"600\" \/>\n\t<meta property=\"og:image:type\" content=\"image\/jpeg\" \/>\n<meta name=\"twitter:card\" content=\"summary_large_image\" \/>\n<meta name=\"twitter:label1\" content=\"Tempo di lettura stimato\" \/>\n\t<meta name=\"twitter:data1\" content=\"1 minuto\" \/>\n<script type=\"application\/ld+json\" class=\"yoast-schema-graph\">{\"@context\":\"https:\/\/schema.org\",\"@graph\":[{\"@type\":\"WebPage\",\"@id\":\"https:\/\/ilcrogiuolo.it\/it\/p\/trabalho-di-exu-dominante\/\",\"url\":\"https:\/\/ilcrogiuolo.it\/it\/p\/trabalho-di-exu-dominante\/\",\"name\":\"TRABALHO DI EXU DOMINANTE - Il Crogiuolo\",\"isPartOf\":{\"@id\":\"https:\/\/ilcrogiuolo.it\/it\/#website\"},\"primaryImageOfPage\":{\"@id\":\"https:\/\/ilcrogiuolo.it\/it\/p\/trabalho-di-exu-dominante\/#primaryimage\"},\"image\":{\"@id\":\"https:\/\/ilcrogiuolo.it\/it\/p\/trabalho-di-exu-dominante\/#primaryimage\"},\"thumbnailUrl\":\"https:\/\/ilcrogiuolo.it\/wp-content\/uploads\/2020\/01\/exudominiorituale_8281712.jpg\",\"datePublished\":\"2020-01-14T16:06:36+00:00\",\"dateModified\":\"2020-12-09T14:13:15+00:00\",\"description\":\"TRABALHO DI EXU DOMINANTE Questa pratica di Quimbanda si rivolge alla poderosa energia di Ex\u00f9 per avere la meglio su uno o pi\u00f9 individui, influenzarli, dominarli e ridurli in\",\"breadcrumb\":{\"@id\":\"https:\/\/ilcrogiuolo.it\/it\/p\/trabalho-di-exu-dominante\/#breadcrumb\"},\"inLanguage\":\"it-IT\",\"potentialAction\":[{\"@type\":\"ReadAction\",\"target\":[\"https:\/\/ilcrogiuolo.it\/it\/p\/trabalho-di-exu-dominante\/\"]}]},{\"@type\":\"ImageObject\",\"inLanguage\":\"it-IT\",\"@id\":\"https:\/\/ilcrogiuolo.it\/it\/p\/trabalho-di-exu-dominante\/#primaryimage\",\"url\":\"https:\/\/ilcrogiuolo.it\/wp-content\/uploads\/2020\/01\/exudominiorituale_8281712.jpg\",\"contentUrl\":\"https:\/\/ilcrogiuolo.it\/wp-content\/uploads\/2020\/01\/exudominiorituale_8281712.jpg\",\"width\":627,\"height\":600},{\"@type\":\"BreadcrumbList\",\"@id\":\"https:\/\/ilcrogiuolo.it\/it\/p\/trabalho-di-exu-dominante\/#breadcrumb\",\"itemListElement\":[{\"@type\":\"ListItem\",\"position\":1,\"name\":\"Home\",\"item\":\"https:\/\/ilcrogiuolo.it\/it\/\"},{\"@type\":\"ListItem\",\"position\":2,\"name\":\"Shop\",\"item\":\"https:\/\/ilcrogiuolo.it\/it\/negozio\/\"},{\"@type\":\"ListItem\",\"position\":3,\"name\":\"TRABALHO DI EXU DOMINANTE\"}]},{\"@type\":\"WebSite\",\"@id\":\"https:\/\/ilcrogiuolo.it\/it\/#website\",\"url\":\"https:\/\/ilcrogiuolo.it\/it\/\",\"name\":\"Il Crogiuolo\",\"description\":\"\",\"publisher\":{\"@id\":\"https:\/\/ilcrogiuolo.it\/it\/#organization\"},\"potentialAction\":[{\"@type\":\"SearchAction\",\"target\":{\"@type\":\"EntryPoint\",\"urlTemplate\":\"https:\/\/ilcrogiuolo.it\/it\/?s={search_term_string}\"},\"query-input\":{\"@type\":\"PropertyValueSpecification\",\"valueRequired\":true,\"valueName\":\"search_term_string\"}}],\"inLanguage\":\"it-IT\"},{\"@type\":\"Organization\",\"@id\":\"https:\/\/ilcrogiuolo.it\/it\/#organization\",\"name\":\"Il Crogiuolo\",\"url\":\"https:\/\/ilcrogiuolo.it\/it\/\",\"logo\":{\"@type\":\"ImageObject\",\"inLanguage\":\"it-IT\",\"@id\":\"https:\/\/ilcrogiuolo.it\/it\/#\/schema\/logo\/image\/\",\"url\":\"https:\/\/ilcrogiuolo.it\/wp-content\/uploads\/2020\/04\/logo.png\",\"contentUrl\":\"https:\/\/ilcrogiuolo.it\/wp-content\/uploads\/2020\/04\/logo.png\",\"width\":200,\"height\":49,\"caption\":\"Il Crogiuolo\"},\"image\":{\"@id\":\"https:\/\/ilcrogiuolo.it\/it\/#\/schema\/logo\/image\/\"},\"sameAs\":[\"https:\/\/www.facebook.com\/Il-Crogiuolo-681876418491758\"]}]}<\/script>\n<!-- \/ Yoast SEO plugin. -->","yoast_head_json":{"title":"TRABALHO DI EXU DOMINANTE - Il Crogiuolo","description":"TRABALHO DI EXU DOMINANTE Questa pratica di Quimbanda si rivolge alla poderosa energia di Ex\u00f9 per avere la meglio su uno o pi\u00f9 individui, influenzarli, dominarli e ridurli in","robots":{"index":"index","follow":"follow","max-snippet":"max-snippet:-1","max-image-preview":"max-image-preview:large","max-video-preview":"max-video-preview:-1"},"canonical":"https:\/\/ilcrogiuolo.it\/it\/p\/trabalho-di-exu-dominante\/","og_locale":"it_IT","og_type":"article","og_title":"TRABALHO DI EXU DOMINANTE - Il Crogiuolo","og_description":"TRABALHO DI EXU DOMINANTE Questa pratica di Quimbanda si rivolge alla poderosa energia di Ex\u00f9 per avere la meglio su uno o pi\u00f9 individui, influenzarli, dominarli e ridurli in","og_url":"https:\/\/ilcrogiuolo.it\/it\/p\/trabalho-di-exu-dominante\/","og_site_name":"Il Crogiuolo","article_publisher":"https:\/\/www.facebook.com\/Il-Crogiuolo-681876418491758","article_modified_time":"2020-12-09T14:13:15+00:00","og_image":[{"width":627,"height":600,"url":"https:\/\/ilcrogiuolo.it\/wp-content\/uploads\/2020\/01\/exudominiorituale_8281712.jpg","type":"image\/jpeg"}],"twitter_card":"summary_large_image","twitter_misc":{"Tempo di lettura stimato":"1 minuto"},"schema":{"@context":"https:\/\/schema.org","@graph":[{"@type":"WebPage","@id":"https:\/\/ilcrogiuolo.it\/it\/p\/trabalho-di-exu-dominante\/","url":"https:\/\/ilcrogiuolo.it\/it\/p\/trabalho-di-exu-dominante\/","name":"TRABALHO DI EXU DOMINANTE - Il Crogiuolo","isPartOf":{"@id":"https:\/\/ilcrogiuolo.it\/it\/#website"},"primaryImageOfPage":{"@id":"https:\/\/ilcrogiuolo.it\/it\/p\/trabalho-di-exu-dominante\/#primaryimage"},"image":{"@id":"https:\/\/ilcrogiuolo.it\/it\/p\/trabalho-di-exu-dominante\/#primaryimage"},"thumbnailUrl":"https:\/\/ilcrogiuolo.it\/wp-content\/uploads\/2020\/01\/exudominiorituale_8281712.jpg","datePublished":"2020-01-14T16:06:36+00:00","dateModified":"2020-12-09T14:13:15+00:00","description":"TRABALHO DI EXU DOMINANTE Questa pratica di Quimbanda si rivolge alla poderosa energia di Ex\u00f9 per avere la meglio su uno o pi\u00f9 individui, influenzarli, dominarli e ridurli in","breadcrumb":{"@id":"https:\/\/ilcrogiuolo.it\/it\/p\/trabalho-di-exu-dominante\/#breadcrumb"},"inLanguage":"it-IT","potentialAction":[{"@type":"ReadAction","target":["https:\/\/ilcrogiuolo.it\/it\/p\/trabalho-di-exu-dominante\/"]}]},{"@type":"ImageObject","inLanguage":"it-IT","@id":"https:\/\/ilcrogiuolo.it\/it\/p\/trabalho-di-exu-dominante\/#primaryimage","url":"https:\/\/ilcrogiuolo.it\/wp-content\/uploads\/2020\/01\/exudominiorituale_8281712.jpg","contentUrl":"https:\/\/ilcrogiuolo.it\/wp-content\/uploads\/2020\/01\/exudominiorituale_8281712.jpg","width":627,"height":600},{"@type":"BreadcrumbList","@id":"https:\/\/ilcrogiuolo.it\/it\/p\/trabalho-di-exu-dominante\/#breadcrumb","itemListElement":[{"@type":"ListItem","position":1,"name":"Home","item":"https:\/\/ilcrogiuolo.it\/it\/"},{"@type":"ListItem","position":2,"name":"Shop","item":"https:\/\/ilcrogiuolo.it\/it\/negozio\/"},{"@type":"ListItem","position":3,"name":"TRABALHO DI EXU DOMINANTE"}]},{"@type":"WebSite","@id":"https:\/\/ilcrogiuolo.it\/it\/#website","url":"https:\/\/ilcrogiuolo.it\/it\/","name":"Il Crogiuolo","description":"","publisher":{"@id":"https:\/\/ilcrogiuolo.it\/it\/#organization"},"potentialAction":[{"@type":"SearchAction","target":{"@type":"EntryPoint","urlTemplate":"https:\/\/ilcrogiuolo.it\/it\/?s={search_term_string}"},"query-input":{"@type":"PropertyValueSpecification","valueRequired":true,"valueName":"search_term_string"}}],"inLanguage":"it-IT"},{"@type":"Organization","@id":"https:\/\/ilcrogiuolo.it\/it\/#organization","name":"Il Crogiuolo","url":"https:\/\/ilcrogiuolo.it\/it\/","logo":{"@type":"ImageObject","inLanguage":"it-IT","@id":"https:\/\/ilcrogiuolo.it\/it\/#\/schema\/logo\/image\/","url":"https:\/\/ilcrogiuolo.it\/wp-content\/uploads\/2020\/04\/logo.png","contentUrl":"https:\/\/ilcrogiuolo.it\/wp-content\/uploads\/2020\/04\/logo.png","width":200,"height":49,"caption":"Il Crogiuolo"},"image":{"@id":"https:\/\/ilcrogiuolo.it\/it\/#\/schema\/logo\/image\/"},"sameAs":["https:\/\/www.facebook.com\/Il-Crogiuolo-681876418491758"]}]}},"_links":{"self":[{"href":"https:\/\/ilcrogiuolo.it\/it\/wp-json\/wp\/v2\/product\/3440","targetHints":{"allow":["GET"]}}],"collection":[{"href":"https:\/\/ilcrogiuolo.it\/it\/wp-json\/wp\/v2\/product"}],"about":[{"href":"https:\/\/ilcrogiuolo.it\/it\/wp-json\/wp\/v2\/types\/product"}],"wp:featuredmedia":[{"embeddable":true,"href":"https:\/\/ilcrogiuolo.it\/it\/wp-json\/wp\/v2\/media\/3441"}],"wp:attachment":[{"href":"https:\/\/ilcrogiuolo.it\/it\/wp-json\/wp\/v2\/media?parent=3440"}],"wp:term":[{"taxonomy":"product_brand","embeddable":true,"href":"https:\/\/ilcrogiuolo.it\/it\/wp-json\/wp\/v2\/product_brand?post=3440"},{"taxonomy":"product_cat","embeddable":true,"href":"https:\/\/ilcrogiuolo.it\/it\/wp-json\/wp\/v2\/product_cat?post=3440"},{"taxonomy":"product_tag","embeddable":true,"href":"https:\/\/ilcrogiuolo.it\/it\/wp-json\/wp\/v2\/product_tag?post=3440"}],"curies":[{"name":"wp","href":"https:\/\/api.w.org\/{rel}","templated":true}]}}