{"id":34352,"date":"2022-01-10T16:03:54","date_gmt":"2022-01-10T15:03:54","guid":{"rendered":"https:\/\/ilcrogiuolo.it\/?post_type=product&#038;p=34352"},"modified":"2023-09-25T15:30:11","modified_gmt":"2023-09-25T13:30:11","slug":"anello-salomonico-in-oro-18-kt-gr-10-9-circa","status":"publish","type":"product","link":"https:\/\/ilcrogiuolo.it\/it\/p\/anello-salomonico-in-oro-18-kt-gr-10-9-circa\/","title":{"rendered":"ANELLO SALOMONICO IN ORO 18 KT GR 10.9 CIRCA"},"content":{"rendered":"<p>Nel &#8220;Testamento di Re Salomone&#8221; si viene a conoscenza delle vicende che avvennero nel Tempio ancora in costruzione, al cospetto del Re che ricevette dei poteri straordinari direttamente da Dio, per mezzo dell&#8217;arcangelo Michele.<\/p>\n<p>La leggenda narra di un giovane suddito del re che durante i lavori nel Tempio cadde vittima della persecuzione di un demone, Ornias, che gli rub\u00f2 la met\u00e0 della sua razione di cibo e della sua paga. Ogni notte, inoltre, si nutriva del suo sangue che succhiava dal pollice. Un giorno il giovane si rec\u00f2 dal saggio re biblico e gli raccont\u00f2 l&#8217;accaduto. Sconvolto da questi accadimenti il Re trascorse un&#8217;intera notte nel Tempio pregando il Signore di conferirgli i poteri per dominare i demoni. Apparve cos\u00ec l&#8217;Arcangelo Michele che fece dono a Salomone di un piccolo anello.<\/p>\n<p>Quando il demone inconsapevole si rec\u00f2 dal giovane per riscuotere il suo obolo, il giovane estrasse l&#8217;anello e domin\u00f2 il demone. L&#8217;immenso potere del monile si manifest\u00f2 al cospetto di Salomone che venne cos\u00ec a conoscenza delle ignote creature. I demoni furono costretti ad apparire al vibrante comando del sovrano che li costrinse, mediante l&#8217;anello, a svelare i loro pi\u00f9 intimi segreti e soprattutto le formule per neutralizzarli.<\/p>\n<p>Durante gli scavi archeologici nell\u2019area del Tempio vennero trovate delle tavolette in terracotta recanti simboli ed iscrizioni relative al famoso monile che ispirarono la creazione di questo modello. Siamo lieti di presentarvi la fedelissima copia del famoso anello realizzato seguendo le iscrizioni. \u00a0Alla bellezza del monile si unisce l\u2019eleganza ed il mistero di una simbologia eterna che ha suscitato l\u2019interesse si archeologi, antropologi e magisti.<\/p>\n<p>Disponibile anche in oro 18k e rame per unire alla simbologia il suo intero valore esoterico rispettando i canoni di fabbricazione originali.<\/p>\n<p>ATTENZIONE: in ragione della misura il prezzo potrebbe subire variazioni . Il costo del prodotto finito quindi parte da euro 980.00.<\/p>\n","protected":false},"excerpt":{"rendered":"<p>Nel &#8220;Testamento di Re Salomone&#8221; si viene a conoscenza delle vicende che avvennero nel Tempio ancora in costruzione, al cospetto&#8230;<\/p>\n","protected":false},"featured_media":34440,"template":"","meta":{"_acf_changed":false},"product_brand":[],"product_cat":[1109,1066,1393],"product_tag":[],"class_list":{"0":"post-34352","1":"product","2":"type-product","3":"status-publish","4":"has-post-thumbnail","6":"product_cat-anelli-in-argento-925-e-oro-18-kt","7":"product_cat-talismani-amuleti","8":"product_cat-talismani-anelli-angelici-salomonici-egizi","10":"first","11":"instock","12":"taxable","13":"shipping-taxable","14":"purchasable","15":"product-type-variable","16":"has-default-attributes","17":"add-to-wishlist-before_image"},"acf":[],"yoast_head":"<!-- This site is optimized with the Yoast SEO plugin v26.9 - https:\/\/yoast.com\/product\/yoast-seo-wordpress\/ -->\n<title>ANELLO SALOMONICO IN ORO 18 KT GR 10.9 CIRCA - Il Crogiuolo<\/title>\n<meta name=\"description\" content=\"ANELLO SALOMONICO IN ORO 18 KT GR 10.9 CIRCA Nel &quot;Testamento di Re Salomone&quot; si viene a conoscenza delle vicende che avvennero nel Tempio ancora in costruzione, al cospetto del Re che ricevette dei\" \/>\n<meta name=\"robots\" content=\"index, follow, max-snippet:-1, max-image-preview:large, max-video-preview:-1\" \/>\n<link rel=\"canonical\" href=\"https:\/\/ilcrogiuolo.it\/it\/p\/anello-salomonico-in-oro-18-kt-gr-10-9-circa\/\" \/>\n<meta property=\"og:locale\" content=\"it_IT\" \/>\n<meta property=\"og:type\" content=\"article\" \/>\n<meta property=\"og:title\" content=\"ANELLO SALOMONICO IN ORO 18 KT GR 10.9 CIRCA - Il Crogiuolo\" \/>\n<meta property=\"og:description\" content=\"ANELLO SALOMONICO IN ORO 18 KT GR 10.9 CIRCA Nel &quot;Testamento di Re Salomone&quot; si viene a conoscenza delle vicende che avvennero nel Tempio ancora in costruzione, al cospetto del Re che ricevette dei\" \/>\n<meta property=\"og:url\" content=\"https:\/\/ilcrogiuolo.it\/it\/p\/anello-salomonico-in-oro-18-kt-gr-10-9-circa\/\" \/>\n<meta property=\"og:site_name\" content=\"Il Crogiuolo\" \/>\n<meta property=\"article:publisher\" content=\"https:\/\/www.facebook.com\/Il-Crogiuolo-681876418491758\" \/>\n<meta property=\"article:modified_time\" content=\"2023-09-25T13:30:11+00:00\" \/>\n<meta property=\"og:image\" content=\"https:\/\/ilcrogiuolo.it\/wp-content\/uploads\/2022\/01\/anello_salomone_oro_web-1.jpg\" \/>\n\t<meta property=\"og:image:width\" content=\"709\" \/>\n\t<meta property=\"og:image:height\" content=\"681\" \/>\n\t<meta property=\"og:image:type\" content=\"image\/jpeg\" \/>\n<meta name=\"twitter:card\" content=\"summary_large_image\" \/>\n<meta name=\"twitter:label1\" content=\"Tempo di lettura stimato\" \/>\n\t<meta name=\"twitter:data1\" content=\"2 minuti\" \/>\n<script type=\"application\/ld+json\" class=\"yoast-schema-graph\">{\"@context\":\"https:\/\/schema.org\",\"@graph\":[{\"@type\":\"WebPage\",\"@id\":\"https:\/\/ilcrogiuolo.it\/it\/p\/anello-salomonico-in-oro-18-kt-gr-10-9-circa\/\",\"url\":\"https:\/\/ilcrogiuolo.it\/it\/p\/anello-salomonico-in-oro-18-kt-gr-10-9-circa\/\",\"name\":\"ANELLO SALOMONICO IN ORO 18 KT GR 10.9 CIRCA - Il Crogiuolo\",\"isPartOf\":{\"@id\":\"https:\/\/ilcrogiuolo.it\/it\/#website\"},\"primaryImageOfPage\":{\"@id\":\"https:\/\/ilcrogiuolo.it\/it\/p\/anello-salomonico-in-oro-18-kt-gr-10-9-circa\/#primaryimage\"},\"image\":{\"@id\":\"https:\/\/ilcrogiuolo.it\/it\/p\/anello-salomonico-in-oro-18-kt-gr-10-9-circa\/#primaryimage\"},\"thumbnailUrl\":\"https:\/\/ilcrogiuolo.it\/wp-content\/uploads\/2022\/01\/anello_salomone_oro_web-1.jpg\",\"datePublished\":\"2022-01-10T15:03:54+00:00\",\"dateModified\":\"2023-09-25T13:30:11+00:00\",\"description\":\"ANELLO SALOMONICO IN ORO 18 KT GR 10.9 CIRCA Nel \\\"Testamento di Re Salomone\\\" si viene a conoscenza delle vicende che avvennero nel Tempio ancora in costruzione, al cospetto del Re che ricevette dei\",\"breadcrumb\":{\"@id\":\"https:\/\/ilcrogiuolo.it\/it\/p\/anello-salomonico-in-oro-18-kt-gr-10-9-circa\/#breadcrumb\"},\"inLanguage\":\"it-IT\",\"potentialAction\":[{\"@type\":\"ReadAction\",\"target\":[\"https:\/\/ilcrogiuolo.it\/it\/p\/anello-salomonico-in-oro-18-kt-gr-10-9-circa\/\"]}]},{\"@type\":\"ImageObject\",\"inLanguage\":\"it-IT\",\"@id\":\"https:\/\/ilcrogiuolo.it\/it\/p\/anello-salomonico-in-oro-18-kt-gr-10-9-circa\/#primaryimage\",\"url\":\"https:\/\/ilcrogiuolo.it\/wp-content\/uploads\/2022\/01\/anello_salomone_oro_web-1.jpg\",\"contentUrl\":\"https:\/\/ilcrogiuolo.it\/wp-content\/uploads\/2022\/01\/anello_salomone_oro_web-1.jpg\",\"width\":709,\"height\":681},{\"@type\":\"BreadcrumbList\",\"@id\":\"https:\/\/ilcrogiuolo.it\/it\/p\/anello-salomonico-in-oro-18-kt-gr-10-9-circa\/#breadcrumb\",\"itemListElement\":[{\"@type\":\"ListItem\",\"position\":1,\"name\":\"Home\",\"item\":\"https:\/\/ilcrogiuolo.it\/it\/\"},{\"@type\":\"ListItem\",\"position\":2,\"name\":\"Shop\",\"item\":\"https:\/\/ilcrogiuolo.it\/it\/negozio\/\"},{\"@type\":\"ListItem\",\"position\":3,\"name\":\"ANELLO SALOMONICO IN ORO 18 KT GR 10.9 CIRCA\"}]},{\"@type\":\"WebSite\",\"@id\":\"https:\/\/ilcrogiuolo.it\/it\/#website\",\"url\":\"https:\/\/ilcrogiuolo.it\/it\/\",\"name\":\"Il Crogiuolo\",\"description\":\"\",\"publisher\":{\"@id\":\"https:\/\/ilcrogiuolo.it\/it\/#organization\"},\"potentialAction\":[{\"@type\":\"SearchAction\",\"target\":{\"@type\":\"EntryPoint\",\"urlTemplate\":\"https:\/\/ilcrogiuolo.it\/it\/?s={search_term_string}\"},\"query-input\":{\"@type\":\"PropertyValueSpecification\",\"valueRequired\":true,\"valueName\":\"search_term_string\"}}],\"inLanguage\":\"it-IT\"},{\"@type\":\"Organization\",\"@id\":\"https:\/\/ilcrogiuolo.it\/it\/#organization\",\"name\":\"Il Crogiuolo\",\"url\":\"https:\/\/ilcrogiuolo.it\/it\/\",\"logo\":{\"@type\":\"ImageObject\",\"inLanguage\":\"it-IT\",\"@id\":\"https:\/\/ilcrogiuolo.it\/it\/#\/schema\/logo\/image\/\",\"url\":\"https:\/\/ilcrogiuolo.it\/wp-content\/uploads\/2020\/04\/logo.png\",\"contentUrl\":\"https:\/\/ilcrogiuolo.it\/wp-content\/uploads\/2020\/04\/logo.png\",\"width\":200,\"height\":49,\"caption\":\"Il Crogiuolo\"},\"image\":{\"@id\":\"https:\/\/ilcrogiuolo.it\/it\/#\/schema\/logo\/image\/\"},\"sameAs\":[\"https:\/\/www.facebook.com\/Il-Crogiuolo-681876418491758\"]}]}<\/script>\n<!-- \/ Yoast SEO plugin. -->","yoast_head_json":{"title":"ANELLO SALOMONICO IN ORO 18 KT GR 10.9 CIRCA - Il Crogiuolo","description":"ANELLO SALOMONICO IN ORO 18 KT GR 10.9 CIRCA Nel \"Testamento di Re Salomone\" si viene a conoscenza delle vicende che avvennero nel Tempio ancora in costruzione, al cospetto del Re che ricevette dei","robots":{"index":"index","follow":"follow","max-snippet":"max-snippet:-1","max-image-preview":"max-image-preview:large","max-video-preview":"max-video-preview:-1"},"canonical":"https:\/\/ilcrogiuolo.it\/it\/p\/anello-salomonico-in-oro-18-kt-gr-10-9-circa\/","og_locale":"it_IT","og_type":"article","og_title":"ANELLO SALOMONICO IN ORO 18 KT GR 10.9 CIRCA - Il Crogiuolo","og_description":"ANELLO SALOMONICO IN ORO 18 KT GR 10.9 CIRCA Nel \"Testamento di Re Salomone\" si viene a conoscenza delle vicende che avvennero nel Tempio ancora in costruzione, al cospetto del Re che ricevette dei","og_url":"https:\/\/ilcrogiuolo.it\/it\/p\/anello-salomonico-in-oro-18-kt-gr-10-9-circa\/","og_site_name":"Il Crogiuolo","article_publisher":"https:\/\/www.facebook.com\/Il-Crogiuolo-681876418491758","article_modified_time":"2023-09-25T13:30:11+00:00","og_image":[{"width":709,"height":681,"url":"https:\/\/ilcrogiuolo.it\/wp-content\/uploads\/2022\/01\/anello_salomone_oro_web-1.jpg","type":"image\/jpeg"}],"twitter_card":"summary_large_image","twitter_misc":{"Tempo di lettura stimato":"2 minuti"},"schema":{"@context":"https:\/\/schema.org","@graph":[{"@type":"WebPage","@id":"https:\/\/ilcrogiuolo.it\/it\/p\/anello-salomonico-in-oro-18-kt-gr-10-9-circa\/","url":"https:\/\/ilcrogiuolo.it\/it\/p\/anello-salomonico-in-oro-18-kt-gr-10-9-circa\/","name":"ANELLO SALOMONICO IN ORO 18 KT GR 10.9 CIRCA - Il Crogiuolo","isPartOf":{"@id":"https:\/\/ilcrogiuolo.it\/it\/#website"},"primaryImageOfPage":{"@id":"https:\/\/ilcrogiuolo.it\/it\/p\/anello-salomonico-in-oro-18-kt-gr-10-9-circa\/#primaryimage"},"image":{"@id":"https:\/\/ilcrogiuolo.it\/it\/p\/anello-salomonico-in-oro-18-kt-gr-10-9-circa\/#primaryimage"},"thumbnailUrl":"https:\/\/ilcrogiuolo.it\/wp-content\/uploads\/2022\/01\/anello_salomone_oro_web-1.jpg","datePublished":"2022-01-10T15:03:54+00:00","dateModified":"2023-09-25T13:30:11+00:00","description":"ANELLO SALOMONICO IN ORO 18 KT GR 10.9 CIRCA Nel \"Testamento di Re Salomone\" si viene a conoscenza delle vicende che avvennero nel Tempio ancora in costruzione, al cospetto del Re che ricevette dei","breadcrumb":{"@id":"https:\/\/ilcrogiuolo.it\/it\/p\/anello-salomonico-in-oro-18-kt-gr-10-9-circa\/#breadcrumb"},"inLanguage":"it-IT","potentialAction":[{"@type":"ReadAction","target":["https:\/\/ilcrogiuolo.it\/it\/p\/anello-salomonico-in-oro-18-kt-gr-10-9-circa\/"]}]},{"@type":"ImageObject","inLanguage":"it-IT","@id":"https:\/\/ilcrogiuolo.it\/it\/p\/anello-salomonico-in-oro-18-kt-gr-10-9-circa\/#primaryimage","url":"https:\/\/ilcrogiuolo.it\/wp-content\/uploads\/2022\/01\/anello_salomone_oro_web-1.jpg","contentUrl":"https:\/\/ilcrogiuolo.it\/wp-content\/uploads\/2022\/01\/anello_salomone_oro_web-1.jpg","width":709,"height":681},{"@type":"BreadcrumbList","@id":"https:\/\/ilcrogiuolo.it\/it\/p\/anello-salomonico-in-oro-18-kt-gr-10-9-circa\/#breadcrumb","itemListElement":[{"@type":"ListItem","position":1,"name":"Home","item":"https:\/\/ilcrogiuolo.it\/it\/"},{"@type":"ListItem","position":2,"name":"Shop","item":"https:\/\/ilcrogiuolo.it\/it\/negozio\/"},{"@type":"ListItem","position":3,"name":"ANELLO SALOMONICO IN ORO 18 KT GR 10.9 CIRCA"}]},{"@type":"WebSite","@id":"https:\/\/ilcrogiuolo.it\/it\/#website","url":"https:\/\/ilcrogiuolo.it\/it\/","name":"Il Crogiuolo","description":"","publisher":{"@id":"https:\/\/ilcrogiuolo.it\/it\/#organization"},"potentialAction":[{"@type":"SearchAction","target":{"@type":"EntryPoint","urlTemplate":"https:\/\/ilcrogiuolo.it\/it\/?s={search_term_string}"},"query-input":{"@type":"PropertyValueSpecification","valueRequired":true,"valueName":"search_term_string"}}],"inLanguage":"it-IT"},{"@type":"Organization","@id":"https:\/\/ilcrogiuolo.it\/it\/#organization","name":"Il Crogiuolo","url":"https:\/\/ilcrogiuolo.it\/it\/","logo":{"@type":"ImageObject","inLanguage":"it-IT","@id":"https:\/\/ilcrogiuolo.it\/it\/#\/schema\/logo\/image\/","url":"https:\/\/ilcrogiuolo.it\/wp-content\/uploads\/2020\/04\/logo.png","contentUrl":"https:\/\/ilcrogiuolo.it\/wp-content\/uploads\/2020\/04\/logo.png","width":200,"height":49,"caption":"Il Crogiuolo"},"image":{"@id":"https:\/\/ilcrogiuolo.it\/it\/#\/schema\/logo\/image\/"},"sameAs":["https:\/\/www.facebook.com\/Il-Crogiuolo-681876418491758"]}]}},"_links":{"self":[{"href":"https:\/\/ilcrogiuolo.it\/it\/wp-json\/wp\/v2\/product\/34352","targetHints":{"allow":["GET"]}}],"collection":[{"href":"https:\/\/ilcrogiuolo.it\/it\/wp-json\/wp\/v2\/product"}],"about":[{"href":"https:\/\/ilcrogiuolo.it\/it\/wp-json\/wp\/v2\/types\/product"}],"wp:featuredmedia":[{"embeddable":true,"href":"https:\/\/ilcrogiuolo.it\/it\/wp-json\/wp\/v2\/media\/34440"}],"wp:attachment":[{"href":"https:\/\/ilcrogiuolo.it\/it\/wp-json\/wp\/v2\/media?parent=34352"}],"wp:term":[{"taxonomy":"product_brand","embeddable":true,"href":"https:\/\/ilcrogiuolo.it\/it\/wp-json\/wp\/v2\/product_brand?post=34352"},{"taxonomy":"product_cat","embeddable":true,"href":"https:\/\/ilcrogiuolo.it\/it\/wp-json\/wp\/v2\/product_cat?post=34352"},{"taxonomy":"product_tag","embeddable":true,"href":"https:\/\/ilcrogiuolo.it\/it\/wp-json\/wp\/v2\/product_tag?post=34352"}],"curies":[{"name":"wp","href":"https:\/\/api.w.org\/{rel}","templated":true}]}}