{"id":3430,"date":"2020-01-14T17:06:29","date_gmt":"2020-01-14T16:06:29","guid":{"rendered":"https:\/\/ilcrogiuolo.it\/p\/rituale-con-talismano-ogum-san-giorgio\/"},"modified":"2022-04-20T15:30:13","modified_gmt":"2022-04-20T13:30:13","slug":"rituale-con-talismano-ogum-san-giorgio","status":"publish","type":"product","link":"https:\/\/ilcrogiuolo.it\/it\/p\/rituale-con-talismano-ogum-san-giorgio\/","title":{"rendered":"RITUALE CON TALISMANO OGUM SAN GIORGIO"},"content":{"rendered":"<p>Questa linea di rituali unisce al valore tradizionale della pratica spirituale quello apotropaico del talismano. Contengono infatti una candela di forma conica al cui interno \u00e8 racchiusa una bellissima medaglia in argento. S\u00c3O JORGE (San Giorgio) \u00e8 il potente condottiero, colui che nella tradizione uccide i dragoni, si invoca per essere protetti da fatture, invidie, nemici occulti o manifesti. Protettore di tutte le attivit\u00e0 commerciali, San Giorgio si invoca anche per migliorare la propria attivit\u00e0 economica. Questo rito viene anche consigliato a chi deve vincere concorsi, appalti, gare anche sportive, questo Orix\u00e1, secondo l&#8217;Umbanda,\u00a0\u00e8 in grado di concedere qualsiasi richiesta e di aiutare a superare ogni ostacolo.<\/p>\n","protected":false},"excerpt":{"rendered":"<p>Questa linea di rituali unisce al valore tradizionale della pratica spirituale quello apotropaico del talismano. Contengono infatti una candela di&#8230;<\/p>\n","protected":false},"featured_media":36834,"template":"","meta":{"_acf_changed":false},"product_brand":[],"product_cat":[1079,1059,1346],"product_tag":[],"class_list":{"0":"post-3430","1":"product","2":"type-product","3":"status-publish","4":"has-post-thumbnail","6":"product_cat-rituali-afrobrasiliani-santeria","7":"product_cat-articoli-esoterici","8":"product_cat-rituali-propiziatori-medaglie-dei-santi","10":"first","11":"instock","12":"taxable","13":"shipping-taxable","14":"purchasable","15":"product-type-simple","16":"add-to-wishlist-before_image"},"acf":[],"yoast_head":"<!-- This site is optimized with the Yoast SEO plugin v26.9 - https:\/\/yoast.com\/product\/yoast-seo-wordpress\/ -->\n<title>RITUALE CON TALISMANO OGUM SAN GIORGIO - Il Crogiuolo<\/title>\n<meta name=\"description\" content=\"RITUALE CON TALISMANO OGUM SAN GIORGIO Questa linea di rituali unisce al valore tradizionale della pratica spirituale quello apotropaico del talismano. Contengono infatti una candela di forma\" \/>\n<meta name=\"robots\" content=\"index, follow, max-snippet:-1, max-image-preview:large, max-video-preview:-1\" \/>\n<link rel=\"canonical\" href=\"https:\/\/ilcrogiuolo.it\/it\/p\/rituale-con-talismano-ogum-san-giorgio\/\" \/>\n<meta property=\"og:locale\" content=\"it_IT\" \/>\n<meta property=\"og:type\" content=\"article\" \/>\n<meta property=\"og:title\" content=\"RITUALE CON TALISMANO OGUM SAN GIORGIO - Il Crogiuolo\" \/>\n<meta property=\"og:description\" content=\"RITUALE CON TALISMANO OGUM SAN GIORGIO Questa linea di rituali unisce al valore tradizionale della pratica spirituale quello apotropaico del talismano. Contengono infatti una candela di forma\" \/>\n<meta property=\"og:url\" content=\"https:\/\/ilcrogiuolo.it\/it\/p\/rituale-con-talismano-ogum-san-giorgio\/\" \/>\n<meta property=\"og:site_name\" content=\"Il Crogiuolo\" \/>\n<meta property=\"article:publisher\" content=\"https:\/\/www.facebook.com\/Il-Crogiuolo-681876418491758\" \/>\n<meta property=\"article:modified_time\" content=\"2022-04-20T13:30:13+00:00\" \/>\n<meta property=\"og:image\" content=\"https:\/\/ilcrogiuolo.it\/wp-content\/uploads\/2020\/01\/MEDAGLIA-OGUM.jpg\" \/>\n\t<meta property=\"og:image:width\" content=\"1000\" \/>\n\t<meta property=\"og:image:height\" content=\"1000\" \/>\n\t<meta property=\"og:image:type\" content=\"image\/jpeg\" \/>\n<meta name=\"twitter:card\" content=\"summary_large_image\" \/>\n<meta name=\"twitter:label1\" content=\"Tempo di lettura stimato\" \/>\n\t<meta name=\"twitter:data1\" content=\"1 minuto\" \/>\n<script type=\"application\/ld+json\" class=\"yoast-schema-graph\">{\"@context\":\"https:\/\/schema.org\",\"@graph\":[{\"@type\":\"WebPage\",\"@id\":\"https:\/\/ilcrogiuolo.it\/it\/p\/rituale-con-talismano-ogum-san-giorgio\/\",\"url\":\"https:\/\/ilcrogiuolo.it\/it\/p\/rituale-con-talismano-ogum-san-giorgio\/\",\"name\":\"RITUALE CON TALISMANO OGUM SAN GIORGIO - Il Crogiuolo\",\"isPartOf\":{\"@id\":\"https:\/\/ilcrogiuolo.it\/it\/#website\"},\"primaryImageOfPage\":{\"@id\":\"https:\/\/ilcrogiuolo.it\/it\/p\/rituale-con-talismano-ogum-san-giorgio\/#primaryimage\"},\"image\":{\"@id\":\"https:\/\/ilcrogiuolo.it\/it\/p\/rituale-con-talismano-ogum-san-giorgio\/#primaryimage\"},\"thumbnailUrl\":\"https:\/\/ilcrogiuolo.it\/wp-content\/uploads\/2020\/01\/MEDAGLIA-OGUM.jpg\",\"datePublished\":\"2020-01-14T16:06:29+00:00\",\"dateModified\":\"2022-04-20T13:30:13+00:00\",\"description\":\"RITUALE CON TALISMANO OGUM SAN GIORGIO Questa linea di rituali unisce al valore tradizionale della pratica spirituale quello apotropaico del talismano. Contengono infatti una candela di forma\",\"breadcrumb\":{\"@id\":\"https:\/\/ilcrogiuolo.it\/it\/p\/rituale-con-talismano-ogum-san-giorgio\/#breadcrumb\"},\"inLanguage\":\"it-IT\",\"potentialAction\":[{\"@type\":\"ReadAction\",\"target\":[\"https:\/\/ilcrogiuolo.it\/it\/p\/rituale-con-talismano-ogum-san-giorgio\/\"]}]},{\"@type\":\"ImageObject\",\"inLanguage\":\"it-IT\",\"@id\":\"https:\/\/ilcrogiuolo.it\/it\/p\/rituale-con-talismano-ogum-san-giorgio\/#primaryimage\",\"url\":\"https:\/\/ilcrogiuolo.it\/wp-content\/uploads\/2020\/01\/MEDAGLIA-OGUM.jpg\",\"contentUrl\":\"https:\/\/ilcrogiuolo.it\/wp-content\/uploads\/2020\/01\/MEDAGLIA-OGUM.jpg\",\"width\":1000,\"height\":1000},{\"@type\":\"BreadcrumbList\",\"@id\":\"https:\/\/ilcrogiuolo.it\/it\/p\/rituale-con-talismano-ogum-san-giorgio\/#breadcrumb\",\"itemListElement\":[{\"@type\":\"ListItem\",\"position\":1,\"name\":\"Home\",\"item\":\"https:\/\/ilcrogiuolo.it\/it\/\"},{\"@type\":\"ListItem\",\"position\":2,\"name\":\"Shop\",\"item\":\"https:\/\/ilcrogiuolo.it\/it\/negozio\/\"},{\"@type\":\"ListItem\",\"position\":3,\"name\":\"RITUALE CON TALISMANO OGUM SAN GIORGIO\"}]},{\"@type\":\"WebSite\",\"@id\":\"https:\/\/ilcrogiuolo.it\/it\/#website\",\"url\":\"https:\/\/ilcrogiuolo.it\/it\/\",\"name\":\"Il Crogiuolo\",\"description\":\"\",\"publisher\":{\"@id\":\"https:\/\/ilcrogiuolo.it\/it\/#organization\"},\"potentialAction\":[{\"@type\":\"SearchAction\",\"target\":{\"@type\":\"EntryPoint\",\"urlTemplate\":\"https:\/\/ilcrogiuolo.it\/it\/?s={search_term_string}\"},\"query-input\":{\"@type\":\"PropertyValueSpecification\",\"valueRequired\":true,\"valueName\":\"search_term_string\"}}],\"inLanguage\":\"it-IT\"},{\"@type\":\"Organization\",\"@id\":\"https:\/\/ilcrogiuolo.it\/it\/#organization\",\"name\":\"Il Crogiuolo\",\"url\":\"https:\/\/ilcrogiuolo.it\/it\/\",\"logo\":{\"@type\":\"ImageObject\",\"inLanguage\":\"it-IT\",\"@id\":\"https:\/\/ilcrogiuolo.it\/it\/#\/schema\/logo\/image\/\",\"url\":\"https:\/\/ilcrogiuolo.it\/wp-content\/uploads\/2020\/04\/logo.png\",\"contentUrl\":\"https:\/\/ilcrogiuolo.it\/wp-content\/uploads\/2020\/04\/logo.png\",\"width\":200,\"height\":49,\"caption\":\"Il Crogiuolo\"},\"image\":{\"@id\":\"https:\/\/ilcrogiuolo.it\/it\/#\/schema\/logo\/image\/\"},\"sameAs\":[\"https:\/\/www.facebook.com\/Il-Crogiuolo-681876418491758\"]}]}<\/script>\n<!-- \/ Yoast SEO plugin. -->","yoast_head_json":{"title":"RITUALE CON TALISMANO OGUM SAN GIORGIO - Il Crogiuolo","description":"RITUALE CON TALISMANO OGUM SAN GIORGIO Questa linea di rituali unisce al valore tradizionale della pratica spirituale quello apotropaico del talismano. Contengono infatti una candela di forma","robots":{"index":"index","follow":"follow","max-snippet":"max-snippet:-1","max-image-preview":"max-image-preview:large","max-video-preview":"max-video-preview:-1"},"canonical":"https:\/\/ilcrogiuolo.it\/it\/p\/rituale-con-talismano-ogum-san-giorgio\/","og_locale":"it_IT","og_type":"article","og_title":"RITUALE CON TALISMANO OGUM SAN GIORGIO - Il Crogiuolo","og_description":"RITUALE CON TALISMANO OGUM SAN GIORGIO Questa linea di rituali unisce al valore tradizionale della pratica spirituale quello apotropaico del talismano. Contengono infatti una candela di forma","og_url":"https:\/\/ilcrogiuolo.it\/it\/p\/rituale-con-talismano-ogum-san-giorgio\/","og_site_name":"Il Crogiuolo","article_publisher":"https:\/\/www.facebook.com\/Il-Crogiuolo-681876418491758","article_modified_time":"2022-04-20T13:30:13+00:00","og_image":[{"width":1000,"height":1000,"url":"https:\/\/ilcrogiuolo.it\/wp-content\/uploads\/2020\/01\/MEDAGLIA-OGUM.jpg","type":"image\/jpeg"}],"twitter_card":"summary_large_image","twitter_misc":{"Tempo di lettura stimato":"1 minuto"},"schema":{"@context":"https:\/\/schema.org","@graph":[{"@type":"WebPage","@id":"https:\/\/ilcrogiuolo.it\/it\/p\/rituale-con-talismano-ogum-san-giorgio\/","url":"https:\/\/ilcrogiuolo.it\/it\/p\/rituale-con-talismano-ogum-san-giorgio\/","name":"RITUALE CON TALISMANO OGUM SAN GIORGIO - Il Crogiuolo","isPartOf":{"@id":"https:\/\/ilcrogiuolo.it\/it\/#website"},"primaryImageOfPage":{"@id":"https:\/\/ilcrogiuolo.it\/it\/p\/rituale-con-talismano-ogum-san-giorgio\/#primaryimage"},"image":{"@id":"https:\/\/ilcrogiuolo.it\/it\/p\/rituale-con-talismano-ogum-san-giorgio\/#primaryimage"},"thumbnailUrl":"https:\/\/ilcrogiuolo.it\/wp-content\/uploads\/2020\/01\/MEDAGLIA-OGUM.jpg","datePublished":"2020-01-14T16:06:29+00:00","dateModified":"2022-04-20T13:30:13+00:00","description":"RITUALE CON TALISMANO OGUM SAN GIORGIO Questa linea di rituali unisce al valore tradizionale della pratica spirituale quello apotropaico del talismano. Contengono infatti una candela di forma","breadcrumb":{"@id":"https:\/\/ilcrogiuolo.it\/it\/p\/rituale-con-talismano-ogum-san-giorgio\/#breadcrumb"},"inLanguage":"it-IT","potentialAction":[{"@type":"ReadAction","target":["https:\/\/ilcrogiuolo.it\/it\/p\/rituale-con-talismano-ogum-san-giorgio\/"]}]},{"@type":"ImageObject","inLanguage":"it-IT","@id":"https:\/\/ilcrogiuolo.it\/it\/p\/rituale-con-talismano-ogum-san-giorgio\/#primaryimage","url":"https:\/\/ilcrogiuolo.it\/wp-content\/uploads\/2020\/01\/MEDAGLIA-OGUM.jpg","contentUrl":"https:\/\/ilcrogiuolo.it\/wp-content\/uploads\/2020\/01\/MEDAGLIA-OGUM.jpg","width":1000,"height":1000},{"@type":"BreadcrumbList","@id":"https:\/\/ilcrogiuolo.it\/it\/p\/rituale-con-talismano-ogum-san-giorgio\/#breadcrumb","itemListElement":[{"@type":"ListItem","position":1,"name":"Home","item":"https:\/\/ilcrogiuolo.it\/it\/"},{"@type":"ListItem","position":2,"name":"Shop","item":"https:\/\/ilcrogiuolo.it\/it\/negozio\/"},{"@type":"ListItem","position":3,"name":"RITUALE CON TALISMANO OGUM SAN GIORGIO"}]},{"@type":"WebSite","@id":"https:\/\/ilcrogiuolo.it\/it\/#website","url":"https:\/\/ilcrogiuolo.it\/it\/","name":"Il Crogiuolo","description":"","publisher":{"@id":"https:\/\/ilcrogiuolo.it\/it\/#organization"},"potentialAction":[{"@type":"SearchAction","target":{"@type":"EntryPoint","urlTemplate":"https:\/\/ilcrogiuolo.it\/it\/?s={search_term_string}"},"query-input":{"@type":"PropertyValueSpecification","valueRequired":true,"valueName":"search_term_string"}}],"inLanguage":"it-IT"},{"@type":"Organization","@id":"https:\/\/ilcrogiuolo.it\/it\/#organization","name":"Il Crogiuolo","url":"https:\/\/ilcrogiuolo.it\/it\/","logo":{"@type":"ImageObject","inLanguage":"it-IT","@id":"https:\/\/ilcrogiuolo.it\/it\/#\/schema\/logo\/image\/","url":"https:\/\/ilcrogiuolo.it\/wp-content\/uploads\/2020\/04\/logo.png","contentUrl":"https:\/\/ilcrogiuolo.it\/wp-content\/uploads\/2020\/04\/logo.png","width":200,"height":49,"caption":"Il Crogiuolo"},"image":{"@id":"https:\/\/ilcrogiuolo.it\/it\/#\/schema\/logo\/image\/"},"sameAs":["https:\/\/www.facebook.com\/Il-Crogiuolo-681876418491758"]}]}},"_links":{"self":[{"href":"https:\/\/ilcrogiuolo.it\/it\/wp-json\/wp\/v2\/product\/3430","targetHints":{"allow":["GET"]}}],"collection":[{"href":"https:\/\/ilcrogiuolo.it\/it\/wp-json\/wp\/v2\/product"}],"about":[{"href":"https:\/\/ilcrogiuolo.it\/it\/wp-json\/wp\/v2\/types\/product"}],"wp:featuredmedia":[{"embeddable":true,"href":"https:\/\/ilcrogiuolo.it\/it\/wp-json\/wp\/v2\/media\/36834"}],"wp:attachment":[{"href":"https:\/\/ilcrogiuolo.it\/it\/wp-json\/wp\/v2\/media?parent=3430"}],"wp:term":[{"taxonomy":"product_brand","embeddable":true,"href":"https:\/\/ilcrogiuolo.it\/it\/wp-json\/wp\/v2\/product_brand?post=3430"},{"taxonomy":"product_cat","embeddable":true,"href":"https:\/\/ilcrogiuolo.it\/it\/wp-json\/wp\/v2\/product_cat?post=3430"},{"taxonomy":"product_tag","embeddable":true,"href":"https:\/\/ilcrogiuolo.it\/it\/wp-json\/wp\/v2\/product_tag?post=3430"}],"curies":[{"name":"wp","href":"https:\/\/api.w.org\/{rel}","templated":true}]}}