{"id":3427,"date":"2020-01-14T17:06:29","date_gmt":"2020-01-14T16:06:29","guid":{"rendered":"https:\/\/ilcrogiuolo.it\/p\/rituale-con-talismano-oxum-ye-ye-oxum\/"},"modified":"2022-04-20T16:11:54","modified_gmt":"2022-04-20T14:11:54","slug":"rituale-con-talismano-oxum-ye-ye-oxum","status":"publish","type":"product","link":"https:\/\/ilcrogiuolo.it\/it\/p\/rituale-con-talismano-oxum-ye-ye-oxum\/","title":{"rendered":"RITUALE CON TALISMANO OXUM &#8211; YE YE OXUM"},"content":{"rendered":"<p class=\"MsoNormal\" style=\"margin: 0cm 0cm 0pt; text-align: left;\" align=\"left\">Questa linea di rituali unisce al valore tradizionale della pratica spirituale quello apotropaico del talismano. Contengono infatti una candela di forma conica al cui interno \u00e8 racchiusa una bellissima medaglia in argento. Il rito YEY\u00c9 OXUM, si esegue per propiziare la ricchezza, migliorare le entrate finanziarie, per catturare la fortuna, si rivolge all&#8217;Orix\u00e0 Ox\u00f9m per ottenere prosperit\u00e0 e ricchezza. Questa pratica viene tradizionalmente eseguita dalle donne in carriera o che comunque lavorano, si dice infatti che Ox\u00f9m le renda sicure di se e quindi pi\u00f9 convincenti sia con i clienti che con i collaboratori o i superiori. Ma il potere di questo rituale, tradizionalmente, non si ferma qui, Ox\u00f9m \u00e8, nella tradizione afrobrasiliana, <!--?xml:namespace prefix = st1 ns = \"urn:schemas-microsoft-com:office:smarttags\" ?-->la Signora dell\u2019Amore, della bellezza pertanto la sua medaglia viene indossata per ottenere protezione in amore, la fedelt\u00e0 del proprio compagno ed un fascino ammaliatore in grado di conquistare e sedurre. <b style=\"mso-bidi-font-weight: normal;\"><!--?xml:namespace prefix = o ns = \"urn:schemas-microsoft-com:office:office\" ?--><\/b><\/p>\n<p align=\"left\">Il talismano di Ox\u00f9m \u00e8 all&#8217;interno della candela e consiste in una splendida medaglia in argento da 3 grammi.<\/p>\n","protected":false},"excerpt":{"rendered":"<p>Questa linea di rituali unisce al valore tradizionale della pratica spirituale quello apotropaico del talismano. Contengono infatti una candela di&#8230;<\/p>\n","protected":false},"featured_media":36841,"template":"","meta":{"_acf_changed":false},"product_brand":[],"product_cat":[1079,1059,1346],"product_tag":[],"class_list":{"0":"post-3427","1":"product","2":"type-product","3":"status-publish","4":"has-post-thumbnail","6":"product_cat-rituali-afrobrasiliani-santeria","7":"product_cat-articoli-esoterici","8":"product_cat-rituali-propiziatori-medaglie-dei-santi","10":"first","11":"instock","12":"taxable","13":"shipping-taxable","14":"purchasable","15":"product-type-simple","16":"add-to-wishlist-before_image"},"acf":[],"yoast_head":"<!-- This site is optimized with the Yoast SEO plugin v26.9 - https:\/\/yoast.com\/product\/yoast-seo-wordpress\/ -->\n<title>RITUALE CON TALISMANO OXUM - YE YE OXUM - Il Crogiuolo<\/title>\n<meta name=\"description\" content=\"RITUALE CON TALISMANO OXUM - YE YE OXUM Questa linea di rituali unisce al valore tradizionale della pratica spirituale quello apotropaico del talismano. Contengono infatti una candela di forma\" \/>\n<meta name=\"robots\" content=\"index, follow, max-snippet:-1, max-image-preview:large, max-video-preview:-1\" \/>\n<link rel=\"canonical\" href=\"https:\/\/ilcrogiuolo.it\/it\/p\/rituale-con-talismano-oxum-ye-ye-oxum\/\" \/>\n<meta property=\"og:locale\" content=\"it_IT\" \/>\n<meta property=\"og:type\" content=\"article\" \/>\n<meta property=\"og:title\" content=\"RITUALE CON TALISMANO OXUM - YE YE OXUM - Il Crogiuolo\" \/>\n<meta property=\"og:description\" content=\"RITUALE CON TALISMANO OXUM - YE YE OXUM Questa linea di rituali unisce al valore tradizionale della pratica spirituale quello apotropaico del talismano. Contengono infatti una candela di forma\" \/>\n<meta property=\"og:url\" content=\"https:\/\/ilcrogiuolo.it\/it\/p\/rituale-con-talismano-oxum-ye-ye-oxum\/\" \/>\n<meta property=\"og:site_name\" content=\"Il Crogiuolo\" \/>\n<meta property=\"article:publisher\" content=\"https:\/\/www.facebook.com\/Il-Crogiuolo-681876418491758\" \/>\n<meta property=\"article:modified_time\" content=\"2022-04-20T14:11:54+00:00\" \/>\n<meta property=\"og:image\" content=\"https:\/\/ilcrogiuolo.it\/wp-content\/uploads\/2020\/01\/yeye-oxum.jpg\" \/>\n\t<meta property=\"og:image:width\" content=\"1000\" \/>\n\t<meta property=\"og:image:height\" content=\"1000\" \/>\n\t<meta property=\"og:image:type\" content=\"image\/jpeg\" \/>\n<meta name=\"twitter:card\" content=\"summary_large_image\" \/>\n<meta name=\"twitter:label1\" content=\"Tempo di lettura stimato\" \/>\n\t<meta name=\"twitter:data1\" content=\"1 minuto\" \/>\n<script type=\"application\/ld+json\" class=\"yoast-schema-graph\">{\"@context\":\"https:\/\/schema.org\",\"@graph\":[{\"@type\":\"WebPage\",\"@id\":\"https:\/\/ilcrogiuolo.it\/it\/p\/rituale-con-talismano-oxum-ye-ye-oxum\/\",\"url\":\"https:\/\/ilcrogiuolo.it\/it\/p\/rituale-con-talismano-oxum-ye-ye-oxum\/\",\"name\":\"RITUALE CON TALISMANO OXUM - YE YE OXUM - Il Crogiuolo\",\"isPartOf\":{\"@id\":\"https:\/\/ilcrogiuolo.it\/it\/#website\"},\"primaryImageOfPage\":{\"@id\":\"https:\/\/ilcrogiuolo.it\/it\/p\/rituale-con-talismano-oxum-ye-ye-oxum\/#primaryimage\"},\"image\":{\"@id\":\"https:\/\/ilcrogiuolo.it\/it\/p\/rituale-con-talismano-oxum-ye-ye-oxum\/#primaryimage\"},\"thumbnailUrl\":\"https:\/\/ilcrogiuolo.it\/wp-content\/uploads\/2020\/01\/yeye-oxum.jpg\",\"datePublished\":\"2020-01-14T16:06:29+00:00\",\"dateModified\":\"2022-04-20T14:11:54+00:00\",\"description\":\"RITUALE CON TALISMANO OXUM - YE YE OXUM Questa linea di rituali unisce al valore tradizionale della pratica spirituale quello apotropaico del talismano. Contengono infatti una candela di forma\",\"breadcrumb\":{\"@id\":\"https:\/\/ilcrogiuolo.it\/it\/p\/rituale-con-talismano-oxum-ye-ye-oxum\/#breadcrumb\"},\"inLanguage\":\"it-IT\",\"potentialAction\":[{\"@type\":\"ReadAction\",\"target\":[\"https:\/\/ilcrogiuolo.it\/it\/p\/rituale-con-talismano-oxum-ye-ye-oxum\/\"]}]},{\"@type\":\"ImageObject\",\"inLanguage\":\"it-IT\",\"@id\":\"https:\/\/ilcrogiuolo.it\/it\/p\/rituale-con-talismano-oxum-ye-ye-oxum\/#primaryimage\",\"url\":\"https:\/\/ilcrogiuolo.it\/wp-content\/uploads\/2020\/01\/yeye-oxum.jpg\",\"contentUrl\":\"https:\/\/ilcrogiuolo.it\/wp-content\/uploads\/2020\/01\/yeye-oxum.jpg\",\"width\":1000,\"height\":1000},{\"@type\":\"BreadcrumbList\",\"@id\":\"https:\/\/ilcrogiuolo.it\/it\/p\/rituale-con-talismano-oxum-ye-ye-oxum\/#breadcrumb\",\"itemListElement\":[{\"@type\":\"ListItem\",\"position\":1,\"name\":\"Home\",\"item\":\"https:\/\/ilcrogiuolo.it\/it\/\"},{\"@type\":\"ListItem\",\"position\":2,\"name\":\"Shop\",\"item\":\"https:\/\/ilcrogiuolo.it\/it\/negozio\/\"},{\"@type\":\"ListItem\",\"position\":3,\"name\":\"RITUALE CON TALISMANO OXUM &#8211; YE YE OXUM\"}]},{\"@type\":\"WebSite\",\"@id\":\"https:\/\/ilcrogiuolo.it\/it\/#website\",\"url\":\"https:\/\/ilcrogiuolo.it\/it\/\",\"name\":\"Il Crogiuolo\",\"description\":\"\",\"publisher\":{\"@id\":\"https:\/\/ilcrogiuolo.it\/it\/#organization\"},\"potentialAction\":[{\"@type\":\"SearchAction\",\"target\":{\"@type\":\"EntryPoint\",\"urlTemplate\":\"https:\/\/ilcrogiuolo.it\/it\/?s={search_term_string}\"},\"query-input\":{\"@type\":\"PropertyValueSpecification\",\"valueRequired\":true,\"valueName\":\"search_term_string\"}}],\"inLanguage\":\"it-IT\"},{\"@type\":\"Organization\",\"@id\":\"https:\/\/ilcrogiuolo.it\/it\/#organization\",\"name\":\"Il Crogiuolo\",\"url\":\"https:\/\/ilcrogiuolo.it\/it\/\",\"logo\":{\"@type\":\"ImageObject\",\"inLanguage\":\"it-IT\",\"@id\":\"https:\/\/ilcrogiuolo.it\/it\/#\/schema\/logo\/image\/\",\"url\":\"https:\/\/ilcrogiuolo.it\/wp-content\/uploads\/2020\/04\/logo.png\",\"contentUrl\":\"https:\/\/ilcrogiuolo.it\/wp-content\/uploads\/2020\/04\/logo.png\",\"width\":200,\"height\":49,\"caption\":\"Il Crogiuolo\"},\"image\":{\"@id\":\"https:\/\/ilcrogiuolo.it\/it\/#\/schema\/logo\/image\/\"},\"sameAs\":[\"https:\/\/www.facebook.com\/Il-Crogiuolo-681876418491758\"]}]}<\/script>\n<!-- \/ Yoast SEO plugin. -->","yoast_head_json":{"title":"RITUALE CON TALISMANO OXUM - YE YE OXUM - Il Crogiuolo","description":"RITUALE CON TALISMANO OXUM - YE YE OXUM Questa linea di rituali unisce al valore tradizionale della pratica spirituale quello apotropaico del talismano. Contengono infatti una candela di forma","robots":{"index":"index","follow":"follow","max-snippet":"max-snippet:-1","max-image-preview":"max-image-preview:large","max-video-preview":"max-video-preview:-1"},"canonical":"https:\/\/ilcrogiuolo.it\/it\/p\/rituale-con-talismano-oxum-ye-ye-oxum\/","og_locale":"it_IT","og_type":"article","og_title":"RITUALE CON TALISMANO OXUM - YE YE OXUM - Il Crogiuolo","og_description":"RITUALE CON TALISMANO OXUM - YE YE OXUM Questa linea di rituali unisce al valore tradizionale della pratica spirituale quello apotropaico del talismano. Contengono infatti una candela di forma","og_url":"https:\/\/ilcrogiuolo.it\/it\/p\/rituale-con-talismano-oxum-ye-ye-oxum\/","og_site_name":"Il Crogiuolo","article_publisher":"https:\/\/www.facebook.com\/Il-Crogiuolo-681876418491758","article_modified_time":"2022-04-20T14:11:54+00:00","og_image":[{"width":1000,"height":1000,"url":"https:\/\/ilcrogiuolo.it\/wp-content\/uploads\/2020\/01\/yeye-oxum.jpg","type":"image\/jpeg"}],"twitter_card":"summary_large_image","twitter_misc":{"Tempo di lettura stimato":"1 minuto"},"schema":{"@context":"https:\/\/schema.org","@graph":[{"@type":"WebPage","@id":"https:\/\/ilcrogiuolo.it\/it\/p\/rituale-con-talismano-oxum-ye-ye-oxum\/","url":"https:\/\/ilcrogiuolo.it\/it\/p\/rituale-con-talismano-oxum-ye-ye-oxum\/","name":"RITUALE CON TALISMANO OXUM - YE YE OXUM - Il Crogiuolo","isPartOf":{"@id":"https:\/\/ilcrogiuolo.it\/it\/#website"},"primaryImageOfPage":{"@id":"https:\/\/ilcrogiuolo.it\/it\/p\/rituale-con-talismano-oxum-ye-ye-oxum\/#primaryimage"},"image":{"@id":"https:\/\/ilcrogiuolo.it\/it\/p\/rituale-con-talismano-oxum-ye-ye-oxum\/#primaryimage"},"thumbnailUrl":"https:\/\/ilcrogiuolo.it\/wp-content\/uploads\/2020\/01\/yeye-oxum.jpg","datePublished":"2020-01-14T16:06:29+00:00","dateModified":"2022-04-20T14:11:54+00:00","description":"RITUALE CON TALISMANO OXUM - YE YE OXUM Questa linea di rituali unisce al valore tradizionale della pratica spirituale quello apotropaico del talismano. Contengono infatti una candela di forma","breadcrumb":{"@id":"https:\/\/ilcrogiuolo.it\/it\/p\/rituale-con-talismano-oxum-ye-ye-oxum\/#breadcrumb"},"inLanguage":"it-IT","potentialAction":[{"@type":"ReadAction","target":["https:\/\/ilcrogiuolo.it\/it\/p\/rituale-con-talismano-oxum-ye-ye-oxum\/"]}]},{"@type":"ImageObject","inLanguage":"it-IT","@id":"https:\/\/ilcrogiuolo.it\/it\/p\/rituale-con-talismano-oxum-ye-ye-oxum\/#primaryimage","url":"https:\/\/ilcrogiuolo.it\/wp-content\/uploads\/2020\/01\/yeye-oxum.jpg","contentUrl":"https:\/\/ilcrogiuolo.it\/wp-content\/uploads\/2020\/01\/yeye-oxum.jpg","width":1000,"height":1000},{"@type":"BreadcrumbList","@id":"https:\/\/ilcrogiuolo.it\/it\/p\/rituale-con-talismano-oxum-ye-ye-oxum\/#breadcrumb","itemListElement":[{"@type":"ListItem","position":1,"name":"Home","item":"https:\/\/ilcrogiuolo.it\/it\/"},{"@type":"ListItem","position":2,"name":"Shop","item":"https:\/\/ilcrogiuolo.it\/it\/negozio\/"},{"@type":"ListItem","position":3,"name":"RITUALE CON TALISMANO OXUM &#8211; YE YE OXUM"}]},{"@type":"WebSite","@id":"https:\/\/ilcrogiuolo.it\/it\/#website","url":"https:\/\/ilcrogiuolo.it\/it\/","name":"Il Crogiuolo","description":"","publisher":{"@id":"https:\/\/ilcrogiuolo.it\/it\/#organization"},"potentialAction":[{"@type":"SearchAction","target":{"@type":"EntryPoint","urlTemplate":"https:\/\/ilcrogiuolo.it\/it\/?s={search_term_string}"},"query-input":{"@type":"PropertyValueSpecification","valueRequired":true,"valueName":"search_term_string"}}],"inLanguage":"it-IT"},{"@type":"Organization","@id":"https:\/\/ilcrogiuolo.it\/it\/#organization","name":"Il Crogiuolo","url":"https:\/\/ilcrogiuolo.it\/it\/","logo":{"@type":"ImageObject","inLanguage":"it-IT","@id":"https:\/\/ilcrogiuolo.it\/it\/#\/schema\/logo\/image\/","url":"https:\/\/ilcrogiuolo.it\/wp-content\/uploads\/2020\/04\/logo.png","contentUrl":"https:\/\/ilcrogiuolo.it\/wp-content\/uploads\/2020\/04\/logo.png","width":200,"height":49,"caption":"Il Crogiuolo"},"image":{"@id":"https:\/\/ilcrogiuolo.it\/it\/#\/schema\/logo\/image\/"},"sameAs":["https:\/\/www.facebook.com\/Il-Crogiuolo-681876418491758"]}]}},"_links":{"self":[{"href":"https:\/\/ilcrogiuolo.it\/it\/wp-json\/wp\/v2\/product\/3427","targetHints":{"allow":["GET"]}}],"collection":[{"href":"https:\/\/ilcrogiuolo.it\/it\/wp-json\/wp\/v2\/product"}],"about":[{"href":"https:\/\/ilcrogiuolo.it\/it\/wp-json\/wp\/v2\/types\/product"}],"wp:featuredmedia":[{"embeddable":true,"href":"https:\/\/ilcrogiuolo.it\/it\/wp-json\/wp\/v2\/media\/36841"}],"wp:attachment":[{"href":"https:\/\/ilcrogiuolo.it\/it\/wp-json\/wp\/v2\/media?parent=3427"}],"wp:term":[{"taxonomy":"product_brand","embeddable":true,"href":"https:\/\/ilcrogiuolo.it\/it\/wp-json\/wp\/v2\/product_brand?post=3427"},{"taxonomy":"product_cat","embeddable":true,"href":"https:\/\/ilcrogiuolo.it\/it\/wp-json\/wp\/v2\/product_cat?post=3427"},{"taxonomy":"product_tag","embeddable":true,"href":"https:\/\/ilcrogiuolo.it\/it\/wp-json\/wp\/v2\/product_tag?post=3427"}],"curies":[{"name":"wp","href":"https:\/\/api.w.org\/{rel}","templated":true}]}}