{"id":3376,"date":"2020-01-14T17:06:23","date_gmt":"2020-01-14T16:06:23","guid":{"rendered":"https:\/\/ilcrogiuolo.it\/p\/aceite-yuza-yuza-yuza-yuza-oil\/"},"modified":"2020-02-06T11:24:22","modified_gmt":"2020-02-06T10:24:22","slug":"aceite-yuza-yuza-yuza-yuza-oil","status":"publish","type":"product","link":"https:\/\/ilcrogiuolo.it\/it\/p\/aceite-yuza-yuza-yuza-yuza-oil\/","title":{"rendered":"ACEITE YUZA YUZA &#8211; YUZA YUZA OIL"},"content":{"rendered":"<p>Nessuno sa dire da dove provenga quest\u2019olio dal profumo penetrante, se anche chiedete informazioni nel quartiere francese di New Orleans, la culla americana del Voodoo non avrete risposta e le vostre domande cadranno nel vuoto. L\u2019olio Yuza Yuza \u00e8 un segreto di cui anche chi pratica il Voodoo preferisce tacere, forse per la sua fama sinistra. Eppure \u00e8 tradizionalmente, a livello esoterico,\u00a0uno strumento prezioso per tutte quelle persone che desiderano una comunicazione rapida e veloce con i defunti, una ricetta tramandata di generazione in generazione i cui misteri provengono dall\u2019Africa Nera, dove il contatto con i propri antenati era tenuto in grande considerazione e negli avi si cercavano risposte e consigli nei momenti pi\u00f9 duri della vita. Il potere attribuito all\u2019olio YUZA YUZA dalla tradizione \u00e8 quello di attirare le anime dei defunti, sia con finalit\u00e0 positive che negative. Quest\u2019olio \u00e8 considerato molto potente e va usato con moltissima cautela, dal momento che al proprio interno contiene erbe e resine che sono legate ad una delle figure pi\u00f9 temute del Voodoo, il Bar\u00f2n Samed\u00ec, Signore dei Morti e dei Cimiteri, tenebroso guardiano dell\u2019Oltretomba.<\/p>\n<p>10 ML L&#8217;immagine \u00e8 puramente esemplificativa. La confezione pu\u00f2 essere in plastica o in vetro.<\/p>\n","protected":false},"excerpt":{"rendered":"<p>Nessuno sa dire da dove provenga quest\u2019olio dal profumo penetrante, se anche chiedete informazioni nel quartiere francese di New Orleans,&#8230;<\/p>\n","protected":false},"featured_media":3377,"template":"","meta":{"_acf_changed":false},"product_brand":[],"product_cat":[1078,1059,1312],"product_tag":[],"class_list":{"0":"post-3376","1":"product","2":"type-product","3":"status-publish","4":"has-post-thumbnail","6":"product_cat-prodotti-esoterici-voodoo-vodun-vudu-santeria","7":"product_cat-articoli-esoterici","8":"product_cat-olii-voodoo-e-hoodoo","10":"first","11":"instock","12":"taxable","13":"shipping-taxable","14":"purchasable","15":"product-type-simple","16":"add-to-wishlist-before_image"},"acf":[],"yoast_head":"<!-- This site is optimized with the Yoast SEO plugin v26.9 - https:\/\/yoast.com\/product\/yoast-seo-wordpress\/ -->\n<title>ACEITE YUZA YUZA - YUZA YUZA OIL - Il Crogiuolo<\/title>\n<meta name=\"description\" content=\"ACEITE YUZA YUZA - YUZA YUZA OIL Nessuno sa dire da dove provenga quest\u2019olio dal profumo penetrante, se anche chiedete informazioni nel quartiere francese di New Orleans, la culla\" \/>\n<meta name=\"robots\" content=\"index, follow, max-snippet:-1, max-image-preview:large, max-video-preview:-1\" \/>\n<link rel=\"canonical\" href=\"https:\/\/ilcrogiuolo.it\/it\/p\/aceite-yuza-yuza-yuza-yuza-oil\/\" \/>\n<meta property=\"og:locale\" content=\"it_IT\" \/>\n<meta property=\"og:type\" content=\"article\" \/>\n<meta property=\"og:title\" content=\"ACEITE YUZA YUZA - YUZA YUZA OIL - Il Crogiuolo\" \/>\n<meta property=\"og:description\" content=\"ACEITE YUZA YUZA - YUZA YUZA OIL Nessuno sa dire da dove provenga quest\u2019olio dal profumo penetrante, se anche chiedete informazioni nel quartiere francese di New Orleans, la culla\" \/>\n<meta property=\"og:url\" content=\"https:\/\/ilcrogiuolo.it\/it\/p\/aceite-yuza-yuza-yuza-yuza-oil\/\" \/>\n<meta property=\"og:site_name\" content=\"Il Crogiuolo\" \/>\n<meta property=\"article:publisher\" content=\"https:\/\/www.facebook.com\/Il-Crogiuolo-681876418491758\" \/>\n<meta property=\"article:modified_time\" content=\"2020-02-06T10:24:22+00:00\" \/>\n<meta property=\"og:image\" content=\"https:\/\/ilcrogiuolo.it\/wp-content\/uploads\/2020\/01\/oliiaceiteesotericosesoterici_2915589.jpg\" \/>\n\t<meta property=\"og:image:width\" content=\"627\" \/>\n\t<meta property=\"og:image:height\" content=\"600\" \/>\n\t<meta property=\"og:image:type\" content=\"image\/jpeg\" \/>\n<meta name=\"twitter:card\" content=\"summary_large_image\" \/>\n<meta name=\"twitter:label1\" content=\"Tempo di lettura stimato\" \/>\n\t<meta name=\"twitter:data1\" content=\"1 minuto\" \/>\n<script type=\"application\/ld+json\" class=\"yoast-schema-graph\">{\"@context\":\"https:\/\/schema.org\",\"@graph\":[{\"@type\":\"WebPage\",\"@id\":\"https:\/\/ilcrogiuolo.it\/it\/p\/aceite-yuza-yuza-yuza-yuza-oil\/\",\"url\":\"https:\/\/ilcrogiuolo.it\/it\/p\/aceite-yuza-yuza-yuza-yuza-oil\/\",\"name\":\"ACEITE YUZA YUZA - YUZA YUZA OIL - Il Crogiuolo\",\"isPartOf\":{\"@id\":\"https:\/\/ilcrogiuolo.it\/it\/#website\"},\"primaryImageOfPage\":{\"@id\":\"https:\/\/ilcrogiuolo.it\/it\/p\/aceite-yuza-yuza-yuza-yuza-oil\/#primaryimage\"},\"image\":{\"@id\":\"https:\/\/ilcrogiuolo.it\/it\/p\/aceite-yuza-yuza-yuza-yuza-oil\/#primaryimage\"},\"thumbnailUrl\":\"https:\/\/ilcrogiuolo.it\/wp-content\/uploads\/2020\/01\/oliiaceiteesotericosesoterici_2915589.jpg\",\"datePublished\":\"2020-01-14T16:06:23+00:00\",\"dateModified\":\"2020-02-06T10:24:22+00:00\",\"description\":\"ACEITE YUZA YUZA - YUZA YUZA OIL Nessuno sa dire da dove provenga quest\u2019olio dal profumo penetrante, se anche chiedete informazioni nel quartiere francese di New Orleans, la culla\",\"breadcrumb\":{\"@id\":\"https:\/\/ilcrogiuolo.it\/it\/p\/aceite-yuza-yuza-yuza-yuza-oil\/#breadcrumb\"},\"inLanguage\":\"it-IT\",\"potentialAction\":[{\"@type\":\"ReadAction\",\"target\":[\"https:\/\/ilcrogiuolo.it\/it\/p\/aceite-yuza-yuza-yuza-yuza-oil\/\"]}]},{\"@type\":\"ImageObject\",\"inLanguage\":\"it-IT\",\"@id\":\"https:\/\/ilcrogiuolo.it\/it\/p\/aceite-yuza-yuza-yuza-yuza-oil\/#primaryimage\",\"url\":\"https:\/\/ilcrogiuolo.it\/wp-content\/uploads\/2020\/01\/oliiaceiteesotericosesoterici_2915589.jpg\",\"contentUrl\":\"https:\/\/ilcrogiuolo.it\/wp-content\/uploads\/2020\/01\/oliiaceiteesotericosesoterici_2915589.jpg\",\"width\":627,\"height\":600},{\"@type\":\"BreadcrumbList\",\"@id\":\"https:\/\/ilcrogiuolo.it\/it\/p\/aceite-yuza-yuza-yuza-yuza-oil\/#breadcrumb\",\"itemListElement\":[{\"@type\":\"ListItem\",\"position\":1,\"name\":\"Home\",\"item\":\"https:\/\/ilcrogiuolo.it\/it\/\"},{\"@type\":\"ListItem\",\"position\":2,\"name\":\"Shop\",\"item\":\"https:\/\/ilcrogiuolo.it\/it\/negozio\/\"},{\"@type\":\"ListItem\",\"position\":3,\"name\":\"ACEITE YUZA YUZA &#8211; YUZA YUZA OIL\"}]},{\"@type\":\"WebSite\",\"@id\":\"https:\/\/ilcrogiuolo.it\/it\/#website\",\"url\":\"https:\/\/ilcrogiuolo.it\/it\/\",\"name\":\"Il Crogiuolo\",\"description\":\"\",\"publisher\":{\"@id\":\"https:\/\/ilcrogiuolo.it\/it\/#organization\"},\"potentialAction\":[{\"@type\":\"SearchAction\",\"target\":{\"@type\":\"EntryPoint\",\"urlTemplate\":\"https:\/\/ilcrogiuolo.it\/it\/?s={search_term_string}\"},\"query-input\":{\"@type\":\"PropertyValueSpecification\",\"valueRequired\":true,\"valueName\":\"search_term_string\"}}],\"inLanguage\":\"it-IT\"},{\"@type\":\"Organization\",\"@id\":\"https:\/\/ilcrogiuolo.it\/it\/#organization\",\"name\":\"Il Crogiuolo\",\"url\":\"https:\/\/ilcrogiuolo.it\/it\/\",\"logo\":{\"@type\":\"ImageObject\",\"inLanguage\":\"it-IT\",\"@id\":\"https:\/\/ilcrogiuolo.it\/it\/#\/schema\/logo\/image\/\",\"url\":\"https:\/\/ilcrogiuolo.it\/wp-content\/uploads\/2020\/04\/logo.png\",\"contentUrl\":\"https:\/\/ilcrogiuolo.it\/wp-content\/uploads\/2020\/04\/logo.png\",\"width\":200,\"height\":49,\"caption\":\"Il Crogiuolo\"},\"image\":{\"@id\":\"https:\/\/ilcrogiuolo.it\/it\/#\/schema\/logo\/image\/\"},\"sameAs\":[\"https:\/\/www.facebook.com\/Il-Crogiuolo-681876418491758\"]}]}<\/script>\n<!-- \/ Yoast SEO plugin. -->","yoast_head_json":{"title":"ACEITE YUZA YUZA - YUZA YUZA OIL - Il Crogiuolo","description":"ACEITE YUZA YUZA - YUZA YUZA OIL Nessuno sa dire da dove provenga quest\u2019olio dal profumo penetrante, se anche chiedete informazioni nel quartiere francese di New Orleans, la culla","robots":{"index":"index","follow":"follow","max-snippet":"max-snippet:-1","max-image-preview":"max-image-preview:large","max-video-preview":"max-video-preview:-1"},"canonical":"https:\/\/ilcrogiuolo.it\/it\/p\/aceite-yuza-yuza-yuza-yuza-oil\/","og_locale":"it_IT","og_type":"article","og_title":"ACEITE YUZA YUZA - YUZA YUZA OIL - Il Crogiuolo","og_description":"ACEITE YUZA YUZA - YUZA YUZA OIL Nessuno sa dire da dove provenga quest\u2019olio dal profumo penetrante, se anche chiedete informazioni nel quartiere francese di New Orleans, la culla","og_url":"https:\/\/ilcrogiuolo.it\/it\/p\/aceite-yuza-yuza-yuza-yuza-oil\/","og_site_name":"Il Crogiuolo","article_publisher":"https:\/\/www.facebook.com\/Il-Crogiuolo-681876418491758","article_modified_time":"2020-02-06T10:24:22+00:00","og_image":[{"width":627,"height":600,"url":"https:\/\/ilcrogiuolo.it\/wp-content\/uploads\/2020\/01\/oliiaceiteesotericosesoterici_2915589.jpg","type":"image\/jpeg"}],"twitter_card":"summary_large_image","twitter_misc":{"Tempo di lettura stimato":"1 minuto"},"schema":{"@context":"https:\/\/schema.org","@graph":[{"@type":"WebPage","@id":"https:\/\/ilcrogiuolo.it\/it\/p\/aceite-yuza-yuza-yuza-yuza-oil\/","url":"https:\/\/ilcrogiuolo.it\/it\/p\/aceite-yuza-yuza-yuza-yuza-oil\/","name":"ACEITE YUZA YUZA - YUZA YUZA OIL - Il Crogiuolo","isPartOf":{"@id":"https:\/\/ilcrogiuolo.it\/it\/#website"},"primaryImageOfPage":{"@id":"https:\/\/ilcrogiuolo.it\/it\/p\/aceite-yuza-yuza-yuza-yuza-oil\/#primaryimage"},"image":{"@id":"https:\/\/ilcrogiuolo.it\/it\/p\/aceite-yuza-yuza-yuza-yuza-oil\/#primaryimage"},"thumbnailUrl":"https:\/\/ilcrogiuolo.it\/wp-content\/uploads\/2020\/01\/oliiaceiteesotericosesoterici_2915589.jpg","datePublished":"2020-01-14T16:06:23+00:00","dateModified":"2020-02-06T10:24:22+00:00","description":"ACEITE YUZA YUZA - YUZA YUZA OIL Nessuno sa dire da dove provenga quest\u2019olio dal profumo penetrante, se anche chiedete informazioni nel quartiere francese di New Orleans, la culla","breadcrumb":{"@id":"https:\/\/ilcrogiuolo.it\/it\/p\/aceite-yuza-yuza-yuza-yuza-oil\/#breadcrumb"},"inLanguage":"it-IT","potentialAction":[{"@type":"ReadAction","target":["https:\/\/ilcrogiuolo.it\/it\/p\/aceite-yuza-yuza-yuza-yuza-oil\/"]}]},{"@type":"ImageObject","inLanguage":"it-IT","@id":"https:\/\/ilcrogiuolo.it\/it\/p\/aceite-yuza-yuza-yuza-yuza-oil\/#primaryimage","url":"https:\/\/ilcrogiuolo.it\/wp-content\/uploads\/2020\/01\/oliiaceiteesotericosesoterici_2915589.jpg","contentUrl":"https:\/\/ilcrogiuolo.it\/wp-content\/uploads\/2020\/01\/oliiaceiteesotericosesoterici_2915589.jpg","width":627,"height":600},{"@type":"BreadcrumbList","@id":"https:\/\/ilcrogiuolo.it\/it\/p\/aceite-yuza-yuza-yuza-yuza-oil\/#breadcrumb","itemListElement":[{"@type":"ListItem","position":1,"name":"Home","item":"https:\/\/ilcrogiuolo.it\/it\/"},{"@type":"ListItem","position":2,"name":"Shop","item":"https:\/\/ilcrogiuolo.it\/it\/negozio\/"},{"@type":"ListItem","position":3,"name":"ACEITE YUZA YUZA &#8211; YUZA YUZA OIL"}]},{"@type":"WebSite","@id":"https:\/\/ilcrogiuolo.it\/it\/#website","url":"https:\/\/ilcrogiuolo.it\/it\/","name":"Il Crogiuolo","description":"","publisher":{"@id":"https:\/\/ilcrogiuolo.it\/it\/#organization"},"potentialAction":[{"@type":"SearchAction","target":{"@type":"EntryPoint","urlTemplate":"https:\/\/ilcrogiuolo.it\/it\/?s={search_term_string}"},"query-input":{"@type":"PropertyValueSpecification","valueRequired":true,"valueName":"search_term_string"}}],"inLanguage":"it-IT"},{"@type":"Organization","@id":"https:\/\/ilcrogiuolo.it\/it\/#organization","name":"Il Crogiuolo","url":"https:\/\/ilcrogiuolo.it\/it\/","logo":{"@type":"ImageObject","inLanguage":"it-IT","@id":"https:\/\/ilcrogiuolo.it\/it\/#\/schema\/logo\/image\/","url":"https:\/\/ilcrogiuolo.it\/wp-content\/uploads\/2020\/04\/logo.png","contentUrl":"https:\/\/ilcrogiuolo.it\/wp-content\/uploads\/2020\/04\/logo.png","width":200,"height":49,"caption":"Il Crogiuolo"},"image":{"@id":"https:\/\/ilcrogiuolo.it\/it\/#\/schema\/logo\/image\/"},"sameAs":["https:\/\/www.facebook.com\/Il-Crogiuolo-681876418491758"]}]}},"_links":{"self":[{"href":"https:\/\/ilcrogiuolo.it\/it\/wp-json\/wp\/v2\/product\/3376","targetHints":{"allow":["GET"]}}],"collection":[{"href":"https:\/\/ilcrogiuolo.it\/it\/wp-json\/wp\/v2\/product"}],"about":[{"href":"https:\/\/ilcrogiuolo.it\/it\/wp-json\/wp\/v2\/types\/product"}],"wp:featuredmedia":[{"embeddable":true,"href":"https:\/\/ilcrogiuolo.it\/it\/wp-json\/wp\/v2\/media\/3377"}],"wp:attachment":[{"href":"https:\/\/ilcrogiuolo.it\/it\/wp-json\/wp\/v2\/media?parent=3376"}],"wp:term":[{"taxonomy":"product_brand","embeddable":true,"href":"https:\/\/ilcrogiuolo.it\/it\/wp-json\/wp\/v2\/product_brand?post=3376"},{"taxonomy":"product_cat","embeddable":true,"href":"https:\/\/ilcrogiuolo.it\/it\/wp-json\/wp\/v2\/product_cat?post=3376"},{"taxonomy":"product_tag","embeddable":true,"href":"https:\/\/ilcrogiuolo.it\/it\/wp-json\/wp\/v2\/product_tag?post=3376"}],"curies":[{"name":"wp","href":"https:\/\/api.w.org\/{rel}","templated":true}]}}