{"id":3340,"date":"2020-01-14T17:06:23","date_gmt":"2020-01-14T16:06:23","guid":{"rendered":"https:\/\/ilcrogiuolo.it\/p\/pai-joaquim-de-angola-cm-25\/"},"modified":"2020-02-18T17:38:02","modified_gmt":"2020-02-18T16:38:02","slug":"pai-joaquim-de-angola-cm-25","status":"publish","type":"product","link":"https:\/\/ilcrogiuolo.it\/it\/p\/pai-joaquim-de-angola-cm-25\/","title":{"rendered":"Pai Joaquim De Angola CM 25"},"content":{"rendered":"<p>I Pretos Velhos sono gli spiriti di schiavi negri che si distinsero comunque per la loro saggezza e per il loro vasto sapere a livello magico e di guarigione. Sono i depositari della tradizione dell&#8217;Africa mitica. Vengono rappresentati come dei vecchi incurvati dagli anni che, pipa in bocca e membra tremanti, dispensano consigli spirituali e materiali. La loro caratteristica pi\u00f9 saliente \u00e8 la bont\u00e0, accompagnata da un senso di profonda umilt\u00e0 e pazienza. L&#8217;anima india del Brasile, invece, si riflette nel culto dei Caboclos, entit\u00e0 spirituali del mondo amazzonico che, entrate in contatto col mondo degli schiavi africani, si esprime in una devozione tutta particolare. Si tratta per lo pi\u00f9 di guerrieri indios che si distinsero per il loro valore e per la loro forza. Vengono raffigurati come il tipico indio armato di arco e frecce e adorno di piume, bracciali ed altri monili tipici di quella cultura.<\/p>\n","protected":false},"excerpt":{"rendered":"<p>I Pretos Velhos sono gli spiriti di schiavi negri che si distinsero comunque per la loro saggezza e per il&#8230;<\/p>\n","protected":false},"featured_media":19743,"template":"","meta":{"_acf_changed":false},"product_brand":[],"product_cat":[1085,1064,1345],"product_tag":[],"class_list":{"0":"post-3340","1":"product","2":"type-product","3":"status-publish","4":"has-post-thumbnail","6":"product_cat-statue-degli-orixas-exus-pomba-giras-feticci","7":"product_cat-statue-in-gesso-e-resina","8":"product_cat-statue-in-gesso-pretos-velhos-cabocolos-ciganos","10":"first","11":"outofstock","12":"taxable","13":"shipping-taxable","14":"purchasable","15":"product-type-simple","16":"add-to-wishlist-before_image"},"acf":[],"yoast_head":"<!-- This site is optimized with the Yoast SEO plugin v26.9 - https:\/\/yoast.com\/product\/yoast-seo-wordpress\/ -->\n<title>Pai Joaquim De Angola CM 25 - Il Crogiuolo<\/title>\n<meta name=\"description\" content=\"Pai Joaquim De Angola CM 25 I Pretos Velhos sono gli spiriti di schiavi negri che si distinsero comunque per la loro saggezza e per il loro vasto sapere a livello magico e di\" \/>\n<meta name=\"robots\" content=\"index, follow, max-snippet:-1, max-image-preview:large, max-video-preview:-1\" \/>\n<link rel=\"canonical\" href=\"https:\/\/ilcrogiuolo.it\/it\/p\/pai-joaquim-de-angola-cm-25\/\" \/>\n<meta property=\"og:locale\" content=\"it_IT\" \/>\n<meta property=\"og:type\" content=\"article\" \/>\n<meta property=\"og:title\" content=\"Pai Joaquim De Angola CM 25 - Il Crogiuolo\" \/>\n<meta property=\"og:description\" content=\"Pai Joaquim De Angola CM 25 I Pretos Velhos sono gli spiriti di schiavi negri che si distinsero comunque per la loro saggezza e per il loro vasto sapere a livello magico e di\" \/>\n<meta property=\"og:url\" content=\"https:\/\/ilcrogiuolo.it\/it\/p\/pai-joaquim-de-angola-cm-25\/\" \/>\n<meta property=\"og:site_name\" content=\"Il Crogiuolo\" \/>\n<meta property=\"article:publisher\" content=\"https:\/\/www.facebook.com\/Il-Crogiuolo-681876418491758\" \/>\n<meta property=\"article:modified_time\" content=\"2020-02-18T16:38:02+00:00\" \/>\n<meta property=\"og:image\" content=\"https:\/\/ilcrogiuolo.it\/wp-content\/uploads\/2020\/01\/00001179-1.jpg\" \/>\n\t<meta property=\"og:image:width\" content=\"627\" \/>\n\t<meta property=\"og:image:height\" content=\"600\" \/>\n\t<meta property=\"og:image:type\" content=\"image\/jpeg\" \/>\n<meta name=\"twitter:card\" content=\"summary_large_image\" \/>\n<meta name=\"twitter:label1\" content=\"Tempo di lettura stimato\" \/>\n\t<meta name=\"twitter:data1\" content=\"1 minuto\" \/>\n<script type=\"application\/ld+json\" class=\"yoast-schema-graph\">{\"@context\":\"https:\/\/schema.org\",\"@graph\":[{\"@type\":\"WebPage\",\"@id\":\"https:\/\/ilcrogiuolo.it\/it\/p\/pai-joaquim-de-angola-cm-25\/\",\"url\":\"https:\/\/ilcrogiuolo.it\/it\/p\/pai-joaquim-de-angola-cm-25\/\",\"name\":\"Pai Joaquim De Angola CM 25 - Il Crogiuolo\",\"isPartOf\":{\"@id\":\"https:\/\/ilcrogiuolo.it\/it\/#website\"},\"primaryImageOfPage\":{\"@id\":\"https:\/\/ilcrogiuolo.it\/it\/p\/pai-joaquim-de-angola-cm-25\/#primaryimage\"},\"image\":{\"@id\":\"https:\/\/ilcrogiuolo.it\/it\/p\/pai-joaquim-de-angola-cm-25\/#primaryimage\"},\"thumbnailUrl\":\"https:\/\/ilcrogiuolo.it\/wp-content\/uploads\/2020\/01\/00001179-1.jpg\",\"datePublished\":\"2020-01-14T16:06:23+00:00\",\"dateModified\":\"2020-02-18T16:38:02+00:00\",\"description\":\"Pai Joaquim De Angola CM 25 I Pretos Velhos sono gli spiriti di schiavi negri che si distinsero comunque per la loro saggezza e per il loro vasto sapere a livello magico e di\",\"breadcrumb\":{\"@id\":\"https:\/\/ilcrogiuolo.it\/it\/p\/pai-joaquim-de-angola-cm-25\/#breadcrumb\"},\"inLanguage\":\"it-IT\",\"potentialAction\":[{\"@type\":\"ReadAction\",\"target\":[\"https:\/\/ilcrogiuolo.it\/it\/p\/pai-joaquim-de-angola-cm-25\/\"]}]},{\"@type\":\"ImageObject\",\"inLanguage\":\"it-IT\",\"@id\":\"https:\/\/ilcrogiuolo.it\/it\/p\/pai-joaquim-de-angola-cm-25\/#primaryimage\",\"url\":\"https:\/\/ilcrogiuolo.it\/wp-content\/uploads\/2020\/01\/00001179-1.jpg\",\"contentUrl\":\"https:\/\/ilcrogiuolo.it\/wp-content\/uploads\/2020\/01\/00001179-1.jpg\",\"width\":627,\"height\":600},{\"@type\":\"BreadcrumbList\",\"@id\":\"https:\/\/ilcrogiuolo.it\/it\/p\/pai-joaquim-de-angola-cm-25\/#breadcrumb\",\"itemListElement\":[{\"@type\":\"ListItem\",\"position\":1,\"name\":\"Home\",\"item\":\"https:\/\/ilcrogiuolo.it\/it\/\"},{\"@type\":\"ListItem\",\"position\":2,\"name\":\"Shop\",\"item\":\"https:\/\/ilcrogiuolo.it\/it\/negozio\/\"},{\"@type\":\"ListItem\",\"position\":3,\"name\":\"Pai Joaquim De Angola CM 25\"}]},{\"@type\":\"WebSite\",\"@id\":\"https:\/\/ilcrogiuolo.it\/it\/#website\",\"url\":\"https:\/\/ilcrogiuolo.it\/it\/\",\"name\":\"Il Crogiuolo\",\"description\":\"\",\"publisher\":{\"@id\":\"https:\/\/ilcrogiuolo.it\/it\/#organization\"},\"potentialAction\":[{\"@type\":\"SearchAction\",\"target\":{\"@type\":\"EntryPoint\",\"urlTemplate\":\"https:\/\/ilcrogiuolo.it\/it\/?s={search_term_string}\"},\"query-input\":{\"@type\":\"PropertyValueSpecification\",\"valueRequired\":true,\"valueName\":\"search_term_string\"}}],\"inLanguage\":\"it-IT\"},{\"@type\":\"Organization\",\"@id\":\"https:\/\/ilcrogiuolo.it\/it\/#organization\",\"name\":\"Il Crogiuolo\",\"url\":\"https:\/\/ilcrogiuolo.it\/it\/\",\"logo\":{\"@type\":\"ImageObject\",\"inLanguage\":\"it-IT\",\"@id\":\"https:\/\/ilcrogiuolo.it\/it\/#\/schema\/logo\/image\/\",\"url\":\"https:\/\/ilcrogiuolo.it\/wp-content\/uploads\/2020\/04\/logo.png\",\"contentUrl\":\"https:\/\/ilcrogiuolo.it\/wp-content\/uploads\/2020\/04\/logo.png\",\"width\":200,\"height\":49,\"caption\":\"Il Crogiuolo\"},\"image\":{\"@id\":\"https:\/\/ilcrogiuolo.it\/it\/#\/schema\/logo\/image\/\"},\"sameAs\":[\"https:\/\/www.facebook.com\/Il-Crogiuolo-681876418491758\"]}]}<\/script>\n<!-- \/ Yoast SEO plugin. -->","yoast_head_json":{"title":"Pai Joaquim De Angola CM 25 - Il Crogiuolo","description":"Pai Joaquim De Angola CM 25 I Pretos Velhos sono gli spiriti di schiavi negri che si distinsero comunque per la loro saggezza e per il loro vasto sapere a livello magico e di","robots":{"index":"index","follow":"follow","max-snippet":"max-snippet:-1","max-image-preview":"max-image-preview:large","max-video-preview":"max-video-preview:-1"},"canonical":"https:\/\/ilcrogiuolo.it\/it\/p\/pai-joaquim-de-angola-cm-25\/","og_locale":"it_IT","og_type":"article","og_title":"Pai Joaquim De Angola CM 25 - Il Crogiuolo","og_description":"Pai Joaquim De Angola CM 25 I Pretos Velhos sono gli spiriti di schiavi negri che si distinsero comunque per la loro saggezza e per il loro vasto sapere a livello magico e di","og_url":"https:\/\/ilcrogiuolo.it\/it\/p\/pai-joaquim-de-angola-cm-25\/","og_site_name":"Il Crogiuolo","article_publisher":"https:\/\/www.facebook.com\/Il-Crogiuolo-681876418491758","article_modified_time":"2020-02-18T16:38:02+00:00","og_image":[{"width":627,"height":600,"url":"https:\/\/ilcrogiuolo.it\/wp-content\/uploads\/2020\/01\/00001179-1.jpg","type":"image\/jpeg"}],"twitter_card":"summary_large_image","twitter_misc":{"Tempo di lettura stimato":"1 minuto"},"schema":{"@context":"https:\/\/schema.org","@graph":[{"@type":"WebPage","@id":"https:\/\/ilcrogiuolo.it\/it\/p\/pai-joaquim-de-angola-cm-25\/","url":"https:\/\/ilcrogiuolo.it\/it\/p\/pai-joaquim-de-angola-cm-25\/","name":"Pai Joaquim De Angola CM 25 - Il Crogiuolo","isPartOf":{"@id":"https:\/\/ilcrogiuolo.it\/it\/#website"},"primaryImageOfPage":{"@id":"https:\/\/ilcrogiuolo.it\/it\/p\/pai-joaquim-de-angola-cm-25\/#primaryimage"},"image":{"@id":"https:\/\/ilcrogiuolo.it\/it\/p\/pai-joaquim-de-angola-cm-25\/#primaryimage"},"thumbnailUrl":"https:\/\/ilcrogiuolo.it\/wp-content\/uploads\/2020\/01\/00001179-1.jpg","datePublished":"2020-01-14T16:06:23+00:00","dateModified":"2020-02-18T16:38:02+00:00","description":"Pai Joaquim De Angola CM 25 I Pretos Velhos sono gli spiriti di schiavi negri che si distinsero comunque per la loro saggezza e per il loro vasto sapere a livello magico e di","breadcrumb":{"@id":"https:\/\/ilcrogiuolo.it\/it\/p\/pai-joaquim-de-angola-cm-25\/#breadcrumb"},"inLanguage":"it-IT","potentialAction":[{"@type":"ReadAction","target":["https:\/\/ilcrogiuolo.it\/it\/p\/pai-joaquim-de-angola-cm-25\/"]}]},{"@type":"ImageObject","inLanguage":"it-IT","@id":"https:\/\/ilcrogiuolo.it\/it\/p\/pai-joaquim-de-angola-cm-25\/#primaryimage","url":"https:\/\/ilcrogiuolo.it\/wp-content\/uploads\/2020\/01\/00001179-1.jpg","contentUrl":"https:\/\/ilcrogiuolo.it\/wp-content\/uploads\/2020\/01\/00001179-1.jpg","width":627,"height":600},{"@type":"BreadcrumbList","@id":"https:\/\/ilcrogiuolo.it\/it\/p\/pai-joaquim-de-angola-cm-25\/#breadcrumb","itemListElement":[{"@type":"ListItem","position":1,"name":"Home","item":"https:\/\/ilcrogiuolo.it\/it\/"},{"@type":"ListItem","position":2,"name":"Shop","item":"https:\/\/ilcrogiuolo.it\/it\/negozio\/"},{"@type":"ListItem","position":3,"name":"Pai Joaquim De Angola CM 25"}]},{"@type":"WebSite","@id":"https:\/\/ilcrogiuolo.it\/it\/#website","url":"https:\/\/ilcrogiuolo.it\/it\/","name":"Il Crogiuolo","description":"","publisher":{"@id":"https:\/\/ilcrogiuolo.it\/it\/#organization"},"potentialAction":[{"@type":"SearchAction","target":{"@type":"EntryPoint","urlTemplate":"https:\/\/ilcrogiuolo.it\/it\/?s={search_term_string}"},"query-input":{"@type":"PropertyValueSpecification","valueRequired":true,"valueName":"search_term_string"}}],"inLanguage":"it-IT"},{"@type":"Organization","@id":"https:\/\/ilcrogiuolo.it\/it\/#organization","name":"Il Crogiuolo","url":"https:\/\/ilcrogiuolo.it\/it\/","logo":{"@type":"ImageObject","inLanguage":"it-IT","@id":"https:\/\/ilcrogiuolo.it\/it\/#\/schema\/logo\/image\/","url":"https:\/\/ilcrogiuolo.it\/wp-content\/uploads\/2020\/04\/logo.png","contentUrl":"https:\/\/ilcrogiuolo.it\/wp-content\/uploads\/2020\/04\/logo.png","width":200,"height":49,"caption":"Il Crogiuolo"},"image":{"@id":"https:\/\/ilcrogiuolo.it\/it\/#\/schema\/logo\/image\/"},"sameAs":["https:\/\/www.facebook.com\/Il-Crogiuolo-681876418491758"]}]}},"_links":{"self":[{"href":"https:\/\/ilcrogiuolo.it\/it\/wp-json\/wp\/v2\/product\/3340","targetHints":{"allow":["GET"]}}],"collection":[{"href":"https:\/\/ilcrogiuolo.it\/it\/wp-json\/wp\/v2\/product"}],"about":[{"href":"https:\/\/ilcrogiuolo.it\/it\/wp-json\/wp\/v2\/types\/product"}],"wp:featuredmedia":[{"embeddable":true,"href":"https:\/\/ilcrogiuolo.it\/it\/wp-json\/wp\/v2\/media\/19743"}],"wp:attachment":[{"href":"https:\/\/ilcrogiuolo.it\/it\/wp-json\/wp\/v2\/media?parent=3340"}],"wp:term":[{"taxonomy":"product_brand","embeddable":true,"href":"https:\/\/ilcrogiuolo.it\/it\/wp-json\/wp\/v2\/product_brand?post=3340"},{"taxonomy":"product_cat","embeddable":true,"href":"https:\/\/ilcrogiuolo.it\/it\/wp-json\/wp\/v2\/product_cat?post=3340"},{"taxonomy":"product_tag","embeddable":true,"href":"https:\/\/ilcrogiuolo.it\/it\/wp-json\/wp\/v2\/product_tag?post=3340"}],"curies":[{"name":"wp","href":"https:\/\/api.w.org\/{rel}","templated":true}]}}