{"id":32475,"date":"2021-12-10T13:30:55","date_gmt":"2021-12-10T12:30:55","guid":{"rendered":"https:\/\/ilcrogiuolo.it\/?post_type=product&#038;p=32475"},"modified":"2025-05-27T12:29:06","modified_gmt":"2025-05-27T10:29:06","slug":"shungite-per-acqua-50-gr","status":"publish","type":"product","link":"https:\/\/ilcrogiuolo.it\/it\/p\/shungite-per-acqua-50-gr\/","title":{"rendered":"SHUNGITE PER ACQUA 50 GR"},"content":{"rendered":"<p>La shungite \u00e8 una pietra nera opaca, estratta in Carelia (nord-ovest della Russia). Prende il nome dal luogo di estrazione : il lago Shunga o Onega.<br \/>\nLe propriet\u00e0 di questa pietra nera sono note da diversi secoli in Russia : lo Zar Pietro il Grande (1672-1725) la utilizz\u00f2 per alleviare gli acciacchi della vecchiaia.<br \/>\nIn funzione della sua particolare struttura , la shungite possiede un certo numero di sorprendenti propriet\u00e0 fisiche, chimiche e bioenergetiche.<\/p>\n<p>Scudo contro le radiazioni elettromagnetiche<\/p>\n<p>Una delle principali propriet\u00e0 della shungite \u00e8 la sua potente capacit\u00e0 di neutralizzare ogni tipo di radiazioni. Questa pietra \u00e8 estremamente efficace per contrastare i danni causati dalle onde elettromagnetiche emesse dai moderni apparecchi elettronici senza fili : wifi, computer, cellulari, cordless, ecc&#8230;<\/p>\n<p>Sono state effettuate degli esperimenti bioenergetici (a livello di medicina alternativa) con una serie di pietre note per le loro propriet\u00e0 di protezione e la shungite ha dimostrato pienamente la sua grande capacit\u00e0 di rafforzare il corpo energetico, riattivare la circolazione dell&#8217;energia vitale e riparare i danni causati dalle radiazioni negative.<br \/>\nA differenza della tormalina nera che si carica negativamente e rapidamente, la shungite non si carica mai negativamente, grazie alle sue particolari caratteristiche molecolari (fullereni).<br \/>\nPortare una pietra di shungite in tasca o indossare un ciondolo si pensa che sia eccellente per proteggersi attivamente durante le giornate di lavoro in ufficio o durante i viaggi : aereo, treno, auto.<\/p>\n<p>Livello Bioenergetico<\/p>\n<p>Le ricerche bioenergetiche hanno testato con successo la shungite per diversi squilibri:<br \/>\nPer le persone sempre stanche<br \/>\nPer le giornate di intesa attivit\u00e0<br \/>\nPer rinforzare il sistema energetico dei malati e per attivare le loro capacit\u00e0 di guarigione<br \/>\nPer i periodi di convalescenza, per ritrovare le forze perdute<br \/>\nPer stimolare le difese immunitarie, rafforzare il corpo energetico in periodi di epidemie (compresa l&#8217;influenza) o cambiamenti di stagione.<\/p>\n","protected":false},"excerpt":{"rendered":"<p>La shungite \u00e8 una pietra nera opaca, estratta in Carelia (nord-ovest della Russia). Prende il nome dal luogo di estrazione&#8230;<\/p>\n","protected":false},"featured_media":32483,"template":"","meta":{"_acf_changed":false},"product_brand":[],"product_cat":[1110,1516,1065],"product_tag":[],"class_list":{"0":"post-32475","1":"product","2":"type-product","3":"status-publish","4":"has-post-thumbnail","6":"product_cat-boji-stones-moqui-marble","7":"product_cat-boji-stones-moqui-marble-boji-stones-moqui-marble","8":"product_cat-botanica-pietre","10":"first","11":"instock","12":"taxable","13":"shipping-taxable","14":"purchasable","15":"product-type-simple","16":"add-to-wishlist-before_image"},"acf":[],"yoast_head":"<!-- This site is optimized with the Yoast SEO plugin v26.9 - https:\/\/yoast.com\/product\/yoast-seo-wordpress\/ -->\n<title>SHUNGITE PER ACQUA 50 GR - Il Crogiuolo<\/title>\n<meta name=\"description\" content=\"SHUNGITE PER ACQUA 50 GR La shungite \u00e8 una pietra nera opaca, estratta in Carelia (nord-ovest della Russia). Prende il nome dal luogo di estrazione : il lago Shunga o Onega. Le\" \/>\n<meta name=\"robots\" content=\"index, follow, max-snippet:-1, max-image-preview:large, max-video-preview:-1\" \/>\n<link rel=\"canonical\" href=\"https:\/\/ilcrogiuolo.it\/it\/p\/shungite-per-acqua-50-gr\/\" \/>\n<meta property=\"og:locale\" content=\"it_IT\" \/>\n<meta property=\"og:type\" content=\"article\" \/>\n<meta property=\"og:title\" content=\"SHUNGITE PER ACQUA 50 GR - Il Crogiuolo\" \/>\n<meta property=\"og:description\" content=\"SHUNGITE PER ACQUA 50 GR La shungite \u00e8 una pietra nera opaca, estratta in Carelia (nord-ovest della Russia). Prende il nome dal luogo di estrazione : il lago Shunga o Onega. Le\" \/>\n<meta property=\"og:url\" content=\"https:\/\/ilcrogiuolo.it\/it\/p\/shungite-per-acqua-50-gr\/\" \/>\n<meta property=\"og:site_name\" content=\"Il Crogiuolo\" \/>\n<meta property=\"article:publisher\" content=\"https:\/\/www.facebook.com\/Il-Crogiuolo-681876418491758\" \/>\n<meta property=\"article:modified_time\" content=\"2025-05-27T10:29:06+00:00\" \/>\n<meta property=\"og:image\" content=\"https:\/\/ilcrogiuolo.it\/wp-content\/uploads\/2021\/12\/shungite-per-acqua.jpg\" \/>\n\t<meta property=\"og:image:width\" content=\"627\" \/>\n\t<meta property=\"og:image:height\" content=\"600\" \/>\n\t<meta property=\"og:image:type\" content=\"image\/jpeg\" \/>\n<meta name=\"twitter:card\" content=\"summary_large_image\" \/>\n<meta name=\"twitter:label1\" content=\"Tempo di lettura stimato\" \/>\n\t<meta name=\"twitter:data1\" content=\"2 minuti\" \/>\n<script type=\"application\/ld+json\" class=\"yoast-schema-graph\">{\"@context\":\"https:\/\/schema.org\",\"@graph\":[{\"@type\":\"WebPage\",\"@id\":\"https:\/\/ilcrogiuolo.it\/it\/p\/shungite-per-acqua-50-gr\/\",\"url\":\"https:\/\/ilcrogiuolo.it\/it\/p\/shungite-per-acqua-50-gr\/\",\"name\":\"SHUNGITE PER ACQUA 50 GR - Il Crogiuolo\",\"isPartOf\":{\"@id\":\"https:\/\/ilcrogiuolo.it\/it\/#website\"},\"primaryImageOfPage\":{\"@id\":\"https:\/\/ilcrogiuolo.it\/it\/p\/shungite-per-acqua-50-gr\/#primaryimage\"},\"image\":{\"@id\":\"https:\/\/ilcrogiuolo.it\/it\/p\/shungite-per-acqua-50-gr\/#primaryimage\"},\"thumbnailUrl\":\"https:\/\/ilcrogiuolo.it\/wp-content\/uploads\/2021\/12\/shungite-per-acqua.jpg\",\"datePublished\":\"2021-12-10T12:30:55+00:00\",\"dateModified\":\"2025-05-27T10:29:06+00:00\",\"description\":\"SHUNGITE PER ACQUA 50 GR La shungite \u00e8 una pietra nera opaca, estratta in Carelia (nord-ovest della Russia). Prende il nome dal luogo di estrazione : il lago Shunga o Onega. Le\",\"breadcrumb\":{\"@id\":\"https:\/\/ilcrogiuolo.it\/it\/p\/shungite-per-acqua-50-gr\/#breadcrumb\"},\"inLanguage\":\"it-IT\",\"potentialAction\":[{\"@type\":\"ReadAction\",\"target\":[\"https:\/\/ilcrogiuolo.it\/it\/p\/shungite-per-acqua-50-gr\/\"]}]},{\"@type\":\"ImageObject\",\"inLanguage\":\"it-IT\",\"@id\":\"https:\/\/ilcrogiuolo.it\/it\/p\/shungite-per-acqua-50-gr\/#primaryimage\",\"url\":\"https:\/\/ilcrogiuolo.it\/wp-content\/uploads\/2021\/12\/shungite-per-acqua.jpg\",\"contentUrl\":\"https:\/\/ilcrogiuolo.it\/wp-content\/uploads\/2021\/12\/shungite-per-acqua.jpg\",\"width\":627,\"height\":600},{\"@type\":\"BreadcrumbList\",\"@id\":\"https:\/\/ilcrogiuolo.it\/it\/p\/shungite-per-acqua-50-gr\/#breadcrumb\",\"itemListElement\":[{\"@type\":\"ListItem\",\"position\":1,\"name\":\"Home\",\"item\":\"https:\/\/ilcrogiuolo.it\/it\/\"},{\"@type\":\"ListItem\",\"position\":2,\"name\":\"Shop\",\"item\":\"https:\/\/ilcrogiuolo.it\/it\/negozio\/\"},{\"@type\":\"ListItem\",\"position\":3,\"name\":\"SHUNGITE PER ACQUA 50 GR\"}]},{\"@type\":\"WebSite\",\"@id\":\"https:\/\/ilcrogiuolo.it\/it\/#website\",\"url\":\"https:\/\/ilcrogiuolo.it\/it\/\",\"name\":\"Il Crogiuolo\",\"description\":\"\",\"publisher\":{\"@id\":\"https:\/\/ilcrogiuolo.it\/it\/#organization\"},\"potentialAction\":[{\"@type\":\"SearchAction\",\"target\":{\"@type\":\"EntryPoint\",\"urlTemplate\":\"https:\/\/ilcrogiuolo.it\/it\/?s={search_term_string}\"},\"query-input\":{\"@type\":\"PropertyValueSpecification\",\"valueRequired\":true,\"valueName\":\"search_term_string\"}}],\"inLanguage\":\"it-IT\"},{\"@type\":\"Organization\",\"@id\":\"https:\/\/ilcrogiuolo.it\/it\/#organization\",\"name\":\"Il Crogiuolo\",\"url\":\"https:\/\/ilcrogiuolo.it\/it\/\",\"logo\":{\"@type\":\"ImageObject\",\"inLanguage\":\"it-IT\",\"@id\":\"https:\/\/ilcrogiuolo.it\/it\/#\/schema\/logo\/image\/\",\"url\":\"https:\/\/ilcrogiuolo.it\/wp-content\/uploads\/2020\/04\/logo.png\",\"contentUrl\":\"https:\/\/ilcrogiuolo.it\/wp-content\/uploads\/2020\/04\/logo.png\",\"width\":200,\"height\":49,\"caption\":\"Il Crogiuolo\"},\"image\":{\"@id\":\"https:\/\/ilcrogiuolo.it\/it\/#\/schema\/logo\/image\/\"},\"sameAs\":[\"https:\/\/www.facebook.com\/Il-Crogiuolo-681876418491758\"]}]}<\/script>\n<!-- \/ Yoast SEO plugin. -->","yoast_head_json":{"title":"SHUNGITE PER ACQUA 50 GR - Il Crogiuolo","description":"SHUNGITE PER ACQUA 50 GR La shungite \u00e8 una pietra nera opaca, estratta in Carelia (nord-ovest della Russia). Prende il nome dal luogo di estrazione : il lago Shunga o Onega. Le","robots":{"index":"index","follow":"follow","max-snippet":"max-snippet:-1","max-image-preview":"max-image-preview:large","max-video-preview":"max-video-preview:-1"},"canonical":"https:\/\/ilcrogiuolo.it\/it\/p\/shungite-per-acqua-50-gr\/","og_locale":"it_IT","og_type":"article","og_title":"SHUNGITE PER ACQUA 50 GR - Il Crogiuolo","og_description":"SHUNGITE PER ACQUA 50 GR La shungite \u00e8 una pietra nera opaca, estratta in Carelia (nord-ovest della Russia). Prende il nome dal luogo di estrazione : il lago Shunga o Onega. Le","og_url":"https:\/\/ilcrogiuolo.it\/it\/p\/shungite-per-acqua-50-gr\/","og_site_name":"Il Crogiuolo","article_publisher":"https:\/\/www.facebook.com\/Il-Crogiuolo-681876418491758","article_modified_time":"2025-05-27T10:29:06+00:00","og_image":[{"width":627,"height":600,"url":"https:\/\/ilcrogiuolo.it\/wp-content\/uploads\/2021\/12\/shungite-per-acqua.jpg","type":"image\/jpeg"}],"twitter_card":"summary_large_image","twitter_misc":{"Tempo di lettura stimato":"2 minuti"},"schema":{"@context":"https:\/\/schema.org","@graph":[{"@type":"WebPage","@id":"https:\/\/ilcrogiuolo.it\/it\/p\/shungite-per-acqua-50-gr\/","url":"https:\/\/ilcrogiuolo.it\/it\/p\/shungite-per-acqua-50-gr\/","name":"SHUNGITE PER ACQUA 50 GR - Il Crogiuolo","isPartOf":{"@id":"https:\/\/ilcrogiuolo.it\/it\/#website"},"primaryImageOfPage":{"@id":"https:\/\/ilcrogiuolo.it\/it\/p\/shungite-per-acqua-50-gr\/#primaryimage"},"image":{"@id":"https:\/\/ilcrogiuolo.it\/it\/p\/shungite-per-acqua-50-gr\/#primaryimage"},"thumbnailUrl":"https:\/\/ilcrogiuolo.it\/wp-content\/uploads\/2021\/12\/shungite-per-acqua.jpg","datePublished":"2021-12-10T12:30:55+00:00","dateModified":"2025-05-27T10:29:06+00:00","description":"SHUNGITE PER ACQUA 50 GR La shungite \u00e8 una pietra nera opaca, estratta in Carelia (nord-ovest della Russia). Prende il nome dal luogo di estrazione : il lago Shunga o Onega. Le","breadcrumb":{"@id":"https:\/\/ilcrogiuolo.it\/it\/p\/shungite-per-acqua-50-gr\/#breadcrumb"},"inLanguage":"it-IT","potentialAction":[{"@type":"ReadAction","target":["https:\/\/ilcrogiuolo.it\/it\/p\/shungite-per-acqua-50-gr\/"]}]},{"@type":"ImageObject","inLanguage":"it-IT","@id":"https:\/\/ilcrogiuolo.it\/it\/p\/shungite-per-acqua-50-gr\/#primaryimage","url":"https:\/\/ilcrogiuolo.it\/wp-content\/uploads\/2021\/12\/shungite-per-acqua.jpg","contentUrl":"https:\/\/ilcrogiuolo.it\/wp-content\/uploads\/2021\/12\/shungite-per-acqua.jpg","width":627,"height":600},{"@type":"BreadcrumbList","@id":"https:\/\/ilcrogiuolo.it\/it\/p\/shungite-per-acqua-50-gr\/#breadcrumb","itemListElement":[{"@type":"ListItem","position":1,"name":"Home","item":"https:\/\/ilcrogiuolo.it\/it\/"},{"@type":"ListItem","position":2,"name":"Shop","item":"https:\/\/ilcrogiuolo.it\/it\/negozio\/"},{"@type":"ListItem","position":3,"name":"SHUNGITE PER ACQUA 50 GR"}]},{"@type":"WebSite","@id":"https:\/\/ilcrogiuolo.it\/it\/#website","url":"https:\/\/ilcrogiuolo.it\/it\/","name":"Il Crogiuolo","description":"","publisher":{"@id":"https:\/\/ilcrogiuolo.it\/it\/#organization"},"potentialAction":[{"@type":"SearchAction","target":{"@type":"EntryPoint","urlTemplate":"https:\/\/ilcrogiuolo.it\/it\/?s={search_term_string}"},"query-input":{"@type":"PropertyValueSpecification","valueRequired":true,"valueName":"search_term_string"}}],"inLanguage":"it-IT"},{"@type":"Organization","@id":"https:\/\/ilcrogiuolo.it\/it\/#organization","name":"Il Crogiuolo","url":"https:\/\/ilcrogiuolo.it\/it\/","logo":{"@type":"ImageObject","inLanguage":"it-IT","@id":"https:\/\/ilcrogiuolo.it\/it\/#\/schema\/logo\/image\/","url":"https:\/\/ilcrogiuolo.it\/wp-content\/uploads\/2020\/04\/logo.png","contentUrl":"https:\/\/ilcrogiuolo.it\/wp-content\/uploads\/2020\/04\/logo.png","width":200,"height":49,"caption":"Il Crogiuolo"},"image":{"@id":"https:\/\/ilcrogiuolo.it\/it\/#\/schema\/logo\/image\/"},"sameAs":["https:\/\/www.facebook.com\/Il-Crogiuolo-681876418491758"]}]}},"_links":{"self":[{"href":"https:\/\/ilcrogiuolo.it\/it\/wp-json\/wp\/v2\/product\/32475","targetHints":{"allow":["GET"]}}],"collection":[{"href":"https:\/\/ilcrogiuolo.it\/it\/wp-json\/wp\/v2\/product"}],"about":[{"href":"https:\/\/ilcrogiuolo.it\/it\/wp-json\/wp\/v2\/types\/product"}],"wp:featuredmedia":[{"embeddable":true,"href":"https:\/\/ilcrogiuolo.it\/it\/wp-json\/wp\/v2\/media\/32483"}],"wp:attachment":[{"href":"https:\/\/ilcrogiuolo.it\/it\/wp-json\/wp\/v2\/media?parent=32475"}],"wp:term":[{"taxonomy":"product_brand","embeddable":true,"href":"https:\/\/ilcrogiuolo.it\/it\/wp-json\/wp\/v2\/product_brand?post=32475"},{"taxonomy":"product_cat","embeddable":true,"href":"https:\/\/ilcrogiuolo.it\/it\/wp-json\/wp\/v2\/product_cat?post=32475"},{"taxonomy":"product_tag","embeddable":true,"href":"https:\/\/ilcrogiuolo.it\/it\/wp-json\/wp\/v2\/product_tag?post=32475"}],"curies":[{"name":"wp","href":"https:\/\/api.w.org\/{rel}","templated":true}]}}