{"id":3235,"date":"2020-01-14T17:06:13","date_gmt":"2020-01-14T16:06:13","guid":{"rendered":"https:\/\/ilcrogiuolo.it\/p\/ogum-xoroque-cm-40-barocco\/"},"modified":"2025-06-03T14:47:44","modified_gmt":"2025-06-03T12:47:44","slug":"ogum-xoroque-cm-40-barocco","status":"publish","type":"product","link":"https:\/\/ilcrogiuolo.it\/it\/p\/ogum-xoroque-cm-40-barocco\/","title":{"rendered":"OGUM XOROQUE CM 40 &#8211; BAROCCO"},"content":{"rendered":"<p>Vencedor de Demanda \u00e8 il Santo che assolve tutte le richieste. Amatissimo viene invocato per aumentare il volume di affari nel commercio. Con il suo aiuto si vincono concorsi e gare sportive. Non c\u2019\u00e8 affare, transazione o vendita che non richieda il suo intervento. La sua spada possente che uccide il drago \u00e8 il simbolo della forza volta a combattere il male. Toglie perci\u00f2 negativit\u00e0 dando altres\u00ec energia e forza vitale. Inoltre protegge da incidenti stradali. Essendo vasto il suo raggio d\u2019azione si consiglia agi operatori di lavorare con questa ENTITA\u2019. E\u2019 sincretizzato in S.GIORGIO. Nella Tradizione Og\u00f9m Xoroqu\u00e8 \u00e8 met\u00e0 Og\u00f9m e met\u00e0 Ex\u00f9, punto di incontro tra le due forze spirituali, nonch\u00e8 signore dell&#8217;oro (infatti gli si offrono candele gialle o dorate) e della magia, intesa come arte della trasmutazione e della trasformazione.<\/p>\n","protected":false},"excerpt":{"rendered":"<p>Vencedor de Demanda \u00e8 il Santo che assolve tutte le richieste. Amatissimo viene invocato per aumentare il volume di affari&#8230;<\/p>\n","protected":false},"featured_media":3236,"template":"","meta":{"_acf_changed":false},"product_brand":[],"product_cat":[1085,1064,1296],"product_tag":[],"class_list":{"0":"post-3235","1":"product","2":"type-product","3":"status-publish","4":"has-post-thumbnail","6":"product_cat-statue-degli-orixas-exus-pomba-giras-feticci","7":"product_cat-statue-in-gesso-e-resina","8":"product_cat-statue-in-gesso-orixas","10":"first","11":"outofstock","12":"taxable","13":"shipping-taxable","14":"purchasable","15":"product-type-simple","16":"add-to-wishlist-before_image"},"acf":[],"yoast_head":"<!-- This site is optimized with the Yoast SEO plugin v26.9 - https:\/\/yoast.com\/product\/yoast-seo-wordpress\/ -->\n<title>OGUM XOROQUE CM 40 - BAROCCO - Il Crogiuolo<\/title>\n<meta name=\"description\" content=\"OGUM XOROQUE CM 40 - BAROCCO Vencedor de Demanda \u00e8 il Santo che assolve tutte le richieste. Amatissimo viene invocato per aumentare il volume di affari nel commercio. Con il suo aiuto\" \/>\n<meta name=\"robots\" content=\"index, follow, max-snippet:-1, max-image-preview:large, max-video-preview:-1\" \/>\n<link rel=\"canonical\" href=\"https:\/\/ilcrogiuolo.it\/it\/p\/ogum-xoroque-cm-40-barocco\/\" \/>\n<meta property=\"og:locale\" content=\"it_IT\" \/>\n<meta property=\"og:type\" content=\"article\" \/>\n<meta property=\"og:title\" content=\"OGUM XOROQUE CM 40 - BAROCCO - Il Crogiuolo\" \/>\n<meta property=\"og:description\" content=\"OGUM XOROQUE CM 40 - BAROCCO Vencedor de Demanda \u00e8 il Santo che assolve tutte le richieste. Amatissimo viene invocato per aumentare il volume di affari nel commercio. Con il suo aiuto\" \/>\n<meta property=\"og:url\" content=\"https:\/\/ilcrogiuolo.it\/it\/p\/ogum-xoroque-cm-40-barocco\/\" \/>\n<meta property=\"og:site_name\" content=\"Il Crogiuolo\" \/>\n<meta property=\"article:publisher\" content=\"https:\/\/www.facebook.com\/Il-Crogiuolo-681876418491758\" \/>\n<meta property=\"article:modified_time\" content=\"2025-06-03T12:47:44+00:00\" \/>\n<meta property=\"og:image\" content=\"https:\/\/ilcrogiuolo.it\/wp-content\/uploads\/2020\/01\/xoroqueogumexureiouromagia_7004801.jpg\" \/>\n\t<meta property=\"og:image:width\" content=\"627\" \/>\n\t<meta property=\"og:image:height\" content=\"600\" \/>\n\t<meta property=\"og:image:type\" content=\"image\/jpeg\" \/>\n<meta name=\"twitter:card\" content=\"summary_large_image\" \/>\n<meta name=\"twitter:label1\" content=\"Tempo di lettura stimato\" \/>\n\t<meta name=\"twitter:data1\" content=\"1 minuto\" \/>\n<script type=\"application\/ld+json\" class=\"yoast-schema-graph\">{\"@context\":\"https:\/\/schema.org\",\"@graph\":[{\"@type\":\"WebPage\",\"@id\":\"https:\/\/ilcrogiuolo.it\/it\/p\/ogum-xoroque-cm-40-barocco\/\",\"url\":\"https:\/\/ilcrogiuolo.it\/it\/p\/ogum-xoroque-cm-40-barocco\/\",\"name\":\"OGUM XOROQUE CM 40 - BAROCCO - Il Crogiuolo\",\"isPartOf\":{\"@id\":\"https:\/\/ilcrogiuolo.it\/it\/#website\"},\"primaryImageOfPage\":{\"@id\":\"https:\/\/ilcrogiuolo.it\/it\/p\/ogum-xoroque-cm-40-barocco\/#primaryimage\"},\"image\":{\"@id\":\"https:\/\/ilcrogiuolo.it\/it\/p\/ogum-xoroque-cm-40-barocco\/#primaryimage\"},\"thumbnailUrl\":\"https:\/\/ilcrogiuolo.it\/wp-content\/uploads\/2020\/01\/xoroqueogumexureiouromagia_7004801.jpg\",\"datePublished\":\"2020-01-14T16:06:13+00:00\",\"dateModified\":\"2025-06-03T12:47:44+00:00\",\"description\":\"OGUM XOROQUE CM 40 - BAROCCO Vencedor de Demanda \u00e8 il Santo che assolve tutte le richieste. Amatissimo viene invocato per aumentare il volume di affari nel commercio. Con il suo aiuto\",\"breadcrumb\":{\"@id\":\"https:\/\/ilcrogiuolo.it\/it\/p\/ogum-xoroque-cm-40-barocco\/#breadcrumb\"},\"inLanguage\":\"it-IT\",\"potentialAction\":[{\"@type\":\"ReadAction\",\"target\":[\"https:\/\/ilcrogiuolo.it\/it\/p\/ogum-xoroque-cm-40-barocco\/\"]}]},{\"@type\":\"ImageObject\",\"inLanguage\":\"it-IT\",\"@id\":\"https:\/\/ilcrogiuolo.it\/it\/p\/ogum-xoroque-cm-40-barocco\/#primaryimage\",\"url\":\"https:\/\/ilcrogiuolo.it\/wp-content\/uploads\/2020\/01\/xoroqueogumexureiouromagia_7004801.jpg\",\"contentUrl\":\"https:\/\/ilcrogiuolo.it\/wp-content\/uploads\/2020\/01\/xoroqueogumexureiouromagia_7004801.jpg\",\"width\":627,\"height\":600},{\"@type\":\"BreadcrumbList\",\"@id\":\"https:\/\/ilcrogiuolo.it\/it\/p\/ogum-xoroque-cm-40-barocco\/#breadcrumb\",\"itemListElement\":[{\"@type\":\"ListItem\",\"position\":1,\"name\":\"Home\",\"item\":\"https:\/\/ilcrogiuolo.it\/it\/\"},{\"@type\":\"ListItem\",\"position\":2,\"name\":\"Shop\",\"item\":\"https:\/\/ilcrogiuolo.it\/it\/negozio\/\"},{\"@type\":\"ListItem\",\"position\":3,\"name\":\"OGUM XOROQUE CM 40 &#8211; BAROCCO\"}]},{\"@type\":\"WebSite\",\"@id\":\"https:\/\/ilcrogiuolo.it\/it\/#website\",\"url\":\"https:\/\/ilcrogiuolo.it\/it\/\",\"name\":\"Il Crogiuolo\",\"description\":\"\",\"publisher\":{\"@id\":\"https:\/\/ilcrogiuolo.it\/it\/#organization\"},\"potentialAction\":[{\"@type\":\"SearchAction\",\"target\":{\"@type\":\"EntryPoint\",\"urlTemplate\":\"https:\/\/ilcrogiuolo.it\/it\/?s={search_term_string}\"},\"query-input\":{\"@type\":\"PropertyValueSpecification\",\"valueRequired\":true,\"valueName\":\"search_term_string\"}}],\"inLanguage\":\"it-IT\"},{\"@type\":\"Organization\",\"@id\":\"https:\/\/ilcrogiuolo.it\/it\/#organization\",\"name\":\"Il Crogiuolo\",\"url\":\"https:\/\/ilcrogiuolo.it\/it\/\",\"logo\":{\"@type\":\"ImageObject\",\"inLanguage\":\"it-IT\",\"@id\":\"https:\/\/ilcrogiuolo.it\/it\/#\/schema\/logo\/image\/\",\"url\":\"https:\/\/ilcrogiuolo.it\/wp-content\/uploads\/2020\/04\/logo.png\",\"contentUrl\":\"https:\/\/ilcrogiuolo.it\/wp-content\/uploads\/2020\/04\/logo.png\",\"width\":200,\"height\":49,\"caption\":\"Il Crogiuolo\"},\"image\":{\"@id\":\"https:\/\/ilcrogiuolo.it\/it\/#\/schema\/logo\/image\/\"},\"sameAs\":[\"https:\/\/www.facebook.com\/Il-Crogiuolo-681876418491758\"]}]}<\/script>\n<!-- \/ Yoast SEO plugin. -->","yoast_head_json":{"title":"OGUM XOROQUE CM 40 - BAROCCO - Il Crogiuolo","description":"OGUM XOROQUE CM 40 - BAROCCO Vencedor de Demanda \u00e8 il Santo che assolve tutte le richieste. Amatissimo viene invocato per aumentare il volume di affari nel commercio. Con il suo aiuto","robots":{"index":"index","follow":"follow","max-snippet":"max-snippet:-1","max-image-preview":"max-image-preview:large","max-video-preview":"max-video-preview:-1"},"canonical":"https:\/\/ilcrogiuolo.it\/it\/p\/ogum-xoroque-cm-40-barocco\/","og_locale":"it_IT","og_type":"article","og_title":"OGUM XOROQUE CM 40 - BAROCCO - Il Crogiuolo","og_description":"OGUM XOROQUE CM 40 - BAROCCO Vencedor de Demanda \u00e8 il Santo che assolve tutte le richieste. Amatissimo viene invocato per aumentare il volume di affari nel commercio. Con il suo aiuto","og_url":"https:\/\/ilcrogiuolo.it\/it\/p\/ogum-xoroque-cm-40-barocco\/","og_site_name":"Il Crogiuolo","article_publisher":"https:\/\/www.facebook.com\/Il-Crogiuolo-681876418491758","article_modified_time":"2025-06-03T12:47:44+00:00","og_image":[{"width":627,"height":600,"url":"https:\/\/ilcrogiuolo.it\/wp-content\/uploads\/2020\/01\/xoroqueogumexureiouromagia_7004801.jpg","type":"image\/jpeg"}],"twitter_card":"summary_large_image","twitter_misc":{"Tempo di lettura stimato":"1 minuto"},"schema":{"@context":"https:\/\/schema.org","@graph":[{"@type":"WebPage","@id":"https:\/\/ilcrogiuolo.it\/it\/p\/ogum-xoroque-cm-40-barocco\/","url":"https:\/\/ilcrogiuolo.it\/it\/p\/ogum-xoroque-cm-40-barocco\/","name":"OGUM XOROQUE CM 40 - BAROCCO - Il Crogiuolo","isPartOf":{"@id":"https:\/\/ilcrogiuolo.it\/it\/#website"},"primaryImageOfPage":{"@id":"https:\/\/ilcrogiuolo.it\/it\/p\/ogum-xoroque-cm-40-barocco\/#primaryimage"},"image":{"@id":"https:\/\/ilcrogiuolo.it\/it\/p\/ogum-xoroque-cm-40-barocco\/#primaryimage"},"thumbnailUrl":"https:\/\/ilcrogiuolo.it\/wp-content\/uploads\/2020\/01\/xoroqueogumexureiouromagia_7004801.jpg","datePublished":"2020-01-14T16:06:13+00:00","dateModified":"2025-06-03T12:47:44+00:00","description":"OGUM XOROQUE CM 40 - BAROCCO Vencedor de Demanda \u00e8 il Santo che assolve tutte le richieste. Amatissimo viene invocato per aumentare il volume di affari nel commercio. Con il suo aiuto","breadcrumb":{"@id":"https:\/\/ilcrogiuolo.it\/it\/p\/ogum-xoroque-cm-40-barocco\/#breadcrumb"},"inLanguage":"it-IT","potentialAction":[{"@type":"ReadAction","target":["https:\/\/ilcrogiuolo.it\/it\/p\/ogum-xoroque-cm-40-barocco\/"]}]},{"@type":"ImageObject","inLanguage":"it-IT","@id":"https:\/\/ilcrogiuolo.it\/it\/p\/ogum-xoroque-cm-40-barocco\/#primaryimage","url":"https:\/\/ilcrogiuolo.it\/wp-content\/uploads\/2020\/01\/xoroqueogumexureiouromagia_7004801.jpg","contentUrl":"https:\/\/ilcrogiuolo.it\/wp-content\/uploads\/2020\/01\/xoroqueogumexureiouromagia_7004801.jpg","width":627,"height":600},{"@type":"BreadcrumbList","@id":"https:\/\/ilcrogiuolo.it\/it\/p\/ogum-xoroque-cm-40-barocco\/#breadcrumb","itemListElement":[{"@type":"ListItem","position":1,"name":"Home","item":"https:\/\/ilcrogiuolo.it\/it\/"},{"@type":"ListItem","position":2,"name":"Shop","item":"https:\/\/ilcrogiuolo.it\/it\/negozio\/"},{"@type":"ListItem","position":3,"name":"OGUM XOROQUE CM 40 &#8211; BAROCCO"}]},{"@type":"WebSite","@id":"https:\/\/ilcrogiuolo.it\/it\/#website","url":"https:\/\/ilcrogiuolo.it\/it\/","name":"Il Crogiuolo","description":"","publisher":{"@id":"https:\/\/ilcrogiuolo.it\/it\/#organization"},"potentialAction":[{"@type":"SearchAction","target":{"@type":"EntryPoint","urlTemplate":"https:\/\/ilcrogiuolo.it\/it\/?s={search_term_string}"},"query-input":{"@type":"PropertyValueSpecification","valueRequired":true,"valueName":"search_term_string"}}],"inLanguage":"it-IT"},{"@type":"Organization","@id":"https:\/\/ilcrogiuolo.it\/it\/#organization","name":"Il Crogiuolo","url":"https:\/\/ilcrogiuolo.it\/it\/","logo":{"@type":"ImageObject","inLanguage":"it-IT","@id":"https:\/\/ilcrogiuolo.it\/it\/#\/schema\/logo\/image\/","url":"https:\/\/ilcrogiuolo.it\/wp-content\/uploads\/2020\/04\/logo.png","contentUrl":"https:\/\/ilcrogiuolo.it\/wp-content\/uploads\/2020\/04\/logo.png","width":200,"height":49,"caption":"Il Crogiuolo"},"image":{"@id":"https:\/\/ilcrogiuolo.it\/it\/#\/schema\/logo\/image\/"},"sameAs":["https:\/\/www.facebook.com\/Il-Crogiuolo-681876418491758"]}]}},"_links":{"self":[{"href":"https:\/\/ilcrogiuolo.it\/it\/wp-json\/wp\/v2\/product\/3235","targetHints":{"allow":["GET"]}}],"collection":[{"href":"https:\/\/ilcrogiuolo.it\/it\/wp-json\/wp\/v2\/product"}],"about":[{"href":"https:\/\/ilcrogiuolo.it\/it\/wp-json\/wp\/v2\/types\/product"}],"wp:featuredmedia":[{"embeddable":true,"href":"https:\/\/ilcrogiuolo.it\/it\/wp-json\/wp\/v2\/media\/3236"}],"wp:attachment":[{"href":"https:\/\/ilcrogiuolo.it\/it\/wp-json\/wp\/v2\/media?parent=3235"}],"wp:term":[{"taxonomy":"product_brand","embeddable":true,"href":"https:\/\/ilcrogiuolo.it\/it\/wp-json\/wp\/v2\/product_brand?post=3235"},{"taxonomy":"product_cat","embeddable":true,"href":"https:\/\/ilcrogiuolo.it\/it\/wp-json\/wp\/v2\/product_cat?post=3235"},{"taxonomy":"product_tag","embeddable":true,"href":"https:\/\/ilcrogiuolo.it\/it\/wp-json\/wp\/v2\/product_tag?post=3235"}],"curies":[{"name":"wp","href":"https:\/\/api.w.org\/{rel}","templated":true}]}}