{"id":32285,"date":"2021-12-03T14:20:05","date_gmt":"2021-12-03T13:20:05","guid":{"rendered":"https:\/\/ilcrogiuolo.it\/?post_type=product&#038;p=32285"},"modified":"2021-12-03T16:26:45","modified_gmt":"2021-12-03T15:26:45","slug":"candela-exu-lucifer-color-rosso","status":"publish","type":"product","link":"https:\/\/ilcrogiuolo.it\/it\/p\/candela-exu-lucifer-color-rosso\/","title":{"rendered":"CANDELA EXU LUCIFER Color rosso"},"content":{"rendered":"<p>Accentratore dell\u2019 ENERGIA di EX\u00da LUCIFER, questo cero, realizzato interamente a mano come vuole la tradizione, si presta ad operazioni di alta magia cabalistica della Quimbanda, permettendo un contatto con una delle tre manifestazioni del Grande Ex\u00f9 Maioral. Ex\u00f9 Lucifer pu\u00f2 essere invocato sia per opere positive (rimozione di ostacoli, favorire la conoscenza, ottenere posizioni di rilievo a livello sociale e lavorativo) sia per opere negative (attaccare un nemico, vendetta, portare negativit\u00e0&#8230;). Si consiglia di associare all&#8217;impiego della candela polveri ed olii appropriati per trarre il massimo vantaggio esoterico dall&#8217;uso di questo strumento rituale.<\/p>\n<p>&nbsp;<\/p>\n","protected":false},"excerpt":{"rendered":"<p>Accentratore dell\u2019 ENERGIA di EX\u00da LUCIFER, questo cero, realizzato interamente a mano come vuole la tradizione, si presta ad operazioni&#8230;<\/p>\n","protected":false},"featured_media":32301,"template":"","meta":{"_acf_changed":false},"product_brand":[],"product_cat":[1083,1059,1294],"product_tag":[],"class_list":{"0":"post-32285","1":"product","2":"type-product","3":"status-publish","4":"has-post-thumbnail","6":"product_cat-cereria-esoterica-candele-da-altare","7":"product_cat-articoli-esoterici","8":"product_cat-candele-oscar-pupi-amanti-teste-faraoniche","10":"first","11":"instock","12":"taxable","13":"shipping-taxable","14":"purchasable","15":"product-type-simple","16":"add-to-wishlist-before_image"},"acf":[],"yoast_head":"<!-- This site is optimized with the Yoast SEO plugin v26.9 - https:\/\/yoast.com\/product\/yoast-seo-wordpress\/ -->\n<title>CANDELA EXU LUCIFER Color rosso - Il Crogiuolo<\/title>\n<meta name=\"description\" content=\"CANDELA EXU LUCIFER Color rosso Accentratore dell\u2019 ENERGIA di EX\u00da LUCIFER, questo cero, realizzato interamente a mano come vuole la tradizione, si presta ad operazioni di alta magia\" \/>\n<meta name=\"robots\" content=\"index, follow, max-snippet:-1, max-image-preview:large, max-video-preview:-1\" \/>\n<link rel=\"canonical\" href=\"https:\/\/ilcrogiuolo.it\/it\/p\/candela-exu-lucifer-color-rosso\/\" \/>\n<meta property=\"og:locale\" content=\"it_IT\" \/>\n<meta property=\"og:type\" content=\"article\" \/>\n<meta property=\"og:title\" content=\"CANDELA EXU LUCIFER Color rosso - Il Crogiuolo\" \/>\n<meta property=\"og:description\" content=\"CANDELA EXU LUCIFER Color rosso Accentratore dell\u2019 ENERGIA di EX\u00da LUCIFER, questo cero, realizzato interamente a mano come vuole la tradizione, si presta ad operazioni di alta magia\" \/>\n<meta property=\"og:url\" content=\"https:\/\/ilcrogiuolo.it\/it\/p\/candela-exu-lucifer-color-rosso\/\" \/>\n<meta property=\"og:site_name\" content=\"Il Crogiuolo\" \/>\n<meta property=\"article:publisher\" content=\"https:\/\/www.facebook.com\/Il-Crogiuolo-681876418491758\" \/>\n<meta property=\"article:modified_time\" content=\"2021-12-03T15:26:45+00:00\" \/>\n<meta property=\"og:image\" content=\"https:\/\/ilcrogiuolo.it\/wp-content\/uploads\/2021\/12\/EXU_LUCIFER-2.jpg\" \/>\n\t<meta property=\"og:image:width\" content=\"567\" \/>\n\t<meta property=\"og:image:height\" content=\"567\" \/>\n\t<meta property=\"og:image:type\" content=\"image\/jpeg\" \/>\n<meta name=\"twitter:card\" content=\"summary_large_image\" \/>\n<script type=\"application\/ld+json\" class=\"yoast-schema-graph\">{\"@context\":\"https:\/\/schema.org\",\"@graph\":[{\"@type\":\"WebPage\",\"@id\":\"https:\/\/ilcrogiuolo.it\/it\/p\/candela-exu-lucifer-color-rosso\/\",\"url\":\"https:\/\/ilcrogiuolo.it\/it\/p\/candela-exu-lucifer-color-rosso\/\",\"name\":\"CANDELA EXU LUCIFER Color rosso - Il Crogiuolo\",\"isPartOf\":{\"@id\":\"https:\/\/ilcrogiuolo.it\/it\/#website\"},\"primaryImageOfPage\":{\"@id\":\"https:\/\/ilcrogiuolo.it\/it\/p\/candela-exu-lucifer-color-rosso\/#primaryimage\"},\"image\":{\"@id\":\"https:\/\/ilcrogiuolo.it\/it\/p\/candela-exu-lucifer-color-rosso\/#primaryimage\"},\"thumbnailUrl\":\"https:\/\/ilcrogiuolo.it\/wp-content\/uploads\/2021\/12\/EXU_LUCIFER-2.jpg\",\"datePublished\":\"2021-12-03T13:20:05+00:00\",\"dateModified\":\"2021-12-03T15:26:45+00:00\",\"description\":\"CANDELA EXU LUCIFER Color rosso Accentratore dell\u2019 ENERGIA di EX\u00da LUCIFER, questo cero, realizzato interamente a mano come vuole la tradizione, si presta ad operazioni di alta magia\",\"breadcrumb\":{\"@id\":\"https:\/\/ilcrogiuolo.it\/it\/p\/candela-exu-lucifer-color-rosso\/#breadcrumb\"},\"inLanguage\":\"it-IT\",\"potentialAction\":[{\"@type\":\"ReadAction\",\"target\":[\"https:\/\/ilcrogiuolo.it\/it\/p\/candela-exu-lucifer-color-rosso\/\"]}]},{\"@type\":\"ImageObject\",\"inLanguage\":\"it-IT\",\"@id\":\"https:\/\/ilcrogiuolo.it\/it\/p\/candela-exu-lucifer-color-rosso\/#primaryimage\",\"url\":\"https:\/\/ilcrogiuolo.it\/wp-content\/uploads\/2021\/12\/EXU_LUCIFER-2.jpg\",\"contentUrl\":\"https:\/\/ilcrogiuolo.it\/wp-content\/uploads\/2021\/12\/EXU_LUCIFER-2.jpg\",\"width\":567,\"height\":567},{\"@type\":\"BreadcrumbList\",\"@id\":\"https:\/\/ilcrogiuolo.it\/it\/p\/candela-exu-lucifer-color-rosso\/#breadcrumb\",\"itemListElement\":[{\"@type\":\"ListItem\",\"position\":1,\"name\":\"Home\",\"item\":\"https:\/\/ilcrogiuolo.it\/it\/\"},{\"@type\":\"ListItem\",\"position\":2,\"name\":\"Shop\",\"item\":\"https:\/\/ilcrogiuolo.it\/it\/negozio\/\"},{\"@type\":\"ListItem\",\"position\":3,\"name\":\"CANDELA EXU LUCIFER Color rosso\"}]},{\"@type\":\"WebSite\",\"@id\":\"https:\/\/ilcrogiuolo.it\/it\/#website\",\"url\":\"https:\/\/ilcrogiuolo.it\/it\/\",\"name\":\"Il Crogiuolo\",\"description\":\"\",\"publisher\":{\"@id\":\"https:\/\/ilcrogiuolo.it\/it\/#organization\"},\"potentialAction\":[{\"@type\":\"SearchAction\",\"target\":{\"@type\":\"EntryPoint\",\"urlTemplate\":\"https:\/\/ilcrogiuolo.it\/it\/?s={search_term_string}\"},\"query-input\":{\"@type\":\"PropertyValueSpecification\",\"valueRequired\":true,\"valueName\":\"search_term_string\"}}],\"inLanguage\":\"it-IT\"},{\"@type\":\"Organization\",\"@id\":\"https:\/\/ilcrogiuolo.it\/it\/#organization\",\"name\":\"Il Crogiuolo\",\"url\":\"https:\/\/ilcrogiuolo.it\/it\/\",\"logo\":{\"@type\":\"ImageObject\",\"inLanguage\":\"it-IT\",\"@id\":\"https:\/\/ilcrogiuolo.it\/it\/#\/schema\/logo\/image\/\",\"url\":\"https:\/\/ilcrogiuolo.it\/wp-content\/uploads\/2020\/04\/logo.png\",\"contentUrl\":\"https:\/\/ilcrogiuolo.it\/wp-content\/uploads\/2020\/04\/logo.png\",\"width\":200,\"height\":49,\"caption\":\"Il Crogiuolo\"},\"image\":{\"@id\":\"https:\/\/ilcrogiuolo.it\/it\/#\/schema\/logo\/image\/\"},\"sameAs\":[\"https:\/\/www.facebook.com\/Il-Crogiuolo-681876418491758\"]}]}<\/script>\n<!-- \/ Yoast SEO plugin. -->","yoast_head_json":{"title":"CANDELA EXU LUCIFER Color rosso - Il Crogiuolo","description":"CANDELA EXU LUCIFER Color rosso Accentratore dell\u2019 ENERGIA di EX\u00da LUCIFER, questo cero, realizzato interamente a mano come vuole la tradizione, si presta ad operazioni di alta magia","robots":{"index":"index","follow":"follow","max-snippet":"max-snippet:-1","max-image-preview":"max-image-preview:large","max-video-preview":"max-video-preview:-1"},"canonical":"https:\/\/ilcrogiuolo.it\/it\/p\/candela-exu-lucifer-color-rosso\/","og_locale":"it_IT","og_type":"article","og_title":"CANDELA EXU LUCIFER Color rosso - Il Crogiuolo","og_description":"CANDELA EXU LUCIFER Color rosso Accentratore dell\u2019 ENERGIA di EX\u00da LUCIFER, questo cero, realizzato interamente a mano come vuole la tradizione, si presta ad operazioni di alta magia","og_url":"https:\/\/ilcrogiuolo.it\/it\/p\/candela-exu-lucifer-color-rosso\/","og_site_name":"Il Crogiuolo","article_publisher":"https:\/\/www.facebook.com\/Il-Crogiuolo-681876418491758","article_modified_time":"2021-12-03T15:26:45+00:00","og_image":[{"width":567,"height":567,"url":"https:\/\/ilcrogiuolo.it\/wp-content\/uploads\/2021\/12\/EXU_LUCIFER-2.jpg","type":"image\/jpeg"}],"twitter_card":"summary_large_image","schema":{"@context":"https:\/\/schema.org","@graph":[{"@type":"WebPage","@id":"https:\/\/ilcrogiuolo.it\/it\/p\/candela-exu-lucifer-color-rosso\/","url":"https:\/\/ilcrogiuolo.it\/it\/p\/candela-exu-lucifer-color-rosso\/","name":"CANDELA EXU LUCIFER Color rosso - Il Crogiuolo","isPartOf":{"@id":"https:\/\/ilcrogiuolo.it\/it\/#website"},"primaryImageOfPage":{"@id":"https:\/\/ilcrogiuolo.it\/it\/p\/candela-exu-lucifer-color-rosso\/#primaryimage"},"image":{"@id":"https:\/\/ilcrogiuolo.it\/it\/p\/candela-exu-lucifer-color-rosso\/#primaryimage"},"thumbnailUrl":"https:\/\/ilcrogiuolo.it\/wp-content\/uploads\/2021\/12\/EXU_LUCIFER-2.jpg","datePublished":"2021-12-03T13:20:05+00:00","dateModified":"2021-12-03T15:26:45+00:00","description":"CANDELA EXU LUCIFER Color rosso Accentratore dell\u2019 ENERGIA di EX\u00da LUCIFER, questo cero, realizzato interamente a mano come vuole la tradizione, si presta ad operazioni di alta magia","breadcrumb":{"@id":"https:\/\/ilcrogiuolo.it\/it\/p\/candela-exu-lucifer-color-rosso\/#breadcrumb"},"inLanguage":"it-IT","potentialAction":[{"@type":"ReadAction","target":["https:\/\/ilcrogiuolo.it\/it\/p\/candela-exu-lucifer-color-rosso\/"]}]},{"@type":"ImageObject","inLanguage":"it-IT","@id":"https:\/\/ilcrogiuolo.it\/it\/p\/candela-exu-lucifer-color-rosso\/#primaryimage","url":"https:\/\/ilcrogiuolo.it\/wp-content\/uploads\/2021\/12\/EXU_LUCIFER-2.jpg","contentUrl":"https:\/\/ilcrogiuolo.it\/wp-content\/uploads\/2021\/12\/EXU_LUCIFER-2.jpg","width":567,"height":567},{"@type":"BreadcrumbList","@id":"https:\/\/ilcrogiuolo.it\/it\/p\/candela-exu-lucifer-color-rosso\/#breadcrumb","itemListElement":[{"@type":"ListItem","position":1,"name":"Home","item":"https:\/\/ilcrogiuolo.it\/it\/"},{"@type":"ListItem","position":2,"name":"Shop","item":"https:\/\/ilcrogiuolo.it\/it\/negozio\/"},{"@type":"ListItem","position":3,"name":"CANDELA EXU LUCIFER Color rosso"}]},{"@type":"WebSite","@id":"https:\/\/ilcrogiuolo.it\/it\/#website","url":"https:\/\/ilcrogiuolo.it\/it\/","name":"Il Crogiuolo","description":"","publisher":{"@id":"https:\/\/ilcrogiuolo.it\/it\/#organization"},"potentialAction":[{"@type":"SearchAction","target":{"@type":"EntryPoint","urlTemplate":"https:\/\/ilcrogiuolo.it\/it\/?s={search_term_string}"},"query-input":{"@type":"PropertyValueSpecification","valueRequired":true,"valueName":"search_term_string"}}],"inLanguage":"it-IT"},{"@type":"Organization","@id":"https:\/\/ilcrogiuolo.it\/it\/#organization","name":"Il Crogiuolo","url":"https:\/\/ilcrogiuolo.it\/it\/","logo":{"@type":"ImageObject","inLanguage":"it-IT","@id":"https:\/\/ilcrogiuolo.it\/it\/#\/schema\/logo\/image\/","url":"https:\/\/ilcrogiuolo.it\/wp-content\/uploads\/2020\/04\/logo.png","contentUrl":"https:\/\/ilcrogiuolo.it\/wp-content\/uploads\/2020\/04\/logo.png","width":200,"height":49,"caption":"Il Crogiuolo"},"image":{"@id":"https:\/\/ilcrogiuolo.it\/it\/#\/schema\/logo\/image\/"},"sameAs":["https:\/\/www.facebook.com\/Il-Crogiuolo-681876418491758"]}]}},"_links":{"self":[{"href":"https:\/\/ilcrogiuolo.it\/it\/wp-json\/wp\/v2\/product\/32285","targetHints":{"allow":["GET"]}}],"collection":[{"href":"https:\/\/ilcrogiuolo.it\/it\/wp-json\/wp\/v2\/product"}],"about":[{"href":"https:\/\/ilcrogiuolo.it\/it\/wp-json\/wp\/v2\/types\/product"}],"wp:featuredmedia":[{"embeddable":true,"href":"https:\/\/ilcrogiuolo.it\/it\/wp-json\/wp\/v2\/media\/32301"}],"wp:attachment":[{"href":"https:\/\/ilcrogiuolo.it\/it\/wp-json\/wp\/v2\/media?parent=32285"}],"wp:term":[{"taxonomy":"product_brand","embeddable":true,"href":"https:\/\/ilcrogiuolo.it\/it\/wp-json\/wp\/v2\/product_brand?post=32285"},{"taxonomy":"product_cat","embeddable":true,"href":"https:\/\/ilcrogiuolo.it\/it\/wp-json\/wp\/v2\/product_cat?post=32285"},{"taxonomy":"product_tag","embeddable":true,"href":"https:\/\/ilcrogiuolo.it\/it\/wp-json\/wp\/v2\/product_tag?post=32285"}],"curies":[{"name":"wp","href":"https:\/\/api.w.org\/{rel}","templated":true}]}}