{"id":3148,"date":"2020-01-14T17:06:07","date_gmt":"2020-01-14T16:06:07","guid":{"rendered":"https:\/\/ilcrogiuolo.it\/p\/ebo-festivita-anjo-da-guardia-2-ottobre\/"},"modified":"2024-05-17T11:00:21","modified_gmt":"2024-05-17T09:00:21","slug":"ebo-festivita-anjo-da-guarda-2-ottobre","status":"publish","type":"product","link":"https:\/\/ilcrogiuolo.it\/it\/p\/ebo-festivita-anjo-da-guarda-2-ottobre\/","title":{"rendered":"EBO FESTIVITA&#8217; &#8211; ANJO DA GUARDA &#8211; 2 OTTOBRE"},"content":{"rendered":"<p>Gli eb\u00f2 sono offerte rituali che vengono tradizionalmente devolute, nella spiritualit\u00e0 afrobrasiliana, alle varie entit\u00e0 cultuate (Orix\u00e0s, Pretos Velhos, Caboclos, Ex\u00f9s). Ogni entit\u00e0, naturalmente, ha gusti specifici circa colore delle candele, incenso, fluido&#8230;il giorno rituale che gli viene dedicato, le modalit\u00e0. Ogni kit eb\u00f2 del Crogiuolo comprende tutto il materiale rituale necessario a svolgere la pratica dell&#8217;eb\u00f2, fatta eccezione per i materiali supplementari quali fiori, sigari, alcolici vari&#8230; \u00e8 comprensivo di dettagliate istruzioni per eseguire la pratica nella maniera ottimale. A richiesta potrete richiedere eb\u00f2 non contemplati nell&#8217;elenco che segue.<\/p>\n","protected":false},"excerpt":{"rendered":"<p>Gli eb\u00f2 sono offerte rituali che vengono tradizionalmente devolute, nella spiritualit\u00e0 afrobrasiliana, alle varie entit\u00e0 cultuate (Orix\u00e0s, Pretos Velhos, Caboclos,&#8230;<\/p>\n","protected":false},"featured_media":3149,"template":"","meta":{"_acf_changed":false},"product_brand":[],"product_cat":[1079,1059,1343],"product_tag":[],"class_list":{"0":"post-3148","1":"product","2":"type-product","3":"status-publish","4":"has-post-thumbnail","6":"product_cat-rituali-afrobrasiliani-santeria","7":"product_cat-articoli-esoterici","8":"product_cat-ebo-festivita-degli-orixas","10":"first","11":"instock","12":"taxable","13":"shipping-taxable","14":"purchasable","15":"product-type-simple","16":"add-to-wishlist-before_image"},"acf":[],"yoast_head":"<!-- This site is optimized with the Yoast SEO plugin v26.9 - https:\/\/yoast.com\/product\/yoast-seo-wordpress\/ -->\n<title>EBO FESTIVITA&#039; - ANJO DA GUARDA - 2 OTTOBRE - Il Crogiuolo<\/title>\n<meta name=\"description\" content=\"EBO FESTIVITA&#039; - ANJO DA GUARDA - 2 OTTOBRE Gli eb\u00f2 sono offerte rituali che vengono tradizionalmente devolute, nella spiritualit\u00e0 afrobrasiliana, alle varie entit\u00e0 cultuate (Orix\u00e0s, Pretos Velhos,\" \/>\n<meta name=\"robots\" content=\"index, follow, max-snippet:-1, max-image-preview:large, max-video-preview:-1\" \/>\n<link rel=\"canonical\" href=\"https:\/\/ilcrogiuolo.it\/it\/p\/ebo-festivita-anjo-da-guarda-2-ottobre\/\" \/>\n<meta property=\"og:locale\" content=\"it_IT\" \/>\n<meta property=\"og:type\" content=\"article\" \/>\n<meta property=\"og:title\" content=\"EBO FESTIVITA&#039; - ANJO DA GUARDA - 2 OTTOBRE - Il Crogiuolo\" \/>\n<meta property=\"og:description\" content=\"EBO FESTIVITA&#039; - ANJO DA GUARDA - 2 OTTOBRE Gli eb\u00f2 sono offerte rituali che vengono tradizionalmente devolute, nella spiritualit\u00e0 afrobrasiliana, alle varie entit\u00e0 cultuate (Orix\u00e0s, Pretos Velhos,\" \/>\n<meta property=\"og:url\" content=\"https:\/\/ilcrogiuolo.it\/it\/p\/ebo-festivita-anjo-da-guarda-2-ottobre\/\" \/>\n<meta property=\"og:site_name\" content=\"Il Crogiuolo\" \/>\n<meta property=\"article:publisher\" content=\"https:\/\/www.facebook.com\/Il-Crogiuolo-681876418491758\" \/>\n<meta property=\"article:modified_time\" content=\"2024-05-17T09:00:21+00:00\" \/>\n<meta property=\"og:image\" content=\"https:\/\/ilcrogiuolo.it\/wp-content\/uploads\/2020\/01\/ebofestivita_9790340.jpg\" \/>\n\t<meta property=\"og:image:width\" content=\"627\" \/>\n\t<meta property=\"og:image:height\" content=\"600\" \/>\n\t<meta property=\"og:image:type\" content=\"image\/jpeg\" \/>\n<meta name=\"twitter:card\" content=\"summary_large_image\" \/>\n<meta name=\"twitter:label1\" content=\"Tempo di lettura stimato\" \/>\n\t<meta name=\"twitter:data1\" content=\"1 minuto\" \/>\n<script type=\"application\/ld+json\" class=\"yoast-schema-graph\">{\"@context\":\"https:\/\/schema.org\",\"@graph\":[{\"@type\":\"WebPage\",\"@id\":\"https:\/\/ilcrogiuolo.it\/it\/p\/ebo-festivita-anjo-da-guarda-2-ottobre\/\",\"url\":\"https:\/\/ilcrogiuolo.it\/it\/p\/ebo-festivita-anjo-da-guarda-2-ottobre\/\",\"name\":\"EBO FESTIVITA' - ANJO DA GUARDA - 2 OTTOBRE - Il Crogiuolo\",\"isPartOf\":{\"@id\":\"https:\/\/ilcrogiuolo.it\/it\/#website\"},\"primaryImageOfPage\":{\"@id\":\"https:\/\/ilcrogiuolo.it\/it\/p\/ebo-festivita-anjo-da-guarda-2-ottobre\/#primaryimage\"},\"image\":{\"@id\":\"https:\/\/ilcrogiuolo.it\/it\/p\/ebo-festivita-anjo-da-guarda-2-ottobre\/#primaryimage\"},\"thumbnailUrl\":\"https:\/\/ilcrogiuolo.it\/wp-content\/uploads\/2020\/01\/ebofestivita_9790340.jpg\",\"datePublished\":\"2020-01-14T16:06:07+00:00\",\"dateModified\":\"2024-05-17T09:00:21+00:00\",\"description\":\"EBO FESTIVITA' - ANJO DA GUARDA - 2 OTTOBRE Gli eb\u00f2 sono offerte rituali che vengono tradizionalmente devolute, nella spiritualit\u00e0 afrobrasiliana, alle varie entit\u00e0 cultuate (Orix\u00e0s, Pretos Velhos,\",\"breadcrumb\":{\"@id\":\"https:\/\/ilcrogiuolo.it\/it\/p\/ebo-festivita-anjo-da-guarda-2-ottobre\/#breadcrumb\"},\"inLanguage\":\"it-IT\",\"potentialAction\":[{\"@type\":\"ReadAction\",\"target\":[\"https:\/\/ilcrogiuolo.it\/it\/p\/ebo-festivita-anjo-da-guarda-2-ottobre\/\"]}]},{\"@type\":\"ImageObject\",\"inLanguage\":\"it-IT\",\"@id\":\"https:\/\/ilcrogiuolo.it\/it\/p\/ebo-festivita-anjo-da-guarda-2-ottobre\/#primaryimage\",\"url\":\"https:\/\/ilcrogiuolo.it\/wp-content\/uploads\/2020\/01\/ebofestivita_9790340.jpg\",\"contentUrl\":\"https:\/\/ilcrogiuolo.it\/wp-content\/uploads\/2020\/01\/ebofestivita_9790340.jpg\",\"width\":627,\"height\":600},{\"@type\":\"BreadcrumbList\",\"@id\":\"https:\/\/ilcrogiuolo.it\/it\/p\/ebo-festivita-anjo-da-guarda-2-ottobre\/#breadcrumb\",\"itemListElement\":[{\"@type\":\"ListItem\",\"position\":1,\"name\":\"Home\",\"item\":\"https:\/\/ilcrogiuolo.it\/it\/\"},{\"@type\":\"ListItem\",\"position\":2,\"name\":\"Shop\",\"item\":\"https:\/\/ilcrogiuolo.it\/it\/negozio\/\"},{\"@type\":\"ListItem\",\"position\":3,\"name\":\"EBO FESTIVITA&#8217; &#8211; ANJO DA GUARDA &#8211; 2 OTTOBRE\"}]},{\"@type\":\"WebSite\",\"@id\":\"https:\/\/ilcrogiuolo.it\/it\/#website\",\"url\":\"https:\/\/ilcrogiuolo.it\/it\/\",\"name\":\"Il Crogiuolo\",\"description\":\"\",\"publisher\":{\"@id\":\"https:\/\/ilcrogiuolo.it\/it\/#organization\"},\"potentialAction\":[{\"@type\":\"SearchAction\",\"target\":{\"@type\":\"EntryPoint\",\"urlTemplate\":\"https:\/\/ilcrogiuolo.it\/it\/?s={search_term_string}\"},\"query-input\":{\"@type\":\"PropertyValueSpecification\",\"valueRequired\":true,\"valueName\":\"search_term_string\"}}],\"inLanguage\":\"it-IT\"},{\"@type\":\"Organization\",\"@id\":\"https:\/\/ilcrogiuolo.it\/it\/#organization\",\"name\":\"Il Crogiuolo\",\"url\":\"https:\/\/ilcrogiuolo.it\/it\/\",\"logo\":{\"@type\":\"ImageObject\",\"inLanguage\":\"it-IT\",\"@id\":\"https:\/\/ilcrogiuolo.it\/it\/#\/schema\/logo\/image\/\",\"url\":\"https:\/\/ilcrogiuolo.it\/wp-content\/uploads\/2020\/04\/logo.png\",\"contentUrl\":\"https:\/\/ilcrogiuolo.it\/wp-content\/uploads\/2020\/04\/logo.png\",\"width\":200,\"height\":49,\"caption\":\"Il Crogiuolo\"},\"image\":{\"@id\":\"https:\/\/ilcrogiuolo.it\/it\/#\/schema\/logo\/image\/\"},\"sameAs\":[\"https:\/\/www.facebook.com\/Il-Crogiuolo-681876418491758\"]}]}<\/script>\n<!-- \/ Yoast SEO plugin. -->","yoast_head_json":{"title":"EBO FESTIVITA' - ANJO DA GUARDA - 2 OTTOBRE - Il Crogiuolo","description":"EBO FESTIVITA' - ANJO DA GUARDA - 2 OTTOBRE Gli eb\u00f2 sono offerte rituali che vengono tradizionalmente devolute, nella spiritualit\u00e0 afrobrasiliana, alle varie entit\u00e0 cultuate (Orix\u00e0s, Pretos Velhos,","robots":{"index":"index","follow":"follow","max-snippet":"max-snippet:-1","max-image-preview":"max-image-preview:large","max-video-preview":"max-video-preview:-1"},"canonical":"https:\/\/ilcrogiuolo.it\/it\/p\/ebo-festivita-anjo-da-guarda-2-ottobre\/","og_locale":"it_IT","og_type":"article","og_title":"EBO FESTIVITA' - ANJO DA GUARDA - 2 OTTOBRE - Il Crogiuolo","og_description":"EBO FESTIVITA' - ANJO DA GUARDA - 2 OTTOBRE Gli eb\u00f2 sono offerte rituali che vengono tradizionalmente devolute, nella spiritualit\u00e0 afrobrasiliana, alle varie entit\u00e0 cultuate (Orix\u00e0s, Pretos Velhos,","og_url":"https:\/\/ilcrogiuolo.it\/it\/p\/ebo-festivita-anjo-da-guarda-2-ottobre\/","og_site_name":"Il Crogiuolo","article_publisher":"https:\/\/www.facebook.com\/Il-Crogiuolo-681876418491758","article_modified_time":"2024-05-17T09:00:21+00:00","og_image":[{"width":627,"height":600,"url":"https:\/\/ilcrogiuolo.it\/wp-content\/uploads\/2020\/01\/ebofestivita_9790340.jpg","type":"image\/jpeg"}],"twitter_card":"summary_large_image","twitter_misc":{"Tempo di lettura stimato":"1 minuto"},"schema":{"@context":"https:\/\/schema.org","@graph":[{"@type":"WebPage","@id":"https:\/\/ilcrogiuolo.it\/it\/p\/ebo-festivita-anjo-da-guarda-2-ottobre\/","url":"https:\/\/ilcrogiuolo.it\/it\/p\/ebo-festivita-anjo-da-guarda-2-ottobre\/","name":"EBO FESTIVITA' - ANJO DA GUARDA - 2 OTTOBRE - Il Crogiuolo","isPartOf":{"@id":"https:\/\/ilcrogiuolo.it\/it\/#website"},"primaryImageOfPage":{"@id":"https:\/\/ilcrogiuolo.it\/it\/p\/ebo-festivita-anjo-da-guarda-2-ottobre\/#primaryimage"},"image":{"@id":"https:\/\/ilcrogiuolo.it\/it\/p\/ebo-festivita-anjo-da-guarda-2-ottobre\/#primaryimage"},"thumbnailUrl":"https:\/\/ilcrogiuolo.it\/wp-content\/uploads\/2020\/01\/ebofestivita_9790340.jpg","datePublished":"2020-01-14T16:06:07+00:00","dateModified":"2024-05-17T09:00:21+00:00","description":"EBO FESTIVITA' - ANJO DA GUARDA - 2 OTTOBRE Gli eb\u00f2 sono offerte rituali che vengono tradizionalmente devolute, nella spiritualit\u00e0 afrobrasiliana, alle varie entit\u00e0 cultuate (Orix\u00e0s, Pretos Velhos,","breadcrumb":{"@id":"https:\/\/ilcrogiuolo.it\/it\/p\/ebo-festivita-anjo-da-guarda-2-ottobre\/#breadcrumb"},"inLanguage":"it-IT","potentialAction":[{"@type":"ReadAction","target":["https:\/\/ilcrogiuolo.it\/it\/p\/ebo-festivita-anjo-da-guarda-2-ottobre\/"]}]},{"@type":"ImageObject","inLanguage":"it-IT","@id":"https:\/\/ilcrogiuolo.it\/it\/p\/ebo-festivita-anjo-da-guarda-2-ottobre\/#primaryimage","url":"https:\/\/ilcrogiuolo.it\/wp-content\/uploads\/2020\/01\/ebofestivita_9790340.jpg","contentUrl":"https:\/\/ilcrogiuolo.it\/wp-content\/uploads\/2020\/01\/ebofestivita_9790340.jpg","width":627,"height":600},{"@type":"BreadcrumbList","@id":"https:\/\/ilcrogiuolo.it\/it\/p\/ebo-festivita-anjo-da-guarda-2-ottobre\/#breadcrumb","itemListElement":[{"@type":"ListItem","position":1,"name":"Home","item":"https:\/\/ilcrogiuolo.it\/it\/"},{"@type":"ListItem","position":2,"name":"Shop","item":"https:\/\/ilcrogiuolo.it\/it\/negozio\/"},{"@type":"ListItem","position":3,"name":"EBO FESTIVITA&#8217; &#8211; ANJO DA GUARDA &#8211; 2 OTTOBRE"}]},{"@type":"WebSite","@id":"https:\/\/ilcrogiuolo.it\/it\/#website","url":"https:\/\/ilcrogiuolo.it\/it\/","name":"Il Crogiuolo","description":"","publisher":{"@id":"https:\/\/ilcrogiuolo.it\/it\/#organization"},"potentialAction":[{"@type":"SearchAction","target":{"@type":"EntryPoint","urlTemplate":"https:\/\/ilcrogiuolo.it\/it\/?s={search_term_string}"},"query-input":{"@type":"PropertyValueSpecification","valueRequired":true,"valueName":"search_term_string"}}],"inLanguage":"it-IT"},{"@type":"Organization","@id":"https:\/\/ilcrogiuolo.it\/it\/#organization","name":"Il Crogiuolo","url":"https:\/\/ilcrogiuolo.it\/it\/","logo":{"@type":"ImageObject","inLanguage":"it-IT","@id":"https:\/\/ilcrogiuolo.it\/it\/#\/schema\/logo\/image\/","url":"https:\/\/ilcrogiuolo.it\/wp-content\/uploads\/2020\/04\/logo.png","contentUrl":"https:\/\/ilcrogiuolo.it\/wp-content\/uploads\/2020\/04\/logo.png","width":200,"height":49,"caption":"Il Crogiuolo"},"image":{"@id":"https:\/\/ilcrogiuolo.it\/it\/#\/schema\/logo\/image\/"},"sameAs":["https:\/\/www.facebook.com\/Il-Crogiuolo-681876418491758"]}]}},"_links":{"self":[{"href":"https:\/\/ilcrogiuolo.it\/it\/wp-json\/wp\/v2\/product\/3148","targetHints":{"allow":["GET"]}}],"collection":[{"href":"https:\/\/ilcrogiuolo.it\/it\/wp-json\/wp\/v2\/product"}],"about":[{"href":"https:\/\/ilcrogiuolo.it\/it\/wp-json\/wp\/v2\/types\/product"}],"wp:featuredmedia":[{"embeddable":true,"href":"https:\/\/ilcrogiuolo.it\/it\/wp-json\/wp\/v2\/media\/3149"}],"wp:attachment":[{"href":"https:\/\/ilcrogiuolo.it\/it\/wp-json\/wp\/v2\/media?parent=3148"}],"wp:term":[{"taxonomy":"product_brand","embeddable":true,"href":"https:\/\/ilcrogiuolo.it\/it\/wp-json\/wp\/v2\/product_brand?post=3148"},{"taxonomy":"product_cat","embeddable":true,"href":"https:\/\/ilcrogiuolo.it\/it\/wp-json\/wp\/v2\/product_cat?post=3148"},{"taxonomy":"product_tag","embeddable":true,"href":"https:\/\/ilcrogiuolo.it\/it\/wp-json\/wp\/v2\/product_tag?post=3148"}],"curies":[{"name":"wp","href":"https:\/\/api.w.org\/{rel}","templated":true}]}}