{"id":31081,"date":"2021-10-15T12:49:43","date_gmt":"2021-10-15T10:49:43","guid":{"rendered":"https:\/\/ilcrogiuolo.it\/?post_type=product&#038;p=31081"},"modified":"2021-10-19T13:57:01","modified_gmt":"2021-10-19T11:57:01","slug":"polvere-di-concordia","status":"publish","type":"product","link":"https:\/\/ilcrogiuolo.it\/it\/p\/polvere-di-concordia\/","title":{"rendered":"POLVERE  DI CONCORDIA (10 GRAMMI)"},"content":{"rendered":"<p>La polvere di Concordia, preparata con la famosa radice della Mano di Concordia \u00e8 uno degli ingredienti che dagli albori dell\u2019umanit\u00e0 viene impiegato nelle pratiche di riappacificazione, unione, seduzione, legamento, certamente, ma anche per propiziare la fortuna e gli introiti. Quando i problemi quotidiani affliggono la serenit\u00e0 di un focolare possono verificarsi scontri che influiscono anche sul quieto vivere famigliare, fraintendimenti che minano alla serenit\u00e0 del rapporto. In questo caso la polvere di Concordia va sparsa negli angoli di ogni stanza recitando l\u2019orazione di Santa Rita o si pu\u00f2 spargere sotto al letto per ricostruire un rapporto instabile. Portata con se come un talismano in un sacchetto di tessuto rosa tradizionalmente facilita le amicizie ed i rapporti aumentando empatia e nuovi incontri. Si usa la polvere di Concordia anche per ricostruire i rapporti famigliari, evitare i litigi in una casa o riappacificare figli, parenti, in questo caso va mescolata ad incenso olibano bianco e bruciata in casa per sette giorni consecutivi. Sui fumi di questa miscela si possono altres\u00ec passare le fotografie dei membri della famiglia. Sparsa davanti alla porta di casa, sulla soglia, facendo come una sottile barriera, difende dai cattivi vicini, dai pettegolezzi e favorisce i rapporti di buon vicinato. L\u2019impiego di questa radice \u00e8 veramente antichissimo e risale addirittura ai tempi di Babilonia. Esistono differenti modi per utilizzare questa meravigliosa curiosit\u00e0 botanica. Sui carboni ardenti si fa passare la foto dell\u2019amato bene per nove sere consecutive recitando l\u2019orazione di Santa Marta la Strega, le ceneri saranno poi sparse dove si \u00e8 sicuri che possa passare la persona che si intende richiamare. \u00c8 tradizione offrire alla santa ogni notte una candela di colore verde. Per propiziare la fortuna al gioco si fanno passare sui suoi fumi biglietti del lotto, del superenalotto o della lotteria. Alcuni amano mescolarla altres\u00ec a polvere di mandragora per potenziarne gli effetti. Nei rituali di amore e di avvicinamento\/riavvicinamento si pu\u00f2 aggiungere la Polvere di Concordia per potenziare il richiamo. La tradizione popolare insegna altres\u00ec che questo versatile prodotto si pu\u00f2 mescolare anche a carbone di storta e terra di cimitero, in questo caso si otterr\u00e0 l\u2019effetto di creare disarmonia. Questa nuova polvere \u00e8 associata all\u2019orazione dell\u2019Odio e si impiega nelle pratiche di separazione o di inimicizia. Sparsa nei luoghi su cui si vuole influire o aggiunta ad altre pratiche di separazione. La cultura popolare poi aggiunge altri impieghi tramandati da bocca ad orecchio utilizzandola nei legamenti di sangue ed altri rituali che implichino un legame indissolubile.<\/p>\n","protected":false},"excerpt":{"rendered":"<p>La polvere di Concordia, preparata con la famosa radice della Mano di Concordia \u00e8 uno degli ingredienti che dagli albori&#8230;<\/p>\n","protected":false},"featured_media":31175,"template":"","meta":{"_acf_changed":false},"product_brand":[],"product_cat":[1081,1059,1282],"product_tag":[],"class_list":{"0":"post-31081","1":"product","2":"type-product","3":"status-publish","4":"has-post-thumbnail","6":"product_cat-polveri-esoteriche-e-pembas","7":"product_cat-articoli-esoterici","8":"product_cat-polveri-esoteriche-negative-separazioni-damore-e-sessuali","10":"first","11":"instock","12":"taxable","13":"shipping-taxable","14":"purchasable","15":"product-type-simple","16":"add-to-wishlist-before_image"},"acf":[],"yoast_head":"<!-- This site is optimized with the Yoast SEO plugin v26.9 - https:\/\/yoast.com\/product\/yoast-seo-wordpress\/ -->\n<title>POLVERE DI CONCORDIA (10 GRAMMI) - Il Crogiuolo<\/title>\n<meta name=\"description\" content=\"POLVERE DI CONCORDIA (10 GRAMMI) La polvere di Concordia, preparata con la famosa radice della Mano di Concordia \u00e8 uno degli ingredienti che dagli albori dell\u2019umanit\u00e0 viene impiegato\" \/>\n<meta name=\"robots\" content=\"index, follow, max-snippet:-1, max-image-preview:large, max-video-preview:-1\" \/>\n<link rel=\"canonical\" href=\"https:\/\/ilcrogiuolo.it\/it\/p\/polvere-di-concordia\/\" \/>\n<meta property=\"og:locale\" content=\"it_IT\" \/>\n<meta property=\"og:type\" content=\"article\" \/>\n<meta property=\"og:title\" content=\"POLVERE DI CONCORDIA (10 GRAMMI) - Il Crogiuolo\" \/>\n<meta property=\"og:description\" content=\"POLVERE DI CONCORDIA (10 GRAMMI) La polvere di Concordia, preparata con la famosa radice della Mano di Concordia \u00e8 uno degli ingredienti che dagli albori dell\u2019umanit\u00e0 viene impiegato\" \/>\n<meta property=\"og:url\" content=\"https:\/\/ilcrogiuolo.it\/it\/p\/polvere-di-concordia\/\" \/>\n<meta property=\"og:site_name\" content=\"Il Crogiuolo\" \/>\n<meta property=\"article:publisher\" content=\"https:\/\/www.facebook.com\/Il-Crogiuolo-681876418491758\" \/>\n<meta property=\"article:modified_time\" content=\"2021-10-19T11:57:01+00:00\" \/>\n<meta property=\"og:image\" content=\"https:\/\/ilcrogiuolo.it\/wp-content\/uploads\/2021\/10\/POLVERE-CONCORDIA.jpg\" \/>\n\t<meta property=\"og:image:width\" content=\"627\" \/>\n\t<meta property=\"og:image:height\" content=\"600\" \/>\n\t<meta property=\"og:image:type\" content=\"image\/jpeg\" \/>\n<meta name=\"twitter:card\" content=\"summary_large_image\" \/>\n<meta name=\"twitter:label1\" content=\"Tempo di lettura stimato\" \/>\n\t<meta name=\"twitter:data1\" content=\"2 minuti\" \/>\n<script type=\"application\/ld+json\" class=\"yoast-schema-graph\">{\"@context\":\"https:\/\/schema.org\",\"@graph\":[{\"@type\":\"WebPage\",\"@id\":\"https:\/\/ilcrogiuolo.it\/it\/p\/polvere-di-concordia\/\",\"url\":\"https:\/\/ilcrogiuolo.it\/it\/p\/polvere-di-concordia\/\",\"name\":\"POLVERE DI CONCORDIA (10 GRAMMI) - Il Crogiuolo\",\"isPartOf\":{\"@id\":\"https:\/\/ilcrogiuolo.it\/it\/#website\"},\"primaryImageOfPage\":{\"@id\":\"https:\/\/ilcrogiuolo.it\/it\/p\/polvere-di-concordia\/#primaryimage\"},\"image\":{\"@id\":\"https:\/\/ilcrogiuolo.it\/it\/p\/polvere-di-concordia\/#primaryimage\"},\"thumbnailUrl\":\"https:\/\/ilcrogiuolo.it\/wp-content\/uploads\/2021\/10\/POLVERE-CONCORDIA.jpg\",\"datePublished\":\"2021-10-15T10:49:43+00:00\",\"dateModified\":\"2021-10-19T11:57:01+00:00\",\"description\":\"POLVERE DI CONCORDIA (10 GRAMMI) La polvere di Concordia, preparata con la famosa radice della Mano di Concordia \u00e8 uno degli ingredienti che dagli albori dell\u2019umanit\u00e0 viene impiegato\",\"breadcrumb\":{\"@id\":\"https:\/\/ilcrogiuolo.it\/it\/p\/polvere-di-concordia\/#breadcrumb\"},\"inLanguage\":\"it-IT\",\"potentialAction\":[{\"@type\":\"ReadAction\",\"target\":[\"https:\/\/ilcrogiuolo.it\/it\/p\/polvere-di-concordia\/\"]}]},{\"@type\":\"ImageObject\",\"inLanguage\":\"it-IT\",\"@id\":\"https:\/\/ilcrogiuolo.it\/it\/p\/polvere-di-concordia\/#primaryimage\",\"url\":\"https:\/\/ilcrogiuolo.it\/wp-content\/uploads\/2021\/10\/POLVERE-CONCORDIA.jpg\",\"contentUrl\":\"https:\/\/ilcrogiuolo.it\/wp-content\/uploads\/2021\/10\/POLVERE-CONCORDIA.jpg\",\"width\":627,\"height\":600},{\"@type\":\"BreadcrumbList\",\"@id\":\"https:\/\/ilcrogiuolo.it\/it\/p\/polvere-di-concordia\/#breadcrumb\",\"itemListElement\":[{\"@type\":\"ListItem\",\"position\":1,\"name\":\"Home\",\"item\":\"https:\/\/ilcrogiuolo.it\/it\/\"},{\"@type\":\"ListItem\",\"position\":2,\"name\":\"Shop\",\"item\":\"https:\/\/ilcrogiuolo.it\/it\/negozio\/\"},{\"@type\":\"ListItem\",\"position\":3,\"name\":\"POLVERE DI CONCORDIA (10 GRAMMI)\"}]},{\"@type\":\"WebSite\",\"@id\":\"https:\/\/ilcrogiuolo.it\/it\/#website\",\"url\":\"https:\/\/ilcrogiuolo.it\/it\/\",\"name\":\"Il Crogiuolo\",\"description\":\"\",\"publisher\":{\"@id\":\"https:\/\/ilcrogiuolo.it\/it\/#organization\"},\"potentialAction\":[{\"@type\":\"SearchAction\",\"target\":{\"@type\":\"EntryPoint\",\"urlTemplate\":\"https:\/\/ilcrogiuolo.it\/it\/?s={search_term_string}\"},\"query-input\":{\"@type\":\"PropertyValueSpecification\",\"valueRequired\":true,\"valueName\":\"search_term_string\"}}],\"inLanguage\":\"it-IT\"},{\"@type\":\"Organization\",\"@id\":\"https:\/\/ilcrogiuolo.it\/it\/#organization\",\"name\":\"Il Crogiuolo\",\"url\":\"https:\/\/ilcrogiuolo.it\/it\/\",\"logo\":{\"@type\":\"ImageObject\",\"inLanguage\":\"it-IT\",\"@id\":\"https:\/\/ilcrogiuolo.it\/it\/#\/schema\/logo\/image\/\",\"url\":\"https:\/\/ilcrogiuolo.it\/wp-content\/uploads\/2020\/04\/logo.png\",\"contentUrl\":\"https:\/\/ilcrogiuolo.it\/wp-content\/uploads\/2020\/04\/logo.png\",\"width\":200,\"height\":49,\"caption\":\"Il Crogiuolo\"},\"image\":{\"@id\":\"https:\/\/ilcrogiuolo.it\/it\/#\/schema\/logo\/image\/\"},\"sameAs\":[\"https:\/\/www.facebook.com\/Il-Crogiuolo-681876418491758\"]}]}<\/script>\n<!-- \/ Yoast SEO plugin. -->","yoast_head_json":{"title":"POLVERE DI CONCORDIA (10 GRAMMI) - Il Crogiuolo","description":"POLVERE DI CONCORDIA (10 GRAMMI) La polvere di Concordia, preparata con la famosa radice della Mano di Concordia \u00e8 uno degli ingredienti che dagli albori dell\u2019umanit\u00e0 viene impiegato","robots":{"index":"index","follow":"follow","max-snippet":"max-snippet:-1","max-image-preview":"max-image-preview:large","max-video-preview":"max-video-preview:-1"},"canonical":"https:\/\/ilcrogiuolo.it\/it\/p\/polvere-di-concordia\/","og_locale":"it_IT","og_type":"article","og_title":"POLVERE DI CONCORDIA (10 GRAMMI) - Il Crogiuolo","og_description":"POLVERE DI CONCORDIA (10 GRAMMI) La polvere di Concordia, preparata con la famosa radice della Mano di Concordia \u00e8 uno degli ingredienti che dagli albori dell\u2019umanit\u00e0 viene impiegato","og_url":"https:\/\/ilcrogiuolo.it\/it\/p\/polvere-di-concordia\/","og_site_name":"Il Crogiuolo","article_publisher":"https:\/\/www.facebook.com\/Il-Crogiuolo-681876418491758","article_modified_time":"2021-10-19T11:57:01+00:00","og_image":[{"width":627,"height":600,"url":"https:\/\/ilcrogiuolo.it\/wp-content\/uploads\/2021\/10\/POLVERE-CONCORDIA.jpg","type":"image\/jpeg"}],"twitter_card":"summary_large_image","twitter_misc":{"Tempo di lettura stimato":"2 minuti"},"schema":{"@context":"https:\/\/schema.org","@graph":[{"@type":"WebPage","@id":"https:\/\/ilcrogiuolo.it\/it\/p\/polvere-di-concordia\/","url":"https:\/\/ilcrogiuolo.it\/it\/p\/polvere-di-concordia\/","name":"POLVERE DI CONCORDIA (10 GRAMMI) - Il Crogiuolo","isPartOf":{"@id":"https:\/\/ilcrogiuolo.it\/it\/#website"},"primaryImageOfPage":{"@id":"https:\/\/ilcrogiuolo.it\/it\/p\/polvere-di-concordia\/#primaryimage"},"image":{"@id":"https:\/\/ilcrogiuolo.it\/it\/p\/polvere-di-concordia\/#primaryimage"},"thumbnailUrl":"https:\/\/ilcrogiuolo.it\/wp-content\/uploads\/2021\/10\/POLVERE-CONCORDIA.jpg","datePublished":"2021-10-15T10:49:43+00:00","dateModified":"2021-10-19T11:57:01+00:00","description":"POLVERE DI CONCORDIA (10 GRAMMI) La polvere di Concordia, preparata con la famosa radice della Mano di Concordia \u00e8 uno degli ingredienti che dagli albori dell\u2019umanit\u00e0 viene impiegato","breadcrumb":{"@id":"https:\/\/ilcrogiuolo.it\/it\/p\/polvere-di-concordia\/#breadcrumb"},"inLanguage":"it-IT","potentialAction":[{"@type":"ReadAction","target":["https:\/\/ilcrogiuolo.it\/it\/p\/polvere-di-concordia\/"]}]},{"@type":"ImageObject","inLanguage":"it-IT","@id":"https:\/\/ilcrogiuolo.it\/it\/p\/polvere-di-concordia\/#primaryimage","url":"https:\/\/ilcrogiuolo.it\/wp-content\/uploads\/2021\/10\/POLVERE-CONCORDIA.jpg","contentUrl":"https:\/\/ilcrogiuolo.it\/wp-content\/uploads\/2021\/10\/POLVERE-CONCORDIA.jpg","width":627,"height":600},{"@type":"BreadcrumbList","@id":"https:\/\/ilcrogiuolo.it\/it\/p\/polvere-di-concordia\/#breadcrumb","itemListElement":[{"@type":"ListItem","position":1,"name":"Home","item":"https:\/\/ilcrogiuolo.it\/it\/"},{"@type":"ListItem","position":2,"name":"Shop","item":"https:\/\/ilcrogiuolo.it\/it\/negozio\/"},{"@type":"ListItem","position":3,"name":"POLVERE DI CONCORDIA (10 GRAMMI)"}]},{"@type":"WebSite","@id":"https:\/\/ilcrogiuolo.it\/it\/#website","url":"https:\/\/ilcrogiuolo.it\/it\/","name":"Il Crogiuolo","description":"","publisher":{"@id":"https:\/\/ilcrogiuolo.it\/it\/#organization"},"potentialAction":[{"@type":"SearchAction","target":{"@type":"EntryPoint","urlTemplate":"https:\/\/ilcrogiuolo.it\/it\/?s={search_term_string}"},"query-input":{"@type":"PropertyValueSpecification","valueRequired":true,"valueName":"search_term_string"}}],"inLanguage":"it-IT"},{"@type":"Organization","@id":"https:\/\/ilcrogiuolo.it\/it\/#organization","name":"Il Crogiuolo","url":"https:\/\/ilcrogiuolo.it\/it\/","logo":{"@type":"ImageObject","inLanguage":"it-IT","@id":"https:\/\/ilcrogiuolo.it\/it\/#\/schema\/logo\/image\/","url":"https:\/\/ilcrogiuolo.it\/wp-content\/uploads\/2020\/04\/logo.png","contentUrl":"https:\/\/ilcrogiuolo.it\/wp-content\/uploads\/2020\/04\/logo.png","width":200,"height":49,"caption":"Il Crogiuolo"},"image":{"@id":"https:\/\/ilcrogiuolo.it\/it\/#\/schema\/logo\/image\/"},"sameAs":["https:\/\/www.facebook.com\/Il-Crogiuolo-681876418491758"]}]}},"_links":{"self":[{"href":"https:\/\/ilcrogiuolo.it\/it\/wp-json\/wp\/v2\/product\/31081","targetHints":{"allow":["GET"]}}],"collection":[{"href":"https:\/\/ilcrogiuolo.it\/it\/wp-json\/wp\/v2\/product"}],"about":[{"href":"https:\/\/ilcrogiuolo.it\/it\/wp-json\/wp\/v2\/types\/product"}],"wp:featuredmedia":[{"embeddable":true,"href":"https:\/\/ilcrogiuolo.it\/it\/wp-json\/wp\/v2\/media\/31175"}],"wp:attachment":[{"href":"https:\/\/ilcrogiuolo.it\/it\/wp-json\/wp\/v2\/media?parent=31081"}],"wp:term":[{"taxonomy":"product_brand","embeddable":true,"href":"https:\/\/ilcrogiuolo.it\/it\/wp-json\/wp\/v2\/product_brand?post=31081"},{"taxonomy":"product_cat","embeddable":true,"href":"https:\/\/ilcrogiuolo.it\/it\/wp-json\/wp\/v2\/product_cat?post=31081"},{"taxonomy":"product_tag","embeddable":true,"href":"https:\/\/ilcrogiuolo.it\/it\/wp-json\/wp\/v2\/product_tag?post=31081"}],"curies":[{"name":"wp","href":"https:\/\/api.w.org\/{rel}","templated":true}]}}