{"id":30990,"date":"2021-10-12T14:54:40","date_gmt":"2021-10-12T12:54:40","guid":{"rendered":"https:\/\/ilcrogiuolo.it\/?post_type=product&#038;p=30990"},"modified":"2026-03-20T12:05:37","modified_gmt":"2026-03-20T11:05:37","slug":"les-poudres-soupremes","status":"publish","type":"product","link":"https:\/\/ilcrogiuolo.it\/it\/p\/les-poudres-soupremes\/","title":{"rendered":"LES POUDRES SOUPREMES"},"content":{"rendered":"<p>LES POUDRES SUPR\u00caMES sono una linea di ricette originali provenienti dalla tradizione Vodou di Haiti. Ogni polvere rispecchia la formula in tutti i suoi elementi e viene preparata e consacrata secondo il rituale originario. L\u2019uso delle polveri Vodou \u00e8 estremamente vario, se da un lato vengono impiegate all\u2019interno della ritualistica, dall\u2019altro sono considerate esse stesse un vero e proprio rituale. Ogni formula \u00e8 una vera rarit\u00e0 botanica, un articolo unico che racchiude il mistero e il segreto di una tradizione che nasce dalla perfetta sintesi di culture differenti che si armonizzano nell\u2019arte, nella musica e nello spirito. Il Crogiuolo\u00ae vi offre questo prodotto garantendo sulla genuinit\u00e0 e proponendovelo come una vera e preziosa curiosit\u00e0 folklorica di questa incredibile tradizione spirituale. Queste meravigliose ricette sono considerate potentissime e si attivano secondo la volont\u00e0 dell\u2019operatore seguendo le istruzioni che accompagnano il prodotto.<br \/>\nLa loro particolare formula le rende uniche, insostituibili.<br \/>\nDa sole possono essere usate ed ottenere l\u2019effetto di un rito completo oppure rafforzarne l\u2019effetto.<br \/>\nLES POUDRES SUPR\u00caMES sono quattro e la loro azione tocca tutte le sfere della vita dell\u2019uomo.<br \/>\nLES POUDRES SUPR\u00caMES sono uniche, ne constaterete personalmente gli effetti.<\/p>\n<p>LES POUDRES SUPR\u00caMES sono preparate secondo antichi criteri Haitiani, perci\u00f2 contengono come base polveri tratte da erbe sacre e resine selezionate consacrate secondo l\u2019antico rituale.<\/p>\n<p>LA POUDRE DU GRANDE POUVOIR \u201cCONTRE LE MAUVAISES INFLUENCES\u201d<\/p>\n<p>LA POUDRE DU GRANDE POUVOIR, viene usata per liberare luoghi o persone infestate da Entit\u00e0 negative o Spiriti Maligni.<br \/>\nAllontana l\u2019invidia, le gelosie, le persone che vogliono danneggiare.<br \/>\nElimina i rivali in amore o nel lavoro, svela intrighi e maldicenze. Chiude la bocca alle persone che parlano contro di Voi. Elude ricatti, minacce, telefonate anonime e tutto ci\u00f2 che pu\u00f2 danneggiare.<br \/>\nLa meravigliosa particolarit\u00e0 di questa Polvere sta nell\u2019allontanare le negativit\u00e0 ma nel contempo nel portare a persone o luoghi armonia, pace e serenit\u00e0.<\/p>\n<p>LA POUDRE SOUPREME \u201cPOUDRE D\u2019AMOUR ROUGE\u201d<\/p>\n<p>LA POUDRE D\u2019AMOUR \u00e8 utile in tutte le situazioni sentimentali o sessuali.<br \/>\nSe volete legare il partner, fare ritornare la persona amata o risvegliarne il desiderio bruciate un poco di questa meravigliosa polvere pensando a ci\u00f2 che desiderate per propiziare la realizzazione dei vostri desideri sentimentali.<br \/>\nIl soggetto chiamato non potr\u00e0 resistere e presto tradizionalmente torner\u00e0 da voi.<\/p>\n<p>LA POUDRE SOUPREME \u201cLE GRANDE MALEFICE\u201d<\/p>\n<p>Tutti i lavori di odio, distruzione, allontanamenti, maledizioni, disgrazie ecc\u2026, possono essere eseguiti con LES POUDRES SUPR\u00caMES \u201cLE GRANDE MALEFICE\u00ae\u201d. La duttilit\u00e0 di questa polvere la rende portentosa esecutrice della vostra volont\u00e0. \u00c8 l\u2019energia del vostro pensiero che le d\u00e0 potere innescando la vibrazione negativa. LA POUDRE DE GRANDE MALEFICE\u00ae non \u00e8 soggetta a lunazione, quindi si pu\u00f2 impiegare in qualsiasi giorno, in qualsiasi momento.<br \/>\nUtilizzata inoltre durante i rituali negativi ne potenzia l\u2019effetto, ma in questo caso bisogna attenersi alle lunazioni ed ai giorni propizi.<br \/>\nPu\u00f2 essere utilizzata per qualsiasi operazione magica negativa come polvere o come defumazione.<\/p>\n<p>LES POUDRES SUPR\u00caMES \u201cLE GRANDE MALEFICE\u201d sono attivate dal pensiero di chi opera. Se il contatto con la polvere avviene dopo la carica, sar\u00e0 opportuno che chi le impiega esegua un bagno di purificazione.<br \/>\nPer l\u2019ambiente dove \u00e8 stato eseguito il rituale consigliamo di effettuare una purificazione con incensi o defumazioni di scarico.<br \/>\nQuando viene utilizzata come defumazione per mandare negativit\u00e0 non crea problemi all\u2019operatore, ma se si eseguono diversi Rituali al giorno, la sera \u00e8 meglio purificarsi e purificare l\u2019ambiente.<\/p>\n<p>LA POUDRE SOUPREME \u201cBOUQUET D\u2019ARGENT\u201d<\/p>\n<p>Gi\u00e0 il nome \u00e8 una promessa, infatti LA POUDRE SOUPREME BOUQUET D\u2019ARGENT manterr\u00e0 la promessa di moltiplicare le vostre entrate. Utile per incrementare attivit\u00e0 commerciali, negozi e qualsiasi attivit\u00e0 rivolta al pubblico.<br \/>\nIndispensabile per i liberi professionisti e per coloro che lavorano in borsa, imprenditori, agenti e per tutte le attivit\u00e0.<br \/>\nInoltre si pu\u00f2 usare LA POUDRE SOUPREME per riscuotere crediti da debitori riluttanti. Indispensabile per coloro che cercano lavoro o devono cambiarlo.<br \/>\nSi consiglia l\u2019uso di questa polvere prima di iniziare qualsiasi nuova attivit\u00e0 per propiziarne la riuscita finanziaria. I poteri attribuiti a questa miscela si estendono anche alle vincite al gioco.<\/p>\n<p>RACCOMANDAZIONI GENERALI:<\/p>\n<p>LES POUDRES SUPR\u00caMES sono abbinabili alle altre polveri esoteriche e ne amplificano tradizionalmente l\u2019energia, pertanto sono un ottimo complemento nei riti per risolvere casi difficili.<\/p>\n<p>LES POUDRES SUPR\u00caMES sono energie altamente concentrate, pochi grammi sono sufficienti per ottenere la massima efficacia. Con una confezione potrete eseguire circa cinque Rituali.<\/p>\n<p>LES POUDRES SUPR\u00caMES usate singolarmente non sono soggette a lunazioni o giorni.<\/p>\n","protected":false},"excerpt":{"rendered":"<p>LES POUDRES SUPR\u00caMES sono una linea di ricette originali provenienti dalla tradizione Vodou di Haiti. Ogni polvere rispecchia la formula&#8230;<\/p>\n","protected":false},"featured_media":31989,"template":"","meta":{"_acf_changed":false},"product_brand":[],"product_cat":[1081,1059,1282],"product_tag":[],"class_list":{"0":"post-30990","1":"product","2":"type-product","3":"status-publish","4":"has-post-thumbnail","6":"product_cat-polveri-esoteriche-e-pembas","7":"product_cat-articoli-esoterici","8":"product_cat-polveri-esoteriche-negative-separazioni-damore-e-sessuali","10":"first","11":"instock","12":"taxable","13":"shipping-taxable","14":"purchasable","15":"product-type-variable","16":"has-default-attributes","17":"add-to-wishlist-before_image"},"acf":[],"yoast_head":"<!-- This site is optimized with the Yoast SEO plugin v26.9 - https:\/\/yoast.com\/product\/yoast-seo-wordpress\/ -->\n<title>LES POUDRES SOUPREMES - Il Crogiuolo<\/title>\n<meta name=\"description\" content=\"LES POUDRES SOUPREMES LES POUDRES SUPR\u00caMES sono una linea di ricette originali provenienti dalla tradizione Vodou di Haiti. Ogni polvere rispecchia la formula in tutti i suoi\" \/>\n<meta name=\"robots\" content=\"index, follow, max-snippet:-1, max-image-preview:large, max-video-preview:-1\" \/>\n<link rel=\"canonical\" href=\"https:\/\/ilcrogiuolo.it\/it\/p\/les-poudres-soupremes\/\" \/>\n<meta property=\"og:locale\" content=\"it_IT\" \/>\n<meta property=\"og:type\" content=\"article\" \/>\n<meta property=\"og:title\" content=\"LES POUDRES SOUPREMES - Il Crogiuolo\" \/>\n<meta property=\"og:description\" content=\"LES POUDRES SOUPREMES LES POUDRES SUPR\u00caMES sono una linea di ricette originali provenienti dalla tradizione Vodou di Haiti. Ogni polvere rispecchia la formula in tutti i suoi\" \/>\n<meta property=\"og:url\" content=\"https:\/\/ilcrogiuolo.it\/it\/p\/les-poudres-soupremes\/\" \/>\n<meta property=\"og:site_name\" content=\"Il Crogiuolo\" \/>\n<meta property=\"article:publisher\" content=\"https:\/\/www.facebook.com\/Il-Crogiuolo-681876418491758\" \/>\n<meta property=\"article:modified_time\" content=\"2026-03-20T11:05:37+00:00\" \/>\n<meta property=\"og:image\" content=\"https:\/\/ilcrogiuolo.it\/wp-content\/uploads\/2021\/10\/les_poudres_soupremes_4.jpg\" \/>\n\t<meta property=\"og:image:width\" content=\"600\" \/>\n\t<meta property=\"og:image:height\" content=\"574\" \/>\n\t<meta property=\"og:image:type\" content=\"image\/jpeg\" \/>\n<meta name=\"twitter:card\" content=\"summary_large_image\" \/>\n<meta name=\"twitter:label1\" content=\"Tempo di lettura stimato\" \/>\n\t<meta name=\"twitter:data1\" content=\"5 minuti\" \/>\n<script type=\"application\/ld+json\" class=\"yoast-schema-graph\">{\"@context\":\"https:\/\/schema.org\",\"@graph\":[{\"@type\":\"WebPage\",\"@id\":\"https:\/\/ilcrogiuolo.it\/it\/p\/les-poudres-soupremes\/\",\"url\":\"https:\/\/ilcrogiuolo.it\/it\/p\/les-poudres-soupremes\/\",\"name\":\"LES POUDRES SOUPREMES - Il Crogiuolo\",\"isPartOf\":{\"@id\":\"https:\/\/ilcrogiuolo.it\/it\/#website\"},\"primaryImageOfPage\":{\"@id\":\"https:\/\/ilcrogiuolo.it\/it\/p\/les-poudres-soupremes\/#primaryimage\"},\"image\":{\"@id\":\"https:\/\/ilcrogiuolo.it\/it\/p\/les-poudres-soupremes\/#primaryimage\"},\"thumbnailUrl\":\"https:\/\/ilcrogiuolo.it\/wp-content\/uploads\/2021\/10\/les_poudres_soupremes_4.jpg\",\"datePublished\":\"2021-10-12T12:54:40+00:00\",\"dateModified\":\"2026-03-20T11:05:37+00:00\",\"description\":\"LES POUDRES SOUPREMES LES POUDRES SUPR\u00caMES sono una linea di ricette originali provenienti dalla tradizione Vodou di Haiti. Ogni polvere rispecchia la formula in tutti i suoi\",\"breadcrumb\":{\"@id\":\"https:\/\/ilcrogiuolo.it\/it\/p\/les-poudres-soupremes\/#breadcrumb\"},\"inLanguage\":\"it-IT\",\"potentialAction\":[{\"@type\":\"ReadAction\",\"target\":[\"https:\/\/ilcrogiuolo.it\/it\/p\/les-poudres-soupremes\/\"]}]},{\"@type\":\"ImageObject\",\"inLanguage\":\"it-IT\",\"@id\":\"https:\/\/ilcrogiuolo.it\/it\/p\/les-poudres-soupremes\/#primaryimage\",\"url\":\"https:\/\/ilcrogiuolo.it\/wp-content\/uploads\/2021\/10\/les_poudres_soupremes_4.jpg\",\"contentUrl\":\"https:\/\/ilcrogiuolo.it\/wp-content\/uploads\/2021\/10\/les_poudres_soupremes_4.jpg\",\"width\":600,\"height\":574},{\"@type\":\"BreadcrumbList\",\"@id\":\"https:\/\/ilcrogiuolo.it\/it\/p\/les-poudres-soupremes\/#breadcrumb\",\"itemListElement\":[{\"@type\":\"ListItem\",\"position\":1,\"name\":\"Home\",\"item\":\"https:\/\/ilcrogiuolo.it\/it\/\"},{\"@type\":\"ListItem\",\"position\":2,\"name\":\"Shop\",\"item\":\"https:\/\/ilcrogiuolo.it\/it\/negozio\/\"},{\"@type\":\"ListItem\",\"position\":3,\"name\":\"LES POUDRES SOUPREMES\"}]},{\"@type\":\"WebSite\",\"@id\":\"https:\/\/ilcrogiuolo.it\/it\/#website\",\"url\":\"https:\/\/ilcrogiuolo.it\/it\/\",\"name\":\"Il Crogiuolo\",\"description\":\"\",\"publisher\":{\"@id\":\"https:\/\/ilcrogiuolo.it\/it\/#organization\"},\"potentialAction\":[{\"@type\":\"SearchAction\",\"target\":{\"@type\":\"EntryPoint\",\"urlTemplate\":\"https:\/\/ilcrogiuolo.it\/it\/?s={search_term_string}\"},\"query-input\":{\"@type\":\"PropertyValueSpecification\",\"valueRequired\":true,\"valueName\":\"search_term_string\"}}],\"inLanguage\":\"it-IT\"},{\"@type\":\"Organization\",\"@id\":\"https:\/\/ilcrogiuolo.it\/it\/#organization\",\"name\":\"Il Crogiuolo\",\"url\":\"https:\/\/ilcrogiuolo.it\/it\/\",\"logo\":{\"@type\":\"ImageObject\",\"inLanguage\":\"it-IT\",\"@id\":\"https:\/\/ilcrogiuolo.it\/it\/#\/schema\/logo\/image\/\",\"url\":\"https:\/\/ilcrogiuolo.it\/wp-content\/uploads\/2020\/04\/logo.png\",\"contentUrl\":\"https:\/\/ilcrogiuolo.it\/wp-content\/uploads\/2020\/04\/logo.png\",\"width\":200,\"height\":49,\"caption\":\"Il Crogiuolo\"},\"image\":{\"@id\":\"https:\/\/ilcrogiuolo.it\/it\/#\/schema\/logo\/image\/\"},\"sameAs\":[\"https:\/\/www.facebook.com\/Il-Crogiuolo-681876418491758\"]}]}<\/script>\n<!-- \/ Yoast SEO plugin. -->","yoast_head_json":{"title":"LES POUDRES SOUPREMES - Il Crogiuolo","description":"LES POUDRES SOUPREMES LES POUDRES SUPR\u00caMES sono una linea di ricette originali provenienti dalla tradizione Vodou di Haiti. Ogni polvere rispecchia la formula in tutti i suoi","robots":{"index":"index","follow":"follow","max-snippet":"max-snippet:-1","max-image-preview":"max-image-preview:large","max-video-preview":"max-video-preview:-1"},"canonical":"https:\/\/ilcrogiuolo.it\/it\/p\/les-poudres-soupremes\/","og_locale":"it_IT","og_type":"article","og_title":"LES POUDRES SOUPREMES - Il Crogiuolo","og_description":"LES POUDRES SOUPREMES LES POUDRES SUPR\u00caMES sono una linea di ricette originali provenienti dalla tradizione Vodou di Haiti. Ogni polvere rispecchia la formula in tutti i suoi","og_url":"https:\/\/ilcrogiuolo.it\/it\/p\/les-poudres-soupremes\/","og_site_name":"Il Crogiuolo","article_publisher":"https:\/\/www.facebook.com\/Il-Crogiuolo-681876418491758","article_modified_time":"2026-03-20T11:05:37+00:00","og_image":[{"width":600,"height":574,"url":"https:\/\/ilcrogiuolo.it\/wp-content\/uploads\/2021\/10\/les_poudres_soupremes_4.jpg","type":"image\/jpeg"}],"twitter_card":"summary_large_image","twitter_misc":{"Tempo di lettura stimato":"5 minuti"},"schema":{"@context":"https:\/\/schema.org","@graph":[{"@type":"WebPage","@id":"https:\/\/ilcrogiuolo.it\/it\/p\/les-poudres-soupremes\/","url":"https:\/\/ilcrogiuolo.it\/it\/p\/les-poudres-soupremes\/","name":"LES POUDRES SOUPREMES - Il Crogiuolo","isPartOf":{"@id":"https:\/\/ilcrogiuolo.it\/it\/#website"},"primaryImageOfPage":{"@id":"https:\/\/ilcrogiuolo.it\/it\/p\/les-poudres-soupremes\/#primaryimage"},"image":{"@id":"https:\/\/ilcrogiuolo.it\/it\/p\/les-poudres-soupremes\/#primaryimage"},"thumbnailUrl":"https:\/\/ilcrogiuolo.it\/wp-content\/uploads\/2021\/10\/les_poudres_soupremes_4.jpg","datePublished":"2021-10-12T12:54:40+00:00","dateModified":"2026-03-20T11:05:37+00:00","description":"LES POUDRES SOUPREMES LES POUDRES SUPR\u00caMES sono una linea di ricette originali provenienti dalla tradizione Vodou di Haiti. Ogni polvere rispecchia la formula in tutti i suoi","breadcrumb":{"@id":"https:\/\/ilcrogiuolo.it\/it\/p\/les-poudres-soupremes\/#breadcrumb"},"inLanguage":"it-IT","potentialAction":[{"@type":"ReadAction","target":["https:\/\/ilcrogiuolo.it\/it\/p\/les-poudres-soupremes\/"]}]},{"@type":"ImageObject","inLanguage":"it-IT","@id":"https:\/\/ilcrogiuolo.it\/it\/p\/les-poudres-soupremes\/#primaryimage","url":"https:\/\/ilcrogiuolo.it\/wp-content\/uploads\/2021\/10\/les_poudres_soupremes_4.jpg","contentUrl":"https:\/\/ilcrogiuolo.it\/wp-content\/uploads\/2021\/10\/les_poudres_soupremes_4.jpg","width":600,"height":574},{"@type":"BreadcrumbList","@id":"https:\/\/ilcrogiuolo.it\/it\/p\/les-poudres-soupremes\/#breadcrumb","itemListElement":[{"@type":"ListItem","position":1,"name":"Home","item":"https:\/\/ilcrogiuolo.it\/it\/"},{"@type":"ListItem","position":2,"name":"Shop","item":"https:\/\/ilcrogiuolo.it\/it\/negozio\/"},{"@type":"ListItem","position":3,"name":"LES POUDRES SOUPREMES"}]},{"@type":"WebSite","@id":"https:\/\/ilcrogiuolo.it\/it\/#website","url":"https:\/\/ilcrogiuolo.it\/it\/","name":"Il Crogiuolo","description":"","publisher":{"@id":"https:\/\/ilcrogiuolo.it\/it\/#organization"},"potentialAction":[{"@type":"SearchAction","target":{"@type":"EntryPoint","urlTemplate":"https:\/\/ilcrogiuolo.it\/it\/?s={search_term_string}"},"query-input":{"@type":"PropertyValueSpecification","valueRequired":true,"valueName":"search_term_string"}}],"inLanguage":"it-IT"},{"@type":"Organization","@id":"https:\/\/ilcrogiuolo.it\/it\/#organization","name":"Il Crogiuolo","url":"https:\/\/ilcrogiuolo.it\/it\/","logo":{"@type":"ImageObject","inLanguage":"it-IT","@id":"https:\/\/ilcrogiuolo.it\/it\/#\/schema\/logo\/image\/","url":"https:\/\/ilcrogiuolo.it\/wp-content\/uploads\/2020\/04\/logo.png","contentUrl":"https:\/\/ilcrogiuolo.it\/wp-content\/uploads\/2020\/04\/logo.png","width":200,"height":49,"caption":"Il Crogiuolo"},"image":{"@id":"https:\/\/ilcrogiuolo.it\/it\/#\/schema\/logo\/image\/"},"sameAs":["https:\/\/www.facebook.com\/Il-Crogiuolo-681876418491758"]}]}},"_links":{"self":[{"href":"https:\/\/ilcrogiuolo.it\/it\/wp-json\/wp\/v2\/product\/30990","targetHints":{"allow":["GET"]}}],"collection":[{"href":"https:\/\/ilcrogiuolo.it\/it\/wp-json\/wp\/v2\/product"}],"about":[{"href":"https:\/\/ilcrogiuolo.it\/it\/wp-json\/wp\/v2\/types\/product"}],"wp:featuredmedia":[{"embeddable":true,"href":"https:\/\/ilcrogiuolo.it\/it\/wp-json\/wp\/v2\/media\/31989"}],"wp:attachment":[{"href":"https:\/\/ilcrogiuolo.it\/it\/wp-json\/wp\/v2\/media?parent=30990"}],"wp:term":[{"taxonomy":"product_brand","embeddable":true,"href":"https:\/\/ilcrogiuolo.it\/it\/wp-json\/wp\/v2\/product_brand?post=30990"},{"taxonomy":"product_cat","embeddable":true,"href":"https:\/\/ilcrogiuolo.it\/it\/wp-json\/wp\/v2\/product_cat?post=30990"},{"taxonomy":"product_tag","embeddable":true,"href":"https:\/\/ilcrogiuolo.it\/it\/wp-json\/wp\/v2\/product_tag?post=30990"}],"curies":[{"name":"wp","href":"https:\/\/api.w.org\/{rel}","templated":true}]}}