{"id":3058,"date":"2020-01-14T17:05:56","date_gmt":"2020-01-14T16:05:56","guid":{"rendered":"https:\/\/ilcrogiuolo.it\/p\/i-poteri-dellanima-sola-libro-dellanima-sola-formato-pdf-ebook\/"},"modified":"2026-02-25T16:16:25","modified_gmt":"2026-02-25T15:16:25","slug":"i-poteri-dellanima-sola-libro-dellanima-sola-formato-pdf-ebook","status":"publish","type":"product","link":"https:\/\/ilcrogiuolo.it\/it\/p\/i-poteri-dellanima-sola-libro-dellanima-sola-formato-pdf-ebook\/","title":{"rendered":"I Poteri dell&#8217;Anima Sola &#8211; Libro dell&#8217;anima Sola &#8211; Formato .pdf &#8211; EBook"},"content":{"rendered":"<p>Disperata per la gelosia, completamente in preda al suo delirio, incaten\u00f2 se stessa e il figlio al letto, per essere sicura che nessuno dei due potesse sfuggire all\u2019orribile destino. Suo figlio, il frutto dell\u2019amore per quell\u2019uomo che l\u2019aveva abbandonata e l\u2019aveva lasciata sola nel suo inferno. Oltraggiata, umiliata. Nessun inferno avrebbe potuto essere peggiore. Non aveva paura della morte, n\u00e9 del giudizio di Dio. Era una sentenza senza appello, la sua. Appicc\u00f2 il fuoco all\u2019antico talamo stringendo il suo pargolo al seno in attesa che le fiamme l\u2019avvolgessero. Cos\u00ec si apre questo sensazionale libro di Tata Nazareno che spiega chi sia l&#8217;Anima Sola, descrivendo rituali, invocazioni e pratiche nei minimi dettagli. Un viaggio all&#8217;interno della magia e dei misteri legati a questa entit\u00e0. Mor\u00ec cos\u00ec Antonia Gervasio, incurante delle grida del suo piccolo. La rabbia per l\u2019oltraggio subito le diede la forza di sopportare quel dolore. Mor\u00ec cos\u00ec. E divent\u00f2 leggenda. Prima di spirare grid\u00f2, forse chiedendo perdono. Venne richiamata in questa dimensione dal sussurro dei ricordi, morendo mille volte ancora, ed altre mille, fino a diventare una santa pagana. La santa dei disperati, di quelli che non hanno a da perdere, delle donne abbandonate, delle persone sole, la santa di chi non ha santi e vive la vita in un continuo purgatorio. Mor\u00ec cos\u00ec Antonia Gervasio, ma nelle strade dell\u2019Avana il suo grido disperato suona vivo come la sua storia. Mor\u00ec cos\u00ec\u2026 e dalle sue ceneri nacque una delle figure pi\u00f9 tragiche e al contempo meravigliose del folklore: l\u2019Anima Sola. In questo piccolo testo impareremo a conoscere questa entit\u00e0 e le entit\u00e0 che sono passate alla storia col nome di Anima Sola. In comune hanno un vissuto di amore e morte, accoppiata cara anche alle antiche tradizioni dall\u2019Antica Grecia, e in comune la possibilit\u00e0 di intercedere presso il Cielo e di comprendere le umane sofferenze, avendole vissute sulla loro pelle in vita. Impareremo a conoscere ci\u00f2 che la tradizione ci insegna circa il modo di cultuarle, i rituali segreti, le formule mistiche, gli incantesimi, le orazioni e le offerte per riscattarle dal loro dolore, ma anche per chiedere la loro intercessione nella vita di tutti i giorni.<\/p>\n","protected":false},"excerpt":{"rendered":"<p>Disperata per la gelosia, completamente in preda al suo delirio, incaten\u00f2 se stessa e il figlio al letto, per essere&#8230;<\/p>\n","protected":false},"featured_media":56527,"template":"","meta":{"_acf_changed":false},"product_brand":[],"product_cat":[1091,1350,1060],"product_tag":[],"class_list":{"0":"post-3058","1":"product","2":"type-product","3":"status-publish","4":"has-post-thumbnail","6":"product_cat-libreria-esoterica-ebook","7":"product_cat-e-book","8":"product_cat-libreria-esoterica","10":"first","11":"instock","12":"downloadable","13":"virtual","14":"taxable","15":"purchasable","16":"product-type-simple","17":"add-to-wishlist-before_image"},"acf":[],"yoast_head":"<!-- This site is optimized with the Yoast SEO plugin v26.9 - https:\/\/yoast.com\/product\/yoast-seo-wordpress\/ -->\n<title>I Poteri dell&#039;Anima Sola - Libro dell&#039;anima Sola - Formato .pdf - EBook - Il Crogiuolo<\/title>\n<meta name=\"description\" content=\"I Poteri dell&#039;Anima Sola - Libro dell&#039;anima Sola - Formato .pdf - EBook Disperata per la gelosia, completamente in preda al suo delirio, incaten\u00f2 se stessa e il figlio al letto, per essere sicura che nessuno dei due potesse\" \/>\n<meta name=\"robots\" content=\"index, follow, max-snippet:-1, max-image-preview:large, max-video-preview:-1\" \/>\n<link rel=\"canonical\" href=\"https:\/\/ilcrogiuolo.it\/it\/p\/i-poteri-dellanima-sola-libro-dellanima-sola-formato-pdf-ebook\/\" \/>\n<meta property=\"og:locale\" content=\"it_IT\" \/>\n<meta property=\"og:type\" content=\"article\" \/>\n<meta property=\"og:title\" content=\"I Poteri dell&#039;Anima Sola - Libro dell&#039;anima Sola - Formato .pdf - EBook - Il Crogiuolo\" \/>\n<meta property=\"og:description\" content=\"I Poteri dell&#039;Anima Sola - Libro dell&#039;anima Sola - Formato .pdf - EBook Disperata per la gelosia, completamente in preda al suo delirio, incaten\u00f2 se stessa e il figlio al letto, per essere sicura che nessuno dei due potesse\" \/>\n<meta property=\"og:url\" content=\"https:\/\/ilcrogiuolo.it\/it\/p\/i-poteri-dellanima-sola-libro-dellanima-sola-formato-pdf-ebook\/\" \/>\n<meta property=\"og:site_name\" content=\"Il Crogiuolo\" \/>\n<meta property=\"article:publisher\" content=\"https:\/\/www.facebook.com\/Il-Crogiuolo-681876418491758\" \/>\n<meta property=\"article:modified_time\" content=\"2026-02-25T15:16:25+00:00\" \/>\n<meta property=\"og:image\" content=\"https:\/\/ilcrogiuolo.it\/wp-content\/uploads\/2020\/01\/promo-anima-sola-pdf.png\" \/>\n\t<meta property=\"og:image:width\" content=\"1167\" \/>\n\t<meta property=\"og:image:height\" content=\"1184\" \/>\n\t<meta property=\"og:image:type\" content=\"image\/png\" \/>\n<meta name=\"twitter:card\" content=\"summary_large_image\" \/>\n<meta name=\"twitter:label1\" content=\"Tempo di lettura stimato\" \/>\n\t<meta name=\"twitter:data1\" content=\"3 minuti\" \/>\n<script type=\"application\/ld+json\" class=\"yoast-schema-graph\">{\"@context\":\"https:\/\/schema.org\",\"@graph\":[{\"@type\":\"WebPage\",\"@id\":\"https:\/\/ilcrogiuolo.it\/it\/p\/i-poteri-dellanima-sola-libro-dellanima-sola-formato-pdf-ebook\/\",\"url\":\"https:\/\/ilcrogiuolo.it\/it\/p\/i-poteri-dellanima-sola-libro-dellanima-sola-formato-pdf-ebook\/\",\"name\":\"I Poteri dell'Anima Sola - Libro dell'anima Sola - Formato .pdf - EBook - Il Crogiuolo\",\"isPartOf\":{\"@id\":\"https:\/\/ilcrogiuolo.it\/it\/#website\"},\"primaryImageOfPage\":{\"@id\":\"https:\/\/ilcrogiuolo.it\/it\/p\/i-poteri-dellanima-sola-libro-dellanima-sola-formato-pdf-ebook\/#primaryimage\"},\"image\":{\"@id\":\"https:\/\/ilcrogiuolo.it\/it\/p\/i-poteri-dellanima-sola-libro-dellanima-sola-formato-pdf-ebook\/#primaryimage\"},\"thumbnailUrl\":\"https:\/\/ilcrogiuolo.it\/wp-content\/uploads\/2020\/01\/promo-anima-sola-pdf.png\",\"datePublished\":\"2020-01-14T16:05:56+00:00\",\"dateModified\":\"2026-02-25T15:16:25+00:00\",\"description\":\"I Poteri dell'Anima Sola - Libro dell'anima Sola - Formato .pdf - EBook Disperata per la gelosia, completamente in preda al suo delirio, incaten\u00f2 se stessa e il figlio al letto, per essere sicura che nessuno dei due potesse\",\"breadcrumb\":{\"@id\":\"https:\/\/ilcrogiuolo.it\/it\/p\/i-poteri-dellanima-sola-libro-dellanima-sola-formato-pdf-ebook\/#breadcrumb\"},\"inLanguage\":\"it-IT\",\"potentialAction\":[{\"@type\":\"ReadAction\",\"target\":[\"https:\/\/ilcrogiuolo.it\/it\/p\/i-poteri-dellanima-sola-libro-dellanima-sola-formato-pdf-ebook\/\"]}]},{\"@type\":\"ImageObject\",\"inLanguage\":\"it-IT\",\"@id\":\"https:\/\/ilcrogiuolo.it\/it\/p\/i-poteri-dellanima-sola-libro-dellanima-sola-formato-pdf-ebook\/#primaryimage\",\"url\":\"https:\/\/ilcrogiuolo.it\/wp-content\/uploads\/2020\/01\/promo-anima-sola-pdf.png\",\"contentUrl\":\"https:\/\/ilcrogiuolo.it\/wp-content\/uploads\/2020\/01\/promo-anima-sola-pdf.png\",\"width\":1167,\"height\":1184},{\"@type\":\"BreadcrumbList\",\"@id\":\"https:\/\/ilcrogiuolo.it\/it\/p\/i-poteri-dellanima-sola-libro-dellanima-sola-formato-pdf-ebook\/#breadcrumb\",\"itemListElement\":[{\"@type\":\"ListItem\",\"position\":1,\"name\":\"Home\",\"item\":\"https:\/\/ilcrogiuolo.it\/it\/\"},{\"@type\":\"ListItem\",\"position\":2,\"name\":\"Shop\",\"item\":\"https:\/\/ilcrogiuolo.it\/it\/negozio\/\"},{\"@type\":\"ListItem\",\"position\":3,\"name\":\"I Poteri dell&#8217;Anima Sola &#8211; Libro dell&#8217;anima Sola &#8211; Formato .pdf &#8211; EBook\"}]},{\"@type\":\"WebSite\",\"@id\":\"https:\/\/ilcrogiuolo.it\/it\/#website\",\"url\":\"https:\/\/ilcrogiuolo.it\/it\/\",\"name\":\"Il Crogiuolo\",\"description\":\"\",\"publisher\":{\"@id\":\"https:\/\/ilcrogiuolo.it\/it\/#organization\"},\"potentialAction\":[{\"@type\":\"SearchAction\",\"target\":{\"@type\":\"EntryPoint\",\"urlTemplate\":\"https:\/\/ilcrogiuolo.it\/it\/?s={search_term_string}\"},\"query-input\":{\"@type\":\"PropertyValueSpecification\",\"valueRequired\":true,\"valueName\":\"search_term_string\"}}],\"inLanguage\":\"it-IT\"},{\"@type\":\"Organization\",\"@id\":\"https:\/\/ilcrogiuolo.it\/it\/#organization\",\"name\":\"Il Crogiuolo\",\"url\":\"https:\/\/ilcrogiuolo.it\/it\/\",\"logo\":{\"@type\":\"ImageObject\",\"inLanguage\":\"it-IT\",\"@id\":\"https:\/\/ilcrogiuolo.it\/it\/#\/schema\/logo\/image\/\",\"url\":\"https:\/\/ilcrogiuolo.it\/wp-content\/uploads\/2020\/04\/logo.png\",\"contentUrl\":\"https:\/\/ilcrogiuolo.it\/wp-content\/uploads\/2020\/04\/logo.png\",\"width\":200,\"height\":49,\"caption\":\"Il Crogiuolo\"},\"image\":{\"@id\":\"https:\/\/ilcrogiuolo.it\/it\/#\/schema\/logo\/image\/\"},\"sameAs\":[\"https:\/\/www.facebook.com\/Il-Crogiuolo-681876418491758\"]}]}<\/script>\n<!-- \/ Yoast SEO plugin. -->","yoast_head_json":{"title":"I Poteri dell'Anima Sola - Libro dell'anima Sola - Formato .pdf - EBook - Il Crogiuolo","description":"I Poteri dell'Anima Sola - Libro dell'anima Sola - Formato .pdf - EBook Disperata per la gelosia, completamente in preda al suo delirio, incaten\u00f2 se stessa e il figlio al letto, per essere sicura che nessuno dei due potesse","robots":{"index":"index","follow":"follow","max-snippet":"max-snippet:-1","max-image-preview":"max-image-preview:large","max-video-preview":"max-video-preview:-1"},"canonical":"https:\/\/ilcrogiuolo.it\/it\/p\/i-poteri-dellanima-sola-libro-dellanima-sola-formato-pdf-ebook\/","og_locale":"it_IT","og_type":"article","og_title":"I Poteri dell'Anima Sola - Libro dell'anima Sola - Formato .pdf - EBook - Il Crogiuolo","og_description":"I Poteri dell'Anima Sola - Libro dell'anima Sola - Formato .pdf - EBook Disperata per la gelosia, completamente in preda al suo delirio, incaten\u00f2 se stessa e il figlio al letto, per essere sicura che nessuno dei due potesse","og_url":"https:\/\/ilcrogiuolo.it\/it\/p\/i-poteri-dellanima-sola-libro-dellanima-sola-formato-pdf-ebook\/","og_site_name":"Il Crogiuolo","article_publisher":"https:\/\/www.facebook.com\/Il-Crogiuolo-681876418491758","article_modified_time":"2026-02-25T15:16:25+00:00","og_image":[{"width":1167,"height":1184,"url":"https:\/\/ilcrogiuolo.it\/wp-content\/uploads\/2020\/01\/promo-anima-sola-pdf.png","type":"image\/png"}],"twitter_card":"summary_large_image","twitter_misc":{"Tempo di lettura stimato":"3 minuti"},"schema":{"@context":"https:\/\/schema.org","@graph":[{"@type":"WebPage","@id":"https:\/\/ilcrogiuolo.it\/it\/p\/i-poteri-dellanima-sola-libro-dellanima-sola-formato-pdf-ebook\/","url":"https:\/\/ilcrogiuolo.it\/it\/p\/i-poteri-dellanima-sola-libro-dellanima-sola-formato-pdf-ebook\/","name":"I Poteri dell'Anima Sola - Libro dell'anima Sola - Formato .pdf - EBook - Il Crogiuolo","isPartOf":{"@id":"https:\/\/ilcrogiuolo.it\/it\/#website"},"primaryImageOfPage":{"@id":"https:\/\/ilcrogiuolo.it\/it\/p\/i-poteri-dellanima-sola-libro-dellanima-sola-formato-pdf-ebook\/#primaryimage"},"image":{"@id":"https:\/\/ilcrogiuolo.it\/it\/p\/i-poteri-dellanima-sola-libro-dellanima-sola-formato-pdf-ebook\/#primaryimage"},"thumbnailUrl":"https:\/\/ilcrogiuolo.it\/wp-content\/uploads\/2020\/01\/promo-anima-sola-pdf.png","datePublished":"2020-01-14T16:05:56+00:00","dateModified":"2026-02-25T15:16:25+00:00","description":"I Poteri dell'Anima Sola - Libro dell'anima Sola - Formato .pdf - EBook Disperata per la gelosia, completamente in preda al suo delirio, incaten\u00f2 se stessa e il figlio al letto, per essere sicura che nessuno dei due potesse","breadcrumb":{"@id":"https:\/\/ilcrogiuolo.it\/it\/p\/i-poteri-dellanima-sola-libro-dellanima-sola-formato-pdf-ebook\/#breadcrumb"},"inLanguage":"it-IT","potentialAction":[{"@type":"ReadAction","target":["https:\/\/ilcrogiuolo.it\/it\/p\/i-poteri-dellanima-sola-libro-dellanima-sola-formato-pdf-ebook\/"]}]},{"@type":"ImageObject","inLanguage":"it-IT","@id":"https:\/\/ilcrogiuolo.it\/it\/p\/i-poteri-dellanima-sola-libro-dellanima-sola-formato-pdf-ebook\/#primaryimage","url":"https:\/\/ilcrogiuolo.it\/wp-content\/uploads\/2020\/01\/promo-anima-sola-pdf.png","contentUrl":"https:\/\/ilcrogiuolo.it\/wp-content\/uploads\/2020\/01\/promo-anima-sola-pdf.png","width":1167,"height":1184},{"@type":"BreadcrumbList","@id":"https:\/\/ilcrogiuolo.it\/it\/p\/i-poteri-dellanima-sola-libro-dellanima-sola-formato-pdf-ebook\/#breadcrumb","itemListElement":[{"@type":"ListItem","position":1,"name":"Home","item":"https:\/\/ilcrogiuolo.it\/it\/"},{"@type":"ListItem","position":2,"name":"Shop","item":"https:\/\/ilcrogiuolo.it\/it\/negozio\/"},{"@type":"ListItem","position":3,"name":"I Poteri dell&#8217;Anima Sola &#8211; Libro dell&#8217;anima Sola &#8211; Formato .pdf &#8211; EBook"}]},{"@type":"WebSite","@id":"https:\/\/ilcrogiuolo.it\/it\/#website","url":"https:\/\/ilcrogiuolo.it\/it\/","name":"Il Crogiuolo","description":"","publisher":{"@id":"https:\/\/ilcrogiuolo.it\/it\/#organization"},"potentialAction":[{"@type":"SearchAction","target":{"@type":"EntryPoint","urlTemplate":"https:\/\/ilcrogiuolo.it\/it\/?s={search_term_string}"},"query-input":{"@type":"PropertyValueSpecification","valueRequired":true,"valueName":"search_term_string"}}],"inLanguage":"it-IT"},{"@type":"Organization","@id":"https:\/\/ilcrogiuolo.it\/it\/#organization","name":"Il Crogiuolo","url":"https:\/\/ilcrogiuolo.it\/it\/","logo":{"@type":"ImageObject","inLanguage":"it-IT","@id":"https:\/\/ilcrogiuolo.it\/it\/#\/schema\/logo\/image\/","url":"https:\/\/ilcrogiuolo.it\/wp-content\/uploads\/2020\/04\/logo.png","contentUrl":"https:\/\/ilcrogiuolo.it\/wp-content\/uploads\/2020\/04\/logo.png","width":200,"height":49,"caption":"Il Crogiuolo"},"image":{"@id":"https:\/\/ilcrogiuolo.it\/it\/#\/schema\/logo\/image\/"},"sameAs":["https:\/\/www.facebook.com\/Il-Crogiuolo-681876418491758"]}]}},"_links":{"self":[{"href":"https:\/\/ilcrogiuolo.it\/it\/wp-json\/wp\/v2\/product\/3058","targetHints":{"allow":["GET"]}}],"collection":[{"href":"https:\/\/ilcrogiuolo.it\/it\/wp-json\/wp\/v2\/product"}],"about":[{"href":"https:\/\/ilcrogiuolo.it\/it\/wp-json\/wp\/v2\/types\/product"}],"wp:featuredmedia":[{"embeddable":true,"href":"https:\/\/ilcrogiuolo.it\/it\/wp-json\/wp\/v2\/media\/56527"}],"wp:attachment":[{"href":"https:\/\/ilcrogiuolo.it\/it\/wp-json\/wp\/v2\/media?parent=3058"}],"wp:term":[{"taxonomy":"product_brand","embeddable":true,"href":"https:\/\/ilcrogiuolo.it\/it\/wp-json\/wp\/v2\/product_brand?post=3058"},{"taxonomy":"product_cat","embeddable":true,"href":"https:\/\/ilcrogiuolo.it\/it\/wp-json\/wp\/v2\/product_cat?post=3058"},{"taxonomy":"product_tag","embeddable":true,"href":"https:\/\/ilcrogiuolo.it\/it\/wp-json\/wp\/v2\/product_tag?post=3058"}],"curies":[{"name":"wp","href":"https:\/\/api.w.org\/{rel}","templated":true}]}}