{"id":3037,"date":"2020-01-14T17:05:56","date_gmt":"2020-01-14T16:05:56","guid":{"rendered":"https:\/\/ilcrogiuolo.it\/p\/polvere-encontro-look-me-over-powder\/"},"modified":"2024-01-30T16:51:46","modified_gmt":"2024-01-30T15:51:46","slug":"polvere-encontro-look-me-over-powder","status":"publish","type":"product","link":"https:\/\/ilcrogiuolo.it\/it\/p\/polvere-encontro-look-me-over-powder\/","title":{"rendered":"POLVERE ENCONTRO &#8211; LOOK ME OVER POWDER"},"content":{"rendered":"<p>Le polveri voodoo utilizzate nella spiritualit\u00e0 della tradizione Voodoo di Santo Domingo e di New Orleans sono talchi aromatici composti da erbe ed essenze che hanno una affinit\u00e0 e una complicit\u00e0 simbolica con il nome che portano. Non sono prodotti n\u00e8 commestibili n\u00e8 cosmetici. Il Crogiuolo ve li propone come originali prodotti impiegati nella spiritualit\u00e0 Voodoo. Ecco quello che tramanda la tradizione circa il suo uso: Nonostante la ricetta di questa polvere sia antica e risalga al periodo della schiavit\u00f9, per fare buona impressione sui padroni e risparmiarsi cos\u00ec lavori troppo pesanti o inumani, nella moderna pratica magica si utilizza per superare un colloquio di lavoro, aumentare il proprio fascino e la propria dialettica per fare bella figura durante un esame o per riscuotere consensi su una folla o sulla massa. Viene utilizzata da uomini o donne di spettacolo per raggiungere la fama e il successo, ma anche da politici e da tutti quegli individui che del contatto col pubblico vivono. Si utilizza come talco o spruzzata sulle candele, oppure all&#8217;interno della ritualistica.<\/p>\n","protected":false},"excerpt":{"rendered":"<p>Le polveri voodoo utilizzate nella spiritualit\u00e0 della tradizione Voodoo di Santo Domingo e di New Orleans sono talchi aromatici composti&#8230;<\/p>\n","protected":false},"featured_media":45072,"template":"","meta":{"_acf_changed":false},"product_brand":[],"product_cat":[1081,1059,1281],"product_tag":[],"class_list":{"0":"post-3037","1":"product","2":"type-product","3":"status-publish","4":"has-post-thumbnail","6":"product_cat-polveri-esoteriche-e-pembas","7":"product_cat-articoli-esoterici","8":"product_cat-polveri-esoteriche-legamenti-damore-e-sessuali","10":"first","11":"instock","12":"taxable","13":"shipping-taxable","14":"purchasable","15":"product-type-simple","16":"add-to-wishlist-before_image"},"acf":[],"yoast_head":"<!-- This site is optimized with the Yoast SEO plugin v26.9 - https:\/\/yoast.com\/product\/yoast-seo-wordpress\/ -->\n<title>POLVERE ENCONTRO - LOOK ME OVER POWDER - Il Crogiuolo<\/title>\n<meta name=\"description\" content=\"POLVERE ENCONTRO - LOOK ME OVER POWDER Le polveri voodoo utilizzate nella spiritualit\u00e0 della tradizione Voodoo di Santo Domingo e di New Orleans sono talchi aromatici composti da erbe ed\" \/>\n<meta name=\"robots\" content=\"index, follow, max-snippet:-1, max-image-preview:large, max-video-preview:-1\" \/>\n<link rel=\"canonical\" href=\"https:\/\/ilcrogiuolo.it\/it\/p\/polvere-encontro-look-me-over-powder\/\" \/>\n<meta property=\"og:locale\" content=\"it_IT\" \/>\n<meta property=\"og:type\" content=\"article\" \/>\n<meta property=\"og:title\" content=\"POLVERE ENCONTRO - LOOK ME OVER POWDER - Il Crogiuolo\" \/>\n<meta property=\"og:description\" content=\"POLVERE ENCONTRO - LOOK ME OVER POWDER Le polveri voodoo utilizzate nella spiritualit\u00e0 della tradizione Voodoo di Santo Domingo e di New Orleans sono talchi aromatici composti da erbe ed\" \/>\n<meta property=\"og:url\" content=\"https:\/\/ilcrogiuolo.it\/it\/p\/polvere-encontro-look-me-over-powder\/\" \/>\n<meta property=\"og:site_name\" content=\"Il Crogiuolo\" \/>\n<meta property=\"article:publisher\" content=\"https:\/\/www.facebook.com\/Il-Crogiuolo-681876418491758\" \/>\n<meta property=\"article:modified_time\" content=\"2024-01-30T15:51:46+00:00\" \/>\n<meta property=\"og:image\" content=\"https:\/\/ilcrogiuolo.it\/wp-content\/uploads\/2020\/01\/ENCONTRO.png\" \/>\n\t<meta property=\"og:image:width\" content=\"627\" \/>\n\t<meta property=\"og:image:height\" content=\"600\" \/>\n\t<meta property=\"og:image:type\" content=\"image\/png\" \/>\n<meta name=\"twitter:card\" content=\"summary_large_image\" \/>\n<meta name=\"twitter:label1\" content=\"Tempo di lettura stimato\" \/>\n\t<meta name=\"twitter:data1\" content=\"1 minuto\" \/>\n<script type=\"application\/ld+json\" class=\"yoast-schema-graph\">{\"@context\":\"https:\/\/schema.org\",\"@graph\":[{\"@type\":\"WebPage\",\"@id\":\"https:\/\/ilcrogiuolo.it\/it\/p\/polvere-encontro-look-me-over-powder\/\",\"url\":\"https:\/\/ilcrogiuolo.it\/it\/p\/polvere-encontro-look-me-over-powder\/\",\"name\":\"POLVERE ENCONTRO - LOOK ME OVER POWDER - Il Crogiuolo\",\"isPartOf\":{\"@id\":\"https:\/\/ilcrogiuolo.it\/it\/#website\"},\"primaryImageOfPage\":{\"@id\":\"https:\/\/ilcrogiuolo.it\/it\/p\/polvere-encontro-look-me-over-powder\/#primaryimage\"},\"image\":{\"@id\":\"https:\/\/ilcrogiuolo.it\/it\/p\/polvere-encontro-look-me-over-powder\/#primaryimage\"},\"thumbnailUrl\":\"https:\/\/ilcrogiuolo.it\/wp-content\/uploads\/2020\/01\/ENCONTRO.png\",\"datePublished\":\"2020-01-14T16:05:56+00:00\",\"dateModified\":\"2024-01-30T15:51:46+00:00\",\"description\":\"POLVERE ENCONTRO - LOOK ME OVER POWDER Le polveri voodoo utilizzate nella spiritualit\u00e0 della tradizione Voodoo di Santo Domingo e di New Orleans sono talchi aromatici composti da erbe ed\",\"breadcrumb\":{\"@id\":\"https:\/\/ilcrogiuolo.it\/it\/p\/polvere-encontro-look-me-over-powder\/#breadcrumb\"},\"inLanguage\":\"it-IT\",\"potentialAction\":[{\"@type\":\"ReadAction\",\"target\":[\"https:\/\/ilcrogiuolo.it\/it\/p\/polvere-encontro-look-me-over-powder\/\"]}]},{\"@type\":\"ImageObject\",\"inLanguage\":\"it-IT\",\"@id\":\"https:\/\/ilcrogiuolo.it\/it\/p\/polvere-encontro-look-me-over-powder\/#primaryimage\",\"url\":\"https:\/\/ilcrogiuolo.it\/wp-content\/uploads\/2020\/01\/ENCONTRO.png\",\"contentUrl\":\"https:\/\/ilcrogiuolo.it\/wp-content\/uploads\/2020\/01\/ENCONTRO.png\",\"width\":627,\"height\":600},{\"@type\":\"BreadcrumbList\",\"@id\":\"https:\/\/ilcrogiuolo.it\/it\/p\/polvere-encontro-look-me-over-powder\/#breadcrumb\",\"itemListElement\":[{\"@type\":\"ListItem\",\"position\":1,\"name\":\"Home\",\"item\":\"https:\/\/ilcrogiuolo.it\/it\/\"},{\"@type\":\"ListItem\",\"position\":2,\"name\":\"Shop\",\"item\":\"https:\/\/ilcrogiuolo.it\/it\/negozio\/\"},{\"@type\":\"ListItem\",\"position\":3,\"name\":\"POLVERE ENCONTRO &#8211; LOOK ME OVER POWDER\"}]},{\"@type\":\"WebSite\",\"@id\":\"https:\/\/ilcrogiuolo.it\/it\/#website\",\"url\":\"https:\/\/ilcrogiuolo.it\/it\/\",\"name\":\"Il Crogiuolo\",\"description\":\"\",\"publisher\":{\"@id\":\"https:\/\/ilcrogiuolo.it\/it\/#organization\"},\"potentialAction\":[{\"@type\":\"SearchAction\",\"target\":{\"@type\":\"EntryPoint\",\"urlTemplate\":\"https:\/\/ilcrogiuolo.it\/it\/?s={search_term_string}\"},\"query-input\":{\"@type\":\"PropertyValueSpecification\",\"valueRequired\":true,\"valueName\":\"search_term_string\"}}],\"inLanguage\":\"it-IT\"},{\"@type\":\"Organization\",\"@id\":\"https:\/\/ilcrogiuolo.it\/it\/#organization\",\"name\":\"Il Crogiuolo\",\"url\":\"https:\/\/ilcrogiuolo.it\/it\/\",\"logo\":{\"@type\":\"ImageObject\",\"inLanguage\":\"it-IT\",\"@id\":\"https:\/\/ilcrogiuolo.it\/it\/#\/schema\/logo\/image\/\",\"url\":\"https:\/\/ilcrogiuolo.it\/wp-content\/uploads\/2020\/04\/logo.png\",\"contentUrl\":\"https:\/\/ilcrogiuolo.it\/wp-content\/uploads\/2020\/04\/logo.png\",\"width\":200,\"height\":49,\"caption\":\"Il Crogiuolo\"},\"image\":{\"@id\":\"https:\/\/ilcrogiuolo.it\/it\/#\/schema\/logo\/image\/\"},\"sameAs\":[\"https:\/\/www.facebook.com\/Il-Crogiuolo-681876418491758\"]}]}<\/script>\n<!-- \/ Yoast SEO plugin. -->","yoast_head_json":{"title":"POLVERE ENCONTRO - LOOK ME OVER POWDER - Il Crogiuolo","description":"POLVERE ENCONTRO - LOOK ME OVER POWDER Le polveri voodoo utilizzate nella spiritualit\u00e0 della tradizione Voodoo di Santo Domingo e di New Orleans sono talchi aromatici composti da erbe ed","robots":{"index":"index","follow":"follow","max-snippet":"max-snippet:-1","max-image-preview":"max-image-preview:large","max-video-preview":"max-video-preview:-1"},"canonical":"https:\/\/ilcrogiuolo.it\/it\/p\/polvere-encontro-look-me-over-powder\/","og_locale":"it_IT","og_type":"article","og_title":"POLVERE ENCONTRO - LOOK ME OVER POWDER - Il Crogiuolo","og_description":"POLVERE ENCONTRO - LOOK ME OVER POWDER Le polveri voodoo utilizzate nella spiritualit\u00e0 della tradizione Voodoo di Santo Domingo e di New Orleans sono talchi aromatici composti da erbe ed","og_url":"https:\/\/ilcrogiuolo.it\/it\/p\/polvere-encontro-look-me-over-powder\/","og_site_name":"Il Crogiuolo","article_publisher":"https:\/\/www.facebook.com\/Il-Crogiuolo-681876418491758","article_modified_time":"2024-01-30T15:51:46+00:00","og_image":[{"width":627,"height":600,"url":"https:\/\/ilcrogiuolo.it\/wp-content\/uploads\/2020\/01\/ENCONTRO.png","type":"image\/png"}],"twitter_card":"summary_large_image","twitter_misc":{"Tempo di lettura stimato":"1 minuto"},"schema":{"@context":"https:\/\/schema.org","@graph":[{"@type":"WebPage","@id":"https:\/\/ilcrogiuolo.it\/it\/p\/polvere-encontro-look-me-over-powder\/","url":"https:\/\/ilcrogiuolo.it\/it\/p\/polvere-encontro-look-me-over-powder\/","name":"POLVERE ENCONTRO - LOOK ME OVER POWDER - Il Crogiuolo","isPartOf":{"@id":"https:\/\/ilcrogiuolo.it\/it\/#website"},"primaryImageOfPage":{"@id":"https:\/\/ilcrogiuolo.it\/it\/p\/polvere-encontro-look-me-over-powder\/#primaryimage"},"image":{"@id":"https:\/\/ilcrogiuolo.it\/it\/p\/polvere-encontro-look-me-over-powder\/#primaryimage"},"thumbnailUrl":"https:\/\/ilcrogiuolo.it\/wp-content\/uploads\/2020\/01\/ENCONTRO.png","datePublished":"2020-01-14T16:05:56+00:00","dateModified":"2024-01-30T15:51:46+00:00","description":"POLVERE ENCONTRO - LOOK ME OVER POWDER Le polveri voodoo utilizzate nella spiritualit\u00e0 della tradizione Voodoo di Santo Domingo e di New Orleans sono talchi aromatici composti da erbe ed","breadcrumb":{"@id":"https:\/\/ilcrogiuolo.it\/it\/p\/polvere-encontro-look-me-over-powder\/#breadcrumb"},"inLanguage":"it-IT","potentialAction":[{"@type":"ReadAction","target":["https:\/\/ilcrogiuolo.it\/it\/p\/polvere-encontro-look-me-over-powder\/"]}]},{"@type":"ImageObject","inLanguage":"it-IT","@id":"https:\/\/ilcrogiuolo.it\/it\/p\/polvere-encontro-look-me-over-powder\/#primaryimage","url":"https:\/\/ilcrogiuolo.it\/wp-content\/uploads\/2020\/01\/ENCONTRO.png","contentUrl":"https:\/\/ilcrogiuolo.it\/wp-content\/uploads\/2020\/01\/ENCONTRO.png","width":627,"height":600},{"@type":"BreadcrumbList","@id":"https:\/\/ilcrogiuolo.it\/it\/p\/polvere-encontro-look-me-over-powder\/#breadcrumb","itemListElement":[{"@type":"ListItem","position":1,"name":"Home","item":"https:\/\/ilcrogiuolo.it\/it\/"},{"@type":"ListItem","position":2,"name":"Shop","item":"https:\/\/ilcrogiuolo.it\/it\/negozio\/"},{"@type":"ListItem","position":3,"name":"POLVERE ENCONTRO &#8211; LOOK ME OVER POWDER"}]},{"@type":"WebSite","@id":"https:\/\/ilcrogiuolo.it\/it\/#website","url":"https:\/\/ilcrogiuolo.it\/it\/","name":"Il Crogiuolo","description":"","publisher":{"@id":"https:\/\/ilcrogiuolo.it\/it\/#organization"},"potentialAction":[{"@type":"SearchAction","target":{"@type":"EntryPoint","urlTemplate":"https:\/\/ilcrogiuolo.it\/it\/?s={search_term_string}"},"query-input":{"@type":"PropertyValueSpecification","valueRequired":true,"valueName":"search_term_string"}}],"inLanguage":"it-IT"},{"@type":"Organization","@id":"https:\/\/ilcrogiuolo.it\/it\/#organization","name":"Il Crogiuolo","url":"https:\/\/ilcrogiuolo.it\/it\/","logo":{"@type":"ImageObject","inLanguage":"it-IT","@id":"https:\/\/ilcrogiuolo.it\/it\/#\/schema\/logo\/image\/","url":"https:\/\/ilcrogiuolo.it\/wp-content\/uploads\/2020\/04\/logo.png","contentUrl":"https:\/\/ilcrogiuolo.it\/wp-content\/uploads\/2020\/04\/logo.png","width":200,"height":49,"caption":"Il Crogiuolo"},"image":{"@id":"https:\/\/ilcrogiuolo.it\/it\/#\/schema\/logo\/image\/"},"sameAs":["https:\/\/www.facebook.com\/Il-Crogiuolo-681876418491758"]}]}},"_links":{"self":[{"href":"https:\/\/ilcrogiuolo.it\/it\/wp-json\/wp\/v2\/product\/3037","targetHints":{"allow":["GET"]}}],"collection":[{"href":"https:\/\/ilcrogiuolo.it\/it\/wp-json\/wp\/v2\/product"}],"about":[{"href":"https:\/\/ilcrogiuolo.it\/it\/wp-json\/wp\/v2\/types\/product"}],"wp:featuredmedia":[{"embeddable":true,"href":"https:\/\/ilcrogiuolo.it\/it\/wp-json\/wp\/v2\/media\/45072"}],"wp:attachment":[{"href":"https:\/\/ilcrogiuolo.it\/it\/wp-json\/wp\/v2\/media?parent=3037"}],"wp:term":[{"taxonomy":"product_brand","embeddable":true,"href":"https:\/\/ilcrogiuolo.it\/it\/wp-json\/wp\/v2\/product_brand?post=3037"},{"taxonomy":"product_cat","embeddable":true,"href":"https:\/\/ilcrogiuolo.it\/it\/wp-json\/wp\/v2\/product_cat?post=3037"},{"taxonomy":"product_tag","embeddable":true,"href":"https:\/\/ilcrogiuolo.it\/it\/wp-json\/wp\/v2\/product_tag?post=3037"}],"curies":[{"name":"wp","href":"https:\/\/api.w.org\/{rel}","templated":true}]}}