{"id":3015,"date":"2020-01-14T17:05:47","date_gmt":"2020-01-14T16:05:47","guid":{"rendered":"https:\/\/ilcrogiuolo.it\/p\/il-segreto-della-quimbanda-pagine-254-formato-extralusso\/"},"modified":"2020-02-18T15:12:08","modified_gmt":"2020-02-18T14:12:08","slug":"il-segreto-della-quimbanda-pagine-254-formato-extralusso","status":"publish","type":"product","link":"https:\/\/ilcrogiuolo.it\/it\/p\/il-segreto-della-quimbanda-pagine-254-formato-extralusso\/","title":{"rendered":"IL SEGRETO DELLA QUIMBANDA &#8211; PAGINE 254 &#8211; formato Extralusso"},"content":{"rendered":"<p>Un libro sulla Quimbanda? Ne sono stati scritti tanti: tanto se ne parla quanto se ne tace. Ex\u00f9, il tanto misinterpretato signore dei crocicchi, castigato dalle chiacchiere delle comari e ridotto talvolta a demone goetico appare in questo testo per quello che realmente \u00e8: un Amico. Chi \u00e8 un amico? Per Walter Winchell, in uno dei suoi celebri aforismi, un amico \u00e8 quella persona che entra quando tutto il resto del mondo pare uscire. Non la metterei proprio su questo piano, dal momento che Ex\u00f9 \u00e8 presente nella vita di ciascuno di noi in ogni momento, gioioso o triste, e ci accompagna nel nostro cammino su questo piano come uno zelante tutore: ora burbero, ora paterno, ora sagace, ora fanciullesco, ora comprensivo, ora assolutamente intransigente. Ex\u00f9 \u00e8 quella forza che ci accompagna nel nostro essere qui ed ora. Un trattato di Quimbanda non \u00e8 necessariamente un libro di magia, ma la chiave per accedere a spazi che fino ad ora non abbiamo considerato pur avendoli a portata di mano. Ex\u00f9, e con lui la sua controparte femminile Pomba Gira, appare in questo testo come un liberatore, l\u2019unico liberatore in un mondo di vincoli che spesso e volentieri ci costruiamo noi stessi. Dall\u2019Africa Bantu al Brasile questo personaggio ha attraversato i mari e le selve caricando la sua voce di nuovi significati, permettendo all\u2019uomo di raggiungere ed elevare la propria natura in ogni direzione. In questo importante testo vengono spiegati con incredibile accuratezza tutti gli Ex\u00f9s della Quimbanda e le Pomba Giras, le offerte, i riti, i pontos cantados e riscados. Si tratta dei sette regni della Quimbanda, della loro forza e del loro potere. Inoltre potrete apprendere come lavorare in maniera corretta con queste entit\u00e0 con grande competenza.<\/p>\n<p>254 PAGINE<\/p>\n","protected":false},"excerpt":{"rendered":"<p>Un libro sulla Quimbanda? Ne sono stati scritti tanti: tanto se ne parla quanto se ne tace. Ex\u00f9, il tanto&#8230;<\/p>\n","protected":false},"featured_media":19648,"template":"","meta":{"_acf_changed":false},"product_brand":[],"product_cat":[1077,1269,1060],"product_tag":[],"class_list":{"0":"post-3015","1":"product","2":"type-product","3":"status-publish","4":"has-post-thumbnail","6":"product_cat-libreria-esoterica-libreria-esoterica","7":"product_cat-edizioni-il-crogiuolo-corsi-e-libri","8":"product_cat-libreria-esoterica","10":"first","11":"outofstock","12":"taxable","13":"shipping-taxable","14":"purchasable","15":"product-type-simple","16":"add-to-wishlist-before_image"},"acf":[],"yoast_head":"<!-- This site is optimized with the Yoast SEO plugin v26.9 - https:\/\/yoast.com\/product\/yoast-seo-wordpress\/ -->\n<title>IL SEGRETO DELLA QUIMBANDA - PAGINE 254 - formato Extralusso - Il Crogiuolo<\/title>\n<meta name=\"description\" content=\"IL SEGRETO DELLA QUIMBANDA - PAGINE 254 - formato Extralusso Un libro sulla Quimbanda? Ne sono stati scritti tanti: tanto se ne parla quanto se ne tace. Ex\u00f9, il tanto misinterpretato signore dei crocicchi, castigato\" \/>\n<meta name=\"robots\" content=\"index, follow, max-snippet:-1, max-image-preview:large, max-video-preview:-1\" \/>\n<link rel=\"canonical\" href=\"https:\/\/ilcrogiuolo.it\/it\/p\/il-segreto-della-quimbanda-pagine-254-formato-extralusso\/\" \/>\n<meta property=\"og:locale\" content=\"it_IT\" \/>\n<meta property=\"og:type\" content=\"article\" \/>\n<meta property=\"og:title\" content=\"IL SEGRETO DELLA QUIMBANDA - PAGINE 254 - formato Extralusso - Il Crogiuolo\" \/>\n<meta property=\"og:description\" content=\"IL SEGRETO DELLA QUIMBANDA - PAGINE 254 - formato Extralusso Un libro sulla Quimbanda? Ne sono stati scritti tanti: tanto se ne parla quanto se ne tace. Ex\u00f9, il tanto misinterpretato signore dei crocicchi, castigato\" \/>\n<meta property=\"og:url\" content=\"https:\/\/ilcrogiuolo.it\/it\/p\/il-segreto-della-quimbanda-pagine-254-formato-extralusso\/\" \/>\n<meta property=\"og:site_name\" content=\"Il Crogiuolo\" \/>\n<meta property=\"article:publisher\" content=\"https:\/\/www.facebook.com\/Il-Crogiuolo-681876418491758\" \/>\n<meta property=\"article:modified_time\" content=\"2020-02-18T14:12:08+00:00\" \/>\n<meta property=\"og:image\" content=\"https:\/\/ilcrogiuolo.it\/wp-content\/uploads\/2020\/01\/quimbanda.jpg\" \/>\n\t<meta property=\"og:image:width\" content=\"627\" \/>\n\t<meta property=\"og:image:height\" content=\"660\" \/>\n\t<meta property=\"og:image:type\" content=\"image\/jpeg\" \/>\n<meta name=\"twitter:card\" content=\"summary_large_image\" \/>\n<meta name=\"twitter:label1\" content=\"Tempo di lettura stimato\" \/>\n\t<meta name=\"twitter:data1\" content=\"1 minuto\" \/>\n<script type=\"application\/ld+json\" class=\"yoast-schema-graph\">{\"@context\":\"https:\/\/schema.org\",\"@graph\":[{\"@type\":\"WebPage\",\"@id\":\"https:\/\/ilcrogiuolo.it\/it\/p\/il-segreto-della-quimbanda-pagine-254-formato-extralusso\/\",\"url\":\"https:\/\/ilcrogiuolo.it\/it\/p\/il-segreto-della-quimbanda-pagine-254-formato-extralusso\/\",\"name\":\"IL SEGRETO DELLA QUIMBANDA - PAGINE 254 - formato Extralusso - Il Crogiuolo\",\"isPartOf\":{\"@id\":\"https:\/\/ilcrogiuolo.it\/it\/#website\"},\"primaryImageOfPage\":{\"@id\":\"https:\/\/ilcrogiuolo.it\/it\/p\/il-segreto-della-quimbanda-pagine-254-formato-extralusso\/#primaryimage\"},\"image\":{\"@id\":\"https:\/\/ilcrogiuolo.it\/it\/p\/il-segreto-della-quimbanda-pagine-254-formato-extralusso\/#primaryimage\"},\"thumbnailUrl\":\"https:\/\/ilcrogiuolo.it\/wp-content\/uploads\/2020\/01\/quimbanda.jpg\",\"datePublished\":\"2020-01-14T16:05:47+00:00\",\"dateModified\":\"2020-02-18T14:12:08+00:00\",\"description\":\"IL SEGRETO DELLA QUIMBANDA - PAGINE 254 - formato Extralusso Un libro sulla Quimbanda? Ne sono stati scritti tanti: tanto se ne parla quanto se ne tace. Ex\u00f9, il tanto misinterpretato signore dei crocicchi, castigato\",\"breadcrumb\":{\"@id\":\"https:\/\/ilcrogiuolo.it\/it\/p\/il-segreto-della-quimbanda-pagine-254-formato-extralusso\/#breadcrumb\"},\"inLanguage\":\"it-IT\",\"potentialAction\":[{\"@type\":\"ReadAction\",\"target\":[\"https:\/\/ilcrogiuolo.it\/it\/p\/il-segreto-della-quimbanda-pagine-254-formato-extralusso\/\"]}]},{\"@type\":\"ImageObject\",\"inLanguage\":\"it-IT\",\"@id\":\"https:\/\/ilcrogiuolo.it\/it\/p\/il-segreto-della-quimbanda-pagine-254-formato-extralusso\/#primaryimage\",\"url\":\"https:\/\/ilcrogiuolo.it\/wp-content\/uploads\/2020\/01\/quimbanda.jpg\",\"contentUrl\":\"https:\/\/ilcrogiuolo.it\/wp-content\/uploads\/2020\/01\/quimbanda.jpg\",\"width\":627,\"height\":660},{\"@type\":\"BreadcrumbList\",\"@id\":\"https:\/\/ilcrogiuolo.it\/it\/p\/il-segreto-della-quimbanda-pagine-254-formato-extralusso\/#breadcrumb\",\"itemListElement\":[{\"@type\":\"ListItem\",\"position\":1,\"name\":\"Home\",\"item\":\"https:\/\/ilcrogiuolo.it\/it\/\"},{\"@type\":\"ListItem\",\"position\":2,\"name\":\"Shop\",\"item\":\"https:\/\/ilcrogiuolo.it\/it\/negozio\/\"},{\"@type\":\"ListItem\",\"position\":3,\"name\":\"IL SEGRETO DELLA QUIMBANDA &#8211; PAGINE 254 &#8211; formato Extralusso\"}]},{\"@type\":\"WebSite\",\"@id\":\"https:\/\/ilcrogiuolo.it\/it\/#website\",\"url\":\"https:\/\/ilcrogiuolo.it\/it\/\",\"name\":\"Il Crogiuolo\",\"description\":\"\",\"publisher\":{\"@id\":\"https:\/\/ilcrogiuolo.it\/it\/#organization\"},\"potentialAction\":[{\"@type\":\"SearchAction\",\"target\":{\"@type\":\"EntryPoint\",\"urlTemplate\":\"https:\/\/ilcrogiuolo.it\/it\/?s={search_term_string}\"},\"query-input\":{\"@type\":\"PropertyValueSpecification\",\"valueRequired\":true,\"valueName\":\"search_term_string\"}}],\"inLanguage\":\"it-IT\"},{\"@type\":\"Organization\",\"@id\":\"https:\/\/ilcrogiuolo.it\/it\/#organization\",\"name\":\"Il Crogiuolo\",\"url\":\"https:\/\/ilcrogiuolo.it\/it\/\",\"logo\":{\"@type\":\"ImageObject\",\"inLanguage\":\"it-IT\",\"@id\":\"https:\/\/ilcrogiuolo.it\/it\/#\/schema\/logo\/image\/\",\"url\":\"https:\/\/ilcrogiuolo.it\/wp-content\/uploads\/2020\/04\/logo.png\",\"contentUrl\":\"https:\/\/ilcrogiuolo.it\/wp-content\/uploads\/2020\/04\/logo.png\",\"width\":200,\"height\":49,\"caption\":\"Il Crogiuolo\"},\"image\":{\"@id\":\"https:\/\/ilcrogiuolo.it\/it\/#\/schema\/logo\/image\/\"},\"sameAs\":[\"https:\/\/www.facebook.com\/Il-Crogiuolo-681876418491758\"]}]}<\/script>\n<!-- \/ Yoast SEO plugin. -->","yoast_head_json":{"title":"IL SEGRETO DELLA QUIMBANDA - PAGINE 254 - formato Extralusso - Il Crogiuolo","description":"IL SEGRETO DELLA QUIMBANDA - PAGINE 254 - formato Extralusso Un libro sulla Quimbanda? Ne sono stati scritti tanti: tanto se ne parla quanto se ne tace. Ex\u00f9, il tanto misinterpretato signore dei crocicchi, castigato","robots":{"index":"index","follow":"follow","max-snippet":"max-snippet:-1","max-image-preview":"max-image-preview:large","max-video-preview":"max-video-preview:-1"},"canonical":"https:\/\/ilcrogiuolo.it\/it\/p\/il-segreto-della-quimbanda-pagine-254-formato-extralusso\/","og_locale":"it_IT","og_type":"article","og_title":"IL SEGRETO DELLA QUIMBANDA - PAGINE 254 - formato Extralusso - Il Crogiuolo","og_description":"IL SEGRETO DELLA QUIMBANDA - PAGINE 254 - formato Extralusso Un libro sulla Quimbanda? Ne sono stati scritti tanti: tanto se ne parla quanto se ne tace. Ex\u00f9, il tanto misinterpretato signore dei crocicchi, castigato","og_url":"https:\/\/ilcrogiuolo.it\/it\/p\/il-segreto-della-quimbanda-pagine-254-formato-extralusso\/","og_site_name":"Il Crogiuolo","article_publisher":"https:\/\/www.facebook.com\/Il-Crogiuolo-681876418491758","article_modified_time":"2020-02-18T14:12:08+00:00","og_image":[{"width":627,"height":660,"url":"https:\/\/ilcrogiuolo.it\/wp-content\/uploads\/2020\/01\/quimbanda.jpg","type":"image\/jpeg"}],"twitter_card":"summary_large_image","twitter_misc":{"Tempo di lettura stimato":"1 minuto"},"schema":{"@context":"https:\/\/schema.org","@graph":[{"@type":"WebPage","@id":"https:\/\/ilcrogiuolo.it\/it\/p\/il-segreto-della-quimbanda-pagine-254-formato-extralusso\/","url":"https:\/\/ilcrogiuolo.it\/it\/p\/il-segreto-della-quimbanda-pagine-254-formato-extralusso\/","name":"IL SEGRETO DELLA QUIMBANDA - PAGINE 254 - formato Extralusso - Il Crogiuolo","isPartOf":{"@id":"https:\/\/ilcrogiuolo.it\/it\/#website"},"primaryImageOfPage":{"@id":"https:\/\/ilcrogiuolo.it\/it\/p\/il-segreto-della-quimbanda-pagine-254-formato-extralusso\/#primaryimage"},"image":{"@id":"https:\/\/ilcrogiuolo.it\/it\/p\/il-segreto-della-quimbanda-pagine-254-formato-extralusso\/#primaryimage"},"thumbnailUrl":"https:\/\/ilcrogiuolo.it\/wp-content\/uploads\/2020\/01\/quimbanda.jpg","datePublished":"2020-01-14T16:05:47+00:00","dateModified":"2020-02-18T14:12:08+00:00","description":"IL SEGRETO DELLA QUIMBANDA - PAGINE 254 - formato Extralusso Un libro sulla Quimbanda? Ne sono stati scritti tanti: tanto se ne parla quanto se ne tace. Ex\u00f9, il tanto misinterpretato signore dei crocicchi, castigato","breadcrumb":{"@id":"https:\/\/ilcrogiuolo.it\/it\/p\/il-segreto-della-quimbanda-pagine-254-formato-extralusso\/#breadcrumb"},"inLanguage":"it-IT","potentialAction":[{"@type":"ReadAction","target":["https:\/\/ilcrogiuolo.it\/it\/p\/il-segreto-della-quimbanda-pagine-254-formato-extralusso\/"]}]},{"@type":"ImageObject","inLanguage":"it-IT","@id":"https:\/\/ilcrogiuolo.it\/it\/p\/il-segreto-della-quimbanda-pagine-254-formato-extralusso\/#primaryimage","url":"https:\/\/ilcrogiuolo.it\/wp-content\/uploads\/2020\/01\/quimbanda.jpg","contentUrl":"https:\/\/ilcrogiuolo.it\/wp-content\/uploads\/2020\/01\/quimbanda.jpg","width":627,"height":660},{"@type":"BreadcrumbList","@id":"https:\/\/ilcrogiuolo.it\/it\/p\/il-segreto-della-quimbanda-pagine-254-formato-extralusso\/#breadcrumb","itemListElement":[{"@type":"ListItem","position":1,"name":"Home","item":"https:\/\/ilcrogiuolo.it\/it\/"},{"@type":"ListItem","position":2,"name":"Shop","item":"https:\/\/ilcrogiuolo.it\/it\/negozio\/"},{"@type":"ListItem","position":3,"name":"IL SEGRETO DELLA QUIMBANDA &#8211; PAGINE 254 &#8211; formato Extralusso"}]},{"@type":"WebSite","@id":"https:\/\/ilcrogiuolo.it\/it\/#website","url":"https:\/\/ilcrogiuolo.it\/it\/","name":"Il Crogiuolo","description":"","publisher":{"@id":"https:\/\/ilcrogiuolo.it\/it\/#organization"},"potentialAction":[{"@type":"SearchAction","target":{"@type":"EntryPoint","urlTemplate":"https:\/\/ilcrogiuolo.it\/it\/?s={search_term_string}"},"query-input":{"@type":"PropertyValueSpecification","valueRequired":true,"valueName":"search_term_string"}}],"inLanguage":"it-IT"},{"@type":"Organization","@id":"https:\/\/ilcrogiuolo.it\/it\/#organization","name":"Il Crogiuolo","url":"https:\/\/ilcrogiuolo.it\/it\/","logo":{"@type":"ImageObject","inLanguage":"it-IT","@id":"https:\/\/ilcrogiuolo.it\/it\/#\/schema\/logo\/image\/","url":"https:\/\/ilcrogiuolo.it\/wp-content\/uploads\/2020\/04\/logo.png","contentUrl":"https:\/\/ilcrogiuolo.it\/wp-content\/uploads\/2020\/04\/logo.png","width":200,"height":49,"caption":"Il Crogiuolo"},"image":{"@id":"https:\/\/ilcrogiuolo.it\/it\/#\/schema\/logo\/image\/"},"sameAs":["https:\/\/www.facebook.com\/Il-Crogiuolo-681876418491758"]}]}},"_links":{"self":[{"href":"https:\/\/ilcrogiuolo.it\/it\/wp-json\/wp\/v2\/product\/3015","targetHints":{"allow":["GET"]}}],"collection":[{"href":"https:\/\/ilcrogiuolo.it\/it\/wp-json\/wp\/v2\/product"}],"about":[{"href":"https:\/\/ilcrogiuolo.it\/it\/wp-json\/wp\/v2\/types\/product"}],"wp:featuredmedia":[{"embeddable":true,"href":"https:\/\/ilcrogiuolo.it\/it\/wp-json\/wp\/v2\/media\/19648"}],"wp:attachment":[{"href":"https:\/\/ilcrogiuolo.it\/it\/wp-json\/wp\/v2\/media?parent=3015"}],"wp:term":[{"taxonomy":"product_brand","embeddable":true,"href":"https:\/\/ilcrogiuolo.it\/it\/wp-json\/wp\/v2\/product_brand?post=3015"},{"taxonomy":"product_cat","embeddable":true,"href":"https:\/\/ilcrogiuolo.it\/it\/wp-json\/wp\/v2\/product_cat?post=3015"},{"taxonomy":"product_tag","embeddable":true,"href":"https:\/\/ilcrogiuolo.it\/it\/wp-json\/wp\/v2\/product_tag?post=3015"}],"curies":[{"name":"wp","href":"https:\/\/api.w.org\/{rel}","templated":true}]}}