{"id":3012,"date":"2020-01-14T17:05:47","date_gmt":"2020-01-14T16:05:47","guid":{"rendered":"https:\/\/ilcrogiuolo.it\/p\/grande-rituale-della-candelora-brasiliana\/"},"modified":"2020-12-04T16:06:31","modified_gmt":"2020-12-04T15:06:31","slug":"grande-rituale-della-candelora-brasiliana","status":"publish","type":"product","link":"https:\/\/ilcrogiuolo.it\/it\/p\/grande-rituale-della-candelora-brasiliana\/","title":{"rendered":"GRANDE RITUALE DELLA CANDELORA BRASILIANA"},"content":{"rendered":"<p>Il Crogiuolo\u00ae \u00e8 lieto di informarVi che \u00e8 gi\u00e0 disponibile il famoso Rituale degli Orix\u00e0s (Candelora Brasiliana) in un\u2019edizione rinnovata, mantenendo inalterato il suo mistero ma arricchendolo di una nuova veste grafica e di informazioni accurate circa la sua storia ed il suo antico significato. Questo rituale, preparato secondo la tradizione umbandista, si tramanda che propizi l\u2019abbondanza, la serenit\u00e0, la pace; viene consacrato e personalizzato,<br \/>\nper ottenere ottimale efficacia: dovrete quindi inviare i Vostri dati o quelli del Vostro cliente. Essendo esclusivo, data la sua particolare preparazione \u00e8 disponibile per un periodo limitato, Vi preghiamo di prenotarlo anticipatamente, comunicando anche i dati personali (nome e cognome e data di nascita).<br \/>\nIl Crogiuolo\u00ae Vi propone questa meravigliosa pratica con tutto il materiale originale per svolgerla secondo i pi\u00f9 rigorosi precetti e per commemorare in modo pi\u00f9 completo la Signora del Mare allega alla pratica tradizionale una bellissima incisione che reca simboli esoterici associati a questo Orix\u00e0.<\/p>\n<p>Oltre alla piastra troverete un testo che illustra l\u2019importanza di questa festivit\u00e0, la sua storia, le sue origini misteriose.<br \/>\nIl Rituale della Candelora \u00e8 di semplice e facile esecuzione, e andrebbe preferibilmente eseguito, secondo la tradizione, il primo giorno di febbraio, 10 minuti prima delle ore 24 (mezzanotte).<\/p>\n","protected":false},"excerpt":{"rendered":"<p>Il Crogiuolo\u00ae \u00e8 lieto di informarVi che \u00e8 gi\u00e0 disponibile il famoso Rituale degli Orix\u00e0s (Candelora Brasiliana) in un\u2019edizione rinnovata,&#8230;<\/p>\n","protected":false},"featured_media":3013,"template":"","meta":{"_acf_changed":false},"product_brand":[],"product_cat":[1079,1059,1305],"product_tag":[],"class_list":{"0":"post-3012","1":"product","2":"type-product","3":"status-publish","4":"has-post-thumbnail","6":"product_cat-rituali-afrobrasiliani-santeria","7":"product_cat-articoli-esoterici","8":"product_cat-celebrazioni-annuali","10":"first","11":"instock","12":"taxable","13":"shipping-taxable","14":"purchasable","15":"product-type-simple","16":"add-to-wishlist-before_image"},"acf":[],"yoast_head":"<!-- This site is optimized with the Yoast SEO plugin v26.9 - https:\/\/yoast.com\/product\/yoast-seo-wordpress\/ -->\n<title>GRANDE RITUALE DELLA CANDELORA BRASILIANA - Il Crogiuolo<\/title>\n<meta name=\"description\" content=\"GRANDE RITUALE DELLA CANDELORA BRASILIANA Il Crogiuolo\u00ae \u00e8 lieto di informarVi che \u00e8 gi\u00e0 disponibile il famoso Rituale degli Orix\u00e0s (Candelora Brasiliana) in un\u2019edizione rinnovata, mantenendo\" \/>\n<meta name=\"robots\" content=\"index, follow, max-snippet:-1, max-image-preview:large, max-video-preview:-1\" \/>\n<link rel=\"canonical\" href=\"https:\/\/ilcrogiuolo.it\/it\/p\/grande-rituale-della-candelora-brasiliana\/\" \/>\n<meta property=\"og:locale\" content=\"it_IT\" \/>\n<meta property=\"og:type\" content=\"article\" \/>\n<meta property=\"og:title\" content=\"GRANDE RITUALE DELLA CANDELORA BRASILIANA - Il Crogiuolo\" \/>\n<meta property=\"og:description\" content=\"GRANDE RITUALE DELLA CANDELORA BRASILIANA Il Crogiuolo\u00ae \u00e8 lieto di informarVi che \u00e8 gi\u00e0 disponibile il famoso Rituale degli Orix\u00e0s (Candelora Brasiliana) in un\u2019edizione rinnovata, mantenendo\" \/>\n<meta property=\"og:url\" content=\"https:\/\/ilcrogiuolo.it\/it\/p\/grande-rituale-della-candelora-brasiliana\/\" \/>\n<meta property=\"og:site_name\" content=\"Il Crogiuolo\" \/>\n<meta property=\"article:publisher\" content=\"https:\/\/www.facebook.com\/Il-Crogiuolo-681876418491758\" \/>\n<meta property=\"article:modified_time\" content=\"2020-12-04T15:06:31+00:00\" \/>\n<meta property=\"og:image\" content=\"https:\/\/ilcrogiuolo.it\/wp-content\/uploads\/2020\/01\/ritualecandelora_4287426.jpg\" \/>\n\t<meta property=\"og:image:width\" content=\"627\" \/>\n\t<meta property=\"og:image:height\" content=\"600\" \/>\n\t<meta property=\"og:image:type\" content=\"image\/jpeg\" \/>\n<meta name=\"twitter:card\" content=\"summary_large_image\" \/>\n<meta name=\"twitter:label1\" content=\"Tempo di lettura stimato\" \/>\n\t<meta name=\"twitter:data1\" content=\"1 minuto\" \/>\n<script type=\"application\/ld+json\" class=\"yoast-schema-graph\">{\"@context\":\"https:\/\/schema.org\",\"@graph\":[{\"@type\":\"WebPage\",\"@id\":\"https:\/\/ilcrogiuolo.it\/it\/p\/grande-rituale-della-candelora-brasiliana\/\",\"url\":\"https:\/\/ilcrogiuolo.it\/it\/p\/grande-rituale-della-candelora-brasiliana\/\",\"name\":\"GRANDE RITUALE DELLA CANDELORA BRASILIANA - Il Crogiuolo\",\"isPartOf\":{\"@id\":\"https:\/\/ilcrogiuolo.it\/it\/#website\"},\"primaryImageOfPage\":{\"@id\":\"https:\/\/ilcrogiuolo.it\/it\/p\/grande-rituale-della-candelora-brasiliana\/#primaryimage\"},\"image\":{\"@id\":\"https:\/\/ilcrogiuolo.it\/it\/p\/grande-rituale-della-candelora-brasiliana\/#primaryimage\"},\"thumbnailUrl\":\"https:\/\/ilcrogiuolo.it\/wp-content\/uploads\/2020\/01\/ritualecandelora_4287426.jpg\",\"datePublished\":\"2020-01-14T16:05:47+00:00\",\"dateModified\":\"2020-12-04T15:06:31+00:00\",\"description\":\"GRANDE RITUALE DELLA CANDELORA BRASILIANA Il Crogiuolo\u00ae \u00e8 lieto di informarVi che \u00e8 gi\u00e0 disponibile il famoso Rituale degli Orix\u00e0s (Candelora Brasiliana) in un\u2019edizione rinnovata, mantenendo\",\"breadcrumb\":{\"@id\":\"https:\/\/ilcrogiuolo.it\/it\/p\/grande-rituale-della-candelora-brasiliana\/#breadcrumb\"},\"inLanguage\":\"it-IT\",\"potentialAction\":[{\"@type\":\"ReadAction\",\"target\":[\"https:\/\/ilcrogiuolo.it\/it\/p\/grande-rituale-della-candelora-brasiliana\/\"]}]},{\"@type\":\"ImageObject\",\"inLanguage\":\"it-IT\",\"@id\":\"https:\/\/ilcrogiuolo.it\/it\/p\/grande-rituale-della-candelora-brasiliana\/#primaryimage\",\"url\":\"https:\/\/ilcrogiuolo.it\/wp-content\/uploads\/2020\/01\/ritualecandelora_4287426.jpg\",\"contentUrl\":\"https:\/\/ilcrogiuolo.it\/wp-content\/uploads\/2020\/01\/ritualecandelora_4287426.jpg\",\"width\":627,\"height\":600},{\"@type\":\"BreadcrumbList\",\"@id\":\"https:\/\/ilcrogiuolo.it\/it\/p\/grande-rituale-della-candelora-brasiliana\/#breadcrumb\",\"itemListElement\":[{\"@type\":\"ListItem\",\"position\":1,\"name\":\"Home\",\"item\":\"https:\/\/ilcrogiuolo.it\/it\/\"},{\"@type\":\"ListItem\",\"position\":2,\"name\":\"Shop\",\"item\":\"https:\/\/ilcrogiuolo.it\/it\/negozio\/\"},{\"@type\":\"ListItem\",\"position\":3,\"name\":\"GRANDE RITUALE DELLA CANDELORA BRASILIANA\"}]},{\"@type\":\"WebSite\",\"@id\":\"https:\/\/ilcrogiuolo.it\/it\/#website\",\"url\":\"https:\/\/ilcrogiuolo.it\/it\/\",\"name\":\"Il Crogiuolo\",\"description\":\"\",\"publisher\":{\"@id\":\"https:\/\/ilcrogiuolo.it\/it\/#organization\"},\"potentialAction\":[{\"@type\":\"SearchAction\",\"target\":{\"@type\":\"EntryPoint\",\"urlTemplate\":\"https:\/\/ilcrogiuolo.it\/it\/?s={search_term_string}\"},\"query-input\":{\"@type\":\"PropertyValueSpecification\",\"valueRequired\":true,\"valueName\":\"search_term_string\"}}],\"inLanguage\":\"it-IT\"},{\"@type\":\"Organization\",\"@id\":\"https:\/\/ilcrogiuolo.it\/it\/#organization\",\"name\":\"Il Crogiuolo\",\"url\":\"https:\/\/ilcrogiuolo.it\/it\/\",\"logo\":{\"@type\":\"ImageObject\",\"inLanguage\":\"it-IT\",\"@id\":\"https:\/\/ilcrogiuolo.it\/it\/#\/schema\/logo\/image\/\",\"url\":\"https:\/\/ilcrogiuolo.it\/wp-content\/uploads\/2020\/04\/logo.png\",\"contentUrl\":\"https:\/\/ilcrogiuolo.it\/wp-content\/uploads\/2020\/04\/logo.png\",\"width\":200,\"height\":49,\"caption\":\"Il Crogiuolo\"},\"image\":{\"@id\":\"https:\/\/ilcrogiuolo.it\/it\/#\/schema\/logo\/image\/\"},\"sameAs\":[\"https:\/\/www.facebook.com\/Il-Crogiuolo-681876418491758\"]}]}<\/script>\n<!-- \/ Yoast SEO plugin. -->","yoast_head_json":{"title":"GRANDE RITUALE DELLA CANDELORA BRASILIANA - Il Crogiuolo","description":"GRANDE RITUALE DELLA CANDELORA BRASILIANA Il Crogiuolo\u00ae \u00e8 lieto di informarVi che \u00e8 gi\u00e0 disponibile il famoso Rituale degli Orix\u00e0s (Candelora Brasiliana) in un\u2019edizione rinnovata, mantenendo","robots":{"index":"index","follow":"follow","max-snippet":"max-snippet:-1","max-image-preview":"max-image-preview:large","max-video-preview":"max-video-preview:-1"},"canonical":"https:\/\/ilcrogiuolo.it\/it\/p\/grande-rituale-della-candelora-brasiliana\/","og_locale":"it_IT","og_type":"article","og_title":"GRANDE RITUALE DELLA CANDELORA BRASILIANA - Il Crogiuolo","og_description":"GRANDE RITUALE DELLA CANDELORA BRASILIANA Il Crogiuolo\u00ae \u00e8 lieto di informarVi che \u00e8 gi\u00e0 disponibile il famoso Rituale degli Orix\u00e0s (Candelora Brasiliana) in un\u2019edizione rinnovata, mantenendo","og_url":"https:\/\/ilcrogiuolo.it\/it\/p\/grande-rituale-della-candelora-brasiliana\/","og_site_name":"Il Crogiuolo","article_publisher":"https:\/\/www.facebook.com\/Il-Crogiuolo-681876418491758","article_modified_time":"2020-12-04T15:06:31+00:00","og_image":[{"width":627,"height":600,"url":"https:\/\/ilcrogiuolo.it\/wp-content\/uploads\/2020\/01\/ritualecandelora_4287426.jpg","type":"image\/jpeg"}],"twitter_card":"summary_large_image","twitter_misc":{"Tempo di lettura stimato":"1 minuto"},"schema":{"@context":"https:\/\/schema.org","@graph":[{"@type":"WebPage","@id":"https:\/\/ilcrogiuolo.it\/it\/p\/grande-rituale-della-candelora-brasiliana\/","url":"https:\/\/ilcrogiuolo.it\/it\/p\/grande-rituale-della-candelora-brasiliana\/","name":"GRANDE RITUALE DELLA CANDELORA BRASILIANA - Il Crogiuolo","isPartOf":{"@id":"https:\/\/ilcrogiuolo.it\/it\/#website"},"primaryImageOfPage":{"@id":"https:\/\/ilcrogiuolo.it\/it\/p\/grande-rituale-della-candelora-brasiliana\/#primaryimage"},"image":{"@id":"https:\/\/ilcrogiuolo.it\/it\/p\/grande-rituale-della-candelora-brasiliana\/#primaryimage"},"thumbnailUrl":"https:\/\/ilcrogiuolo.it\/wp-content\/uploads\/2020\/01\/ritualecandelora_4287426.jpg","datePublished":"2020-01-14T16:05:47+00:00","dateModified":"2020-12-04T15:06:31+00:00","description":"GRANDE RITUALE DELLA CANDELORA BRASILIANA Il Crogiuolo\u00ae \u00e8 lieto di informarVi che \u00e8 gi\u00e0 disponibile il famoso Rituale degli Orix\u00e0s (Candelora Brasiliana) in un\u2019edizione rinnovata, mantenendo","breadcrumb":{"@id":"https:\/\/ilcrogiuolo.it\/it\/p\/grande-rituale-della-candelora-brasiliana\/#breadcrumb"},"inLanguage":"it-IT","potentialAction":[{"@type":"ReadAction","target":["https:\/\/ilcrogiuolo.it\/it\/p\/grande-rituale-della-candelora-brasiliana\/"]}]},{"@type":"ImageObject","inLanguage":"it-IT","@id":"https:\/\/ilcrogiuolo.it\/it\/p\/grande-rituale-della-candelora-brasiliana\/#primaryimage","url":"https:\/\/ilcrogiuolo.it\/wp-content\/uploads\/2020\/01\/ritualecandelora_4287426.jpg","contentUrl":"https:\/\/ilcrogiuolo.it\/wp-content\/uploads\/2020\/01\/ritualecandelora_4287426.jpg","width":627,"height":600},{"@type":"BreadcrumbList","@id":"https:\/\/ilcrogiuolo.it\/it\/p\/grande-rituale-della-candelora-brasiliana\/#breadcrumb","itemListElement":[{"@type":"ListItem","position":1,"name":"Home","item":"https:\/\/ilcrogiuolo.it\/it\/"},{"@type":"ListItem","position":2,"name":"Shop","item":"https:\/\/ilcrogiuolo.it\/it\/negozio\/"},{"@type":"ListItem","position":3,"name":"GRANDE RITUALE DELLA CANDELORA BRASILIANA"}]},{"@type":"WebSite","@id":"https:\/\/ilcrogiuolo.it\/it\/#website","url":"https:\/\/ilcrogiuolo.it\/it\/","name":"Il Crogiuolo","description":"","publisher":{"@id":"https:\/\/ilcrogiuolo.it\/it\/#organization"},"potentialAction":[{"@type":"SearchAction","target":{"@type":"EntryPoint","urlTemplate":"https:\/\/ilcrogiuolo.it\/it\/?s={search_term_string}"},"query-input":{"@type":"PropertyValueSpecification","valueRequired":true,"valueName":"search_term_string"}}],"inLanguage":"it-IT"},{"@type":"Organization","@id":"https:\/\/ilcrogiuolo.it\/it\/#organization","name":"Il Crogiuolo","url":"https:\/\/ilcrogiuolo.it\/it\/","logo":{"@type":"ImageObject","inLanguage":"it-IT","@id":"https:\/\/ilcrogiuolo.it\/it\/#\/schema\/logo\/image\/","url":"https:\/\/ilcrogiuolo.it\/wp-content\/uploads\/2020\/04\/logo.png","contentUrl":"https:\/\/ilcrogiuolo.it\/wp-content\/uploads\/2020\/04\/logo.png","width":200,"height":49,"caption":"Il Crogiuolo"},"image":{"@id":"https:\/\/ilcrogiuolo.it\/it\/#\/schema\/logo\/image\/"},"sameAs":["https:\/\/www.facebook.com\/Il-Crogiuolo-681876418491758"]}]}},"_links":{"self":[{"href":"https:\/\/ilcrogiuolo.it\/it\/wp-json\/wp\/v2\/product\/3012","targetHints":{"allow":["GET"]}}],"collection":[{"href":"https:\/\/ilcrogiuolo.it\/it\/wp-json\/wp\/v2\/product"}],"about":[{"href":"https:\/\/ilcrogiuolo.it\/it\/wp-json\/wp\/v2\/types\/product"}],"wp:featuredmedia":[{"embeddable":true,"href":"https:\/\/ilcrogiuolo.it\/it\/wp-json\/wp\/v2\/media\/3013"}],"wp:attachment":[{"href":"https:\/\/ilcrogiuolo.it\/it\/wp-json\/wp\/v2\/media?parent=3012"}],"wp:term":[{"taxonomy":"product_brand","embeddable":true,"href":"https:\/\/ilcrogiuolo.it\/it\/wp-json\/wp\/v2\/product_brand?post=3012"},{"taxonomy":"product_cat","embeddable":true,"href":"https:\/\/ilcrogiuolo.it\/it\/wp-json\/wp\/v2\/product_cat?post=3012"},{"taxonomy":"product_tag","embeddable":true,"href":"https:\/\/ilcrogiuolo.it\/it\/wp-json\/wp\/v2\/product_tag?post=3012"}],"curies":[{"name":"wp","href":"https:\/\/api.w.org\/{rel}","templated":true}]}}