{"id":2979,"date":"2020-01-14T17:05:47","date_gmt":"2020-01-14T16:05:47","guid":{"rendered":"https:\/\/ilcrogiuolo.it\/p\/loracolo-di-obori-formato-ebook-pdf\/"},"modified":"2020-02-06T14:39:16","modified_gmt":"2020-02-06T13:39:16","slug":"loracolo-di-obori-formato-ebook-pdf","status":"publish","type":"product","link":"https:\/\/ilcrogiuolo.it\/it\/p\/loracolo-di-obori-formato-ebook-pdf\/","title":{"rendered":"L&#8217;ORACOLO DI OBORI&#8217; &#8211; FORMATO EBOOK &#8211; PDF"},"content":{"rendered":"<p>Obori di Ex\u00f9 Presso gli yoruba della Nigeria esiste un sistema di divinazione basico chiamato Ob\u00ec, si tratta di un oracolo ricavato dall\u2019utilizzo dei semi di una pianta africana, la Cola Acuminata. Gli yoruba consideravano la Cola un albero sacro, simbolo della terra, del cosmo e di Olorun, il Dio Unico. Nella diaspora questo stesso sistema si \u00e8 mantenuto, nello schema e nell\u2019interpretazione delle combinazioni, ma ha modificato lo strumento di base, la noce di cola, sostituendola ora con quattro pezzi di cocco (a Cuba) ora con quattro conchiglie della famiglia della cipraea (talvolta chiamate nkobos). In Brasile questo tipo di divinazione \u00e8 chiamata Obori. Sostanzialmente si tratta di un oracolo geomantico a struttura binaria, la cui utilit\u00e0 all\u2019interno dell\u2019umbanda e delle altre tradizioni afroamericane \u00e8 fondamentale. A differenza del pi\u00f9 complesso Jogo dos Buzios con sedici conchiglie, retaggio esclusivo dell\u2019ordine sacerdotale, l\u2019oracolo delle quattro conchiglie pu\u00f2 essere consultato da chiunque, senza bisogno di essere iniziati e la sua utilit\u00e0 \u00e8 imprescindibile per chiunque voglia consultare i propri Santi o il proprio Ex\u00f9. Secondo la tradizione, infatti, \u00e8 principalmente Ex\u00f9 che risponde (e che viene interrogato) in questo tipo di oracolo, tuttavia pu\u00f2 essere utilizzato anche per consultare gli altri Orix\u00e0s, i Pretos Velhos, i Caboclos e le altre entit\u00e0 cultuate nella diaspora. La finalit\u00e0 di questo oracolo \u00e8 fondamentalmente quella di portare le energie di un individuo in armonia, in vista di un cammino di luce e di uno stato di equilibrio fondamentale al fine di una vita serena e appagante. Nonostante siano presenti combinazioni negative, si potr\u00e0 notare che lo scopo della consultazione di questo oracolo \u00e8 quello di \u201csistemare\u201d le cose. Ogni combinazione, anche la peggiore, offre sempre uno spiraglio, un suggerimento, una possibilit\u00e0 di riscatto attraverso cui lo sciamano pu\u00f2 ricondurre la situazione in stato di ir\u00e8, ossia di buona sorte, di equilibrio. Il segreto di questo oracolo risiede, soprattutto, nelle domande poste, nel modo in cui si devono fare. A giusta domanda si avr\u00e0 una giusta risposta, in grado di svelare l\u2019arcano e di portare il consultante sulla strada della riuscita e del progresso. Possiamo in un certo senso dire che il procedimento oracolare supera il mero svelare un segreto, non si limita a rispondere alla domanda, ma offre la possibilit\u00e0 di individuarne la soluzione, attraverso ulteriori lanci delle conchiglie, in una sorta di processo di \u201ccontrattazione\u201d con l\u2019entit\u00e0 consultata. Tutto \u00e8 energia, tutto \u00e8 vibrazione, anche uno stato di sofferenza ha un suo peso energetico che pu\u00f2 essere alleggerito o addirittura anato mediante l\u2019utilizzo di energie si segno opposto, tramite pratiche spirituali, comportamenti o l\u2019utilizzo di strumenti quali offerte particolari che vibrano di un\u2019energia appropriata al fine che si vuole ottenere. L\u2019oracolo delle quattro conchiglie \u00e8 un oracolo vivo, un dialogo con una guida spirituale che fondamentalmente vuole venire in nostro aiuto. E\u2019 un oracolo fondamentalmente sciamanico, dal momento che pur avendo uno schema fisso di base nelle combinazioni, nasce in un\u2019ottica di continua evoluzione. Non esiste mai una consultazione uguale ad un\u2019altra, un rituale fisso: gli eb\u00f2, ossia le offerte, cambiano di volta in volta, star\u00e0 al divinatore contrattare con l\u2019entit\u00e0 il tipo di offerta da fare, in base al tipo di entit\u00e0 con cui si ha a che fare. Il procedimento di consultazione \u00e8 semplice, quasi banale nella sua linearit\u00e0, eppure offre spunti di riflessione profondi e a volte complessi, come del resto lo \u00e8 l\u2019animo umano, in un\u2019ottica di conoscenza profonda del proprio s\u00e8 memore del consiglio inciso su una tavola di marmo alla porta del tempio del dio Apollo, a Delfi: gnozi s\u2019autou, ossia conosci te stesso, l\u00ec sta il segreto.<\/p>\n","protected":false},"excerpt":{"rendered":"<p>Obori di Ex\u00f9 Presso gli yoruba della Nigeria esiste un sistema di divinazione basico chiamato Ob\u00ec, si tratta di un&#8230;<\/p>\n","protected":false},"featured_media":2980,"template":"","meta":{"_acf_changed":false},"product_brand":[],"product_cat":[1091,1350,1060],"product_tag":[],"class_list":{"0":"post-2979","1":"product","2":"type-product","3":"status-publish","4":"has-post-thumbnail","6":"product_cat-libreria-esoterica-ebook","7":"product_cat-e-book","8":"product_cat-libreria-esoterica","10":"first","11":"instock","12":"downloadable","13":"virtual","14":"taxable","15":"purchasable","16":"product-type-simple","17":"add-to-wishlist-before_image"},"acf":[],"yoast_head":"<!-- This site is optimized with the Yoast SEO plugin v26.9 - https:\/\/yoast.com\/product\/yoast-seo-wordpress\/ -->\n<title>L&#039;ORACOLO DI OBORI&#039; - FORMATO EBOOK - PDF - Il Crogiuolo<\/title>\n<meta name=\"description\" content=\"L&#039;ORACOLO DI OBORI&#039; - FORMATO EBOOK - PDF Obori di Ex\u00f9 Presso gli yoruba della Nigeria esiste un sistema di divinazione basico chiamato Ob\u00ec, si tratta di un oracolo ricavato dall\u2019utilizzo dei semi\" \/>\n<meta name=\"robots\" content=\"index, follow, max-snippet:-1, max-image-preview:large, max-video-preview:-1\" \/>\n<link rel=\"canonical\" href=\"https:\/\/ilcrogiuolo.it\/it\/p\/loracolo-di-obori-formato-ebook-pdf\/\" \/>\n<meta property=\"og:locale\" content=\"it_IT\" \/>\n<meta property=\"og:type\" content=\"article\" \/>\n<meta property=\"og:title\" content=\"L&#039;ORACOLO DI OBORI&#039; - FORMATO EBOOK - PDF - Il Crogiuolo\" \/>\n<meta property=\"og:description\" content=\"L&#039;ORACOLO DI OBORI&#039; - FORMATO EBOOK - PDF Obori di Ex\u00f9 Presso gli yoruba della Nigeria esiste un sistema di divinazione basico chiamato Ob\u00ec, si tratta di un oracolo ricavato dall\u2019utilizzo dei semi\" \/>\n<meta property=\"og:url\" content=\"https:\/\/ilcrogiuolo.it\/it\/p\/loracolo-di-obori-formato-ebook-pdf\/\" \/>\n<meta property=\"og:site_name\" content=\"Il Crogiuolo\" \/>\n<meta property=\"article:publisher\" content=\"https:\/\/www.facebook.com\/Il-Crogiuolo-681876418491758\" \/>\n<meta property=\"article:modified_time\" content=\"2020-02-06T13:39:16+00:00\" \/>\n<meta property=\"og:image\" content=\"https:\/\/ilcrogiuolo.it\/wp-content\/uploads\/2020\/01\/oracoloobori_6527128.jpg\" \/>\n\t<meta property=\"og:image:width\" content=\"627\" \/>\n\t<meta property=\"og:image:height\" content=\"600\" \/>\n\t<meta property=\"og:image:type\" content=\"image\/jpeg\" \/>\n<meta name=\"twitter:card\" content=\"summary_large_image\" \/>\n<meta name=\"twitter:label1\" content=\"Tempo di lettura stimato\" \/>\n\t<meta name=\"twitter:data1\" content=\"3 minuti\" \/>\n<script type=\"application\/ld+json\" class=\"yoast-schema-graph\">{\"@context\":\"https:\/\/schema.org\",\"@graph\":[{\"@type\":\"WebPage\",\"@id\":\"https:\/\/ilcrogiuolo.it\/it\/p\/loracolo-di-obori-formato-ebook-pdf\/\",\"url\":\"https:\/\/ilcrogiuolo.it\/it\/p\/loracolo-di-obori-formato-ebook-pdf\/\",\"name\":\"L'ORACOLO DI OBORI' - FORMATO EBOOK - PDF - Il Crogiuolo\",\"isPartOf\":{\"@id\":\"https:\/\/ilcrogiuolo.it\/it\/#website\"},\"primaryImageOfPage\":{\"@id\":\"https:\/\/ilcrogiuolo.it\/it\/p\/loracolo-di-obori-formato-ebook-pdf\/#primaryimage\"},\"image\":{\"@id\":\"https:\/\/ilcrogiuolo.it\/it\/p\/loracolo-di-obori-formato-ebook-pdf\/#primaryimage\"},\"thumbnailUrl\":\"https:\/\/ilcrogiuolo.it\/wp-content\/uploads\/2020\/01\/oracoloobori_6527128.jpg\",\"datePublished\":\"2020-01-14T16:05:47+00:00\",\"dateModified\":\"2020-02-06T13:39:16+00:00\",\"description\":\"L'ORACOLO DI OBORI' - FORMATO EBOOK - PDF Obori di Ex\u00f9 Presso gli yoruba della Nigeria esiste un sistema di divinazione basico chiamato Ob\u00ec, si tratta di un oracolo ricavato dall\u2019utilizzo dei semi\",\"breadcrumb\":{\"@id\":\"https:\/\/ilcrogiuolo.it\/it\/p\/loracolo-di-obori-formato-ebook-pdf\/#breadcrumb\"},\"inLanguage\":\"it-IT\",\"potentialAction\":[{\"@type\":\"ReadAction\",\"target\":[\"https:\/\/ilcrogiuolo.it\/it\/p\/loracolo-di-obori-formato-ebook-pdf\/\"]}]},{\"@type\":\"ImageObject\",\"inLanguage\":\"it-IT\",\"@id\":\"https:\/\/ilcrogiuolo.it\/it\/p\/loracolo-di-obori-formato-ebook-pdf\/#primaryimage\",\"url\":\"https:\/\/ilcrogiuolo.it\/wp-content\/uploads\/2020\/01\/oracoloobori_6527128.jpg\",\"contentUrl\":\"https:\/\/ilcrogiuolo.it\/wp-content\/uploads\/2020\/01\/oracoloobori_6527128.jpg\",\"width\":627,\"height\":600},{\"@type\":\"BreadcrumbList\",\"@id\":\"https:\/\/ilcrogiuolo.it\/it\/p\/loracolo-di-obori-formato-ebook-pdf\/#breadcrumb\",\"itemListElement\":[{\"@type\":\"ListItem\",\"position\":1,\"name\":\"Home\",\"item\":\"https:\/\/ilcrogiuolo.it\/it\/\"},{\"@type\":\"ListItem\",\"position\":2,\"name\":\"Shop\",\"item\":\"https:\/\/ilcrogiuolo.it\/it\/negozio\/\"},{\"@type\":\"ListItem\",\"position\":3,\"name\":\"L&#8217;ORACOLO DI OBORI&#8217; &#8211; FORMATO EBOOK &#8211; PDF\"}]},{\"@type\":\"WebSite\",\"@id\":\"https:\/\/ilcrogiuolo.it\/it\/#website\",\"url\":\"https:\/\/ilcrogiuolo.it\/it\/\",\"name\":\"Il Crogiuolo\",\"description\":\"\",\"publisher\":{\"@id\":\"https:\/\/ilcrogiuolo.it\/it\/#organization\"},\"potentialAction\":[{\"@type\":\"SearchAction\",\"target\":{\"@type\":\"EntryPoint\",\"urlTemplate\":\"https:\/\/ilcrogiuolo.it\/it\/?s={search_term_string}\"},\"query-input\":{\"@type\":\"PropertyValueSpecification\",\"valueRequired\":true,\"valueName\":\"search_term_string\"}}],\"inLanguage\":\"it-IT\"},{\"@type\":\"Organization\",\"@id\":\"https:\/\/ilcrogiuolo.it\/it\/#organization\",\"name\":\"Il Crogiuolo\",\"url\":\"https:\/\/ilcrogiuolo.it\/it\/\",\"logo\":{\"@type\":\"ImageObject\",\"inLanguage\":\"it-IT\",\"@id\":\"https:\/\/ilcrogiuolo.it\/it\/#\/schema\/logo\/image\/\",\"url\":\"https:\/\/ilcrogiuolo.it\/wp-content\/uploads\/2020\/04\/logo.png\",\"contentUrl\":\"https:\/\/ilcrogiuolo.it\/wp-content\/uploads\/2020\/04\/logo.png\",\"width\":200,\"height\":49,\"caption\":\"Il Crogiuolo\"},\"image\":{\"@id\":\"https:\/\/ilcrogiuolo.it\/it\/#\/schema\/logo\/image\/\"},\"sameAs\":[\"https:\/\/www.facebook.com\/Il-Crogiuolo-681876418491758\"]}]}<\/script>\n<!-- \/ Yoast SEO plugin. -->","yoast_head_json":{"title":"L'ORACOLO DI OBORI' - FORMATO EBOOK - PDF - Il Crogiuolo","description":"L'ORACOLO DI OBORI' - FORMATO EBOOK - PDF Obori di Ex\u00f9 Presso gli yoruba della Nigeria esiste un sistema di divinazione basico chiamato Ob\u00ec, si tratta di un oracolo ricavato dall\u2019utilizzo dei semi","robots":{"index":"index","follow":"follow","max-snippet":"max-snippet:-1","max-image-preview":"max-image-preview:large","max-video-preview":"max-video-preview:-1"},"canonical":"https:\/\/ilcrogiuolo.it\/it\/p\/loracolo-di-obori-formato-ebook-pdf\/","og_locale":"it_IT","og_type":"article","og_title":"L'ORACOLO DI OBORI' - FORMATO EBOOK - PDF - Il Crogiuolo","og_description":"L'ORACOLO DI OBORI' - FORMATO EBOOK - PDF Obori di Ex\u00f9 Presso gli yoruba della Nigeria esiste un sistema di divinazione basico chiamato Ob\u00ec, si tratta di un oracolo ricavato dall\u2019utilizzo dei semi","og_url":"https:\/\/ilcrogiuolo.it\/it\/p\/loracolo-di-obori-formato-ebook-pdf\/","og_site_name":"Il Crogiuolo","article_publisher":"https:\/\/www.facebook.com\/Il-Crogiuolo-681876418491758","article_modified_time":"2020-02-06T13:39:16+00:00","og_image":[{"width":627,"height":600,"url":"https:\/\/ilcrogiuolo.it\/wp-content\/uploads\/2020\/01\/oracoloobori_6527128.jpg","type":"image\/jpeg"}],"twitter_card":"summary_large_image","twitter_misc":{"Tempo di lettura stimato":"3 minuti"},"schema":{"@context":"https:\/\/schema.org","@graph":[{"@type":"WebPage","@id":"https:\/\/ilcrogiuolo.it\/it\/p\/loracolo-di-obori-formato-ebook-pdf\/","url":"https:\/\/ilcrogiuolo.it\/it\/p\/loracolo-di-obori-formato-ebook-pdf\/","name":"L'ORACOLO DI OBORI' - FORMATO EBOOK - PDF - Il Crogiuolo","isPartOf":{"@id":"https:\/\/ilcrogiuolo.it\/it\/#website"},"primaryImageOfPage":{"@id":"https:\/\/ilcrogiuolo.it\/it\/p\/loracolo-di-obori-formato-ebook-pdf\/#primaryimage"},"image":{"@id":"https:\/\/ilcrogiuolo.it\/it\/p\/loracolo-di-obori-formato-ebook-pdf\/#primaryimage"},"thumbnailUrl":"https:\/\/ilcrogiuolo.it\/wp-content\/uploads\/2020\/01\/oracoloobori_6527128.jpg","datePublished":"2020-01-14T16:05:47+00:00","dateModified":"2020-02-06T13:39:16+00:00","description":"L'ORACOLO DI OBORI' - FORMATO EBOOK - PDF Obori di Ex\u00f9 Presso gli yoruba della Nigeria esiste un sistema di divinazione basico chiamato Ob\u00ec, si tratta di un oracolo ricavato dall\u2019utilizzo dei semi","breadcrumb":{"@id":"https:\/\/ilcrogiuolo.it\/it\/p\/loracolo-di-obori-formato-ebook-pdf\/#breadcrumb"},"inLanguage":"it-IT","potentialAction":[{"@type":"ReadAction","target":["https:\/\/ilcrogiuolo.it\/it\/p\/loracolo-di-obori-formato-ebook-pdf\/"]}]},{"@type":"ImageObject","inLanguage":"it-IT","@id":"https:\/\/ilcrogiuolo.it\/it\/p\/loracolo-di-obori-formato-ebook-pdf\/#primaryimage","url":"https:\/\/ilcrogiuolo.it\/wp-content\/uploads\/2020\/01\/oracoloobori_6527128.jpg","contentUrl":"https:\/\/ilcrogiuolo.it\/wp-content\/uploads\/2020\/01\/oracoloobori_6527128.jpg","width":627,"height":600},{"@type":"BreadcrumbList","@id":"https:\/\/ilcrogiuolo.it\/it\/p\/loracolo-di-obori-formato-ebook-pdf\/#breadcrumb","itemListElement":[{"@type":"ListItem","position":1,"name":"Home","item":"https:\/\/ilcrogiuolo.it\/it\/"},{"@type":"ListItem","position":2,"name":"Shop","item":"https:\/\/ilcrogiuolo.it\/it\/negozio\/"},{"@type":"ListItem","position":3,"name":"L&#8217;ORACOLO DI OBORI&#8217; &#8211; FORMATO EBOOK &#8211; PDF"}]},{"@type":"WebSite","@id":"https:\/\/ilcrogiuolo.it\/it\/#website","url":"https:\/\/ilcrogiuolo.it\/it\/","name":"Il Crogiuolo","description":"","publisher":{"@id":"https:\/\/ilcrogiuolo.it\/it\/#organization"},"potentialAction":[{"@type":"SearchAction","target":{"@type":"EntryPoint","urlTemplate":"https:\/\/ilcrogiuolo.it\/it\/?s={search_term_string}"},"query-input":{"@type":"PropertyValueSpecification","valueRequired":true,"valueName":"search_term_string"}}],"inLanguage":"it-IT"},{"@type":"Organization","@id":"https:\/\/ilcrogiuolo.it\/it\/#organization","name":"Il Crogiuolo","url":"https:\/\/ilcrogiuolo.it\/it\/","logo":{"@type":"ImageObject","inLanguage":"it-IT","@id":"https:\/\/ilcrogiuolo.it\/it\/#\/schema\/logo\/image\/","url":"https:\/\/ilcrogiuolo.it\/wp-content\/uploads\/2020\/04\/logo.png","contentUrl":"https:\/\/ilcrogiuolo.it\/wp-content\/uploads\/2020\/04\/logo.png","width":200,"height":49,"caption":"Il Crogiuolo"},"image":{"@id":"https:\/\/ilcrogiuolo.it\/it\/#\/schema\/logo\/image\/"},"sameAs":["https:\/\/www.facebook.com\/Il-Crogiuolo-681876418491758"]}]}},"_links":{"self":[{"href":"https:\/\/ilcrogiuolo.it\/it\/wp-json\/wp\/v2\/product\/2979","targetHints":{"allow":["GET"]}}],"collection":[{"href":"https:\/\/ilcrogiuolo.it\/it\/wp-json\/wp\/v2\/product"}],"about":[{"href":"https:\/\/ilcrogiuolo.it\/it\/wp-json\/wp\/v2\/types\/product"}],"wp:featuredmedia":[{"embeddable":true,"href":"https:\/\/ilcrogiuolo.it\/it\/wp-json\/wp\/v2\/media\/2980"}],"wp:attachment":[{"href":"https:\/\/ilcrogiuolo.it\/it\/wp-json\/wp\/v2\/media?parent=2979"}],"wp:term":[{"taxonomy":"product_brand","embeddable":true,"href":"https:\/\/ilcrogiuolo.it\/it\/wp-json\/wp\/v2\/product_brand?post=2979"},{"taxonomy":"product_cat","embeddable":true,"href":"https:\/\/ilcrogiuolo.it\/it\/wp-json\/wp\/v2\/product_cat?post=2979"},{"taxonomy":"product_tag","embeddable":true,"href":"https:\/\/ilcrogiuolo.it\/it\/wp-json\/wp\/v2\/product_tag?post=2979"}],"curies":[{"name":"wp","href":"https:\/\/api.w.org\/{rel}","templated":true}]}}