{"id":2958,"date":"2020-01-14T17:05:42","date_gmt":"2020-01-14T16:05:42","guid":{"rendered":"https:\/\/ilcrogiuolo.it\/p\/talismano-seme-di-exu-1-pezzo\/"},"modified":"2024-09-26T17:01:48","modified_gmt":"2024-09-26T15:01:48","slug":"talismano-seme-di-exu-1-pezzo","status":"publish","type":"product","link":"https:\/\/ilcrogiuolo.it\/it\/p\/talismano-seme-di-exu-1-pezzo\/","title":{"rendered":"Talismano Seme di Exu (1 pezzo)"},"content":{"rendered":"<p>I talismani sono oggetti a cui la tradizione (per forma, simbologia, materiale) da sempre attribuisce propriet\u00e0 particolari, Il Crogiuolo\u00ae ve li propone come meravigliosi articoli e di seguito seguono le propriet\u00e0 tradizionali attribuite dalla tradizione popolare ed esoterica. La potente energia di Exu aiutera tradizionalmente coloro che hanno problemi di virilit\u00e0, \u00e8 anche di aiuto negli incontri sentimentali\/sessuali. Usato anche per migliorare la propria situazione finanziaria. Questo particolare seme (Ormosia arborea) conosciuto come seme di Ex\u00f9, Tento di Ex\u00f9 o Olho de Cabra (occhio di capra) \u00e8 uno dei talismani classici dedicati a questa meravigliosa divinit\u00e0 afrobrasiliana.<\/p>\n","protected":false},"excerpt":{"rendered":"<p>I talismani sono oggetti a cui la tradizione (per forma, simbologia, materiale) da sempre attribuisce propriet\u00e0 particolari, Il Crogiuolo\u00ae ve&#8230;<\/p>\n","protected":false},"featured_media":47563,"template":"","meta":{"_acf_changed":false},"product_brand":[],"product_cat":[1086,1357,1063],"product_tag":[],"class_list":{"0":"post-2958","1":"product","2":"type-product","3":"status-publish","4":"has-post-thumbnail","6":"product_cat-articoli-di-fondamento","7":"product_cat-semi-e-fave","8":"product_cat-strumenti-rituali","10":"first","11":"instock","12":"taxable","13":"shipping-taxable","14":"purchasable","15":"product-type-simple","16":"add-to-wishlist-before_image"},"acf":[],"yoast_head":"<!-- This site is optimized with the Yoast SEO plugin v26.9 - https:\/\/yoast.com\/product\/yoast-seo-wordpress\/ -->\n<title>Talismano Seme di Exu (1 pezzo) - Il Crogiuolo<\/title>\n<meta name=\"description\" content=\"Talismano Seme di Exu (1 pezzo) I talismani sono oggetti a cui la tradizione (per forma, simbologia, materiale) da sempre attribuisce propriet\u00e0 particolari, Il Crogiuolo\u00ae ve li propone\" \/>\n<meta name=\"robots\" content=\"index, follow, max-snippet:-1, max-image-preview:large, max-video-preview:-1\" \/>\n<link rel=\"canonical\" href=\"https:\/\/ilcrogiuolo.it\/it\/p\/talismano-seme-di-exu-1-pezzo\/\" \/>\n<meta property=\"og:locale\" content=\"it_IT\" \/>\n<meta property=\"og:type\" content=\"article\" \/>\n<meta property=\"og:title\" content=\"Talismano Seme di Exu (1 pezzo) - Il Crogiuolo\" \/>\n<meta property=\"og:description\" content=\"Talismano Seme di Exu (1 pezzo) I talismani sono oggetti a cui la tradizione (per forma, simbologia, materiale) da sempre attribuisce propriet\u00e0 particolari, Il Crogiuolo\u00ae ve li propone\" \/>\n<meta property=\"og:url\" content=\"https:\/\/ilcrogiuolo.it\/it\/p\/talismano-seme-di-exu-1-pezzo\/\" \/>\n<meta property=\"og:site_name\" content=\"Il Crogiuolo\" \/>\n<meta property=\"article:publisher\" content=\"https:\/\/www.facebook.com\/Il-Crogiuolo-681876418491758\" \/>\n<meta property=\"article:modified_time\" content=\"2024-09-26T15:01:48+00:00\" \/>\n<meta property=\"og:image\" content=\"https:\/\/ilcrogiuolo.it\/wp-content\/uploads\/2020\/01\/SEME-EXU.png\" \/>\n\t<meta property=\"og:image:width\" content=\"1140\" \/>\n\t<meta property=\"og:image:height\" content=\"1108\" \/>\n\t<meta property=\"og:image:type\" content=\"image\/png\" \/>\n<meta name=\"twitter:card\" content=\"summary_large_image\" \/>\n<meta name=\"twitter:label1\" content=\"Tempo di lettura stimato\" \/>\n\t<meta name=\"twitter:data1\" content=\"1 minuto\" \/>\n<script type=\"application\/ld+json\" class=\"yoast-schema-graph\">{\"@context\":\"https:\/\/schema.org\",\"@graph\":[{\"@type\":\"WebPage\",\"@id\":\"https:\/\/ilcrogiuolo.it\/it\/p\/talismano-seme-di-exu-1-pezzo\/\",\"url\":\"https:\/\/ilcrogiuolo.it\/it\/p\/talismano-seme-di-exu-1-pezzo\/\",\"name\":\"Talismano Seme di Exu (1 pezzo) - Il Crogiuolo\",\"isPartOf\":{\"@id\":\"https:\/\/ilcrogiuolo.it\/it\/#website\"},\"primaryImageOfPage\":{\"@id\":\"https:\/\/ilcrogiuolo.it\/it\/p\/talismano-seme-di-exu-1-pezzo\/#primaryimage\"},\"image\":{\"@id\":\"https:\/\/ilcrogiuolo.it\/it\/p\/talismano-seme-di-exu-1-pezzo\/#primaryimage\"},\"thumbnailUrl\":\"https:\/\/ilcrogiuolo.it\/wp-content\/uploads\/2020\/01\/SEME-EXU.png\",\"datePublished\":\"2020-01-14T16:05:42+00:00\",\"dateModified\":\"2024-09-26T15:01:48+00:00\",\"description\":\"Talismano Seme di Exu (1 pezzo) I talismani sono oggetti a cui la tradizione (per forma, simbologia, materiale) da sempre attribuisce propriet\u00e0 particolari, Il Crogiuolo\u00ae ve li propone\",\"breadcrumb\":{\"@id\":\"https:\/\/ilcrogiuolo.it\/it\/p\/talismano-seme-di-exu-1-pezzo\/#breadcrumb\"},\"inLanguage\":\"it-IT\",\"potentialAction\":[{\"@type\":\"ReadAction\",\"target\":[\"https:\/\/ilcrogiuolo.it\/it\/p\/talismano-seme-di-exu-1-pezzo\/\"]}]},{\"@type\":\"ImageObject\",\"inLanguage\":\"it-IT\",\"@id\":\"https:\/\/ilcrogiuolo.it\/it\/p\/talismano-seme-di-exu-1-pezzo\/#primaryimage\",\"url\":\"https:\/\/ilcrogiuolo.it\/wp-content\/uploads\/2020\/01\/SEME-EXU.png\",\"contentUrl\":\"https:\/\/ilcrogiuolo.it\/wp-content\/uploads\/2020\/01\/SEME-EXU.png\",\"width\":1140,\"height\":1108},{\"@type\":\"BreadcrumbList\",\"@id\":\"https:\/\/ilcrogiuolo.it\/it\/p\/talismano-seme-di-exu-1-pezzo\/#breadcrumb\",\"itemListElement\":[{\"@type\":\"ListItem\",\"position\":1,\"name\":\"Home\",\"item\":\"https:\/\/ilcrogiuolo.it\/it\/\"},{\"@type\":\"ListItem\",\"position\":2,\"name\":\"Shop\",\"item\":\"https:\/\/ilcrogiuolo.it\/it\/negozio\/\"},{\"@type\":\"ListItem\",\"position\":3,\"name\":\"Talismano Seme di Exu (1 pezzo)\"}]},{\"@type\":\"WebSite\",\"@id\":\"https:\/\/ilcrogiuolo.it\/it\/#website\",\"url\":\"https:\/\/ilcrogiuolo.it\/it\/\",\"name\":\"Il Crogiuolo\",\"description\":\"\",\"publisher\":{\"@id\":\"https:\/\/ilcrogiuolo.it\/it\/#organization\"},\"potentialAction\":[{\"@type\":\"SearchAction\",\"target\":{\"@type\":\"EntryPoint\",\"urlTemplate\":\"https:\/\/ilcrogiuolo.it\/it\/?s={search_term_string}\"},\"query-input\":{\"@type\":\"PropertyValueSpecification\",\"valueRequired\":true,\"valueName\":\"search_term_string\"}}],\"inLanguage\":\"it-IT\"},{\"@type\":\"Organization\",\"@id\":\"https:\/\/ilcrogiuolo.it\/it\/#organization\",\"name\":\"Il Crogiuolo\",\"url\":\"https:\/\/ilcrogiuolo.it\/it\/\",\"logo\":{\"@type\":\"ImageObject\",\"inLanguage\":\"it-IT\",\"@id\":\"https:\/\/ilcrogiuolo.it\/it\/#\/schema\/logo\/image\/\",\"url\":\"https:\/\/ilcrogiuolo.it\/wp-content\/uploads\/2020\/04\/logo.png\",\"contentUrl\":\"https:\/\/ilcrogiuolo.it\/wp-content\/uploads\/2020\/04\/logo.png\",\"width\":200,\"height\":49,\"caption\":\"Il Crogiuolo\"},\"image\":{\"@id\":\"https:\/\/ilcrogiuolo.it\/it\/#\/schema\/logo\/image\/\"},\"sameAs\":[\"https:\/\/www.facebook.com\/Il-Crogiuolo-681876418491758\"]}]}<\/script>\n<!-- \/ Yoast SEO plugin. -->","yoast_head_json":{"title":"Talismano Seme di Exu (1 pezzo) - Il Crogiuolo","description":"Talismano Seme di Exu (1 pezzo) I talismani sono oggetti a cui la tradizione (per forma, simbologia, materiale) da sempre attribuisce propriet\u00e0 particolari, Il Crogiuolo\u00ae ve li propone","robots":{"index":"index","follow":"follow","max-snippet":"max-snippet:-1","max-image-preview":"max-image-preview:large","max-video-preview":"max-video-preview:-1"},"canonical":"https:\/\/ilcrogiuolo.it\/it\/p\/talismano-seme-di-exu-1-pezzo\/","og_locale":"it_IT","og_type":"article","og_title":"Talismano Seme di Exu (1 pezzo) - Il Crogiuolo","og_description":"Talismano Seme di Exu (1 pezzo) I talismani sono oggetti a cui la tradizione (per forma, simbologia, materiale) da sempre attribuisce propriet\u00e0 particolari, Il Crogiuolo\u00ae ve li propone","og_url":"https:\/\/ilcrogiuolo.it\/it\/p\/talismano-seme-di-exu-1-pezzo\/","og_site_name":"Il Crogiuolo","article_publisher":"https:\/\/www.facebook.com\/Il-Crogiuolo-681876418491758","article_modified_time":"2024-09-26T15:01:48+00:00","og_image":[{"width":1140,"height":1108,"url":"https:\/\/ilcrogiuolo.it\/wp-content\/uploads\/2020\/01\/SEME-EXU.png","type":"image\/png"}],"twitter_card":"summary_large_image","twitter_misc":{"Tempo di lettura stimato":"1 minuto"},"schema":{"@context":"https:\/\/schema.org","@graph":[{"@type":"WebPage","@id":"https:\/\/ilcrogiuolo.it\/it\/p\/talismano-seme-di-exu-1-pezzo\/","url":"https:\/\/ilcrogiuolo.it\/it\/p\/talismano-seme-di-exu-1-pezzo\/","name":"Talismano Seme di Exu (1 pezzo) - Il Crogiuolo","isPartOf":{"@id":"https:\/\/ilcrogiuolo.it\/it\/#website"},"primaryImageOfPage":{"@id":"https:\/\/ilcrogiuolo.it\/it\/p\/talismano-seme-di-exu-1-pezzo\/#primaryimage"},"image":{"@id":"https:\/\/ilcrogiuolo.it\/it\/p\/talismano-seme-di-exu-1-pezzo\/#primaryimage"},"thumbnailUrl":"https:\/\/ilcrogiuolo.it\/wp-content\/uploads\/2020\/01\/SEME-EXU.png","datePublished":"2020-01-14T16:05:42+00:00","dateModified":"2024-09-26T15:01:48+00:00","description":"Talismano Seme di Exu (1 pezzo) I talismani sono oggetti a cui la tradizione (per forma, simbologia, materiale) da sempre attribuisce propriet\u00e0 particolari, Il Crogiuolo\u00ae ve li propone","breadcrumb":{"@id":"https:\/\/ilcrogiuolo.it\/it\/p\/talismano-seme-di-exu-1-pezzo\/#breadcrumb"},"inLanguage":"it-IT","potentialAction":[{"@type":"ReadAction","target":["https:\/\/ilcrogiuolo.it\/it\/p\/talismano-seme-di-exu-1-pezzo\/"]}]},{"@type":"ImageObject","inLanguage":"it-IT","@id":"https:\/\/ilcrogiuolo.it\/it\/p\/talismano-seme-di-exu-1-pezzo\/#primaryimage","url":"https:\/\/ilcrogiuolo.it\/wp-content\/uploads\/2020\/01\/SEME-EXU.png","contentUrl":"https:\/\/ilcrogiuolo.it\/wp-content\/uploads\/2020\/01\/SEME-EXU.png","width":1140,"height":1108},{"@type":"BreadcrumbList","@id":"https:\/\/ilcrogiuolo.it\/it\/p\/talismano-seme-di-exu-1-pezzo\/#breadcrumb","itemListElement":[{"@type":"ListItem","position":1,"name":"Home","item":"https:\/\/ilcrogiuolo.it\/it\/"},{"@type":"ListItem","position":2,"name":"Shop","item":"https:\/\/ilcrogiuolo.it\/it\/negozio\/"},{"@type":"ListItem","position":3,"name":"Talismano Seme di Exu (1 pezzo)"}]},{"@type":"WebSite","@id":"https:\/\/ilcrogiuolo.it\/it\/#website","url":"https:\/\/ilcrogiuolo.it\/it\/","name":"Il Crogiuolo","description":"","publisher":{"@id":"https:\/\/ilcrogiuolo.it\/it\/#organization"},"potentialAction":[{"@type":"SearchAction","target":{"@type":"EntryPoint","urlTemplate":"https:\/\/ilcrogiuolo.it\/it\/?s={search_term_string}"},"query-input":{"@type":"PropertyValueSpecification","valueRequired":true,"valueName":"search_term_string"}}],"inLanguage":"it-IT"},{"@type":"Organization","@id":"https:\/\/ilcrogiuolo.it\/it\/#organization","name":"Il Crogiuolo","url":"https:\/\/ilcrogiuolo.it\/it\/","logo":{"@type":"ImageObject","inLanguage":"it-IT","@id":"https:\/\/ilcrogiuolo.it\/it\/#\/schema\/logo\/image\/","url":"https:\/\/ilcrogiuolo.it\/wp-content\/uploads\/2020\/04\/logo.png","contentUrl":"https:\/\/ilcrogiuolo.it\/wp-content\/uploads\/2020\/04\/logo.png","width":200,"height":49,"caption":"Il Crogiuolo"},"image":{"@id":"https:\/\/ilcrogiuolo.it\/it\/#\/schema\/logo\/image\/"},"sameAs":["https:\/\/www.facebook.com\/Il-Crogiuolo-681876418491758"]}]}},"_links":{"self":[{"href":"https:\/\/ilcrogiuolo.it\/it\/wp-json\/wp\/v2\/product\/2958","targetHints":{"allow":["GET"]}}],"collection":[{"href":"https:\/\/ilcrogiuolo.it\/it\/wp-json\/wp\/v2\/product"}],"about":[{"href":"https:\/\/ilcrogiuolo.it\/it\/wp-json\/wp\/v2\/types\/product"}],"wp:featuredmedia":[{"embeddable":true,"href":"https:\/\/ilcrogiuolo.it\/it\/wp-json\/wp\/v2\/media\/47563"}],"wp:attachment":[{"href":"https:\/\/ilcrogiuolo.it\/it\/wp-json\/wp\/v2\/media?parent=2958"}],"wp:term":[{"taxonomy":"product_brand","embeddable":true,"href":"https:\/\/ilcrogiuolo.it\/it\/wp-json\/wp\/v2\/product_brand?post=2958"},{"taxonomy":"product_cat","embeddable":true,"href":"https:\/\/ilcrogiuolo.it\/it\/wp-json\/wp\/v2\/product_cat?post=2958"},{"taxonomy":"product_tag","embeddable":true,"href":"https:\/\/ilcrogiuolo.it\/it\/wp-json\/wp\/v2\/product_tag?post=2958"}],"curies":[{"name":"wp","href":"https:\/\/api.w.org\/{rel}","templated":true}]}}