{"id":2943,"date":"2020-01-14T17:05:42","date_gmt":"2020-01-14T16:05:42","guid":{"rendered":"https:\/\/ilcrogiuolo.it\/p\/feticcio-eleggua\/"},"modified":"2020-02-18T14:49:39","modified_gmt":"2020-02-18T13:49:39","slug":"feticcio-eleggua","status":"publish","type":"product","link":"https:\/\/ilcrogiuolo.it\/it\/p\/feticcio-eleggua\/","title":{"rendered":"FETICCIO ELEGGUA&#8217;"},"content":{"rendered":"<p>Secondo la tradizione della Santeria cubana Eleggu\u00e0 \u00e8 il Signore dei cammini e delle strade, intermediario tra gli uomini e gli Orix\u00e0s. Raffigurato come un bambino dal volto di un vecchio che, seduto su un tronco di legno ai margini di un incrocio stradale fuma serenamente un sigaro, nella curiosa miscellanea sincretistica cubana viene rappresentato con Sant\u2019Antonio da Padova o con il Bambino Ges\u00f9 di Atocha. Nel Candombl\u00e8 \u00e8 chiamato Elegbar\u00e0 o Ex\u00f9. Nella Santeria ricevere Eleggu\u00e0 significa muovere i primi passi all\u2019interno di questa affascinante religione. Eleggu\u00e0 \u00e8 un guardiano, un amico, un protettore che, se curato in maniera appropriata, porter\u00e0 al suo possessore ogni genere di beneficio, in amore, nel denaro, nell\u2019ambito famigliare, nel lavoro\u2026 Eleggu\u00e0 \u00e8 l\u2019Orix\u00e0 che apre le porte alla buona sorte e difende il suo possessore da ogni pericolo, materiale o spirituale che sia. La piccola testa di cemento che raffigura Eleggu\u00e0 contiene al suo interno la pietra dell\u2019Orix\u00e0, le sue erbe sacre e gli elementi segreti che ne conservano il suo potere spirituale. Eleggu\u00e0 ha tante manifestazioni chiamate cammini, modi di essere e di agire dell\u2019entit\u00e0. Ogni Eleggu\u00e0 \u00e8 personale e unico, preparato e consacrato sui dati della persona da un Santero (padre di Santo, sacerdote della Santeria).<\/p>\n","protected":false},"excerpt":{"rendered":"<p>Secondo la tradizione della Santeria cubana Eleggu\u00e0 \u00e8 il Signore dei cammini e delle strade, intermediario tra gli uomini e&#8230;<\/p>\n","protected":false},"featured_media":19626,"template":"","meta":{"_acf_changed":false},"product_brand":[],"product_cat":[1085,1302,1064],"product_tag":[],"class_list":{"0":"post-2943","1":"product","2":"type-product","3":"status-publish","4":"has-post-thumbnail","6":"product_cat-statue-degli-orixas-exus-pomba-giras-feticci","7":"product_cat-feticci-voodoo","8":"product_cat-statue-in-gesso-e-resina","10":"first","11":"outofstock","12":"taxable","13":"shipping-taxable","14":"purchasable","15":"product-type-simple","16":"add-to-wishlist-before_image"},"acf":[],"yoast_head":"<!-- This site is optimized with the Yoast SEO plugin v26.9 - https:\/\/yoast.com\/product\/yoast-seo-wordpress\/ -->\n<title>FETICCIO ELEGGUA&#039; - Il Crogiuolo<\/title>\n<meta name=\"description\" content=\"FETICCIO ELEGGUA&#039; Secondo la tradizione della Santeria cubana Eleggu\u00e0 \u00e8 il Signore dei cammini e delle strade, intermediario tra gli uomini e gli Orix\u00e0s. Raffigurato come\" \/>\n<meta name=\"robots\" content=\"index, follow, max-snippet:-1, max-image-preview:large, max-video-preview:-1\" \/>\n<link rel=\"canonical\" href=\"https:\/\/ilcrogiuolo.it\/it\/p\/feticcio-eleggua\/\" \/>\n<meta property=\"og:locale\" content=\"it_IT\" \/>\n<meta property=\"og:type\" content=\"article\" \/>\n<meta property=\"og:title\" content=\"FETICCIO ELEGGUA&#039; - Il Crogiuolo\" \/>\n<meta property=\"og:description\" content=\"FETICCIO ELEGGUA&#039; Secondo la tradizione della Santeria cubana Eleggu\u00e0 \u00e8 il Signore dei cammini e delle strade, intermediario tra gli uomini e gli Orix\u00e0s. Raffigurato come\" \/>\n<meta property=\"og:url\" content=\"https:\/\/ilcrogiuolo.it\/it\/p\/feticcio-eleggua\/\" \/>\n<meta property=\"og:site_name\" content=\"Il Crogiuolo\" \/>\n<meta property=\"article:publisher\" content=\"https:\/\/www.facebook.com\/Il-Crogiuolo-681876418491758\" \/>\n<meta property=\"article:modified_time\" content=\"2020-02-18T13:49:39+00:00\" \/>\n<meta property=\"og:image\" content=\"https:\/\/ilcrogiuolo.it\/wp-content\/uploads\/2020\/01\/00000981-1.jpg\" \/>\n\t<meta property=\"og:image:width\" content=\"627\" \/>\n\t<meta property=\"og:image:height\" content=\"600\" \/>\n\t<meta property=\"og:image:type\" content=\"image\/jpeg\" \/>\n<meta name=\"twitter:card\" content=\"summary_large_image\" \/>\n<meta name=\"twitter:label1\" content=\"Tempo di lettura stimato\" \/>\n\t<meta name=\"twitter:data1\" content=\"1 minuto\" \/>\n<script type=\"application\/ld+json\" class=\"yoast-schema-graph\">{\"@context\":\"https:\/\/schema.org\",\"@graph\":[{\"@type\":\"WebPage\",\"@id\":\"https:\/\/ilcrogiuolo.it\/it\/p\/feticcio-eleggua\/\",\"url\":\"https:\/\/ilcrogiuolo.it\/it\/p\/feticcio-eleggua\/\",\"name\":\"FETICCIO ELEGGUA' - Il Crogiuolo\",\"isPartOf\":{\"@id\":\"https:\/\/ilcrogiuolo.it\/it\/#website\"},\"primaryImageOfPage\":{\"@id\":\"https:\/\/ilcrogiuolo.it\/it\/p\/feticcio-eleggua\/#primaryimage\"},\"image\":{\"@id\":\"https:\/\/ilcrogiuolo.it\/it\/p\/feticcio-eleggua\/#primaryimage\"},\"thumbnailUrl\":\"https:\/\/ilcrogiuolo.it\/wp-content\/uploads\/2020\/01\/00000981-1.jpg\",\"datePublished\":\"2020-01-14T16:05:42+00:00\",\"dateModified\":\"2020-02-18T13:49:39+00:00\",\"description\":\"FETICCIO ELEGGUA' Secondo la tradizione della Santeria cubana Eleggu\u00e0 \u00e8 il Signore dei cammini e delle strade, intermediario tra gli uomini e gli Orix\u00e0s. Raffigurato come\",\"breadcrumb\":{\"@id\":\"https:\/\/ilcrogiuolo.it\/it\/p\/feticcio-eleggua\/#breadcrumb\"},\"inLanguage\":\"it-IT\",\"potentialAction\":[{\"@type\":\"ReadAction\",\"target\":[\"https:\/\/ilcrogiuolo.it\/it\/p\/feticcio-eleggua\/\"]}]},{\"@type\":\"ImageObject\",\"inLanguage\":\"it-IT\",\"@id\":\"https:\/\/ilcrogiuolo.it\/it\/p\/feticcio-eleggua\/#primaryimage\",\"url\":\"https:\/\/ilcrogiuolo.it\/wp-content\/uploads\/2020\/01\/00000981-1.jpg\",\"contentUrl\":\"https:\/\/ilcrogiuolo.it\/wp-content\/uploads\/2020\/01\/00000981-1.jpg\",\"width\":627,\"height\":600},{\"@type\":\"BreadcrumbList\",\"@id\":\"https:\/\/ilcrogiuolo.it\/it\/p\/feticcio-eleggua\/#breadcrumb\",\"itemListElement\":[{\"@type\":\"ListItem\",\"position\":1,\"name\":\"Home\",\"item\":\"https:\/\/ilcrogiuolo.it\/it\/\"},{\"@type\":\"ListItem\",\"position\":2,\"name\":\"Shop\",\"item\":\"https:\/\/ilcrogiuolo.it\/it\/negozio\/\"},{\"@type\":\"ListItem\",\"position\":3,\"name\":\"FETICCIO ELEGGUA&#8217;\"}]},{\"@type\":\"WebSite\",\"@id\":\"https:\/\/ilcrogiuolo.it\/it\/#website\",\"url\":\"https:\/\/ilcrogiuolo.it\/it\/\",\"name\":\"Il Crogiuolo\",\"description\":\"\",\"publisher\":{\"@id\":\"https:\/\/ilcrogiuolo.it\/it\/#organization\"},\"potentialAction\":[{\"@type\":\"SearchAction\",\"target\":{\"@type\":\"EntryPoint\",\"urlTemplate\":\"https:\/\/ilcrogiuolo.it\/it\/?s={search_term_string}\"},\"query-input\":{\"@type\":\"PropertyValueSpecification\",\"valueRequired\":true,\"valueName\":\"search_term_string\"}}],\"inLanguage\":\"it-IT\"},{\"@type\":\"Organization\",\"@id\":\"https:\/\/ilcrogiuolo.it\/it\/#organization\",\"name\":\"Il Crogiuolo\",\"url\":\"https:\/\/ilcrogiuolo.it\/it\/\",\"logo\":{\"@type\":\"ImageObject\",\"inLanguage\":\"it-IT\",\"@id\":\"https:\/\/ilcrogiuolo.it\/it\/#\/schema\/logo\/image\/\",\"url\":\"https:\/\/ilcrogiuolo.it\/wp-content\/uploads\/2020\/04\/logo.png\",\"contentUrl\":\"https:\/\/ilcrogiuolo.it\/wp-content\/uploads\/2020\/04\/logo.png\",\"width\":200,\"height\":49,\"caption\":\"Il Crogiuolo\"},\"image\":{\"@id\":\"https:\/\/ilcrogiuolo.it\/it\/#\/schema\/logo\/image\/\"},\"sameAs\":[\"https:\/\/www.facebook.com\/Il-Crogiuolo-681876418491758\"]}]}<\/script>\n<!-- \/ Yoast SEO plugin. -->","yoast_head_json":{"title":"FETICCIO ELEGGUA' - Il Crogiuolo","description":"FETICCIO ELEGGUA' Secondo la tradizione della Santeria cubana Eleggu\u00e0 \u00e8 il Signore dei cammini e delle strade, intermediario tra gli uomini e gli Orix\u00e0s. Raffigurato come","robots":{"index":"index","follow":"follow","max-snippet":"max-snippet:-1","max-image-preview":"max-image-preview:large","max-video-preview":"max-video-preview:-1"},"canonical":"https:\/\/ilcrogiuolo.it\/it\/p\/feticcio-eleggua\/","og_locale":"it_IT","og_type":"article","og_title":"FETICCIO ELEGGUA' - Il Crogiuolo","og_description":"FETICCIO ELEGGUA' Secondo la tradizione della Santeria cubana Eleggu\u00e0 \u00e8 il Signore dei cammini e delle strade, intermediario tra gli uomini e gli Orix\u00e0s. Raffigurato come","og_url":"https:\/\/ilcrogiuolo.it\/it\/p\/feticcio-eleggua\/","og_site_name":"Il Crogiuolo","article_publisher":"https:\/\/www.facebook.com\/Il-Crogiuolo-681876418491758","article_modified_time":"2020-02-18T13:49:39+00:00","og_image":[{"width":627,"height":600,"url":"https:\/\/ilcrogiuolo.it\/wp-content\/uploads\/2020\/01\/00000981-1.jpg","type":"image\/jpeg"}],"twitter_card":"summary_large_image","twitter_misc":{"Tempo di lettura stimato":"1 minuto"},"schema":{"@context":"https:\/\/schema.org","@graph":[{"@type":"WebPage","@id":"https:\/\/ilcrogiuolo.it\/it\/p\/feticcio-eleggua\/","url":"https:\/\/ilcrogiuolo.it\/it\/p\/feticcio-eleggua\/","name":"FETICCIO ELEGGUA' - Il Crogiuolo","isPartOf":{"@id":"https:\/\/ilcrogiuolo.it\/it\/#website"},"primaryImageOfPage":{"@id":"https:\/\/ilcrogiuolo.it\/it\/p\/feticcio-eleggua\/#primaryimage"},"image":{"@id":"https:\/\/ilcrogiuolo.it\/it\/p\/feticcio-eleggua\/#primaryimage"},"thumbnailUrl":"https:\/\/ilcrogiuolo.it\/wp-content\/uploads\/2020\/01\/00000981-1.jpg","datePublished":"2020-01-14T16:05:42+00:00","dateModified":"2020-02-18T13:49:39+00:00","description":"FETICCIO ELEGGUA' Secondo la tradizione della Santeria cubana Eleggu\u00e0 \u00e8 il Signore dei cammini e delle strade, intermediario tra gli uomini e gli Orix\u00e0s. Raffigurato come","breadcrumb":{"@id":"https:\/\/ilcrogiuolo.it\/it\/p\/feticcio-eleggua\/#breadcrumb"},"inLanguage":"it-IT","potentialAction":[{"@type":"ReadAction","target":["https:\/\/ilcrogiuolo.it\/it\/p\/feticcio-eleggua\/"]}]},{"@type":"ImageObject","inLanguage":"it-IT","@id":"https:\/\/ilcrogiuolo.it\/it\/p\/feticcio-eleggua\/#primaryimage","url":"https:\/\/ilcrogiuolo.it\/wp-content\/uploads\/2020\/01\/00000981-1.jpg","contentUrl":"https:\/\/ilcrogiuolo.it\/wp-content\/uploads\/2020\/01\/00000981-1.jpg","width":627,"height":600},{"@type":"BreadcrumbList","@id":"https:\/\/ilcrogiuolo.it\/it\/p\/feticcio-eleggua\/#breadcrumb","itemListElement":[{"@type":"ListItem","position":1,"name":"Home","item":"https:\/\/ilcrogiuolo.it\/it\/"},{"@type":"ListItem","position":2,"name":"Shop","item":"https:\/\/ilcrogiuolo.it\/it\/negozio\/"},{"@type":"ListItem","position":3,"name":"FETICCIO ELEGGUA&#8217;"}]},{"@type":"WebSite","@id":"https:\/\/ilcrogiuolo.it\/it\/#website","url":"https:\/\/ilcrogiuolo.it\/it\/","name":"Il Crogiuolo","description":"","publisher":{"@id":"https:\/\/ilcrogiuolo.it\/it\/#organization"},"potentialAction":[{"@type":"SearchAction","target":{"@type":"EntryPoint","urlTemplate":"https:\/\/ilcrogiuolo.it\/it\/?s={search_term_string}"},"query-input":{"@type":"PropertyValueSpecification","valueRequired":true,"valueName":"search_term_string"}}],"inLanguage":"it-IT"},{"@type":"Organization","@id":"https:\/\/ilcrogiuolo.it\/it\/#organization","name":"Il Crogiuolo","url":"https:\/\/ilcrogiuolo.it\/it\/","logo":{"@type":"ImageObject","inLanguage":"it-IT","@id":"https:\/\/ilcrogiuolo.it\/it\/#\/schema\/logo\/image\/","url":"https:\/\/ilcrogiuolo.it\/wp-content\/uploads\/2020\/04\/logo.png","contentUrl":"https:\/\/ilcrogiuolo.it\/wp-content\/uploads\/2020\/04\/logo.png","width":200,"height":49,"caption":"Il Crogiuolo"},"image":{"@id":"https:\/\/ilcrogiuolo.it\/it\/#\/schema\/logo\/image\/"},"sameAs":["https:\/\/www.facebook.com\/Il-Crogiuolo-681876418491758"]}]}},"_links":{"self":[{"href":"https:\/\/ilcrogiuolo.it\/it\/wp-json\/wp\/v2\/product\/2943","targetHints":{"allow":["GET"]}}],"collection":[{"href":"https:\/\/ilcrogiuolo.it\/it\/wp-json\/wp\/v2\/product"}],"about":[{"href":"https:\/\/ilcrogiuolo.it\/it\/wp-json\/wp\/v2\/types\/product"}],"wp:featuredmedia":[{"embeddable":true,"href":"https:\/\/ilcrogiuolo.it\/it\/wp-json\/wp\/v2\/media\/19626"}],"wp:attachment":[{"href":"https:\/\/ilcrogiuolo.it\/it\/wp-json\/wp\/v2\/media?parent=2943"}],"wp:term":[{"taxonomy":"product_brand","embeddable":true,"href":"https:\/\/ilcrogiuolo.it\/it\/wp-json\/wp\/v2\/product_brand?post=2943"},{"taxonomy":"product_cat","embeddable":true,"href":"https:\/\/ilcrogiuolo.it\/it\/wp-json\/wp\/v2\/product_cat?post=2943"},{"taxonomy":"product_tag","embeddable":true,"href":"https:\/\/ilcrogiuolo.it\/it\/wp-json\/wp\/v2\/product_tag?post=2943"}],"curies":[{"name":"wp","href":"https:\/\/api.w.org\/{rel}","templated":true}]}}