{"id":2919,"date":"2020-01-14T17:05:42","date_gmt":"2020-01-14T16:05:42","guid":{"rendered":"https:\/\/ilcrogiuolo.it\/p\/rituale-specchiatura\/"},"modified":"2021-12-03T12:27:03","modified_gmt":"2021-12-03T11:27:03","slug":"rituale-specchiatura","status":"publish","type":"product","link":"https:\/\/ilcrogiuolo.it\/it\/p\/rituale-specchiatura\/","title":{"rendered":"RITUALE SPECCHIATURA"},"content":{"rendered":"<p>I Rituali sono tradotti fedelmente dalla tradizione a cui appartengono e al loro interno comprendono gli ingredienti tradizionali impiegati per realizzarli. Il Crogiuolo ve li propone come autentiche curiosit\u00e0 magiche, con gli ingredienti originali e le fedeli istruzioni. Questa pratica rituale viene impiegata tradizionalmente per combattere ogni attacco magico, riflettendo e rinviando potenziata ogni fattura, maledizione, malocchio, etc. Dopo questo rito non sar\u00e0 pi\u00f9 possibile affatturare il soggetto, a meno ch\u00e9 questo non venga neutralizzato con un metodo appropriato, cos\u00ec viene tramandato. La tradizione consiglia l\u2019esecuzione di questo rito, quando si \u00e8 colpiti da persone malevole. LA PARTICOLARITA\u2019 DI QUESTO RITUALE E\u2019 DI PROTEGGERE COLUI CHE LO ESEGUE DA OGNI TIPO DI FATTURA.<\/p>\n","protected":false},"excerpt":{"rendered":"<p>I Rituali sono tradotti fedelmente dalla tradizione a cui appartengono e al loro interno comprendono gli ingredienti tradizionali impiegati per&#8230;<\/p>\n","protected":false},"featured_media":32230,"template":"","meta":{"_acf_changed":false},"product_brand":[],"product_cat":[1079,1059,1307],"product_tag":[],"class_list":{"0":"post-2919","1":"product","2":"type-product","3":"status-publish","4":"has-post-thumbnail","6":"product_cat-rituali-afrobrasiliani-santeria","7":"product_cat-articoli-esoterici","8":"product_cat-rituali-propiziatori-di-purificazione","10":"first","11":"instock","12":"taxable","13":"shipping-taxable","14":"purchasable","15":"product-type-simple","16":"add-to-wishlist-before_image"},"acf":[],"yoast_head":"<!-- This site is optimized with the Yoast SEO plugin v26.9 - https:\/\/yoast.com\/product\/yoast-seo-wordpress\/ -->\n<title>RITUALE SPECCHIATURA - Il Crogiuolo<\/title>\n<meta name=\"description\" content=\"RITUALE SPECCHIATURA I Rituali sono tradotti fedelmente dalla tradizione a cui appartengono e al loro interno comprendono gli ingredienti tradizionali impiegati per\" \/>\n<meta name=\"robots\" content=\"index, follow, max-snippet:-1, max-image-preview:large, max-video-preview:-1\" \/>\n<link rel=\"canonical\" href=\"https:\/\/ilcrogiuolo.it\/it\/p\/rituale-specchiatura\/\" \/>\n<meta property=\"og:locale\" content=\"it_IT\" \/>\n<meta property=\"og:type\" content=\"article\" \/>\n<meta property=\"og:title\" content=\"RITUALE SPECCHIATURA - Il Crogiuolo\" \/>\n<meta property=\"og:description\" content=\"RITUALE SPECCHIATURA I Rituali sono tradotti fedelmente dalla tradizione a cui appartengono e al loro interno comprendono gli ingredienti tradizionali impiegati per\" \/>\n<meta property=\"og:url\" content=\"https:\/\/ilcrogiuolo.it\/it\/p\/rituale-specchiatura\/\" \/>\n<meta property=\"og:site_name\" content=\"Il Crogiuolo\" \/>\n<meta property=\"article:publisher\" content=\"https:\/\/www.facebook.com\/Il-Crogiuolo-681876418491758\" \/>\n<meta property=\"article:modified_time\" content=\"2021-12-03T11:27:03+00:00\" \/>\n<meta property=\"og:image\" content=\"https:\/\/ilcrogiuolo.it\/wp-content\/uploads\/2020\/01\/RITUALE-SPECCHIATURA.jpg\" \/>\n\t<meta property=\"og:image:width\" content=\"1000\" \/>\n\t<meta property=\"og:image:height\" content=\"1000\" \/>\n\t<meta property=\"og:image:type\" content=\"image\/jpeg\" \/>\n<meta name=\"twitter:card\" content=\"summary_large_image\" \/>\n<meta name=\"twitter:label1\" content=\"Tempo di lettura stimato\" \/>\n\t<meta name=\"twitter:data1\" content=\"1 minuto\" \/>\n<script type=\"application\/ld+json\" class=\"yoast-schema-graph\">{\"@context\":\"https:\/\/schema.org\",\"@graph\":[{\"@type\":\"WebPage\",\"@id\":\"https:\/\/ilcrogiuolo.it\/it\/p\/rituale-specchiatura\/\",\"url\":\"https:\/\/ilcrogiuolo.it\/it\/p\/rituale-specchiatura\/\",\"name\":\"RITUALE SPECCHIATURA - Il Crogiuolo\",\"isPartOf\":{\"@id\":\"https:\/\/ilcrogiuolo.it\/it\/#website\"},\"primaryImageOfPage\":{\"@id\":\"https:\/\/ilcrogiuolo.it\/it\/p\/rituale-specchiatura\/#primaryimage\"},\"image\":{\"@id\":\"https:\/\/ilcrogiuolo.it\/it\/p\/rituale-specchiatura\/#primaryimage\"},\"thumbnailUrl\":\"https:\/\/ilcrogiuolo.it\/wp-content\/uploads\/2020\/01\/RITUALE-SPECCHIATURA.jpg\",\"datePublished\":\"2020-01-14T16:05:42+00:00\",\"dateModified\":\"2021-12-03T11:27:03+00:00\",\"description\":\"RITUALE SPECCHIATURA I Rituali sono tradotti fedelmente dalla tradizione a cui appartengono e al loro interno comprendono gli ingredienti tradizionali impiegati per\",\"breadcrumb\":{\"@id\":\"https:\/\/ilcrogiuolo.it\/it\/p\/rituale-specchiatura\/#breadcrumb\"},\"inLanguage\":\"it-IT\",\"potentialAction\":[{\"@type\":\"ReadAction\",\"target\":[\"https:\/\/ilcrogiuolo.it\/it\/p\/rituale-specchiatura\/\"]}]},{\"@type\":\"ImageObject\",\"inLanguage\":\"it-IT\",\"@id\":\"https:\/\/ilcrogiuolo.it\/it\/p\/rituale-specchiatura\/#primaryimage\",\"url\":\"https:\/\/ilcrogiuolo.it\/wp-content\/uploads\/2020\/01\/RITUALE-SPECCHIATURA.jpg\",\"contentUrl\":\"https:\/\/ilcrogiuolo.it\/wp-content\/uploads\/2020\/01\/RITUALE-SPECCHIATURA.jpg\",\"width\":1000,\"height\":1000},{\"@type\":\"BreadcrumbList\",\"@id\":\"https:\/\/ilcrogiuolo.it\/it\/p\/rituale-specchiatura\/#breadcrumb\",\"itemListElement\":[{\"@type\":\"ListItem\",\"position\":1,\"name\":\"Home\",\"item\":\"https:\/\/ilcrogiuolo.it\/it\/\"},{\"@type\":\"ListItem\",\"position\":2,\"name\":\"Shop\",\"item\":\"https:\/\/ilcrogiuolo.it\/it\/negozio\/\"},{\"@type\":\"ListItem\",\"position\":3,\"name\":\"RITUALE SPECCHIATURA\"}]},{\"@type\":\"WebSite\",\"@id\":\"https:\/\/ilcrogiuolo.it\/it\/#website\",\"url\":\"https:\/\/ilcrogiuolo.it\/it\/\",\"name\":\"Il Crogiuolo\",\"description\":\"\",\"publisher\":{\"@id\":\"https:\/\/ilcrogiuolo.it\/it\/#organization\"},\"potentialAction\":[{\"@type\":\"SearchAction\",\"target\":{\"@type\":\"EntryPoint\",\"urlTemplate\":\"https:\/\/ilcrogiuolo.it\/it\/?s={search_term_string}\"},\"query-input\":{\"@type\":\"PropertyValueSpecification\",\"valueRequired\":true,\"valueName\":\"search_term_string\"}}],\"inLanguage\":\"it-IT\"},{\"@type\":\"Organization\",\"@id\":\"https:\/\/ilcrogiuolo.it\/it\/#organization\",\"name\":\"Il Crogiuolo\",\"url\":\"https:\/\/ilcrogiuolo.it\/it\/\",\"logo\":{\"@type\":\"ImageObject\",\"inLanguage\":\"it-IT\",\"@id\":\"https:\/\/ilcrogiuolo.it\/it\/#\/schema\/logo\/image\/\",\"url\":\"https:\/\/ilcrogiuolo.it\/wp-content\/uploads\/2020\/04\/logo.png\",\"contentUrl\":\"https:\/\/ilcrogiuolo.it\/wp-content\/uploads\/2020\/04\/logo.png\",\"width\":200,\"height\":49,\"caption\":\"Il Crogiuolo\"},\"image\":{\"@id\":\"https:\/\/ilcrogiuolo.it\/it\/#\/schema\/logo\/image\/\"},\"sameAs\":[\"https:\/\/www.facebook.com\/Il-Crogiuolo-681876418491758\"]}]}<\/script>\n<!-- \/ Yoast SEO plugin. -->","yoast_head_json":{"title":"RITUALE SPECCHIATURA - Il Crogiuolo","description":"RITUALE SPECCHIATURA I Rituali sono tradotti fedelmente dalla tradizione a cui appartengono e al loro interno comprendono gli ingredienti tradizionali impiegati per","robots":{"index":"index","follow":"follow","max-snippet":"max-snippet:-1","max-image-preview":"max-image-preview:large","max-video-preview":"max-video-preview:-1"},"canonical":"https:\/\/ilcrogiuolo.it\/it\/p\/rituale-specchiatura\/","og_locale":"it_IT","og_type":"article","og_title":"RITUALE SPECCHIATURA - Il Crogiuolo","og_description":"RITUALE SPECCHIATURA I Rituali sono tradotti fedelmente dalla tradizione a cui appartengono e al loro interno comprendono gli ingredienti tradizionali impiegati per","og_url":"https:\/\/ilcrogiuolo.it\/it\/p\/rituale-specchiatura\/","og_site_name":"Il Crogiuolo","article_publisher":"https:\/\/www.facebook.com\/Il-Crogiuolo-681876418491758","article_modified_time":"2021-12-03T11:27:03+00:00","og_image":[{"width":1000,"height":1000,"url":"https:\/\/ilcrogiuolo.it\/wp-content\/uploads\/2020\/01\/RITUALE-SPECCHIATURA.jpg","type":"image\/jpeg"}],"twitter_card":"summary_large_image","twitter_misc":{"Tempo di lettura stimato":"1 minuto"},"schema":{"@context":"https:\/\/schema.org","@graph":[{"@type":"WebPage","@id":"https:\/\/ilcrogiuolo.it\/it\/p\/rituale-specchiatura\/","url":"https:\/\/ilcrogiuolo.it\/it\/p\/rituale-specchiatura\/","name":"RITUALE SPECCHIATURA - Il Crogiuolo","isPartOf":{"@id":"https:\/\/ilcrogiuolo.it\/it\/#website"},"primaryImageOfPage":{"@id":"https:\/\/ilcrogiuolo.it\/it\/p\/rituale-specchiatura\/#primaryimage"},"image":{"@id":"https:\/\/ilcrogiuolo.it\/it\/p\/rituale-specchiatura\/#primaryimage"},"thumbnailUrl":"https:\/\/ilcrogiuolo.it\/wp-content\/uploads\/2020\/01\/RITUALE-SPECCHIATURA.jpg","datePublished":"2020-01-14T16:05:42+00:00","dateModified":"2021-12-03T11:27:03+00:00","description":"RITUALE SPECCHIATURA I Rituali sono tradotti fedelmente dalla tradizione a cui appartengono e al loro interno comprendono gli ingredienti tradizionali impiegati per","breadcrumb":{"@id":"https:\/\/ilcrogiuolo.it\/it\/p\/rituale-specchiatura\/#breadcrumb"},"inLanguage":"it-IT","potentialAction":[{"@type":"ReadAction","target":["https:\/\/ilcrogiuolo.it\/it\/p\/rituale-specchiatura\/"]}]},{"@type":"ImageObject","inLanguage":"it-IT","@id":"https:\/\/ilcrogiuolo.it\/it\/p\/rituale-specchiatura\/#primaryimage","url":"https:\/\/ilcrogiuolo.it\/wp-content\/uploads\/2020\/01\/RITUALE-SPECCHIATURA.jpg","contentUrl":"https:\/\/ilcrogiuolo.it\/wp-content\/uploads\/2020\/01\/RITUALE-SPECCHIATURA.jpg","width":1000,"height":1000},{"@type":"BreadcrumbList","@id":"https:\/\/ilcrogiuolo.it\/it\/p\/rituale-specchiatura\/#breadcrumb","itemListElement":[{"@type":"ListItem","position":1,"name":"Home","item":"https:\/\/ilcrogiuolo.it\/it\/"},{"@type":"ListItem","position":2,"name":"Shop","item":"https:\/\/ilcrogiuolo.it\/it\/negozio\/"},{"@type":"ListItem","position":3,"name":"RITUALE SPECCHIATURA"}]},{"@type":"WebSite","@id":"https:\/\/ilcrogiuolo.it\/it\/#website","url":"https:\/\/ilcrogiuolo.it\/it\/","name":"Il Crogiuolo","description":"","publisher":{"@id":"https:\/\/ilcrogiuolo.it\/it\/#organization"},"potentialAction":[{"@type":"SearchAction","target":{"@type":"EntryPoint","urlTemplate":"https:\/\/ilcrogiuolo.it\/it\/?s={search_term_string}"},"query-input":{"@type":"PropertyValueSpecification","valueRequired":true,"valueName":"search_term_string"}}],"inLanguage":"it-IT"},{"@type":"Organization","@id":"https:\/\/ilcrogiuolo.it\/it\/#organization","name":"Il Crogiuolo","url":"https:\/\/ilcrogiuolo.it\/it\/","logo":{"@type":"ImageObject","inLanguage":"it-IT","@id":"https:\/\/ilcrogiuolo.it\/it\/#\/schema\/logo\/image\/","url":"https:\/\/ilcrogiuolo.it\/wp-content\/uploads\/2020\/04\/logo.png","contentUrl":"https:\/\/ilcrogiuolo.it\/wp-content\/uploads\/2020\/04\/logo.png","width":200,"height":49,"caption":"Il Crogiuolo"},"image":{"@id":"https:\/\/ilcrogiuolo.it\/it\/#\/schema\/logo\/image\/"},"sameAs":["https:\/\/www.facebook.com\/Il-Crogiuolo-681876418491758"]}]}},"_links":{"self":[{"href":"https:\/\/ilcrogiuolo.it\/it\/wp-json\/wp\/v2\/product\/2919","targetHints":{"allow":["GET"]}}],"collection":[{"href":"https:\/\/ilcrogiuolo.it\/it\/wp-json\/wp\/v2\/product"}],"about":[{"href":"https:\/\/ilcrogiuolo.it\/it\/wp-json\/wp\/v2\/types\/product"}],"wp:featuredmedia":[{"embeddable":true,"href":"https:\/\/ilcrogiuolo.it\/it\/wp-json\/wp\/v2\/media\/32230"}],"wp:attachment":[{"href":"https:\/\/ilcrogiuolo.it\/it\/wp-json\/wp\/v2\/media?parent=2919"}],"wp:term":[{"taxonomy":"product_brand","embeddable":true,"href":"https:\/\/ilcrogiuolo.it\/it\/wp-json\/wp\/v2\/product_brand?post=2919"},{"taxonomy":"product_cat","embeddable":true,"href":"https:\/\/ilcrogiuolo.it\/it\/wp-json\/wp\/v2\/product_cat?post=2919"},{"taxonomy":"product_tag","embeddable":true,"href":"https:\/\/ilcrogiuolo.it\/it\/wp-json\/wp\/v2\/product_tag?post=2919"}],"curies":[{"name":"wp","href":"https:\/\/api.w.org\/{rel}","templated":true}]}}