{"id":2656,"date":"2020-01-14T17:05:21","date_gmt":"2020-01-14T16:05:21","guid":{"rendered":"https:\/\/ilcrogiuolo.it\/p\/tarocchi-di-marsiglia-22-carte\/"},"modified":"2022-02-01T13:39:50","modified_gmt":"2022-02-01T12:39:50","slug":"tarocchi-di-marsiglia-22-carte","status":"publish","type":"product","link":"https:\/\/ilcrogiuolo.it\/it\/p\/tarocchi-di-marsiglia-22-carte\/","title":{"rendered":"TAROCCHI DI MARSIGLIA 22 CARTE"},"content":{"rendered":"<p>\u00c8 il mazzo di Tarocchi per eccellenza, il pi\u00f9 famoso e il pi\u00f9 noto anche a chi non conosce la storia di queste magiche carte. Un mazzo essenziale ma non banale, anzi, fortemente evocativo, amato da tutti coloro che esigono dai Tarocchi un\u2019immediatezza simbolica capace di ispirare le parole pi\u00f9 semplici per esprimere verit\u00e0 profonde e nascoste.<\/p>\n","protected":false},"excerpt":{"rendered":"<p>\u00c8 il mazzo di Tarocchi per eccellenza, il pi\u00f9 famoso e il pi\u00f9 noto anche a chi non conosce la&#8230;<\/p>\n","protected":false},"featured_media":24162,"template":"","meta":{"_acf_changed":false},"product_brand":[],"product_cat":[1088,1062,1401],"product_tag":[],"class_list":{"0":"post-2656","1":"product","2":"type-product","3":"status-publish","4":"has-post-thumbnail","6":"product_cat-tarocchi-sibille-oracoli","7":"product_cat-divinazione","8":"product_cat-tarocchi-storici-lo-scarabeo","10":"first","11":"instock","12":"taxable","13":"shipping-taxable","14":"purchasable","15":"product-type-simple","16":"add-to-wishlist-before_image"},"acf":[],"yoast_head":"<!-- This site is optimized with the Yoast SEO plugin v26.9 - https:\/\/yoast.com\/product\/yoast-seo-wordpress\/ -->\n<title>TAROCCHI DI MARSIGLIA 22 CARTE - Il Crogiuolo<\/title>\n<meta name=\"description\" content=\"TAROCCHI DI MARSIGLIA 22 CARTE \u00c8 il mazzo di Tarocchi per eccellenza, il pi\u00f9 famoso e il pi\u00f9 noto anche a chi non conosce la storia di queste magiche carte. Un mazzo essenziale ma non\" \/>\n<meta name=\"robots\" content=\"index, follow, max-snippet:-1, max-image-preview:large, max-video-preview:-1\" \/>\n<link rel=\"canonical\" href=\"https:\/\/ilcrogiuolo.it\/it\/p\/tarocchi-di-marsiglia-22-carte\/\" \/>\n<meta property=\"og:locale\" content=\"it_IT\" \/>\n<meta property=\"og:type\" content=\"article\" \/>\n<meta property=\"og:title\" content=\"TAROCCHI DI MARSIGLIA 22 CARTE - Il Crogiuolo\" \/>\n<meta property=\"og:description\" content=\"TAROCCHI DI MARSIGLIA 22 CARTE \u00c8 il mazzo di Tarocchi per eccellenza, il pi\u00f9 famoso e il pi\u00f9 noto anche a chi non conosce la storia di queste magiche carte. Un mazzo essenziale ma non\" \/>\n<meta property=\"og:url\" content=\"https:\/\/ilcrogiuolo.it\/it\/p\/tarocchi-di-marsiglia-22-carte\/\" \/>\n<meta property=\"og:site_name\" content=\"Il Crogiuolo\" \/>\n<meta property=\"article:publisher\" content=\"https:\/\/www.facebook.com\/Il-Crogiuolo-681876418491758\" \/>\n<meta property=\"article:modified_time\" content=\"2022-02-01T12:39:50+00:00\" \/>\n<meta property=\"og:image\" content=\"https:\/\/ilcrogiuolo.it\/wp-content\/uploads\/2020\/01\/marseille-tarot-tarocco-di-.jpg\" \/>\n\t<meta property=\"og:image:width\" content=\"627\" \/>\n\t<meta property=\"og:image:height\" content=\"600\" \/>\n\t<meta property=\"og:image:type\" content=\"image\/jpeg\" \/>\n<meta name=\"twitter:card\" content=\"summary_large_image\" \/>\n<script type=\"application\/ld+json\" class=\"yoast-schema-graph\">{\"@context\":\"https:\/\/schema.org\",\"@graph\":[{\"@type\":\"WebPage\",\"@id\":\"https:\/\/ilcrogiuolo.it\/it\/p\/tarocchi-di-marsiglia-22-carte\/\",\"url\":\"https:\/\/ilcrogiuolo.it\/it\/p\/tarocchi-di-marsiglia-22-carte\/\",\"name\":\"TAROCCHI DI MARSIGLIA 22 CARTE - Il Crogiuolo\",\"isPartOf\":{\"@id\":\"https:\/\/ilcrogiuolo.it\/it\/#website\"},\"primaryImageOfPage\":{\"@id\":\"https:\/\/ilcrogiuolo.it\/it\/p\/tarocchi-di-marsiglia-22-carte\/#primaryimage\"},\"image\":{\"@id\":\"https:\/\/ilcrogiuolo.it\/it\/p\/tarocchi-di-marsiglia-22-carte\/#primaryimage\"},\"thumbnailUrl\":\"https:\/\/ilcrogiuolo.it\/wp-content\/uploads\/2020\/01\/marseille-tarot-tarocco-di-.jpg\",\"datePublished\":\"2020-01-14T16:05:21+00:00\",\"dateModified\":\"2022-02-01T12:39:50+00:00\",\"description\":\"TAROCCHI DI MARSIGLIA 22 CARTE \u00c8 il mazzo di Tarocchi per eccellenza, il pi\u00f9 famoso e il pi\u00f9 noto anche a chi non conosce la storia di queste magiche carte. Un mazzo essenziale ma non\",\"breadcrumb\":{\"@id\":\"https:\/\/ilcrogiuolo.it\/it\/p\/tarocchi-di-marsiglia-22-carte\/#breadcrumb\"},\"inLanguage\":\"it-IT\",\"potentialAction\":[{\"@type\":\"ReadAction\",\"target\":[\"https:\/\/ilcrogiuolo.it\/it\/p\/tarocchi-di-marsiglia-22-carte\/\"]}]},{\"@type\":\"ImageObject\",\"inLanguage\":\"it-IT\",\"@id\":\"https:\/\/ilcrogiuolo.it\/it\/p\/tarocchi-di-marsiglia-22-carte\/#primaryimage\",\"url\":\"https:\/\/ilcrogiuolo.it\/wp-content\/uploads\/2020\/01\/marseille-tarot-tarocco-di-.jpg\",\"contentUrl\":\"https:\/\/ilcrogiuolo.it\/wp-content\/uploads\/2020\/01\/marseille-tarot-tarocco-di-.jpg\",\"width\":627,\"height\":600},{\"@type\":\"BreadcrumbList\",\"@id\":\"https:\/\/ilcrogiuolo.it\/it\/p\/tarocchi-di-marsiglia-22-carte\/#breadcrumb\",\"itemListElement\":[{\"@type\":\"ListItem\",\"position\":1,\"name\":\"Home\",\"item\":\"https:\/\/ilcrogiuolo.it\/it\/\"},{\"@type\":\"ListItem\",\"position\":2,\"name\":\"Shop\",\"item\":\"https:\/\/ilcrogiuolo.it\/it\/negozio\/\"},{\"@type\":\"ListItem\",\"position\":3,\"name\":\"TAROCCHI DI MARSIGLIA 22 CARTE\"}]},{\"@type\":\"WebSite\",\"@id\":\"https:\/\/ilcrogiuolo.it\/it\/#website\",\"url\":\"https:\/\/ilcrogiuolo.it\/it\/\",\"name\":\"Il Crogiuolo\",\"description\":\"\",\"publisher\":{\"@id\":\"https:\/\/ilcrogiuolo.it\/it\/#organization\"},\"potentialAction\":[{\"@type\":\"SearchAction\",\"target\":{\"@type\":\"EntryPoint\",\"urlTemplate\":\"https:\/\/ilcrogiuolo.it\/it\/?s={search_term_string}\"},\"query-input\":{\"@type\":\"PropertyValueSpecification\",\"valueRequired\":true,\"valueName\":\"search_term_string\"}}],\"inLanguage\":\"it-IT\"},{\"@type\":\"Organization\",\"@id\":\"https:\/\/ilcrogiuolo.it\/it\/#organization\",\"name\":\"Il Crogiuolo\",\"url\":\"https:\/\/ilcrogiuolo.it\/it\/\",\"logo\":{\"@type\":\"ImageObject\",\"inLanguage\":\"it-IT\",\"@id\":\"https:\/\/ilcrogiuolo.it\/it\/#\/schema\/logo\/image\/\",\"url\":\"https:\/\/ilcrogiuolo.it\/wp-content\/uploads\/2020\/04\/logo.png\",\"contentUrl\":\"https:\/\/ilcrogiuolo.it\/wp-content\/uploads\/2020\/04\/logo.png\",\"width\":200,\"height\":49,\"caption\":\"Il Crogiuolo\"},\"image\":{\"@id\":\"https:\/\/ilcrogiuolo.it\/it\/#\/schema\/logo\/image\/\"},\"sameAs\":[\"https:\/\/www.facebook.com\/Il-Crogiuolo-681876418491758\"]}]}<\/script>\n<!-- \/ Yoast SEO plugin. -->","yoast_head_json":{"title":"TAROCCHI DI MARSIGLIA 22 CARTE - Il Crogiuolo","description":"TAROCCHI DI MARSIGLIA 22 CARTE \u00c8 il mazzo di Tarocchi per eccellenza, il pi\u00f9 famoso e il pi\u00f9 noto anche a chi non conosce la storia di queste magiche carte. Un mazzo essenziale ma non","robots":{"index":"index","follow":"follow","max-snippet":"max-snippet:-1","max-image-preview":"max-image-preview:large","max-video-preview":"max-video-preview:-1"},"canonical":"https:\/\/ilcrogiuolo.it\/it\/p\/tarocchi-di-marsiglia-22-carte\/","og_locale":"it_IT","og_type":"article","og_title":"TAROCCHI DI MARSIGLIA 22 CARTE - Il Crogiuolo","og_description":"TAROCCHI DI MARSIGLIA 22 CARTE \u00c8 il mazzo di Tarocchi per eccellenza, il pi\u00f9 famoso e il pi\u00f9 noto anche a chi non conosce la storia di queste magiche carte. Un mazzo essenziale ma non","og_url":"https:\/\/ilcrogiuolo.it\/it\/p\/tarocchi-di-marsiglia-22-carte\/","og_site_name":"Il Crogiuolo","article_publisher":"https:\/\/www.facebook.com\/Il-Crogiuolo-681876418491758","article_modified_time":"2022-02-01T12:39:50+00:00","og_image":[{"width":627,"height":600,"url":"https:\/\/ilcrogiuolo.it\/wp-content\/uploads\/2020\/01\/marseille-tarot-tarocco-di-.jpg","type":"image\/jpeg"}],"twitter_card":"summary_large_image","schema":{"@context":"https:\/\/schema.org","@graph":[{"@type":"WebPage","@id":"https:\/\/ilcrogiuolo.it\/it\/p\/tarocchi-di-marsiglia-22-carte\/","url":"https:\/\/ilcrogiuolo.it\/it\/p\/tarocchi-di-marsiglia-22-carte\/","name":"TAROCCHI DI MARSIGLIA 22 CARTE - Il Crogiuolo","isPartOf":{"@id":"https:\/\/ilcrogiuolo.it\/it\/#website"},"primaryImageOfPage":{"@id":"https:\/\/ilcrogiuolo.it\/it\/p\/tarocchi-di-marsiglia-22-carte\/#primaryimage"},"image":{"@id":"https:\/\/ilcrogiuolo.it\/it\/p\/tarocchi-di-marsiglia-22-carte\/#primaryimage"},"thumbnailUrl":"https:\/\/ilcrogiuolo.it\/wp-content\/uploads\/2020\/01\/marseille-tarot-tarocco-di-.jpg","datePublished":"2020-01-14T16:05:21+00:00","dateModified":"2022-02-01T12:39:50+00:00","description":"TAROCCHI DI MARSIGLIA 22 CARTE \u00c8 il mazzo di Tarocchi per eccellenza, il pi\u00f9 famoso e il pi\u00f9 noto anche a chi non conosce la storia di queste magiche carte. Un mazzo essenziale ma non","breadcrumb":{"@id":"https:\/\/ilcrogiuolo.it\/it\/p\/tarocchi-di-marsiglia-22-carte\/#breadcrumb"},"inLanguage":"it-IT","potentialAction":[{"@type":"ReadAction","target":["https:\/\/ilcrogiuolo.it\/it\/p\/tarocchi-di-marsiglia-22-carte\/"]}]},{"@type":"ImageObject","inLanguage":"it-IT","@id":"https:\/\/ilcrogiuolo.it\/it\/p\/tarocchi-di-marsiglia-22-carte\/#primaryimage","url":"https:\/\/ilcrogiuolo.it\/wp-content\/uploads\/2020\/01\/marseille-tarot-tarocco-di-.jpg","contentUrl":"https:\/\/ilcrogiuolo.it\/wp-content\/uploads\/2020\/01\/marseille-tarot-tarocco-di-.jpg","width":627,"height":600},{"@type":"BreadcrumbList","@id":"https:\/\/ilcrogiuolo.it\/it\/p\/tarocchi-di-marsiglia-22-carte\/#breadcrumb","itemListElement":[{"@type":"ListItem","position":1,"name":"Home","item":"https:\/\/ilcrogiuolo.it\/it\/"},{"@type":"ListItem","position":2,"name":"Shop","item":"https:\/\/ilcrogiuolo.it\/it\/negozio\/"},{"@type":"ListItem","position":3,"name":"TAROCCHI DI MARSIGLIA 22 CARTE"}]},{"@type":"WebSite","@id":"https:\/\/ilcrogiuolo.it\/it\/#website","url":"https:\/\/ilcrogiuolo.it\/it\/","name":"Il Crogiuolo","description":"","publisher":{"@id":"https:\/\/ilcrogiuolo.it\/it\/#organization"},"potentialAction":[{"@type":"SearchAction","target":{"@type":"EntryPoint","urlTemplate":"https:\/\/ilcrogiuolo.it\/it\/?s={search_term_string}"},"query-input":{"@type":"PropertyValueSpecification","valueRequired":true,"valueName":"search_term_string"}}],"inLanguage":"it-IT"},{"@type":"Organization","@id":"https:\/\/ilcrogiuolo.it\/it\/#organization","name":"Il Crogiuolo","url":"https:\/\/ilcrogiuolo.it\/it\/","logo":{"@type":"ImageObject","inLanguage":"it-IT","@id":"https:\/\/ilcrogiuolo.it\/it\/#\/schema\/logo\/image\/","url":"https:\/\/ilcrogiuolo.it\/wp-content\/uploads\/2020\/04\/logo.png","contentUrl":"https:\/\/ilcrogiuolo.it\/wp-content\/uploads\/2020\/04\/logo.png","width":200,"height":49,"caption":"Il Crogiuolo"},"image":{"@id":"https:\/\/ilcrogiuolo.it\/it\/#\/schema\/logo\/image\/"},"sameAs":["https:\/\/www.facebook.com\/Il-Crogiuolo-681876418491758"]}]}},"_links":{"self":[{"href":"https:\/\/ilcrogiuolo.it\/it\/wp-json\/wp\/v2\/product\/2656","targetHints":{"allow":["GET"]}}],"collection":[{"href":"https:\/\/ilcrogiuolo.it\/it\/wp-json\/wp\/v2\/product"}],"about":[{"href":"https:\/\/ilcrogiuolo.it\/it\/wp-json\/wp\/v2\/types\/product"}],"wp:featuredmedia":[{"embeddable":true,"href":"https:\/\/ilcrogiuolo.it\/it\/wp-json\/wp\/v2\/media\/24162"}],"wp:attachment":[{"href":"https:\/\/ilcrogiuolo.it\/it\/wp-json\/wp\/v2\/media?parent=2656"}],"wp:term":[{"taxonomy":"product_brand","embeddable":true,"href":"https:\/\/ilcrogiuolo.it\/it\/wp-json\/wp\/v2\/product_brand?post=2656"},{"taxonomy":"product_cat","embeddable":true,"href":"https:\/\/ilcrogiuolo.it\/it\/wp-json\/wp\/v2\/product_cat?post=2656"},{"taxonomy":"product_tag","embeddable":true,"href":"https:\/\/ilcrogiuolo.it\/it\/wp-json\/wp\/v2\/product_tag?post=2656"}],"curies":[{"name":"wp","href":"https:\/\/api.w.org\/{rel}","templated":true}]}}