{"id":2646,"date":"2020-01-14T17:05:18","date_gmt":"2020-01-14T16:05:18","guid":{"rendered":"https:\/\/ilcrogiuolo.it\/p\/jogo-dos-buzios-oracolo-a-quattro-conchiglie\/"},"modified":"2020-02-06T15:33:00","modified_gmt":"2020-02-06T14:33:00","slug":"jogo-dos-buzios-oracolo-a-quattro-conchiglie","status":"publish","type":"product","link":"https:\/\/ilcrogiuolo.it\/it\/p\/jogo-dos-buzios-oracolo-a-quattro-conchiglie\/","title":{"rendered":"Jogo Dos Buzios &#8211; Oracolo a Quattro Conchiglie"},"content":{"rendered":"<p>L\u2019Orix\u00e1 addetto alla divinazione \u00e8 If\u00e1. E\u2019 un Santo molto potente e misterioso la cui cura \u00e8 riservata agli altri gradi sacerdotali. Nella mescolanza sincretica \u00e8 rapportato a San Francesco. Egli \u00e8 la bocca di Dio e parla attraverso le conchiglie divinatorie, i buzios. Secondo una leggenda il primo proprietario delle conchiglie divinatorie fu Xang\u00f4, ma questi era ancora troppo giovane ed irresponsabile per interessarsi a cos\u00ec grandi misteri, cos\u00ec la consegn\u00f2 a If\u00e1 in cambio del dono della danza. La sua parola \u00e8 legge e la sua saggezza infinita. Si dice che If\u00e1 abbia quattro occhi: due restano chiusi durante il giorno e due durante la notte. I comuni mortali non sono in grado di comprendere le sue parole, suo interprete d\u2019onore \u00e8 l\u2019impareggiabile Bar\u00e1Ex\u00fa. Le conchiglie sono il sistema divinatorio pi\u00f9 importante del continente africano.\u00a0 Questo kit \u00e8 composto dalle quattro conchiglie divinatorie (buzios) e da tutti gli strumenti tradizionali per consacrare ed attivare l&#8217;oracolo. E&#8217; accompagnato da dettagliate istruzioni di impiego e consultazione per poter approfittare di questo meraviglioso oracolo tradizionale.<\/p>\n","protected":false},"excerpt":{"rendered":"<p>L\u2019Orix\u00e1 addetto alla divinazione \u00e8 If\u00e1. E\u2019 un Santo molto potente e misterioso la cui cura \u00e8 riservata agli altri&#8230;<\/p>\n","protected":false},"featured_media":2647,"template":"","meta":{"_acf_changed":false},"product_brand":[],"product_cat":[1116,1062,1330],"product_tag":[],"class_list":{"0":"post-2646","1":"product","2":"type-product","3":"status-publish","4":"has-post-thumbnail","6":"product_cat-oracolo-dei-buzios-peneira","7":"product_cat-divinazione","8":"product_cat-divinazione-buzios-paneire","10":"first","11":"instock","12":"taxable","13":"shipping-taxable","14":"purchasable","15":"product-type-simple","16":"add-to-wishlist-before_image"},"acf":[],"yoast_head":"<!-- This site is optimized with the Yoast SEO plugin v26.9 - https:\/\/yoast.com\/product\/yoast-seo-wordpress\/ -->\n<title>Jogo Dos Buzios - Oracolo a Quattro Conchiglie - Il Crogiuolo<\/title>\n<meta name=\"description\" content=\"Jogo Dos Buzios - Oracolo a Quattro Conchiglie L\u2019Orix\u00e1 addetto alla divinazione \u00e8 If\u00e1. E\u2019 un Santo molto potente e misterioso la cui cura \u00e8 riservata agli altri gradi sacerdotali. Nella mescolanza\" \/>\n<meta name=\"robots\" content=\"index, follow, max-snippet:-1, max-image-preview:large, max-video-preview:-1\" \/>\n<link rel=\"canonical\" href=\"https:\/\/ilcrogiuolo.it\/it\/p\/jogo-dos-buzios-oracolo-a-quattro-conchiglie\/\" \/>\n<meta property=\"og:locale\" content=\"it_IT\" \/>\n<meta property=\"og:type\" content=\"article\" \/>\n<meta property=\"og:title\" content=\"Jogo Dos Buzios - Oracolo a Quattro Conchiglie - Il Crogiuolo\" \/>\n<meta property=\"og:description\" content=\"Jogo Dos Buzios - Oracolo a Quattro Conchiglie L\u2019Orix\u00e1 addetto alla divinazione \u00e8 If\u00e1. E\u2019 un Santo molto potente e misterioso la cui cura \u00e8 riservata agli altri gradi sacerdotali. Nella mescolanza\" \/>\n<meta property=\"og:url\" content=\"https:\/\/ilcrogiuolo.it\/it\/p\/jogo-dos-buzios-oracolo-a-quattro-conchiglie\/\" \/>\n<meta property=\"og:site_name\" content=\"Il Crogiuolo\" \/>\n<meta property=\"article:publisher\" content=\"https:\/\/www.facebook.com\/Il-Crogiuolo-681876418491758\" \/>\n<meta property=\"article:modified_time\" content=\"2020-02-06T14:33:00+00:00\" \/>\n<meta property=\"og:image\" content=\"https:\/\/ilcrogiuolo.it\/wp-content\/uploads\/2020\/01\/buzios_3557951.jpg\" \/>\n\t<meta property=\"og:image:width\" content=\"627\" \/>\n\t<meta property=\"og:image:height\" content=\"600\" \/>\n\t<meta property=\"og:image:type\" content=\"image\/jpeg\" \/>\n<meta name=\"twitter:card\" content=\"summary_large_image\" \/>\n<meta name=\"twitter:label1\" content=\"Tempo di lettura stimato\" \/>\n\t<meta name=\"twitter:data1\" content=\"1 minuto\" \/>\n<script type=\"application\/ld+json\" class=\"yoast-schema-graph\">{\"@context\":\"https:\/\/schema.org\",\"@graph\":[{\"@type\":\"WebPage\",\"@id\":\"https:\/\/ilcrogiuolo.it\/it\/p\/jogo-dos-buzios-oracolo-a-quattro-conchiglie\/\",\"url\":\"https:\/\/ilcrogiuolo.it\/it\/p\/jogo-dos-buzios-oracolo-a-quattro-conchiglie\/\",\"name\":\"Jogo Dos Buzios - Oracolo a Quattro Conchiglie - Il Crogiuolo\",\"isPartOf\":{\"@id\":\"https:\/\/ilcrogiuolo.it\/it\/#website\"},\"primaryImageOfPage\":{\"@id\":\"https:\/\/ilcrogiuolo.it\/it\/p\/jogo-dos-buzios-oracolo-a-quattro-conchiglie\/#primaryimage\"},\"image\":{\"@id\":\"https:\/\/ilcrogiuolo.it\/it\/p\/jogo-dos-buzios-oracolo-a-quattro-conchiglie\/#primaryimage\"},\"thumbnailUrl\":\"https:\/\/ilcrogiuolo.it\/wp-content\/uploads\/2020\/01\/buzios_3557951.jpg\",\"datePublished\":\"2020-01-14T16:05:18+00:00\",\"dateModified\":\"2020-02-06T14:33:00+00:00\",\"description\":\"Jogo Dos Buzios - Oracolo a Quattro Conchiglie L\u2019Orix\u00e1 addetto alla divinazione \u00e8 If\u00e1. E\u2019 un Santo molto potente e misterioso la cui cura \u00e8 riservata agli altri gradi sacerdotali. Nella mescolanza\",\"breadcrumb\":{\"@id\":\"https:\/\/ilcrogiuolo.it\/it\/p\/jogo-dos-buzios-oracolo-a-quattro-conchiglie\/#breadcrumb\"},\"inLanguage\":\"it-IT\",\"potentialAction\":[{\"@type\":\"ReadAction\",\"target\":[\"https:\/\/ilcrogiuolo.it\/it\/p\/jogo-dos-buzios-oracolo-a-quattro-conchiglie\/\"]}]},{\"@type\":\"ImageObject\",\"inLanguage\":\"it-IT\",\"@id\":\"https:\/\/ilcrogiuolo.it\/it\/p\/jogo-dos-buzios-oracolo-a-quattro-conchiglie\/#primaryimage\",\"url\":\"https:\/\/ilcrogiuolo.it\/wp-content\/uploads\/2020\/01\/buzios_3557951.jpg\",\"contentUrl\":\"https:\/\/ilcrogiuolo.it\/wp-content\/uploads\/2020\/01\/buzios_3557951.jpg\",\"width\":627,\"height\":600},{\"@type\":\"BreadcrumbList\",\"@id\":\"https:\/\/ilcrogiuolo.it\/it\/p\/jogo-dos-buzios-oracolo-a-quattro-conchiglie\/#breadcrumb\",\"itemListElement\":[{\"@type\":\"ListItem\",\"position\":1,\"name\":\"Home\",\"item\":\"https:\/\/ilcrogiuolo.it\/it\/\"},{\"@type\":\"ListItem\",\"position\":2,\"name\":\"Shop\",\"item\":\"https:\/\/ilcrogiuolo.it\/it\/negozio\/\"},{\"@type\":\"ListItem\",\"position\":3,\"name\":\"Jogo Dos Buzios &#8211; Oracolo a Quattro Conchiglie\"}]},{\"@type\":\"WebSite\",\"@id\":\"https:\/\/ilcrogiuolo.it\/it\/#website\",\"url\":\"https:\/\/ilcrogiuolo.it\/it\/\",\"name\":\"Il Crogiuolo\",\"description\":\"\",\"publisher\":{\"@id\":\"https:\/\/ilcrogiuolo.it\/it\/#organization\"},\"potentialAction\":[{\"@type\":\"SearchAction\",\"target\":{\"@type\":\"EntryPoint\",\"urlTemplate\":\"https:\/\/ilcrogiuolo.it\/it\/?s={search_term_string}\"},\"query-input\":{\"@type\":\"PropertyValueSpecification\",\"valueRequired\":true,\"valueName\":\"search_term_string\"}}],\"inLanguage\":\"it-IT\"},{\"@type\":\"Organization\",\"@id\":\"https:\/\/ilcrogiuolo.it\/it\/#organization\",\"name\":\"Il Crogiuolo\",\"url\":\"https:\/\/ilcrogiuolo.it\/it\/\",\"logo\":{\"@type\":\"ImageObject\",\"inLanguage\":\"it-IT\",\"@id\":\"https:\/\/ilcrogiuolo.it\/it\/#\/schema\/logo\/image\/\",\"url\":\"https:\/\/ilcrogiuolo.it\/wp-content\/uploads\/2020\/04\/logo.png\",\"contentUrl\":\"https:\/\/ilcrogiuolo.it\/wp-content\/uploads\/2020\/04\/logo.png\",\"width\":200,\"height\":49,\"caption\":\"Il Crogiuolo\"},\"image\":{\"@id\":\"https:\/\/ilcrogiuolo.it\/it\/#\/schema\/logo\/image\/\"},\"sameAs\":[\"https:\/\/www.facebook.com\/Il-Crogiuolo-681876418491758\"]}]}<\/script>\n<!-- \/ Yoast SEO plugin. -->","yoast_head_json":{"title":"Jogo Dos Buzios - Oracolo a Quattro Conchiglie - Il Crogiuolo","description":"Jogo Dos Buzios - Oracolo a Quattro Conchiglie L\u2019Orix\u00e1 addetto alla divinazione \u00e8 If\u00e1. E\u2019 un Santo molto potente e misterioso la cui cura \u00e8 riservata agli altri gradi sacerdotali. Nella mescolanza","robots":{"index":"index","follow":"follow","max-snippet":"max-snippet:-1","max-image-preview":"max-image-preview:large","max-video-preview":"max-video-preview:-1"},"canonical":"https:\/\/ilcrogiuolo.it\/it\/p\/jogo-dos-buzios-oracolo-a-quattro-conchiglie\/","og_locale":"it_IT","og_type":"article","og_title":"Jogo Dos Buzios - Oracolo a Quattro Conchiglie - Il Crogiuolo","og_description":"Jogo Dos Buzios - Oracolo a Quattro Conchiglie L\u2019Orix\u00e1 addetto alla divinazione \u00e8 If\u00e1. E\u2019 un Santo molto potente e misterioso la cui cura \u00e8 riservata agli altri gradi sacerdotali. Nella mescolanza","og_url":"https:\/\/ilcrogiuolo.it\/it\/p\/jogo-dos-buzios-oracolo-a-quattro-conchiglie\/","og_site_name":"Il Crogiuolo","article_publisher":"https:\/\/www.facebook.com\/Il-Crogiuolo-681876418491758","article_modified_time":"2020-02-06T14:33:00+00:00","og_image":[{"width":627,"height":600,"url":"https:\/\/ilcrogiuolo.it\/wp-content\/uploads\/2020\/01\/buzios_3557951.jpg","type":"image\/jpeg"}],"twitter_card":"summary_large_image","twitter_misc":{"Tempo di lettura stimato":"1 minuto"},"schema":{"@context":"https:\/\/schema.org","@graph":[{"@type":"WebPage","@id":"https:\/\/ilcrogiuolo.it\/it\/p\/jogo-dos-buzios-oracolo-a-quattro-conchiglie\/","url":"https:\/\/ilcrogiuolo.it\/it\/p\/jogo-dos-buzios-oracolo-a-quattro-conchiglie\/","name":"Jogo Dos Buzios - Oracolo a Quattro Conchiglie - Il Crogiuolo","isPartOf":{"@id":"https:\/\/ilcrogiuolo.it\/it\/#website"},"primaryImageOfPage":{"@id":"https:\/\/ilcrogiuolo.it\/it\/p\/jogo-dos-buzios-oracolo-a-quattro-conchiglie\/#primaryimage"},"image":{"@id":"https:\/\/ilcrogiuolo.it\/it\/p\/jogo-dos-buzios-oracolo-a-quattro-conchiglie\/#primaryimage"},"thumbnailUrl":"https:\/\/ilcrogiuolo.it\/wp-content\/uploads\/2020\/01\/buzios_3557951.jpg","datePublished":"2020-01-14T16:05:18+00:00","dateModified":"2020-02-06T14:33:00+00:00","description":"Jogo Dos Buzios - Oracolo a Quattro Conchiglie L\u2019Orix\u00e1 addetto alla divinazione \u00e8 If\u00e1. E\u2019 un Santo molto potente e misterioso la cui cura \u00e8 riservata agli altri gradi sacerdotali. Nella mescolanza","breadcrumb":{"@id":"https:\/\/ilcrogiuolo.it\/it\/p\/jogo-dos-buzios-oracolo-a-quattro-conchiglie\/#breadcrumb"},"inLanguage":"it-IT","potentialAction":[{"@type":"ReadAction","target":["https:\/\/ilcrogiuolo.it\/it\/p\/jogo-dos-buzios-oracolo-a-quattro-conchiglie\/"]}]},{"@type":"ImageObject","inLanguage":"it-IT","@id":"https:\/\/ilcrogiuolo.it\/it\/p\/jogo-dos-buzios-oracolo-a-quattro-conchiglie\/#primaryimage","url":"https:\/\/ilcrogiuolo.it\/wp-content\/uploads\/2020\/01\/buzios_3557951.jpg","contentUrl":"https:\/\/ilcrogiuolo.it\/wp-content\/uploads\/2020\/01\/buzios_3557951.jpg","width":627,"height":600},{"@type":"BreadcrumbList","@id":"https:\/\/ilcrogiuolo.it\/it\/p\/jogo-dos-buzios-oracolo-a-quattro-conchiglie\/#breadcrumb","itemListElement":[{"@type":"ListItem","position":1,"name":"Home","item":"https:\/\/ilcrogiuolo.it\/it\/"},{"@type":"ListItem","position":2,"name":"Shop","item":"https:\/\/ilcrogiuolo.it\/it\/negozio\/"},{"@type":"ListItem","position":3,"name":"Jogo Dos Buzios &#8211; Oracolo a Quattro Conchiglie"}]},{"@type":"WebSite","@id":"https:\/\/ilcrogiuolo.it\/it\/#website","url":"https:\/\/ilcrogiuolo.it\/it\/","name":"Il Crogiuolo","description":"","publisher":{"@id":"https:\/\/ilcrogiuolo.it\/it\/#organization"},"potentialAction":[{"@type":"SearchAction","target":{"@type":"EntryPoint","urlTemplate":"https:\/\/ilcrogiuolo.it\/it\/?s={search_term_string}"},"query-input":{"@type":"PropertyValueSpecification","valueRequired":true,"valueName":"search_term_string"}}],"inLanguage":"it-IT"},{"@type":"Organization","@id":"https:\/\/ilcrogiuolo.it\/it\/#organization","name":"Il Crogiuolo","url":"https:\/\/ilcrogiuolo.it\/it\/","logo":{"@type":"ImageObject","inLanguage":"it-IT","@id":"https:\/\/ilcrogiuolo.it\/it\/#\/schema\/logo\/image\/","url":"https:\/\/ilcrogiuolo.it\/wp-content\/uploads\/2020\/04\/logo.png","contentUrl":"https:\/\/ilcrogiuolo.it\/wp-content\/uploads\/2020\/04\/logo.png","width":200,"height":49,"caption":"Il Crogiuolo"},"image":{"@id":"https:\/\/ilcrogiuolo.it\/it\/#\/schema\/logo\/image\/"},"sameAs":["https:\/\/www.facebook.com\/Il-Crogiuolo-681876418491758"]}]}},"_links":{"self":[{"href":"https:\/\/ilcrogiuolo.it\/it\/wp-json\/wp\/v2\/product\/2646","targetHints":{"allow":["GET"]}}],"collection":[{"href":"https:\/\/ilcrogiuolo.it\/it\/wp-json\/wp\/v2\/product"}],"about":[{"href":"https:\/\/ilcrogiuolo.it\/it\/wp-json\/wp\/v2\/types\/product"}],"wp:featuredmedia":[{"embeddable":true,"href":"https:\/\/ilcrogiuolo.it\/it\/wp-json\/wp\/v2\/media\/2647"}],"wp:attachment":[{"href":"https:\/\/ilcrogiuolo.it\/it\/wp-json\/wp\/v2\/media?parent=2646"}],"wp:term":[{"taxonomy":"product_brand","embeddable":true,"href":"https:\/\/ilcrogiuolo.it\/it\/wp-json\/wp\/v2\/product_brand?post=2646"},{"taxonomy":"product_cat","embeddable":true,"href":"https:\/\/ilcrogiuolo.it\/it\/wp-json\/wp\/v2\/product_cat?post=2646"},{"taxonomy":"product_tag","embeddable":true,"href":"https:\/\/ilcrogiuolo.it\/it\/wp-json\/wp\/v2\/product_tag?post=2646"}],"curies":[{"name":"wp","href":"https:\/\/api.w.org\/{rel}","templated":true}]}}