{"id":2640,"date":"2020-01-14T17:05:18","date_gmt":"2020-01-14T16:05:18","guid":{"rendered":"https:\/\/ilcrogiuolo.it\/p\/sangue-di-pomba-gira-olio\/"},"modified":"2020-12-10T11:59:55","modified_gmt":"2020-12-10T10:59:55","slug":"sangue-di-pomba-gira-olio","status":"publish","type":"product","link":"https:\/\/ilcrogiuolo.it\/it\/p\/sangue-di-pomba-gira-olio\/","title":{"rendered":"Sangue di Pomba Gira &#8211; Olio"},"content":{"rendered":"<p>Nelle tradizioni di origine africana il concetto di sessualit\u00e0 \u00e8 svincolato dall\u2019idea di peccato, non viene visto come qualcosa di sporco o di negativo. Ogni Orix\u00e0 e ogni entit\u00e0 cultuata ha un suo modo di vivere ed esprimere la sessualit\u00e0 e numerosi sono i racconti che descrivono il loro modo di sentire il sesso, tuttavia \u00e8 Pomba Gira l\u2019entit\u00e0 che maggiormente riassume ed interpreta le molteplici categorie del sessuale. Pomba Gira non \u00e8 propriamente un Orix\u00e0, \u00e8 una figura tipicamente brasiliana, dal momento che in Africa non la troviamo. Il nome deriva dal termine Bombonjiro, che significa in bantu spirito degli incroci. Nel mito \u00e8 considerata la compagna di Ex\u00f9, o volendo un Ex\u00f9 femmina. Ex\u00f9 e Pomba Gira sono le uniche divinit\u00e0 prese in considerazione dal culto Quimbanda. Il campo d\u2019azione di Pomba Gira verte soprattutto in ambito sessuale, a livello di attrazione, di conquista. Il SANGUE DE POMBA GIRA \u00e8, secondo quello che si tramanda, un olio spirituale megnetizzato e consacrato secondo\u00a0il rituale Quimbanda per scatenare la forza e l\u2019energia di questa poderosa entit\u00e0 spirituale e di tutta la sua falange. Si impiega tradizionalmente per evocare l\u2019ax\u00e8 di Pomba Gira e lavora solo e unicamente in rituali dedicati a questa entit\u00e0. Si utilizza il SANGUE DE POMBAGIRA, nella tradizione, per conquistare sessualmente una persona, per attrarre a se a livello sessuale, per sedurre e vincere ogni resistenza del partner, dal momento che la sua composizione risveglia, secondo quello che viene tramandato, in maniera improvvisa il chakra Kundalini. L\u2019uomo meno caloroso e la donna pi\u00f9 frigida saranno trasformati, grazie all\u2019ax\u00e8 di Pomba Gira, in disinibiti amanti, disponibili a concedere i loro favori amorosi. Nel mito Pomba Gira \u00e8 chiamata la Donna dai Sette Mariti, a causa del suo incredibile appetito sessuale, per questo \u00e8 considerata anche la patrona delle cortigiane, delle prostitute e di tutte quelle persone che si guadagnano il pane col sudore del proprio corpo.<\/p>\n","protected":false},"excerpt":{"rendered":"<p>Nelle tradizioni di origine africana il concetto di sessualit\u00e0 \u00e8 svincolato dall\u2019idea di peccato, non viene visto come qualcosa di&#8230;<\/p>\n","protected":false},"featured_media":2641,"template":"","meta":{"_acf_changed":false},"product_brand":[],"product_cat":[1090,1059,1331],"product_tag":[],"class_list":{"0":"post-2640","1":"product","2":"type-product","3":"status-publish","4":"has-post-thumbnail","6":"product_cat-bagni-esoterici-e-liquidi-lustrali-saponette","7":"product_cat-articoli-esoterici","8":"product_cat-olii-rituali-degli-orixas-exus-aceites","10":"first","11":"instock","12":"taxable","13":"shipping-taxable","14":"purchasable","15":"product-type-simple","16":"add-to-wishlist-before_image"},"acf":[],"yoast_head":"<!-- This site is optimized with the Yoast SEO plugin v26.9 - https:\/\/yoast.com\/product\/yoast-seo-wordpress\/ -->\n<title>Sangue di Pomba Gira - Olio - Il Crogiuolo<\/title>\n<meta name=\"description\" content=\"Sangue di Pomba Gira - Olio Nelle tradizioni di origine africana il concetto di sessualit\u00e0 \u00e8 svincolato dall\u2019idea di peccato, non viene visto come qualcosa di sporco o di negativo.\" \/>\n<meta name=\"robots\" content=\"index, follow, max-snippet:-1, max-image-preview:large, max-video-preview:-1\" \/>\n<link rel=\"canonical\" href=\"https:\/\/ilcrogiuolo.it\/it\/p\/sangue-di-pomba-gira-olio\/\" \/>\n<meta property=\"og:locale\" content=\"it_IT\" \/>\n<meta property=\"og:type\" content=\"article\" \/>\n<meta property=\"og:title\" content=\"Sangue di Pomba Gira - Olio - Il Crogiuolo\" \/>\n<meta property=\"og:description\" content=\"Sangue di Pomba Gira - Olio Nelle tradizioni di origine africana il concetto di sessualit\u00e0 \u00e8 svincolato dall\u2019idea di peccato, non viene visto come qualcosa di sporco o di negativo.\" \/>\n<meta property=\"og:url\" content=\"https:\/\/ilcrogiuolo.it\/it\/p\/sangue-di-pomba-gira-olio\/\" \/>\n<meta property=\"og:site_name\" content=\"Il Crogiuolo\" \/>\n<meta property=\"article:publisher\" content=\"https:\/\/www.facebook.com\/Il-Crogiuolo-681876418491758\" \/>\n<meta property=\"article:modified_time\" content=\"2020-12-10T10:59:55+00:00\" \/>\n<meta property=\"og:image\" content=\"https:\/\/ilcrogiuolo.it\/wp-content\/uploads\/2020\/01\/sanguedipombagiraoliooriginale_6007651.jpg\" \/>\n\t<meta property=\"og:image:width\" content=\"627\" \/>\n\t<meta property=\"og:image:height\" content=\"600\" \/>\n\t<meta property=\"og:image:type\" content=\"image\/jpeg\" \/>\n<meta name=\"twitter:card\" content=\"summary_large_image\" \/>\n<meta name=\"twitter:label1\" content=\"Tempo di lettura stimato\" \/>\n\t<meta name=\"twitter:data1\" content=\"2 minuti\" \/>\n<script type=\"application\/ld+json\" class=\"yoast-schema-graph\">{\"@context\":\"https:\/\/schema.org\",\"@graph\":[{\"@type\":\"WebPage\",\"@id\":\"https:\/\/ilcrogiuolo.it\/it\/p\/sangue-di-pomba-gira-olio\/\",\"url\":\"https:\/\/ilcrogiuolo.it\/it\/p\/sangue-di-pomba-gira-olio\/\",\"name\":\"Sangue di Pomba Gira - Olio - Il Crogiuolo\",\"isPartOf\":{\"@id\":\"https:\/\/ilcrogiuolo.it\/it\/#website\"},\"primaryImageOfPage\":{\"@id\":\"https:\/\/ilcrogiuolo.it\/it\/p\/sangue-di-pomba-gira-olio\/#primaryimage\"},\"image\":{\"@id\":\"https:\/\/ilcrogiuolo.it\/it\/p\/sangue-di-pomba-gira-olio\/#primaryimage\"},\"thumbnailUrl\":\"https:\/\/ilcrogiuolo.it\/wp-content\/uploads\/2020\/01\/sanguedipombagiraoliooriginale_6007651.jpg\",\"datePublished\":\"2020-01-14T16:05:18+00:00\",\"dateModified\":\"2020-12-10T10:59:55+00:00\",\"description\":\"Sangue di Pomba Gira - Olio Nelle tradizioni di origine africana il concetto di sessualit\u00e0 \u00e8 svincolato dall\u2019idea di peccato, non viene visto come qualcosa di sporco o di negativo.\",\"breadcrumb\":{\"@id\":\"https:\/\/ilcrogiuolo.it\/it\/p\/sangue-di-pomba-gira-olio\/#breadcrumb\"},\"inLanguage\":\"it-IT\",\"potentialAction\":[{\"@type\":\"ReadAction\",\"target\":[\"https:\/\/ilcrogiuolo.it\/it\/p\/sangue-di-pomba-gira-olio\/\"]}]},{\"@type\":\"ImageObject\",\"inLanguage\":\"it-IT\",\"@id\":\"https:\/\/ilcrogiuolo.it\/it\/p\/sangue-di-pomba-gira-olio\/#primaryimage\",\"url\":\"https:\/\/ilcrogiuolo.it\/wp-content\/uploads\/2020\/01\/sanguedipombagiraoliooriginale_6007651.jpg\",\"contentUrl\":\"https:\/\/ilcrogiuolo.it\/wp-content\/uploads\/2020\/01\/sanguedipombagiraoliooriginale_6007651.jpg\",\"width\":627,\"height\":600},{\"@type\":\"BreadcrumbList\",\"@id\":\"https:\/\/ilcrogiuolo.it\/it\/p\/sangue-di-pomba-gira-olio\/#breadcrumb\",\"itemListElement\":[{\"@type\":\"ListItem\",\"position\":1,\"name\":\"Home\",\"item\":\"https:\/\/ilcrogiuolo.it\/it\/\"},{\"@type\":\"ListItem\",\"position\":2,\"name\":\"Shop\",\"item\":\"https:\/\/ilcrogiuolo.it\/it\/negozio\/\"},{\"@type\":\"ListItem\",\"position\":3,\"name\":\"Sangue di Pomba Gira &#8211; Olio\"}]},{\"@type\":\"WebSite\",\"@id\":\"https:\/\/ilcrogiuolo.it\/it\/#website\",\"url\":\"https:\/\/ilcrogiuolo.it\/it\/\",\"name\":\"Il Crogiuolo\",\"description\":\"\",\"publisher\":{\"@id\":\"https:\/\/ilcrogiuolo.it\/it\/#organization\"},\"potentialAction\":[{\"@type\":\"SearchAction\",\"target\":{\"@type\":\"EntryPoint\",\"urlTemplate\":\"https:\/\/ilcrogiuolo.it\/it\/?s={search_term_string}\"},\"query-input\":{\"@type\":\"PropertyValueSpecification\",\"valueRequired\":true,\"valueName\":\"search_term_string\"}}],\"inLanguage\":\"it-IT\"},{\"@type\":\"Organization\",\"@id\":\"https:\/\/ilcrogiuolo.it\/it\/#organization\",\"name\":\"Il Crogiuolo\",\"url\":\"https:\/\/ilcrogiuolo.it\/it\/\",\"logo\":{\"@type\":\"ImageObject\",\"inLanguage\":\"it-IT\",\"@id\":\"https:\/\/ilcrogiuolo.it\/it\/#\/schema\/logo\/image\/\",\"url\":\"https:\/\/ilcrogiuolo.it\/wp-content\/uploads\/2020\/04\/logo.png\",\"contentUrl\":\"https:\/\/ilcrogiuolo.it\/wp-content\/uploads\/2020\/04\/logo.png\",\"width\":200,\"height\":49,\"caption\":\"Il Crogiuolo\"},\"image\":{\"@id\":\"https:\/\/ilcrogiuolo.it\/it\/#\/schema\/logo\/image\/\"},\"sameAs\":[\"https:\/\/www.facebook.com\/Il-Crogiuolo-681876418491758\"]}]}<\/script>\n<!-- \/ Yoast SEO plugin. -->","yoast_head_json":{"title":"Sangue di Pomba Gira - Olio - Il Crogiuolo","description":"Sangue di Pomba Gira - Olio Nelle tradizioni di origine africana il concetto di sessualit\u00e0 \u00e8 svincolato dall\u2019idea di peccato, non viene visto come qualcosa di sporco o di negativo.","robots":{"index":"index","follow":"follow","max-snippet":"max-snippet:-1","max-image-preview":"max-image-preview:large","max-video-preview":"max-video-preview:-1"},"canonical":"https:\/\/ilcrogiuolo.it\/it\/p\/sangue-di-pomba-gira-olio\/","og_locale":"it_IT","og_type":"article","og_title":"Sangue di Pomba Gira - Olio - Il Crogiuolo","og_description":"Sangue di Pomba Gira - Olio Nelle tradizioni di origine africana il concetto di sessualit\u00e0 \u00e8 svincolato dall\u2019idea di peccato, non viene visto come qualcosa di sporco o di negativo.","og_url":"https:\/\/ilcrogiuolo.it\/it\/p\/sangue-di-pomba-gira-olio\/","og_site_name":"Il Crogiuolo","article_publisher":"https:\/\/www.facebook.com\/Il-Crogiuolo-681876418491758","article_modified_time":"2020-12-10T10:59:55+00:00","og_image":[{"width":627,"height":600,"url":"https:\/\/ilcrogiuolo.it\/wp-content\/uploads\/2020\/01\/sanguedipombagiraoliooriginale_6007651.jpg","type":"image\/jpeg"}],"twitter_card":"summary_large_image","twitter_misc":{"Tempo di lettura stimato":"2 minuti"},"schema":{"@context":"https:\/\/schema.org","@graph":[{"@type":"WebPage","@id":"https:\/\/ilcrogiuolo.it\/it\/p\/sangue-di-pomba-gira-olio\/","url":"https:\/\/ilcrogiuolo.it\/it\/p\/sangue-di-pomba-gira-olio\/","name":"Sangue di Pomba Gira - Olio - Il Crogiuolo","isPartOf":{"@id":"https:\/\/ilcrogiuolo.it\/it\/#website"},"primaryImageOfPage":{"@id":"https:\/\/ilcrogiuolo.it\/it\/p\/sangue-di-pomba-gira-olio\/#primaryimage"},"image":{"@id":"https:\/\/ilcrogiuolo.it\/it\/p\/sangue-di-pomba-gira-olio\/#primaryimage"},"thumbnailUrl":"https:\/\/ilcrogiuolo.it\/wp-content\/uploads\/2020\/01\/sanguedipombagiraoliooriginale_6007651.jpg","datePublished":"2020-01-14T16:05:18+00:00","dateModified":"2020-12-10T10:59:55+00:00","description":"Sangue di Pomba Gira - Olio Nelle tradizioni di origine africana il concetto di sessualit\u00e0 \u00e8 svincolato dall\u2019idea di peccato, non viene visto come qualcosa di sporco o di negativo.","breadcrumb":{"@id":"https:\/\/ilcrogiuolo.it\/it\/p\/sangue-di-pomba-gira-olio\/#breadcrumb"},"inLanguage":"it-IT","potentialAction":[{"@type":"ReadAction","target":["https:\/\/ilcrogiuolo.it\/it\/p\/sangue-di-pomba-gira-olio\/"]}]},{"@type":"ImageObject","inLanguage":"it-IT","@id":"https:\/\/ilcrogiuolo.it\/it\/p\/sangue-di-pomba-gira-olio\/#primaryimage","url":"https:\/\/ilcrogiuolo.it\/wp-content\/uploads\/2020\/01\/sanguedipombagiraoliooriginale_6007651.jpg","contentUrl":"https:\/\/ilcrogiuolo.it\/wp-content\/uploads\/2020\/01\/sanguedipombagiraoliooriginale_6007651.jpg","width":627,"height":600},{"@type":"BreadcrumbList","@id":"https:\/\/ilcrogiuolo.it\/it\/p\/sangue-di-pomba-gira-olio\/#breadcrumb","itemListElement":[{"@type":"ListItem","position":1,"name":"Home","item":"https:\/\/ilcrogiuolo.it\/it\/"},{"@type":"ListItem","position":2,"name":"Shop","item":"https:\/\/ilcrogiuolo.it\/it\/negozio\/"},{"@type":"ListItem","position":3,"name":"Sangue di Pomba Gira &#8211; Olio"}]},{"@type":"WebSite","@id":"https:\/\/ilcrogiuolo.it\/it\/#website","url":"https:\/\/ilcrogiuolo.it\/it\/","name":"Il Crogiuolo","description":"","publisher":{"@id":"https:\/\/ilcrogiuolo.it\/it\/#organization"},"potentialAction":[{"@type":"SearchAction","target":{"@type":"EntryPoint","urlTemplate":"https:\/\/ilcrogiuolo.it\/it\/?s={search_term_string}"},"query-input":{"@type":"PropertyValueSpecification","valueRequired":true,"valueName":"search_term_string"}}],"inLanguage":"it-IT"},{"@type":"Organization","@id":"https:\/\/ilcrogiuolo.it\/it\/#organization","name":"Il Crogiuolo","url":"https:\/\/ilcrogiuolo.it\/it\/","logo":{"@type":"ImageObject","inLanguage":"it-IT","@id":"https:\/\/ilcrogiuolo.it\/it\/#\/schema\/logo\/image\/","url":"https:\/\/ilcrogiuolo.it\/wp-content\/uploads\/2020\/04\/logo.png","contentUrl":"https:\/\/ilcrogiuolo.it\/wp-content\/uploads\/2020\/04\/logo.png","width":200,"height":49,"caption":"Il Crogiuolo"},"image":{"@id":"https:\/\/ilcrogiuolo.it\/it\/#\/schema\/logo\/image\/"},"sameAs":["https:\/\/www.facebook.com\/Il-Crogiuolo-681876418491758"]}]}},"_links":{"self":[{"href":"https:\/\/ilcrogiuolo.it\/it\/wp-json\/wp\/v2\/product\/2640","targetHints":{"allow":["GET"]}}],"collection":[{"href":"https:\/\/ilcrogiuolo.it\/it\/wp-json\/wp\/v2\/product"}],"about":[{"href":"https:\/\/ilcrogiuolo.it\/it\/wp-json\/wp\/v2\/types\/product"}],"wp:featuredmedia":[{"embeddable":true,"href":"https:\/\/ilcrogiuolo.it\/it\/wp-json\/wp\/v2\/media\/2641"}],"wp:attachment":[{"href":"https:\/\/ilcrogiuolo.it\/it\/wp-json\/wp\/v2\/media?parent=2640"}],"wp:term":[{"taxonomy":"product_brand","embeddable":true,"href":"https:\/\/ilcrogiuolo.it\/it\/wp-json\/wp\/v2\/product_brand?post=2640"},{"taxonomy":"product_cat","embeddable":true,"href":"https:\/\/ilcrogiuolo.it\/it\/wp-json\/wp\/v2\/product_cat?post=2640"},{"taxonomy":"product_tag","embeddable":true,"href":"https:\/\/ilcrogiuolo.it\/it\/wp-json\/wp\/v2\/product_tag?post=2640"}],"curies":[{"name":"wp","href":"https:\/\/api.w.org\/{rel}","templated":true}]}}